{"id":18991,"date":"2026-01-22T20:42:57","date_gmt":"2026-01-22T18:42:57","guid":{"rendered":"https:\/\/mekulo.com\/dk\/produkt\/haandvaerkssaet-til-venskabsarmbaand\/"},"modified":"2026-02-03T17:18:03","modified_gmt":"2026-02-03T15:18:03","slug":"haandvaerkssaet-til-venskabsarmbaand","status":"publish","type":"product","link":"https:\/\/mekulo.com\/dk\/produkt\/haandvaerkssaet-til-venskabsarmbaand\/","title":{"rendered":"H\u00e5ndv\u00e6rkss\u00e6t til venskabsarmb\u00e5nd"},"content":{"rendered":"<div class=\"flex flex-col text-sm pb-25\">\n<article class=\"text-token-text-primary w-full focus:outline-none [--shadow-height:45px] has-data-writing-block:pointer-events-none has-data-writing-block:-mt-(--shadow-height) has-data-writing-block:pt-(--shadow-height) [&amp;:has([data-writing-block])&gt;*]:pointer-events-auto scroll-mt-[calc(var(--header-height)+min(200px,max(70px,20svh)))]\" dir=\"auto\" data-turn-id=\"request-6967c1f1-7850-8327-b867-fefbba98715c-6\" data-testid=\"conversation-turn-68\" data-scroll-anchor=\"true\" data-turn=\"assistant\">\n<div class=\"text-base my-auto mx-auto pb-10 [--thread-content-margin:--spacing(4)] @w-sm\/main:[--thread-content-margin:--spacing(6)] @w-lg\/main:[--thread-content-margin:--spacing(16)] px-(--thread-content-margin)\">\n<div class=\"[--thread-content-max-width:40rem] @w-lg\/main:[--thread-content-max-width:48rem] mx-auto max-w-(--thread-content-max-width) flex-1 group\/turn-messages focus-visible:outline-hidden relative flex w-full min-w-0 flex-col agent-turn\">\n<div class=\"flex max-w-full flex-col grow\">\n<div class=\"min-h-8 text-message relative flex w-full flex-col items-end gap-2 text-start break-words whitespace-normal [.text-message+&amp;]:mt-1\" dir=\"auto\" data-message-author-role=\"assistant\" data-message-id=\"82d5bb7a-c718-4c34-a64d-bc2f53991739\" data-message-model-slug=\"gpt-5-2\">\n<div class=\"flex w-full flex-col gap-1 empty:hidden first:pt-[1px]\">\n<div class=\"markdown prose dark:prose-invert w-full break-words light markdown-new-styling\">\n<p style=\"text-align: center\" data-start=\"0\" data-end=\"75\"><strong data-start=\"0\" data-end=\"75\">Lav Farverige Venskabsarmb\u00e5nd, Mens Du \u00d8ger Kreativiteten Og Hyggen. \ud83d\udc65<\/strong><\/p>\n<p data-start=\"0\" data-end=\"75\"><img decoding=\"async\" class=\"size-full wp-image-21061 aligncenter\" src=\"https:\/\/mekulo.com\/template\/wp-content\/uploads\/sites\/6\/2026\/01\/746097e795a7bf853821dbe4edd3622698f605c8-800.avif\" alt=\"\" \/><\/p>\n<h2 style=\"text-align: center\" data-start=\"327\" data-end=\"347\">Hovedfordele \ud83c\udf08<\/h2>\n<p data-start=\"350\" data-end=\"418\">\u2728 Kreativ armb\u00e5ndsfremstilling \u2013 Design og flet unikke armb\u00e5nd.<\/p>\n<p data-start=\"421\" data-end=\"476\">\ud83c\udfa8 Farvestr\u00e5lende tr\u00e5de \u2013 Sjove farver, som b\u00f8rn elsker.<\/p>\n<p data-start=\"479\" data-end=\"542\">\u270b Forbedrer h\u00e5ndf\u00e6rdigheder \u2013 Opbygger koordination og t\u00e5lmodighed.<\/p>\n<p data-start=\"545\" data-end=\"610\">\ud83e\udde0 Opmuntrer til kreativitet \u2013 Udtryk personlig stil og ideer.<\/p>\n<p data-start=\"613\" data-end=\"677\">\ud83d\udc68\u200d\ud83d\udc69\u200d\ud83d\udc67 Fantastisk til familietid \u2013 Sjov for\u00e6ldre-barn-aktivitet.<\/p>\n<p data-start=\"680\" data-end=\"742\">\ud83c\udf81 Perfekt gave til piger \u2013 L\u00e6rerigt og underholdende.<\/p>\n<p data-start=\"680\" data-end=\"742\"><img decoding=\"async\" class=\"size-full wp-image-21062 aligncenter\" src=\"https:\/\/mekulo.com\/template\/wp-content\/uploads\/sites\/6\/2026\/01\/62dbecdee3b7938c382335b056a70993b78fa000.avif\" alt=\"\" \/><\/p>\n<h2 style=\"text-align: center\" data-start=\"749\" data-end=\"763\">Brugsanvisning \ud83d\udccc<\/h2>\n<ol data-start=\"764\" data-end=\"1031\">\n<li data-start=\"764\" data-end=\"806\">\n<p data-start=\"767\" data-end=\"806\">V\u00e6lg dine yndlingsfarvede tr\u00e5de.<\/p>\n<\/li>\n<li data-start=\"807\" data-end=\"853\">\n<p data-start=\"810\" data-end=\"853\">Placer tr\u00e5dene i flettev\u00e6rkt\u00f8jet.<\/p>\n<\/li>\n<li data-start=\"854\" data-end=\"892\">\n<p data-start=\"857\" data-end=\"892\">F\u00f8lg de enkle flettetrin.<\/p>\n<\/li>\n<li data-start=\"893\" data-end=\"946\">\n<p data-start=\"896\" data-end=\"946\">Forts\u00e6t med at v\u00e6ve, indtil armb\u00e5ndet er f\u00e6rdigt.<\/p>\n<\/li>\n<li data-start=\"947\" data-end=\"988\">\n<p data-start=\"950\" data-end=\"988\">Fastg\u00f8r med et sp\u00e6nde eller en elastik.<\/p>\n<\/li>\n<li data-start=\"989\" data-end=\"1031\">\n<p data-start=\"992\" data-end=\"1031\">B\u00e6r eller del dit h\u00e5ndlavede armb\u00e5nd.<\/p>\n<\/li>\n<\/ol>\n<h2 style=\"text-align: center\" data-start=\"1038\" data-end=\"1057\">Produktdetaljer \ud83d\udccf<\/h2>\n<ul data-start=\"1058\" data-end=\"1272\">\n<li data-start=\"1106\" data-end=\"1141\">\n<p data-start=\"1108\" data-end=\"1141\">Materiale: ABS og bomuldstr\u00e5d<\/p>\n<\/li>\n<li data-start=\"1142\" data-end=\"1186\">\n<p data-start=\"1144\" data-end=\"1186\">Type: Armb\u00e5ndsfletnings- og h\u00e5ndv\u00e6rkss\u00e6t<\/p>\n<\/li>\n<li data-start=\"1187\" data-end=\"1213\">\n<p data-start=\"1189\" data-end=\"1213\">Velegnet til: B\u00f8rn<\/p>\n<\/li>\n<li data-start=\"1214\" data-end=\"1272\">\n<p data-start=\"1216\" data-end=\"1272\">Anvendelse: Armb\u00e5ndsfremstilling, kreativ leg, familieaktiviteter<\/p>\n<\/li>\n<li data-start=\"1214\" data-end=\"1272\">St\u00f8rrelse: 23,8 x 11 x 2,8 cm<\/li>\n<\/ul>\n<h2 style=\"text-align: center\" data-start=\"1279\" data-end=\"1299\">Pakken Indeholder \ud83d\udce6<\/h2>\n<ul data-start=\"1300\" data-end=\"1452\" data-is-last-node=\"\" data-is-only-node=\"\">\n<li data-start=\"1300\" data-end=\"1336\">\n<p data-start=\"1302\" data-end=\"1336\">1x flettev\u00e6rkt\u00f8j<\/p>\n<\/li>\n<li data-start=\"1337\" data-end=\"1384\">\n<p data-start=\"1339\" data-end=\"1384\">10x farvede silketr\u00e5de med 10 korn<\/p>\n<\/li>\n<li data-start=\"1385\" data-end=\"1410\">\n<p data-start=\"1387\" data-end=\"1410\">10x runde sp\u00e6nder<\/p>\n<\/li>\n<li data-start=\"1411\" data-end=\"1435\">\n<p data-start=\"1413\" data-end=\"1435\">10x elastikker<\/p>\n<\/li>\n<li data-start=\"1436\" data-end=\"1452\" data-is-last-node=\"\">\n<p data-start=\"1438\" data-end=\"1452\" data-is-last-node=\"\">1x klisterm\u00e6rke.<\/p>\n<\/li>\n<\/ul>\n<\/div>\n<\/div>\n<\/div>\n<\/div>\n<\/div>\n<\/div>\n<\/article>\n<\/div>\n","protected":false},"excerpt":{"rendered":"<p>\ud83e\uddf5Med dette h\u00e5ndv\u00e6rkss\u00e6t til venskabsarmb\u00e5nd kan b\u00f8rn lave deres egne unikke armb\u00e5nd ved hj\u00e6lp af lyse, sikre tr\u00e5de og et nemt flettev\u00e6rkt\u00f8j.<br \/>\n\ud83e\uddf7Det opmuntrer til kreativitet, forbedrer h\u00e5ndf\u00e6rdigheder og giver en sjov aktivitet til sololeg eller familietid.<br \/>\n\ud83c\udfa8Dette g\u00f8r det til et meningsfuldt og engagerende h\u00e5ndv\u00e6rk, hvor man l\u00e6rer, mens man har det sjovt.<\/p>\n","protected":false},"featured_media":18987,"comment_status":"open","ping_status":"closed","template":"","meta":{"site-sidebar-layout":"default","site-content-layout":"","ast-site-content-layout":"default","site-content-style":"default","site-sidebar-style":"default","ast-global-header-display":"","ast-banner-title-visibility":"","ast-main-header-display":"","ast-hfb-above-header-display":"","ast-hfb-below-header-display":"","ast-hfb-mobile-header-display":"","site-post-title":"","ast-breadcrumbs-content":"","ast-featured-img":"","footer-sml-layout":"","ast-disable-related-posts":"","theme-transparent-header-meta":"default","adv-header-id-meta":"","stick-header-meta":"","header-above-stick-meta":"","header-main-stick-meta":"","header-below-stick-meta":"","astra-migrate-meta-layouts":"set","ast-page-background-enabled":"default","ast-page-background-meta":{"desktop":{"background-color":"var(--ast-global-color-5)","background-image":"","background-repeat":"repeat","background-position":"center center","background-size":"auto","background-attachment":"scroll","background-type":"","background-media":"","overlay-type":"","overlay-color":"","overlay-opacity":"","overlay-gradient":""},"tablet":{"background-color":"","background-image":"","background-repeat":"repeat","background-position":"center center","background-size":"auto","background-attachment":"scroll","background-type":"","background-media":"","overlay-type":"","overlay-color":"","overlay-opacity":"","overlay-gradient":""},"mobile":{"background-color":"","background-image":"","background-repeat":"repeat","background-position":"center center","background-size":"auto","background-attachment":"scroll","background-type":"","background-media":"","overlay-type":"","overlay-color":"","overlay-opacity":"","overlay-gradient":""}},"ast-content-background-meta":{"desktop":{"background-color":"var(--ast-global-color-4)","background-image":"","background-repeat":"repeat","background-position":"center center","background-size":"auto","background-attachment":"scroll","background-type":"","background-media":"","overlay-type":"","overlay-color":"","overlay-opacity":"","overlay-gradient":""},"tablet":{"background-color":"var(--ast-global-color-4)","background-image":"","background-repeat":"repeat","background-position":"center center","background-size":"auto","background-attachment":"scroll","background-type":"","background-media":"","overlay-type":"","overlay-color":"","overlay-opacity":"","overlay-gradient":""},"mobile":{"background-color":"var(--ast-global-color-4)","background-image":"","background-repeat":"repeat","background-position":"center center","background-size":"auto","background-attachment":"scroll","background-type":"","background-media":"","overlay-type":"","overlay-color":"","overlay-opacity":"","overlay-gradient":""}}},"product_brand":[],"product_cat":[172],"product_tag":[],"class_list":{"0":"post-18991","1":"product","2":"type-product","3":"status-publish","4":"has-post-thumbnail","6":"product_cat-legetoej-boerne-og-babyprodukter","7":"pa_50680_z1b6k0zw-lilla","8":"pa_50680_z1b6k0zw-lyseroed","9":"desktop-align-left","10":"tablet-align-left","11":"mobile-align-left","13":"first","14":"instock","15":"shipping-taxable","16":"purchasable","17":"product-type-variable"},"yoast_head":"<!-- This site is optimized with the Yoast SEO plugin v27.4 - https:\/\/yoast.com\/product\/yoast-seo-wordpress\/ -->\n<title>H\u00e5ndv\u00e6rkss\u00e6t til venskabsarmb\u00e5nd - Mekulo DK<\/title>\n<meta name=\"robots\" content=\"index, follow, max-snippet:-1, max-image-preview:large, max-video-preview:-1\" \/>\n<link rel=\"canonical\" href=\"https:\/\/mekulo.com\/dk\/produkt\/haandvaerkssaet-til-venskabsarmbaand\/\" \/>\n<meta property=\"og:locale\" content=\"da_DK\" \/>\n<meta property=\"og:type\" content=\"article\" \/>\n<meta property=\"og:title\" content=\"H\u00e5ndv\u00e6rkss\u00e6t til venskabsarmb\u00e5nd - Mekulo DK\" \/>\n<meta property=\"og:description\" content=\"\ud83e\uddf5Med dette h\u00e5ndv\u00e6rkss\u00e6t til venskabsarmb\u00e5nd kan b\u00f8rn lave deres egne unikke armb\u00e5nd ved hj\u00e6lp af lyse, sikre tr\u00e5de og et nemt flettev\u00e6rkt\u00f8j. \ud83e\uddf7Det opmuntrer til kreativitet, forbedrer h\u00e5ndf\u00e6rdigheder og giver en sjov aktivitet til sololeg eller familietid. \ud83c\udfa8Dette g\u00f8r det til et meningsfuldt og engagerende h\u00e5ndv\u00e6rk, hvor man l\u00e6rer, mens man har det sjovt.\" \/>\n<meta property=\"og:url\" content=\"https:\/\/mekulo.com\/dk\/produkt\/haandvaerkssaet-til-venskabsarmbaand\/\" \/>\n<meta property=\"og:site_name\" content=\"Mekulo DK\" \/>\n<meta property=\"article:modified_time\" content=\"2026-02-03T15:18:03+00:00\" \/>\n<meta property=\"og:image\" content=\"https:\/\/mekulo.com\/dk\/wp-content\/uploads\/sites\/12\/2026\/01\/9bxbzyz-1.jpg\" \/>\n\t<meta property=\"og:image:width\" content=\"1080\" \/>\n\t<meta property=\"og:image:height\" content=\"1080\" \/>\n\t<meta property=\"og:image:type\" content=\"image\/jpeg\" \/>\n<meta name=\"twitter:card\" content=\"summary_large_image\" \/>\n<meta name=\"twitter:label1\" content=\"Estimeret l\u00e6setid\" \/>\n\t<meta name=\"twitter:data1\" content=\"2 minutter\" \/>\n<script type=\"application\/ld+json\" class=\"yoast-schema-graph\">{\"@context\":\"https:\\\/\\\/schema.org\",\"@graph\":[{\"@type\":\"WebPage\",\"@id\":\"https:\\\/\\\/mekulo.com\\\/dk\\\/produkt\\\/haandvaerkssaet-til-venskabsarmbaand\\\/\",\"url\":\"https:\\\/\\\/mekulo.com\\\/dk\\\/produkt\\\/haandvaerkssaet-til-venskabsarmbaand\\\/\",\"name\":\"H\u00e5ndv\u00e6rkss\u00e6t til venskabsarmb\u00e5nd - Mekulo DK\",\"isPartOf\":{\"@id\":\"https:\\\/\\\/mekulo.com\\\/dk\\\/#website\"},\"primaryImageOfPage\":{\"@id\":\"https:\\\/\\\/mekulo.com\\\/dk\\\/produkt\\\/haandvaerkssaet-til-venskabsarmbaand\\\/#primaryimage\"},\"image\":{\"@id\":\"https:\\\/\\\/mekulo.com\\\/dk\\\/produkt\\\/haandvaerkssaet-til-venskabsarmbaand\\\/#primaryimage\"},\"thumbnailUrl\":\"https:\\\/\\\/mekulo.com\\\/dk\\\/wp-content\\\/uploads\\\/sites\\\/12\\\/2026\\\/01\\\/9bxbzyz-1.jpg\",\"datePublished\":\"2026-01-22T18:42:57+00:00\",\"dateModified\":\"2026-02-03T15:18:03+00:00\",\"breadcrumb\":{\"@id\":\"https:\\\/\\\/mekulo.com\\\/dk\\\/produkt\\\/haandvaerkssaet-til-venskabsarmbaand\\\/#breadcrumb\"},\"inLanguage\":\"da-DK\",\"potentialAction\":[{\"@type\":\"ReadAction\",\"target\":[\"https:\\\/\\\/mekulo.com\\\/dk\\\/produkt\\\/haandvaerkssaet-til-venskabsarmbaand\\\/\"]}]},{\"@type\":\"ImageObject\",\"inLanguage\":\"da-DK\",\"@id\":\"https:\\\/\\\/mekulo.com\\\/dk\\\/produkt\\\/haandvaerkssaet-til-venskabsarmbaand\\\/#primaryimage\",\"url\":\"https:\\\/\\\/mekulo.com\\\/dk\\\/wp-content\\\/uploads\\\/sites\\\/12\\\/2026\\\/01\\\/9bxbzyz-1.jpg\",\"contentUrl\":\"https:\\\/\\\/mekulo.com\\\/dk\\\/wp-content\\\/uploads\\\/sites\\\/12\\\/2026\\\/01\\\/9bxbzyz-1.jpg\",\"width\":1080,\"height\":1080},{\"@type\":\"BreadcrumbList\",\"@id\":\"https:\\\/\\\/mekulo.com\\\/dk\\\/produkt\\\/haandvaerkssaet-til-venskabsarmbaand\\\/#breadcrumb\",\"itemListElement\":[{\"@type\":\"ListItem\",\"position\":1,\"name\":\"Home\",\"item\":\"https:\\\/\\\/mekulo.com\\\/dk\\\/\"},{\"@type\":\"ListItem\",\"position\":2,\"name\":\"Butik\",\"item\":\"https:\\\/\\\/mekulo.com\\\/dk\\\/butik\\\/\"},{\"@type\":\"ListItem\",\"position\":3,\"name\":\"H\u00e5ndv\u00e6rkss\u00e6t til venskabsarmb\u00e5nd\"}]},{\"@type\":\"WebSite\",\"@id\":\"https:\\\/\\\/mekulo.com\\\/dk\\\/#website\",\"url\":\"https:\\\/\\\/mekulo.com\\\/dk\\\/\",\"name\":\"Mekulo DK\",\"description\":\"\",\"publisher\":{\"@id\":\"https:\\\/\\\/mekulo.com\\\/dk\\\/#organization\"},\"potentialAction\":[{\"@type\":\"SearchAction\",\"target\":{\"@type\":\"EntryPoint\",\"urlTemplate\":\"https:\\\/\\\/mekulo.com\\\/dk\\\/?s={search_term_string}\"},\"query-input\":{\"@type\":\"PropertyValueSpecification\",\"valueRequired\":true,\"valueName\":\"search_term_string\"}}],\"inLanguage\":\"da-DK\"},{\"@type\":\"Organization\",\"@id\":\"https:\\\/\\\/mekulo.com\\\/dk\\\/#organization\",\"name\":\"Mekulo\",\"url\":\"https:\\\/\\\/mekulo.com\\\/dk\\\/\",\"logo\":{\"@type\":\"ImageObject\",\"inLanguage\":\"da-DK\",\"@id\":\"https:\\\/\\\/mekulo.com\\\/dk\\\/#\\\/schema\\\/logo\\\/image\\\/\",\"url\":\"https:\\\/\\\/mekulo.com\\\/dk\\\/wp-content\\\/uploads\\\/sites\\\/12\\\/2025\\\/12\\\/favicon_mekulo.png\",\"contentUrl\":\"https:\\\/\\\/mekulo.com\\\/dk\\\/wp-content\\\/uploads\\\/sites\\\/12\\\/2025\\\/12\\\/favicon_mekulo.png\",\"width\":50,\"height\":50,\"caption\":\"Mekulo\"},\"image\":{\"@id\":\"https:\\\/\\\/mekulo.com\\\/dk\\\/#\\\/schema\\\/logo\\\/image\\\/\"}}]}<\/script>\n<!-- \/ Yoast SEO plugin. -->","yoast_head_json":{"title":"H\u00e5ndv\u00e6rkss\u00e6t til venskabsarmb\u00e5nd - Mekulo DK","robots":{"index":"index","follow":"follow","max-snippet":"max-snippet:-1","max-image-preview":"max-image-preview:large","max-video-preview":"max-video-preview:-1"},"canonical":"https:\/\/mekulo.com\/dk\/produkt\/haandvaerkssaet-til-venskabsarmbaand\/","og_locale":"da_DK","og_type":"article","og_title":"H\u00e5ndv\u00e6rkss\u00e6t til venskabsarmb\u00e5nd - Mekulo DK","og_description":"\ud83e\uddf5Med dette h\u00e5ndv\u00e6rkss\u00e6t til venskabsarmb\u00e5nd kan b\u00f8rn lave deres egne unikke armb\u00e5nd ved hj\u00e6lp af lyse, sikre tr\u00e5de og et nemt flettev\u00e6rkt\u00f8j. \ud83e\uddf7Det opmuntrer til kreativitet, forbedrer h\u00e5ndf\u00e6rdigheder og giver en sjov aktivitet til sololeg eller familietid. \ud83c\udfa8Dette g\u00f8r det til et meningsfuldt og engagerende h\u00e5ndv\u00e6rk, hvor man l\u00e6rer, mens man har det sjovt.","og_url":"https:\/\/mekulo.com\/dk\/produkt\/haandvaerkssaet-til-venskabsarmbaand\/","og_site_name":"Mekulo DK","article_modified_time":"2026-02-03T15:18:03+00:00","og_image":[{"width":1080,"height":1080,"url":"https:\/\/mekulo.com\/dk\/wp-content\/uploads\/sites\/12\/2026\/01\/9bxbzyz-1.jpg","type":"image\/jpeg"}],"twitter_card":"summary_large_image","twitter_misc":{"Estimeret l\u00e6setid":"2 minutter"},"schema":{"@context":"https:\/\/schema.org","@graph":[{"@type":"WebPage","@id":"https:\/\/mekulo.com\/dk\/produkt\/haandvaerkssaet-til-venskabsarmbaand\/","url":"https:\/\/mekulo.com\/dk\/produkt\/haandvaerkssaet-til-venskabsarmbaand\/","name":"H\u00e5ndv\u00e6rkss\u00e6t til venskabsarmb\u00e5nd - Mekulo DK","isPartOf":{"@id":"https:\/\/mekulo.com\/dk\/#website"},"primaryImageOfPage":{"@id":"https:\/\/mekulo.com\/dk\/produkt\/haandvaerkssaet-til-venskabsarmbaand\/#primaryimage"},"image":{"@id":"https:\/\/mekulo.com\/dk\/produkt\/haandvaerkssaet-til-venskabsarmbaand\/#primaryimage"},"thumbnailUrl":"https:\/\/mekulo.com\/dk\/wp-content\/uploads\/sites\/12\/2026\/01\/9bxbzyz-1.jpg","datePublished":"2026-01-22T18:42:57+00:00","dateModified":"2026-02-03T15:18:03+00:00","breadcrumb":{"@id":"https:\/\/mekulo.com\/dk\/produkt\/haandvaerkssaet-til-venskabsarmbaand\/#breadcrumb"},"inLanguage":"da-DK","potentialAction":[{"@type":"ReadAction","target":["https:\/\/mekulo.com\/dk\/produkt\/haandvaerkssaet-til-venskabsarmbaand\/"]}]},{"@type":"ImageObject","inLanguage":"da-DK","@id":"https:\/\/mekulo.com\/dk\/produkt\/haandvaerkssaet-til-venskabsarmbaand\/#primaryimage","url":"https:\/\/mekulo.com\/dk\/wp-content\/uploads\/sites\/12\/2026\/01\/9bxbzyz-1.jpg","contentUrl":"https:\/\/mekulo.com\/dk\/wp-content\/uploads\/sites\/12\/2026\/01\/9bxbzyz-1.jpg","width":1080,"height":1080},{"@type":"BreadcrumbList","@id":"https:\/\/mekulo.com\/dk\/produkt\/haandvaerkssaet-til-venskabsarmbaand\/#breadcrumb","itemListElement":[{"@type":"ListItem","position":1,"name":"Home","item":"https:\/\/mekulo.com\/dk\/"},{"@type":"ListItem","position":2,"name":"Butik","item":"https:\/\/mekulo.com\/dk\/butik\/"},{"@type":"ListItem","position":3,"name":"H\u00e5ndv\u00e6rkss\u00e6t til venskabsarmb\u00e5nd"}]},{"@type":"WebSite","@id":"https:\/\/mekulo.com\/dk\/#website","url":"https:\/\/mekulo.com\/dk\/","name":"Mekulo DK","description":"","publisher":{"@id":"https:\/\/mekulo.com\/dk\/#organization"},"potentialAction":[{"@type":"SearchAction","target":{"@type":"EntryPoint","urlTemplate":"https:\/\/mekulo.com\/dk\/?s={search_term_string}"},"query-input":{"@type":"PropertyValueSpecification","valueRequired":true,"valueName":"search_term_string"}}],"inLanguage":"da-DK"},{"@type":"Organization","@id":"https:\/\/mekulo.com\/dk\/#organization","name":"Mekulo","url":"https:\/\/mekulo.com\/dk\/","logo":{"@type":"ImageObject","inLanguage":"da-DK","@id":"https:\/\/mekulo.com\/dk\/#\/schema\/logo\/image\/","url":"https:\/\/mekulo.com\/dk\/wp-content\/uploads\/sites\/12\/2025\/12\/favicon_mekulo.png","contentUrl":"https:\/\/mekulo.com\/dk\/wp-content\/uploads\/sites\/12\/2025\/12\/favicon_mekulo.png","width":50,"height":50,"caption":"Mekulo"},"image":{"@id":"https:\/\/mekulo.com\/dk\/#\/schema\/logo\/image\/"}}]}},"_links":{"self":[{"href":"https:\/\/mekulo.com\/dk\/wp-json\/wp\/v2\/product\/18991","targetHints":{"allow":["GET"]}}],"collection":[{"href":"https:\/\/mekulo.com\/dk\/wp-json\/wp\/v2\/product"}],"about":[{"href":"https:\/\/mekulo.com\/dk\/wp-json\/wp\/v2\/types\/product"}],"replies":[{"embeddable":true,"href":"https:\/\/mekulo.com\/dk\/wp-json\/wp\/v2\/comments?post=18991"}],"wp:featuredmedia":[{"embeddable":true,"href":"https:\/\/mekulo.com\/dk\/wp-json\/wp\/v2\/media\/18987"}],"wp:attachment":[{"href":"https:\/\/mekulo.com\/dk\/wp-json\/wp\/v2\/media?parent=18991"}],"wp:term":[{"taxonomy":"product_brand","embeddable":true,"href":"https:\/\/mekulo.com\/dk\/wp-json\/wp\/v2\/product_brand?post=18991"},{"taxonomy":"product_cat","embeddable":true,"href":"https:\/\/mekulo.com\/dk\/wp-json\/wp\/v2\/product_cat?post=18991"},{"taxonomy":"product_tag","embeddable":true,"href":"https:\/\/mekulo.com\/dk\/wp-json\/wp\/v2\/product_tag?post=18991"}],"curies":[{"name":"wp","href":"https:\/\/api.w.org\/{rel}","templated":true}]}}