{"id":18982,"date":"2026-01-22T20:41:25","date_gmt":"2026-01-22T18:41:25","guid":{"rendered":"https:\/\/mekulo.com\/dk\/produkt\/8-i-1-usb-c-stativ-til-baerbare-computere\/"},"modified":"2026-01-27T00:16:53","modified_gmt":"2026-01-26T22:16:53","slug":"8-i-1-usb-c-stativ-til-baerbare-computere","status":"publish","type":"product","link":"https:\/\/mekulo.com\/dk\/produkt\/8-i-1-usb-c-stativ-til-baerbare-computere\/","title":{"rendered":"8-i-1 USB-C-stativ til b\u00e6rbare computere"},"content":{"rendered":"<p style=\"text-align: center;\" data-start=\"0\" data-end=\"81\"><strong data-start=\"0\" data-end=\"81\">G\u00f8r din b\u00e6rbare computer til en kraftfuld, ergonomisk arbejdsstation med et smart stativ. \ud83d\udcbb<\/strong><\/p>\n<p data-start=\"0\" data-end=\"81\"><img fetchpriority=\"high\" decoding=\"async\" class=\"size-full wp-image-21054 aligncenter\" src=\"https:\/\/mekulo.com\/template\/wp-content\/uploads\/sites\/6\/2026\/01\/S58cf025ec7c14829bc92681992c280d0h.jpg_960x960q75.jpg_.png\" alt=\"\" width=\"800\" height=\"800\" \/><\/p>\n<h2 style=\"text-align: center;\" data-start=\"353\" data-end=\"373\">Hovedfordele \ud83d\udcbb<\/h2>\n<p data-start=\"376\" data-end=\"444\">\ud83d\udd0c 8-i-1-dockingstation &#8211; Et stativ med alle vigtige porte.<\/p>\n<p data-start=\"447\" data-end=\"529\">\ud83d\udda5\ufe0f 4K-sk\u00e6rmunderst\u00f8ttelse &#8211; Spejl eller udvid din sk\u00e6rm i ultraklar kvalitet.<\/p>\n<p data-start=\"532\" data-end=\"583\">\u26a1 Hurtig dataoverf\u00f8rsel &#8211; USB-porte op til 5 Gbps.<\/p>\n<p data-start=\"586\" data-end=\"643\">\ud83d\udd0b Kraftig opladning &#8211; USB-C PD underst\u00f8tter op til 100 W.<\/p>\n<p data-start=\"646\" data-end=\"712\">\ud83d\udcd0 Ergonomisk h\u00f8jdejustering &#8211; 6 niveauer for bedre arbejdsstilling.<\/p>\n<p data-start=\"715\" data-end=\"770\">\ud83c\udf2c\ufe0f Bedre k\u00f8ling &#8211; \u00c5bent design forbedrer luftstr\u00f8mmen.<\/p>\n<p data-start=\"773\" data-end=\"834\">\ud83c\udf92 B\u00e6rbar &amp; sammenklappelig &#8211; Let at b\u00e6re med opbevaringstaske.<\/p>\n<p data-start=\"773\" data-end=\"834\"><img decoding=\"async\" class=\"size-full wp-image-21052 aligncenter\" src=\"https:\/\/mekulo.com\/template\/wp-content\/uploads\/sites\/6\/2026\/01\/S4f3c810c0fc246eebba95d8c87b59e10O.jpg_960x960q75.jpg_.jpg\" alt=\"\" width=\"1080\" height=\"1080\" \/><\/p>\n<h2 style=\"text-align: center;\" data-start=\"841\" data-end=\"855\">S\u00e5dan bruges \ud83d\udccc<\/h2>\n<ol data-start=\"856\" data-end=\"1164\">\n<li data-start=\"856\" data-end=\"916\">\n<p data-start=\"859\" data-end=\"916\">Fold laptopstativet ud, og placer det p\u00e5 en flad overflade.<\/p>\n<\/li>\n<li data-start=\"917\" data-end=\"972\">\n<p data-start=\"920\" data-end=\"972\">Juster h\u00f8jden til din foretrukne synsvinkel.<\/p>\n<\/li>\n<li data-start=\"973\" data-end=\"1018\">\n<p data-start=\"976\" data-end=\"1018\">Placer din laptop sikkert p\u00e5 stativet.<\/p>\n<\/li>\n<li data-start=\"1019\" data-end=\"1063\">\n<p data-start=\"1022\" data-end=\"1063\">Tilslut USB-C-kablet til din laptop.<\/p>\n<\/li>\n<li data-start=\"1064\" data-end=\"1111\">\n<p data-start=\"1067\" data-end=\"1111\">Tilslut dine enheder, sk\u00e6rm eller oplader.<\/p>\n<\/li>\n<li data-start=\"1112\" data-end=\"1164\">\n<p data-start=\"1115\" data-end=\"1164\">Begynd at arbejde med en ren og organiseret ops\u00e6tning.<\/p>\n<\/li>\n<\/ol>\n<h2 style=\"text-align: center;\" data-start=\"1171\" data-end=\"1190\">Produktdetaljer \ud83d\udccf<\/h2>\n<ul data-start=\"1191\" data-end=\"1608\">\n<li data-start=\"1251\" data-end=\"1285\">\n<p data-start=\"1253\" data-end=\"1285\">Materiale: Aluminiumslegering + ABS<\/p>\n<\/li>\n<li data-start=\"1286\" data-end=\"1306\">\n<p data-start=\"1288\" data-end=\"1306\">Farve: M\u00f8rkegr\u00e5<\/p>\n<\/li>\n<li data-start=\"1307\" data-end=\"1335\">\n<p data-start=\"1309\" data-end=\"1335\">St\u00f8rrelse: 266 x 202 x 142 mm<\/p>\n<\/li>\n<li data-start=\"1336\" data-end=\"1368\">\n<p data-start=\"1338\" data-end=\"1368\">B\u00e6rbar computer support: 10-17 tommer<\/p>\n<\/li>\n<li data-start=\"1369\" data-end=\"1400\">\n<p data-start=\"1371\" data-end=\"1400\">Lastkapacitet: Op til 18 kg<\/p>\n<\/li>\n<li data-start=\"1401\" data-end=\"1584\">\n<p data-start=\"1403\" data-end=\"1420\">Inkluderede porte:<\/p>\n<ul data-start=\"1423\" data-end=\"1584\">\n<li data-start=\"1423\" data-end=\"1446\">\n<p data-start=\"1425\" data-end=\"1446\">1x USB-C PD (100W)<\/p>\n<\/li>\n<li data-start=\"1449\" data-end=\"1469\">\n<p data-start=\"1451\" data-end=\"1469\">1x USB-C Female<\/p>\n<\/li>\n<li data-start=\"1472\" data-end=\"1490\">\n<p data-start=\"1474\" data-end=\"1490\">1x USB-C Data<\/p>\n<\/li>\n<li data-start=\"1493\" data-end=\"1506\">\n<p data-start=\"1495\" data-end=\"1506\">2x USB-A<\/p>\n<\/li>\n<li data-start=\"1509\" data-end=\"1534\">\n<p data-start=\"1511\" data-end=\"1534\">1x HDMI (4K-underst\u00f8ttelse)<\/p>\n<\/li>\n<li data-start=\"1537\" data-end=\"1561\">\n<p data-start=\"1539\" data-end=\"1561\">1x Hukommelseskortspor<\/p>\n<\/li>\n<li data-start=\"1564\" data-end=\"1584\">\n<p data-start=\"1566\" data-end=\"1584\">1x TF-kortspor<\/p>\n<\/li>\n<\/ul>\n<\/li>\n<li data-start=\"1585\" data-end=\"1608\">\n<p data-start=\"1587\" data-end=\"1608\">Type: Plug and play<\/p>\n<\/li>\n<\/ul>\n<h2 style=\"text-align: center;\" data-start=\"1615\" data-end=\"1635\">Pakken indeholder \ud83d\udce6<\/h2>\n<ul data-start=\"1636\" data-end=\"1718\" data-is-last-node=\"\" data-is-only-node=\"\">\n<li data-start=\"1636\" data-end=\"1675\">\n<p data-start=\"1638\" data-end=\"1675\">1x dockingstation til b\u00e6rbar computer<\/p>\n<\/li>\n<li data-start=\"1676\" data-end=\"1697\">\n<p data-start=\"1678\" data-end=\"1697\">1x datakabel<\/p>\n<\/li>\n<li data-start=\"1698\" data-end=\"1718\" data-is-last-node=\"\">\n<p data-start=\"1700\" data-end=\"1718\" data-is-last-node=\"\">1x opbevaringstaske.<\/p>\n<\/li>\n<\/ul>\n","protected":false},"excerpt":{"rendered":"<p>\ud83d\udc69\u200d\ud83d\udcbbDette 8-i-1 USB-C laptopstativ kombinerer et robust justerbart laptopstativ med en komplet dockingstation.<br \/>\n\u26a1Det giver dig mulighed for at tilslutte sk\u00e6rme, oplade din laptop, overf\u00f8re data og arbejde mere komfortabelt fra en enkelt kompakt ops\u00e6tning derhjemme, p\u00e5 kontoret eller p\u00e5 rejsen.<br \/>\n\ud83d\udd0cDette hj\u00e6lper med at reducere rod p\u00e5 skrivebordet, samtidig med at det \u00f8ger produktiviteten og komforten.<\/p>\n","protected":false},"featured_media":18978,"comment_status":"open","ping_status":"closed","template":"","meta":{"site-sidebar-layout":"default","site-content-layout":"","ast-site-content-layout":"default","site-content-style":"default","site-sidebar-style":"default","ast-global-header-display":"","ast-banner-title-visibility":"","ast-main-header-display":"","ast-hfb-above-header-display":"","ast-hfb-below-header-display":"","ast-hfb-mobile-header-display":"","site-post-title":"","ast-breadcrumbs-content":"","ast-featured-img":"","footer-sml-layout":"","ast-disable-related-posts":"","theme-transparent-header-meta":"default","adv-header-id-meta":"","stick-header-meta":"","header-above-stick-meta":"","header-main-stick-meta":"","header-below-stick-meta":"","astra-migrate-meta-layouts":"set","ast-page-background-enabled":"default","ast-page-background-meta":{"desktop":{"background-color":"var(--ast-global-color-5)","background-image":"","background-repeat":"repeat","background-position":"center center","background-size":"auto","background-attachment":"scroll","background-type":"","background-media":"","overlay-type":"","overlay-color":"","overlay-opacity":"","overlay-gradient":""},"tablet":{"background-color":"","background-image":"","background-repeat":"repeat","background-position":"center center","background-size":"auto","background-attachment":"scroll","background-type":"","background-media":"","overlay-type":"","overlay-color":"","overlay-opacity":"","overlay-gradient":""},"mobile":{"background-color":"","background-image":"","background-repeat":"repeat","background-position":"center center","background-size":"auto","background-attachment":"scroll","background-type":"","background-media":"","overlay-type":"","overlay-color":"","overlay-opacity":"","overlay-gradient":""}},"ast-content-background-meta":{"desktop":{"background-color":"var(--ast-global-color-4)","background-image":"","background-repeat":"repeat","background-position":"center center","background-size":"auto","background-attachment":"scroll","background-type":"","background-media":"","overlay-type":"","overlay-color":"","overlay-opacity":"","overlay-gradient":""},"tablet":{"background-color":"var(--ast-global-color-4)","background-image":"","background-repeat":"repeat","background-position":"center center","background-size":"auto","background-attachment":"scroll","background-type":"","background-media":"","overlay-type":"","overlay-color":"","overlay-opacity":"","overlay-gradient":""},"mobile":{"background-color":"var(--ast-global-color-4)","background-image":"","background-repeat":"repeat","background-position":"center center","background-size":"auto","background-attachment":"scroll","background-type":"","background-media":"","overlay-type":"","overlay-color":"","overlay-opacity":"","overlay-gradient":""}}},"product_brand":[],"product_cat":[173],"product_tag":[],"class_list":{"0":"post-18982","1":"product","2":"type-product","3":"status-publish","4":"has-post-thumbnail","6":"product_cat-elektronik","7":"desktop-align-left","8":"tablet-align-left","9":"mobile-align-left","11":"first","12":"instock","13":"shipping-taxable","14":"purchasable","15":"product-type-simple"},"yoast_head":"<!-- This site is optimized with the Yoast SEO plugin v27.4 - https:\/\/yoast.com\/product\/yoast-seo-wordpress\/ -->\n<title>8-i-1 USB-C-stativ til b\u00e6rbare computere - Mekulo DK<\/title>\n<meta name=\"robots\" content=\"index, follow, max-snippet:-1, max-image-preview:large, max-video-preview:-1\" \/>\n<link rel=\"canonical\" href=\"https:\/\/mekulo.com\/dk\/produkt\/8-i-1-usb-c-stativ-til-baerbare-computere\/\" \/>\n<meta property=\"og:locale\" content=\"da_DK\" \/>\n<meta property=\"og:type\" content=\"article\" \/>\n<meta property=\"og:title\" content=\"8-i-1 USB-C-stativ til b\u00e6rbare computere - Mekulo DK\" \/>\n<meta property=\"og:description\" content=\"\ud83d\udc69\u200d\ud83d\udcbbDette 8-i-1 USB-C laptopstativ kombinerer et robust justerbart laptopstativ med en komplet dockingstation. \u26a1Det giver dig mulighed for at tilslutte sk\u00e6rme, oplade din laptop, overf\u00f8re data og arbejde mere komfortabelt fra en enkelt kompakt ops\u00e6tning derhjemme, p\u00e5 kontoret eller p\u00e5 rejsen. \ud83d\udd0cDette hj\u00e6lper med at reducere rod p\u00e5 skrivebordet, samtidig med at det \u00f8ger produktiviteten og komforten.\" \/>\n<meta property=\"og:url\" content=\"https:\/\/mekulo.com\/dk\/produkt\/8-i-1-usb-c-stativ-til-baerbare-computere\/\" \/>\n<meta property=\"og:site_name\" content=\"Mekulo DK\" \/>\n<meta property=\"article:modified_time\" content=\"2026-01-26T22:16:53+00:00\" \/>\n<meta property=\"og:image\" content=\"https:\/\/mekulo.com\/dk\/wp-content\/uploads\/sites\/12\/2026\/01\/rl2bcf6-1.jpg\" \/>\n\t<meta property=\"og:image:width\" content=\"800\" \/>\n\t<meta property=\"og:image:height\" content=\"800\" \/>\n\t<meta property=\"og:image:type\" content=\"image\/jpeg\" \/>\n<meta name=\"twitter:card\" content=\"summary_large_image\" \/>\n<meta name=\"twitter:label1\" content=\"Estimeret l\u00e6setid\" \/>\n\t<meta name=\"twitter:data1\" content=\"2 minutter\" \/>\n<script type=\"application\/ld+json\" class=\"yoast-schema-graph\">{\"@context\":\"https:\\\/\\\/schema.org\",\"@graph\":[{\"@type\":\"WebPage\",\"@id\":\"https:\\\/\\\/mekulo.com\\\/dk\\\/produkt\\\/8-i-1-usb-c-stativ-til-baerbare-computere\\\/\",\"url\":\"https:\\\/\\\/mekulo.com\\\/dk\\\/produkt\\\/8-i-1-usb-c-stativ-til-baerbare-computere\\\/\",\"name\":\"8-i-1 USB-C-stativ til b\u00e6rbare computere - Mekulo DK\",\"isPartOf\":{\"@id\":\"https:\\\/\\\/mekulo.com\\\/dk\\\/#website\"},\"primaryImageOfPage\":{\"@id\":\"https:\\\/\\\/mekulo.com\\\/dk\\\/produkt\\\/8-i-1-usb-c-stativ-til-baerbare-computere\\\/#primaryimage\"},\"image\":{\"@id\":\"https:\\\/\\\/mekulo.com\\\/dk\\\/produkt\\\/8-i-1-usb-c-stativ-til-baerbare-computere\\\/#primaryimage\"},\"thumbnailUrl\":\"https:\\\/\\\/mekulo.com\\\/dk\\\/wp-content\\\/uploads\\\/sites\\\/12\\\/2026\\\/01\\\/rl2bcf6-1.jpg\",\"datePublished\":\"2026-01-22T18:41:25+00:00\",\"dateModified\":\"2026-01-26T22:16:53+00:00\",\"breadcrumb\":{\"@id\":\"https:\\\/\\\/mekulo.com\\\/dk\\\/produkt\\\/8-i-1-usb-c-stativ-til-baerbare-computere\\\/#breadcrumb\"},\"inLanguage\":\"da-DK\",\"potentialAction\":[{\"@type\":\"ReadAction\",\"target\":[\"https:\\\/\\\/mekulo.com\\\/dk\\\/produkt\\\/8-i-1-usb-c-stativ-til-baerbare-computere\\\/\"]}]},{\"@type\":\"ImageObject\",\"inLanguage\":\"da-DK\",\"@id\":\"https:\\\/\\\/mekulo.com\\\/dk\\\/produkt\\\/8-i-1-usb-c-stativ-til-baerbare-computere\\\/#primaryimage\",\"url\":\"https:\\\/\\\/mekulo.com\\\/dk\\\/wp-content\\\/uploads\\\/sites\\\/12\\\/2026\\\/01\\\/rl2bcf6-1.jpg\",\"contentUrl\":\"https:\\\/\\\/mekulo.com\\\/dk\\\/wp-content\\\/uploads\\\/sites\\\/12\\\/2026\\\/01\\\/rl2bcf6-1.jpg\",\"width\":800,\"height\":800},{\"@type\":\"BreadcrumbList\",\"@id\":\"https:\\\/\\\/mekulo.com\\\/dk\\\/produkt\\\/8-i-1-usb-c-stativ-til-baerbare-computere\\\/#breadcrumb\",\"itemListElement\":[{\"@type\":\"ListItem\",\"position\":1,\"name\":\"Home\",\"item\":\"https:\\\/\\\/mekulo.com\\\/dk\\\/\"},{\"@type\":\"ListItem\",\"position\":2,\"name\":\"Butik\",\"item\":\"https:\\\/\\\/mekulo.com\\\/dk\\\/butik\\\/\"},{\"@type\":\"ListItem\",\"position\":3,\"name\":\"8-i-1 USB-C-stativ til b\u00e6rbare computere\"}]},{\"@type\":\"WebSite\",\"@id\":\"https:\\\/\\\/mekulo.com\\\/dk\\\/#website\",\"url\":\"https:\\\/\\\/mekulo.com\\\/dk\\\/\",\"name\":\"Mekulo DK\",\"description\":\"\",\"publisher\":{\"@id\":\"https:\\\/\\\/mekulo.com\\\/dk\\\/#organization\"},\"potentialAction\":[{\"@type\":\"SearchAction\",\"target\":{\"@type\":\"EntryPoint\",\"urlTemplate\":\"https:\\\/\\\/mekulo.com\\\/dk\\\/?s={search_term_string}\"},\"query-input\":{\"@type\":\"PropertyValueSpecification\",\"valueRequired\":true,\"valueName\":\"search_term_string\"}}],\"inLanguage\":\"da-DK\"},{\"@type\":\"Organization\",\"@id\":\"https:\\\/\\\/mekulo.com\\\/dk\\\/#organization\",\"name\":\"Mekulo\",\"url\":\"https:\\\/\\\/mekulo.com\\\/dk\\\/\",\"logo\":{\"@type\":\"ImageObject\",\"inLanguage\":\"da-DK\",\"@id\":\"https:\\\/\\\/mekulo.com\\\/dk\\\/#\\\/schema\\\/logo\\\/image\\\/\",\"url\":\"https:\\\/\\\/mekulo.com\\\/dk\\\/wp-content\\\/uploads\\\/sites\\\/12\\\/2025\\\/12\\\/favicon_mekulo.png\",\"contentUrl\":\"https:\\\/\\\/mekulo.com\\\/dk\\\/wp-content\\\/uploads\\\/sites\\\/12\\\/2025\\\/12\\\/favicon_mekulo.png\",\"width\":50,\"height\":50,\"caption\":\"Mekulo\"},\"image\":{\"@id\":\"https:\\\/\\\/mekulo.com\\\/dk\\\/#\\\/schema\\\/logo\\\/image\\\/\"}}]}<\/script>\n<!-- \/ Yoast SEO plugin. -->","yoast_head_json":{"title":"8-i-1 USB-C-stativ til b\u00e6rbare computere - Mekulo DK","robots":{"index":"index","follow":"follow","max-snippet":"max-snippet:-1","max-image-preview":"max-image-preview:large","max-video-preview":"max-video-preview:-1"},"canonical":"https:\/\/mekulo.com\/dk\/produkt\/8-i-1-usb-c-stativ-til-baerbare-computere\/","og_locale":"da_DK","og_type":"article","og_title":"8-i-1 USB-C-stativ til b\u00e6rbare computere - Mekulo DK","og_description":"\ud83d\udc69\u200d\ud83d\udcbbDette 8-i-1 USB-C laptopstativ kombinerer et robust justerbart laptopstativ med en komplet dockingstation. \u26a1Det giver dig mulighed for at tilslutte sk\u00e6rme, oplade din laptop, overf\u00f8re data og arbejde mere komfortabelt fra en enkelt kompakt ops\u00e6tning derhjemme, p\u00e5 kontoret eller p\u00e5 rejsen. \ud83d\udd0cDette hj\u00e6lper med at reducere rod p\u00e5 skrivebordet, samtidig med at det \u00f8ger produktiviteten og komforten.","og_url":"https:\/\/mekulo.com\/dk\/produkt\/8-i-1-usb-c-stativ-til-baerbare-computere\/","og_site_name":"Mekulo DK","article_modified_time":"2026-01-26T22:16:53+00:00","og_image":[{"width":800,"height":800,"url":"https:\/\/mekulo.com\/dk\/wp-content\/uploads\/sites\/12\/2026\/01\/rl2bcf6-1.jpg","type":"image\/jpeg"}],"twitter_card":"summary_large_image","twitter_misc":{"Estimeret l\u00e6setid":"2 minutter"},"schema":{"@context":"https:\/\/schema.org","@graph":[{"@type":"WebPage","@id":"https:\/\/mekulo.com\/dk\/produkt\/8-i-1-usb-c-stativ-til-baerbare-computere\/","url":"https:\/\/mekulo.com\/dk\/produkt\/8-i-1-usb-c-stativ-til-baerbare-computere\/","name":"8-i-1 USB-C-stativ til b\u00e6rbare computere - Mekulo DK","isPartOf":{"@id":"https:\/\/mekulo.com\/dk\/#website"},"primaryImageOfPage":{"@id":"https:\/\/mekulo.com\/dk\/produkt\/8-i-1-usb-c-stativ-til-baerbare-computere\/#primaryimage"},"image":{"@id":"https:\/\/mekulo.com\/dk\/produkt\/8-i-1-usb-c-stativ-til-baerbare-computere\/#primaryimage"},"thumbnailUrl":"https:\/\/mekulo.com\/dk\/wp-content\/uploads\/sites\/12\/2026\/01\/rl2bcf6-1.jpg","datePublished":"2026-01-22T18:41:25+00:00","dateModified":"2026-01-26T22:16:53+00:00","breadcrumb":{"@id":"https:\/\/mekulo.com\/dk\/produkt\/8-i-1-usb-c-stativ-til-baerbare-computere\/#breadcrumb"},"inLanguage":"da-DK","potentialAction":[{"@type":"ReadAction","target":["https:\/\/mekulo.com\/dk\/produkt\/8-i-1-usb-c-stativ-til-baerbare-computere\/"]}]},{"@type":"ImageObject","inLanguage":"da-DK","@id":"https:\/\/mekulo.com\/dk\/produkt\/8-i-1-usb-c-stativ-til-baerbare-computere\/#primaryimage","url":"https:\/\/mekulo.com\/dk\/wp-content\/uploads\/sites\/12\/2026\/01\/rl2bcf6-1.jpg","contentUrl":"https:\/\/mekulo.com\/dk\/wp-content\/uploads\/sites\/12\/2026\/01\/rl2bcf6-1.jpg","width":800,"height":800},{"@type":"BreadcrumbList","@id":"https:\/\/mekulo.com\/dk\/produkt\/8-i-1-usb-c-stativ-til-baerbare-computere\/#breadcrumb","itemListElement":[{"@type":"ListItem","position":1,"name":"Home","item":"https:\/\/mekulo.com\/dk\/"},{"@type":"ListItem","position":2,"name":"Butik","item":"https:\/\/mekulo.com\/dk\/butik\/"},{"@type":"ListItem","position":3,"name":"8-i-1 USB-C-stativ til b\u00e6rbare computere"}]},{"@type":"WebSite","@id":"https:\/\/mekulo.com\/dk\/#website","url":"https:\/\/mekulo.com\/dk\/","name":"Mekulo DK","description":"","publisher":{"@id":"https:\/\/mekulo.com\/dk\/#organization"},"potentialAction":[{"@type":"SearchAction","target":{"@type":"EntryPoint","urlTemplate":"https:\/\/mekulo.com\/dk\/?s={search_term_string}"},"query-input":{"@type":"PropertyValueSpecification","valueRequired":true,"valueName":"search_term_string"}}],"inLanguage":"da-DK"},{"@type":"Organization","@id":"https:\/\/mekulo.com\/dk\/#organization","name":"Mekulo","url":"https:\/\/mekulo.com\/dk\/","logo":{"@type":"ImageObject","inLanguage":"da-DK","@id":"https:\/\/mekulo.com\/dk\/#\/schema\/logo\/image\/","url":"https:\/\/mekulo.com\/dk\/wp-content\/uploads\/sites\/12\/2025\/12\/favicon_mekulo.png","contentUrl":"https:\/\/mekulo.com\/dk\/wp-content\/uploads\/sites\/12\/2025\/12\/favicon_mekulo.png","width":50,"height":50,"caption":"Mekulo"},"image":{"@id":"https:\/\/mekulo.com\/dk\/#\/schema\/logo\/image\/"}}]}},"_links":{"self":[{"href":"https:\/\/mekulo.com\/dk\/wp-json\/wp\/v2\/product\/18982","targetHints":{"allow":["GET"]}}],"collection":[{"href":"https:\/\/mekulo.com\/dk\/wp-json\/wp\/v2\/product"}],"about":[{"href":"https:\/\/mekulo.com\/dk\/wp-json\/wp\/v2\/types\/product"}],"replies":[{"embeddable":true,"href":"https:\/\/mekulo.com\/dk\/wp-json\/wp\/v2\/comments?post=18982"}],"wp:featuredmedia":[{"embeddable":true,"href":"https:\/\/mekulo.com\/dk\/wp-json\/wp\/v2\/media\/18978"}],"wp:attachment":[{"href":"https:\/\/mekulo.com\/dk\/wp-json\/wp\/v2\/media?parent=18982"}],"wp:term":[{"taxonomy":"product_brand","embeddable":true,"href":"https:\/\/mekulo.com\/dk\/wp-json\/wp\/v2\/product_brand?post=18982"},{"taxonomy":"product_cat","embeddable":true,"href":"https:\/\/mekulo.com\/dk\/wp-json\/wp\/v2\/product_cat?post=18982"},{"taxonomy":"product_tag","embeddable":true,"href":"https:\/\/mekulo.com\/dk\/wp-json\/wp\/v2\/product_tag?post=18982"}],"curies":[{"name":"wp","href":"https:\/\/api.w.org\/{rel}","templated":true}]}}