{"id":18959,"date":"2026-01-22T20:39:39","date_gmt":"2026-01-22T18:39:39","guid":{"rendered":"https:\/\/mekulo.com\/dk\/produkt\/baerbar-dobbelt-fodmassagerulle\/"},"modified":"2026-02-03T17:19:14","modified_gmt":"2026-02-03T15:19:14","slug":"baerbar-dobbelt-fodmassagerulle","status":"publish","type":"product","link":"https:\/\/mekulo.com\/dk\/produkt\/baerbar-dobbelt-fodmassagerulle\/","title":{"rendered":"B\u00e6rbar dobbelt fodmassagerulle"},"content":{"rendered":"<p style=\"text-align: center;\" data-start=\"0\" data-end=\"80\"><strong data-start=\"0\" data-end=\"80\">Lindre fodsmerter og f\u00e5 dine f\u00f8dder til at slappe af n\u00e5r som helst med en simpel rullemassage. \ud83e\uddb6<\/strong><\/p>\n<p data-start=\"0\" data-end=\"80\"><img fetchpriority=\"high\" decoding=\"async\" class=\"size-full wp-image-21034 aligncenter\" src=\"https:\/\/mekulo.com\/template\/wp-content\/uploads\/sites\/6\/2026\/01\/S989a2918e77f448bb74888fb165a1b6aI.webp\" alt=\"\" width=\"1001\" height=\"1001\" \/><\/p>\n<h2 style=\"text-align: center;\" data-start=\"334\" data-end=\"354\">Vigtigste fordele \ud83d\udc63<\/h2>\n<p data-start=\"357\" data-end=\"415\">\ud83d\udd04 Massage med to hjul &#8211; Dyb \u00e6ltning til tr\u00e6tte f\u00f8dder.<\/p>\n<p data-start=\"418\" data-end=\"477\">\ud83e\uddb6 M\u00e5lretter mod trykpunkter &#8211; Hj\u00e6lper med at slappe af fodmuskler.<\/p>\n<p data-start=\"480\" data-end=\"540\">\ud83d\udc86 Lindrer tr\u00e6thed &#8211; Reducerer \u00f8mhed efter lange dage.<\/p>\n<p data-start=\"543\" data-end=\"600\">\ud83e\uddf3 B\u00e6rbar og let &#8211; Let at b\u00e6re og opbevare.<\/p>\n<p data-start=\"603\" data-end=\"650\">\ud83c\udfe0 Brug hvor som helst &#8211; Hjemme, p\u00e5 kontoret eller p\u00e5 rejsen.<\/p>\n<p data-start=\"653\" data-end=\"714\">\ud83d\ude34 Fremmer afslapning &#8211; Underst\u00f8tter bedre hvile og s\u00f8vn.<\/p>\n<p data-start=\"653\" data-end=\"714\"><img decoding=\"async\" class=\"size-full wp-image-21031 aligncenter\" src=\"https:\/\/mekulo.com\/template\/wp-content\/uploads\/sites\/6\/2026\/01\/S4c14f93a68fe4c3b91f678b2164affa5J.jpg\" alt=\"\" width=\"1080\" height=\"1080\" \/><\/p>\n<h2 style=\"text-align: center;\" data-start=\"721\" data-end=\"735\">S\u00e5dan bruges \ud83d\udccc<\/h2>\n<ol data-start=\"736\" data-end=\"986\">\n<li data-start=\"736\" data-end=\"784\">\n<p data-start=\"739\" data-end=\"784\">Placer fodmassagerullen p\u00e5 gulvet.<\/p>\n<\/li>\n<li data-start=\"785\" data-end=\"817\">\n<p data-start=\"788\" data-end=\"817\">Sid behageligt p\u00e5 en stol.<\/p>\n<\/li>\n<li data-start=\"818\" data-end=\"861\">\n<p data-start=\"821\" data-end=\"861\">Placer en eller begge f\u00f8dder p\u00e5 rullerne.<\/p>\n<\/li>\n<li data-start=\"862\" data-end=\"899\">\n<p data-start=\"865\" data-end=\"899\">Rul f\u00f8dderne forsigtigt frem og tilbage.<\/p>\n<\/li>\n<li data-start=\"900\" data-end=\"953\">\n<p data-start=\"903\" data-end=\"953\">Juster trykket ved at anvende mere eller mindre v\u00e6gt.<\/p>\n<\/li>\n<li data-start=\"954\" data-end=\"986\">\n<p data-start=\"957\" data-end=\"986\">Brug dagligt for at opn\u00e5 de bedste resultater.<\/p>\n<\/li>\n<\/ol>\n<h2 style=\"text-align: center;\" data-start=\"993\" data-end=\"1012\">Produktdetaljer \ud83d\udccf<\/h2>\n<ul data-start=\"1013\" data-end=\"1251\">\n<li data-start=\"1067\" data-end=\"1109\">\n<p data-start=\"1069\" data-end=\"1109\">Design: Ergonomisk struktur med to hjul<\/p>\n<\/li>\n<li data-start=\"1110\" data-end=\"1139\">\n<p data-start=\"1112\" data-end=\"1139\">Materiale: Holdbar plast<\/p>\n<\/li>\n<li data-start=\"1140\" data-end=\"1178\">\n<p data-start=\"1142\" data-end=\"1178\">Brug: Fodmassage og afslapning<\/p>\n<\/li>\n<li data-start=\"1179\" data-end=\"1211\">\n<p data-start=\"1181\" data-end=\"1211\">Velegnet til: Alle fodst\u00f8rrelser<\/p>\n<\/li>\n<li data-start=\"1212\" data-end=\"1251\">\n<p data-start=\"1214\" data-end=\"1251\">Brugssteder: Hjem, kontor, rejse<\/p>\n<\/li>\n<\/ul>\n<h2 style=\"text-align: center;\" data-start=\"1258\" data-end=\"1278\">Pakken indeholder \ud83d\udce6<\/h2>\n<ul data-start=\"1279\" data-end=\"1323\" data-is-last-node=\"\" data-is-only-node=\"\">\n<li data-start=\"1279\" data-end=\"1323\" data-is-last-node=\"\">\n<p data-start=\"1281\" data-end=\"1323\" data-is-last-node=\"\">1, 2x b\u00e6rbar dobbelt fodmassagerulle\/er.<\/p>\n<\/li>\n<\/ul>\n","protected":false},"excerpt":{"rendered":"<p>\ud83d\udc86Denne b\u00e6rbare dobbelte fodmassagerulle bruger dobbelte ruller til at efterligne h\u00e5nd\u00e6ltning og frig\u00f8re sp\u00e6ndinger i tr\u00e6tte f\u00f8dder.<br \/>\n\ud83c\udfe0Den hj\u00e6lper med at stimulere trykpunkter, forbedre blodcirkulationen og er perfekt til brug hjemme, p\u00e5 kontoret eller p\u00e5 rejsen.<br \/>\n\ud83d\udc63Det g\u00f8r den til et godt valg for alle, der st\u00e5r eller g\u00e5r i lange timer.<\/p>\n","protected":false},"featured_media":18955,"comment_status":"open","ping_status":"closed","template":"","meta":{"site-sidebar-layout":"default","site-content-layout":"","ast-site-content-layout":"default","site-content-style":"default","site-sidebar-style":"default","ast-global-header-display":"","ast-banner-title-visibility":"","ast-main-header-display":"","ast-hfb-above-header-display":"","ast-hfb-below-header-display":"","ast-hfb-mobile-header-display":"","site-post-title":"","ast-breadcrumbs-content":"","ast-featured-img":"","footer-sml-layout":"","ast-disable-related-posts":"","theme-transparent-header-meta":"default","adv-header-id-meta":"","stick-header-meta":"","header-above-stick-meta":"","header-main-stick-meta":"","header-below-stick-meta":"","astra-migrate-meta-layouts":"set","ast-page-background-enabled":"default","ast-page-background-meta":{"desktop":{"background-color":"var(--ast-global-color-5)","background-image":"","background-repeat":"repeat","background-position":"center center","background-size":"auto","background-attachment":"scroll","background-type":"","background-media":"","overlay-type":"","overlay-color":"","overlay-opacity":"","overlay-gradient":""},"tablet":{"background-color":"","background-image":"","background-repeat":"repeat","background-position":"center center","background-size":"auto","background-attachment":"scroll","background-type":"","background-media":"","overlay-type":"","overlay-color":"","overlay-opacity":"","overlay-gradient":""},"mobile":{"background-color":"","background-image":"","background-repeat":"repeat","background-position":"center center","background-size":"auto","background-attachment":"scroll","background-type":"","background-media":"","overlay-type":"","overlay-color":"","overlay-opacity":"","overlay-gradient":""}},"ast-content-background-meta":{"desktop":{"background-color":"var(--ast-global-color-4)","background-image":"","background-repeat":"repeat","background-position":"center center","background-size":"auto","background-attachment":"scroll","background-type":"","background-media":"","overlay-type":"","overlay-color":"","overlay-opacity":"","overlay-gradient":""},"tablet":{"background-color":"var(--ast-global-color-4)","background-image":"","background-repeat":"repeat","background-position":"center center","background-size":"auto","background-attachment":"scroll","background-type":"","background-media":"","overlay-type":"","overlay-color":"","overlay-opacity":"","overlay-gradient":""},"mobile":{"background-color":"var(--ast-global-color-4)","background-image":"","background-repeat":"repeat","background-position":"center center","background-size":"auto","background-attachment":"scroll","background-type":"","background-media":"","overlay-type":"","overlay-color":"","overlay-opacity":"","overlay-gradient":""}}},"product_brand":[],"product_cat":[15],"product_tag":[],"class_list":{"0":"post-18959","1":"product","2":"type-product","3":"status-publish","4":"has-post-thumbnail","6":"product_cat-uncategorized","7":"pa_50476_e2l91jcf-groen","8":"pa_50476_e2l91jcf-lilla","9":"pa_50476_e2l91jcf-orange","10":"pa_50476_gxpzrxoj-1-stk","11":"pa_50476_gxpzrxoj-2-stk","12":"desktop-align-left","13":"tablet-align-left","14":"mobile-align-left","16":"first","17":"instock","18":"shipping-taxable","19":"purchasable","20":"product-type-variable","21":"has-default-attributes"},"yoast_head":"<!-- This site is optimized with the Yoast SEO plugin v27.4 - https:\/\/yoast.com\/product\/yoast-seo-wordpress\/ -->\n<title>B\u00e6rbar dobbelt fodmassagerulle - Mekulo DK<\/title>\n<meta name=\"robots\" content=\"index, follow, max-snippet:-1, max-image-preview:large, max-video-preview:-1\" \/>\n<link rel=\"canonical\" href=\"https:\/\/mekulo.com\/dk\/produkt\/baerbar-dobbelt-fodmassagerulle\/\" \/>\n<meta property=\"og:locale\" content=\"da_DK\" \/>\n<meta property=\"og:type\" content=\"article\" \/>\n<meta property=\"og:title\" content=\"B\u00e6rbar dobbelt fodmassagerulle - Mekulo DK\" \/>\n<meta property=\"og:description\" content=\"\ud83d\udc86Denne b\u00e6rbare dobbelte fodmassagerulle bruger dobbelte ruller til at efterligne h\u00e5nd\u00e6ltning og frig\u00f8re sp\u00e6ndinger i tr\u00e6tte f\u00f8dder. \ud83c\udfe0Den hj\u00e6lper med at stimulere trykpunkter, forbedre blodcirkulationen og er perfekt til brug hjemme, p\u00e5 kontoret eller p\u00e5 rejsen. \ud83d\udc63Det g\u00f8r den til et godt valg for alle, der st\u00e5r eller g\u00e5r i lange timer.\" \/>\n<meta property=\"og:url\" content=\"https:\/\/mekulo.com\/dk\/produkt\/baerbar-dobbelt-fodmassagerulle\/\" \/>\n<meta property=\"og:site_name\" content=\"Mekulo DK\" \/>\n<meta property=\"article:modified_time\" content=\"2026-02-03T15:19:14+00:00\" \/>\n<meta property=\"og:image\" content=\"https:\/\/mekulo.com\/dk\/wp-content\/uploads\/sites\/12\/2026\/01\/69ii67z-1.webp\" \/>\n\t<meta property=\"og:image:width\" content=\"1001\" \/>\n\t<meta property=\"og:image:height\" content=\"1001\" \/>\n\t<meta property=\"og:image:type\" content=\"image\/webp\" \/>\n<meta name=\"twitter:card\" content=\"summary_large_image\" \/>\n<meta name=\"twitter:label1\" content=\"Estimeret l\u00e6setid\" \/>\n\t<meta name=\"twitter:data1\" content=\"2 minutter\" \/>\n<script type=\"application\/ld+json\" class=\"yoast-schema-graph\">{\"@context\":\"https:\\\/\\\/schema.org\",\"@graph\":[{\"@type\":\"WebPage\",\"@id\":\"https:\\\/\\\/mekulo.com\\\/dk\\\/produkt\\\/baerbar-dobbelt-fodmassagerulle\\\/\",\"url\":\"https:\\\/\\\/mekulo.com\\\/dk\\\/produkt\\\/baerbar-dobbelt-fodmassagerulle\\\/\",\"name\":\"B\u00e6rbar dobbelt fodmassagerulle - Mekulo DK\",\"isPartOf\":{\"@id\":\"https:\\\/\\\/mekulo.com\\\/dk\\\/#website\"},\"primaryImageOfPage\":{\"@id\":\"https:\\\/\\\/mekulo.com\\\/dk\\\/produkt\\\/baerbar-dobbelt-fodmassagerulle\\\/#primaryimage\"},\"image\":{\"@id\":\"https:\\\/\\\/mekulo.com\\\/dk\\\/produkt\\\/baerbar-dobbelt-fodmassagerulle\\\/#primaryimage\"},\"thumbnailUrl\":\"https:\\\/\\\/mekulo.com\\\/dk\\\/wp-content\\\/uploads\\\/sites\\\/12\\\/2026\\\/01\\\/69ii67z-1.webp\",\"datePublished\":\"2026-01-22T18:39:39+00:00\",\"dateModified\":\"2026-02-03T15:19:14+00:00\",\"breadcrumb\":{\"@id\":\"https:\\\/\\\/mekulo.com\\\/dk\\\/produkt\\\/baerbar-dobbelt-fodmassagerulle\\\/#breadcrumb\"},\"inLanguage\":\"da-DK\",\"potentialAction\":[{\"@type\":\"ReadAction\",\"target\":[\"https:\\\/\\\/mekulo.com\\\/dk\\\/produkt\\\/baerbar-dobbelt-fodmassagerulle\\\/\"]}]},{\"@type\":\"ImageObject\",\"inLanguage\":\"da-DK\",\"@id\":\"https:\\\/\\\/mekulo.com\\\/dk\\\/produkt\\\/baerbar-dobbelt-fodmassagerulle\\\/#primaryimage\",\"url\":\"https:\\\/\\\/mekulo.com\\\/dk\\\/wp-content\\\/uploads\\\/sites\\\/12\\\/2026\\\/01\\\/69ii67z-1.webp\",\"contentUrl\":\"https:\\\/\\\/mekulo.com\\\/dk\\\/wp-content\\\/uploads\\\/sites\\\/12\\\/2026\\\/01\\\/69ii67z-1.webp\",\"width\":1001,\"height\":1001},{\"@type\":\"BreadcrumbList\",\"@id\":\"https:\\\/\\\/mekulo.com\\\/dk\\\/produkt\\\/baerbar-dobbelt-fodmassagerulle\\\/#breadcrumb\",\"itemListElement\":[{\"@type\":\"ListItem\",\"position\":1,\"name\":\"Home\",\"item\":\"https:\\\/\\\/mekulo.com\\\/dk\\\/\"},{\"@type\":\"ListItem\",\"position\":2,\"name\":\"Butik\",\"item\":\"https:\\\/\\\/mekulo.com\\\/dk\\\/butik\\\/\"},{\"@type\":\"ListItem\",\"position\":3,\"name\":\"B\u00e6rbar dobbelt fodmassagerulle\"}]},{\"@type\":\"WebSite\",\"@id\":\"https:\\\/\\\/mekulo.com\\\/dk\\\/#website\",\"url\":\"https:\\\/\\\/mekulo.com\\\/dk\\\/\",\"name\":\"Mekulo DK\",\"description\":\"\",\"publisher\":{\"@id\":\"https:\\\/\\\/mekulo.com\\\/dk\\\/#organization\"},\"potentialAction\":[{\"@type\":\"SearchAction\",\"target\":{\"@type\":\"EntryPoint\",\"urlTemplate\":\"https:\\\/\\\/mekulo.com\\\/dk\\\/?s={search_term_string}\"},\"query-input\":{\"@type\":\"PropertyValueSpecification\",\"valueRequired\":true,\"valueName\":\"search_term_string\"}}],\"inLanguage\":\"da-DK\"},{\"@type\":\"Organization\",\"@id\":\"https:\\\/\\\/mekulo.com\\\/dk\\\/#organization\",\"name\":\"Mekulo\",\"url\":\"https:\\\/\\\/mekulo.com\\\/dk\\\/\",\"logo\":{\"@type\":\"ImageObject\",\"inLanguage\":\"da-DK\",\"@id\":\"https:\\\/\\\/mekulo.com\\\/dk\\\/#\\\/schema\\\/logo\\\/image\\\/\",\"url\":\"https:\\\/\\\/mekulo.com\\\/dk\\\/wp-content\\\/uploads\\\/sites\\\/12\\\/2025\\\/12\\\/favicon_mekulo.png\",\"contentUrl\":\"https:\\\/\\\/mekulo.com\\\/dk\\\/wp-content\\\/uploads\\\/sites\\\/12\\\/2025\\\/12\\\/favicon_mekulo.png\",\"width\":50,\"height\":50,\"caption\":\"Mekulo\"},\"image\":{\"@id\":\"https:\\\/\\\/mekulo.com\\\/dk\\\/#\\\/schema\\\/logo\\\/image\\\/\"}}]}<\/script>\n<!-- \/ Yoast SEO plugin. -->","yoast_head_json":{"title":"B\u00e6rbar dobbelt fodmassagerulle - Mekulo DK","robots":{"index":"index","follow":"follow","max-snippet":"max-snippet:-1","max-image-preview":"max-image-preview:large","max-video-preview":"max-video-preview:-1"},"canonical":"https:\/\/mekulo.com\/dk\/produkt\/baerbar-dobbelt-fodmassagerulle\/","og_locale":"da_DK","og_type":"article","og_title":"B\u00e6rbar dobbelt fodmassagerulle - Mekulo DK","og_description":"\ud83d\udc86Denne b\u00e6rbare dobbelte fodmassagerulle bruger dobbelte ruller til at efterligne h\u00e5nd\u00e6ltning og frig\u00f8re sp\u00e6ndinger i tr\u00e6tte f\u00f8dder. \ud83c\udfe0Den hj\u00e6lper med at stimulere trykpunkter, forbedre blodcirkulationen og er perfekt til brug hjemme, p\u00e5 kontoret eller p\u00e5 rejsen. \ud83d\udc63Det g\u00f8r den til et godt valg for alle, der st\u00e5r eller g\u00e5r i lange timer.","og_url":"https:\/\/mekulo.com\/dk\/produkt\/baerbar-dobbelt-fodmassagerulle\/","og_site_name":"Mekulo DK","article_modified_time":"2026-02-03T15:19:14+00:00","og_image":[{"width":1001,"height":1001,"url":"https:\/\/mekulo.com\/dk\/wp-content\/uploads\/sites\/12\/2026\/01\/69ii67z-1.webp","type":"image\/webp"}],"twitter_card":"summary_large_image","twitter_misc":{"Estimeret l\u00e6setid":"2 minutter"},"schema":{"@context":"https:\/\/schema.org","@graph":[{"@type":"WebPage","@id":"https:\/\/mekulo.com\/dk\/produkt\/baerbar-dobbelt-fodmassagerulle\/","url":"https:\/\/mekulo.com\/dk\/produkt\/baerbar-dobbelt-fodmassagerulle\/","name":"B\u00e6rbar dobbelt fodmassagerulle - Mekulo DK","isPartOf":{"@id":"https:\/\/mekulo.com\/dk\/#website"},"primaryImageOfPage":{"@id":"https:\/\/mekulo.com\/dk\/produkt\/baerbar-dobbelt-fodmassagerulle\/#primaryimage"},"image":{"@id":"https:\/\/mekulo.com\/dk\/produkt\/baerbar-dobbelt-fodmassagerulle\/#primaryimage"},"thumbnailUrl":"https:\/\/mekulo.com\/dk\/wp-content\/uploads\/sites\/12\/2026\/01\/69ii67z-1.webp","datePublished":"2026-01-22T18:39:39+00:00","dateModified":"2026-02-03T15:19:14+00:00","breadcrumb":{"@id":"https:\/\/mekulo.com\/dk\/produkt\/baerbar-dobbelt-fodmassagerulle\/#breadcrumb"},"inLanguage":"da-DK","potentialAction":[{"@type":"ReadAction","target":["https:\/\/mekulo.com\/dk\/produkt\/baerbar-dobbelt-fodmassagerulle\/"]}]},{"@type":"ImageObject","inLanguage":"da-DK","@id":"https:\/\/mekulo.com\/dk\/produkt\/baerbar-dobbelt-fodmassagerulle\/#primaryimage","url":"https:\/\/mekulo.com\/dk\/wp-content\/uploads\/sites\/12\/2026\/01\/69ii67z-1.webp","contentUrl":"https:\/\/mekulo.com\/dk\/wp-content\/uploads\/sites\/12\/2026\/01\/69ii67z-1.webp","width":1001,"height":1001},{"@type":"BreadcrumbList","@id":"https:\/\/mekulo.com\/dk\/produkt\/baerbar-dobbelt-fodmassagerulle\/#breadcrumb","itemListElement":[{"@type":"ListItem","position":1,"name":"Home","item":"https:\/\/mekulo.com\/dk\/"},{"@type":"ListItem","position":2,"name":"Butik","item":"https:\/\/mekulo.com\/dk\/butik\/"},{"@type":"ListItem","position":3,"name":"B\u00e6rbar dobbelt fodmassagerulle"}]},{"@type":"WebSite","@id":"https:\/\/mekulo.com\/dk\/#website","url":"https:\/\/mekulo.com\/dk\/","name":"Mekulo DK","description":"","publisher":{"@id":"https:\/\/mekulo.com\/dk\/#organization"},"potentialAction":[{"@type":"SearchAction","target":{"@type":"EntryPoint","urlTemplate":"https:\/\/mekulo.com\/dk\/?s={search_term_string}"},"query-input":{"@type":"PropertyValueSpecification","valueRequired":true,"valueName":"search_term_string"}}],"inLanguage":"da-DK"},{"@type":"Organization","@id":"https:\/\/mekulo.com\/dk\/#organization","name":"Mekulo","url":"https:\/\/mekulo.com\/dk\/","logo":{"@type":"ImageObject","inLanguage":"da-DK","@id":"https:\/\/mekulo.com\/dk\/#\/schema\/logo\/image\/","url":"https:\/\/mekulo.com\/dk\/wp-content\/uploads\/sites\/12\/2025\/12\/favicon_mekulo.png","contentUrl":"https:\/\/mekulo.com\/dk\/wp-content\/uploads\/sites\/12\/2025\/12\/favicon_mekulo.png","width":50,"height":50,"caption":"Mekulo"},"image":{"@id":"https:\/\/mekulo.com\/dk\/#\/schema\/logo\/image\/"}}]}},"_links":{"self":[{"href":"https:\/\/mekulo.com\/dk\/wp-json\/wp\/v2\/product\/18959","targetHints":{"allow":["GET"]}}],"collection":[{"href":"https:\/\/mekulo.com\/dk\/wp-json\/wp\/v2\/product"}],"about":[{"href":"https:\/\/mekulo.com\/dk\/wp-json\/wp\/v2\/types\/product"}],"replies":[{"embeddable":true,"href":"https:\/\/mekulo.com\/dk\/wp-json\/wp\/v2\/comments?post=18959"}],"wp:featuredmedia":[{"embeddable":true,"href":"https:\/\/mekulo.com\/dk\/wp-json\/wp\/v2\/media\/18955"}],"wp:attachment":[{"href":"https:\/\/mekulo.com\/dk\/wp-json\/wp\/v2\/media?parent=18959"}],"wp:term":[{"taxonomy":"product_brand","embeddable":true,"href":"https:\/\/mekulo.com\/dk\/wp-json\/wp\/v2\/product_brand?post=18959"},{"taxonomy":"product_cat","embeddable":true,"href":"https:\/\/mekulo.com\/dk\/wp-json\/wp\/v2\/product_cat?post=18959"},{"taxonomy":"product_tag","embeddable":true,"href":"https:\/\/mekulo.com\/dk\/wp-json\/wp\/v2\/product_tag?post=18959"}],"curies":[{"name":"wp","href":"https:\/\/api.w.org\/{rel}","templated":true}]}}