{"id":18841,"date":"2026-01-22T20:30:19","date_gmt":"2026-01-22T18:30:19","guid":{"rendered":"https:\/\/mekulo.com\/dk\/produkt\/elektrisk-grillpande\/"},"modified":"2026-02-03T17:16:41","modified_gmt":"2026-02-03T15:16:41","slug":"elektrisk-grillpande","status":"publish","type":"product","link":"https:\/\/mekulo.com\/dk\/produkt\/elektrisk-grillpande\/","title":{"rendered":"Elektrisk grillpande"},"content":{"rendered":"<p style=\"text-align: center;\" data-start=\"0\" data-end=\"56\"><strong data-start=\"0\" data-end=\"56\">Tilbered velsmagende m\u00e5ltider hurtigere med j\u00e6vn varme og mindre olie. \ud83e\udd69<\/strong><\/p>\n<p data-start=\"0\" data-end=\"56\"><img fetchpriority=\"high\" decoding=\"async\" class=\"size-full wp-image-20925 aligncenter\" src=\"https:\/\/mekulo.com\/template\/wp-content\/uploads\/sites\/6\/2026\/01\/dceec3b7-d4f6-4aa4-9ac5-a834d9ec4e44.webp\" alt=\"\" width=\"800\" height=\"800\" \/><\/p>\n<h2 style=\"text-align: center;\" data-start=\"288\" data-end=\"308\">Hovedfordele \ud83c\udf73<\/h2>\n<p data-start=\"311\" data-end=\"369\">\ud83d\udd25 Madlavning til flere form\u00e5l &#8211; Grill, steg, bag eller grill.<\/p>\n<p data-start=\"372\" data-end=\"434\">\ud83c\udf56 J\u00e6vn varmefordeling &#8211; Tilbereder maden j\u00e6vnt hver gang.<\/p>\n<p data-start=\"437\" data-end=\"492\">\ud83e\uddfc Nonstick-overflade &#8211; Let at reng\u00f8re efter tilberedning.<\/p>\n<p data-start=\"495\" data-end=\"558\">\ud83d\udee2\ufe0f Oliedr\u00e6ningsdesign &#8211; Hj\u00e6lper med at reducere overskydende olie og fedt.<\/p>\n<p data-start=\"561\" data-end=\"624\">\u26a1 Kraftig opvarmning &#8211; 1200W til hurtig og effektiv madlavning.<\/p>\n<p data-start=\"627\" data-end=\"686\">\ud83c\udfe0 Stabil og sikker &#8211; St\u00e6rk base holder panden stabil.<\/p>\n<p data-start=\"627\" data-end=\"686\"><img decoding=\"async\" class=\"size-full wp-image-20928 aligncenter\" src=\"https:\/\/mekulo.com\/template\/wp-content\/uploads\/sites\/6\/2026\/01\/ace0da4f-78c7-4bf5-953f-d46a587e2af1.webp\" alt=\"\" width=\"800\" height=\"800\" \/><\/p>\n<h2 style=\"text-align: center;\" data-start=\"693\" data-end=\"707\">S\u00e5dan bruges \ud83d\udccc<\/h2>\n<ol data-start=\"708\" data-end=\"953\">\n<li data-start=\"708\" data-end=\"759\">\n<p data-start=\"711\" data-end=\"759\">S\u00e6t grillpanden p\u00e5 en flad, stabil overflade.<\/p>\n<\/li>\n<li data-start=\"760\" data-end=\"793\">\n<p data-start=\"763\" data-end=\"793\">S\u00e6t den i en stikkontakt.<\/p>\n<\/li>\n<li data-start=\"794\" data-end=\"827\">\n<p data-start=\"797\" data-end=\"827\">Indstil den \u00f8nskede temperatur.<\/p>\n<\/li>\n<li data-start=\"828\" data-end=\"866\">\n<p data-start=\"831\" data-end=\"866\">Tils\u00e6t mad til nonstick-overfladen.<\/p>\n<\/li>\n<li data-start=\"867\" data-end=\"911\">\n<p data-start=\"870\" data-end=\"911\">Kog, indtil maden er f\u00e6rdig efter din smag.<\/p>\n<\/li>\n<li data-start=\"912\" data-end=\"953\">\n<p data-start=\"915\" data-end=\"953\">Tag stikket ud, og lad det k\u00f8le af f\u00f8r reng\u00f8ring.<\/p>\n<\/li>\n<\/ol>\n<h2 style=\"text-align: center;\" data-start=\"960\" data-end=\"979\">Produktdetaljer \ud83d\udccf<\/h2>\n<ul data-start=\"980\" data-end=\"1262\">\n<li data-start=\"1017\" data-end=\"1033\">\n<p data-start=\"1019\" data-end=\"1033\">Effekt: 1200W<\/p>\n<\/li>\n<li data-start=\"1034\" data-end=\"1054\">\n<p data-start=\"1036\" data-end=\"1054\">Vsp\u00e6nding: AC 110V<\/p>\n<\/li>\n<li data-start=\"1055\" data-end=\"1077\">\n<p data-start=\"1057\" data-end=\"1077\">Stiktype: EU-stik<\/p>\n<\/li>\n<li data-start=\"1078\" data-end=\"1128\">\n<p data-start=\"1080\" data-end=\"1128\">Materiale: Aluminium med nonstick-bel\u00e6gning i sten<\/p>\n<\/li>\n<li data-start=\"1129\" data-end=\"1154\">\n<p data-start=\"1131\" data-end=\"1154\">Pladsdiameter: 30 cm<\/p>\n<\/li>\n<li data-start=\"1155\" data-end=\"1199\">\n<p data-start=\"1157\" data-end=\"1199\">Design: Rund pande med olieaftapnings\u00e5bning<\/p>\n<\/li>\n<li data-start=\"1220\" data-end=\"1262\">\n<p data-start=\"1222\" data-end=\"1262\">Varmetype: J\u00e6vn og konsekvent opvarmning<\/p>\n<\/li>\n<\/ul>\n<h2 style=\"text-align: center;\" data-start=\"1269\" data-end=\"1289\">Pakken indeholder \ud83d\udce6<\/h2>\n<ul data-start=\"1290\" data-end=\"1317\" data-is-last-node=\"\" data-is-only-node=\"\">\n<li data-start=\"1290\" data-end=\"1317\" data-is-last-node=\"\">\n<p data-start=\"1292\" data-end=\"1317\" data-is-last-node=\"\">1x elektrisk grillpande.<\/p>\n<\/li>\n<\/ul>\n","protected":false},"excerpt":{"rendered":"<p>\ud83d\udc69\u200d\ud83c\udf73Dette elektrisk grillpande giver dig mulighed for at grille, stege og tilberede mange f\u00f8devarer i \u00e9t enkelt apparat.<br \/>\n\ud83d\udd25Med j\u00e6vn varme, nonstick-bel\u00e6gning og pr\u00e6cis temperaturkontrol g\u00f8r den madlavningen lettere, renere og sundere til hverdagens m\u00e5ltider.<br \/>\n\ud83c\udf56Den er perfekt til at forberede hurtig morgenmad, frokoster eller familiemiddage derhjemme.<\/p>\n","protected":false},"featured_media":18837,"comment_status":"open","ping_status":"closed","template":"","meta":{"site-sidebar-layout":"default","site-content-layout":"","ast-site-content-layout":"default","site-content-style":"default","site-sidebar-style":"default","ast-global-header-display":"","ast-banner-title-visibility":"","ast-main-header-display":"","ast-hfb-above-header-display":"","ast-hfb-below-header-display":"","ast-hfb-mobile-header-display":"","site-post-title":"","ast-breadcrumbs-content":"","ast-featured-img":"","footer-sml-layout":"","theme-transparent-header-meta":"default","adv-header-id-meta":"","stick-header-meta":"","header-above-stick-meta":"","header-main-stick-meta":"","header-below-stick-meta":"","astra-migrate-meta-layouts":"set","ast-page-background-enabled":"default","ast-page-background-meta":{"desktop":{"background-color":"var(--ast-global-color-5)","background-image":"","background-repeat":"repeat","background-position":"center center","background-size":"auto","background-attachment":"scroll","background-type":"","background-media":"","overlay-type":"","overlay-color":"","overlay-opacity":"","overlay-gradient":""},"tablet":{"background-color":"","background-image":"","background-repeat":"repeat","background-position":"center center","background-size":"auto","background-attachment":"scroll","background-type":"","background-media":"","overlay-type":"","overlay-color":"","overlay-opacity":"","overlay-gradient":""},"mobile":{"background-color":"","background-image":"","background-repeat":"repeat","background-position":"center center","background-size":"auto","background-attachment":"scroll","background-type":"","background-media":"","overlay-type":"","overlay-color":"","overlay-opacity":"","overlay-gradient":""}},"ast-content-background-meta":{"desktop":{"background-color":"var(--ast-global-color-4)","background-image":"","background-repeat":"repeat","background-position":"center center","background-size":"auto","background-attachment":"scroll","background-type":"","background-media":"","overlay-type":"","overlay-color":"","overlay-opacity":"","overlay-gradient":""},"tablet":{"background-color":"var(--ast-global-color-4)","background-image":"","background-repeat":"repeat","background-position":"center center","background-size":"auto","background-attachment":"scroll","background-type":"","background-media":"","overlay-type":"","overlay-color":"","overlay-opacity":"","overlay-gradient":""},"mobile":{"background-color":"var(--ast-global-color-4)","background-image":"","background-repeat":"repeat","background-position":"center center","background-size":"auto","background-attachment":"scroll","background-type":"","background-media":"","overlay-type":"","overlay-color":"","overlay-opacity":"","overlay-gradient":""}}},"product_brand":[],"product_cat":[15],"product_tag":[],"class_list":{"0":"post-18841","1":"product","2":"type-product","3":"status-publish","4":"has-post-thumbnail","6":"product_cat-uncategorized","7":"desktop-align-left","8":"tablet-align-left","9":"mobile-align-left","11":"first","12":"instock","13":"shipping-taxable","14":"purchasable","15":"product-type-simple"},"yoast_head":"<!-- This site is optimized with the Yoast SEO plugin v26.6 - https:\/\/yoast.com\/wordpress\/plugins\/seo\/ -->\n<title>Elektrisk grillpande - Mekulo DK<\/title>\n<meta name=\"robots\" content=\"index, follow, max-snippet:-1, max-image-preview:large, max-video-preview:-1\" \/>\n<link rel=\"canonical\" href=\"https:\/\/mekulo.com\/dk\/produkt\/elektrisk-grillpande\/\" \/>\n<meta property=\"og:locale\" content=\"da_DK\" \/>\n<meta property=\"og:type\" content=\"article\" \/>\n<meta property=\"og:title\" content=\"Elektrisk grillpande - Mekulo DK\" \/>\n<meta property=\"og:description\" content=\"\ud83d\udc69\u200d\ud83c\udf73Dette elektrisk grillpande giver dig mulighed for at grille, stege og tilberede mange f\u00f8devarer i \u00e9t enkelt apparat. \ud83d\udd25Med j\u00e6vn varme, nonstick-bel\u00e6gning og pr\u00e6cis temperaturkontrol g\u00f8r den madlavningen lettere, renere og sundere til hverdagens m\u00e5ltider. \ud83c\udf56Den er perfekt til at forberede hurtig morgenmad, frokoster eller familiemiddage derhjemme.\" \/>\n<meta property=\"og:url\" content=\"https:\/\/mekulo.com\/dk\/produkt\/elektrisk-grillpande\/\" \/>\n<meta property=\"og:site_name\" content=\"Mekulo DK\" \/>\n<meta property=\"article:modified_time\" content=\"2026-02-03T15:16:41+00:00\" \/>\n<meta property=\"og:image\" content=\"https:\/\/mekulo.com\/dk\/wp-content\/uploads\/sites\/12\/2026\/01\/mu35vno-1.webp\" \/>\n\t<meta property=\"og:image:width\" content=\"800\" \/>\n\t<meta property=\"og:image:height\" content=\"800\" \/>\n\t<meta property=\"og:image:type\" content=\"image\/webp\" \/>\n<meta name=\"twitter:card\" content=\"summary_large_image\" \/>\n<meta name=\"twitter:label1\" content=\"Estimeret l\u00e6setid\" \/>\n\t<meta name=\"twitter:data1\" content=\"2 minutter\" \/>\n<script type=\"application\/ld+json\" class=\"yoast-schema-graph\">{\"@context\":\"https:\/\/schema.org\",\"@graph\":[{\"@type\":\"WebPage\",\"@id\":\"https:\/\/mekulo.com\/dk\/produkt\/elektrisk-grillpande\/\",\"url\":\"https:\/\/mekulo.com\/dk\/produkt\/elektrisk-grillpande\/\",\"name\":\"Elektrisk grillpande - Mekulo DK\",\"isPartOf\":{\"@id\":\"https:\/\/mekulo.com\/dk\/#website\"},\"primaryImageOfPage\":{\"@id\":\"https:\/\/mekulo.com\/dk\/produkt\/elektrisk-grillpande\/#primaryimage\"},\"image\":{\"@id\":\"https:\/\/mekulo.com\/dk\/produkt\/elektrisk-grillpande\/#primaryimage\"},\"thumbnailUrl\":\"https:\/\/mekulo.com\/dk\/wp-content\/uploads\/sites\/12\/2026\/01\/mu35vno-1.webp\",\"datePublished\":\"2026-01-22T18:30:19+00:00\",\"dateModified\":\"2026-02-03T15:16:41+00:00\",\"breadcrumb\":{\"@id\":\"https:\/\/mekulo.com\/dk\/produkt\/elektrisk-grillpande\/#breadcrumb\"},\"inLanguage\":\"da-DK\",\"potentialAction\":[{\"@type\":\"ReadAction\",\"target\":[\"https:\/\/mekulo.com\/dk\/produkt\/elektrisk-grillpande\/\"]}]},{\"@type\":\"ImageObject\",\"inLanguage\":\"da-DK\",\"@id\":\"https:\/\/mekulo.com\/dk\/produkt\/elektrisk-grillpande\/#primaryimage\",\"url\":\"https:\/\/mekulo.com\/dk\/wp-content\/uploads\/sites\/12\/2026\/01\/mu35vno-1.webp\",\"contentUrl\":\"https:\/\/mekulo.com\/dk\/wp-content\/uploads\/sites\/12\/2026\/01\/mu35vno-1.webp\",\"width\":800,\"height\":800},{\"@type\":\"BreadcrumbList\",\"@id\":\"https:\/\/mekulo.com\/dk\/produkt\/elektrisk-grillpande\/#breadcrumb\",\"itemListElement\":[{\"@type\":\"ListItem\",\"position\":1,\"name\":\"Home\",\"item\":\"https:\/\/mekulo.com\/dk\/\"},{\"@type\":\"ListItem\",\"position\":2,\"name\":\"Butik\",\"item\":\"https:\/\/mekulo.com\/dk\/butik\/\"},{\"@type\":\"ListItem\",\"position\":3,\"name\":\"Elektrisk grillpande\"}]},{\"@type\":\"WebSite\",\"@id\":\"https:\/\/mekulo.com\/dk\/#website\",\"url\":\"https:\/\/mekulo.com\/dk\/\",\"name\":\"Mekulo DK\",\"description\":\"\",\"publisher\":{\"@id\":\"https:\/\/mekulo.com\/dk\/#organization\"},\"potentialAction\":[{\"@type\":\"SearchAction\",\"target\":{\"@type\":\"EntryPoint\",\"urlTemplate\":\"https:\/\/mekulo.com\/dk\/?s={search_term_string}\"},\"query-input\":{\"@type\":\"PropertyValueSpecification\",\"valueRequired\":true,\"valueName\":\"search_term_string\"}}],\"inLanguage\":\"da-DK\"},{\"@type\":\"Organization\",\"@id\":\"https:\/\/mekulo.com\/dk\/#organization\",\"name\":\"Mekulo\",\"url\":\"https:\/\/mekulo.com\/dk\/\",\"logo\":{\"@type\":\"ImageObject\",\"inLanguage\":\"da-DK\",\"@id\":\"https:\/\/mekulo.com\/dk\/#\/schema\/logo\/image\/\",\"url\":\"https:\/\/mekulo.com\/dk\/wp-content\/uploads\/sites\/12\/2025\/12\/favicon_mekulo.png\",\"contentUrl\":\"https:\/\/mekulo.com\/dk\/wp-content\/uploads\/sites\/12\/2025\/12\/favicon_mekulo.png\",\"width\":50,\"height\":50,\"caption\":\"Mekulo\"},\"image\":{\"@id\":\"https:\/\/mekulo.com\/dk\/#\/schema\/logo\/image\/\"}}]}<\/script>\n<!-- \/ Yoast SEO plugin. -->","yoast_head_json":{"title":"Elektrisk grillpande - Mekulo DK","robots":{"index":"index","follow":"follow","max-snippet":"max-snippet:-1","max-image-preview":"max-image-preview:large","max-video-preview":"max-video-preview:-1"},"canonical":"https:\/\/mekulo.com\/dk\/produkt\/elektrisk-grillpande\/","og_locale":"da_DK","og_type":"article","og_title":"Elektrisk grillpande - Mekulo DK","og_description":"\ud83d\udc69\u200d\ud83c\udf73Dette elektrisk grillpande giver dig mulighed for at grille, stege og tilberede mange f\u00f8devarer i \u00e9t enkelt apparat. \ud83d\udd25Med j\u00e6vn varme, nonstick-bel\u00e6gning og pr\u00e6cis temperaturkontrol g\u00f8r den madlavningen lettere, renere og sundere til hverdagens m\u00e5ltider. \ud83c\udf56Den er perfekt til at forberede hurtig morgenmad, frokoster eller familiemiddage derhjemme.","og_url":"https:\/\/mekulo.com\/dk\/produkt\/elektrisk-grillpande\/","og_site_name":"Mekulo DK","article_modified_time":"2026-02-03T15:16:41+00:00","og_image":[{"width":800,"height":800,"url":"https:\/\/mekulo.com\/dk\/wp-content\/uploads\/sites\/12\/2026\/01\/mu35vno-1.webp","type":"image\/webp"}],"twitter_card":"summary_large_image","twitter_misc":{"Estimeret l\u00e6setid":"2 minutter"},"schema":{"@context":"https:\/\/schema.org","@graph":[{"@type":"WebPage","@id":"https:\/\/mekulo.com\/dk\/produkt\/elektrisk-grillpande\/","url":"https:\/\/mekulo.com\/dk\/produkt\/elektrisk-grillpande\/","name":"Elektrisk grillpande - Mekulo DK","isPartOf":{"@id":"https:\/\/mekulo.com\/dk\/#website"},"primaryImageOfPage":{"@id":"https:\/\/mekulo.com\/dk\/produkt\/elektrisk-grillpande\/#primaryimage"},"image":{"@id":"https:\/\/mekulo.com\/dk\/produkt\/elektrisk-grillpande\/#primaryimage"},"thumbnailUrl":"https:\/\/mekulo.com\/dk\/wp-content\/uploads\/sites\/12\/2026\/01\/mu35vno-1.webp","datePublished":"2026-01-22T18:30:19+00:00","dateModified":"2026-02-03T15:16:41+00:00","breadcrumb":{"@id":"https:\/\/mekulo.com\/dk\/produkt\/elektrisk-grillpande\/#breadcrumb"},"inLanguage":"da-DK","potentialAction":[{"@type":"ReadAction","target":["https:\/\/mekulo.com\/dk\/produkt\/elektrisk-grillpande\/"]}]},{"@type":"ImageObject","inLanguage":"da-DK","@id":"https:\/\/mekulo.com\/dk\/produkt\/elektrisk-grillpande\/#primaryimage","url":"https:\/\/mekulo.com\/dk\/wp-content\/uploads\/sites\/12\/2026\/01\/mu35vno-1.webp","contentUrl":"https:\/\/mekulo.com\/dk\/wp-content\/uploads\/sites\/12\/2026\/01\/mu35vno-1.webp","width":800,"height":800},{"@type":"BreadcrumbList","@id":"https:\/\/mekulo.com\/dk\/produkt\/elektrisk-grillpande\/#breadcrumb","itemListElement":[{"@type":"ListItem","position":1,"name":"Home","item":"https:\/\/mekulo.com\/dk\/"},{"@type":"ListItem","position":2,"name":"Butik","item":"https:\/\/mekulo.com\/dk\/butik\/"},{"@type":"ListItem","position":3,"name":"Elektrisk grillpande"}]},{"@type":"WebSite","@id":"https:\/\/mekulo.com\/dk\/#website","url":"https:\/\/mekulo.com\/dk\/","name":"Mekulo DK","description":"","publisher":{"@id":"https:\/\/mekulo.com\/dk\/#organization"},"potentialAction":[{"@type":"SearchAction","target":{"@type":"EntryPoint","urlTemplate":"https:\/\/mekulo.com\/dk\/?s={search_term_string}"},"query-input":{"@type":"PropertyValueSpecification","valueRequired":true,"valueName":"search_term_string"}}],"inLanguage":"da-DK"},{"@type":"Organization","@id":"https:\/\/mekulo.com\/dk\/#organization","name":"Mekulo","url":"https:\/\/mekulo.com\/dk\/","logo":{"@type":"ImageObject","inLanguage":"da-DK","@id":"https:\/\/mekulo.com\/dk\/#\/schema\/logo\/image\/","url":"https:\/\/mekulo.com\/dk\/wp-content\/uploads\/sites\/12\/2025\/12\/favicon_mekulo.png","contentUrl":"https:\/\/mekulo.com\/dk\/wp-content\/uploads\/sites\/12\/2025\/12\/favicon_mekulo.png","width":50,"height":50,"caption":"Mekulo"},"image":{"@id":"https:\/\/mekulo.com\/dk\/#\/schema\/logo\/image\/"}}]}},"_links":{"self":[{"href":"https:\/\/mekulo.com\/dk\/wp-json\/wp\/v2\/product\/18841","targetHints":{"allow":["GET"]}}],"collection":[{"href":"https:\/\/mekulo.com\/dk\/wp-json\/wp\/v2\/product"}],"about":[{"href":"https:\/\/mekulo.com\/dk\/wp-json\/wp\/v2\/types\/product"}],"replies":[{"embeddable":true,"href":"https:\/\/mekulo.com\/dk\/wp-json\/wp\/v2\/comments?post=18841"}],"wp:featuredmedia":[{"embeddable":true,"href":"https:\/\/mekulo.com\/dk\/wp-json\/wp\/v2\/media\/18837"}],"wp:attachment":[{"href":"https:\/\/mekulo.com\/dk\/wp-json\/wp\/v2\/media?parent=18841"}],"wp:term":[{"taxonomy":"product_brand","embeddable":true,"href":"https:\/\/mekulo.com\/dk\/wp-json\/wp\/v2\/product_brand?post=18841"},{"taxonomy":"product_cat","embeddable":true,"href":"https:\/\/mekulo.com\/dk\/wp-json\/wp\/v2\/product_cat?post=18841"},{"taxonomy":"product_tag","embeddable":true,"href":"https:\/\/mekulo.com\/dk\/wp-json\/wp\/v2\/product_tag?post=18841"}],"curies":[{"name":"wp","href":"https:\/\/api.w.org\/{rel}","templated":true}]}}