{"id":18421,"date":"2026-01-15T19:05:03","date_gmt":"2026-01-15T17:05:03","guid":{"rendered":"https:\/\/mekulo.com\/dk\/produkt\/multifunktionel-opbevaringsboks-til-koeleskab\/"},"modified":"2026-01-21T19:47:06","modified_gmt":"2026-01-21T17:47:06","slug":"multifunktionel-opbevaringsboks-til-koeleskab","status":"publish","type":"product","link":"https:\/\/mekulo.com\/dk\/produkt\/multifunktionel-opbevaringsboks-til-koeleskab\/","title":{"rendered":"Multifunktionel opbevaringsboks til k\u00f8leskab"},"content":{"rendered":"<p style=\"text-align: center;\" data-start=\"0\" data-end=\"88\"><strong data-start=\"0\" data-end=\"88\">Hold dine frugter og gr\u00f8ntsager friske, synlige og p\u00e6nt organiserede i dit k\u00f8leskab. \ud83c\udf4b<\/strong><\/p>\n<p data-start=\"0\" data-end=\"88\"><img fetchpriority=\"high\" decoding=\"async\" class=\"size-full wp-image-20809 aligncenter\" src=\"https:\/\/mekulo.com\/template\/wp-content\/uploads\/sites\/6\/2026\/01\/spp_shopify20250924141528_b6b02f8e2aa73cfd780474f7f6aebb3a.webp\" alt=\"\" width=\"800\" height=\"800\" \/><\/p>\n<h2 style=\"text-align: center;\" data-start=\"381\" data-end=\"401\"><strong>Vigtigste fordele \ud83e\uddca<\/strong><\/h2>\n<p data-start=\"404\" data-end=\"474\">\ud83e\udd55 Holder produkterne friske &#8211; Ideel til frugt, gr\u00f8ntsager og krydderurter.<\/p>\n<p data-start=\"477\" data-end=\"537\">\ud83d\udc40 Klart design &#8211; Se indholdet uden at \u00e5bne kassen.<\/p>\n<p data-start=\"540\" data-end=\"612\">\ud83d\udeaa Passer perfekt til k\u00f8leskabsd\u00f8ren &#8211; Sparer plads og forbedrer organiseringen.<\/p>\n<p data-start=\"615\" data-end=\"674\">\ud83e\uddfc Nem at reng\u00f8re &#8211; Glat overflade, der hurtigt t\u00f8rres af.<\/p>\n<p data-start=\"677\" data-end=\"736\">\ud83d\udcaa Holdbart materiale &#8211; St\u00e6rk PP-plast til daglig brug.<\/p>\n<p data-start=\"739\" data-end=\"812\">\ud83d\udce6 Fleksible pakkemuligheder &#8211; V\u00e6lg den m\u00e6ngde, der passer til dine behov.<\/p>\n<p data-start=\"739\" data-end=\"812\"><img decoding=\"async\" class=\"size-full wp-image-20806 aligncenter\" src=\"https:\/\/mekulo.com\/template\/wp-content\/uploads\/sites\/6\/2026\/01\/S3435b2323db44eab97885b5e7322b11fV.jpg_960x960q75.jpg_.jpg\" alt=\"\" width=\"1071\" height=\"870\" \/><\/p>\n<h2 style=\"text-align: center;\" data-start=\"819\" data-end=\"833\"><strong>S\u00e5dan bruges \ud83d\udccc<\/strong><\/h2>\n<ol data-start=\"834\" data-end=\"1039\">\n<li data-start=\"834\" data-end=\"889\">\n<p data-start=\"837\" data-end=\"889\">Placer frugt eller gr\u00f8ntsager i opbevaringsboksen.<\/p>\n<\/li>\n<li data-start=\"890\" data-end=\"950\">\n<p data-start=\"893\" data-end=\"950\">S\u00e6t boksen ind i sided\u00f8ren p\u00e5 dit k\u00f8leskab.<\/p>\n<\/li>\n<li data-start=\"951\" data-end=\"992\">\n<p data-start=\"954\" data-end=\"992\">Fjern nemt varer, n\u00e5r det er n\u00f8dvendigt.<\/p>\n<\/li>\n<li data-start=\"993\" data-end=\"1039\">\n<p data-start=\"996\" data-end=\"1039\">Vask eller t\u00f8r boksen af, n\u00e5r det er n\u00f8dvendigt.<\/p>\n<\/li>\n<\/ol>\n<h2 style=\"text-align: center;\" data-start=\"1046\" data-end=\"1065\"><strong>Produktdetaljer \ud83d\udccf<\/strong><\/h2>\n<ul data-start=\"1066\" data-end=\"1354\">\n<li data-start=\"1125\" data-end=\"1157\">\n<p data-start=\"1127\" data-end=\"1157\">Materiale: Holdbar PP-plast<\/p>\n<\/li>\n<li data-start=\"1158\" data-end=\"1180\">\n<p data-start=\"1160\" data-end=\"1180\">Farve: Gennemsigtig<\/p>\n<\/li>\n<li data-start=\"1181\" data-end=\"1206\">\n<p data-start=\"1183\" data-end=\"1206\">St\u00f8rrelse: 10 x 8 x 9,5 cm<\/p>\n<\/li>\n<li data-start=\"1253\" data-end=\"1315\">\n<p data-start=\"1255\" data-end=\"1315\">Anvendelse: K\u00f8leskabsd\u00f8ropbevaring til frugt og gr\u00f8ntsager<\/p>\n<\/li>\n<li data-start=\"1316\" data-end=\"1354\">\n<p data-start=\"1318\" data-end=\"1354\">Temperaturbestandighed: Op til 105\u2103<\/p>\n<\/li>\n<\/ul>\n<h2 style=\"text-align: center;\" data-start=\"1361\" data-end=\"1381\"><strong>Pakken indeholder \ud83d\udce6<\/strong><\/h2>\n<ul data-start=\"1382\" data-end=\"1461\" data-is-last-node=\"\" data-is-only-node=\"\">\n<li data-start=\"1382\" data-end=\"1461\" data-is-last-node=\"\">\n<p data-start=\"1384\" data-end=\"1461\" data-is-last-node=\"\">1, 3, 5, 10x multifunktionel k\u00f8leskabsopbevaringsboks\/er.<\/p>\n<\/li>\n<\/ul>\n","protected":false},"excerpt":{"rendered":"<p>\ud83c\udf4eDenne multifunktionelle k\u00f8leskabsopbevaringsboks er designet til at passe perfekt i din k\u00f8leskabsd\u00f8r, hvilket g\u00f8r det nemt at opbevare frisk frugt, gr\u00f8ntsager og krydderurter.<br \/>\n\ud83d\udc69\u200d\ud83c\udf73Dets gennemsigtigt design giver dig mulighed for at se, hvad der er indeni med et \u00f8jeblik, hvilket hj\u00e6lper dig med at holde orden og reducere madspild i dit k\u00f8kken.<br \/>\n\ud83e\uded1Den kompakte st\u00f8rrelse holder tingene inden for r\u00e6kkevidde uden at optage v\u00e6rdifuld hyldeplads.<\/p>\n","protected":false},"featured_media":18417,"comment_status":"open","ping_status":"closed","template":"","meta":{"site-sidebar-layout":"default","site-content-layout":"","ast-site-content-layout":"default","site-content-style":"default","site-sidebar-style":"default","ast-global-header-display":"","ast-banner-title-visibility":"","ast-main-header-display":"","ast-hfb-above-header-display":"","ast-hfb-below-header-display":"","ast-hfb-mobile-header-display":"","site-post-title":"","ast-breadcrumbs-content":"","ast-featured-img":"","footer-sml-layout":"","ast-disable-related-posts":"","theme-transparent-header-meta":"default","adv-header-id-meta":"","stick-header-meta":"","header-above-stick-meta":"","header-main-stick-meta":"","header-below-stick-meta":"","astra-migrate-meta-layouts":"set","ast-page-background-enabled":"default","ast-page-background-meta":{"desktop":{"background-color":"var(--ast-global-color-5)","background-image":"","background-repeat":"repeat","background-position":"center center","background-size":"auto","background-attachment":"scroll","background-type":"","background-media":"","overlay-type":"","overlay-color":"","overlay-opacity":"","overlay-gradient":""},"tablet":{"background-color":"","background-image":"","background-repeat":"repeat","background-position":"center center","background-size":"auto","background-attachment":"scroll","background-type":"","background-media":"","overlay-type":"","overlay-color":"","overlay-opacity":"","overlay-gradient":""},"mobile":{"background-color":"","background-image":"","background-repeat":"repeat","background-position":"center center","background-size":"auto","background-attachment":"scroll","background-type":"","background-media":"","overlay-type":"","overlay-color":"","overlay-opacity":"","overlay-gradient":""}},"ast-content-background-meta":{"desktop":{"background-color":"var(--ast-global-color-4)","background-image":"","background-repeat":"repeat","background-position":"center center","background-size":"auto","background-attachment":"scroll","background-type":"","background-media":"","overlay-type":"","overlay-color":"","overlay-opacity":"","overlay-gradient":""},"tablet":{"background-color":"var(--ast-global-color-4)","background-image":"","background-repeat":"repeat","background-position":"center center","background-size":"auto","background-attachment":"scroll","background-type":"","background-media":"","overlay-type":"","overlay-color":"","overlay-opacity":"","overlay-gradient":""},"mobile":{"background-color":"var(--ast-global-color-4)","background-image":"","background-repeat":"repeat","background-position":"center center","background-size":"auto","background-attachment":"scroll","background-type":"","background-media":"","overlay-type":"","overlay-color":"","overlay-opacity":"","overlay-gradient":""}}},"product_brand":[],"product_cat":[168],"product_tag":[],"class_list":{"0":"post-18421","1":"product","2":"type-product","3":"status-publish","4":"has-post-thumbnail","6":"product_cat-husholdningsartikler","7":"pa_50194_172amyd6-1-stk","8":"pa_50194_172amyd6-10-stk","9":"pa_50194_172amyd6-3-stk","10":"pa_50194_172amyd6-5-stk","11":"desktop-align-left","12":"tablet-align-left","13":"mobile-align-left","15":"first","16":"instock","17":"shipping-taxable","18":"purchasable","19":"product-type-variable"},"yoast_head":"<!-- This site is optimized with the Yoast SEO plugin v27.4 - https:\/\/yoast.com\/product\/yoast-seo-wordpress\/ -->\n<title>Multifunktionel opbevaringsboks til k\u00f8leskab - Mekulo DK<\/title>\n<meta name=\"robots\" content=\"index, follow, max-snippet:-1, max-image-preview:large, max-video-preview:-1\" \/>\n<link rel=\"canonical\" href=\"https:\/\/mekulo.com\/dk\/produkt\/multifunktionel-opbevaringsboks-til-koeleskab\/\" \/>\n<meta property=\"og:locale\" content=\"da_DK\" \/>\n<meta property=\"og:type\" content=\"article\" \/>\n<meta property=\"og:title\" content=\"Multifunktionel opbevaringsboks til k\u00f8leskab - Mekulo DK\" \/>\n<meta property=\"og:description\" content=\"\ud83c\udf4eDenne multifunktionelle k\u00f8leskabsopbevaringsboks er designet til at passe perfekt i din k\u00f8leskabsd\u00f8r, hvilket g\u00f8r det nemt at opbevare frisk frugt, gr\u00f8ntsager og krydderurter. \ud83d\udc69\u200d\ud83c\udf73Dets gennemsigtigt design giver dig mulighed for at se, hvad der er indeni med et \u00f8jeblik, hvilket hj\u00e6lper dig med at holde orden og reducere madspild i dit k\u00f8kken. \ud83e\uded1Den kompakte st\u00f8rrelse holder tingene inden for r\u00e6kkevidde uden at optage v\u00e6rdifuld hyldeplads.\" \/>\n<meta property=\"og:url\" content=\"https:\/\/mekulo.com\/dk\/produkt\/multifunktionel-opbevaringsboks-til-koeleskab\/\" \/>\n<meta property=\"og:site_name\" content=\"Mekulo DK\" \/>\n<meta property=\"article:modified_time\" content=\"2026-01-21T17:47:06+00:00\" \/>\n<meta property=\"og:image\" content=\"https:\/\/mekulo.com\/dk\/wp-content\/uploads\/sites\/12\/2026\/01\/zqu1dff-1.webp\" \/>\n\t<meta property=\"og:image:width\" content=\"713\" \/>\n\t<meta property=\"og:image:height\" content=\"713\" \/>\n\t<meta property=\"og:image:type\" content=\"image\/webp\" \/>\n<meta name=\"twitter:card\" content=\"summary_large_image\" \/>\n<meta name=\"twitter:label1\" content=\"Estimeret l\u00e6setid\" \/>\n\t<meta name=\"twitter:data1\" content=\"2 minutter\" \/>\n<script type=\"application\/ld+json\" class=\"yoast-schema-graph\">{\"@context\":\"https:\\\/\\\/schema.org\",\"@graph\":[{\"@type\":\"WebPage\",\"@id\":\"https:\\\/\\\/mekulo.com\\\/dk\\\/produkt\\\/multifunktionel-opbevaringsboks-til-koeleskab\\\/\",\"url\":\"https:\\\/\\\/mekulo.com\\\/dk\\\/produkt\\\/multifunktionel-opbevaringsboks-til-koeleskab\\\/\",\"name\":\"Multifunktionel opbevaringsboks til k\u00f8leskab - Mekulo DK\",\"isPartOf\":{\"@id\":\"https:\\\/\\\/mekulo.com\\\/dk\\\/#website\"},\"primaryImageOfPage\":{\"@id\":\"https:\\\/\\\/mekulo.com\\\/dk\\\/produkt\\\/multifunktionel-opbevaringsboks-til-koeleskab\\\/#primaryimage\"},\"image\":{\"@id\":\"https:\\\/\\\/mekulo.com\\\/dk\\\/produkt\\\/multifunktionel-opbevaringsboks-til-koeleskab\\\/#primaryimage\"},\"thumbnailUrl\":\"https:\\\/\\\/mekulo.com\\\/dk\\\/wp-content\\\/uploads\\\/sites\\\/12\\\/2026\\\/01\\\/zqu1dff-1.webp\",\"datePublished\":\"2026-01-15T17:05:03+00:00\",\"dateModified\":\"2026-01-21T17:47:06+00:00\",\"breadcrumb\":{\"@id\":\"https:\\\/\\\/mekulo.com\\\/dk\\\/produkt\\\/multifunktionel-opbevaringsboks-til-koeleskab\\\/#breadcrumb\"},\"inLanguage\":\"da-DK\",\"potentialAction\":[{\"@type\":\"ReadAction\",\"target\":[\"https:\\\/\\\/mekulo.com\\\/dk\\\/produkt\\\/multifunktionel-opbevaringsboks-til-koeleskab\\\/\"]}]},{\"@type\":\"ImageObject\",\"inLanguage\":\"da-DK\",\"@id\":\"https:\\\/\\\/mekulo.com\\\/dk\\\/produkt\\\/multifunktionel-opbevaringsboks-til-koeleskab\\\/#primaryimage\",\"url\":\"https:\\\/\\\/mekulo.com\\\/dk\\\/wp-content\\\/uploads\\\/sites\\\/12\\\/2026\\\/01\\\/zqu1dff-1.webp\",\"contentUrl\":\"https:\\\/\\\/mekulo.com\\\/dk\\\/wp-content\\\/uploads\\\/sites\\\/12\\\/2026\\\/01\\\/zqu1dff-1.webp\",\"width\":713,\"height\":713},{\"@type\":\"BreadcrumbList\",\"@id\":\"https:\\\/\\\/mekulo.com\\\/dk\\\/produkt\\\/multifunktionel-opbevaringsboks-til-koeleskab\\\/#breadcrumb\",\"itemListElement\":[{\"@type\":\"ListItem\",\"position\":1,\"name\":\"Home\",\"item\":\"https:\\\/\\\/mekulo.com\\\/dk\\\/\"},{\"@type\":\"ListItem\",\"position\":2,\"name\":\"Butik\",\"item\":\"https:\\\/\\\/mekulo.com\\\/dk\\\/butik\\\/\"},{\"@type\":\"ListItem\",\"position\":3,\"name\":\"Multifunktionel opbevaringsboks til k\u00f8leskab\"}]},{\"@type\":\"WebSite\",\"@id\":\"https:\\\/\\\/mekulo.com\\\/dk\\\/#website\",\"url\":\"https:\\\/\\\/mekulo.com\\\/dk\\\/\",\"name\":\"Mekulo DK\",\"description\":\"\",\"publisher\":{\"@id\":\"https:\\\/\\\/mekulo.com\\\/dk\\\/#organization\"},\"potentialAction\":[{\"@type\":\"SearchAction\",\"target\":{\"@type\":\"EntryPoint\",\"urlTemplate\":\"https:\\\/\\\/mekulo.com\\\/dk\\\/?s={search_term_string}\"},\"query-input\":{\"@type\":\"PropertyValueSpecification\",\"valueRequired\":true,\"valueName\":\"search_term_string\"}}],\"inLanguage\":\"da-DK\"},{\"@type\":\"Organization\",\"@id\":\"https:\\\/\\\/mekulo.com\\\/dk\\\/#organization\",\"name\":\"Mekulo\",\"url\":\"https:\\\/\\\/mekulo.com\\\/dk\\\/\",\"logo\":{\"@type\":\"ImageObject\",\"inLanguage\":\"da-DK\",\"@id\":\"https:\\\/\\\/mekulo.com\\\/dk\\\/#\\\/schema\\\/logo\\\/image\\\/\",\"url\":\"https:\\\/\\\/mekulo.com\\\/dk\\\/wp-content\\\/uploads\\\/sites\\\/12\\\/2025\\\/12\\\/favicon_mekulo.png\",\"contentUrl\":\"https:\\\/\\\/mekulo.com\\\/dk\\\/wp-content\\\/uploads\\\/sites\\\/12\\\/2025\\\/12\\\/favicon_mekulo.png\",\"width\":50,\"height\":50,\"caption\":\"Mekulo\"},\"image\":{\"@id\":\"https:\\\/\\\/mekulo.com\\\/dk\\\/#\\\/schema\\\/logo\\\/image\\\/\"}}]}<\/script>\n<!-- \/ Yoast SEO plugin. -->","yoast_head_json":{"title":"Multifunktionel opbevaringsboks til k\u00f8leskab - Mekulo DK","robots":{"index":"index","follow":"follow","max-snippet":"max-snippet:-1","max-image-preview":"max-image-preview:large","max-video-preview":"max-video-preview:-1"},"canonical":"https:\/\/mekulo.com\/dk\/produkt\/multifunktionel-opbevaringsboks-til-koeleskab\/","og_locale":"da_DK","og_type":"article","og_title":"Multifunktionel opbevaringsboks til k\u00f8leskab - Mekulo DK","og_description":"\ud83c\udf4eDenne multifunktionelle k\u00f8leskabsopbevaringsboks er designet til at passe perfekt i din k\u00f8leskabsd\u00f8r, hvilket g\u00f8r det nemt at opbevare frisk frugt, gr\u00f8ntsager og krydderurter. \ud83d\udc69\u200d\ud83c\udf73Dets gennemsigtigt design giver dig mulighed for at se, hvad der er indeni med et \u00f8jeblik, hvilket hj\u00e6lper dig med at holde orden og reducere madspild i dit k\u00f8kken. \ud83e\uded1Den kompakte st\u00f8rrelse holder tingene inden for r\u00e6kkevidde uden at optage v\u00e6rdifuld hyldeplads.","og_url":"https:\/\/mekulo.com\/dk\/produkt\/multifunktionel-opbevaringsboks-til-koeleskab\/","og_site_name":"Mekulo DK","article_modified_time":"2026-01-21T17:47:06+00:00","og_image":[{"width":713,"height":713,"url":"https:\/\/mekulo.com\/dk\/wp-content\/uploads\/sites\/12\/2026\/01\/zqu1dff-1.webp","type":"image\/webp"}],"twitter_card":"summary_large_image","twitter_misc":{"Estimeret l\u00e6setid":"2 minutter"},"schema":{"@context":"https:\/\/schema.org","@graph":[{"@type":"WebPage","@id":"https:\/\/mekulo.com\/dk\/produkt\/multifunktionel-opbevaringsboks-til-koeleskab\/","url":"https:\/\/mekulo.com\/dk\/produkt\/multifunktionel-opbevaringsboks-til-koeleskab\/","name":"Multifunktionel opbevaringsboks til k\u00f8leskab - Mekulo DK","isPartOf":{"@id":"https:\/\/mekulo.com\/dk\/#website"},"primaryImageOfPage":{"@id":"https:\/\/mekulo.com\/dk\/produkt\/multifunktionel-opbevaringsboks-til-koeleskab\/#primaryimage"},"image":{"@id":"https:\/\/mekulo.com\/dk\/produkt\/multifunktionel-opbevaringsboks-til-koeleskab\/#primaryimage"},"thumbnailUrl":"https:\/\/mekulo.com\/dk\/wp-content\/uploads\/sites\/12\/2026\/01\/zqu1dff-1.webp","datePublished":"2026-01-15T17:05:03+00:00","dateModified":"2026-01-21T17:47:06+00:00","breadcrumb":{"@id":"https:\/\/mekulo.com\/dk\/produkt\/multifunktionel-opbevaringsboks-til-koeleskab\/#breadcrumb"},"inLanguage":"da-DK","potentialAction":[{"@type":"ReadAction","target":["https:\/\/mekulo.com\/dk\/produkt\/multifunktionel-opbevaringsboks-til-koeleskab\/"]}]},{"@type":"ImageObject","inLanguage":"da-DK","@id":"https:\/\/mekulo.com\/dk\/produkt\/multifunktionel-opbevaringsboks-til-koeleskab\/#primaryimage","url":"https:\/\/mekulo.com\/dk\/wp-content\/uploads\/sites\/12\/2026\/01\/zqu1dff-1.webp","contentUrl":"https:\/\/mekulo.com\/dk\/wp-content\/uploads\/sites\/12\/2026\/01\/zqu1dff-1.webp","width":713,"height":713},{"@type":"BreadcrumbList","@id":"https:\/\/mekulo.com\/dk\/produkt\/multifunktionel-opbevaringsboks-til-koeleskab\/#breadcrumb","itemListElement":[{"@type":"ListItem","position":1,"name":"Home","item":"https:\/\/mekulo.com\/dk\/"},{"@type":"ListItem","position":2,"name":"Butik","item":"https:\/\/mekulo.com\/dk\/butik\/"},{"@type":"ListItem","position":3,"name":"Multifunktionel opbevaringsboks til k\u00f8leskab"}]},{"@type":"WebSite","@id":"https:\/\/mekulo.com\/dk\/#website","url":"https:\/\/mekulo.com\/dk\/","name":"Mekulo DK","description":"","publisher":{"@id":"https:\/\/mekulo.com\/dk\/#organization"},"potentialAction":[{"@type":"SearchAction","target":{"@type":"EntryPoint","urlTemplate":"https:\/\/mekulo.com\/dk\/?s={search_term_string}"},"query-input":{"@type":"PropertyValueSpecification","valueRequired":true,"valueName":"search_term_string"}}],"inLanguage":"da-DK"},{"@type":"Organization","@id":"https:\/\/mekulo.com\/dk\/#organization","name":"Mekulo","url":"https:\/\/mekulo.com\/dk\/","logo":{"@type":"ImageObject","inLanguage":"da-DK","@id":"https:\/\/mekulo.com\/dk\/#\/schema\/logo\/image\/","url":"https:\/\/mekulo.com\/dk\/wp-content\/uploads\/sites\/12\/2025\/12\/favicon_mekulo.png","contentUrl":"https:\/\/mekulo.com\/dk\/wp-content\/uploads\/sites\/12\/2025\/12\/favicon_mekulo.png","width":50,"height":50,"caption":"Mekulo"},"image":{"@id":"https:\/\/mekulo.com\/dk\/#\/schema\/logo\/image\/"}}]}},"_links":{"self":[{"href":"https:\/\/mekulo.com\/dk\/wp-json\/wp\/v2\/product\/18421","targetHints":{"allow":["GET"]}}],"collection":[{"href":"https:\/\/mekulo.com\/dk\/wp-json\/wp\/v2\/product"}],"about":[{"href":"https:\/\/mekulo.com\/dk\/wp-json\/wp\/v2\/types\/product"}],"replies":[{"embeddable":true,"href":"https:\/\/mekulo.com\/dk\/wp-json\/wp\/v2\/comments?post=18421"}],"wp:featuredmedia":[{"embeddable":true,"href":"https:\/\/mekulo.com\/dk\/wp-json\/wp\/v2\/media\/18417"}],"wp:attachment":[{"href":"https:\/\/mekulo.com\/dk\/wp-json\/wp\/v2\/media?parent=18421"}],"wp:term":[{"taxonomy":"product_brand","embeddable":true,"href":"https:\/\/mekulo.com\/dk\/wp-json\/wp\/v2\/product_brand?post=18421"},{"taxonomy":"product_cat","embeddable":true,"href":"https:\/\/mekulo.com\/dk\/wp-json\/wp\/v2\/product_cat?post=18421"},{"taxonomy":"product_tag","embeddable":true,"href":"https:\/\/mekulo.com\/dk\/wp-json\/wp\/v2\/product_tag?post=18421"}],"curies":[{"name":"wp","href":"https:\/\/api.w.org\/{rel}","templated":true}]}}