{"id":18401,"date":"2026-01-15T19:02:24","date_gmt":"2026-01-15T17:02:24","guid":{"rendered":"https:\/\/mekulo.com\/dk\/produkt\/multifunktionel-groentsagsskraeller-2-stk\/"},"modified":"2026-01-21T19:42:02","modified_gmt":"2026-01-21T17:42:02","slug":"multifunktionel-groentsagsskraeller-2-stk","status":"publish","type":"product","link":"https:\/\/mekulo.com\/dk\/produkt\/multifunktionel-groentsagsskraeller-2-stk\/","title":{"rendered":"Multifunktionel gr\u00f8ntsagsskr\u00e6ller (2 stk.)"},"content":{"rendered":"<p style=\"text-align: center;\" data-start=\"0\" data-end=\"63\"><strong data-start=\"0\" data-end=\"63\">Skr\u00e6l, sk\u00e6r og \u00e5bn flasker med \u00e9t enkelt k\u00f8kkenredskab. \ud83d\udd2a<\/strong><\/p>\n<p data-start=\"0\" data-end=\"63\"><img fetchpriority=\"high\" decoding=\"async\" class=\"size-full wp-image-20793 aligncenter\" src=\"https:\/\/mekulo.com\/template\/wp-content\/uploads\/sites\/6\/2026\/01\/S9a3c8793d95a46b2bdf28ddbba325707j.jpg_960x960q75.jpg_.avif\" alt=\"\" width=\"812\" height=\"812\" \/><\/p>\n<h2 style=\"text-align: center;\" data-start=\"314\" data-end=\"334\"><strong>Vigtigste fordele \ud83e\udd55<\/strong><\/h2>\n<p data-start=\"337\" data-end=\"401\">\ud83d\udd2a Multifunktionelt design &#8211; Skr\u00e6ller, sk\u00e6rer og \u00e5bner flasker.<\/p>\n<p data-start=\"404\" data-end=\"479\">\ud83e\udd52 Skarpt blad i rustfrit st\u00e5l &#8211; Glat, tynd skr\u00e6lning med mindre spild.<\/p>\n<p data-start=\"482\" data-end=\"559\">\ud83c\udf4e Fungerer p\u00e5 mange f\u00f8devarer &#8211; Kartofler, guler\u00f8dder, agurker, \u00e6bler og meget mere.<\/p>\n<p data-start=\"562\" data-end=\"621\">\u270b Behageligt tr\u00e6h\u00e5ndtag &#8211; Naturligt, skridsikkert greb.<\/p>\n<p data-start=\"624\" data-end=\"691\">\u23f1\ufe0f Sparer tid og kr\u00e6fter &#8211; Hurtigere og nemmere tilberedning af m\u00e5ltider.<\/p>\n<p data-start=\"694\" data-end=\"756\">\ud83c\udfe0 Uundv\u00e6rlig i k\u00f8kkenet &#8211; Perfekt til madlavning i hjemmet.<\/p>\n<p data-start=\"694\" data-end=\"756\"><img decoding=\"async\" class=\"size-full wp-image-20794 aligncenter\" src=\"https:\/\/mekulo.com\/template\/wp-content\/uploads\/sites\/6\/2026\/01\/Se06814b68933467ba1440b4bf625df645.jpg_960x960q75.jpg_.avif\" alt=\"\" width=\"812\" height=\"812\" \/><\/p>\n<h2 style=\"text-align: center;\" data-start=\"763\" data-end=\"777\"><strong>S\u00e5dan Bruges \ud83d\udccc<\/strong><\/h2>\n<ol data-start=\"778\" data-end=\"1065\">\n<li data-start=\"778\" data-end=\"820\">\n<p data-start=\"781\" data-end=\"820\">Hold skr\u00e6lleren i tr\u00e6h\u00e5ndtaget.<\/p>\n<\/li>\n<li data-start=\"821\" data-end=\"878\">\n<p data-start=\"824\" data-end=\"878\">Placer bladet mod gr\u00f8ntsags- eller frugtskallen.<\/p>\n<\/li>\n<li data-start=\"879\" data-end=\"931\">\n<p data-start=\"882\" data-end=\"931\">Tr\u00e6k skr\u00e6lleren glat for at fjerne tynde lag.<\/p>\n<\/li>\n<li data-start=\"932\" data-end=\"983\">\n<p data-start=\"935\" data-end=\"983\">Brug sk\u00e6rekanten til hurtige snit, hvis det er n\u00f8dvendigt.<\/p>\n<\/li>\n<li data-start=\"984\" data-end=\"1035\">\n<p data-start=\"987\" data-end=\"1035\">Brug den indbyggede metal\u00e5bner til at \u00e5bne flasker.<\/p>\n<\/li>\n<li data-start=\"1036\" data-end=\"1065\">\n<p data-start=\"1039\" data-end=\"1065\">Skyl og t\u00f8r efter brug.<\/p>\n<\/li>\n<\/ol>\n<h2 style=\"text-align: center;\" data-start=\"1072\" data-end=\"1091\"><strong>Produktdetaljer \ud83d\udccf<\/strong><\/h2>\n<ul data-start=\"1092\" data-end=\"1395\">\n<li data-start=\"1137\" data-end=\"1187\">\n<p data-start=\"1139\" data-end=\"1187\">Materiale: Klinge i rustfrit st\u00e5l, h\u00e5ndtag i tr\u00e6<\/p>\n<\/li>\n<li data-start=\"1188\" data-end=\"1234\">\n<p data-start=\"1190\" data-end=\"1234\">St\u00f8rrelse: Ca. 19 x 4 cm<\/p>\n<\/li>\n<li data-start=\"1235\" data-end=\"1282\">\n<p data-start=\"1237\" data-end=\"1282\">Funktioner: Skr\u00e6lning, udsk\u00e6ring, flaske\u00e5bning<\/p>\n<\/li>\n<li data-start=\"1283\" data-end=\"1342\">\n<p data-start=\"1285\" data-end=\"1342\">H\u00e5ndtagets design: Ergonomisk, skridsikkert, naturligt tr\u00e6korn<\/p>\n<\/li>\n<li data-start=\"1343\" data-end=\"1395\">\n<p data-start=\"1345\" data-end=\"1395\">Velegnet til: Frugt og gr\u00f8ntsager af alle typer<\/p>\n<\/li>\n<\/ul>\n<h2 style=\"text-align: center;\" data-start=\"1402\" data-end=\"1422\"><strong>Pakken indeholder \ud83d\udce6<\/strong><\/h2>\n<ul data-start=\"1423\" data-end=\"1474\" data-is-last-node=\"\" data-is-only-node=\"\">\n<li data-start=\"1423\" data-end=\"1474\" data-is-last-node=\"\">\n<p data-start=\"1425\" data-end=\"1474\" data-is-last-node=\"\">2x multifunktionelle gr\u00f8ntsagsskr\u00e6llere.<\/p>\n<\/li>\n<\/ul>\n","protected":false},"excerpt":{"rendered":"<p>\ud83e\uded1Denne multifunktionelle gr\u00f8ntsagsskr\u00e6ller er designet til at g\u00f8re hverdagens madlavning hurtigere og nemmere.<br \/>\n\ud83d\udc69\u200d\ud83c\udf73Det kombinerer skr\u00e6lning, udsk\u00e6ring og \u00e5bning af flasker i \u00e9t kompakt v\u00e6rkt\u00f8j, hvilket hj\u00e6lper dig med at spare tid, reducere rod og arbejde mere effektivt i k\u00f8kkenet.<br \/>\n\ud83d\udd2aDet skarpe blad i rustfrit st\u00e5l og det behagelige tr\u00e6h\u00e5ndtag g\u00f8r den nem at bruge til b\u00e5de hurtige m\u00e5ltider og detaljerede madlavningsopgaver.<\/p>\n","protected":false},"featured_media":18398,"comment_status":"open","ping_status":"closed","template":"","meta":{"site-sidebar-layout":"default","site-content-layout":"","ast-site-content-layout":"default","site-content-style":"default","site-sidebar-style":"default","ast-global-header-display":"","ast-banner-title-visibility":"","ast-main-header-display":"","ast-hfb-above-header-display":"","ast-hfb-below-header-display":"","ast-hfb-mobile-header-display":"","site-post-title":"","ast-breadcrumbs-content":"","ast-featured-img":"","footer-sml-layout":"","ast-disable-related-posts":"","theme-transparent-header-meta":"default","adv-header-id-meta":"","stick-header-meta":"","header-above-stick-meta":"","header-main-stick-meta":"","header-below-stick-meta":"","astra-migrate-meta-layouts":"set","ast-page-background-enabled":"default","ast-page-background-meta":{"desktop":{"background-color":"var(--ast-global-color-5)","background-image":"","background-repeat":"repeat","background-position":"center center","background-size":"auto","background-attachment":"scroll","background-type":"","background-media":"","overlay-type":"","overlay-color":"","overlay-opacity":"","overlay-gradient":""},"tablet":{"background-color":"","background-image":"","background-repeat":"repeat","background-position":"center center","background-size":"auto","background-attachment":"scroll","background-type":"","background-media":"","overlay-type":"","overlay-color":"","overlay-opacity":"","overlay-gradient":""},"mobile":{"background-color":"","background-image":"","background-repeat":"repeat","background-position":"center center","background-size":"auto","background-attachment":"scroll","background-type":"","background-media":"","overlay-type":"","overlay-color":"","overlay-opacity":"","overlay-gradient":""}},"ast-content-background-meta":{"desktop":{"background-color":"var(--ast-global-color-4)","background-image":"","background-repeat":"repeat","background-position":"center center","background-size":"auto","background-attachment":"scroll","background-type":"","background-media":"","overlay-type":"","overlay-color":"","overlay-opacity":"","overlay-gradient":""},"tablet":{"background-color":"var(--ast-global-color-4)","background-image":"","background-repeat":"repeat","background-position":"center center","background-size":"auto","background-attachment":"scroll","background-type":"","background-media":"","overlay-type":"","overlay-color":"","overlay-opacity":"","overlay-gradient":""},"mobile":{"background-color":"var(--ast-global-color-4)","background-image":"","background-repeat":"repeat","background-position":"center center","background-size":"auto","background-attachment":"scroll","background-type":"","background-media":"","overlay-type":"","overlay-color":"","overlay-opacity":"","overlay-gradient":""}}},"product_brand":[],"product_cat":[168],"product_tag":[],"class_list":{"0":"post-18401","1":"product","2":"type-product","3":"status-publish","4":"has-post-thumbnail","6":"product_cat-husholdningsartikler","7":"desktop-align-left","8":"tablet-align-left","9":"mobile-align-left","11":"first","12":"instock","13":"shipping-taxable","14":"purchasable","15":"product-type-simple"},"yoast_head":"<!-- This site is optimized with the Yoast SEO plugin v27.4 - https:\/\/yoast.com\/product\/yoast-seo-wordpress\/ -->\n<title>Multifunktionel gr\u00f8ntsagsskr\u00e6ller (2 stk.) - Mekulo DK<\/title>\n<meta name=\"robots\" content=\"index, follow, max-snippet:-1, max-image-preview:large, max-video-preview:-1\" \/>\n<link rel=\"canonical\" href=\"https:\/\/mekulo.com\/dk\/produkt\/multifunktionel-groentsagsskraeller-2-stk\/\" \/>\n<meta property=\"og:locale\" content=\"da_DK\" \/>\n<meta property=\"og:type\" content=\"article\" \/>\n<meta property=\"og:title\" content=\"Multifunktionel gr\u00f8ntsagsskr\u00e6ller (2 stk.) - Mekulo DK\" \/>\n<meta property=\"og:description\" content=\"\ud83e\uded1Denne multifunktionelle gr\u00f8ntsagsskr\u00e6ller er designet til at g\u00f8re hverdagens madlavning hurtigere og nemmere. \ud83d\udc69\u200d\ud83c\udf73Det kombinerer skr\u00e6lning, udsk\u00e6ring og \u00e5bning af flasker i \u00e9t kompakt v\u00e6rkt\u00f8j, hvilket hj\u00e6lper dig med at spare tid, reducere rod og arbejde mere effektivt i k\u00f8kkenet. \ud83d\udd2aDet skarpe blad i rustfrit st\u00e5l og det behagelige tr\u00e6h\u00e5ndtag g\u00f8r den nem at bruge til b\u00e5de hurtige m\u00e5ltider og detaljerede madlavningsopgaver.\" \/>\n<meta property=\"og:url\" content=\"https:\/\/mekulo.com\/dk\/produkt\/multifunktionel-groentsagsskraeller-2-stk\/\" \/>\n<meta property=\"og:site_name\" content=\"Mekulo DK\" \/>\n<meta property=\"article:modified_time\" content=\"2026-01-21T17:42:02+00:00\" \/>\n<meta property=\"og:image\" content=\"https:\/\/mekulo.com\/dk\/wp-content\/uploads\/sites\/12\/2026\/01\/gdojju7-1.jpg\" \/>\n\t<meta property=\"og:image:width\" content=\"1080\" \/>\n\t<meta property=\"og:image:height\" content=\"1080\" \/>\n\t<meta property=\"og:image:type\" content=\"image\/jpeg\" \/>\n<meta name=\"twitter:card\" content=\"summary_large_image\" \/>\n<meta name=\"twitter:label1\" content=\"Estimeret l\u00e6setid\" \/>\n\t<meta name=\"twitter:data1\" content=\"2 minutter\" \/>\n<script type=\"application\/ld+json\" class=\"yoast-schema-graph\">{\"@context\":\"https:\\\/\\\/schema.org\",\"@graph\":[{\"@type\":\"WebPage\",\"@id\":\"https:\\\/\\\/mekulo.com\\\/dk\\\/produkt\\\/multifunktionel-groentsagsskraeller-2-stk\\\/\",\"url\":\"https:\\\/\\\/mekulo.com\\\/dk\\\/produkt\\\/multifunktionel-groentsagsskraeller-2-stk\\\/\",\"name\":\"Multifunktionel gr\u00f8ntsagsskr\u00e6ller (2 stk.) - Mekulo DK\",\"isPartOf\":{\"@id\":\"https:\\\/\\\/mekulo.com\\\/dk\\\/#website\"},\"primaryImageOfPage\":{\"@id\":\"https:\\\/\\\/mekulo.com\\\/dk\\\/produkt\\\/multifunktionel-groentsagsskraeller-2-stk\\\/#primaryimage\"},\"image\":{\"@id\":\"https:\\\/\\\/mekulo.com\\\/dk\\\/produkt\\\/multifunktionel-groentsagsskraeller-2-stk\\\/#primaryimage\"},\"thumbnailUrl\":\"https:\\\/\\\/mekulo.com\\\/dk\\\/wp-content\\\/uploads\\\/sites\\\/12\\\/2026\\\/01\\\/gdojju7-1.jpg\",\"datePublished\":\"2026-01-15T17:02:24+00:00\",\"dateModified\":\"2026-01-21T17:42:02+00:00\",\"breadcrumb\":{\"@id\":\"https:\\\/\\\/mekulo.com\\\/dk\\\/produkt\\\/multifunktionel-groentsagsskraeller-2-stk\\\/#breadcrumb\"},\"inLanguage\":\"da-DK\",\"potentialAction\":[{\"@type\":\"ReadAction\",\"target\":[\"https:\\\/\\\/mekulo.com\\\/dk\\\/produkt\\\/multifunktionel-groentsagsskraeller-2-stk\\\/\"]}]},{\"@type\":\"ImageObject\",\"inLanguage\":\"da-DK\",\"@id\":\"https:\\\/\\\/mekulo.com\\\/dk\\\/produkt\\\/multifunktionel-groentsagsskraeller-2-stk\\\/#primaryimage\",\"url\":\"https:\\\/\\\/mekulo.com\\\/dk\\\/wp-content\\\/uploads\\\/sites\\\/12\\\/2026\\\/01\\\/gdojju7-1.jpg\",\"contentUrl\":\"https:\\\/\\\/mekulo.com\\\/dk\\\/wp-content\\\/uploads\\\/sites\\\/12\\\/2026\\\/01\\\/gdojju7-1.jpg\",\"width\":1080,\"height\":1080},{\"@type\":\"BreadcrumbList\",\"@id\":\"https:\\\/\\\/mekulo.com\\\/dk\\\/produkt\\\/multifunktionel-groentsagsskraeller-2-stk\\\/#breadcrumb\",\"itemListElement\":[{\"@type\":\"ListItem\",\"position\":1,\"name\":\"Home\",\"item\":\"https:\\\/\\\/mekulo.com\\\/dk\\\/\"},{\"@type\":\"ListItem\",\"position\":2,\"name\":\"Butik\",\"item\":\"https:\\\/\\\/mekulo.com\\\/dk\\\/butik\\\/\"},{\"@type\":\"ListItem\",\"position\":3,\"name\":\"Multifunktionel gr\u00f8ntsagsskr\u00e6ller (2 stk.)\"}]},{\"@type\":\"WebSite\",\"@id\":\"https:\\\/\\\/mekulo.com\\\/dk\\\/#website\",\"url\":\"https:\\\/\\\/mekulo.com\\\/dk\\\/\",\"name\":\"Mekulo DK\",\"description\":\"\",\"publisher\":{\"@id\":\"https:\\\/\\\/mekulo.com\\\/dk\\\/#organization\"},\"potentialAction\":[{\"@type\":\"SearchAction\",\"target\":{\"@type\":\"EntryPoint\",\"urlTemplate\":\"https:\\\/\\\/mekulo.com\\\/dk\\\/?s={search_term_string}\"},\"query-input\":{\"@type\":\"PropertyValueSpecification\",\"valueRequired\":true,\"valueName\":\"search_term_string\"}}],\"inLanguage\":\"da-DK\"},{\"@type\":\"Organization\",\"@id\":\"https:\\\/\\\/mekulo.com\\\/dk\\\/#organization\",\"name\":\"Mekulo\",\"url\":\"https:\\\/\\\/mekulo.com\\\/dk\\\/\",\"logo\":{\"@type\":\"ImageObject\",\"inLanguage\":\"da-DK\",\"@id\":\"https:\\\/\\\/mekulo.com\\\/dk\\\/#\\\/schema\\\/logo\\\/image\\\/\",\"url\":\"https:\\\/\\\/mekulo.com\\\/dk\\\/wp-content\\\/uploads\\\/sites\\\/12\\\/2025\\\/12\\\/favicon_mekulo.png\",\"contentUrl\":\"https:\\\/\\\/mekulo.com\\\/dk\\\/wp-content\\\/uploads\\\/sites\\\/12\\\/2025\\\/12\\\/favicon_mekulo.png\",\"width\":50,\"height\":50,\"caption\":\"Mekulo\"},\"image\":{\"@id\":\"https:\\\/\\\/mekulo.com\\\/dk\\\/#\\\/schema\\\/logo\\\/image\\\/\"}}]}<\/script>\n<!-- \/ Yoast SEO plugin. -->","yoast_head_json":{"title":"Multifunktionel gr\u00f8ntsagsskr\u00e6ller (2 stk.) - Mekulo DK","robots":{"index":"index","follow":"follow","max-snippet":"max-snippet:-1","max-image-preview":"max-image-preview:large","max-video-preview":"max-video-preview:-1"},"canonical":"https:\/\/mekulo.com\/dk\/produkt\/multifunktionel-groentsagsskraeller-2-stk\/","og_locale":"da_DK","og_type":"article","og_title":"Multifunktionel gr\u00f8ntsagsskr\u00e6ller (2 stk.) - Mekulo DK","og_description":"\ud83e\uded1Denne multifunktionelle gr\u00f8ntsagsskr\u00e6ller er designet til at g\u00f8re hverdagens madlavning hurtigere og nemmere. \ud83d\udc69\u200d\ud83c\udf73Det kombinerer skr\u00e6lning, udsk\u00e6ring og \u00e5bning af flasker i \u00e9t kompakt v\u00e6rkt\u00f8j, hvilket hj\u00e6lper dig med at spare tid, reducere rod og arbejde mere effektivt i k\u00f8kkenet. \ud83d\udd2aDet skarpe blad i rustfrit st\u00e5l og det behagelige tr\u00e6h\u00e5ndtag g\u00f8r den nem at bruge til b\u00e5de hurtige m\u00e5ltider og detaljerede madlavningsopgaver.","og_url":"https:\/\/mekulo.com\/dk\/produkt\/multifunktionel-groentsagsskraeller-2-stk\/","og_site_name":"Mekulo DK","article_modified_time":"2026-01-21T17:42:02+00:00","og_image":[{"width":1080,"height":1080,"url":"https:\/\/mekulo.com\/dk\/wp-content\/uploads\/sites\/12\/2026\/01\/gdojju7-1.jpg","type":"image\/jpeg"}],"twitter_card":"summary_large_image","twitter_misc":{"Estimeret l\u00e6setid":"2 minutter"},"schema":{"@context":"https:\/\/schema.org","@graph":[{"@type":"WebPage","@id":"https:\/\/mekulo.com\/dk\/produkt\/multifunktionel-groentsagsskraeller-2-stk\/","url":"https:\/\/mekulo.com\/dk\/produkt\/multifunktionel-groentsagsskraeller-2-stk\/","name":"Multifunktionel gr\u00f8ntsagsskr\u00e6ller (2 stk.) - Mekulo DK","isPartOf":{"@id":"https:\/\/mekulo.com\/dk\/#website"},"primaryImageOfPage":{"@id":"https:\/\/mekulo.com\/dk\/produkt\/multifunktionel-groentsagsskraeller-2-stk\/#primaryimage"},"image":{"@id":"https:\/\/mekulo.com\/dk\/produkt\/multifunktionel-groentsagsskraeller-2-stk\/#primaryimage"},"thumbnailUrl":"https:\/\/mekulo.com\/dk\/wp-content\/uploads\/sites\/12\/2026\/01\/gdojju7-1.jpg","datePublished":"2026-01-15T17:02:24+00:00","dateModified":"2026-01-21T17:42:02+00:00","breadcrumb":{"@id":"https:\/\/mekulo.com\/dk\/produkt\/multifunktionel-groentsagsskraeller-2-stk\/#breadcrumb"},"inLanguage":"da-DK","potentialAction":[{"@type":"ReadAction","target":["https:\/\/mekulo.com\/dk\/produkt\/multifunktionel-groentsagsskraeller-2-stk\/"]}]},{"@type":"ImageObject","inLanguage":"da-DK","@id":"https:\/\/mekulo.com\/dk\/produkt\/multifunktionel-groentsagsskraeller-2-stk\/#primaryimage","url":"https:\/\/mekulo.com\/dk\/wp-content\/uploads\/sites\/12\/2026\/01\/gdojju7-1.jpg","contentUrl":"https:\/\/mekulo.com\/dk\/wp-content\/uploads\/sites\/12\/2026\/01\/gdojju7-1.jpg","width":1080,"height":1080},{"@type":"BreadcrumbList","@id":"https:\/\/mekulo.com\/dk\/produkt\/multifunktionel-groentsagsskraeller-2-stk\/#breadcrumb","itemListElement":[{"@type":"ListItem","position":1,"name":"Home","item":"https:\/\/mekulo.com\/dk\/"},{"@type":"ListItem","position":2,"name":"Butik","item":"https:\/\/mekulo.com\/dk\/butik\/"},{"@type":"ListItem","position":3,"name":"Multifunktionel gr\u00f8ntsagsskr\u00e6ller (2 stk.)"}]},{"@type":"WebSite","@id":"https:\/\/mekulo.com\/dk\/#website","url":"https:\/\/mekulo.com\/dk\/","name":"Mekulo DK","description":"","publisher":{"@id":"https:\/\/mekulo.com\/dk\/#organization"},"potentialAction":[{"@type":"SearchAction","target":{"@type":"EntryPoint","urlTemplate":"https:\/\/mekulo.com\/dk\/?s={search_term_string}"},"query-input":{"@type":"PropertyValueSpecification","valueRequired":true,"valueName":"search_term_string"}}],"inLanguage":"da-DK"},{"@type":"Organization","@id":"https:\/\/mekulo.com\/dk\/#organization","name":"Mekulo","url":"https:\/\/mekulo.com\/dk\/","logo":{"@type":"ImageObject","inLanguage":"da-DK","@id":"https:\/\/mekulo.com\/dk\/#\/schema\/logo\/image\/","url":"https:\/\/mekulo.com\/dk\/wp-content\/uploads\/sites\/12\/2025\/12\/favicon_mekulo.png","contentUrl":"https:\/\/mekulo.com\/dk\/wp-content\/uploads\/sites\/12\/2025\/12\/favicon_mekulo.png","width":50,"height":50,"caption":"Mekulo"},"image":{"@id":"https:\/\/mekulo.com\/dk\/#\/schema\/logo\/image\/"}}]}},"_links":{"self":[{"href":"https:\/\/mekulo.com\/dk\/wp-json\/wp\/v2\/product\/18401","targetHints":{"allow":["GET"]}}],"collection":[{"href":"https:\/\/mekulo.com\/dk\/wp-json\/wp\/v2\/product"}],"about":[{"href":"https:\/\/mekulo.com\/dk\/wp-json\/wp\/v2\/types\/product"}],"replies":[{"embeddable":true,"href":"https:\/\/mekulo.com\/dk\/wp-json\/wp\/v2\/comments?post=18401"}],"wp:featuredmedia":[{"embeddable":true,"href":"https:\/\/mekulo.com\/dk\/wp-json\/wp\/v2\/media\/18398"}],"wp:attachment":[{"href":"https:\/\/mekulo.com\/dk\/wp-json\/wp\/v2\/media?parent=18401"}],"wp:term":[{"taxonomy":"product_brand","embeddable":true,"href":"https:\/\/mekulo.com\/dk\/wp-json\/wp\/v2\/product_brand?post=18401"},{"taxonomy":"product_cat","embeddable":true,"href":"https:\/\/mekulo.com\/dk\/wp-json\/wp\/v2\/product_cat?post=18401"},{"taxonomy":"product_tag","embeddable":true,"href":"https:\/\/mekulo.com\/dk\/wp-json\/wp\/v2\/product_tag?post=18401"}],"curies":[{"name":"wp","href":"https:\/\/api.w.org\/{rel}","templated":true}]}}