{"id":18393,"date":"2026-01-15T19:00:57","date_gmt":"2026-01-15T17:00:57","guid":{"rendered":"https:\/\/mekulo.com\/dk\/produkt\/led-fe-vinger\/"},"modified":"2026-01-21T19:39:34","modified_gmt":"2026-01-21T17:39:34","slug":"led-fe-vinger","status":"publish","type":"product","link":"https:\/\/mekulo.com\/dk\/produkt\/led-fe-vinger\/","title":{"rendered":"LED fe-vinger"},"content":{"rendered":"<p style=\"text-align: center;\" data-start=\"0\" data-end=\"62\"><strong data-start=\"0\" data-end=\"62\">Lys Op I Ethvert Outfit, Og Bliv En Gl\u00f8dende Fe P\u00e5 F\u00e5 Sekunder. \ud83e\uddda<\/strong><\/p>\n<p data-start=\"0\" data-end=\"62\"><img fetchpriority=\"high\" decoding=\"async\" class=\"size-full wp-image-20785 aligncenter\" src=\"https:\/\/mekulo.com\/template\/wp-content\/uploads\/sites\/6\/2026\/01\/spp_20241218181513_0d97222f4eb13afd0084d5d9a0ab51eb.webp\" alt=\"\" width=\"1061\" height=\"649\" \/><\/p>\n<h2 style=\"text-align: center;\" data-start=\"339\" data-end=\"358\">Vigtigste fordele \u2728<\/h2>\n<p data-start=\"361\" data-end=\"426\">\ud83e\udd8b Klare LED-lys &#8211; Gnistrer og lyser med hver bev\u00e6gelse.<\/p>\n<p data-start=\"429\" data-end=\"503\">\ud83c\udf08 Magisk farveeffekt &#8211; Glitrende materiale skifter farve efter vinkel.<\/p>\n<p data-start=\"506\" data-end=\"578\">\ud83c\udf89 Perfekt til enhver begivenhed &#8211; Fantastisk til fester, kostumer og fotos.<\/p>\n<p data-start=\"581\" data-end=\"648\">\ud83c\udfb5 Musik og lydl\u00f8se tilstande &#8211; V\u00e6lg lys med eller uden lyd.<\/p>\n<p data-start=\"651\" data-end=\"717\">\ud83e\udeb6 Let og behagelig &#8211; Let at have p\u00e5 i lange perioder.<\/p>\n<p data-start=\"720\" data-end=\"781\">\ud83c\udf81 Perfekt gaveid\u00e9 &#8211; Elsket af b\u00f8rn, teenagere og voksne.<\/p>\n<p data-start=\"720\" data-end=\"781\"><img decoding=\"async\" class=\"size-full wp-image-20787 aligncenter\" src=\"https:\/\/mekulo.com\/template\/wp-content\/uploads\/sites\/6\/2026\/01\/S81158a5ae537467bb30db04e913916f53.jpg_960x960q75.jpg_.avif\" alt=\"\" width=\"960\" height=\"960\" \/><\/p>\n<h2 style=\"text-align: center;\" data-start=\"788\" data-end=\"802\">S\u00e5dan Bruges \ud83d\udccc<\/h2>\n<ol data-start=\"803\" data-end=\"1090\">\n<li data-start=\"803\" data-end=\"862\">\n<p data-start=\"806\" data-end=\"862\">Tag vingerne p\u00e5 ved hj\u00e6lp af de justerbare skulderstropper.<\/p>\n<\/li>\n<li data-start=\"863\" data-end=\"914\">\n<p data-start=\"866\" data-end=\"914\">Juster forsigtigt vingerne til din \u00f8nskede form.<\/p>\n<\/li>\n<li data-start=\"915\" data-end=\"972\">\n<p data-start=\"918\" data-end=\"972\">T\u00e6nd for kontakten for at aktivere LED-lysene.<\/p>\n<\/li>\n<li data-start=\"973\" data-end=\"1019\">\n<p data-start=\"976\" data-end=\"1019\">V\u00e6lg musik eller lydl\u00f8s tilstand, hvis tilg\u00e6ngelig.<\/p>\n<\/li>\n<li data-start=\"1020\" data-end=\"1090\">\n<p data-start=\"1023\" data-end=\"1090\">Nyd de lysende vinger, mens du g\u00e5r, danser eller stiller op til fotos.<\/p>\n<\/li>\n<\/ol>\n<h2 style=\"text-align: center;\" data-start=\"1097\" data-end=\"1116\">Produktdetaljer \ud83d\udccf<\/h2>\n<ul data-start=\"1117\" data-end=\"1466\">\n<li data-start=\"1159\" data-end=\"1217\">\n<p data-start=\"1161\" data-end=\"1217\">Materiale: Plastik med glitrende organza-stil design<\/p>\n<\/li>\n<li data-start=\"1234\" data-end=\"1254\">\n<p data-start=\"1236\" data-end=\"1254\">St\u00f8rrelse: 70 x 68 cm<\/p>\n<\/li>\n<li data-start=\"1255\" data-end=\"1272\">\n<p data-start=\"1257\" data-end=\"1272\">V\u00e6gt: 460 g<\/p>\n<\/li>\n<li data-start=\"1273\" data-end=\"1305\">\n<p data-start=\"1275\" data-end=\"1305\">Passende alder: 3 \u00e5r og opefter<\/p>\n<\/li>\n<li data-start=\"1306\" data-end=\"1366\">\n<p data-start=\"1308\" data-end=\"1366\">Design: Sommerfuglevinger med gradueret farveeffekt<\/p>\n<\/li>\n<li data-start=\"1367\" data-end=\"1410\">\n<p data-start=\"1369\" data-end=\"1410\">Str\u00f8m: LED-system<\/p>\n<\/li>\n<li data-start=\"1411\" data-end=\"1466\">\n<p data-start=\"1413\" data-end=\"1466\">Fit: Justerbare stropper til forskellige skulderst\u00f8rrelser<\/p>\n<\/li>\n<\/ul>\n<h2 style=\"text-align: center;\" data-start=\"1473\" data-end=\"1493\">Pakken indeholder \ud83d\udce6<\/h2>\n<ul data-start=\"1494\" data-end=\"1531\" data-is-last-node=\"\" data-is-only-node=\"\">\n<li data-start=\"1494\" data-end=\"1531\" data-is-last-node=\"\">\n<p data-start=\"1496\" data-end=\"1531\" data-is-last-node=\"\">1x LED-fevinger.<\/p>\n<\/li>\n<\/ul>\n","protected":false},"excerpt":{"rendered":"<p>\ud83e\udd8bDisse LED-fevinger er et magisk kostumetilbeh\u00f8r designet til at f\u00e5 piger og kvinder til at skille sig ud ved enhver begivenhed.<br \/>\n\ud83e\udddaMed indbygget LED-lys og et glitrende sommerfugledesign lyser vingerne smukt med hver bev\u00e6gelse.<br \/>\n\ud83d\udc57De forvandler \u00f8jeblikkeligt enkle kjoler til i\u00f8jnefaldende fe-outfits, der ser fantastiske ud i det virkelige liv, p\u00e5 fotos og i videoer.<\/p>\n","protected":false},"featured_media":18389,"comment_status":"open","ping_status":"closed","template":"","meta":{"site-sidebar-layout":"default","site-content-layout":"","ast-site-content-layout":"default","site-content-style":"default","site-sidebar-style":"default","ast-global-header-display":"","ast-banner-title-visibility":"","ast-main-header-display":"","ast-hfb-above-header-display":"","ast-hfb-below-header-display":"","ast-hfb-mobile-header-display":"","site-post-title":"","ast-breadcrumbs-content":"","ast-featured-img":"","footer-sml-layout":"","ast-disable-related-posts":"","theme-transparent-header-meta":"default","adv-header-id-meta":"","stick-header-meta":"","header-above-stick-meta":"","header-main-stick-meta":"","header-below-stick-meta":"","astra-migrate-meta-layouts":"set","ast-page-background-enabled":"default","ast-page-background-meta":{"desktop":{"background-color":"var(--ast-global-color-5)","background-image":"","background-repeat":"repeat","background-position":"center center","background-size":"auto","background-attachment":"scroll","background-type":"","background-media":"","overlay-type":"","overlay-color":"","overlay-opacity":"","overlay-gradient":""},"tablet":{"background-color":"","background-image":"","background-repeat":"repeat","background-position":"center center","background-size":"auto","background-attachment":"scroll","background-type":"","background-media":"","overlay-type":"","overlay-color":"","overlay-opacity":"","overlay-gradient":""},"mobile":{"background-color":"","background-image":"","background-repeat":"repeat","background-position":"center center","background-size":"auto","background-attachment":"scroll","background-type":"","background-media":"","overlay-type":"","overlay-color":"","overlay-opacity":"","overlay-gradient":""}},"ast-content-background-meta":{"desktop":{"background-color":"var(--ast-global-color-4)","background-image":"","background-repeat":"repeat","background-position":"center center","background-size":"auto","background-attachment":"scroll","background-type":"","background-media":"","overlay-type":"","overlay-color":"","overlay-opacity":"","overlay-gradient":""},"tablet":{"background-color":"var(--ast-global-color-4)","background-image":"","background-repeat":"repeat","background-position":"center center","background-size":"auto","background-attachment":"scroll","background-type":"","background-media":"","overlay-type":"","overlay-color":"","overlay-opacity":"","overlay-gradient":""},"mobile":{"background-color":"var(--ast-global-color-4)","background-image":"","background-repeat":"repeat","background-position":"center center","background-size":"auto","background-attachment":"scroll","background-type":"","background-media":"","overlay-type":"","overlay-color":"","overlay-opacity":"","overlay-gradient":""}}},"product_brand":[],"product_cat":[172],"product_tag":[],"class_list":{"0":"post-18393","1":"product","2":"type-product","3":"status-publish","4":"has-post-thumbnail","6":"product_cat-legetoej-boerne-og-babyprodukter","7":"desktop-align-left","8":"tablet-align-left","9":"mobile-align-left","11":"first","12":"instock","13":"shipping-taxable","14":"purchasable","15":"product-type-simple"},"yoast_head":"<!-- This site is optimized with the Yoast SEO plugin v27.4 - https:\/\/yoast.com\/product\/yoast-seo-wordpress\/ -->\n<title>LED fe-vinger - Mekulo DK<\/title>\n<meta name=\"robots\" content=\"index, follow, max-snippet:-1, max-image-preview:large, max-video-preview:-1\" \/>\n<link rel=\"canonical\" href=\"https:\/\/mekulo.com\/dk\/produkt\/led-fe-vinger\/\" \/>\n<meta property=\"og:locale\" content=\"da_DK\" \/>\n<meta property=\"og:type\" content=\"article\" \/>\n<meta property=\"og:title\" content=\"LED fe-vinger - Mekulo DK\" \/>\n<meta property=\"og:description\" content=\"\ud83e\udd8bDisse LED-fevinger er et magisk kostumetilbeh\u00f8r designet til at f\u00e5 piger og kvinder til at skille sig ud ved enhver begivenhed. \ud83e\udddaMed indbygget LED-lys og et glitrende sommerfugledesign lyser vingerne smukt med hver bev\u00e6gelse. \ud83d\udc57De forvandler \u00f8jeblikkeligt enkle kjoler til i\u00f8jnefaldende fe-outfits, der ser fantastiske ud i det virkelige liv, p\u00e5 fotos og i videoer.\" \/>\n<meta property=\"og:url\" content=\"https:\/\/mekulo.com\/dk\/produkt\/led-fe-vinger\/\" \/>\n<meta property=\"og:site_name\" content=\"Mekulo DK\" \/>\n<meta property=\"article:modified_time\" content=\"2026-01-21T17:39:34+00:00\" \/>\n<meta property=\"og:image\" content=\"https:\/\/mekulo.com\/dk\/wp-content\/uploads\/sites\/12\/2026\/01\/02pjunl-1.jpg\" \/>\n\t<meta property=\"og:image:width\" content=\"960\" \/>\n\t<meta property=\"og:image:height\" content=\"960\" \/>\n\t<meta property=\"og:image:type\" content=\"image\/jpeg\" \/>\n<meta name=\"twitter:card\" content=\"summary_large_image\" \/>\n<meta name=\"twitter:label1\" content=\"Estimeret l\u00e6setid\" \/>\n\t<meta name=\"twitter:data1\" content=\"2 minutter\" \/>\n<script type=\"application\/ld+json\" class=\"yoast-schema-graph\">{\"@context\":\"https:\\\/\\\/schema.org\",\"@graph\":[{\"@type\":\"WebPage\",\"@id\":\"https:\\\/\\\/mekulo.com\\\/dk\\\/produkt\\\/led-fe-vinger\\\/\",\"url\":\"https:\\\/\\\/mekulo.com\\\/dk\\\/produkt\\\/led-fe-vinger\\\/\",\"name\":\"LED fe-vinger - Mekulo DK\",\"isPartOf\":{\"@id\":\"https:\\\/\\\/mekulo.com\\\/dk\\\/#website\"},\"primaryImageOfPage\":{\"@id\":\"https:\\\/\\\/mekulo.com\\\/dk\\\/produkt\\\/led-fe-vinger\\\/#primaryimage\"},\"image\":{\"@id\":\"https:\\\/\\\/mekulo.com\\\/dk\\\/produkt\\\/led-fe-vinger\\\/#primaryimage\"},\"thumbnailUrl\":\"https:\\\/\\\/mekulo.com\\\/dk\\\/wp-content\\\/uploads\\\/sites\\\/12\\\/2026\\\/01\\\/02pjunl-1.jpg\",\"datePublished\":\"2026-01-15T17:00:57+00:00\",\"dateModified\":\"2026-01-21T17:39:34+00:00\",\"breadcrumb\":{\"@id\":\"https:\\\/\\\/mekulo.com\\\/dk\\\/produkt\\\/led-fe-vinger\\\/#breadcrumb\"},\"inLanguage\":\"da-DK\",\"potentialAction\":[{\"@type\":\"ReadAction\",\"target\":[\"https:\\\/\\\/mekulo.com\\\/dk\\\/produkt\\\/led-fe-vinger\\\/\"]}]},{\"@type\":\"ImageObject\",\"inLanguage\":\"da-DK\",\"@id\":\"https:\\\/\\\/mekulo.com\\\/dk\\\/produkt\\\/led-fe-vinger\\\/#primaryimage\",\"url\":\"https:\\\/\\\/mekulo.com\\\/dk\\\/wp-content\\\/uploads\\\/sites\\\/12\\\/2026\\\/01\\\/02pjunl-1.jpg\",\"contentUrl\":\"https:\\\/\\\/mekulo.com\\\/dk\\\/wp-content\\\/uploads\\\/sites\\\/12\\\/2026\\\/01\\\/02pjunl-1.jpg\",\"width\":960,\"height\":960},{\"@type\":\"BreadcrumbList\",\"@id\":\"https:\\\/\\\/mekulo.com\\\/dk\\\/produkt\\\/led-fe-vinger\\\/#breadcrumb\",\"itemListElement\":[{\"@type\":\"ListItem\",\"position\":1,\"name\":\"Home\",\"item\":\"https:\\\/\\\/mekulo.com\\\/dk\\\/\"},{\"@type\":\"ListItem\",\"position\":2,\"name\":\"Butik\",\"item\":\"https:\\\/\\\/mekulo.com\\\/dk\\\/butik\\\/\"},{\"@type\":\"ListItem\",\"position\":3,\"name\":\"LED fe-vinger\"}]},{\"@type\":\"WebSite\",\"@id\":\"https:\\\/\\\/mekulo.com\\\/dk\\\/#website\",\"url\":\"https:\\\/\\\/mekulo.com\\\/dk\\\/\",\"name\":\"Mekulo DK\",\"description\":\"\",\"publisher\":{\"@id\":\"https:\\\/\\\/mekulo.com\\\/dk\\\/#organization\"},\"potentialAction\":[{\"@type\":\"SearchAction\",\"target\":{\"@type\":\"EntryPoint\",\"urlTemplate\":\"https:\\\/\\\/mekulo.com\\\/dk\\\/?s={search_term_string}\"},\"query-input\":{\"@type\":\"PropertyValueSpecification\",\"valueRequired\":true,\"valueName\":\"search_term_string\"}}],\"inLanguage\":\"da-DK\"},{\"@type\":\"Organization\",\"@id\":\"https:\\\/\\\/mekulo.com\\\/dk\\\/#organization\",\"name\":\"Mekulo\",\"url\":\"https:\\\/\\\/mekulo.com\\\/dk\\\/\",\"logo\":{\"@type\":\"ImageObject\",\"inLanguage\":\"da-DK\",\"@id\":\"https:\\\/\\\/mekulo.com\\\/dk\\\/#\\\/schema\\\/logo\\\/image\\\/\",\"url\":\"https:\\\/\\\/mekulo.com\\\/dk\\\/wp-content\\\/uploads\\\/sites\\\/12\\\/2025\\\/12\\\/favicon_mekulo.png\",\"contentUrl\":\"https:\\\/\\\/mekulo.com\\\/dk\\\/wp-content\\\/uploads\\\/sites\\\/12\\\/2025\\\/12\\\/favicon_mekulo.png\",\"width\":50,\"height\":50,\"caption\":\"Mekulo\"},\"image\":{\"@id\":\"https:\\\/\\\/mekulo.com\\\/dk\\\/#\\\/schema\\\/logo\\\/image\\\/\"}}]}<\/script>\n<!-- \/ Yoast SEO plugin. -->","yoast_head_json":{"title":"LED fe-vinger - Mekulo DK","robots":{"index":"index","follow":"follow","max-snippet":"max-snippet:-1","max-image-preview":"max-image-preview:large","max-video-preview":"max-video-preview:-1"},"canonical":"https:\/\/mekulo.com\/dk\/produkt\/led-fe-vinger\/","og_locale":"da_DK","og_type":"article","og_title":"LED fe-vinger - Mekulo DK","og_description":"\ud83e\udd8bDisse LED-fevinger er et magisk kostumetilbeh\u00f8r designet til at f\u00e5 piger og kvinder til at skille sig ud ved enhver begivenhed. \ud83e\udddaMed indbygget LED-lys og et glitrende sommerfugledesign lyser vingerne smukt med hver bev\u00e6gelse. \ud83d\udc57De forvandler \u00f8jeblikkeligt enkle kjoler til i\u00f8jnefaldende fe-outfits, der ser fantastiske ud i det virkelige liv, p\u00e5 fotos og i videoer.","og_url":"https:\/\/mekulo.com\/dk\/produkt\/led-fe-vinger\/","og_site_name":"Mekulo DK","article_modified_time":"2026-01-21T17:39:34+00:00","og_image":[{"width":960,"height":960,"url":"https:\/\/mekulo.com\/dk\/wp-content\/uploads\/sites\/12\/2026\/01\/02pjunl-1.jpg","type":"image\/jpeg"}],"twitter_card":"summary_large_image","twitter_misc":{"Estimeret l\u00e6setid":"2 minutter"},"schema":{"@context":"https:\/\/schema.org","@graph":[{"@type":"WebPage","@id":"https:\/\/mekulo.com\/dk\/produkt\/led-fe-vinger\/","url":"https:\/\/mekulo.com\/dk\/produkt\/led-fe-vinger\/","name":"LED fe-vinger - Mekulo DK","isPartOf":{"@id":"https:\/\/mekulo.com\/dk\/#website"},"primaryImageOfPage":{"@id":"https:\/\/mekulo.com\/dk\/produkt\/led-fe-vinger\/#primaryimage"},"image":{"@id":"https:\/\/mekulo.com\/dk\/produkt\/led-fe-vinger\/#primaryimage"},"thumbnailUrl":"https:\/\/mekulo.com\/dk\/wp-content\/uploads\/sites\/12\/2026\/01\/02pjunl-1.jpg","datePublished":"2026-01-15T17:00:57+00:00","dateModified":"2026-01-21T17:39:34+00:00","breadcrumb":{"@id":"https:\/\/mekulo.com\/dk\/produkt\/led-fe-vinger\/#breadcrumb"},"inLanguage":"da-DK","potentialAction":[{"@type":"ReadAction","target":["https:\/\/mekulo.com\/dk\/produkt\/led-fe-vinger\/"]}]},{"@type":"ImageObject","inLanguage":"da-DK","@id":"https:\/\/mekulo.com\/dk\/produkt\/led-fe-vinger\/#primaryimage","url":"https:\/\/mekulo.com\/dk\/wp-content\/uploads\/sites\/12\/2026\/01\/02pjunl-1.jpg","contentUrl":"https:\/\/mekulo.com\/dk\/wp-content\/uploads\/sites\/12\/2026\/01\/02pjunl-1.jpg","width":960,"height":960},{"@type":"BreadcrumbList","@id":"https:\/\/mekulo.com\/dk\/produkt\/led-fe-vinger\/#breadcrumb","itemListElement":[{"@type":"ListItem","position":1,"name":"Home","item":"https:\/\/mekulo.com\/dk\/"},{"@type":"ListItem","position":2,"name":"Butik","item":"https:\/\/mekulo.com\/dk\/butik\/"},{"@type":"ListItem","position":3,"name":"LED fe-vinger"}]},{"@type":"WebSite","@id":"https:\/\/mekulo.com\/dk\/#website","url":"https:\/\/mekulo.com\/dk\/","name":"Mekulo DK","description":"","publisher":{"@id":"https:\/\/mekulo.com\/dk\/#organization"},"potentialAction":[{"@type":"SearchAction","target":{"@type":"EntryPoint","urlTemplate":"https:\/\/mekulo.com\/dk\/?s={search_term_string}"},"query-input":{"@type":"PropertyValueSpecification","valueRequired":true,"valueName":"search_term_string"}}],"inLanguage":"da-DK"},{"@type":"Organization","@id":"https:\/\/mekulo.com\/dk\/#organization","name":"Mekulo","url":"https:\/\/mekulo.com\/dk\/","logo":{"@type":"ImageObject","inLanguage":"da-DK","@id":"https:\/\/mekulo.com\/dk\/#\/schema\/logo\/image\/","url":"https:\/\/mekulo.com\/dk\/wp-content\/uploads\/sites\/12\/2025\/12\/favicon_mekulo.png","contentUrl":"https:\/\/mekulo.com\/dk\/wp-content\/uploads\/sites\/12\/2025\/12\/favicon_mekulo.png","width":50,"height":50,"caption":"Mekulo"},"image":{"@id":"https:\/\/mekulo.com\/dk\/#\/schema\/logo\/image\/"}}]}},"_links":{"self":[{"href":"https:\/\/mekulo.com\/dk\/wp-json\/wp\/v2\/product\/18393","targetHints":{"allow":["GET"]}}],"collection":[{"href":"https:\/\/mekulo.com\/dk\/wp-json\/wp\/v2\/product"}],"about":[{"href":"https:\/\/mekulo.com\/dk\/wp-json\/wp\/v2\/types\/product"}],"replies":[{"embeddable":true,"href":"https:\/\/mekulo.com\/dk\/wp-json\/wp\/v2\/comments?post=18393"}],"wp:featuredmedia":[{"embeddable":true,"href":"https:\/\/mekulo.com\/dk\/wp-json\/wp\/v2\/media\/18389"}],"wp:attachment":[{"href":"https:\/\/mekulo.com\/dk\/wp-json\/wp\/v2\/media?parent=18393"}],"wp:term":[{"taxonomy":"product_brand","embeddable":true,"href":"https:\/\/mekulo.com\/dk\/wp-json\/wp\/v2\/product_brand?post=18393"},{"taxonomy":"product_cat","embeddable":true,"href":"https:\/\/mekulo.com\/dk\/wp-json\/wp\/v2\/product_cat?post=18393"},{"taxonomy":"product_tag","embeddable":true,"href":"https:\/\/mekulo.com\/dk\/wp-json\/wp\/v2\/product_tag?post=18393"}],"curies":[{"name":"wp","href":"https:\/\/api.w.org\/{rel}","templated":true}]}}