{"id":18376,"date":"2026-01-15T18:59:12","date_gmt":"2026-01-15T16:59:12","guid":{"rendered":"https:\/\/mekulo.com\/dk\/produkt\/bruser-termometer\/"},"modified":"2026-02-03T17:17:45","modified_gmt":"2026-02-03T15:17:45","slug":"bruser-termometer","status":"publish","type":"product","link":"https:\/\/mekulo.com\/dk\/produkt\/bruser-termometer\/","title":{"rendered":"Bruser-termometer"},"content":{"rendered":"<p style=\"text-align: center;\" data-start=\"0\" data-end=\"71\"><strong data-start=\"0\" data-end=\"71\">Kend din vandtemperatur med det samme, og tag et sikkert brusebad hver gang.\ud83d\udec0<\/strong><\/p>\n<p data-start=\"0\" data-end=\"71\"><img fetchpriority=\"high\" decoding=\"async\" class=\"size-full wp-image-20776 aligncenter\" src=\"https:\/\/mekulo.com\/template\/wp-content\/uploads\/sites\/6\/2026\/01\/Sef57556f24b1476e89bc911aa7a7434f6.jpg_960x960q75.jpg_.avif\" alt=\"\" width=\"800\" height=\"800\" \/><\/p>\n<h2 style=\"text-align: center;\" data-start=\"295\" data-end=\"315\">Vigtigste fordele \ud83d\udebf<\/h2>\n<p data-start=\"318\" data-end=\"396\">\ud83c\udf21\ufe0f \u00d8jeblikkelig temperaturafl\u00e6sning &#8211; Se vandtemperaturen i realtid.<\/p>\n<p data-start=\"399\" data-end=\"465\">\ud83d\udca7 100 % vandt\u00e6t &#8211; Fuldt forseglet til sikker brug i brusebadet.<\/p>\n<p data-start=\"468\" data-end=\"523\">\ud83d\udc40 Stort klart display &#8211; Let at l\u00e6se med et enkelt blik.<\/p>\n<p data-start=\"526\" data-end=\"590\">\ud83d\udd27 V\u00e6rkt\u00f8jsfri installation &#8211; Ingen boring eller r\u00f8rf\u00f8ring n\u00f8dvendig.<\/p>\n<p data-start=\"593\" data-end=\"653\">\ud83d\udee1\ufe0f Forebyggelse af forbr\u00e6ndinger &#8211; Hj\u00e6lper med at undg\u00e5 for varmt vand.<\/p>\n<p data-start=\"656\" data-end=\"722\">\ud83c\udfe0 Perfekt til hele familien &#8211; Sikrere brusebade for alle.<\/p>\n<p data-start=\"656\" data-end=\"722\"><img decoding=\"async\" class=\"size-full wp-image-20777 aligncenter\" src=\"https:\/\/mekulo.com\/template\/wp-content\/uploads\/sites\/6\/2026\/01\/Sd58df122d67b4d6694486713ec829bdb1.jpg_960x960q75.jpg_.avif\" alt=\"\" width=\"800\" height=\"800\" \/><\/p>\n<h2 style=\"text-align: center;\" data-start=\"729\" data-end=\"743\">S\u00e5dan bruges \ud83d\udccc<\/h2>\n<ol data-start=\"744\" data-end=\"975\">\n<li data-start=\"744\" data-end=\"802\">\n<p data-start=\"747\" data-end=\"802\">Skru din bruseslange af brusehovedet eller vandhanen.<\/p>\n<\/li>\n<li data-start=\"803\" data-end=\"844\">\n<p data-start=\"806\" data-end=\"844\">Placer silikoneforseglingen p\u00e5 plads.<\/p>\n<\/li>\n<li data-start=\"845\" data-end=\"912\">\n<p data-start=\"848\" data-end=\"912\">Skru brusetermometeret mellem slangen og brusehovedet.<\/p>\n<\/li>\n<li data-start=\"913\" data-end=\"975\">\n<p data-start=\"916\" data-end=\"975\">T\u00e6nd for vandet, og afl\u00e6s temperaturen p\u00e5 sk\u00e6rmen.<\/p>\n<\/li>\n<\/ol>\n<h2 style=\"text-align: center;\" data-start=\"982\" data-end=\"1001\">Produktdetaljer \ud83d\udccf<\/h2>\n<ul data-start=\"1002\" data-end=\"1261\">\n<li data-start=\"1045\" data-end=\"1081\">\n<p data-start=\"1047\" data-end=\"1081\">Materiale: PC og rustfrit st\u00e5l<\/p>\n<\/li>\n<li data-start=\"1082\" data-end=\"1124\">\n<p data-start=\"1084\" data-end=\"1124\">St\u00f8rrelse: 10,6 x 4,5 cm<\/p>\n<\/li>\n<li data-start=\"1125\" data-end=\"1153\">\n<p data-start=\"1127\" data-end=\"1153\">Forbindelsesm\u00f8trik: 1,2 cm<\/p>\n<\/li>\n<li data-start=\"1154\" data-end=\"1183\">\n<p data-start=\"1156\" data-end=\"1183\">Temperaturomr\u00e5de: 0-99\u00b0C<\/p>\n<\/li>\n<li data-start=\"1184\" data-end=\"1204\">\n<p data-start=\"1186\" data-end=\"1204\">N\u00f8jagtighed: \u00b11-2\u00b0C<\/p>\n<\/li>\n<li data-start=\"1205\" data-end=\"1241\">\n<p data-start=\"1207\" data-end=\"1241\">Display: Stor digital HD-sk\u00e6rm<\/p>\n<\/li>\n<li data-start=\"1242\" data-end=\"1261\">\n<p data-start=\"1244\" data-end=\"1261\">Vandt\u00e6t: Ja<\/p>\n<\/li>\n<\/ul>\n<h2 style=\"text-align: center;\" data-start=\"1268\" data-end=\"1288\">Pakken indeholder \ud83d\udce6<\/h2>\n<ul data-start=\"1289\" data-end=\"1322\" data-is-last-node=\"\" data-is-only-node=\"\">\n<li data-start=\"1289\" data-end=\"1322\" data-is-last-node=\"\">\n<p data-start=\"1291\" data-end=\"1322\" data-is-last-node=\"\">1, 2x brusetermometer.<\/p>\n<\/li>\n<\/ul>\n","protected":false},"excerpt":{"rendered":"<p>\ud83d\udebfDette brusetermometer er en smart vandtemperaturm\u00e5ler, der viser den n\u00f8jagtige vandtemperatur i realtid, mens du tager brusebad.<br \/>\n\ud83e\udd76Det installeres direkte mellem din bruserslange og dit brusehoved, s\u00e5 afl\u00e6sningen opdateres \u00f8jeblikkeligt, n\u00e5r vandet str\u00f8mmer.<br \/>\n\ud83d\udc68\u200d\ud83d\udc69\u200d\ud83d\udc67\u200d\ud83d\udc66Dette hj\u00e6lper dig med at undg\u00e5 vand, der er for varmt eller for koldt, hvilket g\u00f8r hvert brusebad mere sikkert, mere behageligt og stressfrit for hele familien.<\/p>\n","protected":false},"featured_media":18372,"comment_status":"open","ping_status":"closed","template":"","meta":{"site-sidebar-layout":"default","site-content-layout":"","ast-site-content-layout":"default","site-content-style":"default","site-sidebar-style":"default","ast-global-header-display":"","ast-banner-title-visibility":"","ast-main-header-display":"","ast-hfb-above-header-display":"","ast-hfb-below-header-display":"","ast-hfb-mobile-header-display":"","site-post-title":"","ast-breadcrumbs-content":"","ast-featured-img":"","footer-sml-layout":"","theme-transparent-header-meta":"default","adv-header-id-meta":"","stick-header-meta":"","header-above-stick-meta":"","header-main-stick-meta":"","header-below-stick-meta":"","astra-migrate-meta-layouts":"set","ast-page-background-enabled":"default","ast-page-background-meta":{"desktop":{"background-color":"var(--ast-global-color-5)","background-image":"","background-repeat":"repeat","background-position":"center center","background-size":"auto","background-attachment":"scroll","background-type":"","background-media":"","overlay-type":"","overlay-color":"","overlay-opacity":"","overlay-gradient":""},"tablet":{"background-color":"","background-image":"","background-repeat":"repeat","background-position":"center center","background-size":"auto","background-attachment":"scroll","background-type":"","background-media":"","overlay-type":"","overlay-color":"","overlay-opacity":"","overlay-gradient":""},"mobile":{"background-color":"","background-image":"","background-repeat":"repeat","background-position":"center center","background-size":"auto","background-attachment":"scroll","background-type":"","background-media":"","overlay-type":"","overlay-color":"","overlay-opacity":"","overlay-gradient":""}},"ast-content-background-meta":{"desktop":{"background-color":"var(--ast-global-color-4)","background-image":"","background-repeat":"repeat","background-position":"center center","background-size":"auto","background-attachment":"scroll","background-type":"","background-media":"","overlay-type":"","overlay-color":"","overlay-opacity":"","overlay-gradient":""},"tablet":{"background-color":"var(--ast-global-color-4)","background-image":"","background-repeat":"repeat","background-position":"center center","background-size":"auto","background-attachment":"scroll","background-type":"","background-media":"","overlay-type":"","overlay-color":"","overlay-opacity":"","overlay-gradient":""},"mobile":{"background-color":"var(--ast-global-color-4)","background-image":"","background-repeat":"repeat","background-position":"center center","background-size":"auto","background-attachment":"scroll","background-type":"","background-media":"","overlay-type":"","overlay-color":"","overlay-opacity":"","overlay-gradient":""}}},"product_brand":[],"product_cat":[168],"product_tag":[],"class_list":{"0":"post-18376","1":"product","2":"type-product","3":"status-publish","4":"has-post-thumbnail","6":"product_cat-husholdningsartikler","7":"pa_49996_70oqkaho-1-stk","8":"pa_49996_70oqkaho-2-stk","9":"desktop-align-left","10":"tablet-align-left","11":"mobile-align-left","13":"first","14":"instock","15":"shipping-taxable","16":"purchasable","17":"product-type-variable"},"yoast_head":"<!-- This site is optimized with the Yoast SEO plugin v26.6 - https:\/\/yoast.com\/wordpress\/plugins\/seo\/ -->\n<title>Bruser-termometer - Mekulo DK<\/title>\n<meta name=\"robots\" content=\"index, follow, max-snippet:-1, max-image-preview:large, max-video-preview:-1\" \/>\n<link rel=\"canonical\" href=\"https:\/\/mekulo.com\/dk\/produkt\/bruser-termometer\/\" \/>\n<meta property=\"og:locale\" content=\"da_DK\" \/>\n<meta property=\"og:type\" content=\"article\" \/>\n<meta property=\"og:title\" content=\"Bruser-termometer - Mekulo DK\" \/>\n<meta property=\"og:description\" content=\"\ud83d\udebfDette brusetermometer er en smart vandtemperaturm\u00e5ler, der viser den n\u00f8jagtige vandtemperatur i realtid, mens du tager brusebad. \ud83e\udd76Det installeres direkte mellem din bruserslange og dit brusehoved, s\u00e5 afl\u00e6sningen opdateres \u00f8jeblikkeligt, n\u00e5r vandet str\u00f8mmer. \ud83d\udc68\u200d\ud83d\udc69\u200d\ud83d\udc67\u200d\ud83d\udc66Dette hj\u00e6lper dig med at undg\u00e5 vand, der er for varmt eller for koldt, hvilket g\u00f8r hvert brusebad mere sikkert, mere behageligt og stressfrit for hele familien.\" \/>\n<meta property=\"og:url\" content=\"https:\/\/mekulo.com\/dk\/produkt\/bruser-termometer\/\" \/>\n<meta property=\"og:site_name\" content=\"Mekulo DK\" \/>\n<meta property=\"article:modified_time\" content=\"2026-02-03T15:17:45+00:00\" \/>\n<meta property=\"og:image\" content=\"https:\/\/mekulo.com\/dk\/wp-content\/uploads\/sites\/12\/2026\/01\/fm2vkvd-1.jpg\" \/>\n\t<meta property=\"og:image:width\" content=\"800\" \/>\n\t<meta property=\"og:image:height\" content=\"800\" \/>\n\t<meta property=\"og:image:type\" content=\"image\/jpeg\" \/>\n<meta name=\"twitter:card\" content=\"summary_large_image\" \/>\n<meta name=\"twitter:label1\" content=\"Estimeret l\u00e6setid\" \/>\n\t<meta name=\"twitter:data1\" content=\"2 minutter\" \/>\n<script type=\"application\/ld+json\" class=\"yoast-schema-graph\">{\"@context\":\"https:\/\/schema.org\",\"@graph\":[{\"@type\":\"WebPage\",\"@id\":\"https:\/\/mekulo.com\/dk\/produkt\/bruser-termometer\/\",\"url\":\"https:\/\/mekulo.com\/dk\/produkt\/bruser-termometer\/\",\"name\":\"Bruser-termometer - Mekulo DK\",\"isPartOf\":{\"@id\":\"https:\/\/mekulo.com\/dk\/#website\"},\"primaryImageOfPage\":{\"@id\":\"https:\/\/mekulo.com\/dk\/produkt\/bruser-termometer\/#primaryimage\"},\"image\":{\"@id\":\"https:\/\/mekulo.com\/dk\/produkt\/bruser-termometer\/#primaryimage\"},\"thumbnailUrl\":\"https:\/\/mekulo.com\/dk\/wp-content\/uploads\/sites\/12\/2026\/01\/fm2vkvd-1.jpg\",\"datePublished\":\"2026-01-15T16:59:12+00:00\",\"dateModified\":\"2026-02-03T15:17:45+00:00\",\"breadcrumb\":{\"@id\":\"https:\/\/mekulo.com\/dk\/produkt\/bruser-termometer\/#breadcrumb\"},\"inLanguage\":\"da-DK\",\"potentialAction\":[{\"@type\":\"ReadAction\",\"target\":[\"https:\/\/mekulo.com\/dk\/produkt\/bruser-termometer\/\"]}]},{\"@type\":\"ImageObject\",\"inLanguage\":\"da-DK\",\"@id\":\"https:\/\/mekulo.com\/dk\/produkt\/bruser-termometer\/#primaryimage\",\"url\":\"https:\/\/mekulo.com\/dk\/wp-content\/uploads\/sites\/12\/2026\/01\/fm2vkvd-1.jpg\",\"contentUrl\":\"https:\/\/mekulo.com\/dk\/wp-content\/uploads\/sites\/12\/2026\/01\/fm2vkvd-1.jpg\",\"width\":800,\"height\":800},{\"@type\":\"BreadcrumbList\",\"@id\":\"https:\/\/mekulo.com\/dk\/produkt\/bruser-termometer\/#breadcrumb\",\"itemListElement\":[{\"@type\":\"ListItem\",\"position\":1,\"name\":\"Home\",\"item\":\"https:\/\/mekulo.com\/dk\/\"},{\"@type\":\"ListItem\",\"position\":2,\"name\":\"Butik\",\"item\":\"https:\/\/mekulo.com\/dk\/butik\/\"},{\"@type\":\"ListItem\",\"position\":3,\"name\":\"Bruser-termometer\"}]},{\"@type\":\"WebSite\",\"@id\":\"https:\/\/mekulo.com\/dk\/#website\",\"url\":\"https:\/\/mekulo.com\/dk\/\",\"name\":\"Mekulo DK\",\"description\":\"\",\"publisher\":{\"@id\":\"https:\/\/mekulo.com\/dk\/#organization\"},\"potentialAction\":[{\"@type\":\"SearchAction\",\"target\":{\"@type\":\"EntryPoint\",\"urlTemplate\":\"https:\/\/mekulo.com\/dk\/?s={search_term_string}\"},\"query-input\":{\"@type\":\"PropertyValueSpecification\",\"valueRequired\":true,\"valueName\":\"search_term_string\"}}],\"inLanguage\":\"da-DK\"},{\"@type\":\"Organization\",\"@id\":\"https:\/\/mekulo.com\/dk\/#organization\",\"name\":\"Mekulo\",\"url\":\"https:\/\/mekulo.com\/dk\/\",\"logo\":{\"@type\":\"ImageObject\",\"inLanguage\":\"da-DK\",\"@id\":\"https:\/\/mekulo.com\/dk\/#\/schema\/logo\/image\/\",\"url\":\"https:\/\/mekulo.com\/dk\/wp-content\/uploads\/sites\/12\/2025\/12\/favicon_mekulo.png\",\"contentUrl\":\"https:\/\/mekulo.com\/dk\/wp-content\/uploads\/sites\/12\/2025\/12\/favicon_mekulo.png\",\"width\":50,\"height\":50,\"caption\":\"Mekulo\"},\"image\":{\"@id\":\"https:\/\/mekulo.com\/dk\/#\/schema\/logo\/image\/\"}}]}<\/script>\n<!-- \/ Yoast SEO plugin. -->","yoast_head_json":{"title":"Bruser-termometer - Mekulo DK","robots":{"index":"index","follow":"follow","max-snippet":"max-snippet:-1","max-image-preview":"max-image-preview:large","max-video-preview":"max-video-preview:-1"},"canonical":"https:\/\/mekulo.com\/dk\/produkt\/bruser-termometer\/","og_locale":"da_DK","og_type":"article","og_title":"Bruser-termometer - Mekulo DK","og_description":"\ud83d\udebfDette brusetermometer er en smart vandtemperaturm\u00e5ler, der viser den n\u00f8jagtige vandtemperatur i realtid, mens du tager brusebad. \ud83e\udd76Det installeres direkte mellem din bruserslange og dit brusehoved, s\u00e5 afl\u00e6sningen opdateres \u00f8jeblikkeligt, n\u00e5r vandet str\u00f8mmer. \ud83d\udc68\u200d\ud83d\udc69\u200d\ud83d\udc67\u200d\ud83d\udc66Dette hj\u00e6lper dig med at undg\u00e5 vand, der er for varmt eller for koldt, hvilket g\u00f8r hvert brusebad mere sikkert, mere behageligt og stressfrit for hele familien.","og_url":"https:\/\/mekulo.com\/dk\/produkt\/bruser-termometer\/","og_site_name":"Mekulo DK","article_modified_time":"2026-02-03T15:17:45+00:00","og_image":[{"width":800,"height":800,"url":"https:\/\/mekulo.com\/dk\/wp-content\/uploads\/sites\/12\/2026\/01\/fm2vkvd-1.jpg","type":"image\/jpeg"}],"twitter_card":"summary_large_image","twitter_misc":{"Estimeret l\u00e6setid":"2 minutter"},"schema":{"@context":"https:\/\/schema.org","@graph":[{"@type":"WebPage","@id":"https:\/\/mekulo.com\/dk\/produkt\/bruser-termometer\/","url":"https:\/\/mekulo.com\/dk\/produkt\/bruser-termometer\/","name":"Bruser-termometer - Mekulo DK","isPartOf":{"@id":"https:\/\/mekulo.com\/dk\/#website"},"primaryImageOfPage":{"@id":"https:\/\/mekulo.com\/dk\/produkt\/bruser-termometer\/#primaryimage"},"image":{"@id":"https:\/\/mekulo.com\/dk\/produkt\/bruser-termometer\/#primaryimage"},"thumbnailUrl":"https:\/\/mekulo.com\/dk\/wp-content\/uploads\/sites\/12\/2026\/01\/fm2vkvd-1.jpg","datePublished":"2026-01-15T16:59:12+00:00","dateModified":"2026-02-03T15:17:45+00:00","breadcrumb":{"@id":"https:\/\/mekulo.com\/dk\/produkt\/bruser-termometer\/#breadcrumb"},"inLanguage":"da-DK","potentialAction":[{"@type":"ReadAction","target":["https:\/\/mekulo.com\/dk\/produkt\/bruser-termometer\/"]}]},{"@type":"ImageObject","inLanguage":"da-DK","@id":"https:\/\/mekulo.com\/dk\/produkt\/bruser-termometer\/#primaryimage","url":"https:\/\/mekulo.com\/dk\/wp-content\/uploads\/sites\/12\/2026\/01\/fm2vkvd-1.jpg","contentUrl":"https:\/\/mekulo.com\/dk\/wp-content\/uploads\/sites\/12\/2026\/01\/fm2vkvd-1.jpg","width":800,"height":800},{"@type":"BreadcrumbList","@id":"https:\/\/mekulo.com\/dk\/produkt\/bruser-termometer\/#breadcrumb","itemListElement":[{"@type":"ListItem","position":1,"name":"Home","item":"https:\/\/mekulo.com\/dk\/"},{"@type":"ListItem","position":2,"name":"Butik","item":"https:\/\/mekulo.com\/dk\/butik\/"},{"@type":"ListItem","position":3,"name":"Bruser-termometer"}]},{"@type":"WebSite","@id":"https:\/\/mekulo.com\/dk\/#website","url":"https:\/\/mekulo.com\/dk\/","name":"Mekulo DK","description":"","publisher":{"@id":"https:\/\/mekulo.com\/dk\/#organization"},"potentialAction":[{"@type":"SearchAction","target":{"@type":"EntryPoint","urlTemplate":"https:\/\/mekulo.com\/dk\/?s={search_term_string}"},"query-input":{"@type":"PropertyValueSpecification","valueRequired":true,"valueName":"search_term_string"}}],"inLanguage":"da-DK"},{"@type":"Organization","@id":"https:\/\/mekulo.com\/dk\/#organization","name":"Mekulo","url":"https:\/\/mekulo.com\/dk\/","logo":{"@type":"ImageObject","inLanguage":"da-DK","@id":"https:\/\/mekulo.com\/dk\/#\/schema\/logo\/image\/","url":"https:\/\/mekulo.com\/dk\/wp-content\/uploads\/sites\/12\/2025\/12\/favicon_mekulo.png","contentUrl":"https:\/\/mekulo.com\/dk\/wp-content\/uploads\/sites\/12\/2025\/12\/favicon_mekulo.png","width":50,"height":50,"caption":"Mekulo"},"image":{"@id":"https:\/\/mekulo.com\/dk\/#\/schema\/logo\/image\/"}}]}},"_links":{"self":[{"href":"https:\/\/mekulo.com\/dk\/wp-json\/wp\/v2\/product\/18376","targetHints":{"allow":["GET"]}}],"collection":[{"href":"https:\/\/mekulo.com\/dk\/wp-json\/wp\/v2\/product"}],"about":[{"href":"https:\/\/mekulo.com\/dk\/wp-json\/wp\/v2\/types\/product"}],"replies":[{"embeddable":true,"href":"https:\/\/mekulo.com\/dk\/wp-json\/wp\/v2\/comments?post=18376"}],"wp:featuredmedia":[{"embeddable":true,"href":"https:\/\/mekulo.com\/dk\/wp-json\/wp\/v2\/media\/18372"}],"wp:attachment":[{"href":"https:\/\/mekulo.com\/dk\/wp-json\/wp\/v2\/media?parent=18376"}],"wp:term":[{"taxonomy":"product_brand","embeddable":true,"href":"https:\/\/mekulo.com\/dk\/wp-json\/wp\/v2\/product_brand?post=18376"},{"taxonomy":"product_cat","embeddable":true,"href":"https:\/\/mekulo.com\/dk\/wp-json\/wp\/v2\/product_cat?post=18376"},{"taxonomy":"product_tag","embeddable":true,"href":"https:\/\/mekulo.com\/dk\/wp-json\/wp\/v2\/product_tag?post=18376"}],"curies":[{"name":"wp","href":"https:\/\/api.w.org\/{rel}","templated":true}]}}