{"id":18361,"date":"2026-01-15T18:57:38","date_gmt":"2026-01-15T16:57:38","guid":{"rendered":"https:\/\/mekulo.com\/dk\/produkt\/trickplan-af-skum\/"},"modified":"2026-02-03T17:17:24","modified_gmt":"2026-02-03T15:17:24","slug":"trickplan-af-skum","status":"publish","type":"product","link":"https:\/\/mekulo.com\/dk\/produkt\/trickplan-af-skum\/","title":{"rendered":"Trickplan af skum"},"content":{"rendered":"<p style=\"text-align: center;\" data-start=\"0\" data-end=\"76\"><strong data-start=\"0\" data-end=\"76\">Nyd nem flyvesjov med et let trickfly, som alle kan styre. \ud83c\udfae<\/strong><\/p>\n<p data-start=\"0\" data-end=\"76\"><img fetchpriority=\"high\" decoding=\"async\" class=\"size-full wp-image-20762 aligncenter\" src=\"https:\/\/mekulo.com\/template\/wp-content\/uploads\/sites\/6\/2026\/01\/6-8.jpeg\" alt=\"\" width=\"1000\" height=\"1000\" \/><\/p>\n<h2 style=\"text-align: center;\" data-start=\"290\" data-end=\"310\"><strong>Vigtigste fordele \u2708\ufe0f<\/strong><\/h2>\n<p data-start=\"313\" data-end=\"393\">\ud83c\udfae Nem fjernbetjening &#8211; Enkel venstreh\u00e5nds gas og h\u00f8jreh\u00e5ndsstyring.<\/p>\n<p data-start=\"396\" data-end=\"462\">\ud83e\udeb6 Letv\u00e6gtsskumhus &#8211; Sikrere flyvninger og f\u00e6rre brud.<\/p>\n<p data-start=\"465\" data-end=\"525\">\ud83d\udd0b Genopladeligt batteri &#8211; Flyv, genoplad og flyv igen.<\/p>\n<p data-start=\"528\" data-end=\"589\">\ud83d\udee0\ufe0f Begyndervenlig &#8211; Stabil flyvning og nem h\u00e5ndtering.<\/p>\n<p data-start=\"592\" data-end=\"656\">\ud83c\udf81 Komplet s\u00e6t inkluderet &#8211; Alt hvad du beh\u00f8ver for at begynde at flyve.<\/p>\n<p data-start=\"592\" data-end=\"656\"><img decoding=\"async\" class=\"size-full wp-image-20765 aligncenter\" src=\"https:\/\/mekulo.com\/template\/wp-content\/uploads\/sites\/6\/2026\/01\/3-10.jpg\" alt=\"\" width=\"1080\" height=\"1080\" \/><\/p>\n<h2 style=\"text-align: center;\" data-start=\"663\" data-end=\"677\"><strong>S\u00e5dan bruges \ud83d\udccc<\/strong><\/h2>\n<ol data-start=\"678\" data-end=\"986\">\n<li data-start=\"678\" data-end=\"728\">\n<p data-start=\"681\" data-end=\"728\">Lad flyets batteri op med USB-kablet.<\/p>\n<\/li>\n<li data-start=\"729\" data-end=\"795\">\n<p data-start=\"732\" data-end=\"795\">S\u00e6t 3x AA-batterier i fjernbetjeningen (medf\u00f8lger ikke).<\/p>\n<\/li>\n<li data-start=\"796\" data-end=\"847\">\n<p data-start=\"799\" data-end=\"847\">T\u00e6nd for flyet og derefter fjernbetjeningen.<\/p>\n<\/li>\n<li data-start=\"848\" data-end=\"887\">\n<p data-start=\"851\" data-end=\"887\">Placer flyet p\u00e5 en plan overflade.<\/p>\n<\/li>\n<li data-start=\"888\" data-end=\"930\">\n<p data-start=\"891\" data-end=\"930\">Tryk langsomt p\u00e5 gash\u00e5ndtaget for at lette.<\/p>\n<\/li>\n<li data-start=\"931\" data-end=\"986\">\n<p data-start=\"934\" data-end=\"986\">Brug betjeningselementerne til at flyve og udf\u00f8re enkle tricks.<\/p>\n<\/li>\n<\/ol>\n<h2 style=\"text-align: center;\" data-start=\"993\" data-end=\"1012\"><strong>Produktdetaljer \ud83d\udcd0<\/strong><\/h2>\n<ul data-start=\"1013\" data-end=\"1403\">\n<li data-start=\"1013\" data-end=\"1063\">\n<p data-start=\"1015\" data-end=\"1063\">Materiale: Plastik, skum, elektroniske komponenter<\/p>\n<\/li>\n<li data-start=\"1088\" data-end=\"1120\">\n<p data-start=\"1090\" data-end=\"1120\">Flyvetid: Ca. 6 minutter<\/p>\n<\/li>\n<li data-start=\"1121\" data-end=\"1158\">\n<p data-start=\"1123\" data-end=\"1158\">Kontrolafstand: Op til 70 meter<\/p>\n<\/li>\n<li data-start=\"1159\" data-end=\"1205\">\n<p data-start=\"1161\" data-end=\"1205\">Flyets batteri: 3,7V 300mAh litiumbatteri<\/p>\n<\/li>\n<li data-start=\"1206\" data-end=\"1265\">\n<p data-start=\"1208\" data-end=\"1265\">Fjernbetjeningens batteri: 3x AA-batterier (medf\u00f8lger ikke)<\/p>\n<\/li>\n<li data-start=\"1266\" data-end=\"1299\">\n<p data-start=\"1268\" data-end=\"1299\">Opladningsmetode: USB-opladning<\/p>\n<\/li>\n<li data-start=\"1300\" data-end=\"1335\">\n<p data-start=\"1302\" data-end=\"1335\">Opladningstid: Ca. 50 minutter<\/p>\n<\/li>\n<li data-start=\"1336\" data-end=\"1370\">\n<p data-start=\"1338\" data-end=\"1370\">Flyets st\u00f8rrelse: 18 x 25,5 x 5,2 cm<\/p>\n<\/li>\n<\/ul>\n<h2 style=\"text-align: center;\" data-start=\"1410\" data-end=\"1430\"><strong>Pakken indeholder \ud83d\udce6<\/strong><\/h2>\n<ul data-start=\"1431\" data-end=\"1617\">\n<li data-start=\"1431\" data-end=\"1458\">\n<p data-start=\"1433\" data-end=\"1458\">1x skumtrickfly<\/p>\n<\/li>\n<li data-start=\"1459\" data-end=\"1484\">\n<p data-start=\"1461\" data-end=\"1484\">1x fjernbetjening<\/p>\n<\/li>\n<li data-start=\"1485\" data-end=\"1508\">\n<p data-start=\"1487\" data-end=\"1508\">4x reserveblade<\/p>\n<\/li>\n<li data-start=\"1485\" data-end=\"1508\">\n<p data-start=\"1487\" data-end=\"1508\">1x flybatteri<\/p>\n<\/li>\n<li data-start=\"1534\" data-end=\"1563\">\n<p data-start=\"1536\" data-end=\"1563\">1x USB-opladerkabel<\/p>\n<\/li>\n<li data-start=\"1564\" data-end=\"1586\">\n<p data-start=\"1566\" data-end=\"1586\">1x skruetr\u00e6kker<\/p>\n<\/li>\n<li data-start=\"1587\" data-end=\"1617\">\n<p data-start=\"1589\" data-end=\"1617\">2x brugsanvisning.<\/p>\n<\/li>\n<\/ul>\n","protected":false},"excerpt":{"rendered":"<p>\u2708\ufe0fDette skumtrickfly er et let fjernstyret fly, der er designet til nem flyvning og sjove lufttricks.<br \/>\n\ud83d\udd0bSkumkroppen hj\u00e6lper med at absorbere sm\u00e5 styrt, hvilket g\u00f8r det sikrere og mere holdbart for begyndere.<br \/>\n\ud83c\udfaeMed j\u00e6vn kontrol og stabil flyvning er det perfekt til b\u00f8rn, teenagere og alle, der \u00f8nsker et brugervenligt RC-fly uden kompliceret ops\u00e6tning.<\/p>\n","protected":false},"featured_media":18357,"comment_status":"open","ping_status":"closed","template":"","meta":{"site-sidebar-layout":"default","site-content-layout":"","ast-site-content-layout":"default","site-content-style":"default","site-sidebar-style":"default","ast-global-header-display":"","ast-banner-title-visibility":"","ast-main-header-display":"","ast-hfb-above-header-display":"","ast-hfb-below-header-display":"","ast-hfb-mobile-header-display":"","site-post-title":"","ast-breadcrumbs-content":"","ast-featured-img":"","footer-sml-layout":"","theme-transparent-header-meta":"default","adv-header-id-meta":"","stick-header-meta":"","header-above-stick-meta":"","header-main-stick-meta":"","header-below-stick-meta":"","astra-migrate-meta-layouts":"set","ast-page-background-enabled":"default","ast-page-background-meta":{"desktop":{"background-color":"var(--ast-global-color-5)","background-image":"","background-repeat":"repeat","background-position":"center center","background-size":"auto","background-attachment":"scroll","background-type":"","background-media":"","overlay-type":"","overlay-color":"","overlay-opacity":"","overlay-gradient":""},"tablet":{"background-color":"","background-image":"","background-repeat":"repeat","background-position":"center center","background-size":"auto","background-attachment":"scroll","background-type":"","background-media":"","overlay-type":"","overlay-color":"","overlay-opacity":"","overlay-gradient":""},"mobile":{"background-color":"","background-image":"","background-repeat":"repeat","background-position":"center center","background-size":"auto","background-attachment":"scroll","background-type":"","background-media":"","overlay-type":"","overlay-color":"","overlay-opacity":"","overlay-gradient":""}},"ast-content-background-meta":{"desktop":{"background-color":"var(--ast-global-color-4)","background-image":"","background-repeat":"repeat","background-position":"center center","background-size":"auto","background-attachment":"scroll","background-type":"","background-media":"","overlay-type":"","overlay-color":"","overlay-opacity":"","overlay-gradient":""},"tablet":{"background-color":"var(--ast-global-color-4)","background-image":"","background-repeat":"repeat","background-position":"center center","background-size":"auto","background-attachment":"scroll","background-type":"","background-media":"","overlay-type":"","overlay-color":"","overlay-opacity":"","overlay-gradient":""},"mobile":{"background-color":"var(--ast-global-color-4)","background-image":"","background-repeat":"repeat","background-position":"center center","background-size":"auto","background-attachment":"scroll","background-type":"","background-media":"","overlay-type":"","overlay-color":"","overlay-opacity":"","overlay-gradient":""}}},"product_brand":[],"product_cat":[172],"product_tag":[],"class_list":{"0":"post-18361","1":"product","2":"type-product","3":"status-publish","4":"has-post-thumbnail","6":"product_cat-legetoej-boerne-og-babyprodukter","7":"pa_49902_xycdj1oe-blaa","8":"pa_49902_xycdj1oe-roed","9":"desktop-align-left","10":"tablet-align-left","11":"mobile-align-left","13":"first","14":"instock","15":"shipping-taxable","16":"purchasable","17":"product-type-variable"},"yoast_head":"<!-- This site is optimized with the Yoast SEO plugin v26.6 - https:\/\/yoast.com\/wordpress\/plugins\/seo\/ -->\n<title>Trickplan af skum - Mekulo DK<\/title>\n<meta name=\"robots\" content=\"index, follow, max-snippet:-1, max-image-preview:large, max-video-preview:-1\" \/>\n<link rel=\"canonical\" href=\"https:\/\/mekulo.com\/dk\/produkt\/trickplan-af-skum\/\" \/>\n<meta property=\"og:locale\" content=\"da_DK\" \/>\n<meta property=\"og:type\" content=\"article\" \/>\n<meta property=\"og:title\" content=\"Trickplan af skum - Mekulo DK\" \/>\n<meta property=\"og:description\" content=\"\u2708\ufe0fDette skumtrickfly er et let fjernstyret fly, der er designet til nem flyvning og sjove lufttricks. \ud83d\udd0bSkumkroppen hj\u00e6lper med at absorbere sm\u00e5 styrt, hvilket g\u00f8r det sikrere og mere holdbart for begyndere. \ud83c\udfaeMed j\u00e6vn kontrol og stabil flyvning er det perfekt til b\u00f8rn, teenagere og alle, der \u00f8nsker et brugervenligt RC-fly uden kompliceret ops\u00e6tning.\" \/>\n<meta property=\"og:url\" content=\"https:\/\/mekulo.com\/dk\/produkt\/trickplan-af-skum\/\" \/>\n<meta property=\"og:site_name\" content=\"Mekulo DK\" \/>\n<meta property=\"article:modified_time\" content=\"2026-02-03T15:17:24+00:00\" \/>\n<meta property=\"og:image\" content=\"https:\/\/mekulo.com\/dk\/wp-content\/uploads\/sites\/12\/2026\/01\/m6jhq5g-1.jpeg\" \/>\n\t<meta property=\"og:image:width\" content=\"1200\" \/>\n\t<meta property=\"og:image:height\" content=\"1200\" \/>\n\t<meta property=\"og:image:type\" content=\"image\/jpeg\" \/>\n<meta name=\"twitter:card\" content=\"summary_large_image\" \/>\n<meta name=\"twitter:label1\" content=\"Estimeret l\u00e6setid\" \/>\n\t<meta name=\"twitter:data1\" content=\"2 minutter\" \/>\n<script type=\"application\/ld+json\" class=\"yoast-schema-graph\">{\"@context\":\"https:\/\/schema.org\",\"@graph\":[{\"@type\":\"WebPage\",\"@id\":\"https:\/\/mekulo.com\/dk\/produkt\/trickplan-af-skum\/\",\"url\":\"https:\/\/mekulo.com\/dk\/produkt\/trickplan-af-skum\/\",\"name\":\"Trickplan af skum - Mekulo DK\",\"isPartOf\":{\"@id\":\"https:\/\/mekulo.com\/dk\/#website\"},\"primaryImageOfPage\":{\"@id\":\"https:\/\/mekulo.com\/dk\/produkt\/trickplan-af-skum\/#primaryimage\"},\"image\":{\"@id\":\"https:\/\/mekulo.com\/dk\/produkt\/trickplan-af-skum\/#primaryimage\"},\"thumbnailUrl\":\"https:\/\/mekulo.com\/dk\/wp-content\/uploads\/sites\/12\/2026\/01\/m6jhq5g-1.jpeg\",\"datePublished\":\"2026-01-15T16:57:38+00:00\",\"dateModified\":\"2026-02-03T15:17:24+00:00\",\"breadcrumb\":{\"@id\":\"https:\/\/mekulo.com\/dk\/produkt\/trickplan-af-skum\/#breadcrumb\"},\"inLanguage\":\"da-DK\",\"potentialAction\":[{\"@type\":\"ReadAction\",\"target\":[\"https:\/\/mekulo.com\/dk\/produkt\/trickplan-af-skum\/\"]}]},{\"@type\":\"ImageObject\",\"inLanguage\":\"da-DK\",\"@id\":\"https:\/\/mekulo.com\/dk\/produkt\/trickplan-af-skum\/#primaryimage\",\"url\":\"https:\/\/mekulo.com\/dk\/wp-content\/uploads\/sites\/12\/2026\/01\/m6jhq5g-1.jpeg\",\"contentUrl\":\"https:\/\/mekulo.com\/dk\/wp-content\/uploads\/sites\/12\/2026\/01\/m6jhq5g-1.jpeg\",\"width\":1200,\"height\":1200},{\"@type\":\"BreadcrumbList\",\"@id\":\"https:\/\/mekulo.com\/dk\/produkt\/trickplan-af-skum\/#breadcrumb\",\"itemListElement\":[{\"@type\":\"ListItem\",\"position\":1,\"name\":\"Home\",\"item\":\"https:\/\/mekulo.com\/dk\/\"},{\"@type\":\"ListItem\",\"position\":2,\"name\":\"Butik\",\"item\":\"https:\/\/mekulo.com\/dk\/butik\/\"},{\"@type\":\"ListItem\",\"position\":3,\"name\":\"Trickplan af skum\"}]},{\"@type\":\"WebSite\",\"@id\":\"https:\/\/mekulo.com\/dk\/#website\",\"url\":\"https:\/\/mekulo.com\/dk\/\",\"name\":\"Mekulo DK\",\"description\":\"\",\"publisher\":{\"@id\":\"https:\/\/mekulo.com\/dk\/#organization\"},\"potentialAction\":[{\"@type\":\"SearchAction\",\"target\":{\"@type\":\"EntryPoint\",\"urlTemplate\":\"https:\/\/mekulo.com\/dk\/?s={search_term_string}\"},\"query-input\":{\"@type\":\"PropertyValueSpecification\",\"valueRequired\":true,\"valueName\":\"search_term_string\"}}],\"inLanguage\":\"da-DK\"},{\"@type\":\"Organization\",\"@id\":\"https:\/\/mekulo.com\/dk\/#organization\",\"name\":\"Mekulo\",\"url\":\"https:\/\/mekulo.com\/dk\/\",\"logo\":{\"@type\":\"ImageObject\",\"inLanguage\":\"da-DK\",\"@id\":\"https:\/\/mekulo.com\/dk\/#\/schema\/logo\/image\/\",\"url\":\"https:\/\/mekulo.com\/dk\/wp-content\/uploads\/sites\/12\/2025\/12\/favicon_mekulo.png\",\"contentUrl\":\"https:\/\/mekulo.com\/dk\/wp-content\/uploads\/sites\/12\/2025\/12\/favicon_mekulo.png\",\"width\":50,\"height\":50,\"caption\":\"Mekulo\"},\"image\":{\"@id\":\"https:\/\/mekulo.com\/dk\/#\/schema\/logo\/image\/\"}}]}<\/script>\n<!-- \/ Yoast SEO plugin. -->","yoast_head_json":{"title":"Trickplan af skum - Mekulo DK","robots":{"index":"index","follow":"follow","max-snippet":"max-snippet:-1","max-image-preview":"max-image-preview:large","max-video-preview":"max-video-preview:-1"},"canonical":"https:\/\/mekulo.com\/dk\/produkt\/trickplan-af-skum\/","og_locale":"da_DK","og_type":"article","og_title":"Trickplan af skum - Mekulo DK","og_description":"\u2708\ufe0fDette skumtrickfly er et let fjernstyret fly, der er designet til nem flyvning og sjove lufttricks. \ud83d\udd0bSkumkroppen hj\u00e6lper med at absorbere sm\u00e5 styrt, hvilket g\u00f8r det sikrere og mere holdbart for begyndere. \ud83c\udfaeMed j\u00e6vn kontrol og stabil flyvning er det perfekt til b\u00f8rn, teenagere og alle, der \u00f8nsker et brugervenligt RC-fly uden kompliceret ops\u00e6tning.","og_url":"https:\/\/mekulo.com\/dk\/produkt\/trickplan-af-skum\/","og_site_name":"Mekulo DK","article_modified_time":"2026-02-03T15:17:24+00:00","og_image":[{"width":1200,"height":1200,"url":"https:\/\/mekulo.com\/dk\/wp-content\/uploads\/sites\/12\/2026\/01\/m6jhq5g-1.jpeg","type":"image\/jpeg"}],"twitter_card":"summary_large_image","twitter_misc":{"Estimeret l\u00e6setid":"2 minutter"},"schema":{"@context":"https:\/\/schema.org","@graph":[{"@type":"WebPage","@id":"https:\/\/mekulo.com\/dk\/produkt\/trickplan-af-skum\/","url":"https:\/\/mekulo.com\/dk\/produkt\/trickplan-af-skum\/","name":"Trickplan af skum - Mekulo DK","isPartOf":{"@id":"https:\/\/mekulo.com\/dk\/#website"},"primaryImageOfPage":{"@id":"https:\/\/mekulo.com\/dk\/produkt\/trickplan-af-skum\/#primaryimage"},"image":{"@id":"https:\/\/mekulo.com\/dk\/produkt\/trickplan-af-skum\/#primaryimage"},"thumbnailUrl":"https:\/\/mekulo.com\/dk\/wp-content\/uploads\/sites\/12\/2026\/01\/m6jhq5g-1.jpeg","datePublished":"2026-01-15T16:57:38+00:00","dateModified":"2026-02-03T15:17:24+00:00","breadcrumb":{"@id":"https:\/\/mekulo.com\/dk\/produkt\/trickplan-af-skum\/#breadcrumb"},"inLanguage":"da-DK","potentialAction":[{"@type":"ReadAction","target":["https:\/\/mekulo.com\/dk\/produkt\/trickplan-af-skum\/"]}]},{"@type":"ImageObject","inLanguage":"da-DK","@id":"https:\/\/mekulo.com\/dk\/produkt\/trickplan-af-skum\/#primaryimage","url":"https:\/\/mekulo.com\/dk\/wp-content\/uploads\/sites\/12\/2026\/01\/m6jhq5g-1.jpeg","contentUrl":"https:\/\/mekulo.com\/dk\/wp-content\/uploads\/sites\/12\/2026\/01\/m6jhq5g-1.jpeg","width":1200,"height":1200},{"@type":"BreadcrumbList","@id":"https:\/\/mekulo.com\/dk\/produkt\/trickplan-af-skum\/#breadcrumb","itemListElement":[{"@type":"ListItem","position":1,"name":"Home","item":"https:\/\/mekulo.com\/dk\/"},{"@type":"ListItem","position":2,"name":"Butik","item":"https:\/\/mekulo.com\/dk\/butik\/"},{"@type":"ListItem","position":3,"name":"Trickplan af skum"}]},{"@type":"WebSite","@id":"https:\/\/mekulo.com\/dk\/#website","url":"https:\/\/mekulo.com\/dk\/","name":"Mekulo DK","description":"","publisher":{"@id":"https:\/\/mekulo.com\/dk\/#organization"},"potentialAction":[{"@type":"SearchAction","target":{"@type":"EntryPoint","urlTemplate":"https:\/\/mekulo.com\/dk\/?s={search_term_string}"},"query-input":{"@type":"PropertyValueSpecification","valueRequired":true,"valueName":"search_term_string"}}],"inLanguage":"da-DK"},{"@type":"Organization","@id":"https:\/\/mekulo.com\/dk\/#organization","name":"Mekulo","url":"https:\/\/mekulo.com\/dk\/","logo":{"@type":"ImageObject","inLanguage":"da-DK","@id":"https:\/\/mekulo.com\/dk\/#\/schema\/logo\/image\/","url":"https:\/\/mekulo.com\/dk\/wp-content\/uploads\/sites\/12\/2025\/12\/favicon_mekulo.png","contentUrl":"https:\/\/mekulo.com\/dk\/wp-content\/uploads\/sites\/12\/2025\/12\/favicon_mekulo.png","width":50,"height":50,"caption":"Mekulo"},"image":{"@id":"https:\/\/mekulo.com\/dk\/#\/schema\/logo\/image\/"}}]}},"_links":{"self":[{"href":"https:\/\/mekulo.com\/dk\/wp-json\/wp\/v2\/product\/18361","targetHints":{"allow":["GET"]}}],"collection":[{"href":"https:\/\/mekulo.com\/dk\/wp-json\/wp\/v2\/product"}],"about":[{"href":"https:\/\/mekulo.com\/dk\/wp-json\/wp\/v2\/types\/product"}],"replies":[{"embeddable":true,"href":"https:\/\/mekulo.com\/dk\/wp-json\/wp\/v2\/comments?post=18361"}],"wp:featuredmedia":[{"embeddable":true,"href":"https:\/\/mekulo.com\/dk\/wp-json\/wp\/v2\/media\/18357"}],"wp:attachment":[{"href":"https:\/\/mekulo.com\/dk\/wp-json\/wp\/v2\/media?parent=18361"}],"wp:term":[{"taxonomy":"product_brand","embeddable":true,"href":"https:\/\/mekulo.com\/dk\/wp-json\/wp\/v2\/product_brand?post=18361"},{"taxonomy":"product_cat","embeddable":true,"href":"https:\/\/mekulo.com\/dk\/wp-json\/wp\/v2\/product_cat?post=18361"},{"taxonomy":"product_tag","embeddable":true,"href":"https:\/\/mekulo.com\/dk\/wp-json\/wp\/v2\/product_tag?post=18361"}],"curies":[{"name":"wp","href":"https:\/\/api.w.org\/{rel}","templated":true}]}}