{"id":18352,"date":"2026-01-15T18:56:05","date_gmt":"2026-01-15T16:56:05","guid":{"rendered":"https:\/\/mekulo.com\/dk\/produkt\/uv-inspektionslommelygte\/"},"modified":"2026-02-03T17:14:44","modified_gmt":"2026-02-03T15:14:44","slug":"uv-inspektionslommelygte","status":"publish","type":"product","link":"https:\/\/mekulo.com\/dk\/produkt\/uv-inspektionslommelygte\/","title":{"rendered":"UV-inspektionslommelygte"},"content":{"rendered":"<p style=\"text-align: center;\" data-start=\"0\" data-end=\"66\"><strong data-start=\"0\" data-end=\"66\">Se skjulte forureninger med det samme, og inspic\u00e9r med tillid. \ud83d\udd26<\/strong><\/p>\n<p data-start=\"0\" data-end=\"66\"><img fetchpriority=\"high\" decoding=\"async\" class=\"size-full wp-image-20754 aligncenter\" src=\"https:\/\/mekulo.com\/template\/wp-content\/uploads\/sites\/6\/2026\/01\/S41ea62869c83443eb1b1921a3cc5d2ebg.jpg_960x960q75.jpg_.jpg\" alt=\"\" width=\"1080\" height=\"1080\" \/><\/p>\n<h2 style=\"text-align: center;\" data-start=\"322\" data-end=\"342\"><strong>Vigtigste fordele\ud83c\udf1f<\/strong><\/h2>\n<p data-start=\"345\" data-end=\"425\">\ud83d\udd26 Kraftigt 365 nm UV-lys &#8211; afsl\u00f8rer skjulte fluorescerende stoffer tydeligt.<\/p>\n<p data-start=\"428\" data-end=\"492\">\ud83e\udd6c Sikrere f\u00f8devarekontrol &#8211; hj\u00e6lper med at opdage rester p\u00e5 gr\u00f8ntsager.<\/p>\n<p data-start=\"495\" data-end=\"564\">\ud83d\udccf Str\u00e5le med lang r\u00e6kkevidde &#8211; op til 50 m synlighed for klare inspektioner.<\/p>\n<p data-start=\"567\" data-end=\"630\">\ud83e\uddf3 Lille og b\u00e6rbar &#8211; nem at have med i lommen eller tasken.<\/p>\n<p data-start=\"633\" data-end=\"690\">\ud83d\udee0\ufe0f Holdbar konstruktion &#8211; lavet til hyppig, daglig brug.<\/p>\n<p data-start=\"693\" data-end=\"777\">\ud83d\udc3e Multifunktionel anvendelse &#8211; Perfekt til k\u00e6ledyrspletter, pengechecks og husholdningsartikler.<\/p>\n<p data-start=\"693\" data-end=\"777\"><img decoding=\"async\" class=\"size-full wp-image-20756 aligncenter\" src=\"https:\/\/mekulo.com\/template\/wp-content\/uploads\/sites\/6\/2026\/01\/spp_shopify20250901163332_29b1bbc175c38e9852c2fd12d1bd241e_87365d7f-7035-4c24-a64e-b7c4e9908d06.png\" alt=\"\" width=\"713\" height=\"713\" \/><\/p>\n<h2 style=\"text-align: center;\" data-start=\"784\" data-end=\"798\"><strong>S\u00e5dan bruges \ud83d\udccc<\/strong><\/h2>\n<ol data-start=\"799\" data-end=\"1026\">\n<li data-start=\"799\" data-end=\"847\">\n<p data-start=\"802\" data-end=\"847\">T\u00e6nd lommelygten i et omr\u00e5de med svagt lys.<\/p>\n<\/li>\n<li data-start=\"848\" data-end=\"918\">\n<p data-start=\"851\" data-end=\"918\">Lys UV-lyset direkte p\u00e5 den overflade, du vil inspicere.<\/p>\n<\/li>\n<li data-start=\"919\" data-end=\"962\">\n<p data-start=\"922\" data-end=\"962\">Se efter gl\u00f8dende eller fluorescerende m\u00e6rker.<\/p>\n<\/li>\n<li data-start=\"963\" data-end=\"1026\">\n<p data-start=\"966\" data-end=\"1026\">Reng\u00f8r eller fjern genstande, hvis der opdages u\u00f8nskede stoffer.<\/p>\n<\/li>\n<\/ol>\n<h2 style=\"text-align: center;\" data-start=\"1033\" data-end=\"1052\"><strong>Produktdetaljer \ud83d\udcd0<\/strong><\/h2>\n<ul data-start=\"1053\" data-end=\"1320\">\n<li data-start=\"1053\" data-end=\"1071\">\n<p data-start=\"1055\" data-end=\"1071\">Effekt: 10 W LED<\/p>\n<\/li>\n<li data-start=\"1072\" data-end=\"1096\">\n<p data-start=\"1074\" data-end=\"1096\">B\u00f8lgel\u00e6ngde: 365 nm UV<\/p>\n<\/li>\n<li data-start=\"1097\" data-end=\"1128\">\n<p data-start=\"1099\" data-end=\"1128\">Str\u00e5le r\u00e6kkevidde: Op til 50 meter<\/p>\n<\/li>\n<li data-start=\"1146\" data-end=\"1170\">\n<p data-start=\"1148\" data-end=\"1170\">Dimensioner: 90 x 10 mm<\/p>\n<\/li>\n<li data-start=\"1171\" data-end=\"1208\">\n<p data-start=\"1173\" data-end=\"1208\">Hus: Aluminiumslegering \/ plast<\/p>\n<\/li>\n<li data-start=\"1209\" data-end=\"1320\">\n<p data-start=\"1211\" data-end=\"1320\">Anvendelser: Gr\u00f8ntsagsinspektion, aflatoksindetektion, test af fluorescerende midler, daglig vareunders\u00f8gelse<\/p>\n<\/li>\n<\/ul>\n<h2 style=\"text-align: center;\" data-start=\"1327\" data-end=\"1347\"><strong>Pakken indeholder \ud83d\udce6<\/strong><\/h2>\n<ul data-start=\"1348\" data-end=\"1397\" data-is-last-node=\"\" data-is-only-node=\"\">\n<li data-start=\"1348\" data-end=\"1397\" data-is-last-node=\"\">\n<p data-start=\"1350\" data-end=\"1397\" data-is-last-node=\"\">1x UV-inspektionslommelygte.<\/p>\n<\/li>\n<\/ul>\n","protected":false},"excerpt":{"rendered":"<p>\ud83d\udd26Denne UV-inspektionslommelygte bruger kraftigt 365 nm UV-lys til at afsl\u00f8re ting, som dine \u00f8jne ikke kan se.<br \/>\n\ud83c\udf45Den hj\u00e6lper dig med hurtigt at spotte fluorescerende stoffer, pesticider og andre rester p\u00e5 gr\u00f8ntsager og hverdagsting, s\u00e5 du ved, hvad der virkelig er rent og sikkert.<\/p>\n","protected":false},"featured_media":18348,"comment_status":"open","ping_status":"closed","template":"","meta":{"site-sidebar-layout":"default","site-content-layout":"","ast-site-content-layout":"default","site-content-style":"default","site-sidebar-style":"default","ast-global-header-display":"","ast-banner-title-visibility":"","ast-main-header-display":"","ast-hfb-above-header-display":"","ast-hfb-below-header-display":"","ast-hfb-mobile-header-display":"","site-post-title":"","ast-breadcrumbs-content":"","ast-featured-img":"","footer-sml-layout":"","ast-disable-related-posts":"","theme-transparent-header-meta":"default","adv-header-id-meta":"","stick-header-meta":"","header-above-stick-meta":"","header-main-stick-meta":"","header-below-stick-meta":"","astra-migrate-meta-layouts":"set","ast-page-background-enabled":"default","ast-page-background-meta":{"desktop":{"background-color":"var(--ast-global-color-5)","background-image":"","background-repeat":"repeat","background-position":"center center","background-size":"auto","background-attachment":"scroll","background-type":"","background-media":"","overlay-type":"","overlay-color":"","overlay-opacity":"","overlay-gradient":""},"tablet":{"background-color":"","background-image":"","background-repeat":"repeat","background-position":"center center","background-size":"auto","background-attachment":"scroll","background-type":"","background-media":"","overlay-type":"","overlay-color":"","overlay-opacity":"","overlay-gradient":""},"mobile":{"background-color":"","background-image":"","background-repeat":"repeat","background-position":"center center","background-size":"auto","background-attachment":"scroll","background-type":"","background-media":"","overlay-type":"","overlay-color":"","overlay-opacity":"","overlay-gradient":""}},"ast-content-background-meta":{"desktop":{"background-color":"var(--ast-global-color-4)","background-image":"","background-repeat":"repeat","background-position":"center center","background-size":"auto","background-attachment":"scroll","background-type":"","background-media":"","overlay-type":"","overlay-color":"","overlay-opacity":"","overlay-gradient":""},"tablet":{"background-color":"var(--ast-global-color-4)","background-image":"","background-repeat":"repeat","background-position":"center center","background-size":"auto","background-attachment":"scroll","background-type":"","background-media":"","overlay-type":"","overlay-color":"","overlay-opacity":"","overlay-gradient":""},"mobile":{"background-color":"var(--ast-global-color-4)","background-image":"","background-repeat":"repeat","background-position":"center center","background-size":"auto","background-attachment":"scroll","background-type":"","background-media":"","overlay-type":"","overlay-color":"","overlay-opacity":"","overlay-gradient":""}}},"product_brand":[],"product_cat":[168],"product_tag":[],"class_list":{"0":"post-18352","1":"product","2":"type-product","3":"status-publish","4":"has-post-thumbnail","6":"product_cat-husholdningsartikler","7":"desktop-align-left","8":"tablet-align-left","9":"mobile-align-left","11":"first","12":"instock","13":"shipping-taxable","14":"purchasable","15":"product-type-simple"},"yoast_head":"<!-- This site is optimized with the Yoast SEO plugin v27.4 - https:\/\/yoast.com\/product\/yoast-seo-wordpress\/ -->\n<title>UV-inspektionslommelygte - Mekulo DK<\/title>\n<meta name=\"robots\" content=\"index, follow, max-snippet:-1, max-image-preview:large, max-video-preview:-1\" \/>\n<link rel=\"canonical\" href=\"https:\/\/mekulo.com\/dk\/produkt\/uv-inspektionslommelygte\/\" \/>\n<meta property=\"og:locale\" content=\"da_DK\" \/>\n<meta property=\"og:type\" content=\"article\" \/>\n<meta property=\"og:title\" content=\"UV-inspektionslommelygte - Mekulo DK\" \/>\n<meta property=\"og:description\" content=\"\ud83d\udd26Denne UV-inspektionslommelygte bruger kraftigt 365 nm UV-lys til at afsl\u00f8re ting, som dine \u00f8jne ikke kan se. \ud83c\udf45Den hj\u00e6lper dig med hurtigt at spotte fluorescerende stoffer, pesticider og andre rester p\u00e5 gr\u00f8ntsager og hverdagsting, s\u00e5 du ved, hvad der virkelig er rent og sikkert.\" \/>\n<meta property=\"og:url\" content=\"https:\/\/mekulo.com\/dk\/produkt\/uv-inspektionslommelygte\/\" \/>\n<meta property=\"og:site_name\" content=\"Mekulo DK\" \/>\n<meta property=\"article:modified_time\" content=\"2026-02-03T15:14:44+00:00\" \/>\n<meta property=\"og:image\" content=\"https:\/\/mekulo.com\/dk\/wp-content\/uploads\/sites\/12\/2026\/01\/croma6h-1.png\" \/>\n\t<meta property=\"og:image:width\" content=\"800\" \/>\n\t<meta property=\"og:image:height\" content=\"800\" \/>\n\t<meta property=\"og:image:type\" content=\"image\/png\" \/>\n<meta name=\"twitter:card\" content=\"summary_large_image\" \/>\n<meta name=\"twitter:label1\" content=\"Estimeret l\u00e6setid\" \/>\n\t<meta name=\"twitter:data1\" content=\"2 minutter\" \/>\n<script type=\"application\/ld+json\" class=\"yoast-schema-graph\">{\"@context\":\"https:\\\/\\\/schema.org\",\"@graph\":[{\"@type\":\"WebPage\",\"@id\":\"https:\\\/\\\/mekulo.com\\\/dk\\\/produkt\\\/uv-inspektionslommelygte\\\/\",\"url\":\"https:\\\/\\\/mekulo.com\\\/dk\\\/produkt\\\/uv-inspektionslommelygte\\\/\",\"name\":\"UV-inspektionslommelygte - Mekulo DK\",\"isPartOf\":{\"@id\":\"https:\\\/\\\/mekulo.com\\\/dk\\\/#website\"},\"primaryImageOfPage\":{\"@id\":\"https:\\\/\\\/mekulo.com\\\/dk\\\/produkt\\\/uv-inspektionslommelygte\\\/#primaryimage\"},\"image\":{\"@id\":\"https:\\\/\\\/mekulo.com\\\/dk\\\/produkt\\\/uv-inspektionslommelygte\\\/#primaryimage\"},\"thumbnailUrl\":\"https:\\\/\\\/mekulo.com\\\/dk\\\/wp-content\\\/uploads\\\/sites\\\/12\\\/2026\\\/01\\\/croma6h-1.png\",\"datePublished\":\"2026-01-15T16:56:05+00:00\",\"dateModified\":\"2026-02-03T15:14:44+00:00\",\"breadcrumb\":{\"@id\":\"https:\\\/\\\/mekulo.com\\\/dk\\\/produkt\\\/uv-inspektionslommelygte\\\/#breadcrumb\"},\"inLanguage\":\"da-DK\",\"potentialAction\":[{\"@type\":\"ReadAction\",\"target\":[\"https:\\\/\\\/mekulo.com\\\/dk\\\/produkt\\\/uv-inspektionslommelygte\\\/\"]}]},{\"@type\":\"ImageObject\",\"inLanguage\":\"da-DK\",\"@id\":\"https:\\\/\\\/mekulo.com\\\/dk\\\/produkt\\\/uv-inspektionslommelygte\\\/#primaryimage\",\"url\":\"https:\\\/\\\/mekulo.com\\\/dk\\\/wp-content\\\/uploads\\\/sites\\\/12\\\/2026\\\/01\\\/croma6h-1.png\",\"contentUrl\":\"https:\\\/\\\/mekulo.com\\\/dk\\\/wp-content\\\/uploads\\\/sites\\\/12\\\/2026\\\/01\\\/croma6h-1.png\",\"width\":800,\"height\":800},{\"@type\":\"BreadcrumbList\",\"@id\":\"https:\\\/\\\/mekulo.com\\\/dk\\\/produkt\\\/uv-inspektionslommelygte\\\/#breadcrumb\",\"itemListElement\":[{\"@type\":\"ListItem\",\"position\":1,\"name\":\"Home\",\"item\":\"https:\\\/\\\/mekulo.com\\\/dk\\\/\"},{\"@type\":\"ListItem\",\"position\":2,\"name\":\"Butik\",\"item\":\"https:\\\/\\\/mekulo.com\\\/dk\\\/butik\\\/\"},{\"@type\":\"ListItem\",\"position\":3,\"name\":\"UV-inspektionslommelygte\"}]},{\"@type\":\"WebSite\",\"@id\":\"https:\\\/\\\/mekulo.com\\\/dk\\\/#website\",\"url\":\"https:\\\/\\\/mekulo.com\\\/dk\\\/\",\"name\":\"Mekulo DK\",\"description\":\"\",\"publisher\":{\"@id\":\"https:\\\/\\\/mekulo.com\\\/dk\\\/#organization\"},\"potentialAction\":[{\"@type\":\"SearchAction\",\"target\":{\"@type\":\"EntryPoint\",\"urlTemplate\":\"https:\\\/\\\/mekulo.com\\\/dk\\\/?s={search_term_string}\"},\"query-input\":{\"@type\":\"PropertyValueSpecification\",\"valueRequired\":true,\"valueName\":\"search_term_string\"}}],\"inLanguage\":\"da-DK\"},{\"@type\":\"Organization\",\"@id\":\"https:\\\/\\\/mekulo.com\\\/dk\\\/#organization\",\"name\":\"Mekulo\",\"url\":\"https:\\\/\\\/mekulo.com\\\/dk\\\/\",\"logo\":{\"@type\":\"ImageObject\",\"inLanguage\":\"da-DK\",\"@id\":\"https:\\\/\\\/mekulo.com\\\/dk\\\/#\\\/schema\\\/logo\\\/image\\\/\",\"url\":\"https:\\\/\\\/mekulo.com\\\/dk\\\/wp-content\\\/uploads\\\/sites\\\/12\\\/2025\\\/12\\\/favicon_mekulo.png\",\"contentUrl\":\"https:\\\/\\\/mekulo.com\\\/dk\\\/wp-content\\\/uploads\\\/sites\\\/12\\\/2025\\\/12\\\/favicon_mekulo.png\",\"width\":50,\"height\":50,\"caption\":\"Mekulo\"},\"image\":{\"@id\":\"https:\\\/\\\/mekulo.com\\\/dk\\\/#\\\/schema\\\/logo\\\/image\\\/\"}}]}<\/script>\n<!-- \/ Yoast SEO plugin. -->","yoast_head_json":{"title":"UV-inspektionslommelygte - Mekulo DK","robots":{"index":"index","follow":"follow","max-snippet":"max-snippet:-1","max-image-preview":"max-image-preview:large","max-video-preview":"max-video-preview:-1"},"canonical":"https:\/\/mekulo.com\/dk\/produkt\/uv-inspektionslommelygte\/","og_locale":"da_DK","og_type":"article","og_title":"UV-inspektionslommelygte - Mekulo DK","og_description":"\ud83d\udd26Denne UV-inspektionslommelygte bruger kraftigt 365 nm UV-lys til at afsl\u00f8re ting, som dine \u00f8jne ikke kan se. \ud83c\udf45Den hj\u00e6lper dig med hurtigt at spotte fluorescerende stoffer, pesticider og andre rester p\u00e5 gr\u00f8ntsager og hverdagsting, s\u00e5 du ved, hvad der virkelig er rent og sikkert.","og_url":"https:\/\/mekulo.com\/dk\/produkt\/uv-inspektionslommelygte\/","og_site_name":"Mekulo DK","article_modified_time":"2026-02-03T15:14:44+00:00","og_image":[{"width":800,"height":800,"url":"https:\/\/mekulo.com\/dk\/wp-content\/uploads\/sites\/12\/2026\/01\/croma6h-1.png","type":"image\/png"}],"twitter_card":"summary_large_image","twitter_misc":{"Estimeret l\u00e6setid":"2 minutter"},"schema":{"@context":"https:\/\/schema.org","@graph":[{"@type":"WebPage","@id":"https:\/\/mekulo.com\/dk\/produkt\/uv-inspektionslommelygte\/","url":"https:\/\/mekulo.com\/dk\/produkt\/uv-inspektionslommelygte\/","name":"UV-inspektionslommelygte - Mekulo DK","isPartOf":{"@id":"https:\/\/mekulo.com\/dk\/#website"},"primaryImageOfPage":{"@id":"https:\/\/mekulo.com\/dk\/produkt\/uv-inspektionslommelygte\/#primaryimage"},"image":{"@id":"https:\/\/mekulo.com\/dk\/produkt\/uv-inspektionslommelygte\/#primaryimage"},"thumbnailUrl":"https:\/\/mekulo.com\/dk\/wp-content\/uploads\/sites\/12\/2026\/01\/croma6h-1.png","datePublished":"2026-01-15T16:56:05+00:00","dateModified":"2026-02-03T15:14:44+00:00","breadcrumb":{"@id":"https:\/\/mekulo.com\/dk\/produkt\/uv-inspektionslommelygte\/#breadcrumb"},"inLanguage":"da-DK","potentialAction":[{"@type":"ReadAction","target":["https:\/\/mekulo.com\/dk\/produkt\/uv-inspektionslommelygte\/"]}]},{"@type":"ImageObject","inLanguage":"da-DK","@id":"https:\/\/mekulo.com\/dk\/produkt\/uv-inspektionslommelygte\/#primaryimage","url":"https:\/\/mekulo.com\/dk\/wp-content\/uploads\/sites\/12\/2026\/01\/croma6h-1.png","contentUrl":"https:\/\/mekulo.com\/dk\/wp-content\/uploads\/sites\/12\/2026\/01\/croma6h-1.png","width":800,"height":800},{"@type":"BreadcrumbList","@id":"https:\/\/mekulo.com\/dk\/produkt\/uv-inspektionslommelygte\/#breadcrumb","itemListElement":[{"@type":"ListItem","position":1,"name":"Home","item":"https:\/\/mekulo.com\/dk\/"},{"@type":"ListItem","position":2,"name":"Butik","item":"https:\/\/mekulo.com\/dk\/butik\/"},{"@type":"ListItem","position":3,"name":"UV-inspektionslommelygte"}]},{"@type":"WebSite","@id":"https:\/\/mekulo.com\/dk\/#website","url":"https:\/\/mekulo.com\/dk\/","name":"Mekulo DK","description":"","publisher":{"@id":"https:\/\/mekulo.com\/dk\/#organization"},"potentialAction":[{"@type":"SearchAction","target":{"@type":"EntryPoint","urlTemplate":"https:\/\/mekulo.com\/dk\/?s={search_term_string}"},"query-input":{"@type":"PropertyValueSpecification","valueRequired":true,"valueName":"search_term_string"}}],"inLanguage":"da-DK"},{"@type":"Organization","@id":"https:\/\/mekulo.com\/dk\/#organization","name":"Mekulo","url":"https:\/\/mekulo.com\/dk\/","logo":{"@type":"ImageObject","inLanguage":"da-DK","@id":"https:\/\/mekulo.com\/dk\/#\/schema\/logo\/image\/","url":"https:\/\/mekulo.com\/dk\/wp-content\/uploads\/sites\/12\/2025\/12\/favicon_mekulo.png","contentUrl":"https:\/\/mekulo.com\/dk\/wp-content\/uploads\/sites\/12\/2025\/12\/favicon_mekulo.png","width":50,"height":50,"caption":"Mekulo"},"image":{"@id":"https:\/\/mekulo.com\/dk\/#\/schema\/logo\/image\/"}}]}},"_links":{"self":[{"href":"https:\/\/mekulo.com\/dk\/wp-json\/wp\/v2\/product\/18352","targetHints":{"allow":["GET"]}}],"collection":[{"href":"https:\/\/mekulo.com\/dk\/wp-json\/wp\/v2\/product"}],"about":[{"href":"https:\/\/mekulo.com\/dk\/wp-json\/wp\/v2\/types\/product"}],"replies":[{"embeddable":true,"href":"https:\/\/mekulo.com\/dk\/wp-json\/wp\/v2\/comments?post=18352"}],"wp:featuredmedia":[{"embeddable":true,"href":"https:\/\/mekulo.com\/dk\/wp-json\/wp\/v2\/media\/18348"}],"wp:attachment":[{"href":"https:\/\/mekulo.com\/dk\/wp-json\/wp\/v2\/media?parent=18352"}],"wp:term":[{"taxonomy":"product_brand","embeddable":true,"href":"https:\/\/mekulo.com\/dk\/wp-json\/wp\/v2\/product_brand?post=18352"},{"taxonomy":"product_cat","embeddable":true,"href":"https:\/\/mekulo.com\/dk\/wp-json\/wp\/v2\/product_cat?post=18352"},{"taxonomy":"product_tag","embeddable":true,"href":"https:\/\/mekulo.com\/dk\/wp-json\/wp\/v2\/product_tag?post=18352"}],"curies":[{"name":"wp","href":"https:\/\/api.w.org\/{rel}","templated":true}]}}