{"id":18336,"date":"2026-01-15T18:54:52","date_gmt":"2026-01-15T16:54:52","guid":{"rendered":"https:\/\/mekulo.com\/dk\/produkt\/trekantet-badevaerelseshylde\/"},"modified":"2026-01-21T19:25:22","modified_gmt":"2026-01-21T17:25:22","slug":"trekantet-badevaerelseshylde","status":"publish","type":"product","link":"https:\/\/mekulo.com\/dk\/produkt\/trekantet-badevaerelseshylde\/","title":{"rendered":"Trekantet badev\u00e6relseshylde"},"content":{"rendered":"<p style=\"text-align: center;\" data-start=\"0\" data-end=\"72\"><strong data-start=\"0\" data-end=\"72\">Hold styr p\u00e5 de vigtigste ting p\u00e5 badev\u00e6relset uden at bore eller rode. \ud83e\uddfc<\/strong><\/p>\n<p data-start=\"0\" data-end=\"72\"><img fetchpriority=\"high\" decoding=\"async\" class=\"size-full wp-image-20743 aligncenter\" src=\"https:\/\/mekulo.com\/template\/wp-content\/uploads\/sites\/6\/2026\/01\/3-8.jpeg\" alt=\"\" width=\"1000\" height=\"1000\" \/><\/p>\n<h2 style=\"text-align: center;\" data-start=\"294\" data-end=\"314\">Vigtigste fordele\ud83d\udec1<\/h2>\n<p data-start=\"318\" data-end=\"377\">\ud83d\udcd0 Perfekt hj\u00f8rnepasning &#8211; Udnytter ubrugt plads effektivt.<\/p>\n<p data-start=\"380\" data-end=\"439\">\ud83e\uddf2 St\u00e6rk sugekopmontering &#8211; Ingen boring eller v\u00e6rkt\u00f8j n\u00f8dvendig.<\/p>\n<p data-start=\"442\" data-end=\"506\">\ud83e\uddf4 Rummelig opbevaring &#8211; Har plads til shampoo, s\u00e6be og tilbeh\u00f8r.<\/p>\n<p data-start=\"509\" data-end=\"566\">\ud83e\ude9d Indbyggede kroge &#8211; H\u00e6ng svampe, barbermaskiner eller h\u00e5ndkl\u00e6der op.<\/p>\n<p data-start=\"569\" data-end=\"629\">\ud83d\udca7 Vandafvisende plast &#8211; Ideel til fugtige badev\u00e6relser.<\/p>\n<p data-start=\"569\" data-end=\"629\"><img decoding=\"async\" class=\"size-full wp-image-20746 aligncenter\" src=\"https:\/\/mekulo.com\/template\/wp-content\/uploads\/sites\/6\/2026\/01\/6-7.jpeg\" alt=\"\" width=\"1000\" height=\"1000\" \/><\/p>\n<h2 style=\"text-align: center;\" data-start=\"636\" data-end=\"653\"><strong>S\u00e5dan Bruges<\/strong> \u25b6\ufe0f<\/h2>\n<ol data-start=\"655\" data-end=\"850\">\n<li data-start=\"655\" data-end=\"691\">\n<p data-start=\"658\" data-end=\"691\">Reng\u00f8r og t\u00f8r v\u00e6goverfladen.<\/p>\n<\/li>\n<li data-start=\"692\" data-end=\"748\">\n<p data-start=\"695\" data-end=\"748\">Tryk sugekoppen fast p\u00e5 en glat overflade.<\/p>\n<\/li>\n<li data-start=\"749\" data-end=\"795\">\n<p data-start=\"752\" data-end=\"795\">L\u00e5s den p\u00e5 plads ved at skubbe, indtil den sidder fast.<\/p>\n<\/li>\n<li data-start=\"796\" data-end=\"850\">\n<p data-start=\"799\" data-end=\"850\">Placer dine badev\u00e6relsesartikler p\u00e5 hylden og krogene.<\/p>\n<\/li>\n<\/ol>\n<h2 style=\"text-align: center;\" data-start=\"857\" data-end=\"879\"><strong>Produktdetaljer<\/strong> \ud83d\udcd0<\/h2>\n<ul data-start=\"881\" data-end=\"1171\">\n<li data-start=\"925\" data-end=\"957\">\n<p data-start=\"927\" data-end=\"957\">Materiale: Holdbar PP-plast<\/p>\n<\/li>\n<li data-start=\"978\" data-end=\"1031\">\n<p data-start=\"980\" data-end=\"1031\">St\u00f8rrelse: 30,5 x 22 x 5,3 cm<\/p>\n<\/li>\n<li data-start=\"1032\" data-end=\"1079\">\n<p data-start=\"1034\" data-end=\"1079\">Installationstype: V\u00e6gmonteret sugekop<\/p>\n<\/li>\n<li data-start=\"1080\" data-end=\"1116\">\n<p data-start=\"1082\" data-end=\"1116\">Design: Hj\u00f8rnehylde i \u00e9t lag<\/p>\n<\/li>\n<li data-start=\"1117\" data-end=\"1171\">\n<p data-start=\"1119\" data-end=\"1171\">Funktioner: Multifunktionel, praktisk, pladsbesparende<\/p>\n<\/li>\n<\/ul>\n<h2 style=\"text-align: center;\" data-start=\"1178\" data-end=\"1201\"><strong>Pakken indeholder<\/strong> \ud83d\udce6<\/h2>\n<ul data-start=\"1203\" data-end=\"1244\">\n<li data-start=\"1203\" data-end=\"1244\">\n<p data-start=\"1205\" data-end=\"1244\">1, 2, 3x sugekop trekant opbevaringsstativ\/s.<\/p>\n<\/li>\n<\/ul>\n","protected":false},"excerpt":{"rendered":"<p>\ud83e\uddf4Denne trekantede badev\u00e6relseshylde bruger smart hj\u00f8rneplads til at opbevare dine daglige ting p\u00e6nt og inden for r\u00e6kkevidde.<br \/>\n<span style=\"font-size: 16px; font-style: normal; font-weight: 400;\">\ud83d\udebf<\/span>Med et st\u00e6rkt sugekopdesign installeres den p\u00e5 f\u00e5 sekunder og holder dit badev\u00e6relse rent, p\u00e6nt og organiseret.<br \/>\n\ud83d\udec0En enkel l\u00f8sning til et renere, mere organiseret badev\u00e6relse &#8211; intet v\u00e6rkt\u00f8j, intet rod.<\/p>\n","protected":false},"featured_media":18332,"comment_status":"open","ping_status":"closed","template":"","meta":{"site-sidebar-layout":"default","site-content-layout":"","ast-site-content-layout":"default","site-content-style":"default","site-sidebar-style":"default","ast-global-header-display":"","ast-banner-title-visibility":"","ast-main-header-display":"","ast-hfb-above-header-display":"","ast-hfb-below-header-display":"","ast-hfb-mobile-header-display":"","site-post-title":"","ast-breadcrumbs-content":"","ast-featured-img":"","footer-sml-layout":"","ast-disable-related-posts":"","theme-transparent-header-meta":"default","adv-header-id-meta":"","stick-header-meta":"","header-above-stick-meta":"","header-main-stick-meta":"","header-below-stick-meta":"","astra-migrate-meta-layouts":"set","ast-page-background-enabled":"default","ast-page-background-meta":{"desktop":{"background-color":"var(--ast-global-color-5)","background-image":"","background-repeat":"repeat","background-position":"center center","background-size":"auto","background-attachment":"scroll","background-type":"","background-media":"","overlay-type":"","overlay-color":"","overlay-opacity":"","overlay-gradient":""},"tablet":{"background-color":"","background-image":"","background-repeat":"repeat","background-position":"center center","background-size":"auto","background-attachment":"scroll","background-type":"","background-media":"","overlay-type":"","overlay-color":"","overlay-opacity":"","overlay-gradient":""},"mobile":{"background-color":"","background-image":"","background-repeat":"repeat","background-position":"center center","background-size":"auto","background-attachment":"scroll","background-type":"","background-media":"","overlay-type":"","overlay-color":"","overlay-opacity":"","overlay-gradient":""}},"ast-content-background-meta":{"desktop":{"background-color":"var(--ast-global-color-4)","background-image":"","background-repeat":"repeat","background-position":"center center","background-size":"auto","background-attachment":"scroll","background-type":"","background-media":"","overlay-type":"","overlay-color":"","overlay-opacity":"","overlay-gradient":""},"tablet":{"background-color":"var(--ast-global-color-4)","background-image":"","background-repeat":"repeat","background-position":"center center","background-size":"auto","background-attachment":"scroll","background-type":"","background-media":"","overlay-type":"","overlay-color":"","overlay-opacity":"","overlay-gradient":""},"mobile":{"background-color":"var(--ast-global-color-4)","background-image":"","background-repeat":"repeat","background-position":"center center","background-size":"auto","background-attachment":"scroll","background-type":"","background-media":"","overlay-type":"","overlay-color":"","overlay-opacity":"","overlay-gradient":""}}},"product_brand":[],"product_cat":[168],"product_tag":[],"class_list":{"0":"post-18336","1":"product","2":"type-product","3":"status-publish","4":"has-post-thumbnail","6":"product_cat-husholdningsartikler","7":"pa_49703_uf27tfwz-1-stk","8":"pa_49703_uf27tfwz-2-stk","9":"pa_49703_uf27tfwz-3-stk","10":"desktop-align-left","11":"tablet-align-left","12":"mobile-align-left","14":"first","15":"instock","16":"shipping-taxable","17":"purchasable","18":"product-type-variable"},"yoast_head":"<!-- This site is optimized with the Yoast SEO plugin v27.4 - https:\/\/yoast.com\/product\/yoast-seo-wordpress\/ -->\n<title>Trekantet badev\u00e6relseshylde - Mekulo DK<\/title>\n<meta name=\"robots\" content=\"index, follow, max-snippet:-1, max-image-preview:large, max-video-preview:-1\" \/>\n<link rel=\"canonical\" href=\"https:\/\/mekulo.com\/dk\/produkt\/trekantet-badevaerelseshylde\/\" \/>\n<meta property=\"og:locale\" content=\"da_DK\" \/>\n<meta property=\"og:type\" content=\"article\" \/>\n<meta property=\"og:title\" content=\"Trekantet badev\u00e6relseshylde - Mekulo DK\" \/>\n<meta property=\"og:description\" content=\"\ud83e\uddf4Denne trekantede badev\u00e6relseshylde bruger smart hj\u00f8rneplads til at opbevare dine daglige ting p\u00e6nt og inden for r\u00e6kkevidde. \ud83d\udebfMed et st\u00e6rkt sugekopdesign installeres den p\u00e5 f\u00e5 sekunder og holder dit badev\u00e6relse rent, p\u00e6nt og organiseret. \ud83d\udec0En enkel l\u00f8sning til et renere, mere organiseret badev\u00e6relse - intet v\u00e6rkt\u00f8j, intet rod.\" \/>\n<meta property=\"og:url\" content=\"https:\/\/mekulo.com\/dk\/produkt\/trekantet-badevaerelseshylde\/\" \/>\n<meta property=\"og:site_name\" content=\"Mekulo DK\" \/>\n<meta property=\"article:modified_time\" content=\"2026-01-21T17:25:22+00:00\" \/>\n<meta property=\"og:image\" content=\"https:\/\/mekulo.com\/dk\/wp-content\/uploads\/sites\/12\/2026\/01\/oosvgfc-1.webp\" \/>\n\t<meta property=\"og:image:width\" content=\"600\" \/>\n\t<meta property=\"og:image:height\" content=\"600\" \/>\n\t<meta property=\"og:image:type\" content=\"image\/webp\" \/>\n<meta name=\"twitter:card\" content=\"summary_large_image\" \/>\n<meta name=\"twitter:label1\" content=\"Estimeret l\u00e6setid\" \/>\n\t<meta name=\"twitter:data1\" content=\"2 minutter\" \/>\n<script type=\"application\/ld+json\" class=\"yoast-schema-graph\">{\"@context\":\"https:\\\/\\\/schema.org\",\"@graph\":[{\"@type\":\"WebPage\",\"@id\":\"https:\\\/\\\/mekulo.com\\\/dk\\\/produkt\\\/trekantet-badevaerelseshylde\\\/\",\"url\":\"https:\\\/\\\/mekulo.com\\\/dk\\\/produkt\\\/trekantet-badevaerelseshylde\\\/\",\"name\":\"Trekantet badev\u00e6relseshylde - Mekulo DK\",\"isPartOf\":{\"@id\":\"https:\\\/\\\/mekulo.com\\\/dk\\\/#website\"},\"primaryImageOfPage\":{\"@id\":\"https:\\\/\\\/mekulo.com\\\/dk\\\/produkt\\\/trekantet-badevaerelseshylde\\\/#primaryimage\"},\"image\":{\"@id\":\"https:\\\/\\\/mekulo.com\\\/dk\\\/produkt\\\/trekantet-badevaerelseshylde\\\/#primaryimage\"},\"thumbnailUrl\":\"https:\\\/\\\/mekulo.com\\\/dk\\\/wp-content\\\/uploads\\\/sites\\\/12\\\/2026\\\/01\\\/oosvgfc-1.webp\",\"datePublished\":\"2026-01-15T16:54:52+00:00\",\"dateModified\":\"2026-01-21T17:25:22+00:00\",\"breadcrumb\":{\"@id\":\"https:\\\/\\\/mekulo.com\\\/dk\\\/produkt\\\/trekantet-badevaerelseshylde\\\/#breadcrumb\"},\"inLanguage\":\"da-DK\",\"potentialAction\":[{\"@type\":\"ReadAction\",\"target\":[\"https:\\\/\\\/mekulo.com\\\/dk\\\/produkt\\\/trekantet-badevaerelseshylde\\\/\"]}]},{\"@type\":\"ImageObject\",\"inLanguage\":\"da-DK\",\"@id\":\"https:\\\/\\\/mekulo.com\\\/dk\\\/produkt\\\/trekantet-badevaerelseshylde\\\/#primaryimage\",\"url\":\"https:\\\/\\\/mekulo.com\\\/dk\\\/wp-content\\\/uploads\\\/sites\\\/12\\\/2026\\\/01\\\/oosvgfc-1.webp\",\"contentUrl\":\"https:\\\/\\\/mekulo.com\\\/dk\\\/wp-content\\\/uploads\\\/sites\\\/12\\\/2026\\\/01\\\/oosvgfc-1.webp\",\"width\":600,\"height\":600},{\"@type\":\"BreadcrumbList\",\"@id\":\"https:\\\/\\\/mekulo.com\\\/dk\\\/produkt\\\/trekantet-badevaerelseshylde\\\/#breadcrumb\",\"itemListElement\":[{\"@type\":\"ListItem\",\"position\":1,\"name\":\"Home\",\"item\":\"https:\\\/\\\/mekulo.com\\\/dk\\\/\"},{\"@type\":\"ListItem\",\"position\":2,\"name\":\"Butik\",\"item\":\"https:\\\/\\\/mekulo.com\\\/dk\\\/butik\\\/\"},{\"@type\":\"ListItem\",\"position\":3,\"name\":\"Trekantet badev\u00e6relseshylde\"}]},{\"@type\":\"WebSite\",\"@id\":\"https:\\\/\\\/mekulo.com\\\/dk\\\/#website\",\"url\":\"https:\\\/\\\/mekulo.com\\\/dk\\\/\",\"name\":\"Mekulo DK\",\"description\":\"\",\"publisher\":{\"@id\":\"https:\\\/\\\/mekulo.com\\\/dk\\\/#organization\"},\"potentialAction\":[{\"@type\":\"SearchAction\",\"target\":{\"@type\":\"EntryPoint\",\"urlTemplate\":\"https:\\\/\\\/mekulo.com\\\/dk\\\/?s={search_term_string}\"},\"query-input\":{\"@type\":\"PropertyValueSpecification\",\"valueRequired\":true,\"valueName\":\"search_term_string\"}}],\"inLanguage\":\"da-DK\"},{\"@type\":\"Organization\",\"@id\":\"https:\\\/\\\/mekulo.com\\\/dk\\\/#organization\",\"name\":\"Mekulo\",\"url\":\"https:\\\/\\\/mekulo.com\\\/dk\\\/\",\"logo\":{\"@type\":\"ImageObject\",\"inLanguage\":\"da-DK\",\"@id\":\"https:\\\/\\\/mekulo.com\\\/dk\\\/#\\\/schema\\\/logo\\\/image\\\/\",\"url\":\"https:\\\/\\\/mekulo.com\\\/dk\\\/wp-content\\\/uploads\\\/sites\\\/12\\\/2025\\\/12\\\/favicon_mekulo.png\",\"contentUrl\":\"https:\\\/\\\/mekulo.com\\\/dk\\\/wp-content\\\/uploads\\\/sites\\\/12\\\/2025\\\/12\\\/favicon_mekulo.png\",\"width\":50,\"height\":50,\"caption\":\"Mekulo\"},\"image\":{\"@id\":\"https:\\\/\\\/mekulo.com\\\/dk\\\/#\\\/schema\\\/logo\\\/image\\\/\"}}]}<\/script>\n<!-- \/ Yoast SEO plugin. -->","yoast_head_json":{"title":"Trekantet badev\u00e6relseshylde - Mekulo DK","robots":{"index":"index","follow":"follow","max-snippet":"max-snippet:-1","max-image-preview":"max-image-preview:large","max-video-preview":"max-video-preview:-1"},"canonical":"https:\/\/mekulo.com\/dk\/produkt\/trekantet-badevaerelseshylde\/","og_locale":"da_DK","og_type":"article","og_title":"Trekantet badev\u00e6relseshylde - Mekulo DK","og_description":"\ud83e\uddf4Denne trekantede badev\u00e6relseshylde bruger smart hj\u00f8rneplads til at opbevare dine daglige ting p\u00e6nt og inden for r\u00e6kkevidde. \ud83d\udebfMed et st\u00e6rkt sugekopdesign installeres den p\u00e5 f\u00e5 sekunder og holder dit badev\u00e6relse rent, p\u00e6nt og organiseret. \ud83d\udec0En enkel l\u00f8sning til et renere, mere organiseret badev\u00e6relse - intet v\u00e6rkt\u00f8j, intet rod.","og_url":"https:\/\/mekulo.com\/dk\/produkt\/trekantet-badevaerelseshylde\/","og_site_name":"Mekulo DK","article_modified_time":"2026-01-21T17:25:22+00:00","og_image":[{"width":600,"height":600,"url":"https:\/\/mekulo.com\/dk\/wp-content\/uploads\/sites\/12\/2026\/01\/oosvgfc-1.webp","type":"image\/webp"}],"twitter_card":"summary_large_image","twitter_misc":{"Estimeret l\u00e6setid":"2 minutter"},"schema":{"@context":"https:\/\/schema.org","@graph":[{"@type":"WebPage","@id":"https:\/\/mekulo.com\/dk\/produkt\/trekantet-badevaerelseshylde\/","url":"https:\/\/mekulo.com\/dk\/produkt\/trekantet-badevaerelseshylde\/","name":"Trekantet badev\u00e6relseshylde - Mekulo DK","isPartOf":{"@id":"https:\/\/mekulo.com\/dk\/#website"},"primaryImageOfPage":{"@id":"https:\/\/mekulo.com\/dk\/produkt\/trekantet-badevaerelseshylde\/#primaryimage"},"image":{"@id":"https:\/\/mekulo.com\/dk\/produkt\/trekantet-badevaerelseshylde\/#primaryimage"},"thumbnailUrl":"https:\/\/mekulo.com\/dk\/wp-content\/uploads\/sites\/12\/2026\/01\/oosvgfc-1.webp","datePublished":"2026-01-15T16:54:52+00:00","dateModified":"2026-01-21T17:25:22+00:00","breadcrumb":{"@id":"https:\/\/mekulo.com\/dk\/produkt\/trekantet-badevaerelseshylde\/#breadcrumb"},"inLanguage":"da-DK","potentialAction":[{"@type":"ReadAction","target":["https:\/\/mekulo.com\/dk\/produkt\/trekantet-badevaerelseshylde\/"]}]},{"@type":"ImageObject","inLanguage":"da-DK","@id":"https:\/\/mekulo.com\/dk\/produkt\/trekantet-badevaerelseshylde\/#primaryimage","url":"https:\/\/mekulo.com\/dk\/wp-content\/uploads\/sites\/12\/2026\/01\/oosvgfc-1.webp","contentUrl":"https:\/\/mekulo.com\/dk\/wp-content\/uploads\/sites\/12\/2026\/01\/oosvgfc-1.webp","width":600,"height":600},{"@type":"BreadcrumbList","@id":"https:\/\/mekulo.com\/dk\/produkt\/trekantet-badevaerelseshylde\/#breadcrumb","itemListElement":[{"@type":"ListItem","position":1,"name":"Home","item":"https:\/\/mekulo.com\/dk\/"},{"@type":"ListItem","position":2,"name":"Butik","item":"https:\/\/mekulo.com\/dk\/butik\/"},{"@type":"ListItem","position":3,"name":"Trekantet badev\u00e6relseshylde"}]},{"@type":"WebSite","@id":"https:\/\/mekulo.com\/dk\/#website","url":"https:\/\/mekulo.com\/dk\/","name":"Mekulo DK","description":"","publisher":{"@id":"https:\/\/mekulo.com\/dk\/#organization"},"potentialAction":[{"@type":"SearchAction","target":{"@type":"EntryPoint","urlTemplate":"https:\/\/mekulo.com\/dk\/?s={search_term_string}"},"query-input":{"@type":"PropertyValueSpecification","valueRequired":true,"valueName":"search_term_string"}}],"inLanguage":"da-DK"},{"@type":"Organization","@id":"https:\/\/mekulo.com\/dk\/#organization","name":"Mekulo","url":"https:\/\/mekulo.com\/dk\/","logo":{"@type":"ImageObject","inLanguage":"da-DK","@id":"https:\/\/mekulo.com\/dk\/#\/schema\/logo\/image\/","url":"https:\/\/mekulo.com\/dk\/wp-content\/uploads\/sites\/12\/2025\/12\/favicon_mekulo.png","contentUrl":"https:\/\/mekulo.com\/dk\/wp-content\/uploads\/sites\/12\/2025\/12\/favicon_mekulo.png","width":50,"height":50,"caption":"Mekulo"},"image":{"@id":"https:\/\/mekulo.com\/dk\/#\/schema\/logo\/image\/"}}]}},"_links":{"self":[{"href":"https:\/\/mekulo.com\/dk\/wp-json\/wp\/v2\/product\/18336","targetHints":{"allow":["GET"]}}],"collection":[{"href":"https:\/\/mekulo.com\/dk\/wp-json\/wp\/v2\/product"}],"about":[{"href":"https:\/\/mekulo.com\/dk\/wp-json\/wp\/v2\/types\/product"}],"replies":[{"embeddable":true,"href":"https:\/\/mekulo.com\/dk\/wp-json\/wp\/v2\/comments?post=18336"}],"wp:featuredmedia":[{"embeddable":true,"href":"https:\/\/mekulo.com\/dk\/wp-json\/wp\/v2\/media\/18332"}],"wp:attachment":[{"href":"https:\/\/mekulo.com\/dk\/wp-json\/wp\/v2\/media?parent=18336"}],"wp:term":[{"taxonomy":"product_brand","embeddable":true,"href":"https:\/\/mekulo.com\/dk\/wp-json\/wp\/v2\/product_brand?post=18336"},{"taxonomy":"product_cat","embeddable":true,"href":"https:\/\/mekulo.com\/dk\/wp-json\/wp\/v2\/product_cat?post=18336"},{"taxonomy":"product_tag","embeddable":true,"href":"https:\/\/mekulo.com\/dk\/wp-json\/wp\/v2\/product_tag?post=18336"}],"curies":[{"name":"wp","href":"https:\/\/api.w.org\/{rel}","templated":true}]}}