{"id":18266,"date":"2026-01-15T18:50:40","date_gmt":"2026-01-15T16:50:40","guid":{"rendered":"https:\/\/mekulo.com\/dk\/produkt\/varme-plys-stroempebukser\/"},"modified":"2026-01-21T19:18:08","modified_gmt":"2026-01-21T17:18:08","slug":"varme-plys-stroempebukser","status":"publish","type":"product","link":"https:\/\/mekulo.com\/dk\/produkt\/varme-plys-stroempebukser\/","title":{"rendered":"Varme plys-str\u00f8mpebukser"},"content":{"rendered":"<p style=\"text-align: center;\" data-start=\"0\" data-end=\"72\"><strong data-start=\"0\" data-end=\"72\">Hold dig varm om vinteren, mens du beholder udseendet af gennemsigtige, stilfulde str\u00f8mpebukser. \ud83e\uddb5<\/strong><\/p>\n<p data-start=\"0\" data-end=\"72\"><img decoding=\"async\" class=\"size-full wp-image-20827 aligncenter\" src=\"https:\/\/mekulo.com\/template\/wp-content\/uploads\/sites\/6\/2026\/01\/de97a32db7d7a07624509452070555ebfbaf80fa16e117adc5c104a204a08dc4-700.avif\" alt=\"\" \/><\/p>\n<h2 style=\"text-align: center;\" data-start=\"332\" data-end=\"352\"><strong>Vigtigste fordele\u2744\ufe0f<\/strong><\/h2>\n<p data-start=\"355\" data-end=\"420\">\ud83d\udd25 Varmt plysfor &#8211; Holder dine ben lune i koldt vejr.<\/p>\n<p data-start=\"423\" data-end=\"489\">\ud83d\udc57 Gennemsigtigt design &#8211; Stilfuldt udseende med skjult varme.<\/p>\n<p data-start=\"492\" data-end=\"553\">\u2728 Slankende effekt &#8211; Former benene og glatter maven.<\/p>\n<p data-start=\"556\" data-end=\"622\">\ud83e\udd38 Super elastisk &#8211; Bev\u00e6ger sig med din krop uden begr\u00e6nsning.<\/p>\n<p data-start=\"625\" data-end=\"677\">\ud83e\udeb6 Letv\u00e6gtsf\u00f8lelse &#8211; Ingen tunge eller omfangsrige lag.<\/p>\n<p data-start=\"680\" data-end=\"746\">\ud83d\udc60 Let at style &#8211; Passer til kjoler, nederdele, st\u00f8vler og h\u00e6le.<\/p>\n<p data-start=\"680\" data-end=\"746\"><img fetchpriority=\"high\" decoding=\"async\" class=\"size-full wp-image-20829 aligncenter\" src=\"https:\/\/mekulo.com\/template\/wp-content\/uploads\/sites\/6\/2026\/01\/Sbf498a4a3e84412bb819ba837fea82fcU.jpg_960x960q75.jpg_.avif\" alt=\"\" width=\"800\" height=\"800\" \/><\/p>\n<h2 style=\"text-align: center;\" data-start=\"753\" data-end=\"767\"><strong>S\u00e5dan bruges \ud83d\udccc<\/strong><\/h2>\n<ol data-start=\"768\" data-end=\"1028\">\n<li data-start=\"768\" data-end=\"814\">\n<p data-start=\"771\" data-end=\"814\">Tag str\u00f8mpebukserne p\u00e5 som almindelige str\u00f8mper.<\/p>\n<\/li>\n<li data-start=\"815\" data-end=\"875\">\n<p data-start=\"818\" data-end=\"875\">Juster den h\u00f8je talje for en behagelig og sikker pasform.<\/p>\n<\/li>\n<li data-start=\"876\" data-end=\"925\">\n<p data-start=\"879\" data-end=\"925\">S\u00e6t dem sammen med kjoler, nederdele eller lange tr\u00f8jer.<\/p>\n<\/li>\n<li data-start=\"926\" data-end=\"977\">\n<p data-start=\"929\" data-end=\"977\">Brug dem alene eller under t\u00f8jet for ekstra varme.<\/p>\n<\/li>\n<li data-start=\"978\" data-end=\"1028\">\n<p data-start=\"981\" data-end=\"1028\">Vask forsigtigt og luftt\u00f8r for langvarig brug.<\/p>\n<\/li>\n<\/ol>\n<h2 style=\"text-align: center;\" data-start=\"1035\" data-end=\"1054\"><strong>Produktdetaljer\ud83d\udccf<\/strong><\/h2>\n<ul data-start=\"1055\" data-end=\"1430\">\n<li data-start=\"1091\" data-end=\"1124\">\n<p data-start=\"1093\" data-end=\"1124\">Materiale: Fl\u00f8jlsplysforing<\/p>\n<\/li>\n<li data-start=\"1144\" data-end=\"1202\">\n<p data-start=\"1146\" data-end=\"1202\">Buksel\u00e6ngde: Ca. 88 cm (str\u00e6kbar op til 130 cm)<\/p>\n<\/li>\n<li data-start=\"1203\" data-end=\"1237\">\n<p data-start=\"1205\" data-end=\"1237\">Anbefalet h\u00f8jde: 150-178 cm<\/p>\n<\/li>\n<li data-start=\"1238\" data-end=\"1270\">\n<p data-start=\"1240\" data-end=\"1270\">Anbefalet v\u00e6gt: 40-70 kg<\/p>\n<\/li>\n<li data-start=\"1271\" data-end=\"1306\">\n<p data-start=\"1273\" data-end=\"1306\">Anbefalet hoftest\u00f8rrelse: 85-110 cm<\/p>\n<\/li>\n<li data-start=\"1307\" data-end=\"1343\">\n<p data-start=\"1309\" data-end=\"1343\">Tilpasning til taljen: Op til ca. 93,3 cm<\/p>\n<\/li>\n<li data-start=\"1344\" data-end=\"1400\">\n<p data-start=\"1346\" data-end=\"1400\">Design: H\u00f8jtaljet, gennemsigtigt udseende med plys p\u00e5 indersiden<\/p>\n<\/li>\n<li data-start=\"1401\" data-end=\"1430\">\n<p data-start=\"1403\" data-end=\"1430\">S\u00e6son: Efter\u00e5r og vinter<\/p>\n<\/li>\n<\/ul>\n<h2 style=\"text-align: center;\" data-start=\"1437\" data-end=\"1457\"><strong>Pakken indeholder \ud83d\udce6<\/strong><\/h2>\n<ul data-start=\"1458\" data-end=\"1492\" data-is-last-node=\"\" data-is-only-node=\"\">\n<li data-start=\"1458\" data-end=\"1492\" data-is-last-node=\"\">\n<p data-start=\"1460\" data-end=\"1492\" data-is-last-node=\"\">1, 2, 3x par varme plysstr\u00f8mpebukser.<\/p>\n<\/li>\n<\/ul>\n","protected":false},"excerpt":{"rendered":"<p>\ud83d\udd25Disse varme plysstr\u00f8mpebukser ligner almindelige gennemsigtige str\u00f8mpebukser p\u00e5 ydersiden, men er foret med bl\u00f8dt fl\u00f8jlsplys p\u00e5 indersiden for at holde dig varm.<br \/>\n\ud83d\udc57De slanker benene, glatter taljen og matcher let med kjoler, nederdele og vintert\u00f8j uden at f\u00f8les klodsede.<br \/>\n\ud83e\udd76Dette g\u00f8r dem perfekte til at forblive stilfulde og komfortable p\u00e5 kolde dage.<\/p>\n","protected":false},"featured_media":18262,"comment_status":"open","ping_status":"closed","template":"","meta":{"site-sidebar-layout":"default","site-content-layout":"","ast-site-content-layout":"default","site-content-style":"default","site-sidebar-style":"default","ast-global-header-display":"","ast-banner-title-visibility":"","ast-main-header-display":"","ast-hfb-above-header-display":"","ast-hfb-below-header-display":"","ast-hfb-mobile-header-display":"","site-post-title":"","ast-breadcrumbs-content":"","ast-featured-img":"","footer-sml-layout":"","ast-disable-related-posts":"","theme-transparent-header-meta":"default","adv-header-id-meta":"","stick-header-meta":"","header-above-stick-meta":"","header-main-stick-meta":"","header-below-stick-meta":"","astra-migrate-meta-layouts":"set","ast-page-background-enabled":"default","ast-page-background-meta":{"desktop":{"background-color":"var(--ast-global-color-5)","background-image":"","background-repeat":"repeat","background-position":"center center","background-size":"auto","background-attachment":"scroll","background-type":"","background-media":"","overlay-type":"","overlay-color":"","overlay-opacity":"","overlay-gradient":""},"tablet":{"background-color":"","background-image":"","background-repeat":"repeat","background-position":"center center","background-size":"auto","background-attachment":"scroll","background-type":"","background-media":"","overlay-type":"","overlay-color":"","overlay-opacity":"","overlay-gradient":""},"mobile":{"background-color":"","background-image":"","background-repeat":"repeat","background-position":"center center","background-size":"auto","background-attachment":"scroll","background-type":"","background-media":"","overlay-type":"","overlay-color":"","overlay-opacity":"","overlay-gradient":""}},"ast-content-background-meta":{"desktop":{"background-color":"var(--ast-global-color-4)","background-image":"","background-repeat":"repeat","background-position":"center center","background-size":"auto","background-attachment":"scroll","background-type":"","background-media":"","overlay-type":"","overlay-color":"","overlay-opacity":"","overlay-gradient":""},"tablet":{"background-color":"var(--ast-global-color-4)","background-image":"","background-repeat":"repeat","background-position":"center center","background-size":"auto","background-attachment":"scroll","background-type":"","background-media":"","overlay-type":"","overlay-color":"","overlay-opacity":"","overlay-gradient":""},"mobile":{"background-color":"var(--ast-global-color-4)","background-image":"","background-repeat":"repeat","background-position":"center center","background-size":"auto","background-attachment":"scroll","background-type":"","background-media":"","overlay-type":"","overlay-color":"","overlay-opacity":"","overlay-gradient":""}}},"product_brand":[],"product_cat":[165,164],"product_tag":[],"class_list":{"0":"post-18266","1":"product","2":"type-product","3":"status-publish","4":"has-post-thumbnail","6":"product_cat-fodtoej-tilbehoer","7":"product_cat-toej-til-kvinder","8":"pa_49433_rotdpcno-graa","9":"pa_49433_rotdpcno-groen","10":"pa_49433_rotdpcno-hudfarve","11":"pa_49433_rotdpcno-kaffe","12":"pa_49433_rotdpcno-lilla","13":"pa_49433_rotdpcno-marineblaa","14":"pa_49433_rotdpcno-moerkeroed","15":"pa_49433_rotdpcno-sort","16":"pa_49433_u6u91ya6-1-par","17":"pa_49433_u6u91ya6-2-par","18":"pa_49433_u6u91ya6-3-par","19":"desktop-align-left","20":"tablet-align-left","21":"mobile-align-left","23":"first","24":"instock","25":"shipping-taxable","26":"purchasable","27":"product-type-variable","28":"has-default-attributes"},"yoast_head":"<!-- This site is optimized with the Yoast SEO plugin v27.4 - https:\/\/yoast.com\/product\/yoast-seo-wordpress\/ -->\n<title>Varme plys-str\u00f8mpebukser - Mekulo DK<\/title>\n<meta name=\"robots\" content=\"index, follow, max-snippet:-1, max-image-preview:large, max-video-preview:-1\" \/>\n<link rel=\"canonical\" href=\"https:\/\/mekulo.com\/dk\/produkt\/varme-plys-stroempebukser\/\" \/>\n<meta property=\"og:locale\" content=\"da_DK\" \/>\n<meta property=\"og:type\" content=\"article\" \/>\n<meta property=\"og:title\" content=\"Varme plys-str\u00f8mpebukser - Mekulo DK\" \/>\n<meta property=\"og:description\" content=\"\ud83d\udd25Disse varme plysstr\u00f8mpebukser ligner almindelige gennemsigtige str\u00f8mpebukser p\u00e5 ydersiden, men er foret med bl\u00f8dt fl\u00f8jlsplys p\u00e5 indersiden for at holde dig varm. \ud83d\udc57De slanker benene, glatter taljen og matcher let med kjoler, nederdele og vintert\u00f8j uden at f\u00f8les klodsede. \ud83e\udd76Dette g\u00f8r dem perfekte til at forblive stilfulde og komfortable p\u00e5 kolde dage.\" \/>\n<meta property=\"og:url\" content=\"https:\/\/mekulo.com\/dk\/produkt\/varme-plys-stroempebukser\/\" \/>\n<meta property=\"og:site_name\" content=\"Mekulo DK\" \/>\n<meta property=\"article:modified_time\" content=\"2026-01-21T17:18:08+00:00\" \/>\n<meta property=\"og:image\" content=\"https:\/\/mekulo.com\/dk\/wp-content\/uploads\/sites\/12\/2026\/01\/9hn8tce-1.jpg\" \/>\n\t<meta property=\"og:image:width\" content=\"800\" \/>\n\t<meta property=\"og:image:height\" content=\"800\" \/>\n\t<meta property=\"og:image:type\" content=\"image\/jpeg\" \/>\n<meta name=\"twitter:card\" content=\"summary_large_image\" \/>\n<meta name=\"twitter:label1\" content=\"Estimeret l\u00e6setid\" \/>\n\t<meta name=\"twitter:data1\" content=\"2 minutter\" \/>\n<script type=\"application\/ld+json\" class=\"yoast-schema-graph\">{\"@context\":\"https:\\\/\\\/schema.org\",\"@graph\":[{\"@type\":\"WebPage\",\"@id\":\"https:\\\/\\\/mekulo.com\\\/dk\\\/produkt\\\/varme-plys-stroempebukser\\\/\",\"url\":\"https:\\\/\\\/mekulo.com\\\/dk\\\/produkt\\\/varme-plys-stroempebukser\\\/\",\"name\":\"Varme plys-str\u00f8mpebukser - Mekulo DK\",\"isPartOf\":{\"@id\":\"https:\\\/\\\/mekulo.com\\\/dk\\\/#website\"},\"primaryImageOfPage\":{\"@id\":\"https:\\\/\\\/mekulo.com\\\/dk\\\/produkt\\\/varme-plys-stroempebukser\\\/#primaryimage\"},\"image\":{\"@id\":\"https:\\\/\\\/mekulo.com\\\/dk\\\/produkt\\\/varme-plys-stroempebukser\\\/#primaryimage\"},\"thumbnailUrl\":\"https:\\\/\\\/mekulo.com\\\/dk\\\/wp-content\\\/uploads\\\/sites\\\/12\\\/2026\\\/01\\\/9hn8tce-1.jpg\",\"datePublished\":\"2026-01-15T16:50:40+00:00\",\"dateModified\":\"2026-01-21T17:18:08+00:00\",\"breadcrumb\":{\"@id\":\"https:\\\/\\\/mekulo.com\\\/dk\\\/produkt\\\/varme-plys-stroempebukser\\\/#breadcrumb\"},\"inLanguage\":\"da-DK\",\"potentialAction\":[{\"@type\":\"ReadAction\",\"target\":[\"https:\\\/\\\/mekulo.com\\\/dk\\\/produkt\\\/varme-plys-stroempebukser\\\/\"]}]},{\"@type\":\"ImageObject\",\"inLanguage\":\"da-DK\",\"@id\":\"https:\\\/\\\/mekulo.com\\\/dk\\\/produkt\\\/varme-plys-stroempebukser\\\/#primaryimage\",\"url\":\"https:\\\/\\\/mekulo.com\\\/dk\\\/wp-content\\\/uploads\\\/sites\\\/12\\\/2026\\\/01\\\/9hn8tce-1.jpg\",\"contentUrl\":\"https:\\\/\\\/mekulo.com\\\/dk\\\/wp-content\\\/uploads\\\/sites\\\/12\\\/2026\\\/01\\\/9hn8tce-1.jpg\",\"width\":800,\"height\":800},{\"@type\":\"BreadcrumbList\",\"@id\":\"https:\\\/\\\/mekulo.com\\\/dk\\\/produkt\\\/varme-plys-stroempebukser\\\/#breadcrumb\",\"itemListElement\":[{\"@type\":\"ListItem\",\"position\":1,\"name\":\"Home\",\"item\":\"https:\\\/\\\/mekulo.com\\\/dk\\\/\"},{\"@type\":\"ListItem\",\"position\":2,\"name\":\"Butik\",\"item\":\"https:\\\/\\\/mekulo.com\\\/dk\\\/butik\\\/\"},{\"@type\":\"ListItem\",\"position\":3,\"name\":\"Varme plys-str\u00f8mpebukser\"}]},{\"@type\":\"WebSite\",\"@id\":\"https:\\\/\\\/mekulo.com\\\/dk\\\/#website\",\"url\":\"https:\\\/\\\/mekulo.com\\\/dk\\\/\",\"name\":\"Mekulo DK\",\"description\":\"\",\"publisher\":{\"@id\":\"https:\\\/\\\/mekulo.com\\\/dk\\\/#organization\"},\"potentialAction\":[{\"@type\":\"SearchAction\",\"target\":{\"@type\":\"EntryPoint\",\"urlTemplate\":\"https:\\\/\\\/mekulo.com\\\/dk\\\/?s={search_term_string}\"},\"query-input\":{\"@type\":\"PropertyValueSpecification\",\"valueRequired\":true,\"valueName\":\"search_term_string\"}}],\"inLanguage\":\"da-DK\"},{\"@type\":\"Organization\",\"@id\":\"https:\\\/\\\/mekulo.com\\\/dk\\\/#organization\",\"name\":\"Mekulo\",\"url\":\"https:\\\/\\\/mekulo.com\\\/dk\\\/\",\"logo\":{\"@type\":\"ImageObject\",\"inLanguage\":\"da-DK\",\"@id\":\"https:\\\/\\\/mekulo.com\\\/dk\\\/#\\\/schema\\\/logo\\\/image\\\/\",\"url\":\"https:\\\/\\\/mekulo.com\\\/dk\\\/wp-content\\\/uploads\\\/sites\\\/12\\\/2025\\\/12\\\/favicon_mekulo.png\",\"contentUrl\":\"https:\\\/\\\/mekulo.com\\\/dk\\\/wp-content\\\/uploads\\\/sites\\\/12\\\/2025\\\/12\\\/favicon_mekulo.png\",\"width\":50,\"height\":50,\"caption\":\"Mekulo\"},\"image\":{\"@id\":\"https:\\\/\\\/mekulo.com\\\/dk\\\/#\\\/schema\\\/logo\\\/image\\\/\"}}]}<\/script>\n<!-- \/ Yoast SEO plugin. -->","yoast_head_json":{"title":"Varme plys-str\u00f8mpebukser - Mekulo DK","robots":{"index":"index","follow":"follow","max-snippet":"max-snippet:-1","max-image-preview":"max-image-preview:large","max-video-preview":"max-video-preview:-1"},"canonical":"https:\/\/mekulo.com\/dk\/produkt\/varme-plys-stroempebukser\/","og_locale":"da_DK","og_type":"article","og_title":"Varme plys-str\u00f8mpebukser - Mekulo DK","og_description":"\ud83d\udd25Disse varme plysstr\u00f8mpebukser ligner almindelige gennemsigtige str\u00f8mpebukser p\u00e5 ydersiden, men er foret med bl\u00f8dt fl\u00f8jlsplys p\u00e5 indersiden for at holde dig varm. \ud83d\udc57De slanker benene, glatter taljen og matcher let med kjoler, nederdele og vintert\u00f8j uden at f\u00f8les klodsede. \ud83e\udd76Dette g\u00f8r dem perfekte til at forblive stilfulde og komfortable p\u00e5 kolde dage.","og_url":"https:\/\/mekulo.com\/dk\/produkt\/varme-plys-stroempebukser\/","og_site_name":"Mekulo DK","article_modified_time":"2026-01-21T17:18:08+00:00","og_image":[{"width":800,"height":800,"url":"https:\/\/mekulo.com\/dk\/wp-content\/uploads\/sites\/12\/2026\/01\/9hn8tce-1.jpg","type":"image\/jpeg"}],"twitter_card":"summary_large_image","twitter_misc":{"Estimeret l\u00e6setid":"2 minutter"},"schema":{"@context":"https:\/\/schema.org","@graph":[{"@type":"WebPage","@id":"https:\/\/mekulo.com\/dk\/produkt\/varme-plys-stroempebukser\/","url":"https:\/\/mekulo.com\/dk\/produkt\/varme-plys-stroempebukser\/","name":"Varme plys-str\u00f8mpebukser - Mekulo DK","isPartOf":{"@id":"https:\/\/mekulo.com\/dk\/#website"},"primaryImageOfPage":{"@id":"https:\/\/mekulo.com\/dk\/produkt\/varme-plys-stroempebukser\/#primaryimage"},"image":{"@id":"https:\/\/mekulo.com\/dk\/produkt\/varme-plys-stroempebukser\/#primaryimage"},"thumbnailUrl":"https:\/\/mekulo.com\/dk\/wp-content\/uploads\/sites\/12\/2026\/01\/9hn8tce-1.jpg","datePublished":"2026-01-15T16:50:40+00:00","dateModified":"2026-01-21T17:18:08+00:00","breadcrumb":{"@id":"https:\/\/mekulo.com\/dk\/produkt\/varme-plys-stroempebukser\/#breadcrumb"},"inLanguage":"da-DK","potentialAction":[{"@type":"ReadAction","target":["https:\/\/mekulo.com\/dk\/produkt\/varme-plys-stroempebukser\/"]}]},{"@type":"ImageObject","inLanguage":"da-DK","@id":"https:\/\/mekulo.com\/dk\/produkt\/varme-plys-stroempebukser\/#primaryimage","url":"https:\/\/mekulo.com\/dk\/wp-content\/uploads\/sites\/12\/2026\/01\/9hn8tce-1.jpg","contentUrl":"https:\/\/mekulo.com\/dk\/wp-content\/uploads\/sites\/12\/2026\/01\/9hn8tce-1.jpg","width":800,"height":800},{"@type":"BreadcrumbList","@id":"https:\/\/mekulo.com\/dk\/produkt\/varme-plys-stroempebukser\/#breadcrumb","itemListElement":[{"@type":"ListItem","position":1,"name":"Home","item":"https:\/\/mekulo.com\/dk\/"},{"@type":"ListItem","position":2,"name":"Butik","item":"https:\/\/mekulo.com\/dk\/butik\/"},{"@type":"ListItem","position":3,"name":"Varme plys-str\u00f8mpebukser"}]},{"@type":"WebSite","@id":"https:\/\/mekulo.com\/dk\/#website","url":"https:\/\/mekulo.com\/dk\/","name":"Mekulo DK","description":"","publisher":{"@id":"https:\/\/mekulo.com\/dk\/#organization"},"potentialAction":[{"@type":"SearchAction","target":{"@type":"EntryPoint","urlTemplate":"https:\/\/mekulo.com\/dk\/?s={search_term_string}"},"query-input":{"@type":"PropertyValueSpecification","valueRequired":true,"valueName":"search_term_string"}}],"inLanguage":"da-DK"},{"@type":"Organization","@id":"https:\/\/mekulo.com\/dk\/#organization","name":"Mekulo","url":"https:\/\/mekulo.com\/dk\/","logo":{"@type":"ImageObject","inLanguage":"da-DK","@id":"https:\/\/mekulo.com\/dk\/#\/schema\/logo\/image\/","url":"https:\/\/mekulo.com\/dk\/wp-content\/uploads\/sites\/12\/2025\/12\/favicon_mekulo.png","contentUrl":"https:\/\/mekulo.com\/dk\/wp-content\/uploads\/sites\/12\/2025\/12\/favicon_mekulo.png","width":50,"height":50,"caption":"Mekulo"},"image":{"@id":"https:\/\/mekulo.com\/dk\/#\/schema\/logo\/image\/"}}]}},"_links":{"self":[{"href":"https:\/\/mekulo.com\/dk\/wp-json\/wp\/v2\/product\/18266","targetHints":{"allow":["GET"]}}],"collection":[{"href":"https:\/\/mekulo.com\/dk\/wp-json\/wp\/v2\/product"}],"about":[{"href":"https:\/\/mekulo.com\/dk\/wp-json\/wp\/v2\/types\/product"}],"replies":[{"embeddable":true,"href":"https:\/\/mekulo.com\/dk\/wp-json\/wp\/v2\/comments?post=18266"}],"wp:featuredmedia":[{"embeddable":true,"href":"https:\/\/mekulo.com\/dk\/wp-json\/wp\/v2\/media\/18262"}],"wp:attachment":[{"href":"https:\/\/mekulo.com\/dk\/wp-json\/wp\/v2\/media?parent=18266"}],"wp:term":[{"taxonomy":"product_brand","embeddable":true,"href":"https:\/\/mekulo.com\/dk\/wp-json\/wp\/v2\/product_brand?post=18266"},{"taxonomy":"product_cat","embeddable":true,"href":"https:\/\/mekulo.com\/dk\/wp-json\/wp\/v2\/product_cat?post=18266"},{"taxonomy":"product_tag","embeddable":true,"href":"https:\/\/mekulo.com\/dk\/wp-json\/wp\/v2\/product_tag?post=18266"}],"curies":[{"name":"wp","href":"https:\/\/api.w.org\/{rel}","templated":true}]}}