{"id":18237,"date":"2026-01-15T18:48:38","date_gmt":"2026-01-15T16:48:38","guid":{"rendered":"https:\/\/mekulo.com\/dk\/produkt\/solbrilleetui-i-bloedt-laeder-3-stk\/"},"modified":"2026-02-03T18:32:03","modified_gmt":"2026-02-03T16:32:03","slug":"solbrilleetui-i-bloedt-laeder-3-stk","status":"publish","type":"product","link":"https:\/\/mekulo.com\/dk\/produkt\/solbrilleetui-i-bloedt-laeder-3-stk\/","title":{"rendered":"Solbrilleetui i bl\u00f8dt l\u00e6der (3 stk.)"},"content":{"rendered":"<p style=\"text-align: center\" data-start=\"0\" data-end=\"85\"><strong data-start=\"0\" data-end=\"85\">Beskyt dine solbriller mod ridser, samtidig med at de er nemme at have med overalt. \ud83d\udc53<\/strong><\/p>\n<p data-start=\"0\" data-end=\"85\"><img decoding=\"async\" class=\"size-full wp-image-20690 aligncenter\" src=\"https:\/\/mekulo.com\/template\/wp-content\/uploads\/sites\/6\/2026\/01\/454a5b5a743e9f272a194fec1eb2af2a50f63cb2-700.avif\" alt=\"\" \/><\/p>\n<h2 style=\"text-align: center\" data-start=\"342\" data-end=\"363\">Vigtigste fordele\ud83d\udd76\ufe0f<\/h2>\n<p data-start=\"367\" data-end=\"427\">\u2728 Ridsebeskyttelse &#8211; Bl\u00f8dt indre holder linserne sikre.<\/p>\n<p data-start=\"430\" data-end=\"496\">\ud83e\uddf3 Let og b\u00e6rbar &#8211; Let at have med i lommer eller tasker.<\/p>\n<p data-start=\"499\" data-end=\"554\">\ud83d\udd12 Sikker snaplukning &#8211; \u00c5bnes og lukkes hurtigt.<\/p>\n<p data-start=\"557\" data-end=\"619\">\ud83d\udc5c Alsidige b\u00e6remuligheder &#8211; Lomme, taske, h\u00e5ndled eller hals.<\/p>\n<p data-start=\"622\" data-end=\"683\">\ud83c\udf81 God gaveid\u00e9 &#8211; Stilfuld og praktisk for alle.<\/p>\n<p data-start=\"622\" data-end=\"683\"><img decoding=\"async\" class=\"size-full wp-image-20687 aligncenter\" src=\"https:\/\/mekulo.com\/template\/wp-content\/uploads\/sites\/6\/2026\/01\/d39fef2af2594612e39d47846cbb4128b96195a4-700.avif\" alt=\"\" \/><\/p>\n<h2 style=\"text-align: center\" data-start=\"690\" data-end=\"707\"><strong>S\u00e5dan Bruges<\/strong> \u25b6\ufe0f<\/h2>\n<ol data-start=\"709\" data-end=\"886\">\n<li data-start=\"709\" data-end=\"742\">\n<p data-start=\"712\" data-end=\"742\">\u00c5bn snaplukningen i metal.<\/p>\n<\/li>\n<li data-start=\"743\" data-end=\"797\">\n<p data-start=\"746\" data-end=\"797\">Placer dine solbriller eller briller i etuiet.<\/p>\n<\/li>\n<li data-start=\"798\" data-end=\"827\">\n<p data-start=\"801\" data-end=\"827\">Luk snaplukningen sikkert.<\/p>\n<\/li>\n<li data-start=\"828\" data-end=\"886\">\n<p data-start=\"831\" data-end=\"886\">B\u00e6r det i lommen, tasken eller s\u00e6t det fast efter behov.<\/p>\n<\/li>\n<\/ol>\n<h2 style=\"text-align: center\" data-start=\"893\" data-end=\"915\"><strong>Produktdetaljer<\/strong> \ud83d\udcd0<\/h2>\n<ul data-start=\"917\" data-end=\"1147\">\n<li data-start=\"964\" data-end=\"988\">\n<p data-start=\"966\" data-end=\"988\">Materiale: PU-l\u00e6der<\/p>\n<\/li>\n<li data-start=\"989\" data-end=\"1008\">\n<p data-start=\"991\" data-end=\"1008\">St\u00f8rrelse: 7 x 14 cm<\/p>\n<\/li>\n<li data-start=\"1009\" data-end=\"1044\">\n<p data-start=\"1011\" data-end=\"1044\">Lukningstype: Trykknap i metal<\/p>\n<\/li>\n<li data-start=\"1045\" data-end=\"1103\">\n<p data-start=\"1047\" data-end=\"1103\">Kompatibilitet: Solbriller, l\u00e6sebriller, briller<\/p>\n<\/li>\n<li data-start=\"1104\" data-end=\"1147\">\n<p data-start=\"1106\" data-end=\"1147\">V\u00e6gt: Let og rejsevenlig<\/p>\n<\/li>\n<\/ul>\n<h2 style=\"text-align: center\" data-start=\"1154\" data-end=\"1177\"><strong>Pakken indeholder<\/strong> \ud83d\udce6<\/h2>\n<ul data-start=\"1179\" data-end=\"1215\">\n<li data-start=\"1179\" data-end=\"1215\">\n<p data-start=\"1181\" data-end=\"1215\">3x solbrilleetuier i bl\u00f8dt l\u00e6der.<\/p>\n<\/li>\n<\/ul>\n","protected":false},"excerpt":{"rendered":"<p><span style=\"font-size: 16px;font-style: normal;font-weight: 400\">\ud83d\ude0e<\/span>Dette solbrilleetui i bl\u00f8dt l\u00e6der beskytter dine briller mod st\u00f8v, tryk og skader i det daglige eller p\u00e5 rejsen.<br \/>\n\ud83d\udd76\ufe0fDets bl\u00f8dt interi\u00f8r og slankt design g\u00f8r det perfekt til opbevaring af solbriller, l\u00e6sebriller eller briller uden at fylde for meget.<br \/>\n\u2600\ufe0fA enkel og stilfuld m\u00e5de at beskytte dine briller p\u00e5, uanset hvor livet f\u00f8rer dig hen.<\/p>\n","protected":false},"featured_media":18233,"comment_status":"open","ping_status":"closed","template":"","meta":{"site-sidebar-layout":"default","site-content-layout":"","ast-site-content-layout":"default","site-content-style":"default","site-sidebar-style":"default","ast-global-header-display":"","ast-banner-title-visibility":"","ast-main-header-display":"","ast-hfb-above-header-display":"","ast-hfb-below-header-display":"","ast-hfb-mobile-header-display":"","site-post-title":"","ast-breadcrumbs-content":"","ast-featured-img":"","footer-sml-layout":"","ast-disable-related-posts":"","theme-transparent-header-meta":"default","adv-header-id-meta":"","stick-header-meta":"","header-above-stick-meta":"","header-main-stick-meta":"","header-below-stick-meta":"","astra-migrate-meta-layouts":"set","ast-page-background-enabled":"default","ast-page-background-meta":{"desktop":{"background-color":"var(--ast-global-color-5)","background-image":"","background-repeat":"repeat","background-position":"center center","background-size":"auto","background-attachment":"scroll","background-type":"","background-media":"","overlay-type":"","overlay-color":"","overlay-opacity":"","overlay-gradient":""},"tablet":{"background-color":"","background-image":"","background-repeat":"repeat","background-position":"center center","background-size":"auto","background-attachment":"scroll","background-type":"","background-media":"","overlay-type":"","overlay-color":"","overlay-opacity":"","overlay-gradient":""},"mobile":{"background-color":"","background-image":"","background-repeat":"repeat","background-position":"center center","background-size":"auto","background-attachment":"scroll","background-type":"","background-media":"","overlay-type":"","overlay-color":"","overlay-opacity":"","overlay-gradient":""}},"ast-content-background-meta":{"desktop":{"background-color":"var(--ast-global-color-4)","background-image":"","background-repeat":"repeat","background-position":"center center","background-size":"auto","background-attachment":"scroll","background-type":"","background-media":"","overlay-type":"","overlay-color":"","overlay-opacity":"","overlay-gradient":""},"tablet":{"background-color":"var(--ast-global-color-4)","background-image":"","background-repeat":"repeat","background-position":"center center","background-size":"auto","background-attachment":"scroll","background-type":"","background-media":"","overlay-type":"","overlay-color":"","overlay-opacity":"","overlay-gradient":""},"mobile":{"background-color":"var(--ast-global-color-4)","background-image":"","background-repeat":"repeat","background-position":"center center","background-size":"auto","background-attachment":"scroll","background-type":"","background-media":"","overlay-type":"","overlay-color":"","overlay-opacity":"","overlay-gradient":""}}},"product_brand":[],"product_cat":[165],"product_tag":[],"class_list":{"0":"post-18237","1":"product","2":"type-product","3":"status-publish","4":"has-post-thumbnail","6":"product_cat-fodtoej-tilbehoer","7":"pa_49336_sytnq51n-blaa","8":"pa_49336_sytnq51n-brun","9":"pa_49336_sytnq51n-graa","10":"pa_49336_sytnq51n-groen","11":"pa_49336_sytnq51n-khaki","12":"pa_49336_sytnq51n-lyseroed","13":"pa_49336_sytnq51n-orange","14":"pa_49336_sytnq51n-sort","15":"desktop-align-left","16":"tablet-align-left","17":"mobile-align-left","19":"first","20":"instock","21":"shipping-taxable","22":"purchasable","23":"product-type-variable"},"yoast_head":"<!-- This site is optimized with the Yoast SEO plugin v27.4 - https:\/\/yoast.com\/product\/yoast-seo-wordpress\/ -->\n<title>Solbrilleetui i bl\u00f8dt l\u00e6der (3 stk.) - Mekulo DK<\/title>\n<meta name=\"robots\" content=\"index, follow, max-snippet:-1, max-image-preview:large, max-video-preview:-1\" \/>\n<link rel=\"canonical\" href=\"https:\/\/mekulo.com\/dk\/produkt\/solbrilleetui-i-bloedt-laeder-3-stk\/\" \/>\n<meta property=\"og:locale\" content=\"da_DK\" \/>\n<meta property=\"og:type\" content=\"article\" \/>\n<meta property=\"og:title\" content=\"Solbrilleetui i bl\u00f8dt l\u00e6der (3 stk.) - Mekulo DK\" \/>\n<meta property=\"og:description\" content=\"\ud83d\ude0eDette solbrilleetui i bl\u00f8dt l\u00e6der beskytter dine briller mod st\u00f8v, tryk og skader i det daglige eller p\u00e5 rejsen. \ud83d\udd76\ufe0fDets bl\u00f8dt interi\u00f8r og slankt design g\u00f8r det perfekt til opbevaring af solbriller, l\u00e6sebriller eller briller uden at fylde for meget. \u2600\ufe0fA enkel og stilfuld m\u00e5de at beskytte dine briller p\u00e5, uanset hvor livet f\u00f8rer dig hen.\" \/>\n<meta property=\"og:url\" content=\"https:\/\/mekulo.com\/dk\/produkt\/solbrilleetui-i-bloedt-laeder-3-stk\/\" \/>\n<meta property=\"og:site_name\" content=\"Mekulo DK\" \/>\n<meta property=\"article:modified_time\" content=\"2026-02-03T16:32:03+00:00\" \/>\n<meta property=\"og:image\" content=\"https:\/\/mekulo.com\/dk\/wp-content\/uploads\/sites\/12\/2026\/01\/9j40tim-1.jpg\" \/>\n\t<meta property=\"og:image:width\" content=\"679\" \/>\n\t<meta property=\"og:image:height\" content=\"679\" \/>\n\t<meta property=\"og:image:type\" content=\"image\/jpeg\" \/>\n<meta name=\"twitter:card\" content=\"summary_large_image\" \/>\n<meta name=\"twitter:label1\" content=\"Estimeret l\u00e6setid\" \/>\n\t<meta name=\"twitter:data1\" content=\"2 minutter\" \/>\n<script type=\"application\/ld+json\" class=\"yoast-schema-graph\">{\"@context\":\"https:\\\/\\\/schema.org\",\"@graph\":[{\"@type\":\"WebPage\",\"@id\":\"https:\\\/\\\/mekulo.com\\\/dk\\\/produkt\\\/solbrilleetui-i-bloedt-laeder-3-stk\\\/\",\"url\":\"https:\\\/\\\/mekulo.com\\\/dk\\\/produkt\\\/solbrilleetui-i-bloedt-laeder-3-stk\\\/\",\"name\":\"Solbrilleetui i bl\u00f8dt l\u00e6der (3 stk.) - Mekulo DK\",\"isPartOf\":{\"@id\":\"https:\\\/\\\/mekulo.com\\\/dk\\\/#website\"},\"primaryImageOfPage\":{\"@id\":\"https:\\\/\\\/mekulo.com\\\/dk\\\/produkt\\\/solbrilleetui-i-bloedt-laeder-3-stk\\\/#primaryimage\"},\"image\":{\"@id\":\"https:\\\/\\\/mekulo.com\\\/dk\\\/produkt\\\/solbrilleetui-i-bloedt-laeder-3-stk\\\/#primaryimage\"},\"thumbnailUrl\":\"https:\\\/\\\/mekulo.com\\\/dk\\\/wp-content\\\/uploads\\\/sites\\\/12\\\/2026\\\/01\\\/9j40tim-1.jpg\",\"datePublished\":\"2026-01-15T16:48:38+00:00\",\"dateModified\":\"2026-02-03T16:32:03+00:00\",\"breadcrumb\":{\"@id\":\"https:\\\/\\\/mekulo.com\\\/dk\\\/produkt\\\/solbrilleetui-i-bloedt-laeder-3-stk\\\/#breadcrumb\"},\"inLanguage\":\"da-DK\",\"potentialAction\":[{\"@type\":\"ReadAction\",\"target\":[\"https:\\\/\\\/mekulo.com\\\/dk\\\/produkt\\\/solbrilleetui-i-bloedt-laeder-3-stk\\\/\"]}]},{\"@type\":\"ImageObject\",\"inLanguage\":\"da-DK\",\"@id\":\"https:\\\/\\\/mekulo.com\\\/dk\\\/produkt\\\/solbrilleetui-i-bloedt-laeder-3-stk\\\/#primaryimage\",\"url\":\"https:\\\/\\\/mekulo.com\\\/dk\\\/wp-content\\\/uploads\\\/sites\\\/12\\\/2026\\\/01\\\/9j40tim-1.jpg\",\"contentUrl\":\"https:\\\/\\\/mekulo.com\\\/dk\\\/wp-content\\\/uploads\\\/sites\\\/12\\\/2026\\\/01\\\/9j40tim-1.jpg\",\"width\":679,\"height\":679},{\"@type\":\"BreadcrumbList\",\"@id\":\"https:\\\/\\\/mekulo.com\\\/dk\\\/produkt\\\/solbrilleetui-i-bloedt-laeder-3-stk\\\/#breadcrumb\",\"itemListElement\":[{\"@type\":\"ListItem\",\"position\":1,\"name\":\"Home\",\"item\":\"https:\\\/\\\/mekulo.com\\\/dk\\\/\"},{\"@type\":\"ListItem\",\"position\":2,\"name\":\"Butik\",\"item\":\"https:\\\/\\\/mekulo.com\\\/dk\\\/butik\\\/\"},{\"@type\":\"ListItem\",\"position\":3,\"name\":\"Solbrilleetui i bl\u00f8dt l\u00e6der (3 stk.)\"}]},{\"@type\":\"WebSite\",\"@id\":\"https:\\\/\\\/mekulo.com\\\/dk\\\/#website\",\"url\":\"https:\\\/\\\/mekulo.com\\\/dk\\\/\",\"name\":\"Mekulo DK\",\"description\":\"\",\"publisher\":{\"@id\":\"https:\\\/\\\/mekulo.com\\\/dk\\\/#organization\"},\"potentialAction\":[{\"@type\":\"SearchAction\",\"target\":{\"@type\":\"EntryPoint\",\"urlTemplate\":\"https:\\\/\\\/mekulo.com\\\/dk\\\/?s={search_term_string}\"},\"query-input\":{\"@type\":\"PropertyValueSpecification\",\"valueRequired\":true,\"valueName\":\"search_term_string\"}}],\"inLanguage\":\"da-DK\"},{\"@type\":\"Organization\",\"@id\":\"https:\\\/\\\/mekulo.com\\\/dk\\\/#organization\",\"name\":\"Mekulo\",\"url\":\"https:\\\/\\\/mekulo.com\\\/dk\\\/\",\"logo\":{\"@type\":\"ImageObject\",\"inLanguage\":\"da-DK\",\"@id\":\"https:\\\/\\\/mekulo.com\\\/dk\\\/#\\\/schema\\\/logo\\\/image\\\/\",\"url\":\"https:\\\/\\\/mekulo.com\\\/dk\\\/wp-content\\\/uploads\\\/sites\\\/12\\\/2025\\\/12\\\/favicon_mekulo.png\",\"contentUrl\":\"https:\\\/\\\/mekulo.com\\\/dk\\\/wp-content\\\/uploads\\\/sites\\\/12\\\/2025\\\/12\\\/favicon_mekulo.png\",\"width\":50,\"height\":50,\"caption\":\"Mekulo\"},\"image\":{\"@id\":\"https:\\\/\\\/mekulo.com\\\/dk\\\/#\\\/schema\\\/logo\\\/image\\\/\"}}]}<\/script>\n<!-- \/ Yoast SEO plugin. -->","yoast_head_json":{"title":"Solbrilleetui i bl\u00f8dt l\u00e6der (3 stk.) - Mekulo DK","robots":{"index":"index","follow":"follow","max-snippet":"max-snippet:-1","max-image-preview":"max-image-preview:large","max-video-preview":"max-video-preview:-1"},"canonical":"https:\/\/mekulo.com\/dk\/produkt\/solbrilleetui-i-bloedt-laeder-3-stk\/","og_locale":"da_DK","og_type":"article","og_title":"Solbrilleetui i bl\u00f8dt l\u00e6der (3 stk.) - Mekulo DK","og_description":"\ud83d\ude0eDette solbrilleetui i bl\u00f8dt l\u00e6der beskytter dine briller mod st\u00f8v, tryk og skader i det daglige eller p\u00e5 rejsen. \ud83d\udd76\ufe0fDets bl\u00f8dt interi\u00f8r og slankt design g\u00f8r det perfekt til opbevaring af solbriller, l\u00e6sebriller eller briller uden at fylde for meget. \u2600\ufe0fA enkel og stilfuld m\u00e5de at beskytte dine briller p\u00e5, uanset hvor livet f\u00f8rer dig hen.","og_url":"https:\/\/mekulo.com\/dk\/produkt\/solbrilleetui-i-bloedt-laeder-3-stk\/","og_site_name":"Mekulo DK","article_modified_time":"2026-02-03T16:32:03+00:00","og_image":[{"width":679,"height":679,"url":"https:\/\/mekulo.com\/dk\/wp-content\/uploads\/sites\/12\/2026\/01\/9j40tim-1.jpg","type":"image\/jpeg"}],"twitter_card":"summary_large_image","twitter_misc":{"Estimeret l\u00e6setid":"2 minutter"},"schema":{"@context":"https:\/\/schema.org","@graph":[{"@type":"WebPage","@id":"https:\/\/mekulo.com\/dk\/produkt\/solbrilleetui-i-bloedt-laeder-3-stk\/","url":"https:\/\/mekulo.com\/dk\/produkt\/solbrilleetui-i-bloedt-laeder-3-stk\/","name":"Solbrilleetui i bl\u00f8dt l\u00e6der (3 stk.) - Mekulo DK","isPartOf":{"@id":"https:\/\/mekulo.com\/dk\/#website"},"primaryImageOfPage":{"@id":"https:\/\/mekulo.com\/dk\/produkt\/solbrilleetui-i-bloedt-laeder-3-stk\/#primaryimage"},"image":{"@id":"https:\/\/mekulo.com\/dk\/produkt\/solbrilleetui-i-bloedt-laeder-3-stk\/#primaryimage"},"thumbnailUrl":"https:\/\/mekulo.com\/dk\/wp-content\/uploads\/sites\/12\/2026\/01\/9j40tim-1.jpg","datePublished":"2026-01-15T16:48:38+00:00","dateModified":"2026-02-03T16:32:03+00:00","breadcrumb":{"@id":"https:\/\/mekulo.com\/dk\/produkt\/solbrilleetui-i-bloedt-laeder-3-stk\/#breadcrumb"},"inLanguage":"da-DK","potentialAction":[{"@type":"ReadAction","target":["https:\/\/mekulo.com\/dk\/produkt\/solbrilleetui-i-bloedt-laeder-3-stk\/"]}]},{"@type":"ImageObject","inLanguage":"da-DK","@id":"https:\/\/mekulo.com\/dk\/produkt\/solbrilleetui-i-bloedt-laeder-3-stk\/#primaryimage","url":"https:\/\/mekulo.com\/dk\/wp-content\/uploads\/sites\/12\/2026\/01\/9j40tim-1.jpg","contentUrl":"https:\/\/mekulo.com\/dk\/wp-content\/uploads\/sites\/12\/2026\/01\/9j40tim-1.jpg","width":679,"height":679},{"@type":"BreadcrumbList","@id":"https:\/\/mekulo.com\/dk\/produkt\/solbrilleetui-i-bloedt-laeder-3-stk\/#breadcrumb","itemListElement":[{"@type":"ListItem","position":1,"name":"Home","item":"https:\/\/mekulo.com\/dk\/"},{"@type":"ListItem","position":2,"name":"Butik","item":"https:\/\/mekulo.com\/dk\/butik\/"},{"@type":"ListItem","position":3,"name":"Solbrilleetui i bl\u00f8dt l\u00e6der (3 stk.)"}]},{"@type":"WebSite","@id":"https:\/\/mekulo.com\/dk\/#website","url":"https:\/\/mekulo.com\/dk\/","name":"Mekulo DK","description":"","publisher":{"@id":"https:\/\/mekulo.com\/dk\/#organization"},"potentialAction":[{"@type":"SearchAction","target":{"@type":"EntryPoint","urlTemplate":"https:\/\/mekulo.com\/dk\/?s={search_term_string}"},"query-input":{"@type":"PropertyValueSpecification","valueRequired":true,"valueName":"search_term_string"}}],"inLanguage":"da-DK"},{"@type":"Organization","@id":"https:\/\/mekulo.com\/dk\/#organization","name":"Mekulo","url":"https:\/\/mekulo.com\/dk\/","logo":{"@type":"ImageObject","inLanguage":"da-DK","@id":"https:\/\/mekulo.com\/dk\/#\/schema\/logo\/image\/","url":"https:\/\/mekulo.com\/dk\/wp-content\/uploads\/sites\/12\/2025\/12\/favicon_mekulo.png","contentUrl":"https:\/\/mekulo.com\/dk\/wp-content\/uploads\/sites\/12\/2025\/12\/favicon_mekulo.png","width":50,"height":50,"caption":"Mekulo"},"image":{"@id":"https:\/\/mekulo.com\/dk\/#\/schema\/logo\/image\/"}}]}},"_links":{"self":[{"href":"https:\/\/mekulo.com\/dk\/wp-json\/wp\/v2\/product\/18237","targetHints":{"allow":["GET"]}}],"collection":[{"href":"https:\/\/mekulo.com\/dk\/wp-json\/wp\/v2\/product"}],"about":[{"href":"https:\/\/mekulo.com\/dk\/wp-json\/wp\/v2\/types\/product"}],"replies":[{"embeddable":true,"href":"https:\/\/mekulo.com\/dk\/wp-json\/wp\/v2\/comments?post=18237"}],"wp:featuredmedia":[{"embeddable":true,"href":"https:\/\/mekulo.com\/dk\/wp-json\/wp\/v2\/media\/18233"}],"wp:attachment":[{"href":"https:\/\/mekulo.com\/dk\/wp-json\/wp\/v2\/media?parent=18237"}],"wp:term":[{"taxonomy":"product_brand","embeddable":true,"href":"https:\/\/mekulo.com\/dk\/wp-json\/wp\/v2\/product_brand?post=18237"},{"taxonomy":"product_cat","embeddable":true,"href":"https:\/\/mekulo.com\/dk\/wp-json\/wp\/v2\/product_cat?post=18237"},{"taxonomy":"product_tag","embeddable":true,"href":"https:\/\/mekulo.com\/dk\/wp-json\/wp\/v2\/product_tag?post=18237"}],"curies":[{"name":"wp","href":"https:\/\/api.w.org\/{rel}","templated":true}]}}