{"id":18208,"date":"2026-01-15T18:46:36","date_gmt":"2026-01-15T16:46:36","guid":{"rendered":"https:\/\/mekulo.com\/dk\/produkt\/varmefrit-kroellesaet\/"},"modified":"2026-01-21T19:11:22","modified_gmt":"2026-01-21T17:11:22","slug":"varmefrit-kroellesaet","status":"publish","type":"product","link":"https:\/\/mekulo.com\/dk\/produkt\/varmefrit-kroellesaet\/","title":{"rendered":"Varmefrit kr\u00f8lles\u00e6t"},"content":{"rendered":"<p style=\"text-align: center;\" data-start=\"0\" data-end=\"60\"><strong data-start=\"0\" data-end=\"60\">Skab bl\u00f8de, store b\u00f8lgekr\u00f8ller uden varme eller h\u00e5rskader. \ud83d\udc71\u200d\u2640\ufe0f<\/strong><\/p>\n<p data-start=\"0\" data-end=\"60\"><img decoding=\"async\" class=\"size-full wp-image-20665 aligncenter\" src=\"https:\/\/mekulo.com\/template\/wp-content\/uploads\/sites\/6\/2026\/01\/3cb9e78b8691f844a64a95b6e69be723fc99b293-700.avif\" alt=\"\" \/><\/p>\n<h2 style=\"text-align: center;\" data-start=\"250\" data-end=\"270\">Vigtigste fordele<\/h2>\n<p data-start=\"274\" data-end=\"343\">\ud83d\udd25 Ingen varme, ingen skader &#8211; Beskytter h\u00e5ret mod brud og t\u00f8rhed.<\/p>\n<p data-start=\"346\" data-end=\"411\">\ud83c\udf0a Store b\u00f8lgekr\u00f8ller &#8211; Tilf\u00f8rer volumen og naturligt udseende tekstur.<\/p>\n<p data-start=\"414\" data-end=\"481\">\ud83e\udeb6 Bl\u00f8dt satinmateriale &#8211; Behageligt til s\u00f8vn og daglig brug.<\/p>\n<p data-start=\"484\" data-end=\"553\">\ud83d\udd17 Sikkert sp\u00e6nde &amp; 3-krogssystem &#8211; Holder h\u00e5ret fast og j\u00e6vnt.<\/p>\n<p data-start=\"556\" data-end=\"620\">\ud83e\uddf3 Rejsevenlig st\u00f8rrelse &#8211; Let at tage med og opbevare overalt.<\/p>\n<p data-start=\"556\" data-end=\"620\"><img fetchpriority=\"high\" decoding=\"async\" class=\"size-full wp-image-20664 aligncenter\" src=\"https:\/\/mekulo.com\/template\/wp-content\/uploads\/sites\/6\/2026\/01\/7e3d6e3b1d9fd745938059b917768da75ff6ae18-700.png\" alt=\"\" width=\"679\" height=\"663\" \/><\/p>\n<h2 style=\"text-align: center;\" data-start=\"627\" data-end=\"644\">S\u00e5dan bruges<\/h2>\n<ol data-start=\"646\" data-end=\"930\">\n<li data-start=\"646\" data-end=\"688\">\n<p data-start=\"649\" data-end=\"688\">Start med let fugtigt eller t\u00f8rt h\u00e5r.<\/p>\n<\/li>\n<li data-start=\"689\" data-end=\"754\">\n<p data-start=\"692\" data-end=\"754\">Placer kr\u00f8llejernet p\u00e5 dit hoved, hvor du vil have kr\u00f8llerne.<\/p>\n<\/li>\n<li data-start=\"755\" data-end=\"804\">\n<p data-start=\"758\" data-end=\"804\">Vikl sektioner af h\u00e5ret j\u00e6vnt rundt om stangen.<\/p>\n<\/li>\n<li data-start=\"805\" data-end=\"842\">\n<p data-start=\"808\" data-end=\"842\">Fastg\u00f8r med sp\u00e6ndet eller krogene.<\/p>\n<\/li>\n<li data-start=\"843\" data-end=\"889\">\n<p data-start=\"846\" data-end=\"889\">Lad det sidde i et par timer eller natten over.<\/p>\n<\/li>\n<li data-start=\"890\" data-end=\"930\">\n<p data-start=\"893\" data-end=\"930\">Fjern det forsigtigt, og style som \u00f8nsket.<\/p>\n<\/li>\n<\/ol>\n<h2 style=\"text-align: center;\" data-start=\"937\" data-end=\"959\">Produktdetaljer<\/h2>\n<ul data-start=\"961\" data-end=\"1238\">\n<li data-start=\"1000\" data-end=\"1036\">\n<p data-start=\"1002\" data-end=\"1036\">Design: Varmefrit kr\u00f8llesystem<\/p>\n<\/li>\n<li data-start=\"1037\" data-end=\"1066\">\n<p data-start=\"1039\" data-end=\"1066\">Kr\u00f8lletype: Store b\u00f8lgekr\u00f8ller<\/p>\n<\/li>\n<li data-start=\"1067\" data-end=\"1115\">\n<p data-start=\"1069\" data-end=\"1115\">Materiale: Bl\u00f8dt stof med silkeagtigt satinovertr\u00e6k<\/p>\n<\/li>\n<li data-start=\"1116\" data-end=\"1160\">\n<p data-start=\"1118\" data-end=\"1160\">System: 3-krogsdesign med sikkert sp\u00e6nde (70 x 70 cm)<\/p>\n<\/li>\n<li data-start=\"1161\" data-end=\"1203\">\n<p data-start=\"1163\" data-end=\"1203\">H\u00e5rtype: Velegnet til alle h\u00e5rtyper<\/p>\n<\/li>\n<li data-start=\"1204\" data-end=\"1238\">\n<p data-start=\"1206\" data-end=\"1238\">Anvendelse: S\u00f8vn, daglig brug, rejser<\/p>\n<\/li>\n<\/ul>\n<h2 style=\"text-align: center;\" data-start=\"1245\" data-end=\"1268\">Pakken indeholder<\/h2>\n<ul data-start=\"1270\" data-end=\"1298\">\n<li data-start=\"1270\" data-end=\"1298\">\n<p data-start=\"1272\" data-end=\"1298\">1x varmel\u00f8st kr\u00f8lles\u00e6t.<\/p>\n<\/li>\n<\/ul>\n","protected":false},"excerpt":{"rendered":"<p>\ud83d\udc87\u200d\u2640\ufe0fDette varmel\u00f8st kr\u00f8lles\u00e6t giver dig mulighed for at style smukke b\u00f8lger, mens du beskytter dit h\u00e5r mod varme.<br \/>\n\ud83d\ude34Det er bl\u00f8dt, behageligt at have p\u00e5 og nemt at bruge derhjemme, mens du sover eller p\u00e5 farten.<br \/>\n\ud83d\udc71\u200d\u2640\ufe0fA blid, stilfuld m\u00e5de at nyde smukke kr\u00f8ller p\u00e5 n\u00e5r som helst &#8211; ingen varme, ingen stress, bare ubesv\u00e6rede b\u00f8lger. \ud83d\udc96<\/p>\n","protected":false},"featured_media":18204,"comment_status":"open","ping_status":"closed","template":"","meta":{"site-sidebar-layout":"default","site-content-layout":"","ast-site-content-layout":"default","site-content-style":"default","site-sidebar-style":"default","ast-global-header-display":"","ast-banner-title-visibility":"","ast-main-header-display":"","ast-hfb-above-header-display":"","ast-hfb-below-header-display":"","ast-hfb-mobile-header-display":"","site-post-title":"","ast-breadcrumbs-content":"","ast-featured-img":"","footer-sml-layout":"","ast-disable-related-posts":"","theme-transparent-header-meta":"default","adv-header-id-meta":"","stick-header-meta":"","header-above-stick-meta":"","header-main-stick-meta":"","header-below-stick-meta":"","astra-migrate-meta-layouts":"set","ast-page-background-enabled":"default","ast-page-background-meta":{"desktop":{"background-color":"var(--ast-global-color-5)","background-image":"","background-repeat":"repeat","background-position":"center center","background-size":"auto","background-attachment":"scroll","background-type":"","background-media":"","overlay-type":"","overlay-color":"","overlay-opacity":"","overlay-gradient":""},"tablet":{"background-color":"","background-image":"","background-repeat":"repeat","background-position":"center center","background-size":"auto","background-attachment":"scroll","background-type":"","background-media":"","overlay-type":"","overlay-color":"","overlay-opacity":"","overlay-gradient":""},"mobile":{"background-color":"","background-image":"","background-repeat":"repeat","background-position":"center center","background-size":"auto","background-attachment":"scroll","background-type":"","background-media":"","overlay-type":"","overlay-color":"","overlay-opacity":"","overlay-gradient":""}},"ast-content-background-meta":{"desktop":{"background-color":"var(--ast-global-color-4)","background-image":"","background-repeat":"repeat","background-position":"center center","background-size":"auto","background-attachment":"scroll","background-type":"","background-media":"","overlay-type":"","overlay-color":"","overlay-opacity":"","overlay-gradient":""},"tablet":{"background-color":"var(--ast-global-color-4)","background-image":"","background-repeat":"repeat","background-position":"center center","background-size":"auto","background-attachment":"scroll","background-type":"","background-media":"","overlay-type":"","overlay-color":"","overlay-opacity":"","overlay-gradient":""},"mobile":{"background-color":"var(--ast-global-color-4)","background-image":"","background-repeat":"repeat","background-position":"center center","background-size":"auto","background-attachment":"scroll","background-type":"","background-media":"","overlay-type":"","overlay-color":"","overlay-opacity":"","overlay-gradient":""}}},"product_brand":[],"product_cat":[162],"product_tag":[],"class_list":{"0":"post-18208","1":"product","2":"type-product","3":"status-publish","4":"has-post-thumbnail","6":"product_cat-skoenheds-og-hygiejneprodukter","7":"pa_49333_7fq7jvdd-1-saet","8":"pa_49333_7fq7jvdd-2-saet","9":"pa_49333_l08gqfnt-brun","10":"pa_49333_l08gqfnt-lyseroed","11":"pa_49333_l08gqfnt-roed","12":"pa_49333_l08gqfnt-sort","13":"desktop-align-left","14":"tablet-align-left","15":"mobile-align-left","17":"first","18":"instock","19":"shipping-taxable","20":"purchasable","21":"product-type-variable","22":"has-default-attributes"},"yoast_head":"<!-- This site is optimized with the Yoast SEO plugin v27.4 - https:\/\/yoast.com\/product\/yoast-seo-wordpress\/ -->\n<title>Varmefrit kr\u00f8lles\u00e6t - Mekulo DK<\/title>\n<meta name=\"robots\" content=\"index, follow, max-snippet:-1, max-image-preview:large, max-video-preview:-1\" \/>\n<link rel=\"canonical\" href=\"https:\/\/mekulo.com\/dk\/produkt\/varmefrit-kroellesaet\/\" \/>\n<meta property=\"og:locale\" content=\"da_DK\" \/>\n<meta property=\"og:type\" content=\"article\" \/>\n<meta property=\"og:title\" content=\"Varmefrit kr\u00f8lles\u00e6t - Mekulo DK\" \/>\n<meta property=\"og:description\" content=\"\ud83d\udc87\u200d\u2640\ufe0fDette varmel\u00f8st kr\u00f8lles\u00e6t giver dig mulighed for at style smukke b\u00f8lger, mens du beskytter dit h\u00e5r mod varme. \ud83d\ude34Det er bl\u00f8dt, behageligt at have p\u00e5 og nemt at bruge derhjemme, mens du sover eller p\u00e5 farten. \ud83d\udc71\u200d\u2640\ufe0fA blid, stilfuld m\u00e5de at nyde smukke kr\u00f8ller p\u00e5 n\u00e5r som helst - ingen varme, ingen stress, bare ubesv\u00e6rede b\u00f8lger. \ud83d\udc96\" \/>\n<meta property=\"og:url\" content=\"https:\/\/mekulo.com\/dk\/produkt\/varmefrit-kroellesaet\/\" \/>\n<meta property=\"og:site_name\" content=\"Mekulo DK\" \/>\n<meta property=\"article:modified_time\" content=\"2026-01-21T17:11:22+00:00\" \/>\n<meta property=\"og:image\" content=\"https:\/\/mekulo.com\/dk\/wp-content\/uploads\/sites\/12\/2026\/01\/oeidltu-1.png\" \/>\n\t<meta property=\"og:image:width\" content=\"567\" \/>\n\t<meta property=\"og:image:height\" content=\"567\" \/>\n\t<meta property=\"og:image:type\" content=\"image\/png\" \/>\n<meta name=\"twitter:card\" content=\"summary_large_image\" \/>\n<meta name=\"twitter:label1\" content=\"Estimeret l\u00e6setid\" \/>\n\t<meta name=\"twitter:data1\" content=\"2 minutter\" \/>\n<script type=\"application\/ld+json\" class=\"yoast-schema-graph\">{\"@context\":\"https:\\\/\\\/schema.org\",\"@graph\":[{\"@type\":\"WebPage\",\"@id\":\"https:\\\/\\\/mekulo.com\\\/dk\\\/produkt\\\/varmefrit-kroellesaet\\\/\",\"url\":\"https:\\\/\\\/mekulo.com\\\/dk\\\/produkt\\\/varmefrit-kroellesaet\\\/\",\"name\":\"Varmefrit kr\u00f8lles\u00e6t - Mekulo DK\",\"isPartOf\":{\"@id\":\"https:\\\/\\\/mekulo.com\\\/dk\\\/#website\"},\"primaryImageOfPage\":{\"@id\":\"https:\\\/\\\/mekulo.com\\\/dk\\\/produkt\\\/varmefrit-kroellesaet\\\/#primaryimage\"},\"image\":{\"@id\":\"https:\\\/\\\/mekulo.com\\\/dk\\\/produkt\\\/varmefrit-kroellesaet\\\/#primaryimage\"},\"thumbnailUrl\":\"https:\\\/\\\/mekulo.com\\\/dk\\\/wp-content\\\/uploads\\\/sites\\\/12\\\/2026\\\/01\\\/oeidltu-1.png\",\"datePublished\":\"2026-01-15T16:46:36+00:00\",\"dateModified\":\"2026-01-21T17:11:22+00:00\",\"breadcrumb\":{\"@id\":\"https:\\\/\\\/mekulo.com\\\/dk\\\/produkt\\\/varmefrit-kroellesaet\\\/#breadcrumb\"},\"inLanguage\":\"da-DK\",\"potentialAction\":[{\"@type\":\"ReadAction\",\"target\":[\"https:\\\/\\\/mekulo.com\\\/dk\\\/produkt\\\/varmefrit-kroellesaet\\\/\"]}]},{\"@type\":\"ImageObject\",\"inLanguage\":\"da-DK\",\"@id\":\"https:\\\/\\\/mekulo.com\\\/dk\\\/produkt\\\/varmefrit-kroellesaet\\\/#primaryimage\",\"url\":\"https:\\\/\\\/mekulo.com\\\/dk\\\/wp-content\\\/uploads\\\/sites\\\/12\\\/2026\\\/01\\\/oeidltu-1.png\",\"contentUrl\":\"https:\\\/\\\/mekulo.com\\\/dk\\\/wp-content\\\/uploads\\\/sites\\\/12\\\/2026\\\/01\\\/oeidltu-1.png\",\"width\":567,\"height\":567},{\"@type\":\"BreadcrumbList\",\"@id\":\"https:\\\/\\\/mekulo.com\\\/dk\\\/produkt\\\/varmefrit-kroellesaet\\\/#breadcrumb\",\"itemListElement\":[{\"@type\":\"ListItem\",\"position\":1,\"name\":\"Home\",\"item\":\"https:\\\/\\\/mekulo.com\\\/dk\\\/\"},{\"@type\":\"ListItem\",\"position\":2,\"name\":\"Butik\",\"item\":\"https:\\\/\\\/mekulo.com\\\/dk\\\/butik\\\/\"},{\"@type\":\"ListItem\",\"position\":3,\"name\":\"Varmefrit kr\u00f8lles\u00e6t\"}]},{\"@type\":\"WebSite\",\"@id\":\"https:\\\/\\\/mekulo.com\\\/dk\\\/#website\",\"url\":\"https:\\\/\\\/mekulo.com\\\/dk\\\/\",\"name\":\"Mekulo DK\",\"description\":\"\",\"publisher\":{\"@id\":\"https:\\\/\\\/mekulo.com\\\/dk\\\/#organization\"},\"potentialAction\":[{\"@type\":\"SearchAction\",\"target\":{\"@type\":\"EntryPoint\",\"urlTemplate\":\"https:\\\/\\\/mekulo.com\\\/dk\\\/?s={search_term_string}\"},\"query-input\":{\"@type\":\"PropertyValueSpecification\",\"valueRequired\":true,\"valueName\":\"search_term_string\"}}],\"inLanguage\":\"da-DK\"},{\"@type\":\"Organization\",\"@id\":\"https:\\\/\\\/mekulo.com\\\/dk\\\/#organization\",\"name\":\"Mekulo\",\"url\":\"https:\\\/\\\/mekulo.com\\\/dk\\\/\",\"logo\":{\"@type\":\"ImageObject\",\"inLanguage\":\"da-DK\",\"@id\":\"https:\\\/\\\/mekulo.com\\\/dk\\\/#\\\/schema\\\/logo\\\/image\\\/\",\"url\":\"https:\\\/\\\/mekulo.com\\\/dk\\\/wp-content\\\/uploads\\\/sites\\\/12\\\/2025\\\/12\\\/favicon_mekulo.png\",\"contentUrl\":\"https:\\\/\\\/mekulo.com\\\/dk\\\/wp-content\\\/uploads\\\/sites\\\/12\\\/2025\\\/12\\\/favicon_mekulo.png\",\"width\":50,\"height\":50,\"caption\":\"Mekulo\"},\"image\":{\"@id\":\"https:\\\/\\\/mekulo.com\\\/dk\\\/#\\\/schema\\\/logo\\\/image\\\/\"}}]}<\/script>\n<!-- \/ Yoast SEO plugin. -->","yoast_head_json":{"title":"Varmefrit kr\u00f8lles\u00e6t - Mekulo DK","robots":{"index":"index","follow":"follow","max-snippet":"max-snippet:-1","max-image-preview":"max-image-preview:large","max-video-preview":"max-video-preview:-1"},"canonical":"https:\/\/mekulo.com\/dk\/produkt\/varmefrit-kroellesaet\/","og_locale":"da_DK","og_type":"article","og_title":"Varmefrit kr\u00f8lles\u00e6t - Mekulo DK","og_description":"\ud83d\udc87\u200d\u2640\ufe0fDette varmel\u00f8st kr\u00f8lles\u00e6t giver dig mulighed for at style smukke b\u00f8lger, mens du beskytter dit h\u00e5r mod varme. \ud83d\ude34Det er bl\u00f8dt, behageligt at have p\u00e5 og nemt at bruge derhjemme, mens du sover eller p\u00e5 farten. \ud83d\udc71\u200d\u2640\ufe0fA blid, stilfuld m\u00e5de at nyde smukke kr\u00f8ller p\u00e5 n\u00e5r som helst - ingen varme, ingen stress, bare ubesv\u00e6rede b\u00f8lger. \ud83d\udc96","og_url":"https:\/\/mekulo.com\/dk\/produkt\/varmefrit-kroellesaet\/","og_site_name":"Mekulo DK","article_modified_time":"2026-01-21T17:11:22+00:00","og_image":[{"width":567,"height":567,"url":"https:\/\/mekulo.com\/dk\/wp-content\/uploads\/sites\/12\/2026\/01\/oeidltu-1.png","type":"image\/png"}],"twitter_card":"summary_large_image","twitter_misc":{"Estimeret l\u00e6setid":"2 minutter"},"schema":{"@context":"https:\/\/schema.org","@graph":[{"@type":"WebPage","@id":"https:\/\/mekulo.com\/dk\/produkt\/varmefrit-kroellesaet\/","url":"https:\/\/mekulo.com\/dk\/produkt\/varmefrit-kroellesaet\/","name":"Varmefrit kr\u00f8lles\u00e6t - Mekulo DK","isPartOf":{"@id":"https:\/\/mekulo.com\/dk\/#website"},"primaryImageOfPage":{"@id":"https:\/\/mekulo.com\/dk\/produkt\/varmefrit-kroellesaet\/#primaryimage"},"image":{"@id":"https:\/\/mekulo.com\/dk\/produkt\/varmefrit-kroellesaet\/#primaryimage"},"thumbnailUrl":"https:\/\/mekulo.com\/dk\/wp-content\/uploads\/sites\/12\/2026\/01\/oeidltu-1.png","datePublished":"2026-01-15T16:46:36+00:00","dateModified":"2026-01-21T17:11:22+00:00","breadcrumb":{"@id":"https:\/\/mekulo.com\/dk\/produkt\/varmefrit-kroellesaet\/#breadcrumb"},"inLanguage":"da-DK","potentialAction":[{"@type":"ReadAction","target":["https:\/\/mekulo.com\/dk\/produkt\/varmefrit-kroellesaet\/"]}]},{"@type":"ImageObject","inLanguage":"da-DK","@id":"https:\/\/mekulo.com\/dk\/produkt\/varmefrit-kroellesaet\/#primaryimage","url":"https:\/\/mekulo.com\/dk\/wp-content\/uploads\/sites\/12\/2026\/01\/oeidltu-1.png","contentUrl":"https:\/\/mekulo.com\/dk\/wp-content\/uploads\/sites\/12\/2026\/01\/oeidltu-1.png","width":567,"height":567},{"@type":"BreadcrumbList","@id":"https:\/\/mekulo.com\/dk\/produkt\/varmefrit-kroellesaet\/#breadcrumb","itemListElement":[{"@type":"ListItem","position":1,"name":"Home","item":"https:\/\/mekulo.com\/dk\/"},{"@type":"ListItem","position":2,"name":"Butik","item":"https:\/\/mekulo.com\/dk\/butik\/"},{"@type":"ListItem","position":3,"name":"Varmefrit kr\u00f8lles\u00e6t"}]},{"@type":"WebSite","@id":"https:\/\/mekulo.com\/dk\/#website","url":"https:\/\/mekulo.com\/dk\/","name":"Mekulo DK","description":"","publisher":{"@id":"https:\/\/mekulo.com\/dk\/#organization"},"potentialAction":[{"@type":"SearchAction","target":{"@type":"EntryPoint","urlTemplate":"https:\/\/mekulo.com\/dk\/?s={search_term_string}"},"query-input":{"@type":"PropertyValueSpecification","valueRequired":true,"valueName":"search_term_string"}}],"inLanguage":"da-DK"},{"@type":"Organization","@id":"https:\/\/mekulo.com\/dk\/#organization","name":"Mekulo","url":"https:\/\/mekulo.com\/dk\/","logo":{"@type":"ImageObject","inLanguage":"da-DK","@id":"https:\/\/mekulo.com\/dk\/#\/schema\/logo\/image\/","url":"https:\/\/mekulo.com\/dk\/wp-content\/uploads\/sites\/12\/2025\/12\/favicon_mekulo.png","contentUrl":"https:\/\/mekulo.com\/dk\/wp-content\/uploads\/sites\/12\/2025\/12\/favicon_mekulo.png","width":50,"height":50,"caption":"Mekulo"},"image":{"@id":"https:\/\/mekulo.com\/dk\/#\/schema\/logo\/image\/"}}]}},"_links":{"self":[{"href":"https:\/\/mekulo.com\/dk\/wp-json\/wp\/v2\/product\/18208","targetHints":{"allow":["GET"]}}],"collection":[{"href":"https:\/\/mekulo.com\/dk\/wp-json\/wp\/v2\/product"}],"about":[{"href":"https:\/\/mekulo.com\/dk\/wp-json\/wp\/v2\/types\/product"}],"replies":[{"embeddable":true,"href":"https:\/\/mekulo.com\/dk\/wp-json\/wp\/v2\/comments?post=18208"}],"wp:featuredmedia":[{"embeddable":true,"href":"https:\/\/mekulo.com\/dk\/wp-json\/wp\/v2\/media\/18204"}],"wp:attachment":[{"href":"https:\/\/mekulo.com\/dk\/wp-json\/wp\/v2\/media?parent=18208"}],"wp:term":[{"taxonomy":"product_brand","embeddable":true,"href":"https:\/\/mekulo.com\/dk\/wp-json\/wp\/v2\/product_brand?post=18208"},{"taxonomy":"product_cat","embeddable":true,"href":"https:\/\/mekulo.com\/dk\/wp-json\/wp\/v2\/product_cat?post=18208"},{"taxonomy":"product_tag","embeddable":true,"href":"https:\/\/mekulo.com\/dk\/wp-json\/wp\/v2\/product_tag?post=18208"}],"curies":[{"name":"wp","href":"https:\/\/api.w.org\/{rel}","templated":true}]}}