{"id":18156,"date":"2026-01-15T18:40:57","date_gmt":"2026-01-15T16:40:57","guid":{"rendered":"https:\/\/mekulo.com\/dk\/produkt\/interaktivt-legetoej-til-indlaering-af-multiplikation\/"},"modified":"2026-02-03T17:20:13","modified_gmt":"2026-02-03T15:20:13","slug":"interaktivt-legetoej-til-indlaering-af-multiplikation","status":"publish","type":"product","link":"https:\/\/mekulo.com\/dk\/produkt\/interaktivt-legetoej-til-indlaering-af-multiplikation\/","title":{"rendered":"Interaktivt leget\u00f8j til indl\u00e6ring af multiplikation"},"content":{"rendered":"<p style=\"text-align: center;\" data-start=\"0\" data-end=\"70\"><strong data-start=\"0\" data-end=\"70\">G\u00f8r multiplikation sjovt, visuel og praktisk for hurtigere l\u00e6ring.\u2716\ufe0f<\/strong><\/p>\n<p data-start=\"0\" data-end=\"70\"><img decoding=\"async\" class=\"size-full wp-image-20624 aligncenter\" src=\"https:\/\/mekulo.com\/template\/wp-content\/uploads\/sites\/6\/2026\/01\/0960185575cc2cbf625ac0a6a6edd07b8e28639d-700.avif\" alt=\"\" \/><\/p>\n<h2 style=\"text-align: center;\" data-start=\"346\" data-end=\"366\">\ud83c\udf1f Vigtigste fordele<\/h2>\n<p data-start=\"370\" data-end=\"446\">\ud83c\udf93 Klar 12 x 12 multiplikationstabel &#8211; Letl\u00e6seligt layout fra 1 til 12.<\/p>\n<p data-start=\"449\" data-end=\"527\">\ud83e\udde0 L\u00e6r gennem leg &#8211; Kombinerer matematisk \u00f8velse med praktisk interaktion.<\/p>\n<p data-start=\"530\" data-end=\"597\">\ud83d\udc46 Pop-it-sansebobler &#8211; Forbedrer fokus og reducerer stress.<\/p>\n<p data-start=\"600\" data-end=\"680\">\ud83d\udd01 Dobbeltsidet design &#8211; Multiplikation p\u00e5 den ene side, tilf\u00f8jelse p\u00e5 den anden.<\/p>\n<p data-start=\"683\" data-end=\"759\">\ud83d\udcaa Holdbart silikonemateriale &#8211; Vandt\u00e6t, fleksibelt og nemt at reng\u00f8re.<\/p>\n<p data-start=\"683\" data-end=\"759\"><img decoding=\"async\" class=\"size-full wp-image-20622 aligncenter\" src=\"https:\/\/mekulo.com\/template\/wp-content\/uploads\/sites\/6\/2026\/01\/3a5732bb53e7de4db6509bb866c01c49a4d21b19-700.avif\" alt=\"\" \/><\/p>\n<h2 style=\"text-align: center;\" data-start=\"766\" data-end=\"783\">\u25b6\ufe0f S\u00e5dan Bruges<\/h2>\n<ol data-start=\"785\" data-end=\"1001\">\n<li data-start=\"785\" data-end=\"834\">\n<p data-start=\"788\" data-end=\"834\">V\u00e6lg et multiplikations- eller additionsproblem.<\/p>\n<\/li>\n<li data-start=\"835\" data-end=\"877\">\n<p data-start=\"838\" data-end=\"877\">Find de rigtige tal p\u00e5 gitteret.<\/p>\n<\/li>\n<li data-start=\"878\" data-end=\"934\">\n<p data-start=\"881\" data-end=\"934\">Tryk p\u00e5 den matchende boble for at \u00f8ve og huske.<\/p>\n<\/li>\n<li data-start=\"935\" data-end=\"1001\">\n<p data-start=\"938\" data-end=\"1001\">Vend tavlen for at skifte mellem multiplikation og addition.<\/p>\n<\/li>\n<\/ol>\n<h2 style=\"text-align: center;\" data-start=\"1008\" data-end=\"1030\">\ud83d\udcd0 Produktdetaljer<\/h2>\n<ul data-start=\"1032\" data-end=\"1301\">\n<li data-start=\"1090\" data-end=\"1142\">\n<p data-start=\"1092\" data-end=\"1142\">L\u00e6ringsomr\u00e5de: 12 x 12 multiplikationstabel (1-12)<\/p>\n<\/li>\n<li data-start=\"1143\" data-end=\"1179\">\n<p data-start=\"1145\" data-end=\"1179\">Forsiden: Multiplikationstabel<\/p>\n<\/li>\n<li data-start=\"1180\" data-end=\"1216\">\n<p data-start=\"1182\" data-end=\"1216\">Bagside: Additionstabel (0-12)<\/p>\n<\/li>\n<li data-start=\"1217\" data-end=\"1252\">\n<p data-start=\"1219\" data-end=\"1252\">Materiale: Silikone af h\u00f8j kvalitet<\/p>\n<\/li>\n<li data-start=\"1253\" data-end=\"1301\">\n<p data-start=\"1255\" data-end=\"1301\">Funktioner: Pop-it-bobler, genanvendelige, vaskbare<\/p>\n<\/li>\n<li data-start=\"1253\" data-end=\"1301\">St\u00f8rrelse: 20 x 20 cm<\/li>\n<\/ul>\n<h2 style=\"text-align: center;\" data-start=\"1308\" data-end=\"1331\">\ud83d\udce6 Pakken indeholder<\/h2>\n<ul data-start=\"1333\" data-end=\"1380\">\n<li data-start=\"1333\" data-end=\"1380\">\n<p data-start=\"1335\" data-end=\"1380\">1x interaktivt multiplikationsleget\u00f8j.<\/p>\n<\/li>\n<\/ul>\n","protected":false},"excerpt":{"rendered":"<p><span style=\"font-size: 16px; font-style: normal; font-weight: 400;\">\ud83d\udcd8<\/span>Dette interaktive multiplikationsleget\u00f8j hj\u00e6lper b\u00f8rn med at l\u00e6re matematik gennem leg ved hj\u00e6lp af en farverig pop-it-tavle.<br \/>\n\u2716\ufe0fDet kombinerer en klar 12 x 12 multiplikationstabel med sansebobler, hvilket g\u00f8r l\u00e6ringen lettere, roligere og mere engagerende derhjemme eller i klassev\u00e6relset.<br \/>\n\ud83d\udc67En sjov og effektiv m\u00e5de at g\u00f8re matematik\u00f8velse til leg &#8211; perfekt til b\u00f8rn, klassev\u00e6relser og stressfri l\u00e6ring derhjemme. \ud83c\udf89<\/p>\n","protected":false},"featured_media":18152,"comment_status":"open","ping_status":"closed","template":"","meta":{"site-sidebar-layout":"default","site-content-layout":"","ast-site-content-layout":"default","site-content-style":"default","site-sidebar-style":"default","ast-global-header-display":"","ast-banner-title-visibility":"","ast-main-header-display":"","ast-hfb-above-header-display":"","ast-hfb-below-header-display":"","ast-hfb-mobile-header-display":"","site-post-title":"","ast-breadcrumbs-content":"","ast-featured-img":"","footer-sml-layout":"","theme-transparent-header-meta":"default","adv-header-id-meta":"","stick-header-meta":"","header-above-stick-meta":"","header-main-stick-meta":"","header-below-stick-meta":"","astra-migrate-meta-layouts":"set","ast-page-background-enabled":"default","ast-page-background-meta":{"desktop":{"background-color":"var(--ast-global-color-5)","background-image":"","background-repeat":"repeat","background-position":"center center","background-size":"auto","background-attachment":"scroll","background-type":"","background-media":"","overlay-type":"","overlay-color":"","overlay-opacity":"","overlay-gradient":""},"tablet":{"background-color":"","background-image":"","background-repeat":"repeat","background-position":"center center","background-size":"auto","background-attachment":"scroll","background-type":"","background-media":"","overlay-type":"","overlay-color":"","overlay-opacity":"","overlay-gradient":""},"mobile":{"background-color":"","background-image":"","background-repeat":"repeat","background-position":"center center","background-size":"auto","background-attachment":"scroll","background-type":"","background-media":"","overlay-type":"","overlay-color":"","overlay-opacity":"","overlay-gradient":""}},"ast-content-background-meta":{"desktop":{"background-color":"var(--ast-global-color-4)","background-image":"","background-repeat":"repeat","background-position":"center center","background-size":"auto","background-attachment":"scroll","background-type":"","background-media":"","overlay-type":"","overlay-color":"","overlay-opacity":"","overlay-gradient":""},"tablet":{"background-color":"var(--ast-global-color-4)","background-image":"","background-repeat":"repeat","background-position":"center center","background-size":"auto","background-attachment":"scroll","background-type":"","background-media":"","overlay-type":"","overlay-color":"","overlay-opacity":"","overlay-gradient":""},"mobile":{"background-color":"var(--ast-global-color-4)","background-image":"","background-repeat":"repeat","background-position":"center center","background-size":"auto","background-attachment":"scroll","background-type":"","background-media":"","overlay-type":"","overlay-color":"","overlay-opacity":"","overlay-gradient":""}}},"product_brand":[],"product_cat":[172],"product_tag":[],"class_list":{"0":"post-18156","1":"product","2":"type-product","3":"status-publish","4":"has-post-thumbnail","6":"product_cat-legetoej-boerne-og-babyprodukter","7":"pa_49066_q4u5pu3d-a","8":"pa_49066_q4u5pu3d-b","9":"desktop-align-left","10":"tablet-align-left","11":"mobile-align-left","13":"first","14":"instock","15":"shipping-taxable","16":"purchasable","17":"product-type-variable"},"yoast_head":"<!-- This site is optimized with the Yoast SEO plugin v26.6 - https:\/\/yoast.com\/wordpress\/plugins\/seo\/ -->\n<title>Interaktivt leget\u00f8j til indl\u00e6ring af multiplikation - Mekulo DK<\/title>\n<meta name=\"robots\" content=\"index, follow, max-snippet:-1, max-image-preview:large, max-video-preview:-1\" \/>\n<link rel=\"canonical\" href=\"https:\/\/mekulo.com\/dk\/produkt\/interaktivt-legetoej-til-indlaering-af-multiplikation\/\" \/>\n<meta property=\"og:locale\" content=\"da_DK\" \/>\n<meta property=\"og:type\" content=\"article\" \/>\n<meta property=\"og:title\" content=\"Interaktivt leget\u00f8j til indl\u00e6ring af multiplikation - Mekulo DK\" \/>\n<meta property=\"og:description\" content=\"\ud83d\udcd8Dette interaktive multiplikationsleget\u00f8j hj\u00e6lper b\u00f8rn med at l\u00e6re matematik gennem leg ved hj\u00e6lp af en farverig pop-it-tavle. \u2716\ufe0fDet kombinerer en klar 12 x 12 multiplikationstabel med sansebobler, hvilket g\u00f8r l\u00e6ringen lettere, roligere og mere engagerende derhjemme eller i klassev\u00e6relset. \ud83d\udc67En sjov og effektiv m\u00e5de at g\u00f8re matematik\u00f8velse til leg - perfekt til b\u00f8rn, klassev\u00e6relser og stressfri l\u00e6ring derhjemme. \ud83c\udf89\" \/>\n<meta property=\"og:url\" content=\"https:\/\/mekulo.com\/dk\/produkt\/interaktivt-legetoej-til-indlaering-af-multiplikation\/\" \/>\n<meta property=\"og:site_name\" content=\"Mekulo DK\" \/>\n<meta property=\"article:modified_time\" content=\"2026-02-03T15:20:13+00:00\" \/>\n<meta property=\"og:image\" content=\"https:\/\/mekulo.com\/dk\/wp-content\/uploads\/sites\/12\/2026\/01\/n5gx7rk-1.jpg\" \/>\n\t<meta property=\"og:image:width\" content=\"679\" \/>\n\t<meta property=\"og:image:height\" content=\"679\" \/>\n\t<meta property=\"og:image:type\" content=\"image\/jpeg\" \/>\n<meta name=\"twitter:card\" content=\"summary_large_image\" \/>\n<meta name=\"twitter:label1\" content=\"Estimeret l\u00e6setid\" \/>\n\t<meta name=\"twitter:data1\" content=\"2 minutter\" \/>\n<script type=\"application\/ld+json\" class=\"yoast-schema-graph\">{\"@context\":\"https:\/\/schema.org\",\"@graph\":[{\"@type\":\"WebPage\",\"@id\":\"https:\/\/mekulo.com\/dk\/produkt\/interaktivt-legetoej-til-indlaering-af-multiplikation\/\",\"url\":\"https:\/\/mekulo.com\/dk\/produkt\/interaktivt-legetoej-til-indlaering-af-multiplikation\/\",\"name\":\"Interaktivt leget\u00f8j til indl\u00e6ring af multiplikation - Mekulo DK\",\"isPartOf\":{\"@id\":\"https:\/\/mekulo.com\/dk\/#website\"},\"primaryImageOfPage\":{\"@id\":\"https:\/\/mekulo.com\/dk\/produkt\/interaktivt-legetoej-til-indlaering-af-multiplikation\/#primaryimage\"},\"image\":{\"@id\":\"https:\/\/mekulo.com\/dk\/produkt\/interaktivt-legetoej-til-indlaering-af-multiplikation\/#primaryimage\"},\"thumbnailUrl\":\"https:\/\/mekulo.com\/dk\/wp-content\/uploads\/sites\/12\/2026\/01\/n5gx7rk-1.jpg\",\"datePublished\":\"2026-01-15T16:40:57+00:00\",\"dateModified\":\"2026-02-03T15:20:13+00:00\",\"breadcrumb\":{\"@id\":\"https:\/\/mekulo.com\/dk\/produkt\/interaktivt-legetoej-til-indlaering-af-multiplikation\/#breadcrumb\"},\"inLanguage\":\"da-DK\",\"potentialAction\":[{\"@type\":\"ReadAction\",\"target\":[\"https:\/\/mekulo.com\/dk\/produkt\/interaktivt-legetoej-til-indlaering-af-multiplikation\/\"]}]},{\"@type\":\"ImageObject\",\"inLanguage\":\"da-DK\",\"@id\":\"https:\/\/mekulo.com\/dk\/produkt\/interaktivt-legetoej-til-indlaering-af-multiplikation\/#primaryimage\",\"url\":\"https:\/\/mekulo.com\/dk\/wp-content\/uploads\/sites\/12\/2026\/01\/n5gx7rk-1.jpg\",\"contentUrl\":\"https:\/\/mekulo.com\/dk\/wp-content\/uploads\/sites\/12\/2026\/01\/n5gx7rk-1.jpg\",\"width\":679,\"height\":679},{\"@type\":\"BreadcrumbList\",\"@id\":\"https:\/\/mekulo.com\/dk\/produkt\/interaktivt-legetoej-til-indlaering-af-multiplikation\/#breadcrumb\",\"itemListElement\":[{\"@type\":\"ListItem\",\"position\":1,\"name\":\"Home\",\"item\":\"https:\/\/mekulo.com\/dk\/\"},{\"@type\":\"ListItem\",\"position\":2,\"name\":\"Butik\",\"item\":\"https:\/\/mekulo.com\/dk\/butik\/\"},{\"@type\":\"ListItem\",\"position\":3,\"name\":\"Interaktivt leget\u00f8j til indl\u00e6ring af multiplikation\"}]},{\"@type\":\"WebSite\",\"@id\":\"https:\/\/mekulo.com\/dk\/#website\",\"url\":\"https:\/\/mekulo.com\/dk\/\",\"name\":\"Mekulo DK\",\"description\":\"\",\"publisher\":{\"@id\":\"https:\/\/mekulo.com\/dk\/#organization\"},\"potentialAction\":[{\"@type\":\"SearchAction\",\"target\":{\"@type\":\"EntryPoint\",\"urlTemplate\":\"https:\/\/mekulo.com\/dk\/?s={search_term_string}\"},\"query-input\":{\"@type\":\"PropertyValueSpecification\",\"valueRequired\":true,\"valueName\":\"search_term_string\"}}],\"inLanguage\":\"da-DK\"},{\"@type\":\"Organization\",\"@id\":\"https:\/\/mekulo.com\/dk\/#organization\",\"name\":\"Mekulo\",\"url\":\"https:\/\/mekulo.com\/dk\/\",\"logo\":{\"@type\":\"ImageObject\",\"inLanguage\":\"da-DK\",\"@id\":\"https:\/\/mekulo.com\/dk\/#\/schema\/logo\/image\/\",\"url\":\"https:\/\/mekulo.com\/dk\/wp-content\/uploads\/sites\/12\/2025\/12\/favicon_mekulo.png\",\"contentUrl\":\"https:\/\/mekulo.com\/dk\/wp-content\/uploads\/sites\/12\/2025\/12\/favicon_mekulo.png\",\"width\":50,\"height\":50,\"caption\":\"Mekulo\"},\"image\":{\"@id\":\"https:\/\/mekulo.com\/dk\/#\/schema\/logo\/image\/\"}}]}<\/script>\n<!-- \/ Yoast SEO plugin. -->","yoast_head_json":{"title":"Interaktivt leget\u00f8j til indl\u00e6ring af multiplikation - Mekulo DK","robots":{"index":"index","follow":"follow","max-snippet":"max-snippet:-1","max-image-preview":"max-image-preview:large","max-video-preview":"max-video-preview:-1"},"canonical":"https:\/\/mekulo.com\/dk\/produkt\/interaktivt-legetoej-til-indlaering-af-multiplikation\/","og_locale":"da_DK","og_type":"article","og_title":"Interaktivt leget\u00f8j til indl\u00e6ring af multiplikation - Mekulo DK","og_description":"\ud83d\udcd8Dette interaktive multiplikationsleget\u00f8j hj\u00e6lper b\u00f8rn med at l\u00e6re matematik gennem leg ved hj\u00e6lp af en farverig pop-it-tavle. \u2716\ufe0fDet kombinerer en klar 12 x 12 multiplikationstabel med sansebobler, hvilket g\u00f8r l\u00e6ringen lettere, roligere og mere engagerende derhjemme eller i klassev\u00e6relset. \ud83d\udc67En sjov og effektiv m\u00e5de at g\u00f8re matematik\u00f8velse til leg - perfekt til b\u00f8rn, klassev\u00e6relser og stressfri l\u00e6ring derhjemme. \ud83c\udf89","og_url":"https:\/\/mekulo.com\/dk\/produkt\/interaktivt-legetoej-til-indlaering-af-multiplikation\/","og_site_name":"Mekulo DK","article_modified_time":"2026-02-03T15:20:13+00:00","og_image":[{"width":679,"height":679,"url":"https:\/\/mekulo.com\/dk\/wp-content\/uploads\/sites\/12\/2026\/01\/n5gx7rk-1.jpg","type":"image\/jpeg"}],"twitter_card":"summary_large_image","twitter_misc":{"Estimeret l\u00e6setid":"2 minutter"},"schema":{"@context":"https:\/\/schema.org","@graph":[{"@type":"WebPage","@id":"https:\/\/mekulo.com\/dk\/produkt\/interaktivt-legetoej-til-indlaering-af-multiplikation\/","url":"https:\/\/mekulo.com\/dk\/produkt\/interaktivt-legetoej-til-indlaering-af-multiplikation\/","name":"Interaktivt leget\u00f8j til indl\u00e6ring af multiplikation - Mekulo DK","isPartOf":{"@id":"https:\/\/mekulo.com\/dk\/#website"},"primaryImageOfPage":{"@id":"https:\/\/mekulo.com\/dk\/produkt\/interaktivt-legetoej-til-indlaering-af-multiplikation\/#primaryimage"},"image":{"@id":"https:\/\/mekulo.com\/dk\/produkt\/interaktivt-legetoej-til-indlaering-af-multiplikation\/#primaryimage"},"thumbnailUrl":"https:\/\/mekulo.com\/dk\/wp-content\/uploads\/sites\/12\/2026\/01\/n5gx7rk-1.jpg","datePublished":"2026-01-15T16:40:57+00:00","dateModified":"2026-02-03T15:20:13+00:00","breadcrumb":{"@id":"https:\/\/mekulo.com\/dk\/produkt\/interaktivt-legetoej-til-indlaering-af-multiplikation\/#breadcrumb"},"inLanguage":"da-DK","potentialAction":[{"@type":"ReadAction","target":["https:\/\/mekulo.com\/dk\/produkt\/interaktivt-legetoej-til-indlaering-af-multiplikation\/"]}]},{"@type":"ImageObject","inLanguage":"da-DK","@id":"https:\/\/mekulo.com\/dk\/produkt\/interaktivt-legetoej-til-indlaering-af-multiplikation\/#primaryimage","url":"https:\/\/mekulo.com\/dk\/wp-content\/uploads\/sites\/12\/2026\/01\/n5gx7rk-1.jpg","contentUrl":"https:\/\/mekulo.com\/dk\/wp-content\/uploads\/sites\/12\/2026\/01\/n5gx7rk-1.jpg","width":679,"height":679},{"@type":"BreadcrumbList","@id":"https:\/\/mekulo.com\/dk\/produkt\/interaktivt-legetoej-til-indlaering-af-multiplikation\/#breadcrumb","itemListElement":[{"@type":"ListItem","position":1,"name":"Home","item":"https:\/\/mekulo.com\/dk\/"},{"@type":"ListItem","position":2,"name":"Butik","item":"https:\/\/mekulo.com\/dk\/butik\/"},{"@type":"ListItem","position":3,"name":"Interaktivt leget\u00f8j til indl\u00e6ring af multiplikation"}]},{"@type":"WebSite","@id":"https:\/\/mekulo.com\/dk\/#website","url":"https:\/\/mekulo.com\/dk\/","name":"Mekulo DK","description":"","publisher":{"@id":"https:\/\/mekulo.com\/dk\/#organization"},"potentialAction":[{"@type":"SearchAction","target":{"@type":"EntryPoint","urlTemplate":"https:\/\/mekulo.com\/dk\/?s={search_term_string}"},"query-input":{"@type":"PropertyValueSpecification","valueRequired":true,"valueName":"search_term_string"}}],"inLanguage":"da-DK"},{"@type":"Organization","@id":"https:\/\/mekulo.com\/dk\/#organization","name":"Mekulo","url":"https:\/\/mekulo.com\/dk\/","logo":{"@type":"ImageObject","inLanguage":"da-DK","@id":"https:\/\/mekulo.com\/dk\/#\/schema\/logo\/image\/","url":"https:\/\/mekulo.com\/dk\/wp-content\/uploads\/sites\/12\/2025\/12\/favicon_mekulo.png","contentUrl":"https:\/\/mekulo.com\/dk\/wp-content\/uploads\/sites\/12\/2025\/12\/favicon_mekulo.png","width":50,"height":50,"caption":"Mekulo"},"image":{"@id":"https:\/\/mekulo.com\/dk\/#\/schema\/logo\/image\/"}}]}},"_links":{"self":[{"href":"https:\/\/mekulo.com\/dk\/wp-json\/wp\/v2\/product\/18156","targetHints":{"allow":["GET"]}}],"collection":[{"href":"https:\/\/mekulo.com\/dk\/wp-json\/wp\/v2\/product"}],"about":[{"href":"https:\/\/mekulo.com\/dk\/wp-json\/wp\/v2\/types\/product"}],"replies":[{"embeddable":true,"href":"https:\/\/mekulo.com\/dk\/wp-json\/wp\/v2\/comments?post=18156"}],"wp:featuredmedia":[{"embeddable":true,"href":"https:\/\/mekulo.com\/dk\/wp-json\/wp\/v2\/media\/18152"}],"wp:attachment":[{"href":"https:\/\/mekulo.com\/dk\/wp-json\/wp\/v2\/media?parent=18156"}],"wp:term":[{"taxonomy":"product_brand","embeddable":true,"href":"https:\/\/mekulo.com\/dk\/wp-json\/wp\/v2\/product_brand?post=18156"},{"taxonomy":"product_cat","embeddable":true,"href":"https:\/\/mekulo.com\/dk\/wp-json\/wp\/v2\/product_cat?post=18156"},{"taxonomy":"product_tag","embeddable":true,"href":"https:\/\/mekulo.com\/dk\/wp-json\/wp\/v2\/product_tag?post=18156"}],"curies":[{"name":"wp","href":"https:\/\/api.w.org\/{rel}","templated":true}]}}