{"id":18142,"date":"2026-01-15T18:39:33","date_gmt":"2026-01-15T16:39:33","guid":{"rendered":"https:\/\/mekulo.com\/dk\/produkt\/pladsbesparende-boejler\/"},"modified":"2026-01-21T18:54:12","modified_gmt":"2026-01-21T16:54:12","slug":"pladsbesparende-boejler","status":"publish","type":"product","link":"https:\/\/mekulo.com\/dk\/produkt\/pladsbesparende-boejler\/","title":{"rendered":"Pladsbesparende b\u00f8jler"},"content":{"rendered":"<p style=\"text-align: center;\" data-start=\"0\" data-end=\"67\"><strong data-start=\"0\" data-end=\"67\">Hold dit skab p\u00e6nt, mens du sparer plads med en smart b\u00f8jle. \ud83d\udc57<\/strong><\/p>\n<p data-start=\"0\" data-end=\"67\"><img fetchpriority=\"high\" decoding=\"async\" class=\"size-full wp-image-20439 aligncenter\" src=\"https:\/\/mekulo.com\/template\/wp-content\/uploads\/sites\/6\/2026\/01\/S518d8be340b14bbe8876a5246e5a3bd6l.webp\" alt=\"\" width=\"800\" height=\"800\" \/><\/p>\n<h2 style=\"text-align: center;\" data-start=\"294\" data-end=\"314\">Vigtigste fordele<\/h2>\n<p data-start=\"318\" data-end=\"390\">\ud83e\udeb5 St\u00e6rk ramme i massivt tr\u00e6 &#8211; Holdbar og ikke let at b\u00f8je eller kn\u00e6kke.<\/p>\n<p data-start=\"393\" data-end=\"473\">\ud83e\uddf2 Roterende krog i rustfrit st\u00e5l &#8211; Rustfri og justerbar til ethvert rum.<\/p>\n<p data-start=\"476\" data-end=\"556\">\ud83e\udde2 8 kroge til maksimal opbevaring &#8211; Holder hatte, t\u00f8rkl\u00e6der, bh&#8217;er, b\u00e6lter og meget mere.<\/p>\n<p data-start=\"559\" data-end=\"630\">\ud83d\udce6 Pladsbesparende design &#8211; Perfekt til sm\u00e5 skabe og lejligheder.<\/p>\n<p data-start=\"633\" data-end=\"712\">\ud83d\udc55 Kan bruges til flere form\u00e5l &#8211; fungerer til t\u00f8j, tilbeh\u00f8r og udend\u00f8rs t\u00f8rring.<\/p>\n<p data-start=\"633\" data-end=\"712\"><img decoding=\"async\" class=\" wp-image-20435 aligncenter\" src=\"https:\/\/mekulo.com\/template\/wp-content\/uploads\/sites\/6\/2026\/01\/LB_0a00658b-b386-42a0-98b4-e321e1913dbf_720x720.png\" alt=\"\" width=\"801\" height=\"801\" \/><\/p>\n<h2 style=\"text-align: center;\" data-start=\"719\" data-end=\"736\"><strong>S\u00e5dan Bruges<\/strong><\/h2>\n<ol data-start=\"738\" data-end=\"934\">\n<li data-start=\"738\" data-end=\"786\">\n<p data-start=\"741\" data-end=\"786\">H\u00e6ng organisatoren p\u00e5 en garderobestang eller krog.<\/p>\n<\/li>\n<li data-start=\"787\" data-end=\"830\">\n<p data-start=\"790\" data-end=\"830\">Drej den \u00f8verste krog, s\u00e5 den passer til din plads.<\/p>\n<\/li>\n<li data-start=\"831\" data-end=\"882\">\n<p data-start=\"834\" data-end=\"882\">Placer hatte, bh&#8217;er eller tilbeh\u00f8r p\u00e5 hver krog.<\/p>\n<\/li>\n<li data-start=\"883\" data-end=\"934\">\n<p data-start=\"886\" data-end=\"934\">Juster genstande for nem adgang og p\u00e6n opbevaring.<\/p>\n<\/li>\n<\/ol>\n<h2 style=\"text-align: center;\" data-start=\"941\" data-end=\"963\"><strong>Produktdetaljer<\/strong><\/h2>\n<ul data-start=\"965\" data-end=\"1157\">\n<li data-start=\"1004\" data-end=\"1046\">\n<p data-start=\"1006\" data-end=\"1046\">Materiale: Massivt tr\u00e6 + rustfrit st\u00e5l<\/p>\n<\/li>\n<li data-start=\"1047\" data-end=\"1067\">\n<p data-start=\"1049\" data-end=\"1067\">St\u00f8rrelse: 28 x 18 cm<\/p>\n<\/li>\n<li data-start=\"1068\" data-end=\"1091\">\n<p data-start=\"1070\" data-end=\"1091\">Krogantal: 8 kroge<\/p>\n<\/li>\n<li data-start=\"1112\" data-end=\"1157\">\n<p data-start=\"1114\" data-end=\"1157\">Brug: Skabsopbevaring, t\u00f8rring, organisering<\/p>\n<\/li>\n<\/ul>\n<h2 style=\"text-align: center;\" data-start=\"1164\" data-end=\"1187\"><strong>Pakken indeholder<\/strong><\/h2>\n<ul data-start=\"1189\" data-end=\"1216\">\n<li data-start=\"1189\" data-end=\"1216\">\n<p data-start=\"1191\" data-end=\"1216\">1x pladsbesparende b\u00f8jle.<\/p>\n<\/li>\n<\/ul>\n","protected":false},"excerpt":{"rendered":"<p>\ud83d\udc52Denne pladsbesparende b\u00f8jle hj\u00e6lper dig med at organisere hatte, t\u00f8j og tilbeh\u00f8r p\u00e5 \u00e9t sted uden rod.<br \/>\n\ud83e\udeb5Lavet af massivt tr\u00e6 med en st\u00e6rk krog i rustfrit st\u00e5l, der holder tingene sikre, nemme at f\u00e5 adgang til og p\u00e6nt opbevaret.<br \/>\n\ud83d\udc56En enkel og stilfuld m\u00e5de at organisere mere p\u00e5, mens du bruger mindre plads &#8211; perfekt til ryddelige skabe og et liv uden rod.<\/p>\n","protected":false},"featured_media":18138,"comment_status":"open","ping_status":"closed","template":"","meta":{"site-sidebar-layout":"default","site-content-layout":"","ast-site-content-layout":"default","site-content-style":"default","site-sidebar-style":"default","ast-global-header-display":"","ast-banner-title-visibility":"","ast-main-header-display":"","ast-hfb-above-header-display":"","ast-hfb-below-header-display":"","ast-hfb-mobile-header-display":"","site-post-title":"","ast-breadcrumbs-content":"","ast-featured-img":"","footer-sml-layout":"","ast-disable-related-posts":"","theme-transparent-header-meta":"default","adv-header-id-meta":"","stick-header-meta":"","header-above-stick-meta":"","header-main-stick-meta":"","header-below-stick-meta":"","astra-migrate-meta-layouts":"set","ast-page-background-enabled":"default","ast-page-background-meta":{"desktop":{"background-color":"var(--ast-global-color-5)","background-image":"","background-repeat":"repeat","background-position":"center center","background-size":"auto","background-attachment":"scroll","background-type":"","background-media":"","overlay-type":"","overlay-color":"","overlay-opacity":"","overlay-gradient":""},"tablet":{"background-color":"","background-image":"","background-repeat":"repeat","background-position":"center center","background-size":"auto","background-attachment":"scroll","background-type":"","background-media":"","overlay-type":"","overlay-color":"","overlay-opacity":"","overlay-gradient":""},"mobile":{"background-color":"","background-image":"","background-repeat":"repeat","background-position":"center center","background-size":"auto","background-attachment":"scroll","background-type":"","background-media":"","overlay-type":"","overlay-color":"","overlay-opacity":"","overlay-gradient":""}},"ast-content-background-meta":{"desktop":{"background-color":"var(--ast-global-color-4)","background-image":"","background-repeat":"repeat","background-position":"center center","background-size":"auto","background-attachment":"scroll","background-type":"","background-media":"","overlay-type":"","overlay-color":"","overlay-opacity":"","overlay-gradient":""},"tablet":{"background-color":"var(--ast-global-color-4)","background-image":"","background-repeat":"repeat","background-position":"center center","background-size":"auto","background-attachment":"scroll","background-type":"","background-media":"","overlay-type":"","overlay-color":"","overlay-opacity":"","overlay-gradient":""},"mobile":{"background-color":"var(--ast-global-color-4)","background-image":"","background-repeat":"repeat","background-position":"center center","background-size":"auto","background-attachment":"scroll","background-type":"","background-media":"","overlay-type":"","overlay-color":"","overlay-opacity":"","overlay-gradient":""}}},"product_brand":[],"product_cat":[168],"product_tag":[],"class_list":{"0":"post-18142","1":"product","2":"type-product","3":"status-publish","4":"has-post-thumbnail","6":"product_cat-husholdningsartikler","7":"pa_48511_avnrlc6z-lys-traefarve","8":"pa_48511_avnrlc6z-moerk-traefarve","9":"desktop-align-left","10":"tablet-align-left","11":"mobile-align-left","13":"first","14":"instock","15":"shipping-taxable","16":"purchasable","17":"product-type-variable"},"yoast_head":"<!-- This site is optimized with the Yoast SEO plugin v27.4 - https:\/\/yoast.com\/product\/yoast-seo-wordpress\/ -->\n<title>Pladsbesparende b\u00f8jler - Mekulo DK<\/title>\n<meta name=\"robots\" content=\"index, follow, max-snippet:-1, max-image-preview:large, max-video-preview:-1\" \/>\n<link rel=\"canonical\" href=\"https:\/\/mekulo.com\/dk\/produkt\/pladsbesparende-boejler\/\" \/>\n<meta property=\"og:locale\" content=\"da_DK\" \/>\n<meta property=\"og:type\" content=\"article\" \/>\n<meta property=\"og:title\" content=\"Pladsbesparende b\u00f8jler - Mekulo DK\" \/>\n<meta property=\"og:description\" content=\"\ud83d\udc52Denne pladsbesparende b\u00f8jle hj\u00e6lper dig med at organisere hatte, t\u00f8j og tilbeh\u00f8r p\u00e5 \u00e9t sted uden rod. \ud83e\udeb5Lavet af massivt tr\u00e6 med en st\u00e6rk krog i rustfrit st\u00e5l, der holder tingene sikre, nemme at f\u00e5 adgang til og p\u00e6nt opbevaret. \ud83d\udc56En enkel og stilfuld m\u00e5de at organisere mere p\u00e5, mens du bruger mindre plads - perfekt til ryddelige skabe og et liv uden rod.\" \/>\n<meta property=\"og:url\" content=\"https:\/\/mekulo.com\/dk\/produkt\/pladsbesparende-boejler\/\" \/>\n<meta property=\"og:site_name\" content=\"Mekulo DK\" \/>\n<meta property=\"article:modified_time\" content=\"2026-01-21T16:54:12+00:00\" \/>\n<meta property=\"og:image\" content=\"https:\/\/mekulo.com\/dk\/wp-content\/uploads\/sites\/12\/2026\/01\/c549ui4-1.webp\" \/>\n\t<meta property=\"og:image:width\" content=\"720\" \/>\n\t<meta property=\"og:image:height\" content=\"720\" \/>\n\t<meta property=\"og:image:type\" content=\"image\/webp\" \/>\n<meta name=\"twitter:card\" content=\"summary_large_image\" \/>\n<meta name=\"twitter:label1\" content=\"Estimeret l\u00e6setid\" \/>\n\t<meta name=\"twitter:data1\" content=\"2 minutter\" \/>\n<script type=\"application\/ld+json\" class=\"yoast-schema-graph\">{\"@context\":\"https:\\\/\\\/schema.org\",\"@graph\":[{\"@type\":\"WebPage\",\"@id\":\"https:\\\/\\\/mekulo.com\\\/dk\\\/produkt\\\/pladsbesparende-boejler\\\/\",\"url\":\"https:\\\/\\\/mekulo.com\\\/dk\\\/produkt\\\/pladsbesparende-boejler\\\/\",\"name\":\"Pladsbesparende b\u00f8jler - Mekulo DK\",\"isPartOf\":{\"@id\":\"https:\\\/\\\/mekulo.com\\\/dk\\\/#website\"},\"primaryImageOfPage\":{\"@id\":\"https:\\\/\\\/mekulo.com\\\/dk\\\/produkt\\\/pladsbesparende-boejler\\\/#primaryimage\"},\"image\":{\"@id\":\"https:\\\/\\\/mekulo.com\\\/dk\\\/produkt\\\/pladsbesparende-boejler\\\/#primaryimage\"},\"thumbnailUrl\":\"https:\\\/\\\/mekulo.com\\\/dk\\\/wp-content\\\/uploads\\\/sites\\\/12\\\/2026\\\/01\\\/c549ui4-1.webp\",\"datePublished\":\"2026-01-15T16:39:33+00:00\",\"dateModified\":\"2026-01-21T16:54:12+00:00\",\"breadcrumb\":{\"@id\":\"https:\\\/\\\/mekulo.com\\\/dk\\\/produkt\\\/pladsbesparende-boejler\\\/#breadcrumb\"},\"inLanguage\":\"da-DK\",\"potentialAction\":[{\"@type\":\"ReadAction\",\"target\":[\"https:\\\/\\\/mekulo.com\\\/dk\\\/produkt\\\/pladsbesparende-boejler\\\/\"]}]},{\"@type\":\"ImageObject\",\"inLanguage\":\"da-DK\",\"@id\":\"https:\\\/\\\/mekulo.com\\\/dk\\\/produkt\\\/pladsbesparende-boejler\\\/#primaryimage\",\"url\":\"https:\\\/\\\/mekulo.com\\\/dk\\\/wp-content\\\/uploads\\\/sites\\\/12\\\/2026\\\/01\\\/c549ui4-1.webp\",\"contentUrl\":\"https:\\\/\\\/mekulo.com\\\/dk\\\/wp-content\\\/uploads\\\/sites\\\/12\\\/2026\\\/01\\\/c549ui4-1.webp\",\"width\":720,\"height\":720},{\"@type\":\"BreadcrumbList\",\"@id\":\"https:\\\/\\\/mekulo.com\\\/dk\\\/produkt\\\/pladsbesparende-boejler\\\/#breadcrumb\",\"itemListElement\":[{\"@type\":\"ListItem\",\"position\":1,\"name\":\"Home\",\"item\":\"https:\\\/\\\/mekulo.com\\\/dk\\\/\"},{\"@type\":\"ListItem\",\"position\":2,\"name\":\"Butik\",\"item\":\"https:\\\/\\\/mekulo.com\\\/dk\\\/butik\\\/\"},{\"@type\":\"ListItem\",\"position\":3,\"name\":\"Pladsbesparende b\u00f8jler\"}]},{\"@type\":\"WebSite\",\"@id\":\"https:\\\/\\\/mekulo.com\\\/dk\\\/#website\",\"url\":\"https:\\\/\\\/mekulo.com\\\/dk\\\/\",\"name\":\"Mekulo DK\",\"description\":\"\",\"publisher\":{\"@id\":\"https:\\\/\\\/mekulo.com\\\/dk\\\/#organization\"},\"potentialAction\":[{\"@type\":\"SearchAction\",\"target\":{\"@type\":\"EntryPoint\",\"urlTemplate\":\"https:\\\/\\\/mekulo.com\\\/dk\\\/?s={search_term_string}\"},\"query-input\":{\"@type\":\"PropertyValueSpecification\",\"valueRequired\":true,\"valueName\":\"search_term_string\"}}],\"inLanguage\":\"da-DK\"},{\"@type\":\"Organization\",\"@id\":\"https:\\\/\\\/mekulo.com\\\/dk\\\/#organization\",\"name\":\"Mekulo\",\"url\":\"https:\\\/\\\/mekulo.com\\\/dk\\\/\",\"logo\":{\"@type\":\"ImageObject\",\"inLanguage\":\"da-DK\",\"@id\":\"https:\\\/\\\/mekulo.com\\\/dk\\\/#\\\/schema\\\/logo\\\/image\\\/\",\"url\":\"https:\\\/\\\/mekulo.com\\\/dk\\\/wp-content\\\/uploads\\\/sites\\\/12\\\/2025\\\/12\\\/favicon_mekulo.png\",\"contentUrl\":\"https:\\\/\\\/mekulo.com\\\/dk\\\/wp-content\\\/uploads\\\/sites\\\/12\\\/2025\\\/12\\\/favicon_mekulo.png\",\"width\":50,\"height\":50,\"caption\":\"Mekulo\"},\"image\":{\"@id\":\"https:\\\/\\\/mekulo.com\\\/dk\\\/#\\\/schema\\\/logo\\\/image\\\/\"}}]}<\/script>\n<!-- \/ Yoast SEO plugin. -->","yoast_head_json":{"title":"Pladsbesparende b\u00f8jler - Mekulo DK","robots":{"index":"index","follow":"follow","max-snippet":"max-snippet:-1","max-image-preview":"max-image-preview:large","max-video-preview":"max-video-preview:-1"},"canonical":"https:\/\/mekulo.com\/dk\/produkt\/pladsbesparende-boejler\/","og_locale":"da_DK","og_type":"article","og_title":"Pladsbesparende b\u00f8jler - Mekulo DK","og_description":"\ud83d\udc52Denne pladsbesparende b\u00f8jle hj\u00e6lper dig med at organisere hatte, t\u00f8j og tilbeh\u00f8r p\u00e5 \u00e9t sted uden rod. \ud83e\udeb5Lavet af massivt tr\u00e6 med en st\u00e6rk krog i rustfrit st\u00e5l, der holder tingene sikre, nemme at f\u00e5 adgang til og p\u00e6nt opbevaret. \ud83d\udc56En enkel og stilfuld m\u00e5de at organisere mere p\u00e5, mens du bruger mindre plads - perfekt til ryddelige skabe og et liv uden rod.","og_url":"https:\/\/mekulo.com\/dk\/produkt\/pladsbesparende-boejler\/","og_site_name":"Mekulo DK","article_modified_time":"2026-01-21T16:54:12+00:00","og_image":[{"width":720,"height":720,"url":"https:\/\/mekulo.com\/dk\/wp-content\/uploads\/sites\/12\/2026\/01\/c549ui4-1.webp","type":"image\/webp"}],"twitter_card":"summary_large_image","twitter_misc":{"Estimeret l\u00e6setid":"2 minutter"},"schema":{"@context":"https:\/\/schema.org","@graph":[{"@type":"WebPage","@id":"https:\/\/mekulo.com\/dk\/produkt\/pladsbesparende-boejler\/","url":"https:\/\/mekulo.com\/dk\/produkt\/pladsbesparende-boejler\/","name":"Pladsbesparende b\u00f8jler - Mekulo DK","isPartOf":{"@id":"https:\/\/mekulo.com\/dk\/#website"},"primaryImageOfPage":{"@id":"https:\/\/mekulo.com\/dk\/produkt\/pladsbesparende-boejler\/#primaryimage"},"image":{"@id":"https:\/\/mekulo.com\/dk\/produkt\/pladsbesparende-boejler\/#primaryimage"},"thumbnailUrl":"https:\/\/mekulo.com\/dk\/wp-content\/uploads\/sites\/12\/2026\/01\/c549ui4-1.webp","datePublished":"2026-01-15T16:39:33+00:00","dateModified":"2026-01-21T16:54:12+00:00","breadcrumb":{"@id":"https:\/\/mekulo.com\/dk\/produkt\/pladsbesparende-boejler\/#breadcrumb"},"inLanguage":"da-DK","potentialAction":[{"@type":"ReadAction","target":["https:\/\/mekulo.com\/dk\/produkt\/pladsbesparende-boejler\/"]}]},{"@type":"ImageObject","inLanguage":"da-DK","@id":"https:\/\/mekulo.com\/dk\/produkt\/pladsbesparende-boejler\/#primaryimage","url":"https:\/\/mekulo.com\/dk\/wp-content\/uploads\/sites\/12\/2026\/01\/c549ui4-1.webp","contentUrl":"https:\/\/mekulo.com\/dk\/wp-content\/uploads\/sites\/12\/2026\/01\/c549ui4-1.webp","width":720,"height":720},{"@type":"BreadcrumbList","@id":"https:\/\/mekulo.com\/dk\/produkt\/pladsbesparende-boejler\/#breadcrumb","itemListElement":[{"@type":"ListItem","position":1,"name":"Home","item":"https:\/\/mekulo.com\/dk\/"},{"@type":"ListItem","position":2,"name":"Butik","item":"https:\/\/mekulo.com\/dk\/butik\/"},{"@type":"ListItem","position":3,"name":"Pladsbesparende b\u00f8jler"}]},{"@type":"WebSite","@id":"https:\/\/mekulo.com\/dk\/#website","url":"https:\/\/mekulo.com\/dk\/","name":"Mekulo DK","description":"","publisher":{"@id":"https:\/\/mekulo.com\/dk\/#organization"},"potentialAction":[{"@type":"SearchAction","target":{"@type":"EntryPoint","urlTemplate":"https:\/\/mekulo.com\/dk\/?s={search_term_string}"},"query-input":{"@type":"PropertyValueSpecification","valueRequired":true,"valueName":"search_term_string"}}],"inLanguage":"da-DK"},{"@type":"Organization","@id":"https:\/\/mekulo.com\/dk\/#organization","name":"Mekulo","url":"https:\/\/mekulo.com\/dk\/","logo":{"@type":"ImageObject","inLanguage":"da-DK","@id":"https:\/\/mekulo.com\/dk\/#\/schema\/logo\/image\/","url":"https:\/\/mekulo.com\/dk\/wp-content\/uploads\/sites\/12\/2025\/12\/favicon_mekulo.png","contentUrl":"https:\/\/mekulo.com\/dk\/wp-content\/uploads\/sites\/12\/2025\/12\/favicon_mekulo.png","width":50,"height":50,"caption":"Mekulo"},"image":{"@id":"https:\/\/mekulo.com\/dk\/#\/schema\/logo\/image\/"}}]}},"_links":{"self":[{"href":"https:\/\/mekulo.com\/dk\/wp-json\/wp\/v2\/product\/18142","targetHints":{"allow":["GET"]}}],"collection":[{"href":"https:\/\/mekulo.com\/dk\/wp-json\/wp\/v2\/product"}],"about":[{"href":"https:\/\/mekulo.com\/dk\/wp-json\/wp\/v2\/types\/product"}],"replies":[{"embeddable":true,"href":"https:\/\/mekulo.com\/dk\/wp-json\/wp\/v2\/comments?post=18142"}],"wp:featuredmedia":[{"embeddable":true,"href":"https:\/\/mekulo.com\/dk\/wp-json\/wp\/v2\/media\/18138"}],"wp:attachment":[{"href":"https:\/\/mekulo.com\/dk\/wp-json\/wp\/v2\/media?parent=18142"}],"wp:term":[{"taxonomy":"product_brand","embeddable":true,"href":"https:\/\/mekulo.com\/dk\/wp-json\/wp\/v2\/product_brand?post=18142"},{"taxonomy":"product_cat","embeddable":true,"href":"https:\/\/mekulo.com\/dk\/wp-json\/wp\/v2\/product_cat?post=18142"},{"taxonomy":"product_tag","embeddable":true,"href":"https:\/\/mekulo.com\/dk\/wp-json\/wp\/v2\/product_tag?post=18142"}],"curies":[{"name":"wp","href":"https:\/\/api.w.org\/{rel}","templated":true}]}}