{"id":18103,"date":"2026-01-15T18:36:21","date_gmt":"2026-01-15T16:36:21","guid":{"rendered":"https:\/\/mekulo.com\/dk\/produkt\/tandblegningsstrimler\/"},"modified":"2026-02-03T18:23:42","modified_gmt":"2026-02-03T16:23:42","slug":"tandblegningsstrimler","status":"publish","type":"product","link":"https:\/\/mekulo.com\/dk\/produkt\/tandblegningsstrimler\/","title":{"rendered":"Tandblegningsstrimler"},"content":{"rendered":"<p style=\"text-align: center\" data-start=\"0\" data-end=\"75\"><strong data-start=\"0\" data-end=\"75\">Bleg forsigtigt dine t\u00e6nder, mens du holder dit tandk\u00f8d behageligt og friskt. \ud83e\uddb7<\/strong><\/p>\n<p data-start=\"0\" data-end=\"75\"><img fetchpriority=\"high\" decoding=\"async\" class=\"size-full wp-image-20406 aligncenter\" src=\"https:\/\/mekulo.com\/template\/wp-content\/uploads\/sites\/6\/2026\/01\/Engels_54_720x720.webp\" alt=\"\" width=\"720\" height=\"720\" \/><\/p>\n<h2 style=\"text-align: center\" data-start=\"281\" data-end=\"300\">Vigtigste fordele<\/h2>\n<p data-start=\"304\" data-end=\"356\">\ud83e\uddb7 Blid blegning &#8211; Sikker til f\u00f8lsomme t\u00e6nder.<\/p>\n<p data-start=\"359\" data-end=\"412\">\ud83e\udd65 Kokosolieformel &#8211; Beroliger t\u00e6nder og tandk\u00f8d.<\/p>\n<p data-start=\"415\" data-end=\"482\">\ud83d\udcaa St\u00e6rk vedh\u00e6ftning &#8211; Bliver p\u00e5 plads, mens du taler eller drikker.<\/p>\n<p data-start=\"485\" data-end=\"538\">\ud83c\udf3f Naturlig mynte og jasmin &#8211; Frisk, ren \u00e5nde.<\/p>\n<p data-start=\"541\" data-end=\"589\">\ud83d\udeab T\u00f8rt stripdesign &#8211; Intet rod, ingen glidning.<\/p>\n<p data-start=\"541\" data-end=\"589\"><img decoding=\"async\" class=\"size-full wp-image-20405 aligncenter\" src=\"https:\/\/mekulo.com\/template\/wp-content\/uploads\/sites\/6\/2026\/01\/Engels_52_720x720.webp\" alt=\"\" width=\"720\" height=\"720\" \/><\/p>\n<h2 style=\"text-align: center\" data-start=\"596\" data-end=\"613\">S\u00e5dan bruges<\/h2>\n<ol data-start=\"615\" data-end=\"828\">\n<li data-start=\"615\" data-end=\"650\">\n<p data-start=\"618\" data-end=\"650\">T\u00f8r dine h\u00e6nder og t\u00e6nder af.<\/p>\n<\/li>\n<li data-start=\"651\" data-end=\"688\">\n<p data-start=\"654\" data-end=\"688\">Tr\u00e6k strimlen af bagsiden.<\/p>\n<\/li>\n<li data-start=\"689\" data-end=\"728\">\n<p data-start=\"692\" data-end=\"728\">P\u00e5f\u00f8r og juster med tandk\u00f8dslinjen.<\/p>\n<\/li>\n<li data-start=\"729\" data-end=\"769\">\n<p data-start=\"732\" data-end=\"769\">Fold overskydende strimmel bag t\u00e6nderne.<\/p>\n<\/li>\n<li data-start=\"770\" data-end=\"794\">\n<p data-start=\"773\" data-end=\"794\">Vent 30-60 minutter.<\/p>\n<\/li>\n<li data-start=\"795\" data-end=\"828\">\n<p data-start=\"798\" data-end=\"828\">Fjern og skyl munden.<\/p>\n<\/li>\n<\/ol>\n<p data-start=\"830\" data-end=\"878\">Brug en gang dagligt i 14 dage for at opn\u00e5 de bedste resultater.<\/p>\n<h2 style=\"text-align: center\" data-start=\"885\" data-end=\"907\">Produktdetaljer<\/h2>\n<ul data-start=\"909\" data-end=\"1163\">\n<li data-start=\"950\" data-end=\"993\">\n<p data-start=\"952\" data-end=\"993\">Formula: Lavperoxid, sk\u00e5nsom blegning<\/p>\n<\/li>\n<li data-start=\"994\" data-end=\"1061\">\n<p data-start=\"996\" data-end=\"1061\">N\u00f8gleingredienser: Kokosolie, mentol, glycerin, planteekstrakter<\/p>\n<\/li>\n<li data-start=\"1062\" data-end=\"1096\">\n<p data-start=\"1064\" data-end=\"1096\">Smag: Naturlig mynte &amp; jasmin<\/p>\n<\/li>\n<li data-start=\"1097\" data-end=\"1129\">\n<p data-start=\"1099\" data-end=\"1129\">Design: T\u00f8rre, skridsikre strimler<\/p>\n<\/li>\n<li data-start=\"1130\" data-end=\"1163\">\n<p data-start=\"1132\" data-end=\"1163\">Velegnet til: F\u00f8lsomme t\u00e6nder<\/p>\n<\/li>\n<li data-start=\"1130\" data-end=\"1163\">En \u00e6ske: 14 strimler<\/li>\n<\/ul>\n<h2 style=\"text-align: center\" data-start=\"1170\" data-end=\"1193\">Pakken indeholder<\/h2>\n<ul>\n<li data-start=\"1197\" data-end=\"1240\">1, 2, 3x \u00e6ske\/er med tandblegningsstrimler (14, 28, 42 stk).<\/li>\n<\/ul>\n","protected":false},"excerpt":{"rendered":"<p>\ud83e\uddb7Disse tandblegningsstrimler fjerner hverdagens pletter, mens de er blide mod f\u00f8lsomme t\u00e6nder.<br \/>\n<span style=\"font-size: 16px;font-style: normal;font-weight: 400\">\ud83d\ude01<\/span>Lavet med naturlige ingredienser, de g\u00f8r dit smil lysere uden at dryppe, glide eller for\u00e5rsage ubehag.<br \/>\n\ud83e\udd65En enkel og sikker m\u00e5de at nyde et lysere, sundere smil hver dag.<\/p>\n","protected":false},"featured_media":18099,"comment_status":"open","ping_status":"closed","template":"","meta":{"site-sidebar-layout":"default","site-content-layout":"","ast-site-content-layout":"default","site-content-style":"default","site-sidebar-style":"default","ast-global-header-display":"","ast-banner-title-visibility":"","ast-main-header-display":"","ast-hfb-above-header-display":"","ast-hfb-below-header-display":"","ast-hfb-mobile-header-display":"","site-post-title":"","ast-breadcrumbs-content":"","ast-featured-img":"","footer-sml-layout":"","ast-disable-related-posts":"","theme-transparent-header-meta":"default","adv-header-id-meta":"","stick-header-meta":"","header-above-stick-meta":"","header-main-stick-meta":"","header-below-stick-meta":"","astra-migrate-meta-layouts":"set","ast-page-background-enabled":"default","ast-page-background-meta":{"desktop":{"background-color":"var(--ast-global-color-5)","background-image":"","background-repeat":"repeat","background-position":"center center","background-size":"auto","background-attachment":"scroll","background-type":"","background-media":"","overlay-type":"","overlay-color":"","overlay-opacity":"","overlay-gradient":""},"tablet":{"background-color":"","background-image":"","background-repeat":"repeat","background-position":"center center","background-size":"auto","background-attachment":"scroll","background-type":"","background-media":"","overlay-type":"","overlay-color":"","overlay-opacity":"","overlay-gradient":""},"mobile":{"background-color":"","background-image":"","background-repeat":"repeat","background-position":"center center","background-size":"auto","background-attachment":"scroll","background-type":"","background-media":"","overlay-type":"","overlay-color":"","overlay-opacity":"","overlay-gradient":""}},"ast-content-background-meta":{"desktop":{"background-color":"var(--ast-global-color-4)","background-image":"","background-repeat":"repeat","background-position":"center center","background-size":"auto","background-attachment":"scroll","background-type":"","background-media":"","overlay-type":"","overlay-color":"","overlay-opacity":"","overlay-gradient":""},"tablet":{"background-color":"var(--ast-global-color-4)","background-image":"","background-repeat":"repeat","background-position":"center center","background-size":"auto","background-attachment":"scroll","background-type":"","background-media":"","overlay-type":"","overlay-color":"","overlay-opacity":"","overlay-gradient":""},"mobile":{"background-color":"var(--ast-global-color-4)","background-image":"","background-repeat":"repeat","background-position":"center center","background-size":"auto","background-attachment":"scroll","background-type":"","background-media":"","overlay-type":"","overlay-color":"","overlay-opacity":"","overlay-gradient":""}}},"product_brand":[],"product_cat":[162],"product_tag":[],"class_list":{"0":"post-18103","1":"product","2":"type-product","3":"status-publish","4":"has-post-thumbnail","6":"product_cat-skoenheds-og-hygiejneprodukter","7":"pa_48487_hdh4yudx-1-kasse","8":"pa_48487_hdh4yudx-2-kasser","9":"pa_48487_hdh4yudx-3-kasser","10":"desktop-align-left","11":"tablet-align-left","12":"mobile-align-left","14":"first","15":"instock","16":"shipping-taxable","17":"purchasable","18":"product-type-variable"},"yoast_head":"<!-- This site is optimized with the Yoast SEO plugin v27.4 - https:\/\/yoast.com\/product\/yoast-seo-wordpress\/ -->\n<title>Tandblegningsstrimler - Mekulo DK<\/title>\n<meta name=\"robots\" content=\"index, follow, max-snippet:-1, max-image-preview:large, max-video-preview:-1\" \/>\n<link rel=\"canonical\" href=\"https:\/\/mekulo.com\/dk\/produkt\/tandblegningsstrimler\/\" \/>\n<meta property=\"og:locale\" content=\"lt_LT\" \/>\n<meta property=\"og:type\" content=\"article\" \/>\n<meta property=\"og:title\" content=\"Tandblegningsstrimler - Mekulo DK\" \/>\n<meta property=\"og:description\" content=\"\ud83e\uddb7Disse tandblegningsstrimler fjerner hverdagens pletter, mens de er blide mod f\u00f8lsomme t\u00e6nder. \ud83d\ude01Lavet med naturlige ingredienser, de g\u00f8r dit smil lysere uden at dryppe, glide eller for\u00e5rsage ubehag. \ud83e\udd65En enkel og sikker m\u00e5de at nyde et lysere, sundere smil hver dag.\" \/>\n<meta property=\"og:url\" content=\"https:\/\/mekulo.com\/dk\/produkt\/tandblegningsstrimler\/\" \/>\n<meta property=\"og:site_name\" content=\"Mekulo DK\" \/>\n<meta property=\"article:modified_time\" content=\"2026-02-03T16:23:42+00:00\" \/>\n<meta property=\"og:image\" content=\"https:\/\/mekulo.com\/dk\/wp-content\/uploads\/sites\/12\/2026\/01\/1cxz428-1.webp\" \/>\n\t<meta property=\"og:image:width\" content=\"720\" \/>\n\t<meta property=\"og:image:height\" content=\"720\" \/>\n\t<meta property=\"og:image:type\" content=\"image\/webp\" \/>\n<meta name=\"twitter:card\" content=\"summary_large_image\" \/>\n<meta name=\"twitter:label1\" content=\"Est. reading time\" \/>\n\t<meta name=\"twitter:data1\" content=\"2 minut\u0117s\" \/>\n<script type=\"application\/ld+json\" class=\"yoast-schema-graph\">{\"@context\":\"https:\\\/\\\/schema.org\",\"@graph\":[{\"@type\":\"WebPage\",\"@id\":\"https:\\\/\\\/mekulo.com\\\/dk\\\/produkt\\\/tandblegningsstrimler\\\/\",\"url\":\"https:\\\/\\\/mekulo.com\\\/dk\\\/produkt\\\/tandblegningsstrimler\\\/\",\"name\":\"Tandblegningsstrimler - Mekulo DK\",\"isPartOf\":{\"@id\":\"https:\\\/\\\/mekulo.com\\\/dk\\\/#website\"},\"primaryImageOfPage\":{\"@id\":\"https:\\\/\\\/mekulo.com\\\/dk\\\/produkt\\\/tandblegningsstrimler\\\/#primaryimage\"},\"image\":{\"@id\":\"https:\\\/\\\/mekulo.com\\\/dk\\\/produkt\\\/tandblegningsstrimler\\\/#primaryimage\"},\"thumbnailUrl\":\"https:\\\/\\\/mekulo.com\\\/dk\\\/wp-content\\\/uploads\\\/sites\\\/12\\\/2026\\\/01\\\/1cxz428-1.webp\",\"datePublished\":\"2026-01-15T16:36:21+00:00\",\"dateModified\":\"2026-02-03T16:23:42+00:00\",\"breadcrumb\":{\"@id\":\"https:\\\/\\\/mekulo.com\\\/dk\\\/produkt\\\/tandblegningsstrimler\\\/#breadcrumb\"},\"inLanguage\":\"lt-LT\",\"potentialAction\":[{\"@type\":\"ReadAction\",\"target\":[\"https:\\\/\\\/mekulo.com\\\/dk\\\/produkt\\\/tandblegningsstrimler\\\/\"]}]},{\"@type\":\"ImageObject\",\"inLanguage\":\"lt-LT\",\"@id\":\"https:\\\/\\\/mekulo.com\\\/dk\\\/produkt\\\/tandblegningsstrimler\\\/#primaryimage\",\"url\":\"https:\\\/\\\/mekulo.com\\\/dk\\\/wp-content\\\/uploads\\\/sites\\\/12\\\/2026\\\/01\\\/1cxz428-1.webp\",\"contentUrl\":\"https:\\\/\\\/mekulo.com\\\/dk\\\/wp-content\\\/uploads\\\/sites\\\/12\\\/2026\\\/01\\\/1cxz428-1.webp\",\"width\":720,\"height\":720},{\"@type\":\"BreadcrumbList\",\"@id\":\"https:\\\/\\\/mekulo.com\\\/dk\\\/produkt\\\/tandblegningsstrimler\\\/#breadcrumb\",\"itemListElement\":[{\"@type\":\"ListItem\",\"position\":1,\"name\":\"Home\",\"item\":\"https:\\\/\\\/mekulo.com\\\/dk\\\/\"},{\"@type\":\"ListItem\",\"position\":2,\"name\":\"Butik\",\"item\":\"https:\\\/\\\/mekulo.com\\\/dk\\\/butik\\\/\"},{\"@type\":\"ListItem\",\"position\":3,\"name\":\"Tandblegningsstrimler\"}]},{\"@type\":\"WebSite\",\"@id\":\"https:\\\/\\\/mekulo.com\\\/dk\\\/#website\",\"url\":\"https:\\\/\\\/mekulo.com\\\/dk\\\/\",\"name\":\"Mekulo DK\",\"description\":\"\",\"publisher\":{\"@id\":\"https:\\\/\\\/mekulo.com\\\/dk\\\/#organization\"},\"potentialAction\":[{\"@type\":\"SearchAction\",\"target\":{\"@type\":\"EntryPoint\",\"urlTemplate\":\"https:\\\/\\\/mekulo.com\\\/dk\\\/?s={search_term_string}\"},\"query-input\":{\"@type\":\"PropertyValueSpecification\",\"valueRequired\":true,\"valueName\":\"search_term_string\"}}],\"inLanguage\":\"lt-LT\"},{\"@type\":\"Organization\",\"@id\":\"https:\\\/\\\/mekulo.com\\\/dk\\\/#organization\",\"name\":\"Mekulo\",\"url\":\"https:\\\/\\\/mekulo.com\\\/dk\\\/\",\"logo\":{\"@type\":\"ImageObject\",\"inLanguage\":\"lt-LT\",\"@id\":\"https:\\\/\\\/mekulo.com\\\/dk\\\/#\\\/schema\\\/logo\\\/image\\\/\",\"url\":\"https:\\\/\\\/mekulo.com\\\/dk\\\/wp-content\\\/uploads\\\/sites\\\/12\\\/2025\\\/12\\\/favicon_mekulo.png\",\"contentUrl\":\"https:\\\/\\\/mekulo.com\\\/dk\\\/wp-content\\\/uploads\\\/sites\\\/12\\\/2025\\\/12\\\/favicon_mekulo.png\",\"width\":50,\"height\":50,\"caption\":\"Mekulo\"},\"image\":{\"@id\":\"https:\\\/\\\/mekulo.com\\\/dk\\\/#\\\/schema\\\/logo\\\/image\\\/\"}}]}<\/script>\n<!-- \/ Yoast SEO plugin. -->","yoast_head_json":{"title":"Tandblegningsstrimler - Mekulo DK","robots":{"index":"index","follow":"follow","max-snippet":"max-snippet:-1","max-image-preview":"max-image-preview:large","max-video-preview":"max-video-preview:-1"},"canonical":"https:\/\/mekulo.com\/dk\/produkt\/tandblegningsstrimler\/","og_locale":"lt_LT","og_type":"article","og_title":"Tandblegningsstrimler - Mekulo DK","og_description":"\ud83e\uddb7Disse tandblegningsstrimler fjerner hverdagens pletter, mens de er blide mod f\u00f8lsomme t\u00e6nder. \ud83d\ude01Lavet med naturlige ingredienser, de g\u00f8r dit smil lysere uden at dryppe, glide eller for\u00e5rsage ubehag. \ud83e\udd65En enkel og sikker m\u00e5de at nyde et lysere, sundere smil hver dag.","og_url":"https:\/\/mekulo.com\/dk\/produkt\/tandblegningsstrimler\/","og_site_name":"Mekulo DK","article_modified_time":"2026-02-03T16:23:42+00:00","og_image":[{"width":720,"height":720,"url":"https:\/\/mekulo.com\/dk\/wp-content\/uploads\/sites\/12\/2026\/01\/1cxz428-1.webp","type":"image\/webp"}],"twitter_card":"summary_large_image","twitter_misc":{"Est. reading time":"2 minut\u0117s"},"schema":{"@context":"https:\/\/schema.org","@graph":[{"@type":"WebPage","@id":"https:\/\/mekulo.com\/dk\/produkt\/tandblegningsstrimler\/","url":"https:\/\/mekulo.com\/dk\/produkt\/tandblegningsstrimler\/","name":"Tandblegningsstrimler - Mekulo DK","isPartOf":{"@id":"https:\/\/mekulo.com\/dk\/#website"},"primaryImageOfPage":{"@id":"https:\/\/mekulo.com\/dk\/produkt\/tandblegningsstrimler\/#primaryimage"},"image":{"@id":"https:\/\/mekulo.com\/dk\/produkt\/tandblegningsstrimler\/#primaryimage"},"thumbnailUrl":"https:\/\/mekulo.com\/dk\/wp-content\/uploads\/sites\/12\/2026\/01\/1cxz428-1.webp","datePublished":"2026-01-15T16:36:21+00:00","dateModified":"2026-02-03T16:23:42+00:00","breadcrumb":{"@id":"https:\/\/mekulo.com\/dk\/produkt\/tandblegningsstrimler\/#breadcrumb"},"inLanguage":"lt-LT","potentialAction":[{"@type":"ReadAction","target":["https:\/\/mekulo.com\/dk\/produkt\/tandblegningsstrimler\/"]}]},{"@type":"ImageObject","inLanguage":"lt-LT","@id":"https:\/\/mekulo.com\/dk\/produkt\/tandblegningsstrimler\/#primaryimage","url":"https:\/\/mekulo.com\/dk\/wp-content\/uploads\/sites\/12\/2026\/01\/1cxz428-1.webp","contentUrl":"https:\/\/mekulo.com\/dk\/wp-content\/uploads\/sites\/12\/2026\/01\/1cxz428-1.webp","width":720,"height":720},{"@type":"BreadcrumbList","@id":"https:\/\/mekulo.com\/dk\/produkt\/tandblegningsstrimler\/#breadcrumb","itemListElement":[{"@type":"ListItem","position":1,"name":"Home","item":"https:\/\/mekulo.com\/dk\/"},{"@type":"ListItem","position":2,"name":"Butik","item":"https:\/\/mekulo.com\/dk\/butik\/"},{"@type":"ListItem","position":3,"name":"Tandblegningsstrimler"}]},{"@type":"WebSite","@id":"https:\/\/mekulo.com\/dk\/#website","url":"https:\/\/mekulo.com\/dk\/","name":"Mekulo DK","description":"","publisher":{"@id":"https:\/\/mekulo.com\/dk\/#organization"},"potentialAction":[{"@type":"SearchAction","target":{"@type":"EntryPoint","urlTemplate":"https:\/\/mekulo.com\/dk\/?s={search_term_string}"},"query-input":{"@type":"PropertyValueSpecification","valueRequired":true,"valueName":"search_term_string"}}],"inLanguage":"lt-LT"},{"@type":"Organization","@id":"https:\/\/mekulo.com\/dk\/#organization","name":"Mekulo","url":"https:\/\/mekulo.com\/dk\/","logo":{"@type":"ImageObject","inLanguage":"lt-LT","@id":"https:\/\/mekulo.com\/dk\/#\/schema\/logo\/image\/","url":"https:\/\/mekulo.com\/dk\/wp-content\/uploads\/sites\/12\/2025\/12\/favicon_mekulo.png","contentUrl":"https:\/\/mekulo.com\/dk\/wp-content\/uploads\/sites\/12\/2025\/12\/favicon_mekulo.png","width":50,"height":50,"caption":"Mekulo"},"image":{"@id":"https:\/\/mekulo.com\/dk\/#\/schema\/logo\/image\/"}}]}},"_links":{"self":[{"href":"https:\/\/mekulo.com\/dk\/wp-json\/wp\/v2\/product\/18103","targetHints":{"allow":["GET"]}}],"collection":[{"href":"https:\/\/mekulo.com\/dk\/wp-json\/wp\/v2\/product"}],"about":[{"href":"https:\/\/mekulo.com\/dk\/wp-json\/wp\/v2\/types\/product"}],"replies":[{"embeddable":true,"href":"https:\/\/mekulo.com\/dk\/wp-json\/wp\/v2\/comments?post=18103"}],"wp:featuredmedia":[{"embeddable":true,"href":"https:\/\/mekulo.com\/dk\/wp-json\/wp\/v2\/media\/18099"}],"wp:attachment":[{"href":"https:\/\/mekulo.com\/dk\/wp-json\/wp\/v2\/media?parent=18103"}],"wp:term":[{"taxonomy":"product_brand","embeddable":true,"href":"https:\/\/mekulo.com\/dk\/wp-json\/wp\/v2\/product_brand?post=18103"},{"taxonomy":"product_cat","embeddable":true,"href":"https:\/\/mekulo.com\/dk\/wp-json\/wp\/v2\/product_cat?post=18103"},{"taxonomy":"product_tag","embeddable":true,"href":"https:\/\/mekulo.com\/dk\/wp-json\/wp\/v2\/product_tag?post=18103"}],"curies":[{"name":"wp","href":"https:\/\/api.w.org\/{rel}","templated":true}]}}