{"id":18082,"date":"2026-01-15T18:33:41","date_gmt":"2026-01-15T16:33:41","guid":{"rendered":"https:\/\/mekulo.com\/dk\/produkt\/elektrisk-gryde-til-madlavning\/"},"modified":"2026-02-03T18:26:27","modified_gmt":"2026-02-03T16:26:27","slug":"elektrisk-gryde-til-madlavning","status":"publish","type":"product","link":"https:\/\/mekulo.com\/dk\/produkt\/elektrisk-gryde-til-madlavning\/","title":{"rendered":"Elektrisk gryde til madlavning"},"content":{"rendered":"<p style=\"text-align: center\" data-start=\"0\" data-end=\"81\"><strong data-start=\"0\" data-end=\"81\">Tilbered varme, friske m\u00e5ltider n\u00e5r som helst med denne kompakte og brugervenlige elektriske gryde. \ud83c\udf72<\/strong><\/p>\n<p data-start=\"0\" data-end=\"81\"><img fetchpriority=\"high\" decoding=\"async\" class=\"size-full wp-image-20394 aligncenter\" src=\"https:\/\/mekulo.com\/template\/wp-content\/uploads\/sites\/6\/2026\/01\/Scac0fe1519b845559b18b132f98beec8H.jpg_960x960q75.jpg_.avif\" alt=\"\" width=\"800\" height=\"800\" \/><\/p>\n<h2 style=\"text-align: center\" data-start=\"311\" data-end=\"330\">Vigtigste fordele<\/h2>\n<p data-start=\"334\" data-end=\"406\">\ud83c\udf72 Multifunktionel madlavning &#8211; Lav supper, nudler, gryderetter og meget mere.<\/p>\n<p data-start=\"409\" data-end=\"464\">\u26a1 Hurtig opvarmning &#8211; Tilbered m\u00e5ltider hurtigt for at spare tid.<\/p>\n<p data-start=\"467\" data-end=\"533\">\ud83e\uddf3 Sammenklappeligt h\u00e5ndtag &#8211; Let at b\u00e6re og opbevare i sm\u00e5 rum.<\/p>\n<p data-start=\"536\" data-end=\"597\">\ud83e\uddfc Non-stick interi\u00f8r &#8211; Enkel reng\u00f8ring efter hver brug.<\/p>\n<p data-start=\"600\" data-end=\"667\">\ud83d\udd0c Aftagelig netledning &#8211; Sikrere og mere praktisk h\u00e5ndtering.<\/p>\n<p data-start=\"600\" data-end=\"667\"><img decoding=\"async\" class=\"size-full wp-image-20389 aligncenter\" src=\"https:\/\/mekulo.com\/template\/wp-content\/uploads\/sites\/6\/2026\/01\/f3705b42c88e9ac9d15f8e63e1820316.jpg\" alt=\"\" width=\"780\" height=\"780\" \/><\/p>\n<h2 style=\"text-align: center\" data-start=\"674\" data-end=\"691\"><strong>S\u00e5dan Bruges<\/strong><\/h2>\n<ol data-start=\"693\" data-end=\"928\">\n<li data-start=\"693\" data-end=\"746\">\n<p data-start=\"696\" data-end=\"746\">Placer gryden p\u00e5 en flad, varmebestandig overflade.<\/p>\n<\/li>\n<li data-start=\"747\" data-end=\"788\">\n<p data-start=\"750\" data-end=\"788\">Tils\u00e6t ingredienser og vand efter behov.<\/p>\n<\/li>\n<li data-start=\"789\" data-end=\"828\">\n<p data-start=\"792\" data-end=\"828\">S\u00e6t den aftagelige netledning i.<\/p>\n<\/li>\n<li data-start=\"829\" data-end=\"887\">\n<p data-start=\"832\" data-end=\"887\">T\u00e6nd for gryden, og lad den varme, indtil maden er f\u00e6rdig.<\/p>\n<\/li>\n<li data-start=\"888\" data-end=\"928\">\n<p data-start=\"891\" data-end=\"928\">Tag stikket ud, server og reng\u00f8r efter brug.<\/p>\n<\/li>\n<\/ol>\n<h2 style=\"text-align: center\" data-start=\"935\" data-end=\"957\"><strong>Produktdetaljer<\/strong><\/h2>\n<ul data-start=\"959\" data-end=\"1212\">\n<li data-start=\"998\" data-end=\"1016\">\n<p data-start=\"1000\" data-end=\"1016\">Kapacitet: 1,8L &#8211; perfekt til 1-2 personer<\/p>\n<\/li>\n<li data-start=\"998\" data-end=\"1016\">\n<p data-start=\"1000\" data-end=\"1016\">Effekt: 450W<\/p>\n<\/li>\n<li data-start=\"998\" data-end=\"1016\">\n<p data-start=\"1000\" data-end=\"1016\">Vsp\u00e6nding: 220V<\/p>\n<\/li>\n<li data-start=\"1017\" data-end=\"1066\">\n<p data-start=\"1019\" data-end=\"1066\">Materiale: Plastkrop med non-stick-bel\u00e6gning<\/p>\n<\/li>\n<li data-start=\"1067\" data-end=\"1102\">\n<p data-start=\"1069\" data-end=\"1102\">V\u00e6gt: Ca. 550 g<\/p>\n<\/li>\n<li data-start=\"1103\" data-end=\"1140\">\n<p data-start=\"1105\" data-end=\"1140\">H\u00e5ndtag: Foldbar for nem opbevaring<\/p>\n<\/li>\n<li data-start=\"1141\" data-end=\"1212\">\n<p data-start=\"1143\" data-end=\"1212\">Anvendelse: Ideel til studerende, rejsende, sm\u00e5 k\u00f8kkener og sololiv<\/p>\n<\/li>\n<li data-start=\"1141\" data-end=\"1212\">St\u00f8rrelse: 18 x 14 cm<\/li>\n<\/ul>\n<h2 style=\"text-align: center\" data-start=\"1219\" data-end=\"1242\"><strong>Pakken indeholder<\/strong><\/h2>\n<ul data-start=\"1244\" data-end=\"1307\">\n<li data-start=\"1244\" data-end=\"1277\">\n<p data-start=\"1246\" data-end=\"1277\">1x elektrisk gryde<\/p>\n<\/li>\n<li data-start=\"1278\" data-end=\"1307\">\n<p data-start=\"1280\" data-end=\"1307\">1x aftagelig netledning.<\/p>\n<\/li>\n<\/ul>\n","protected":false},"excerpt":{"rendered":"<p><span style=\"font-size: 16px;font-style: normal;font-weight: 400\">\ud83c\udf5c<\/span>Denne elektriske gryde er perfekt til hurtige m\u00e5ltider derhjemme, p\u00e5 kollegiet eller p\u00e5 rejsen.<br \/>\n\ud83c\udf72Den hurtige opvarmning og det multifunktionelle design giver dig mulighed for at tilberede supper, nudler, gryderetter og meget mere med minimal indsats og oprydning.<br \/>\n\ud83c\udf5dEn smart l\u00f8sning til hurtig, enkel og l\u00e6kker madlavning overalt.<\/p>\n","protected":false},"featured_media":18078,"comment_status":"open","ping_status":"closed","template":"","meta":{"site-sidebar-layout":"default","site-content-layout":"","ast-site-content-layout":"default","site-content-style":"default","site-sidebar-style":"default","ast-global-header-display":"","ast-banner-title-visibility":"","ast-main-header-display":"","ast-hfb-above-header-display":"","ast-hfb-below-header-display":"","ast-hfb-mobile-header-display":"","site-post-title":"","ast-breadcrumbs-content":"","ast-featured-img":"","footer-sml-layout":"","theme-transparent-header-meta":"default","adv-header-id-meta":"","stick-header-meta":"","header-above-stick-meta":"","header-main-stick-meta":"","header-below-stick-meta":"","astra-migrate-meta-layouts":"set","ast-page-background-enabled":"default","ast-page-background-meta":{"desktop":{"background-color":"var(--ast-global-color-5)","background-image":"","background-repeat":"repeat","background-position":"center center","background-size":"auto","background-attachment":"scroll","background-type":"","background-media":"","overlay-type":"","overlay-color":"","overlay-opacity":"","overlay-gradient":""},"tablet":{"background-color":"","background-image":"","background-repeat":"repeat","background-position":"center center","background-size":"auto","background-attachment":"scroll","background-type":"","background-media":"","overlay-type":"","overlay-color":"","overlay-opacity":"","overlay-gradient":""},"mobile":{"background-color":"","background-image":"","background-repeat":"repeat","background-position":"center center","background-size":"auto","background-attachment":"scroll","background-type":"","background-media":"","overlay-type":"","overlay-color":"","overlay-opacity":"","overlay-gradient":""}},"ast-content-background-meta":{"desktop":{"background-color":"var(--ast-global-color-4)","background-image":"","background-repeat":"repeat","background-position":"center center","background-size":"auto","background-attachment":"scroll","background-type":"","background-media":"","overlay-type":"","overlay-color":"","overlay-opacity":"","overlay-gradient":""},"tablet":{"background-color":"var(--ast-global-color-4)","background-image":"","background-repeat":"repeat","background-position":"center center","background-size":"auto","background-attachment":"scroll","background-type":"","background-media":"","overlay-type":"","overlay-color":"","overlay-opacity":"","overlay-gradient":""},"mobile":{"background-color":"var(--ast-global-color-4)","background-image":"","background-repeat":"repeat","background-position":"center center","background-size":"auto","background-attachment":"scroll","background-type":"","background-media":"","overlay-type":"","overlay-color":"","overlay-opacity":"","overlay-gradient":""}}},"product_brand":[],"product_cat":[168],"product_tag":[],"class_list":{"0":"post-18082","1":"product","2":"type-product","3":"status-publish","4":"has-post-thumbnail","6":"product_cat-husholdningsartikler","7":"desktop-align-left","8":"tablet-align-left","9":"mobile-align-left","11":"first","12":"instock","13":"shipping-taxable","14":"purchasable","15":"product-type-simple"},"yoast_head":"<!-- This site is optimized with the Yoast SEO plugin v26.6 - https:\/\/yoast.com\/wordpress\/plugins\/seo\/ -->\n<title>Elektrisk gryde til madlavning - Mekulo DK<\/title>\n<meta name=\"robots\" content=\"index, follow, max-snippet:-1, max-image-preview:large, max-video-preview:-1\" \/>\n<link rel=\"canonical\" href=\"https:\/\/mekulo.com\/dk\/produkt\/elektrisk-gryde-til-madlavning\/\" \/>\n<meta property=\"og:locale\" content=\"da_DK\" \/>\n<meta property=\"og:type\" content=\"article\" \/>\n<meta property=\"og:title\" content=\"Elektrisk gryde til madlavning - Mekulo DK\" \/>\n<meta property=\"og:description\" content=\"\ud83c\udf5cDenne elektriske gryde er perfekt til hurtige m\u00e5ltider derhjemme, p\u00e5 kollegiet eller p\u00e5 rejsen. \ud83c\udf72Den hurtige opvarmning og det multifunktionelle design giver dig mulighed for at tilberede supper, nudler, gryderetter og meget mere med minimal indsats og oprydning. \ud83c\udf5dEn smart l\u00f8sning til hurtig, enkel og l\u00e6kker madlavning overalt.\" \/>\n<meta property=\"og:url\" content=\"https:\/\/mekulo.com\/dk\/produkt\/elektrisk-gryde-til-madlavning\/\" \/>\n<meta property=\"og:site_name\" content=\"Mekulo DK\" \/>\n<meta property=\"article:modified_time\" content=\"2026-02-03T16:26:27+00:00\" \/>\n<meta property=\"og:image\" content=\"https:\/\/mekulo.com\/dk\/wp-content\/uploads\/sites\/12\/2026\/01\/hahb034-1.png\" \/>\n\t<meta property=\"og:image:width\" content=\"758\" \/>\n\t<meta property=\"og:image:height\" content=\"758\" \/>\n\t<meta property=\"og:image:type\" content=\"image\/png\" \/>\n<meta name=\"twitter:card\" content=\"summary_large_image\" \/>\n<meta name=\"twitter:label1\" content=\"Estimeret l\u00e6setid\" \/>\n\t<meta name=\"twitter:data1\" content=\"2 minutter\" \/>\n<script type=\"application\/ld+json\" class=\"yoast-schema-graph\">{\"@context\":\"https:\/\/schema.org\",\"@graph\":[{\"@type\":\"WebPage\",\"@id\":\"https:\/\/mekulo.com\/dk\/produkt\/elektrisk-gryde-til-madlavning\/\",\"url\":\"https:\/\/mekulo.com\/dk\/produkt\/elektrisk-gryde-til-madlavning\/\",\"name\":\"Elektrisk gryde til madlavning - Mekulo DK\",\"isPartOf\":{\"@id\":\"https:\/\/mekulo.com\/dk\/#website\"},\"primaryImageOfPage\":{\"@id\":\"https:\/\/mekulo.com\/dk\/produkt\/elektrisk-gryde-til-madlavning\/#primaryimage\"},\"image\":{\"@id\":\"https:\/\/mekulo.com\/dk\/produkt\/elektrisk-gryde-til-madlavning\/#primaryimage\"},\"thumbnailUrl\":\"https:\/\/mekulo.com\/dk\/wp-content\/uploads\/sites\/12\/2026\/01\/hahb034-1.png\",\"datePublished\":\"2026-01-15T16:33:41+00:00\",\"dateModified\":\"2026-02-03T16:26:27+00:00\",\"breadcrumb\":{\"@id\":\"https:\/\/mekulo.com\/dk\/produkt\/elektrisk-gryde-til-madlavning\/#breadcrumb\"},\"inLanguage\":\"da-DK\",\"potentialAction\":[{\"@type\":\"ReadAction\",\"target\":[\"https:\/\/mekulo.com\/dk\/produkt\/elektrisk-gryde-til-madlavning\/\"]}]},{\"@type\":\"ImageObject\",\"inLanguage\":\"da-DK\",\"@id\":\"https:\/\/mekulo.com\/dk\/produkt\/elektrisk-gryde-til-madlavning\/#primaryimage\",\"url\":\"https:\/\/mekulo.com\/dk\/wp-content\/uploads\/sites\/12\/2026\/01\/hahb034-1.png\",\"contentUrl\":\"https:\/\/mekulo.com\/dk\/wp-content\/uploads\/sites\/12\/2026\/01\/hahb034-1.png\",\"width\":758,\"height\":758},{\"@type\":\"BreadcrumbList\",\"@id\":\"https:\/\/mekulo.com\/dk\/produkt\/elektrisk-gryde-til-madlavning\/#breadcrumb\",\"itemListElement\":[{\"@type\":\"ListItem\",\"position\":1,\"name\":\"Home\",\"item\":\"https:\/\/mekulo.com\/dk\/\"},{\"@type\":\"ListItem\",\"position\":2,\"name\":\"Butik\",\"item\":\"https:\/\/mekulo.com\/dk\/butik\/\"},{\"@type\":\"ListItem\",\"position\":3,\"name\":\"Elektrisk gryde til madlavning\"}]},{\"@type\":\"WebSite\",\"@id\":\"https:\/\/mekulo.com\/dk\/#website\",\"url\":\"https:\/\/mekulo.com\/dk\/\",\"name\":\"Mekulo DK\",\"description\":\"\",\"publisher\":{\"@id\":\"https:\/\/mekulo.com\/dk\/#organization\"},\"potentialAction\":[{\"@type\":\"SearchAction\",\"target\":{\"@type\":\"EntryPoint\",\"urlTemplate\":\"https:\/\/mekulo.com\/dk\/?s={search_term_string}\"},\"query-input\":{\"@type\":\"PropertyValueSpecification\",\"valueRequired\":true,\"valueName\":\"search_term_string\"}}],\"inLanguage\":\"da-DK\"},{\"@type\":\"Organization\",\"@id\":\"https:\/\/mekulo.com\/dk\/#organization\",\"name\":\"Mekulo\",\"url\":\"https:\/\/mekulo.com\/dk\/\",\"logo\":{\"@type\":\"ImageObject\",\"inLanguage\":\"da-DK\",\"@id\":\"https:\/\/mekulo.com\/dk\/#\/schema\/logo\/image\/\",\"url\":\"https:\/\/mekulo.com\/dk\/wp-content\/uploads\/sites\/12\/2025\/12\/favicon_mekulo.png\",\"contentUrl\":\"https:\/\/mekulo.com\/dk\/wp-content\/uploads\/sites\/12\/2025\/12\/favicon_mekulo.png\",\"width\":50,\"height\":50,\"caption\":\"Mekulo\"},\"image\":{\"@id\":\"https:\/\/mekulo.com\/dk\/#\/schema\/logo\/image\/\"}}]}<\/script>\n<!-- \/ Yoast SEO plugin. -->","yoast_head_json":{"title":"Elektrisk gryde til madlavning - Mekulo DK","robots":{"index":"index","follow":"follow","max-snippet":"max-snippet:-1","max-image-preview":"max-image-preview:large","max-video-preview":"max-video-preview:-1"},"canonical":"https:\/\/mekulo.com\/dk\/produkt\/elektrisk-gryde-til-madlavning\/","og_locale":"da_DK","og_type":"article","og_title":"Elektrisk gryde til madlavning - Mekulo DK","og_description":"\ud83c\udf5cDenne elektriske gryde er perfekt til hurtige m\u00e5ltider derhjemme, p\u00e5 kollegiet eller p\u00e5 rejsen. \ud83c\udf72Den hurtige opvarmning og det multifunktionelle design giver dig mulighed for at tilberede supper, nudler, gryderetter og meget mere med minimal indsats og oprydning. \ud83c\udf5dEn smart l\u00f8sning til hurtig, enkel og l\u00e6kker madlavning overalt.","og_url":"https:\/\/mekulo.com\/dk\/produkt\/elektrisk-gryde-til-madlavning\/","og_site_name":"Mekulo DK","article_modified_time":"2026-02-03T16:26:27+00:00","og_image":[{"width":758,"height":758,"url":"https:\/\/mekulo.com\/dk\/wp-content\/uploads\/sites\/12\/2026\/01\/hahb034-1.png","type":"image\/png"}],"twitter_card":"summary_large_image","twitter_misc":{"Estimeret l\u00e6setid":"2 minutter"},"schema":{"@context":"https:\/\/schema.org","@graph":[{"@type":"WebPage","@id":"https:\/\/mekulo.com\/dk\/produkt\/elektrisk-gryde-til-madlavning\/","url":"https:\/\/mekulo.com\/dk\/produkt\/elektrisk-gryde-til-madlavning\/","name":"Elektrisk gryde til madlavning - Mekulo DK","isPartOf":{"@id":"https:\/\/mekulo.com\/dk\/#website"},"primaryImageOfPage":{"@id":"https:\/\/mekulo.com\/dk\/produkt\/elektrisk-gryde-til-madlavning\/#primaryimage"},"image":{"@id":"https:\/\/mekulo.com\/dk\/produkt\/elektrisk-gryde-til-madlavning\/#primaryimage"},"thumbnailUrl":"https:\/\/mekulo.com\/dk\/wp-content\/uploads\/sites\/12\/2026\/01\/hahb034-1.png","datePublished":"2026-01-15T16:33:41+00:00","dateModified":"2026-02-03T16:26:27+00:00","breadcrumb":{"@id":"https:\/\/mekulo.com\/dk\/produkt\/elektrisk-gryde-til-madlavning\/#breadcrumb"},"inLanguage":"da-DK","potentialAction":[{"@type":"ReadAction","target":["https:\/\/mekulo.com\/dk\/produkt\/elektrisk-gryde-til-madlavning\/"]}]},{"@type":"ImageObject","inLanguage":"da-DK","@id":"https:\/\/mekulo.com\/dk\/produkt\/elektrisk-gryde-til-madlavning\/#primaryimage","url":"https:\/\/mekulo.com\/dk\/wp-content\/uploads\/sites\/12\/2026\/01\/hahb034-1.png","contentUrl":"https:\/\/mekulo.com\/dk\/wp-content\/uploads\/sites\/12\/2026\/01\/hahb034-1.png","width":758,"height":758},{"@type":"BreadcrumbList","@id":"https:\/\/mekulo.com\/dk\/produkt\/elektrisk-gryde-til-madlavning\/#breadcrumb","itemListElement":[{"@type":"ListItem","position":1,"name":"Home","item":"https:\/\/mekulo.com\/dk\/"},{"@type":"ListItem","position":2,"name":"Butik","item":"https:\/\/mekulo.com\/dk\/butik\/"},{"@type":"ListItem","position":3,"name":"Elektrisk gryde til madlavning"}]},{"@type":"WebSite","@id":"https:\/\/mekulo.com\/dk\/#website","url":"https:\/\/mekulo.com\/dk\/","name":"Mekulo DK","description":"","publisher":{"@id":"https:\/\/mekulo.com\/dk\/#organization"},"potentialAction":[{"@type":"SearchAction","target":{"@type":"EntryPoint","urlTemplate":"https:\/\/mekulo.com\/dk\/?s={search_term_string}"},"query-input":{"@type":"PropertyValueSpecification","valueRequired":true,"valueName":"search_term_string"}}],"inLanguage":"da-DK"},{"@type":"Organization","@id":"https:\/\/mekulo.com\/dk\/#organization","name":"Mekulo","url":"https:\/\/mekulo.com\/dk\/","logo":{"@type":"ImageObject","inLanguage":"da-DK","@id":"https:\/\/mekulo.com\/dk\/#\/schema\/logo\/image\/","url":"https:\/\/mekulo.com\/dk\/wp-content\/uploads\/sites\/12\/2025\/12\/favicon_mekulo.png","contentUrl":"https:\/\/mekulo.com\/dk\/wp-content\/uploads\/sites\/12\/2025\/12\/favicon_mekulo.png","width":50,"height":50,"caption":"Mekulo"},"image":{"@id":"https:\/\/mekulo.com\/dk\/#\/schema\/logo\/image\/"}}]}},"_links":{"self":[{"href":"https:\/\/mekulo.com\/dk\/wp-json\/wp\/v2\/product\/18082","targetHints":{"allow":["GET"]}}],"collection":[{"href":"https:\/\/mekulo.com\/dk\/wp-json\/wp\/v2\/product"}],"about":[{"href":"https:\/\/mekulo.com\/dk\/wp-json\/wp\/v2\/types\/product"}],"replies":[{"embeddable":true,"href":"https:\/\/mekulo.com\/dk\/wp-json\/wp\/v2\/comments?post=18082"}],"wp:featuredmedia":[{"embeddable":true,"href":"https:\/\/mekulo.com\/dk\/wp-json\/wp\/v2\/media\/18078"}],"wp:attachment":[{"href":"https:\/\/mekulo.com\/dk\/wp-json\/wp\/v2\/media?parent=18082"}],"wp:term":[{"taxonomy":"product_brand","embeddable":true,"href":"https:\/\/mekulo.com\/dk\/wp-json\/wp\/v2\/product_brand?post=18082"},{"taxonomy":"product_cat","embeddable":true,"href":"https:\/\/mekulo.com\/dk\/wp-json\/wp\/v2\/product_cat?post=18082"},{"taxonomy":"product_tag","embeddable":true,"href":"https:\/\/mekulo.com\/dk\/wp-json\/wp\/v2\/product_tag?post=18082"}],"curies":[{"name":"wp","href":"https:\/\/api.w.org\/{rel}","templated":true}]}}