{"id":18019,"date":"2026-01-15T18:29:38","date_gmt":"2026-01-15T16:29:38","guid":{"rendered":"https:\/\/mekulo.com\/dk\/produkt\/magnetiske-kabelbindere\/"},"modified":"2026-02-03T17:18:53","modified_gmt":"2026-02-03T15:18:53","slug":"magnetiske-kabelbindere","status":"publish","type":"product","link":"https:\/\/mekulo.com\/dk\/produkt\/magnetiske-kabelbindere\/","title":{"rendered":"Magnetiske kabelbindere"},"content":{"rendered":"<p style=\"text-align: center;\" data-start=\"0\" data-end=\"51\"><strong data-start=\"0\" data-end=\"51\">Hold dine kabler p\u00e6ne og organiserede p\u00e5 f\u00e5 sekunder. \ud83d\udd0c<\/strong><\/p>\n<p data-start=\"0\" data-end=\"51\"><img fetchpriority=\"high\" decoding=\"async\" class=\"size-full wp-image-20326 aligncenter\" src=\"https:\/\/mekulo.com\/template\/wp-content\/uploads\/sites\/6\/2026\/01\/237e9d05dac8acd5de8de019dcb377e080787c15-800.png\" alt=\"\" width=\"600\" height=\"600\" \/><\/p>\n<h2 style=\"text-align: center;\" data-start=\"256\" data-end=\"275\">Vigtigste fordele<\/h2>\n<p data-start=\"279\" data-end=\"352\">\ud83e\uddf2 St\u00e6rkt magnetisk greb &#8211; klikker sammen med det samme og forbliver sikkert.<\/p>\n<p data-start=\"355\" data-end=\"438\">\ud83d\udd0c Perfekt kabelorganisator &#8211; Ideel til opladningskabler, hovedtelefoner og ledninger.<\/p>\n<p data-start=\"441\" data-end=\"513\">\ud83c\udf08 Fleksibelt silikonemateriale &#8211; Str\u00e6kbart, holdbart og g\u00e5r ikke i stykker.<\/p>\n<p data-start=\"516\" data-end=\"596\">\ud83c\udfe0 Multifunktionel brug &#8211; Fungerer som kabelbinder, n\u00f8gleholder, bogm\u00e6rke eller klips.<\/p>\n<p data-start=\"599\" data-end=\"653\">\u26a1 Ops\u00e6tning p\u00e5 et sekund &#8211; fastg\u00f8res og fjernes nemt.<\/p>\n<p data-start=\"656\" data-end=\"717\">\ud83c\udfa8 S\u00f8de farver &#8211; tilf\u00f8jer stil til dit skrivebord eller hjem.<\/p>\n<p data-start=\"656\" data-end=\"717\"><img decoding=\"async\" class=\"size-full wp-image-20328 aligncenter\" src=\"https:\/\/mekulo.com\/template\/wp-content\/uploads\/sites\/6\/2026\/01\/Sa754bd38354d42e88d098c993f0ba986i.png\" alt=\"\" width=\"800\" height=\"800\" \/><\/p>\n<h2 style=\"text-align: center;\" data-start=\"724\" data-end=\"741\"><strong>S\u00e5dan Bruges<\/strong><\/h2>\n<ol data-start=\"743\" data-end=\"951\">\n<li data-start=\"743\" data-end=\"797\">\n<p data-start=\"746\" data-end=\"797\">S\u00e6t silikoneb\u00e5ndet rundt om dit kabel eller emne.<\/p>\n<\/li>\n<li data-start=\"798\" data-end=\"836\">\n<p data-start=\"801\" data-end=\"836\">Bring de magnetiske ender sammen.<\/p>\n<\/li>\n<li data-start=\"837\" data-end=\"881\">\n<p data-start=\"840\" data-end=\"881\">Lad magneterne klikke og l\u00e5se p\u00e5 plads.<\/p>\n<\/li>\n<li data-start=\"882\" data-end=\"920\">\n<p data-start=\"885\" data-end=\"920\">Juster l\u00e6ngden, s\u00e5 den passer perfekt.<\/p>\n<\/li>\n<li data-start=\"921\" data-end=\"951\">\n<p data-start=\"924\" data-end=\"951\">Fjern n\u00e5r som helst og genbrug.<\/p>\n<\/li>\n<\/ol>\n<h2 style=\"text-align: center;\" data-start=\"958\" data-end=\"980\"><strong>Produktdetaljer<\/strong><\/h2>\n<ul data-start=\"982\" data-end=\"1183\">\n<li data-start=\"1020\" data-end=\"1055\">\n<p data-start=\"1022\" data-end=\"1055\">Materiale: Silikone af h\u00f8j kvalitet<\/p>\n<\/li>\n<li data-start=\"1056\" data-end=\"1096\">\n<p data-start=\"1058\" data-end=\"1096\">Lukningstype: Indlejret magnetisk snap<\/p>\n<\/li>\n<li data-start=\"1097\" data-end=\"1135\">\n<p data-start=\"1099\" data-end=\"1135\">Design: Str\u00e6kbar og justerbar<\/p>\n<\/li>\n<li data-start=\"1136\" data-end=\"1183\">\n<p data-start=\"1138\" data-end=\"1183\">Brug: Kabelh\u00e5ndtering, hjem, kontor, rejser<\/p>\n<\/li>\n<li data-start=\"1136\" data-end=\"1183\">St\u00f8rrelse: 11 x 1,8 cm<\/li>\n<\/ul>\n<h2 style=\"text-align: center;\" data-start=\"1190\" data-end=\"1213\"><strong>Pakken indeholder<\/strong><\/h2>\n<ul data-start=\"1215\" data-end=\"1249\">\n<li data-start=\"1215\" data-end=\"1249\">\n<p data-start=\"1217\" data-end=\"1249\">10, 20x magnetiske kabelbindere.<\/p>\n<\/li>\n<\/ul>\n","protected":false},"excerpt":{"rendered":"<p>\ud83d\udd11Disse magnetiske kabelbindere g\u00f8r kabelh\u00e5ndtering hurtig, ren og ubesv\u00e6ret.<br \/>\n<span style=\"font-size: 16px; font-style: normal; font-weight: 400;\">\u2728<\/span>Med st\u00e6rke indbyggede magneter og fleksible silikoneb\u00e5nd holder de sikkert kabler, n\u00f8gler, noter og meget mere &#8211; ingen knuder, intet rod.<br \/>\n\ud83d\uddd2\ufe0fEn enkel, stilfuld l\u00f8sning til at holde dit rum ryddeligt og fri for rod &#8211; overalt, n\u00e5r som helst.<\/p>\n","protected":false},"featured_media":18015,"comment_status":"open","ping_status":"closed","template":"","meta":{"site-sidebar-layout":"default","site-content-layout":"","ast-site-content-layout":"default","site-content-style":"default","site-sidebar-style":"default","ast-global-header-display":"","ast-banner-title-visibility":"","ast-main-header-display":"","ast-hfb-above-header-display":"","ast-hfb-below-header-display":"","ast-hfb-mobile-header-display":"","site-post-title":"","ast-breadcrumbs-content":"","ast-featured-img":"","footer-sml-layout":"","theme-transparent-header-meta":"default","adv-header-id-meta":"","stick-header-meta":"","header-above-stick-meta":"","header-main-stick-meta":"","header-below-stick-meta":"","astra-migrate-meta-layouts":"set","ast-page-background-enabled":"default","ast-page-background-meta":{"desktop":{"background-color":"var(--ast-global-color-5)","background-image":"","background-repeat":"repeat","background-position":"center center","background-size":"auto","background-attachment":"scroll","background-type":"","background-media":"","overlay-type":"","overlay-color":"","overlay-opacity":"","overlay-gradient":""},"tablet":{"background-color":"","background-image":"","background-repeat":"repeat","background-position":"center center","background-size":"auto","background-attachment":"scroll","background-type":"","background-media":"","overlay-type":"","overlay-color":"","overlay-opacity":"","overlay-gradient":""},"mobile":{"background-color":"","background-image":"","background-repeat":"repeat","background-position":"center center","background-size":"auto","background-attachment":"scroll","background-type":"","background-media":"","overlay-type":"","overlay-color":"","overlay-opacity":"","overlay-gradient":""}},"ast-content-background-meta":{"desktop":{"background-color":"var(--ast-global-color-4)","background-image":"","background-repeat":"repeat","background-position":"center center","background-size":"auto","background-attachment":"scroll","background-type":"","background-media":"","overlay-type":"","overlay-color":"","overlay-opacity":"","overlay-gradient":""},"tablet":{"background-color":"var(--ast-global-color-4)","background-image":"","background-repeat":"repeat","background-position":"center center","background-size":"auto","background-attachment":"scroll","background-type":"","background-media":"","overlay-type":"","overlay-color":"","overlay-opacity":"","overlay-gradient":""},"mobile":{"background-color":"var(--ast-global-color-4)","background-image":"","background-repeat":"repeat","background-position":"center center","background-size":"auto","background-attachment":"scroll","background-type":"","background-media":"","overlay-type":"","overlay-color":"","overlay-opacity":"","overlay-gradient":""}}},"product_brand":[],"product_cat":[165,168],"product_tag":[],"class_list":{"0":"post-18019","1":"product","2":"type-product","3":"status-publish","4":"has-post-thumbnail","6":"product_cat-fodtoej-tilbehoer","7":"product_cat-husholdningsartikler","8":"pa_68011_n66y6afi-10-stk","9":"pa_68011_n66y6afi-20-stk","10":"pa_68011_nzszz91o-blaa","11":"pa_68011_nzszz91o-graa","12":"pa_68011_nzszz91o-groen","13":"pa_68011_nzszz91o-gul","14":"pa_68011_nzszz91o-hvid","15":"pa_68011_nzszz91o-lilla","16":"pa_68011_nzszz91o-lyseroed","17":"pa_68011_nzszz91o-roed","18":"pa_68011_nzszz91o-rosenroed","19":"pa_68011_nzszz91o-sort","20":"desktop-align-left","21":"tablet-align-left","22":"mobile-align-left","24":"first","25":"instock","26":"shipping-taxable","27":"purchasable","28":"product-type-variable","29":"has-default-attributes"},"yoast_head":"<!-- This site is optimized with the Yoast SEO plugin v26.6 - https:\/\/yoast.com\/wordpress\/plugins\/seo\/ -->\n<title>Magnetiske kabelbindere - Mekulo DK<\/title>\n<meta name=\"robots\" content=\"index, follow, max-snippet:-1, max-image-preview:large, max-video-preview:-1\" \/>\n<link rel=\"canonical\" href=\"https:\/\/mekulo.com\/dk\/produkt\/magnetiske-kabelbindere\/\" \/>\n<meta property=\"og:locale\" content=\"da_DK\" \/>\n<meta property=\"og:type\" content=\"article\" \/>\n<meta property=\"og:title\" content=\"Magnetiske kabelbindere - Mekulo DK\" \/>\n<meta property=\"og:description\" content=\"\ud83d\udd11Disse magnetiske kabelbindere g\u00f8r kabelh\u00e5ndtering hurtig, ren og ubesv\u00e6ret. \u2728Med st\u00e6rke indbyggede magneter og fleksible silikoneb\u00e5nd holder de sikkert kabler, n\u00f8gler, noter og meget mere - ingen knuder, intet rod. \ud83d\uddd2\ufe0fEn enkel, stilfuld l\u00f8sning til at holde dit rum ryddeligt og fri for rod - overalt, n\u00e5r som helst.\" \/>\n<meta property=\"og:url\" content=\"https:\/\/mekulo.com\/dk\/produkt\/magnetiske-kabelbindere\/\" \/>\n<meta property=\"og:site_name\" content=\"Mekulo DK\" \/>\n<meta property=\"article:modified_time\" content=\"2026-02-03T15:18:53+00:00\" \/>\n<meta property=\"og:image\" content=\"https:\/\/mekulo.com\/dk\/wp-content\/uploads\/sites\/12\/2026\/01\/4vz7rdh-1.png\" \/>\n\t<meta property=\"og:image:width\" content=\"800\" \/>\n\t<meta property=\"og:image:height\" content=\"800\" \/>\n\t<meta property=\"og:image:type\" content=\"image\/png\" \/>\n<meta name=\"twitter:card\" content=\"summary_large_image\" \/>\n<meta name=\"twitter:label1\" content=\"Estimeret l\u00e6setid\" \/>\n\t<meta name=\"twitter:data1\" content=\"2 minutter\" \/>\n<script type=\"application\/ld+json\" class=\"yoast-schema-graph\">{\"@context\":\"https:\/\/schema.org\",\"@graph\":[{\"@type\":\"WebPage\",\"@id\":\"https:\/\/mekulo.com\/dk\/produkt\/magnetiske-kabelbindere\/\",\"url\":\"https:\/\/mekulo.com\/dk\/produkt\/magnetiske-kabelbindere\/\",\"name\":\"Magnetiske kabelbindere - Mekulo DK\",\"isPartOf\":{\"@id\":\"https:\/\/mekulo.com\/dk\/#website\"},\"primaryImageOfPage\":{\"@id\":\"https:\/\/mekulo.com\/dk\/produkt\/magnetiske-kabelbindere\/#primaryimage\"},\"image\":{\"@id\":\"https:\/\/mekulo.com\/dk\/produkt\/magnetiske-kabelbindere\/#primaryimage\"},\"thumbnailUrl\":\"https:\/\/mekulo.com\/dk\/wp-content\/uploads\/sites\/12\/2026\/01\/4vz7rdh-1.png\",\"datePublished\":\"2026-01-15T16:29:38+00:00\",\"dateModified\":\"2026-02-03T15:18:53+00:00\",\"breadcrumb\":{\"@id\":\"https:\/\/mekulo.com\/dk\/produkt\/magnetiske-kabelbindere\/#breadcrumb\"},\"inLanguage\":\"da-DK\",\"potentialAction\":[{\"@type\":\"ReadAction\",\"target\":[\"https:\/\/mekulo.com\/dk\/produkt\/magnetiske-kabelbindere\/\"]}]},{\"@type\":\"ImageObject\",\"inLanguage\":\"da-DK\",\"@id\":\"https:\/\/mekulo.com\/dk\/produkt\/magnetiske-kabelbindere\/#primaryimage\",\"url\":\"https:\/\/mekulo.com\/dk\/wp-content\/uploads\/sites\/12\/2026\/01\/4vz7rdh-1.png\",\"contentUrl\":\"https:\/\/mekulo.com\/dk\/wp-content\/uploads\/sites\/12\/2026\/01\/4vz7rdh-1.png\",\"width\":800,\"height\":800},{\"@type\":\"BreadcrumbList\",\"@id\":\"https:\/\/mekulo.com\/dk\/produkt\/magnetiske-kabelbindere\/#breadcrumb\",\"itemListElement\":[{\"@type\":\"ListItem\",\"position\":1,\"name\":\"Home\",\"item\":\"https:\/\/mekulo.com\/dk\/\"},{\"@type\":\"ListItem\",\"position\":2,\"name\":\"Butik\",\"item\":\"https:\/\/mekulo.com\/dk\/butik\/\"},{\"@type\":\"ListItem\",\"position\":3,\"name\":\"Magnetiske kabelbindere\"}]},{\"@type\":\"WebSite\",\"@id\":\"https:\/\/mekulo.com\/dk\/#website\",\"url\":\"https:\/\/mekulo.com\/dk\/\",\"name\":\"Mekulo DK\",\"description\":\"\",\"publisher\":{\"@id\":\"https:\/\/mekulo.com\/dk\/#organization\"},\"potentialAction\":[{\"@type\":\"SearchAction\",\"target\":{\"@type\":\"EntryPoint\",\"urlTemplate\":\"https:\/\/mekulo.com\/dk\/?s={search_term_string}\"},\"query-input\":{\"@type\":\"PropertyValueSpecification\",\"valueRequired\":true,\"valueName\":\"search_term_string\"}}],\"inLanguage\":\"da-DK\"},{\"@type\":\"Organization\",\"@id\":\"https:\/\/mekulo.com\/dk\/#organization\",\"name\":\"Mekulo\",\"url\":\"https:\/\/mekulo.com\/dk\/\",\"logo\":{\"@type\":\"ImageObject\",\"inLanguage\":\"da-DK\",\"@id\":\"https:\/\/mekulo.com\/dk\/#\/schema\/logo\/image\/\",\"url\":\"https:\/\/mekulo.com\/dk\/wp-content\/uploads\/sites\/12\/2025\/12\/favicon_mekulo.png\",\"contentUrl\":\"https:\/\/mekulo.com\/dk\/wp-content\/uploads\/sites\/12\/2025\/12\/favicon_mekulo.png\",\"width\":50,\"height\":50,\"caption\":\"Mekulo\"},\"image\":{\"@id\":\"https:\/\/mekulo.com\/dk\/#\/schema\/logo\/image\/\"}}]}<\/script>\n<!-- \/ Yoast SEO plugin. -->","yoast_head_json":{"title":"Magnetiske kabelbindere - Mekulo DK","robots":{"index":"index","follow":"follow","max-snippet":"max-snippet:-1","max-image-preview":"max-image-preview:large","max-video-preview":"max-video-preview:-1"},"canonical":"https:\/\/mekulo.com\/dk\/produkt\/magnetiske-kabelbindere\/","og_locale":"da_DK","og_type":"article","og_title":"Magnetiske kabelbindere - Mekulo DK","og_description":"\ud83d\udd11Disse magnetiske kabelbindere g\u00f8r kabelh\u00e5ndtering hurtig, ren og ubesv\u00e6ret. \u2728Med st\u00e6rke indbyggede magneter og fleksible silikoneb\u00e5nd holder de sikkert kabler, n\u00f8gler, noter og meget mere - ingen knuder, intet rod. \ud83d\uddd2\ufe0fEn enkel, stilfuld l\u00f8sning til at holde dit rum ryddeligt og fri for rod - overalt, n\u00e5r som helst.","og_url":"https:\/\/mekulo.com\/dk\/produkt\/magnetiske-kabelbindere\/","og_site_name":"Mekulo DK","article_modified_time":"2026-02-03T15:18:53+00:00","og_image":[{"width":800,"height":800,"url":"https:\/\/mekulo.com\/dk\/wp-content\/uploads\/sites\/12\/2026\/01\/4vz7rdh-1.png","type":"image\/png"}],"twitter_card":"summary_large_image","twitter_misc":{"Estimeret l\u00e6setid":"2 minutter"},"schema":{"@context":"https:\/\/schema.org","@graph":[{"@type":"WebPage","@id":"https:\/\/mekulo.com\/dk\/produkt\/magnetiske-kabelbindere\/","url":"https:\/\/mekulo.com\/dk\/produkt\/magnetiske-kabelbindere\/","name":"Magnetiske kabelbindere - Mekulo DK","isPartOf":{"@id":"https:\/\/mekulo.com\/dk\/#website"},"primaryImageOfPage":{"@id":"https:\/\/mekulo.com\/dk\/produkt\/magnetiske-kabelbindere\/#primaryimage"},"image":{"@id":"https:\/\/mekulo.com\/dk\/produkt\/magnetiske-kabelbindere\/#primaryimage"},"thumbnailUrl":"https:\/\/mekulo.com\/dk\/wp-content\/uploads\/sites\/12\/2026\/01\/4vz7rdh-1.png","datePublished":"2026-01-15T16:29:38+00:00","dateModified":"2026-02-03T15:18:53+00:00","breadcrumb":{"@id":"https:\/\/mekulo.com\/dk\/produkt\/magnetiske-kabelbindere\/#breadcrumb"},"inLanguage":"da-DK","potentialAction":[{"@type":"ReadAction","target":["https:\/\/mekulo.com\/dk\/produkt\/magnetiske-kabelbindere\/"]}]},{"@type":"ImageObject","inLanguage":"da-DK","@id":"https:\/\/mekulo.com\/dk\/produkt\/magnetiske-kabelbindere\/#primaryimage","url":"https:\/\/mekulo.com\/dk\/wp-content\/uploads\/sites\/12\/2026\/01\/4vz7rdh-1.png","contentUrl":"https:\/\/mekulo.com\/dk\/wp-content\/uploads\/sites\/12\/2026\/01\/4vz7rdh-1.png","width":800,"height":800},{"@type":"BreadcrumbList","@id":"https:\/\/mekulo.com\/dk\/produkt\/magnetiske-kabelbindere\/#breadcrumb","itemListElement":[{"@type":"ListItem","position":1,"name":"Home","item":"https:\/\/mekulo.com\/dk\/"},{"@type":"ListItem","position":2,"name":"Butik","item":"https:\/\/mekulo.com\/dk\/butik\/"},{"@type":"ListItem","position":3,"name":"Magnetiske kabelbindere"}]},{"@type":"WebSite","@id":"https:\/\/mekulo.com\/dk\/#website","url":"https:\/\/mekulo.com\/dk\/","name":"Mekulo DK","description":"","publisher":{"@id":"https:\/\/mekulo.com\/dk\/#organization"},"potentialAction":[{"@type":"SearchAction","target":{"@type":"EntryPoint","urlTemplate":"https:\/\/mekulo.com\/dk\/?s={search_term_string}"},"query-input":{"@type":"PropertyValueSpecification","valueRequired":true,"valueName":"search_term_string"}}],"inLanguage":"da-DK"},{"@type":"Organization","@id":"https:\/\/mekulo.com\/dk\/#organization","name":"Mekulo","url":"https:\/\/mekulo.com\/dk\/","logo":{"@type":"ImageObject","inLanguage":"da-DK","@id":"https:\/\/mekulo.com\/dk\/#\/schema\/logo\/image\/","url":"https:\/\/mekulo.com\/dk\/wp-content\/uploads\/sites\/12\/2025\/12\/favicon_mekulo.png","contentUrl":"https:\/\/mekulo.com\/dk\/wp-content\/uploads\/sites\/12\/2025\/12\/favicon_mekulo.png","width":50,"height":50,"caption":"Mekulo"},"image":{"@id":"https:\/\/mekulo.com\/dk\/#\/schema\/logo\/image\/"}}]}},"_links":{"self":[{"href":"https:\/\/mekulo.com\/dk\/wp-json\/wp\/v2\/product\/18019","targetHints":{"allow":["GET"]}}],"collection":[{"href":"https:\/\/mekulo.com\/dk\/wp-json\/wp\/v2\/product"}],"about":[{"href":"https:\/\/mekulo.com\/dk\/wp-json\/wp\/v2\/types\/product"}],"replies":[{"embeddable":true,"href":"https:\/\/mekulo.com\/dk\/wp-json\/wp\/v2\/comments?post=18019"}],"wp:featuredmedia":[{"embeddable":true,"href":"https:\/\/mekulo.com\/dk\/wp-json\/wp\/v2\/media\/18015"}],"wp:attachment":[{"href":"https:\/\/mekulo.com\/dk\/wp-json\/wp\/v2\/media?parent=18019"}],"wp:term":[{"taxonomy":"product_brand","embeddable":true,"href":"https:\/\/mekulo.com\/dk\/wp-json\/wp\/v2\/product_brand?post=18019"},{"taxonomy":"product_cat","embeddable":true,"href":"https:\/\/mekulo.com\/dk\/wp-json\/wp\/v2\/product_cat?post=18019"},{"taxonomy":"product_tag","embeddable":true,"href":"https:\/\/mekulo.com\/dk\/wp-json\/wp\/v2\/product_tag?post=18019"}],"curies":[{"name":"wp","href":"https:\/\/api.w.org\/{rel}","templated":true}]}}