{"id":18004,"date":"2026-01-15T18:27:40","date_gmt":"2026-01-15T16:27:40","guid":{"rendered":"https:\/\/mekulo.com\/dk\/produkt\/smalt-skralde-saet\/"},"modified":"2026-02-03T18:25:05","modified_gmt":"2026-02-03T16:25:05","slug":"smalt-skralde-saet","status":"publish","type":"product","link":"https:\/\/mekulo.com\/dk\/produkt\/smalt-skralde-saet\/","title":{"rendered":"Smalt skralde-s\u00e6t"},"content":{"rendered":"<p style=\"text-align: center\" data-start=\"0\" data-end=\"78\"><strong data-start=\"0\" data-end=\"78\">Stram, l\u00f8sn og reparer med fuld kontrol &#8211; selv p\u00e5 de mindste steder.<\/strong><span style=\"font-size: 16px;font-style: normal;font-weight: 400\">\ud83d\udee0\ufe0f<\/span><\/p>\n<p data-start=\"0\" data-end=\"78\"><img decoding=\"async\" class=\"size-full wp-image-20314 aligncenter\" src=\"https:\/\/mekulo.com\/template\/wp-content\/uploads\/sites\/6\/2026\/01\/887aec9dbd563d99463b653898639c810089c989-800.avif\" alt=\"\" \/><\/p>\n<h2 style=\"text-align: center\" data-start=\"353\" data-end=\"372\">Vigtigste fordele<\/h2>\n<p data-start=\"376\" data-end=\"443\">\ud83d\udd27 Slank skraldekonstruktion &#8211; let arbejde p\u00e5 trange og smalle steder.<\/p>\n<p data-start=\"446\" data-end=\"520\">\u2699\ufe0f CR-V-st\u00e5l med h\u00f8jt drejningsmoment &#8211; st\u00e6rkt, rustbestandigt og langtidsholdbart.<\/p>\n<p data-start=\"523\" data-end=\"581\">\ud83d\udd29 Bits i S2-st\u00e5l &#8211; h\u00e5rde, slidst\u00e6rke og holdbare.<\/p>\n<p data-start=\"584\" data-end=\"656\">\ud83d\udd04 Fleksible og universelle forl\u00e6ngere &#8211; n\u00e5r nemt vanskelige vinkler.<\/p>\n<p data-start=\"659\" data-end=\"732\">\ud83e\uddf0 Komplet s\u00e6t med 46 dele &#8211; d\u00e6kker de fleste reparationer &#8211; og vedligeholdelsesbehov.<\/p>\n<p data-start=\"735\" data-end=\"804\">\ud83d\udce6 Organiseret kuffert &#8211; V\u00e6rkt\u00f8jet er beskyttet og nemt at finde.<\/p>\n<p data-start=\"735\" data-end=\"804\"><img decoding=\"async\" class=\"size-full wp-image-20316 aligncenter\" src=\"https:\/\/mekulo.com\/template\/wp-content\/uploads\/sites\/6\/2026\/01\/b60cd334dc5b57c919ec5561ee81fe5b34d52aeb.avif\" alt=\"\" \/><\/p>\n<h2 style=\"text-align: center\" data-start=\"811\" data-end=\"828\"><strong>S\u00e5dan Bruges<\/strong><\/h2>\n<ol data-start=\"830\" data-end=\"1087\">\n<li data-start=\"830\" data-end=\"882\">\n<p data-start=\"833\" data-end=\"882\">V\u00e6lg den rigtige sokkel eller bit til din opgave.<\/p>\n<\/li>\n<li data-start=\"883\" data-end=\"936\">\n<p data-start=\"886\" data-end=\"936\">S\u00e6t den p\u00e5 skralden, forl\u00e6ngeren eller adapteren.<\/p>\n<\/li>\n<li data-start=\"937\" data-end=\"986\">\n<p data-start=\"940\" data-end=\"986\">Brug det slanke skraldeh\u00e5ndtag til sn\u00e6vre omr\u00e5der.<\/p>\n<\/li>\n<li data-start=\"987\" data-end=\"1040\">\n<p data-start=\"990\" data-end=\"1040\">Skift retning for at sp\u00e6nde eller l\u00f8sne skruer.<\/p>\n<\/li>\n<li data-start=\"1041\" data-end=\"1087\">\n<p data-start=\"1044\" data-end=\"1087\">Opbevar v\u00e6rkt\u00f8jet p\u00e6nt i kufferten efter brug.<\/p>\n<\/li>\n<\/ol>\n<h2 style=\"text-align: center\" data-start=\"1094\" data-end=\"1116\"><strong>Produktdetaljer<\/strong><\/h2>\n<ul data-start=\"1118\" data-end=\"1350\">\n<li data-start=\"1153\" data-end=\"1204\">\n<p data-start=\"1155\" data-end=\"1204\">Materiale: Krom-vanadium-st\u00e5l + bits af S2-st\u00e5l<\/p>\n<\/li>\n<li data-start=\"1205\" data-end=\"1244\">\n<p data-start=\"1207\" data-end=\"1244\">Skraldetype: 24-tands finskralde<\/p>\n<\/li>\n<li data-start=\"1286\" data-end=\"1306\">\n<p data-start=\"1288\" data-end=\"1306\">I alt stykker: 46<\/p>\n<\/li>\n<li data-start=\"1286\" data-end=\"1306\">\n<p data-start=\"1288\" data-end=\"1306\"><span style=\"font-size: 16px\">Overflade: Spejlpoleret, rustbestandig<\/span><\/p>\n<\/li>\n<\/ul>\n<h2 style=\"text-align: center\" data-start=\"1562\" data-end=\"1585\"><strong>Pakken indeholder<\/strong><\/h2>\n<ul data-start=\"1587\" data-end=\"1679\">\n<li data-start=\"1587\" data-end=\"1615\">21x bitsokler: SL4,5.5,7,PH1,2,3 PZ1,2,3 HEX3,4.5,6,7,8 T10,15,20,25,30,40<\/li>\n<li data-start=\"1587\" data-end=\"1615\">13x 0.6 cm DR-n\u00f8gler: 4,4.5,5,5.5,6,7,8,9,10,11,12,13,14mm<\/li>\n<li data-start=\"1587\" data-end=\"1615\">3x sekskantn\u00f8gler: 1,5,2,0,2,5mm<\/li>\n<li data-start=\"1587\" data-end=\"1615\">1x 0,6 cm DR kardanled<\/li>\n<li data-start=\"1587\" data-end=\"1615\">1x 0,6 cm X2&#8243; forl\u00e6ngerstang<\/li>\n<li data-start=\"1587\" data-end=\"1615\">1x 0,6 cm X4&#8243; forl\u00e6ngerstang<\/li>\n<li data-start=\"1587\" data-end=\"1615\">1x 0,6 cm X6&#8243; fleksibel forl\u00e6ngerstang<\/li>\n<li data-start=\"1587\" data-end=\"1615\">1x 0,6 cm DR glidende T-stang<\/li>\n<li data-start=\"1587\" data-end=\"1615\">1x 0,6 cm hurtigskraldeh\u00e5ndtag<\/li>\n<li data-start=\"1587\" data-end=\"1615\">1x 15 cm spinnerh\u00e5ndtag<\/li>\n<li data-start=\"1587\" data-end=\"1615\">1x bitadapter<\/li>\n<li data-start=\"1587\" data-end=\"1615\">1x bl\u00e6seetui.<\/li>\n<\/ul>\n","protected":false},"excerpt":{"rendered":"<p>\u2699\ufe0fDenne slank skralde giver dig et kompakt, men kraftfuldt v\u00e6rkt\u00f8jss\u00e6t, der er bygget til pr\u00e6cisionsarbejde, h\u00f8jt drejningsmoment og problemfri drift.<br \/>\n\ud83d\udd27Med en slank skralde, holdbare CR-V-st\u00e5lv\u00e6rkt\u00f8jer og et bredt udvalg af bits og fatninger er det perfekt til opgaver i hjemmet, i bilen og i erhvervslivet.<br \/>\n\ud83e\ude9bEt kompakt skralde-s\u00e6t af h\u00f8j kvalitet, der er designet til pr\u00e6cision, kraft og p\u00e5lidelighed i hverdagen.<span style=\"font-size: 16px;font-style: normal;font-weight: 400\">\u00a0<\/span><\/p>\n","protected":false},"featured_media":18000,"comment_status":"open","ping_status":"closed","template":"","meta":{"site-sidebar-layout":"default","site-content-layout":"","ast-site-content-layout":"default","site-content-style":"default","site-sidebar-style":"default","ast-global-header-display":"","ast-banner-title-visibility":"","ast-main-header-display":"","ast-hfb-above-header-display":"","ast-hfb-below-header-display":"","ast-hfb-mobile-header-display":"","site-post-title":"","ast-breadcrumbs-content":"","ast-featured-img":"","footer-sml-layout":"","ast-disable-related-posts":"","theme-transparent-header-meta":"default","adv-header-id-meta":"","stick-header-meta":"","header-above-stick-meta":"","header-main-stick-meta":"","header-below-stick-meta":"","astra-migrate-meta-layouts":"set","ast-page-background-enabled":"default","ast-page-background-meta":{"desktop":{"background-color":"var(--ast-global-color-5)","background-image":"","background-repeat":"repeat","background-position":"center center","background-size":"auto","background-attachment":"scroll","background-type":"","background-media":"","overlay-type":"","overlay-color":"","overlay-opacity":"","overlay-gradient":""},"tablet":{"background-color":"","background-image":"","background-repeat":"repeat","background-position":"center center","background-size":"auto","background-attachment":"scroll","background-type":"","background-media":"","overlay-type":"","overlay-color":"","overlay-opacity":"","overlay-gradient":""},"mobile":{"background-color":"","background-image":"","background-repeat":"repeat","background-position":"center center","background-size":"auto","background-attachment":"scroll","background-type":"","background-media":"","overlay-type":"","overlay-color":"","overlay-opacity":"","overlay-gradient":""}},"ast-content-background-meta":{"desktop":{"background-color":"var(--ast-global-color-4)","background-image":"","background-repeat":"repeat","background-position":"center center","background-size":"auto","background-attachment":"scroll","background-type":"","background-media":"","overlay-type":"","overlay-color":"","overlay-opacity":"","overlay-gradient":""},"tablet":{"background-color":"var(--ast-global-color-4)","background-image":"","background-repeat":"repeat","background-position":"center center","background-size":"auto","background-attachment":"scroll","background-type":"","background-media":"","overlay-type":"","overlay-color":"","overlay-opacity":"","overlay-gradient":""},"mobile":{"background-color":"var(--ast-global-color-4)","background-image":"","background-repeat":"repeat","background-position":"center center","background-size":"auto","background-attachment":"scroll","background-type":"","background-media":"","overlay-type":"","overlay-color":"","overlay-opacity":"","overlay-gradient":""}}},"product_brand":[],"product_cat":[171],"product_tag":[],"class_list":{"0":"post-18004","1":"product","2":"type-product","3":"status-publish","4":"has-post-thumbnail","6":"product_cat-vaerktoejer","7":"pa_67931_q8rvb2pn-groen","8":"pa_67931_q8rvb2pn-roed","9":"pa_67931_q8rvb2pn-sort","10":"desktop-align-left","11":"tablet-align-left","12":"mobile-align-left","14":"first","15":"instock","16":"shipping-taxable","17":"purchasable","18":"product-type-variable"},"yoast_head":"<!-- This site is optimized with the Yoast SEO plugin v27.4 - https:\/\/yoast.com\/product\/yoast-seo-wordpress\/ -->\n<title>Smalt skralde-s\u00e6t - Mekulo DK<\/title>\n<meta name=\"robots\" content=\"index, follow, max-snippet:-1, max-image-preview:large, max-video-preview:-1\" \/>\n<link rel=\"canonical\" href=\"https:\/\/mekulo.com\/dk\/produkt\/smalt-skralde-saet\/\" \/>\n<meta property=\"og:locale\" content=\"da_DK\" \/>\n<meta property=\"og:type\" content=\"article\" \/>\n<meta property=\"og:title\" content=\"Smalt skralde-s\u00e6t - Mekulo DK\" \/>\n<meta property=\"og:description\" content=\"\u2699\ufe0fDenne slank skralde giver dig et kompakt, men kraftfuldt v\u00e6rkt\u00f8jss\u00e6t, der er bygget til pr\u00e6cisionsarbejde, h\u00f8jt drejningsmoment og problemfri drift. \ud83d\udd27Med en slank skralde, holdbare CR-V-st\u00e5lv\u00e6rkt\u00f8jer og et bredt udvalg af bits og fatninger er det perfekt til opgaver i hjemmet, i bilen og i erhvervslivet. \ud83e\ude9bEt kompakt skralde-s\u00e6t af h\u00f8j kvalitet, der er designet til pr\u00e6cision, kraft og p\u00e5lidelighed i hverdagen.\u00a0\" \/>\n<meta property=\"og:url\" content=\"https:\/\/mekulo.com\/dk\/produkt\/smalt-skralde-saet\/\" \/>\n<meta property=\"og:site_name\" content=\"Mekulo DK\" \/>\n<meta property=\"article:modified_time\" content=\"2026-02-03T16:25:05+00:00\" \/>\n<meta property=\"og:image\" content=\"https:\/\/mekulo.com\/dk\/wp-content\/uploads\/sites\/12\/2026\/01\/qbijuxe-1.jpg\" \/>\n\t<meta property=\"og:image:width\" content=\"800\" \/>\n\t<meta property=\"og:image:height\" content=\"800\" \/>\n\t<meta property=\"og:image:type\" content=\"image\/jpeg\" \/>\n<meta name=\"twitter:card\" content=\"summary_large_image\" \/>\n<meta name=\"twitter:label1\" content=\"Estimeret l\u00e6setid\" \/>\n\t<meta name=\"twitter:data1\" content=\"2 minutter\" \/>\n<script type=\"application\/ld+json\" class=\"yoast-schema-graph\">{\"@context\":\"https:\\\/\\\/schema.org\",\"@graph\":[{\"@type\":\"WebPage\",\"@id\":\"https:\\\/\\\/mekulo.com\\\/dk\\\/produkt\\\/smalt-skralde-saet\\\/\",\"url\":\"https:\\\/\\\/mekulo.com\\\/dk\\\/produkt\\\/smalt-skralde-saet\\\/\",\"name\":\"Smalt skralde-s\u00e6t - Mekulo DK\",\"isPartOf\":{\"@id\":\"https:\\\/\\\/mekulo.com\\\/dk\\\/#website\"},\"primaryImageOfPage\":{\"@id\":\"https:\\\/\\\/mekulo.com\\\/dk\\\/produkt\\\/smalt-skralde-saet\\\/#primaryimage\"},\"image\":{\"@id\":\"https:\\\/\\\/mekulo.com\\\/dk\\\/produkt\\\/smalt-skralde-saet\\\/#primaryimage\"},\"thumbnailUrl\":\"https:\\\/\\\/mekulo.com\\\/dk\\\/wp-content\\\/uploads\\\/sites\\\/12\\\/2026\\\/01\\\/qbijuxe-1.jpg\",\"datePublished\":\"2026-01-15T16:27:40+00:00\",\"dateModified\":\"2026-02-03T16:25:05+00:00\",\"breadcrumb\":{\"@id\":\"https:\\\/\\\/mekulo.com\\\/dk\\\/produkt\\\/smalt-skralde-saet\\\/#breadcrumb\"},\"inLanguage\":\"da-DK\",\"potentialAction\":[{\"@type\":\"ReadAction\",\"target\":[\"https:\\\/\\\/mekulo.com\\\/dk\\\/produkt\\\/smalt-skralde-saet\\\/\"]}]},{\"@type\":\"ImageObject\",\"inLanguage\":\"da-DK\",\"@id\":\"https:\\\/\\\/mekulo.com\\\/dk\\\/produkt\\\/smalt-skralde-saet\\\/#primaryimage\",\"url\":\"https:\\\/\\\/mekulo.com\\\/dk\\\/wp-content\\\/uploads\\\/sites\\\/12\\\/2026\\\/01\\\/qbijuxe-1.jpg\",\"contentUrl\":\"https:\\\/\\\/mekulo.com\\\/dk\\\/wp-content\\\/uploads\\\/sites\\\/12\\\/2026\\\/01\\\/qbijuxe-1.jpg\",\"width\":800,\"height\":800},{\"@type\":\"BreadcrumbList\",\"@id\":\"https:\\\/\\\/mekulo.com\\\/dk\\\/produkt\\\/smalt-skralde-saet\\\/#breadcrumb\",\"itemListElement\":[{\"@type\":\"ListItem\",\"position\":1,\"name\":\"Home\",\"item\":\"https:\\\/\\\/mekulo.com\\\/dk\\\/\"},{\"@type\":\"ListItem\",\"position\":2,\"name\":\"Butik\",\"item\":\"https:\\\/\\\/mekulo.com\\\/dk\\\/butik\\\/\"},{\"@type\":\"ListItem\",\"position\":3,\"name\":\"Smalt skralde-s\u00e6t\"}]},{\"@type\":\"WebSite\",\"@id\":\"https:\\\/\\\/mekulo.com\\\/dk\\\/#website\",\"url\":\"https:\\\/\\\/mekulo.com\\\/dk\\\/\",\"name\":\"Mekulo DK\",\"description\":\"\",\"publisher\":{\"@id\":\"https:\\\/\\\/mekulo.com\\\/dk\\\/#organization\"},\"potentialAction\":[{\"@type\":\"SearchAction\",\"target\":{\"@type\":\"EntryPoint\",\"urlTemplate\":\"https:\\\/\\\/mekulo.com\\\/dk\\\/?s={search_term_string}\"},\"query-input\":{\"@type\":\"PropertyValueSpecification\",\"valueRequired\":true,\"valueName\":\"search_term_string\"}}],\"inLanguage\":\"da-DK\"},{\"@type\":\"Organization\",\"@id\":\"https:\\\/\\\/mekulo.com\\\/dk\\\/#organization\",\"name\":\"Mekulo\",\"url\":\"https:\\\/\\\/mekulo.com\\\/dk\\\/\",\"logo\":{\"@type\":\"ImageObject\",\"inLanguage\":\"da-DK\",\"@id\":\"https:\\\/\\\/mekulo.com\\\/dk\\\/#\\\/schema\\\/logo\\\/image\\\/\",\"url\":\"https:\\\/\\\/mekulo.com\\\/dk\\\/wp-content\\\/uploads\\\/sites\\\/12\\\/2025\\\/12\\\/favicon_mekulo.png\",\"contentUrl\":\"https:\\\/\\\/mekulo.com\\\/dk\\\/wp-content\\\/uploads\\\/sites\\\/12\\\/2025\\\/12\\\/favicon_mekulo.png\",\"width\":50,\"height\":50,\"caption\":\"Mekulo\"},\"image\":{\"@id\":\"https:\\\/\\\/mekulo.com\\\/dk\\\/#\\\/schema\\\/logo\\\/image\\\/\"}}]}<\/script>\n<!-- \/ Yoast SEO plugin. -->","yoast_head_json":{"title":"Smalt skralde-s\u00e6t - Mekulo DK","robots":{"index":"index","follow":"follow","max-snippet":"max-snippet:-1","max-image-preview":"max-image-preview:large","max-video-preview":"max-video-preview:-1"},"canonical":"https:\/\/mekulo.com\/dk\/produkt\/smalt-skralde-saet\/","og_locale":"da_DK","og_type":"article","og_title":"Smalt skralde-s\u00e6t - Mekulo DK","og_description":"\u2699\ufe0fDenne slank skralde giver dig et kompakt, men kraftfuldt v\u00e6rkt\u00f8jss\u00e6t, der er bygget til pr\u00e6cisionsarbejde, h\u00f8jt drejningsmoment og problemfri drift. \ud83d\udd27Med en slank skralde, holdbare CR-V-st\u00e5lv\u00e6rkt\u00f8jer og et bredt udvalg af bits og fatninger er det perfekt til opgaver i hjemmet, i bilen og i erhvervslivet. \ud83e\ude9bEt kompakt skralde-s\u00e6t af h\u00f8j kvalitet, der er designet til pr\u00e6cision, kraft og p\u00e5lidelighed i hverdagen.\u00a0","og_url":"https:\/\/mekulo.com\/dk\/produkt\/smalt-skralde-saet\/","og_site_name":"Mekulo DK","article_modified_time":"2026-02-03T16:25:05+00:00","og_image":[{"width":800,"height":800,"url":"https:\/\/mekulo.com\/dk\/wp-content\/uploads\/sites\/12\/2026\/01\/qbijuxe-1.jpg","type":"image\/jpeg"}],"twitter_card":"summary_large_image","twitter_misc":{"Estimeret l\u00e6setid":"2 minutter"},"schema":{"@context":"https:\/\/schema.org","@graph":[{"@type":"WebPage","@id":"https:\/\/mekulo.com\/dk\/produkt\/smalt-skralde-saet\/","url":"https:\/\/mekulo.com\/dk\/produkt\/smalt-skralde-saet\/","name":"Smalt skralde-s\u00e6t - Mekulo DK","isPartOf":{"@id":"https:\/\/mekulo.com\/dk\/#website"},"primaryImageOfPage":{"@id":"https:\/\/mekulo.com\/dk\/produkt\/smalt-skralde-saet\/#primaryimage"},"image":{"@id":"https:\/\/mekulo.com\/dk\/produkt\/smalt-skralde-saet\/#primaryimage"},"thumbnailUrl":"https:\/\/mekulo.com\/dk\/wp-content\/uploads\/sites\/12\/2026\/01\/qbijuxe-1.jpg","datePublished":"2026-01-15T16:27:40+00:00","dateModified":"2026-02-03T16:25:05+00:00","breadcrumb":{"@id":"https:\/\/mekulo.com\/dk\/produkt\/smalt-skralde-saet\/#breadcrumb"},"inLanguage":"da-DK","potentialAction":[{"@type":"ReadAction","target":["https:\/\/mekulo.com\/dk\/produkt\/smalt-skralde-saet\/"]}]},{"@type":"ImageObject","inLanguage":"da-DK","@id":"https:\/\/mekulo.com\/dk\/produkt\/smalt-skralde-saet\/#primaryimage","url":"https:\/\/mekulo.com\/dk\/wp-content\/uploads\/sites\/12\/2026\/01\/qbijuxe-1.jpg","contentUrl":"https:\/\/mekulo.com\/dk\/wp-content\/uploads\/sites\/12\/2026\/01\/qbijuxe-1.jpg","width":800,"height":800},{"@type":"BreadcrumbList","@id":"https:\/\/mekulo.com\/dk\/produkt\/smalt-skralde-saet\/#breadcrumb","itemListElement":[{"@type":"ListItem","position":1,"name":"Home","item":"https:\/\/mekulo.com\/dk\/"},{"@type":"ListItem","position":2,"name":"Butik","item":"https:\/\/mekulo.com\/dk\/butik\/"},{"@type":"ListItem","position":3,"name":"Smalt skralde-s\u00e6t"}]},{"@type":"WebSite","@id":"https:\/\/mekulo.com\/dk\/#website","url":"https:\/\/mekulo.com\/dk\/","name":"Mekulo DK","description":"","publisher":{"@id":"https:\/\/mekulo.com\/dk\/#organization"},"potentialAction":[{"@type":"SearchAction","target":{"@type":"EntryPoint","urlTemplate":"https:\/\/mekulo.com\/dk\/?s={search_term_string}"},"query-input":{"@type":"PropertyValueSpecification","valueRequired":true,"valueName":"search_term_string"}}],"inLanguage":"da-DK"},{"@type":"Organization","@id":"https:\/\/mekulo.com\/dk\/#organization","name":"Mekulo","url":"https:\/\/mekulo.com\/dk\/","logo":{"@type":"ImageObject","inLanguage":"da-DK","@id":"https:\/\/mekulo.com\/dk\/#\/schema\/logo\/image\/","url":"https:\/\/mekulo.com\/dk\/wp-content\/uploads\/sites\/12\/2025\/12\/favicon_mekulo.png","contentUrl":"https:\/\/mekulo.com\/dk\/wp-content\/uploads\/sites\/12\/2025\/12\/favicon_mekulo.png","width":50,"height":50,"caption":"Mekulo"},"image":{"@id":"https:\/\/mekulo.com\/dk\/#\/schema\/logo\/image\/"}}]}},"_links":{"self":[{"href":"https:\/\/mekulo.com\/dk\/wp-json\/wp\/v2\/product\/18004","targetHints":{"allow":["GET"]}}],"collection":[{"href":"https:\/\/mekulo.com\/dk\/wp-json\/wp\/v2\/product"}],"about":[{"href":"https:\/\/mekulo.com\/dk\/wp-json\/wp\/v2\/types\/product"}],"replies":[{"embeddable":true,"href":"https:\/\/mekulo.com\/dk\/wp-json\/wp\/v2\/comments?post=18004"}],"wp:featuredmedia":[{"embeddable":true,"href":"https:\/\/mekulo.com\/dk\/wp-json\/wp\/v2\/media\/18000"}],"wp:attachment":[{"href":"https:\/\/mekulo.com\/dk\/wp-json\/wp\/v2\/media?parent=18004"}],"wp:term":[{"taxonomy":"product_brand","embeddable":true,"href":"https:\/\/mekulo.com\/dk\/wp-json\/wp\/v2\/product_brand?post=18004"},{"taxonomy":"product_cat","embeddable":true,"href":"https:\/\/mekulo.com\/dk\/wp-json\/wp\/v2\/product_cat?post=18004"},{"taxonomy":"product_tag","embeddable":true,"href":"https:\/\/mekulo.com\/dk\/wp-json\/wp\/v2\/product_tag?post=18004"}],"curies":[{"name":"wp","href":"https:\/\/api.w.org\/{rel}","templated":true}]}}