{"id":17970,"date":"2026-01-15T18:24:21","date_gmt":"2026-01-15T16:24:21","guid":{"rendered":"https:\/\/mekulo.com\/dk\/produkt\/stroboskoplys\/"},"modified":"2026-01-21T15:15:06","modified_gmt":"2026-01-21T13:15:06","slug":"stroboskoplys","status":"publish","type":"product","link":"https:\/\/mekulo.com\/dk\/produkt\/stroboskoplys\/","title":{"rendered":"Stroboskoplys"},"content":{"rendered":"<p style=\"text-align: center;\" data-start=\"0\" data-end=\"71\"><strong data-start=\"0\" data-end=\"71\">Forbliv Synlig Og Skil Dig Ud Med Kraftig, Farverig Stroboskopbelysning.<\/strong> \ud83d\udd26<\/p>\n<p data-start=\"0\" data-end=\"71\"><img decoding=\"async\" class=\"size-full wp-image-20291 aligncenter\" src=\"https:\/\/mekulo.com\/template\/wp-content\/uploads\/sites\/6\/2026\/01\/7b9b1be463f5ff26a5ebf7cf8b466ec011fe0da86d0d8edb2056dfa17d990fdb-800.avif\" alt=\"\" \/><\/p>\n<h2 style=\"text-align: center;\" data-start=\"491\" data-end=\"510\">\u2b50 Vigtigste fordele<\/h2>\n<p data-start=\"514\" data-end=\"575\">\ud83d\udea8 Stroboskoplys med h\u00f8j synlighed &#8211; Synlig op til 5 km.<\/p>\n<p data-start=\"578\" data-end=\"627\">\ud83c\udf08 7 farvetilstande &#8211; I\u00f8jnefaldende og stilfuld.<\/p>\n<p data-start=\"630\" data-end=\"684\">\ud83d\udd04 360\u00b0 synlighed &#8211; Let at f\u00e5 \u00f8je p\u00e5 fra alle vinkler.<\/p>\n<p data-start=\"687\" data-end=\"752\">\ud83d\udd0b Lang batterilevetid &#8211; Hurtig 1-times opladning med indikatorer.<\/p>\n<p data-start=\"755\" data-end=\"818\">\ud83d\udca7 Vandt\u00e6t design &#8211; P\u00e5lidelig i regn og h\u00e5rdt vejr.<\/p>\n<p data-start=\"821\" data-end=\"883\">\ud83e\udeb6 Letv\u00e6gtskonstruktion &#8211; Ingen ekstra byrde p\u00e5 droner eller udstyr.<\/p>\n<p data-start=\"821\" data-end=\"883\"><img decoding=\"async\" class=\"size-full wp-image-20288 aligncenter\" src=\"https:\/\/mekulo.com\/template\/wp-content\/uploads\/sites\/6\/2026\/01\/415e4f8a9b31ce5440d7c8420868009dab1672c4a78c877c71e24505eb7e902a.avif\" alt=\"\" \/><\/p>\n<h2 style=\"text-align: center;\" data-start=\"890\" data-end=\"907\">\u25b6\ufe0f S\u00e5dan Bruges<\/h2>\n<ol data-start=\"909\" data-end=\"1146\">\n<li data-start=\"909\" data-end=\"977\">\n<p data-start=\"912\" data-end=\"977\">Oplad stroboskoplyset helt ved hj\u00e6lp af den indbyggede opladningsport.<\/p>\n<\/li>\n<li data-start=\"978\" data-end=\"1026\">\n<p data-start=\"981\" data-end=\"1026\">V\u00e6lg din foretrukne farve eller stroboskoptilstand.<\/p>\n<\/li>\n<li data-start=\"1027\" data-end=\"1089\">\n<p data-start=\"1030\" data-end=\"1089\">Fastg\u00f8r det sikkert til din drone, cykel, k\u00f8ret\u00f8j eller udstyr.<\/p>\n<\/li>\n<li data-start=\"1090\" data-end=\"1146\">\n<p data-start=\"1093\" data-end=\"1146\">T\u00e6nd det f\u00f8r brug om natten for maksimal synlighed.<\/p>\n<\/li>\n<\/ol>\n<h2 style=\"text-align: center;\" data-start=\"1153\" data-end=\"1175\">\ud83d\udcd0 Produktdetaljer<\/h2>\n<ul data-start=\"1177\" data-end=\"1421\">\n<li data-start=\"1208\" data-end=\"1225\">\n<p data-start=\"1210\" data-end=\"1225\">Materiale: ABS<\/p>\n<\/li>\n<li data-start=\"1226\" data-end=\"1251\">\n<p data-start=\"1228\" data-end=\"1251\">Farver: 7 farvetilstande<\/p>\n<\/li>\n<li data-start=\"1252\" data-end=\"1287\">\n<p data-start=\"1254\" data-end=\"1287\">Synlighedsomr\u00e5de: Op til 5 km<\/p>\n<\/li>\n<li data-start=\"1288\" data-end=\"1319\">\n<p data-start=\"1290\" data-end=\"1319\">Opladningstid: Ca. 1 time<\/p>\n<\/li>\n<li data-start=\"1320\" data-end=\"1363\">\n<p data-start=\"1322\" data-end=\"1363\">Funktioner: Batteriindikator, vandt\u00e6t<\/p>\n<\/li>\n<li data-start=\"1364\" data-end=\"1421\">\n<p data-start=\"1366\" data-end=\"1421\">Brug: Droner, cykler, RC-k\u00f8ret\u00f8jer, camping, n\u00f8dsituationer<\/p>\n<\/li>\n<\/ul>\n<h2 style=\"text-align: center;\" data-start=\"1428\" data-end=\"1451\">\ud83d\udce6 Pakken indeholder<\/h2>\n<ul data-start=\"1453\" data-end=\"1473\">\n<li data-start=\"1453\" data-end=\"1473\">\n<p data-start=\"1455\" data-end=\"1473\">1, 2, 4, 8x stroboskoplys\/s<\/p>\n<\/li>\n<li data-start=\"1453\" data-end=\"1473\">\n<p data-start=\"1455\" data-end=\"1473\">1, 2, 4, 8x par velcro<\/p>\n<\/li>\n<li data-start=\"1453\" data-end=\"1473\">\n<p data-start=\"1455\" data-end=\"1473\">1, 2, 4, 8x USB-opladerkabel<\/p>\n<\/li>\n<li data-start=\"1453\" data-end=\"1473\">2, 4, 8, 16x gummib\u00e5nd.<\/li>\n<\/ul>\n","protected":false},"excerpt":{"rendered":"<p><span style=\"font-size: 16px; font-style: normal; font-weight: 400;\">\ud83d\ude80<\/span>Denne kompakte LED-stroboskoplampe hj\u00e6lper med at forhindre ulykker ved at holde dig synlig p\u00e5 lang afstand.<br \/>\n<span style=\"font-size: 16px; font-style: normal; font-weight: 400;\">\u2728<\/span>Med flere farver, vandt\u00e6t design og lang batterilevetid er den ideel til natteture, flyrejser og udend\u00f8rs eventyr.<br \/>\n\ud83c\udfcd\ufe0fEt uundv\u00e6rligt sikkerhedslys til natlige eventyr, flyrejser og k\u00f8reture &#8211; bliv set, v\u00e6r sikker og se cool ud.<\/p>\n","protected":false},"featured_media":17966,"comment_status":"open","ping_status":"closed","template":"","meta":{"site-sidebar-layout":"default","site-content-layout":"","ast-site-content-layout":"default","site-content-style":"default","site-sidebar-style":"default","ast-global-header-display":"","ast-banner-title-visibility":"","ast-main-header-display":"","ast-hfb-above-header-display":"","ast-hfb-below-header-display":"","ast-hfb-mobile-header-display":"","site-post-title":"","ast-breadcrumbs-content":"","ast-featured-img":"","footer-sml-layout":"","ast-disable-related-posts":"","theme-transparent-header-meta":"default","adv-header-id-meta":"","stick-header-meta":"","header-above-stick-meta":"","header-main-stick-meta":"","header-below-stick-meta":"","astra-migrate-meta-layouts":"set","ast-page-background-enabled":"default","ast-page-background-meta":{"desktop":{"background-color":"var(--ast-global-color-5)","background-image":"","background-repeat":"repeat","background-position":"center center","background-size":"auto","background-attachment":"scroll","background-type":"","background-media":"","overlay-type":"","overlay-color":"","overlay-opacity":"","overlay-gradient":""},"tablet":{"background-color":"","background-image":"","background-repeat":"repeat","background-position":"center center","background-size":"auto","background-attachment":"scroll","background-type":"","background-media":"","overlay-type":"","overlay-color":"","overlay-opacity":"","overlay-gradient":""},"mobile":{"background-color":"","background-image":"","background-repeat":"repeat","background-position":"center center","background-size":"auto","background-attachment":"scroll","background-type":"","background-media":"","overlay-type":"","overlay-color":"","overlay-opacity":"","overlay-gradient":""}},"ast-content-background-meta":{"desktop":{"background-color":"var(--ast-global-color-4)","background-image":"","background-repeat":"repeat","background-position":"center center","background-size":"auto","background-attachment":"scroll","background-type":"","background-media":"","overlay-type":"","overlay-color":"","overlay-opacity":"","overlay-gradient":""},"tablet":{"background-color":"var(--ast-global-color-4)","background-image":"","background-repeat":"repeat","background-position":"center center","background-size":"auto","background-attachment":"scroll","background-type":"","background-media":"","overlay-type":"","overlay-color":"","overlay-opacity":"","overlay-gradient":""},"mobile":{"background-color":"var(--ast-global-color-4)","background-image":"","background-repeat":"repeat","background-position":"center center","background-size":"auto","background-attachment":"scroll","background-type":"","background-media":"","overlay-type":"","overlay-color":"","overlay-opacity":"","overlay-gradient":""}}},"product_brand":[],"product_cat":[161],"product_tag":[],"class_list":{"0":"post-17970","1":"product","2":"type-product","3":"status-publish","4":"has-post-thumbnail","6":"product_cat-bilprodukter","7":"pa_67904_qib3d8t3-1-stk","8":"pa_67904_qib3d8t3-2-stk","9":"pa_67904_qib3d8t3-4-stk","10":"pa_67904_qib3d8t3-8-stk","11":"desktop-align-left","12":"tablet-align-left","13":"mobile-align-left","15":"first","16":"instock","17":"shipping-taxable","18":"purchasable","19":"product-type-variable"},"yoast_head":"<!-- This site is optimized with the Yoast SEO plugin v27.4 - https:\/\/yoast.com\/product\/yoast-seo-wordpress\/ -->\n<title>Stroboskoplys - Mekulo DK<\/title>\n<meta name=\"robots\" content=\"index, follow, max-snippet:-1, max-image-preview:large, max-video-preview:-1\" \/>\n<link rel=\"canonical\" href=\"https:\/\/mekulo.com\/dk\/produkt\/stroboskoplys\/\" \/>\n<meta property=\"og:locale\" content=\"da_DK\" \/>\n<meta property=\"og:type\" content=\"article\" \/>\n<meta property=\"og:title\" content=\"Stroboskoplys - Mekulo DK\" \/>\n<meta property=\"og:description\" content=\"\ud83d\ude80Denne kompakte LED-stroboskoplampe hj\u00e6lper med at forhindre ulykker ved at holde dig synlig p\u00e5 lang afstand. \u2728Med flere farver, vandt\u00e6t design og lang batterilevetid er den ideel til natteture, flyrejser og udend\u00f8rs eventyr. \ud83c\udfcd\ufe0fEt uundv\u00e6rligt sikkerhedslys til natlige eventyr, flyrejser og k\u00f8reture - bliv set, v\u00e6r sikker og se cool ud.\" \/>\n<meta property=\"og:url\" content=\"https:\/\/mekulo.com\/dk\/produkt\/stroboskoplys\/\" \/>\n<meta property=\"og:site_name\" content=\"Mekulo DK\" \/>\n<meta property=\"article:modified_time\" content=\"2026-01-21T13:15:06+00:00\" \/>\n<meta property=\"og:image\" content=\"https:\/\/mekulo.com\/dk\/wp-content\/uploads\/sites\/12\/2026\/01\/j6sp5di-1.jpg\" \/>\n\t<meta property=\"og:image:width\" content=\"800\" \/>\n\t<meta property=\"og:image:height\" content=\"800\" \/>\n\t<meta property=\"og:image:type\" content=\"image\/jpeg\" \/>\n<meta name=\"twitter:card\" content=\"summary_large_image\" \/>\n<meta name=\"twitter:label1\" content=\"Estimeret l\u00e6setid\" \/>\n\t<meta name=\"twitter:data1\" content=\"2 minutter\" \/>\n<script type=\"application\/ld+json\" class=\"yoast-schema-graph\">{\"@context\":\"https:\\\/\\\/schema.org\",\"@graph\":[{\"@type\":\"WebPage\",\"@id\":\"https:\\\/\\\/mekulo.com\\\/dk\\\/produkt\\\/stroboskoplys\\\/\",\"url\":\"https:\\\/\\\/mekulo.com\\\/dk\\\/produkt\\\/stroboskoplys\\\/\",\"name\":\"Stroboskoplys - Mekulo DK\",\"isPartOf\":{\"@id\":\"https:\\\/\\\/mekulo.com\\\/dk\\\/#website\"},\"primaryImageOfPage\":{\"@id\":\"https:\\\/\\\/mekulo.com\\\/dk\\\/produkt\\\/stroboskoplys\\\/#primaryimage\"},\"image\":{\"@id\":\"https:\\\/\\\/mekulo.com\\\/dk\\\/produkt\\\/stroboskoplys\\\/#primaryimage\"},\"thumbnailUrl\":\"https:\\\/\\\/mekulo.com\\\/dk\\\/wp-content\\\/uploads\\\/sites\\\/12\\\/2026\\\/01\\\/j6sp5di-1.jpg\",\"datePublished\":\"2026-01-15T16:24:21+00:00\",\"dateModified\":\"2026-01-21T13:15:06+00:00\",\"breadcrumb\":{\"@id\":\"https:\\\/\\\/mekulo.com\\\/dk\\\/produkt\\\/stroboskoplys\\\/#breadcrumb\"},\"inLanguage\":\"da-DK\",\"potentialAction\":[{\"@type\":\"ReadAction\",\"target\":[\"https:\\\/\\\/mekulo.com\\\/dk\\\/produkt\\\/stroboskoplys\\\/\"]}]},{\"@type\":\"ImageObject\",\"inLanguage\":\"da-DK\",\"@id\":\"https:\\\/\\\/mekulo.com\\\/dk\\\/produkt\\\/stroboskoplys\\\/#primaryimage\",\"url\":\"https:\\\/\\\/mekulo.com\\\/dk\\\/wp-content\\\/uploads\\\/sites\\\/12\\\/2026\\\/01\\\/j6sp5di-1.jpg\",\"contentUrl\":\"https:\\\/\\\/mekulo.com\\\/dk\\\/wp-content\\\/uploads\\\/sites\\\/12\\\/2026\\\/01\\\/j6sp5di-1.jpg\",\"width\":800,\"height\":800},{\"@type\":\"BreadcrumbList\",\"@id\":\"https:\\\/\\\/mekulo.com\\\/dk\\\/produkt\\\/stroboskoplys\\\/#breadcrumb\",\"itemListElement\":[{\"@type\":\"ListItem\",\"position\":1,\"name\":\"Home\",\"item\":\"https:\\\/\\\/mekulo.com\\\/dk\\\/\"},{\"@type\":\"ListItem\",\"position\":2,\"name\":\"Butik\",\"item\":\"https:\\\/\\\/mekulo.com\\\/dk\\\/butik\\\/\"},{\"@type\":\"ListItem\",\"position\":3,\"name\":\"Stroboskoplys\"}]},{\"@type\":\"WebSite\",\"@id\":\"https:\\\/\\\/mekulo.com\\\/dk\\\/#website\",\"url\":\"https:\\\/\\\/mekulo.com\\\/dk\\\/\",\"name\":\"Mekulo DK\",\"description\":\"\",\"publisher\":{\"@id\":\"https:\\\/\\\/mekulo.com\\\/dk\\\/#organization\"},\"potentialAction\":[{\"@type\":\"SearchAction\",\"target\":{\"@type\":\"EntryPoint\",\"urlTemplate\":\"https:\\\/\\\/mekulo.com\\\/dk\\\/?s={search_term_string}\"},\"query-input\":{\"@type\":\"PropertyValueSpecification\",\"valueRequired\":true,\"valueName\":\"search_term_string\"}}],\"inLanguage\":\"da-DK\"},{\"@type\":\"Organization\",\"@id\":\"https:\\\/\\\/mekulo.com\\\/dk\\\/#organization\",\"name\":\"Mekulo\",\"url\":\"https:\\\/\\\/mekulo.com\\\/dk\\\/\",\"logo\":{\"@type\":\"ImageObject\",\"inLanguage\":\"da-DK\",\"@id\":\"https:\\\/\\\/mekulo.com\\\/dk\\\/#\\\/schema\\\/logo\\\/image\\\/\",\"url\":\"https:\\\/\\\/mekulo.com\\\/dk\\\/wp-content\\\/uploads\\\/sites\\\/12\\\/2025\\\/12\\\/favicon_mekulo.png\",\"contentUrl\":\"https:\\\/\\\/mekulo.com\\\/dk\\\/wp-content\\\/uploads\\\/sites\\\/12\\\/2025\\\/12\\\/favicon_mekulo.png\",\"width\":50,\"height\":50,\"caption\":\"Mekulo\"},\"image\":{\"@id\":\"https:\\\/\\\/mekulo.com\\\/dk\\\/#\\\/schema\\\/logo\\\/image\\\/\"}}]}<\/script>\n<!-- \/ Yoast SEO plugin. -->","yoast_head_json":{"title":"Stroboskoplys - Mekulo DK","robots":{"index":"index","follow":"follow","max-snippet":"max-snippet:-1","max-image-preview":"max-image-preview:large","max-video-preview":"max-video-preview:-1"},"canonical":"https:\/\/mekulo.com\/dk\/produkt\/stroboskoplys\/","og_locale":"da_DK","og_type":"article","og_title":"Stroboskoplys - Mekulo DK","og_description":"\ud83d\ude80Denne kompakte LED-stroboskoplampe hj\u00e6lper med at forhindre ulykker ved at holde dig synlig p\u00e5 lang afstand. \u2728Med flere farver, vandt\u00e6t design og lang batterilevetid er den ideel til natteture, flyrejser og udend\u00f8rs eventyr. \ud83c\udfcd\ufe0fEt uundv\u00e6rligt sikkerhedslys til natlige eventyr, flyrejser og k\u00f8reture - bliv set, v\u00e6r sikker og se cool ud.","og_url":"https:\/\/mekulo.com\/dk\/produkt\/stroboskoplys\/","og_site_name":"Mekulo DK","article_modified_time":"2026-01-21T13:15:06+00:00","og_image":[{"width":800,"height":800,"url":"https:\/\/mekulo.com\/dk\/wp-content\/uploads\/sites\/12\/2026\/01\/j6sp5di-1.jpg","type":"image\/jpeg"}],"twitter_card":"summary_large_image","twitter_misc":{"Estimeret l\u00e6setid":"2 minutter"},"schema":{"@context":"https:\/\/schema.org","@graph":[{"@type":"WebPage","@id":"https:\/\/mekulo.com\/dk\/produkt\/stroboskoplys\/","url":"https:\/\/mekulo.com\/dk\/produkt\/stroboskoplys\/","name":"Stroboskoplys - Mekulo DK","isPartOf":{"@id":"https:\/\/mekulo.com\/dk\/#website"},"primaryImageOfPage":{"@id":"https:\/\/mekulo.com\/dk\/produkt\/stroboskoplys\/#primaryimage"},"image":{"@id":"https:\/\/mekulo.com\/dk\/produkt\/stroboskoplys\/#primaryimage"},"thumbnailUrl":"https:\/\/mekulo.com\/dk\/wp-content\/uploads\/sites\/12\/2026\/01\/j6sp5di-1.jpg","datePublished":"2026-01-15T16:24:21+00:00","dateModified":"2026-01-21T13:15:06+00:00","breadcrumb":{"@id":"https:\/\/mekulo.com\/dk\/produkt\/stroboskoplys\/#breadcrumb"},"inLanguage":"da-DK","potentialAction":[{"@type":"ReadAction","target":["https:\/\/mekulo.com\/dk\/produkt\/stroboskoplys\/"]}]},{"@type":"ImageObject","inLanguage":"da-DK","@id":"https:\/\/mekulo.com\/dk\/produkt\/stroboskoplys\/#primaryimage","url":"https:\/\/mekulo.com\/dk\/wp-content\/uploads\/sites\/12\/2026\/01\/j6sp5di-1.jpg","contentUrl":"https:\/\/mekulo.com\/dk\/wp-content\/uploads\/sites\/12\/2026\/01\/j6sp5di-1.jpg","width":800,"height":800},{"@type":"BreadcrumbList","@id":"https:\/\/mekulo.com\/dk\/produkt\/stroboskoplys\/#breadcrumb","itemListElement":[{"@type":"ListItem","position":1,"name":"Home","item":"https:\/\/mekulo.com\/dk\/"},{"@type":"ListItem","position":2,"name":"Butik","item":"https:\/\/mekulo.com\/dk\/butik\/"},{"@type":"ListItem","position":3,"name":"Stroboskoplys"}]},{"@type":"WebSite","@id":"https:\/\/mekulo.com\/dk\/#website","url":"https:\/\/mekulo.com\/dk\/","name":"Mekulo DK","description":"","publisher":{"@id":"https:\/\/mekulo.com\/dk\/#organization"},"potentialAction":[{"@type":"SearchAction","target":{"@type":"EntryPoint","urlTemplate":"https:\/\/mekulo.com\/dk\/?s={search_term_string}"},"query-input":{"@type":"PropertyValueSpecification","valueRequired":true,"valueName":"search_term_string"}}],"inLanguage":"da-DK"},{"@type":"Organization","@id":"https:\/\/mekulo.com\/dk\/#organization","name":"Mekulo","url":"https:\/\/mekulo.com\/dk\/","logo":{"@type":"ImageObject","inLanguage":"da-DK","@id":"https:\/\/mekulo.com\/dk\/#\/schema\/logo\/image\/","url":"https:\/\/mekulo.com\/dk\/wp-content\/uploads\/sites\/12\/2025\/12\/favicon_mekulo.png","contentUrl":"https:\/\/mekulo.com\/dk\/wp-content\/uploads\/sites\/12\/2025\/12\/favicon_mekulo.png","width":50,"height":50,"caption":"Mekulo"},"image":{"@id":"https:\/\/mekulo.com\/dk\/#\/schema\/logo\/image\/"}}]}},"_links":{"self":[{"href":"https:\/\/mekulo.com\/dk\/wp-json\/wp\/v2\/product\/17970","targetHints":{"allow":["GET"]}}],"collection":[{"href":"https:\/\/mekulo.com\/dk\/wp-json\/wp\/v2\/product"}],"about":[{"href":"https:\/\/mekulo.com\/dk\/wp-json\/wp\/v2\/types\/product"}],"replies":[{"embeddable":true,"href":"https:\/\/mekulo.com\/dk\/wp-json\/wp\/v2\/comments?post=17970"}],"wp:featuredmedia":[{"embeddable":true,"href":"https:\/\/mekulo.com\/dk\/wp-json\/wp\/v2\/media\/17966"}],"wp:attachment":[{"href":"https:\/\/mekulo.com\/dk\/wp-json\/wp\/v2\/media?parent=17970"}],"wp:term":[{"taxonomy":"product_brand","embeddable":true,"href":"https:\/\/mekulo.com\/dk\/wp-json\/wp\/v2\/product_brand?post=17970"},{"taxonomy":"product_cat","embeddable":true,"href":"https:\/\/mekulo.com\/dk\/wp-json\/wp\/v2\/product_cat?post=17970"},{"taxonomy":"product_tag","embeddable":true,"href":"https:\/\/mekulo.com\/dk\/wp-json\/wp\/v2\/product_tag?post=17970"}],"curies":[{"name":"wp","href":"https:\/\/api.w.org\/{rel}","templated":true}]}}