{"id":17927,"date":"2026-01-15T18:21:04","date_gmt":"2026-01-15T16:21:04","guid":{"rendered":"https:\/\/mekulo.com\/dk\/produkt\/touch-light-til-haandtasken\/"},"modified":"2026-02-10T11:12:31","modified_gmt":"2026-02-10T09:12:31","slug":"touch-light-til-haandtasken","status":"publish","type":"product","link":"https:\/\/mekulo.com\/dk\/produkt\/touch-light-til-haandtasken\/","title":{"rendered":"Touch-lys til din h\u00e5ndtaske"},"content":{"rendered":"<p style=\"text-align: center;\" data-start=\"0\" data-end=\"72\"><strong data-start=\"0\" data-end=\"72\">\u00d8jeblikkeligt lys i din taske, s\u00e5 du kan finde alt p\u00e5 f\u00e5 sekunder.<\/strong> \ud83d\udc5c<\/p>\n<p data-start=\"0\" data-end=\"72\"><img fetchpriority=\"high\" decoding=\"async\" class=\"size-full wp-image-20254 aligncenter\" src=\"https:\/\/mekulo.com\/template\/wp-content\/uploads\/sites\/6\/2026\/01\/ca4f9a0581b51013f817e5468f11da13f5d5fa4f-800.jpg\" alt=\"\" width=\"1080\" height=\"1080\" \/><\/p>\n<h2 style=\"text-align: center;\" data-start=\"487\" data-end=\"506\"><strong>\u2b50 Vigtigste fordele<\/strong><\/h2>\n<p data-start=\"510\" data-end=\"575\">\ud83d\udca1 Ber\u00f8ringsaktiveret LED-lys &#8211; T\u00e6ndes med et enkelt tryk.<\/p>\n<p data-start=\"578\" data-end=\"652\">\ud83d\udc5c Perfekt til h\u00e5ndtasker &amp; rygs\u00e6kke &#8211; Klips eller h\u00e6ng det i enhver taske.<\/p>\n<p data-start=\"655\" data-end=\"715\">\u23f1\ufe0f Automatisk slukningsfunktion &#8211; Forbliver t\u00e6ndt i op til 12-15 sekunder.<\/p>\n<p data-start=\"718\" data-end=\"779\">\ud83d\udd0b Batteri medf\u00f8lger &#8211; Klar til brug lige ud af \u00e6sken.<\/p>\n<p data-start=\"782\" data-end=\"843\">\ud83c\udf81 God gaveid\u00e9 &#8211; Stilfuld, praktisk og bet\u00e6nksom.<\/p>\n<p data-start=\"782\" data-end=\"843\"><img decoding=\"async\" class=\"size-full wp-image-20256 aligncenter\" src=\"https:\/\/mekulo.com\/template\/wp-content\/uploads\/sites\/6\/2026\/01\/S09e3600e7566462eb145834f78959bcfq.jpg\" alt=\"\" width=\"1080\" height=\"1080\" \/><\/p>\n<h2 style=\"text-align: center;\" data-start=\"850\" data-end=\"867\"><strong>\u25b6\ufe0f S\u00e5dan Bruges<\/strong><\/h2>\n<ol data-start=\"869\" data-end=\"1079\">\n<li data-start=\"869\" data-end=\"913\">\n<p data-start=\"872\" data-end=\"913\">Klip eller h\u00e6ng lyset i din taske.<\/p>\n<\/li>\n<li data-start=\"914\" data-end=\"958\">\n<p data-start=\"917\" data-end=\"958\">Tryk p\u00e5 sensoren for at aktivere lyset.<\/p>\n<\/li>\n<li data-start=\"959\" data-end=\"1027\">\n<p data-start=\"962\" data-end=\"1027\">Tryk p\u00e5 knappen for konstant lys i op til 15 sekunder, hvis det er n\u00f8dvendigt.<\/p>\n<\/li>\n<li data-start=\"1028\" data-end=\"1079\">\n<p data-start=\"1031\" data-end=\"1079\">Lad det slukke automatisk for at spare p\u00e5 batteriet.<\/p>\n<\/li>\n<\/ol>\n<h2 style=\"text-align: center;\" data-start=\"1086\" data-end=\"1108\"><strong>\ud83d\udcd0 Produktdetaljer<\/strong><\/h2>\n<ul data-start=\"1110\" data-end=\"1444\">\n<li data-start=\"1148\" data-end=\"1165\">\n<p data-start=\"1150\" data-end=\"1165\">Materiale: ABS<\/p>\n<\/li>\n<li data-start=\"1166\" data-end=\"1199\">\n<p data-start=\"1168\" data-end=\"1199\">Lys type: LED, klart hvidt<\/p>\n<\/li>\n<li data-start=\"1200\" data-end=\"1243\">\n<p data-start=\"1202\" data-end=\"1243\">Batteri: LR44-knapbatteri (medf\u00f8lger)<\/p>\n<\/li>\n<li data-start=\"1244\" data-end=\"1286\">\n<p data-start=\"1246\" data-end=\"1286\">Aktivering: Ber\u00f8ringssensor + knaptilstand<\/p>\n<\/li>\n<li data-start=\"1329\" data-end=\"1444\">\n<p data-start=\"1331\" data-end=\"1348\">St\u00f8rrelse (ca.): <span style=\"font-size: 16px;\">Hjerte (6,9 x 6,5 x 2,3 cm), <\/span><span style=\"font-size: 16px;\">Cirkel (6,5 x 6,5 x 2,3 cm), <\/span><span style=\"font-size: 16px;\">Stjerne (7,1 x 7,1 x 2,3 cm)<\/span><\/p>\n<\/li>\n<\/ul>\n<h2 style=\"text-align: center;\" data-start=\"1451\" data-end=\"1474\"><strong>\ud83d\udce6 Pakken indeholder<\/strong><\/h2>\n<ul data-start=\"1476\" data-end=\"1503\">\n<li data-start=\"1476\" data-end=\"1503\">\n<p data-start=\"1478\" data-end=\"1503\">1x h\u00e5ndtaske-ber\u00f8ringslys.<\/p>\n<\/li>\n<\/ul>\n","protected":false},"excerpt":{"rendered":"<p>\ud83e\udd0dDenne kompakte touch-LED-lygte til h\u00e5ndtasken kan klipses fast eller h\u00e6nges op i tasken og give et klart hvidt lys, pr\u00e6cis n\u00e5r du har brug for det.<span style=\"font-size: 16px; font-style: normal; font-weight: 400;\">\ud83d\udc5cMed touch-aktivering og en kort konstant t\u00e6ndt tilstand holder den din taske organiseret og er nem at bruge n\u00e5r som helst og hvor som helst.<\/span><span style=\"font-size: 16px;\">\u2728En lille lygte, der g\u00f8r en stor forskel i din daglige rutine.<\/span><\/p>\n","protected":false},"featured_media":17923,"comment_status":"open","ping_status":"closed","template":"","meta":{"site-sidebar-layout":"default","site-content-layout":"","ast-site-content-layout":"default","site-content-style":"default","site-sidebar-style":"default","ast-global-header-display":"","ast-banner-title-visibility":"","ast-main-header-display":"","ast-hfb-above-header-display":"","ast-hfb-below-header-display":"","ast-hfb-mobile-header-display":"","site-post-title":"","ast-breadcrumbs-content":"","ast-featured-img":"","footer-sml-layout":"","theme-transparent-header-meta":"default","adv-header-id-meta":"","stick-header-meta":"","header-above-stick-meta":"","header-main-stick-meta":"","header-below-stick-meta":"","astra-migrate-meta-layouts":"set","ast-page-background-enabled":"default","ast-page-background-meta":{"desktop":{"background-color":"var(--ast-global-color-5)","background-image":"","background-repeat":"repeat","background-position":"center center","background-size":"auto","background-attachment":"scroll","background-type":"","background-media":"","overlay-type":"","overlay-color":"","overlay-opacity":"","overlay-gradient":""},"tablet":{"background-color":"","background-image":"","background-repeat":"repeat","background-position":"center center","background-size":"auto","background-attachment":"scroll","background-type":"","background-media":"","overlay-type":"","overlay-color":"","overlay-opacity":"","overlay-gradient":""},"mobile":{"background-color":"","background-image":"","background-repeat":"repeat","background-position":"center center","background-size":"auto","background-attachment":"scroll","background-type":"","background-media":"","overlay-type":"","overlay-color":"","overlay-opacity":"","overlay-gradient":""}},"ast-content-background-meta":{"desktop":{"background-color":"var(--ast-global-color-4)","background-image":"","background-repeat":"repeat","background-position":"center center","background-size":"auto","background-attachment":"scroll","background-type":"","background-media":"","overlay-type":"","overlay-color":"","overlay-opacity":"","overlay-gradient":""},"tablet":{"background-color":"var(--ast-global-color-4)","background-image":"","background-repeat":"repeat","background-position":"center center","background-size":"auto","background-attachment":"scroll","background-type":"","background-media":"","overlay-type":"","overlay-color":"","overlay-opacity":"","overlay-gradient":""},"mobile":{"background-color":"var(--ast-global-color-4)","background-image":"","background-repeat":"repeat","background-position":"center center","background-size":"auto","background-attachment":"scroll","background-type":"","background-media":"","overlay-type":"","overlay-color":"","overlay-opacity":"","overlay-gradient":""}}},"product_brand":[],"product_cat":[165],"product_tag":[],"class_list":{"0":"post-17927","1":"product","2":"type-product","3":"status-publish","4":"has-post-thumbnail","6":"product_cat-fodtoej-tilbehoer","7":"pa_67878_ugrm40nf-cirkel","8":"pa_67878_ugrm40nf-hjerte","9":"pa_67878_ugrm40nf-stjerne","10":"desktop-align-left","11":"tablet-align-left","12":"mobile-align-left","14":"first","15":"instock","16":"shipping-taxable","17":"purchasable","18":"product-type-variable"},"yoast_head":"<!-- This site is optimized with the Yoast SEO plugin v26.6 - https:\/\/yoast.com\/wordpress\/plugins\/seo\/ -->\n<title>Touch-lys til din h\u00e5ndtaske - Mekulo DK<\/title>\n<meta name=\"robots\" content=\"index, follow, max-snippet:-1, max-image-preview:large, max-video-preview:-1\" \/>\n<link rel=\"canonical\" href=\"https:\/\/mekulo.com\/dk\/produkt\/touch-light-til-haandtasken\/\" \/>\n<meta property=\"og:locale\" content=\"da_DK\" \/>\n<meta property=\"og:type\" content=\"article\" \/>\n<meta property=\"og:title\" content=\"Touch-lys til din h\u00e5ndtaske - Mekulo DK\" \/>\n<meta property=\"og:description\" content=\"\ud83e\udd0dDenne kompakte touch-LED-lygte til h\u00e5ndtasken kan klipses fast eller h\u00e6nges op i tasken og give et klart hvidt lys, pr\u00e6cis n\u00e5r du har brug for det.\ud83d\udc5cMed touch-aktivering og en kort konstant t\u00e6ndt tilstand holder den din taske organiseret og er nem at bruge n\u00e5r som helst og hvor som helst.\u2728En lille lygte, der g\u00f8r en stor forskel i din daglige rutine.\" \/>\n<meta property=\"og:url\" content=\"https:\/\/mekulo.com\/dk\/produkt\/touch-light-til-haandtasken\/\" \/>\n<meta property=\"og:site_name\" content=\"Mekulo DK\" \/>\n<meta property=\"article:modified_time\" content=\"2026-02-10T09:12:31+00:00\" \/>\n<meta property=\"og:image\" content=\"https:\/\/mekulo.com\/dk\/wp-content\/uploads\/sites\/12\/2026\/01\/8l4xr3t-1.jpg\" \/>\n\t<meta property=\"og:image:width\" content=\"960\" \/>\n\t<meta property=\"og:image:height\" content=\"960\" \/>\n\t<meta property=\"og:image:type\" content=\"image\/jpeg\" \/>\n<meta name=\"twitter:card\" content=\"summary_large_image\" \/>\n<meta name=\"twitter:label1\" content=\"Estimeret l\u00e6setid\" \/>\n\t<meta name=\"twitter:data1\" content=\"2 minutter\" \/>\n<script type=\"application\/ld+json\" class=\"yoast-schema-graph\">{\"@context\":\"https:\/\/schema.org\",\"@graph\":[{\"@type\":\"WebPage\",\"@id\":\"https:\/\/mekulo.com\/dk\/produkt\/touch-light-til-haandtasken\/\",\"url\":\"https:\/\/mekulo.com\/dk\/produkt\/touch-light-til-haandtasken\/\",\"name\":\"Touch-lys til din h\u00e5ndtaske - Mekulo DK\",\"isPartOf\":{\"@id\":\"https:\/\/mekulo.com\/dk\/#website\"},\"primaryImageOfPage\":{\"@id\":\"https:\/\/mekulo.com\/dk\/produkt\/touch-light-til-haandtasken\/#primaryimage\"},\"image\":{\"@id\":\"https:\/\/mekulo.com\/dk\/produkt\/touch-light-til-haandtasken\/#primaryimage\"},\"thumbnailUrl\":\"https:\/\/mekulo.com\/dk\/wp-content\/uploads\/sites\/12\/2026\/01\/8l4xr3t-1.jpg\",\"datePublished\":\"2026-01-15T16:21:04+00:00\",\"dateModified\":\"2026-02-10T09:12:31+00:00\",\"breadcrumb\":{\"@id\":\"https:\/\/mekulo.com\/dk\/produkt\/touch-light-til-haandtasken\/#breadcrumb\"},\"inLanguage\":\"da-DK\",\"potentialAction\":[{\"@type\":\"ReadAction\",\"target\":[\"https:\/\/mekulo.com\/dk\/produkt\/touch-light-til-haandtasken\/\"]}]},{\"@type\":\"ImageObject\",\"inLanguage\":\"da-DK\",\"@id\":\"https:\/\/mekulo.com\/dk\/produkt\/touch-light-til-haandtasken\/#primaryimage\",\"url\":\"https:\/\/mekulo.com\/dk\/wp-content\/uploads\/sites\/12\/2026\/01\/8l4xr3t-1.jpg\",\"contentUrl\":\"https:\/\/mekulo.com\/dk\/wp-content\/uploads\/sites\/12\/2026\/01\/8l4xr3t-1.jpg\",\"width\":960,\"height\":960},{\"@type\":\"BreadcrumbList\",\"@id\":\"https:\/\/mekulo.com\/dk\/produkt\/touch-light-til-haandtasken\/#breadcrumb\",\"itemListElement\":[{\"@type\":\"ListItem\",\"position\":1,\"name\":\"Home\",\"item\":\"https:\/\/mekulo.com\/dk\/\"},{\"@type\":\"ListItem\",\"position\":2,\"name\":\"Butik\",\"item\":\"https:\/\/mekulo.com\/dk\/butik\/\"},{\"@type\":\"ListItem\",\"position\":3,\"name\":\"Touch-lys til din h\u00e5ndtaske\"}]},{\"@type\":\"WebSite\",\"@id\":\"https:\/\/mekulo.com\/dk\/#website\",\"url\":\"https:\/\/mekulo.com\/dk\/\",\"name\":\"Mekulo DK\",\"description\":\"\",\"publisher\":{\"@id\":\"https:\/\/mekulo.com\/dk\/#organization\"},\"potentialAction\":[{\"@type\":\"SearchAction\",\"target\":{\"@type\":\"EntryPoint\",\"urlTemplate\":\"https:\/\/mekulo.com\/dk\/?s={search_term_string}\"},\"query-input\":{\"@type\":\"PropertyValueSpecification\",\"valueRequired\":true,\"valueName\":\"search_term_string\"}}],\"inLanguage\":\"da-DK\"},{\"@type\":\"Organization\",\"@id\":\"https:\/\/mekulo.com\/dk\/#organization\",\"name\":\"Mekulo\",\"url\":\"https:\/\/mekulo.com\/dk\/\",\"logo\":{\"@type\":\"ImageObject\",\"inLanguage\":\"da-DK\",\"@id\":\"https:\/\/mekulo.com\/dk\/#\/schema\/logo\/image\/\",\"url\":\"https:\/\/mekulo.com\/dk\/wp-content\/uploads\/sites\/12\/2025\/12\/favicon_mekulo.png\",\"contentUrl\":\"https:\/\/mekulo.com\/dk\/wp-content\/uploads\/sites\/12\/2025\/12\/favicon_mekulo.png\",\"width\":50,\"height\":50,\"caption\":\"Mekulo\"},\"image\":{\"@id\":\"https:\/\/mekulo.com\/dk\/#\/schema\/logo\/image\/\"}}]}<\/script>\n<!-- \/ Yoast SEO plugin. -->","yoast_head_json":{"title":"Touch-lys til din h\u00e5ndtaske - Mekulo DK","robots":{"index":"index","follow":"follow","max-snippet":"max-snippet:-1","max-image-preview":"max-image-preview:large","max-video-preview":"max-video-preview:-1"},"canonical":"https:\/\/mekulo.com\/dk\/produkt\/touch-light-til-haandtasken\/","og_locale":"da_DK","og_type":"article","og_title":"Touch-lys til din h\u00e5ndtaske - Mekulo DK","og_description":"\ud83e\udd0dDenne kompakte touch-LED-lygte til h\u00e5ndtasken kan klipses fast eller h\u00e6nges op i tasken og give et klart hvidt lys, pr\u00e6cis n\u00e5r du har brug for det.\ud83d\udc5cMed touch-aktivering og en kort konstant t\u00e6ndt tilstand holder den din taske organiseret og er nem at bruge n\u00e5r som helst og hvor som helst.\u2728En lille lygte, der g\u00f8r en stor forskel i din daglige rutine.","og_url":"https:\/\/mekulo.com\/dk\/produkt\/touch-light-til-haandtasken\/","og_site_name":"Mekulo DK","article_modified_time":"2026-02-10T09:12:31+00:00","og_image":[{"width":960,"height":960,"url":"https:\/\/mekulo.com\/dk\/wp-content\/uploads\/sites\/12\/2026\/01\/8l4xr3t-1.jpg","type":"image\/jpeg"}],"twitter_card":"summary_large_image","twitter_misc":{"Estimeret l\u00e6setid":"2 minutter"},"schema":{"@context":"https:\/\/schema.org","@graph":[{"@type":"WebPage","@id":"https:\/\/mekulo.com\/dk\/produkt\/touch-light-til-haandtasken\/","url":"https:\/\/mekulo.com\/dk\/produkt\/touch-light-til-haandtasken\/","name":"Touch-lys til din h\u00e5ndtaske - Mekulo DK","isPartOf":{"@id":"https:\/\/mekulo.com\/dk\/#website"},"primaryImageOfPage":{"@id":"https:\/\/mekulo.com\/dk\/produkt\/touch-light-til-haandtasken\/#primaryimage"},"image":{"@id":"https:\/\/mekulo.com\/dk\/produkt\/touch-light-til-haandtasken\/#primaryimage"},"thumbnailUrl":"https:\/\/mekulo.com\/dk\/wp-content\/uploads\/sites\/12\/2026\/01\/8l4xr3t-1.jpg","datePublished":"2026-01-15T16:21:04+00:00","dateModified":"2026-02-10T09:12:31+00:00","breadcrumb":{"@id":"https:\/\/mekulo.com\/dk\/produkt\/touch-light-til-haandtasken\/#breadcrumb"},"inLanguage":"da-DK","potentialAction":[{"@type":"ReadAction","target":["https:\/\/mekulo.com\/dk\/produkt\/touch-light-til-haandtasken\/"]}]},{"@type":"ImageObject","inLanguage":"da-DK","@id":"https:\/\/mekulo.com\/dk\/produkt\/touch-light-til-haandtasken\/#primaryimage","url":"https:\/\/mekulo.com\/dk\/wp-content\/uploads\/sites\/12\/2026\/01\/8l4xr3t-1.jpg","contentUrl":"https:\/\/mekulo.com\/dk\/wp-content\/uploads\/sites\/12\/2026\/01\/8l4xr3t-1.jpg","width":960,"height":960},{"@type":"BreadcrumbList","@id":"https:\/\/mekulo.com\/dk\/produkt\/touch-light-til-haandtasken\/#breadcrumb","itemListElement":[{"@type":"ListItem","position":1,"name":"Home","item":"https:\/\/mekulo.com\/dk\/"},{"@type":"ListItem","position":2,"name":"Butik","item":"https:\/\/mekulo.com\/dk\/butik\/"},{"@type":"ListItem","position":3,"name":"Touch-lys til din h\u00e5ndtaske"}]},{"@type":"WebSite","@id":"https:\/\/mekulo.com\/dk\/#website","url":"https:\/\/mekulo.com\/dk\/","name":"Mekulo DK","description":"","publisher":{"@id":"https:\/\/mekulo.com\/dk\/#organization"},"potentialAction":[{"@type":"SearchAction","target":{"@type":"EntryPoint","urlTemplate":"https:\/\/mekulo.com\/dk\/?s={search_term_string}"},"query-input":{"@type":"PropertyValueSpecification","valueRequired":true,"valueName":"search_term_string"}}],"inLanguage":"da-DK"},{"@type":"Organization","@id":"https:\/\/mekulo.com\/dk\/#organization","name":"Mekulo","url":"https:\/\/mekulo.com\/dk\/","logo":{"@type":"ImageObject","inLanguage":"da-DK","@id":"https:\/\/mekulo.com\/dk\/#\/schema\/logo\/image\/","url":"https:\/\/mekulo.com\/dk\/wp-content\/uploads\/sites\/12\/2025\/12\/favicon_mekulo.png","contentUrl":"https:\/\/mekulo.com\/dk\/wp-content\/uploads\/sites\/12\/2025\/12\/favicon_mekulo.png","width":50,"height":50,"caption":"Mekulo"},"image":{"@id":"https:\/\/mekulo.com\/dk\/#\/schema\/logo\/image\/"}}]}},"_links":{"self":[{"href":"https:\/\/mekulo.com\/dk\/wp-json\/wp\/v2\/product\/17927","targetHints":{"allow":["GET"]}}],"collection":[{"href":"https:\/\/mekulo.com\/dk\/wp-json\/wp\/v2\/product"}],"about":[{"href":"https:\/\/mekulo.com\/dk\/wp-json\/wp\/v2\/types\/product"}],"replies":[{"embeddable":true,"href":"https:\/\/mekulo.com\/dk\/wp-json\/wp\/v2\/comments?post=17927"}],"wp:featuredmedia":[{"embeddable":true,"href":"https:\/\/mekulo.com\/dk\/wp-json\/wp\/v2\/media\/17923"}],"wp:attachment":[{"href":"https:\/\/mekulo.com\/dk\/wp-json\/wp\/v2\/media?parent=17927"}],"wp:term":[{"taxonomy":"product_brand","embeddable":true,"href":"https:\/\/mekulo.com\/dk\/wp-json\/wp\/v2\/product_brand?post=17927"},{"taxonomy":"product_cat","embeddable":true,"href":"https:\/\/mekulo.com\/dk\/wp-json\/wp\/v2\/product_cat?post=17927"},{"taxonomy":"product_tag","embeddable":true,"href":"https:\/\/mekulo.com\/dk\/wp-json\/wp\/v2\/product_tag?post=17927"}],"curies":[{"name":"wp","href":"https:\/\/api.w.org\/{rel}","templated":true}]}}