{"id":17863,"date":"2026-01-15T18:17:09","date_gmt":"2026-01-15T16:17:09","guid":{"rendered":"https:\/\/mekulo.com\/dk\/produkt\/telefonstrop-med-lynlaaslomme\/"},"modified":"2026-01-21T15:05:23","modified_gmt":"2026-01-21T13:05:23","slug":"telefonstrop-med-lynlaaslomme","status":"publish","type":"product","link":"https:\/\/mekulo.com\/dk\/produkt\/telefonstrop-med-lynlaaslomme\/","title":{"rendered":"Telefonstrop med lynl\u00e5slomme"},"content":{"rendered":"<p style=\"text-align: center;\" data-start=\"0\" data-end=\"65\"><strong data-start=\"0\" data-end=\"65\">B\u00e6r din telefon, kort og kontanter h\u00e5ndfrit, uanset hvor du g\u00e5r. \ud83d\udcb3<\/strong><\/p>\n<p data-start=\"0\" data-end=\"65\"><img fetchpriority=\"high\" decoding=\"async\" class=\"size-full wp-image-20196 aligncenter\" src=\"https:\/\/mekulo.com\/template\/wp-content\/uploads\/sites\/6\/2026\/01\/S4776ea4306d5432d8871bba541a8df22M.webp\" alt=\"\" width=\"800\" height=\"800\" \/><\/p>\n<h2 style=\"text-align: center;\" data-start=\"474\" data-end=\"493\">Vigtigste fordele<\/h2>\n<p data-start=\"497\" data-end=\"571\">\ud83c\udf92 H\u00e5ndfri bekvemmelighed &#8211; Hold din telefon t\u00e6t p\u00e5 uden at holde den.<\/p>\n<p data-start=\"574\" data-end=\"633\">\ud83d\udd10 Sikker lynl\u00e5slomme &#8211; Opbevar kort og kontanter sikkert.<\/p>\n<p data-start=\"636\" data-end=\"706\">\ud83d\udd04 Multi-stil design &#8211; Brug som skuldertaske, armb\u00e5nd eller taskerem.<\/p>\n<p data-start=\"636\" data-end=\"706\">\ud83d\udcf1 Universel pasform &#8211; Fungerer med n\u00e6sten alle telefonmodeller.<\/p>\n<p data-start=\"770\" data-end=\"835\">\ud83c\udf81 Fantastisk gaveid\u00e9 &#8211; Stilfuld og praktisk til daglig brug.<\/p>\n<p data-start=\"770\" data-end=\"835\"><img decoding=\"async\" class=\"size-full wp-image-20200 aligncenter\" src=\"https:\/\/mekulo.com\/template\/wp-content\/uploads\/sites\/6\/2026\/01\/0266b34763b8afa01eb9ca51f020fee250c0af05-800.avif\" alt=\"\" \/><\/p>\n<h2 style=\"text-align: center;\" data-start=\"842\" data-end=\"859\"><strong>S\u00e5dan Bruges<\/strong><\/h2>\n<ol data-start=\"861\" data-end=\"1159\">\n<li data-start=\"861\" data-end=\"934\">\n<p data-start=\"864\" data-end=\"934\">Inds\u00e6t telefonkortet i \u00e5bningen til opladningsporten p\u00e5 dit etui.<\/p>\n<\/li>\n<li data-start=\"935\" data-end=\"984\">\n<p data-start=\"938\" data-end=\"984\">S\u00e6t remmen sikkert fast p\u00e5 telefonkortet.<\/p>\n<\/li>\n<li data-start=\"985\" data-end=\"1055\">\n<p data-start=\"988\" data-end=\"1055\">Juster remmens l\u00e6ngde, s\u00e5 den kan b\u00e6res p\u00e5 tv\u00e6rs af kroppen eller som h\u00e5ndledsrem.<\/p>\n<\/li>\n<li data-start=\"1056\" data-end=\"1102\">\n<p data-start=\"1059\" data-end=\"1102\">Placer kort eller kontanter i lynl\u00e5slommen.<\/p>\n<\/li>\n<li data-start=\"1103\" data-end=\"1159\">\n<p data-start=\"1106\" data-end=\"1159\">Nyd h\u00e5ndfri brug, mens du holder din telefon sikker.<\/p>\n<\/li>\n<\/ol>\n<h2 style=\"text-align: center;\" data-start=\"1166\" data-end=\"1188\"><strong>Produktdetaljer<\/strong><\/h2>\n<ul data-start=\"1190\" data-end=\"1446\">\n<li data-start=\"1230\" data-end=\"1249\">\n<p data-start=\"1232\" data-end=\"1249\">Materiale: Nylon<\/p>\n<\/li>\n<li data-start=\"1250\" data-end=\"1272\">\n<p data-start=\"1252\" data-end=\"1272\">V\u00e6gt: Ca. 160 g<\/p>\n<\/li>\n<li data-start=\"1273\" data-end=\"1332\">\n<p data-start=\"1275\" data-end=\"1332\">Justerbar st\u00f8rrelse: 53 &#8211; 73 cm<\/p>\n<\/li>\n<li data-start=\"1396\" data-end=\"1446\">\n<p data-start=\"1398\" data-end=\"1446\">Kompatibilitet: Universal til de fleste telefonmodeller<\/p>\n<\/li>\n<\/ul>\n<h2 style=\"text-align: center;\"><strong>Pakken indeholder<\/strong><\/h2>\n<ul data-start=\"1478\" data-end=\"1516\">\n<li data-start=\"1478\" data-end=\"1516\">\n<p data-start=\"1480\" data-end=\"1516\">1, 2x telefonrem med lynl\u00e5slomme.<\/p>\n<\/li>\n<\/ul>\n","protected":false},"excerpt":{"rendered":"<p><span style=\"font-size: 16px; font-style: normal; font-weight: 400;\"><span style=\"font-size: 16px; font-style: normal; font-weight: 400;\">\ud83d\udcf1<\/span>Denne alsidige telefonrem med lynl\u00e5slomme fungerer som skuldertaske, h\u00e5ndledsrem eller armb\u00e5nd, mens den holder din telefon, kort og kontanter p\u00e5 \u00e9t sted.<br \/>\n<\/span><span style=\"font-size: 16px; font-style: normal; font-weight: 400;\">\u2728<\/span><span style=\"font-size: 16px; font-style: normal; font-weight: 400;\">Den hj\u00e6lper med at forhindre fald og tab, hvilket g\u00f8r den perfekt til arbejde, rejser, shopping eller daglige \u00e6rinder.<br \/>\n\ud83d\udc5dEn smart og stilfuld m\u00e5de at holde din telefon sikker, tilg\u00e6ngelig og altid inden for r\u00e6kkevidde.<\/span><\/p>\n","protected":false},"featured_media":17859,"comment_status":"open","ping_status":"closed","template":"","meta":{"site-sidebar-layout":"default","site-content-layout":"","ast-site-content-layout":"default","site-content-style":"default","site-sidebar-style":"default","ast-global-header-display":"","ast-banner-title-visibility":"","ast-main-header-display":"","ast-hfb-above-header-display":"","ast-hfb-below-header-display":"","ast-hfb-mobile-header-display":"","site-post-title":"","ast-breadcrumbs-content":"","ast-featured-img":"","footer-sml-layout":"","ast-disable-related-posts":"","theme-transparent-header-meta":"default","adv-header-id-meta":"","stick-header-meta":"","header-above-stick-meta":"","header-main-stick-meta":"","header-below-stick-meta":"","astra-migrate-meta-layouts":"set","ast-page-background-enabled":"default","ast-page-background-meta":{"desktop":{"background-color":"var(--ast-global-color-5)","background-image":"","background-repeat":"repeat","background-position":"center center","background-size":"auto","background-attachment":"scroll","background-type":"","background-media":"","overlay-type":"","overlay-color":"","overlay-opacity":"","overlay-gradient":""},"tablet":{"background-color":"","background-image":"","background-repeat":"repeat","background-position":"center center","background-size":"auto","background-attachment":"scroll","background-type":"","background-media":"","overlay-type":"","overlay-color":"","overlay-opacity":"","overlay-gradient":""},"mobile":{"background-color":"","background-image":"","background-repeat":"repeat","background-position":"center center","background-size":"auto","background-attachment":"scroll","background-type":"","background-media":"","overlay-type":"","overlay-color":"","overlay-opacity":"","overlay-gradient":""}},"ast-content-background-meta":{"desktop":{"background-color":"var(--ast-global-color-4)","background-image":"","background-repeat":"repeat","background-position":"center center","background-size":"auto","background-attachment":"scroll","background-type":"","background-media":"","overlay-type":"","overlay-color":"","overlay-opacity":"","overlay-gradient":""},"tablet":{"background-color":"var(--ast-global-color-4)","background-image":"","background-repeat":"repeat","background-position":"center center","background-size":"auto","background-attachment":"scroll","background-type":"","background-media":"","overlay-type":"","overlay-color":"","overlay-opacity":"","overlay-gradient":""},"mobile":{"background-color":"var(--ast-global-color-4)","background-image":"","background-repeat":"repeat","background-position":"center center","background-size":"auto","background-attachment":"scroll","background-type":"","background-media":"","overlay-type":"","overlay-color":"","overlay-opacity":"","overlay-gradient":""}}},"product_brand":[],"product_cat":[165],"product_tag":[],"class_list":{"0":"post-17863","1":"product","2":"type-product","3":"status-publish","4":"has-post-thumbnail","6":"product_cat-fodtoej-tilbehoer","7":"pa_67859_3uywgxl5-1-stk","8":"pa_67859_3uywgxl5-2-stk","9":"pa_67859_i2gwh9pu-a","10":"pa_67859_i2gwh9pu-b","11":"pa_67859_i2gwh9pu-c","12":"pa_67859_i2gwh9pu-d","13":"pa_67859_i2gwh9pu-e","14":"pa_67859_i2gwh9pu-f","15":"pa_67859_i2gwh9pu-g","16":"pa_67859_i2gwh9pu-h","17":"pa_67859_i2gwh9pu-i","18":"pa_67859_i2gwh9pu-j","19":"desktop-align-left","20":"tablet-align-left","21":"mobile-align-left","23":"first","24":"instock","25":"shipping-taxable","26":"purchasable","27":"product-type-variable","28":"has-default-attributes"},"yoast_head":"<!-- This site is optimized with the Yoast SEO plugin v27.4 - https:\/\/yoast.com\/product\/yoast-seo-wordpress\/ -->\n<title>Telefonstrop med lynl\u00e5slomme - Mekulo DK<\/title>\n<meta name=\"robots\" content=\"index, follow, max-snippet:-1, max-image-preview:large, max-video-preview:-1\" \/>\n<link rel=\"canonical\" href=\"https:\/\/mekulo.com\/dk\/produkt\/telefonstrop-med-lynlaaslomme\/\" \/>\n<meta property=\"og:locale\" content=\"da_DK\" \/>\n<meta property=\"og:type\" content=\"article\" \/>\n<meta property=\"og:title\" content=\"Telefonstrop med lynl\u00e5slomme - Mekulo DK\" \/>\n<meta property=\"og:description\" content=\"\ud83d\udcf1Denne alsidige telefonrem med lynl\u00e5slomme fungerer som skuldertaske, h\u00e5ndledsrem eller armb\u00e5nd, mens den holder din telefon, kort og kontanter p\u00e5 \u00e9t sted. \u2728Den hj\u00e6lper med at forhindre fald og tab, hvilket g\u00f8r den perfekt til arbejde, rejser, shopping eller daglige \u00e6rinder. \ud83d\udc5dEn smart og stilfuld m\u00e5de at holde din telefon sikker, tilg\u00e6ngelig og altid inden for r\u00e6kkevidde.\" \/>\n<meta property=\"og:url\" content=\"https:\/\/mekulo.com\/dk\/produkt\/telefonstrop-med-lynlaaslomme\/\" \/>\n<meta property=\"og:site_name\" content=\"Mekulo DK\" \/>\n<meta property=\"article:modified_time\" content=\"2026-01-21T13:05:23+00:00\" \/>\n<meta property=\"og:image\" content=\"https:\/\/mekulo.com\/dk\/wp-content\/uploads\/sites\/12\/2026\/01\/dpk6pza-1.jpg\" \/>\n\t<meta property=\"og:image:width\" content=\"960\" \/>\n\t<meta property=\"og:image:height\" content=\"960\" \/>\n\t<meta property=\"og:image:type\" content=\"image\/jpeg\" \/>\n<meta name=\"twitter:card\" content=\"summary_large_image\" \/>\n<meta name=\"twitter:label1\" content=\"Estimeret l\u00e6setid\" \/>\n\t<meta name=\"twitter:data1\" content=\"2 minutter\" \/>\n<script type=\"application\/ld+json\" class=\"yoast-schema-graph\">{\"@context\":\"https:\\\/\\\/schema.org\",\"@graph\":[{\"@type\":\"WebPage\",\"@id\":\"https:\\\/\\\/mekulo.com\\\/dk\\\/produkt\\\/telefonstrop-med-lynlaaslomme\\\/\",\"url\":\"https:\\\/\\\/mekulo.com\\\/dk\\\/produkt\\\/telefonstrop-med-lynlaaslomme\\\/\",\"name\":\"Telefonstrop med lynl\u00e5slomme - Mekulo DK\",\"isPartOf\":{\"@id\":\"https:\\\/\\\/mekulo.com\\\/dk\\\/#website\"},\"primaryImageOfPage\":{\"@id\":\"https:\\\/\\\/mekulo.com\\\/dk\\\/produkt\\\/telefonstrop-med-lynlaaslomme\\\/#primaryimage\"},\"image\":{\"@id\":\"https:\\\/\\\/mekulo.com\\\/dk\\\/produkt\\\/telefonstrop-med-lynlaaslomme\\\/#primaryimage\"},\"thumbnailUrl\":\"https:\\\/\\\/mekulo.com\\\/dk\\\/wp-content\\\/uploads\\\/sites\\\/12\\\/2026\\\/01\\\/dpk6pza-1.jpg\",\"datePublished\":\"2026-01-15T16:17:09+00:00\",\"dateModified\":\"2026-01-21T13:05:23+00:00\",\"breadcrumb\":{\"@id\":\"https:\\\/\\\/mekulo.com\\\/dk\\\/produkt\\\/telefonstrop-med-lynlaaslomme\\\/#breadcrumb\"},\"inLanguage\":\"da-DK\",\"potentialAction\":[{\"@type\":\"ReadAction\",\"target\":[\"https:\\\/\\\/mekulo.com\\\/dk\\\/produkt\\\/telefonstrop-med-lynlaaslomme\\\/\"]}]},{\"@type\":\"ImageObject\",\"inLanguage\":\"da-DK\",\"@id\":\"https:\\\/\\\/mekulo.com\\\/dk\\\/produkt\\\/telefonstrop-med-lynlaaslomme\\\/#primaryimage\",\"url\":\"https:\\\/\\\/mekulo.com\\\/dk\\\/wp-content\\\/uploads\\\/sites\\\/12\\\/2026\\\/01\\\/dpk6pza-1.jpg\",\"contentUrl\":\"https:\\\/\\\/mekulo.com\\\/dk\\\/wp-content\\\/uploads\\\/sites\\\/12\\\/2026\\\/01\\\/dpk6pza-1.jpg\",\"width\":960,\"height\":960},{\"@type\":\"BreadcrumbList\",\"@id\":\"https:\\\/\\\/mekulo.com\\\/dk\\\/produkt\\\/telefonstrop-med-lynlaaslomme\\\/#breadcrumb\",\"itemListElement\":[{\"@type\":\"ListItem\",\"position\":1,\"name\":\"Home\",\"item\":\"https:\\\/\\\/mekulo.com\\\/dk\\\/\"},{\"@type\":\"ListItem\",\"position\":2,\"name\":\"Butik\",\"item\":\"https:\\\/\\\/mekulo.com\\\/dk\\\/butik\\\/\"},{\"@type\":\"ListItem\",\"position\":3,\"name\":\"Telefonstrop med lynl\u00e5slomme\"}]},{\"@type\":\"WebSite\",\"@id\":\"https:\\\/\\\/mekulo.com\\\/dk\\\/#website\",\"url\":\"https:\\\/\\\/mekulo.com\\\/dk\\\/\",\"name\":\"Mekulo DK\",\"description\":\"\",\"publisher\":{\"@id\":\"https:\\\/\\\/mekulo.com\\\/dk\\\/#organization\"},\"potentialAction\":[{\"@type\":\"SearchAction\",\"target\":{\"@type\":\"EntryPoint\",\"urlTemplate\":\"https:\\\/\\\/mekulo.com\\\/dk\\\/?s={search_term_string}\"},\"query-input\":{\"@type\":\"PropertyValueSpecification\",\"valueRequired\":true,\"valueName\":\"search_term_string\"}}],\"inLanguage\":\"da-DK\"},{\"@type\":\"Organization\",\"@id\":\"https:\\\/\\\/mekulo.com\\\/dk\\\/#organization\",\"name\":\"Mekulo\",\"url\":\"https:\\\/\\\/mekulo.com\\\/dk\\\/\",\"logo\":{\"@type\":\"ImageObject\",\"inLanguage\":\"da-DK\",\"@id\":\"https:\\\/\\\/mekulo.com\\\/dk\\\/#\\\/schema\\\/logo\\\/image\\\/\",\"url\":\"https:\\\/\\\/mekulo.com\\\/dk\\\/wp-content\\\/uploads\\\/sites\\\/12\\\/2025\\\/12\\\/favicon_mekulo.png\",\"contentUrl\":\"https:\\\/\\\/mekulo.com\\\/dk\\\/wp-content\\\/uploads\\\/sites\\\/12\\\/2025\\\/12\\\/favicon_mekulo.png\",\"width\":50,\"height\":50,\"caption\":\"Mekulo\"},\"image\":{\"@id\":\"https:\\\/\\\/mekulo.com\\\/dk\\\/#\\\/schema\\\/logo\\\/image\\\/\"}}]}<\/script>\n<!-- \/ Yoast SEO plugin. -->","yoast_head_json":{"title":"Telefonstrop med lynl\u00e5slomme - Mekulo DK","robots":{"index":"index","follow":"follow","max-snippet":"max-snippet:-1","max-image-preview":"max-image-preview:large","max-video-preview":"max-video-preview:-1"},"canonical":"https:\/\/mekulo.com\/dk\/produkt\/telefonstrop-med-lynlaaslomme\/","og_locale":"da_DK","og_type":"article","og_title":"Telefonstrop med lynl\u00e5slomme - Mekulo DK","og_description":"\ud83d\udcf1Denne alsidige telefonrem med lynl\u00e5slomme fungerer som skuldertaske, h\u00e5ndledsrem eller armb\u00e5nd, mens den holder din telefon, kort og kontanter p\u00e5 \u00e9t sted. \u2728Den hj\u00e6lper med at forhindre fald og tab, hvilket g\u00f8r den perfekt til arbejde, rejser, shopping eller daglige \u00e6rinder. \ud83d\udc5dEn smart og stilfuld m\u00e5de at holde din telefon sikker, tilg\u00e6ngelig og altid inden for r\u00e6kkevidde.","og_url":"https:\/\/mekulo.com\/dk\/produkt\/telefonstrop-med-lynlaaslomme\/","og_site_name":"Mekulo DK","article_modified_time":"2026-01-21T13:05:23+00:00","og_image":[{"width":960,"height":960,"url":"https:\/\/mekulo.com\/dk\/wp-content\/uploads\/sites\/12\/2026\/01\/dpk6pza-1.jpg","type":"image\/jpeg"}],"twitter_card":"summary_large_image","twitter_misc":{"Estimeret l\u00e6setid":"2 minutter"},"schema":{"@context":"https:\/\/schema.org","@graph":[{"@type":"WebPage","@id":"https:\/\/mekulo.com\/dk\/produkt\/telefonstrop-med-lynlaaslomme\/","url":"https:\/\/mekulo.com\/dk\/produkt\/telefonstrop-med-lynlaaslomme\/","name":"Telefonstrop med lynl\u00e5slomme - Mekulo DK","isPartOf":{"@id":"https:\/\/mekulo.com\/dk\/#website"},"primaryImageOfPage":{"@id":"https:\/\/mekulo.com\/dk\/produkt\/telefonstrop-med-lynlaaslomme\/#primaryimage"},"image":{"@id":"https:\/\/mekulo.com\/dk\/produkt\/telefonstrop-med-lynlaaslomme\/#primaryimage"},"thumbnailUrl":"https:\/\/mekulo.com\/dk\/wp-content\/uploads\/sites\/12\/2026\/01\/dpk6pza-1.jpg","datePublished":"2026-01-15T16:17:09+00:00","dateModified":"2026-01-21T13:05:23+00:00","breadcrumb":{"@id":"https:\/\/mekulo.com\/dk\/produkt\/telefonstrop-med-lynlaaslomme\/#breadcrumb"},"inLanguage":"da-DK","potentialAction":[{"@type":"ReadAction","target":["https:\/\/mekulo.com\/dk\/produkt\/telefonstrop-med-lynlaaslomme\/"]}]},{"@type":"ImageObject","inLanguage":"da-DK","@id":"https:\/\/mekulo.com\/dk\/produkt\/telefonstrop-med-lynlaaslomme\/#primaryimage","url":"https:\/\/mekulo.com\/dk\/wp-content\/uploads\/sites\/12\/2026\/01\/dpk6pza-1.jpg","contentUrl":"https:\/\/mekulo.com\/dk\/wp-content\/uploads\/sites\/12\/2026\/01\/dpk6pza-1.jpg","width":960,"height":960},{"@type":"BreadcrumbList","@id":"https:\/\/mekulo.com\/dk\/produkt\/telefonstrop-med-lynlaaslomme\/#breadcrumb","itemListElement":[{"@type":"ListItem","position":1,"name":"Home","item":"https:\/\/mekulo.com\/dk\/"},{"@type":"ListItem","position":2,"name":"Butik","item":"https:\/\/mekulo.com\/dk\/butik\/"},{"@type":"ListItem","position":3,"name":"Telefonstrop med lynl\u00e5slomme"}]},{"@type":"WebSite","@id":"https:\/\/mekulo.com\/dk\/#website","url":"https:\/\/mekulo.com\/dk\/","name":"Mekulo DK","description":"","publisher":{"@id":"https:\/\/mekulo.com\/dk\/#organization"},"potentialAction":[{"@type":"SearchAction","target":{"@type":"EntryPoint","urlTemplate":"https:\/\/mekulo.com\/dk\/?s={search_term_string}"},"query-input":{"@type":"PropertyValueSpecification","valueRequired":true,"valueName":"search_term_string"}}],"inLanguage":"da-DK"},{"@type":"Organization","@id":"https:\/\/mekulo.com\/dk\/#organization","name":"Mekulo","url":"https:\/\/mekulo.com\/dk\/","logo":{"@type":"ImageObject","inLanguage":"da-DK","@id":"https:\/\/mekulo.com\/dk\/#\/schema\/logo\/image\/","url":"https:\/\/mekulo.com\/dk\/wp-content\/uploads\/sites\/12\/2025\/12\/favicon_mekulo.png","contentUrl":"https:\/\/mekulo.com\/dk\/wp-content\/uploads\/sites\/12\/2025\/12\/favicon_mekulo.png","width":50,"height":50,"caption":"Mekulo"},"image":{"@id":"https:\/\/mekulo.com\/dk\/#\/schema\/logo\/image\/"}}]}},"_links":{"self":[{"href":"https:\/\/mekulo.com\/dk\/wp-json\/wp\/v2\/product\/17863","targetHints":{"allow":["GET"]}}],"collection":[{"href":"https:\/\/mekulo.com\/dk\/wp-json\/wp\/v2\/product"}],"about":[{"href":"https:\/\/mekulo.com\/dk\/wp-json\/wp\/v2\/types\/product"}],"replies":[{"embeddable":true,"href":"https:\/\/mekulo.com\/dk\/wp-json\/wp\/v2\/comments?post=17863"}],"wp:featuredmedia":[{"embeddable":true,"href":"https:\/\/mekulo.com\/dk\/wp-json\/wp\/v2\/media\/17859"}],"wp:attachment":[{"href":"https:\/\/mekulo.com\/dk\/wp-json\/wp\/v2\/media?parent=17863"}],"wp:term":[{"taxonomy":"product_brand","embeddable":true,"href":"https:\/\/mekulo.com\/dk\/wp-json\/wp\/v2\/product_brand?post=17863"},{"taxonomy":"product_cat","embeddable":true,"href":"https:\/\/mekulo.com\/dk\/wp-json\/wp\/v2\/product_cat?post=17863"},{"taxonomy":"product_tag","embeddable":true,"href":"https:\/\/mekulo.com\/dk\/wp-json\/wp\/v2\/product_tag?post=17863"}],"curies":[{"name":"wp","href":"https:\/\/api.w.org\/{rel}","templated":true}]}}