{"id":17768,"date":"2026-01-13T19:30:56","date_gmt":"2026-01-13T17:30:56","guid":{"rendered":"https:\/\/mekulo.com\/dk\/produkt\/laeringsspil-om-multiplikation\/"},"modified":"2026-02-03T17:19:16","modified_gmt":"2026-02-03T15:19:16","slug":"laeringsspil-om-multiplikation","status":"publish","type":"product","link":"https:\/\/mekulo.com\/dk\/produkt\/laeringsspil-om-multiplikation\/","title":{"rendered":"L\u00e6ringsspil om multiplikation"},"content":{"rendered":"<p style=\"text-align: center;\" data-start=\"0\" data-end=\"55\"><strong data-start=\"0\" data-end=\"55\">G\u00f8r det nemt, visuelt og sjovt at l\u00e6re multiplikation.\u2716\ufe0f<\/strong><\/p>\n<p data-start=\"0\" data-end=\"55\"><img decoding=\"async\" class=\"size-full wp-image-20128 aligncenter\" src=\"https:\/\/mekulo.com\/template\/wp-content\/uploads\/sites\/6\/2026\/01\/f83e08dd04626183f740d086cdca8db6214967ce-800.avif\" alt=\"\" \/><\/p>\n<h2 style=\"text-align: center;\" data-start=\"519\" data-end=\"538\">Vigtigste fordele<\/h2>\n<p data-start=\"542\" data-end=\"620\">\ud83e\udde0 Opbygger talforst\u00e5else &#8211; L\u00e6rer m\u00f8nstre, ikke bare udenadsl\u00e6re.<\/p>\n<p data-start=\"623\" data-end=\"691\">\ud83c\udfb2 L\u00e6ring gennem leg &#8211; G\u00f8r matematik\u00f8velse til et sjovt spil.<\/p>\n<p data-start=\"694\" data-end=\"758\">\ud83d\udc67\ud83d\udc66 Gruppe- eller solospil &#8211; Perfekt til b\u00f8rn, der l\u00e6rer sammen.<\/p>\n<p data-start=\"761\" data-end=\"825\">\ud83c\udf31 Sikkert naturtr\u00e6 &#8211; Glat, holdbart og b\u00f8rnevenligt.<\/p>\n<p data-start=\"828\" data-end=\"895\">\ud83c\udf92 B\u00e6rbart design &#8211; Let at bruge derhjemme, i skolen eller udend\u00f8rs.<\/p>\n<p data-start=\"828\" data-end=\"895\"><img fetchpriority=\"high\" decoding=\"async\" class=\"size-full wp-image-20126 aligncenter\" src=\"https:\/\/mekulo.com\/template\/wp-content\/uploads\/sites\/6\/2026\/01\/Sed6108a0f0f74f0baf39bd17fa4f255fp.jpg_960x960q75.jpg_.avif\" alt=\"\" width=\"800\" height=\"800\" \/><\/p>\n<h2 style=\"text-align: center;\" data-start=\"902\" data-end=\"919\"><strong>S\u00e5dan Bruges<\/strong><\/h2>\n<ol data-start=\"921\" data-end=\"1214\">\n<li data-start=\"921\" data-end=\"974\">\n<p data-start=\"924\" data-end=\"974\">S\u00e6t bundpladen af tr\u00e6 p\u00e5 en flad overflade.<\/p>\n<\/li>\n<li data-start=\"975\" data-end=\"1028\">\n<p data-start=\"978\" data-end=\"1028\">Kast terningerne, eller tr\u00e6k et kort for at v\u00e6lge et tal.<\/p>\n<\/li>\n<li data-start=\"1029\" data-end=\"1099\">\n<p data-start=\"1032\" data-end=\"1099\">Brug skakbrikkerne til at markere svar p\u00e5 multiplikationstabellen.<\/p>\n<\/li>\n<li data-start=\"1100\" data-end=\"1158\">\n<p data-start=\"1103\" data-end=\"1158\">\u00d8v dig i at t\u00e6lle, gange tabeller eller quiz-lignende spil.<\/p>\n<\/li>\n<li data-start=\"1159\" data-end=\"1214\">\n<p data-start=\"1162\" data-end=\"1214\">Gentag for at opbygge hastighed og tillid til tal.<\/p>\n<\/li>\n<\/ol>\n<h2 style=\"text-align: center;\" data-start=\"1221\" data-end=\"1243\"><strong>Produktdetaljer<\/strong><\/h2>\n<ul data-start=\"1245\" data-end=\"1511\">\n<li data-start=\"1293\" data-end=\"1319\">\n<p data-start=\"1295\" data-end=\"1319\">Materiale: Naturligt tr\u00e6<\/p>\n<\/li>\n<li data-start=\"1320\" data-end=\"1357\">\n<p data-start=\"1322\" data-end=\"1357\">Overflade: Glat, gratfri finish<\/p>\n<\/li>\n<li data-start=\"1358\" data-end=\"1410\">\n<p data-start=\"1360\" data-end=\"1410\">Anvendelse: Multiplikation, t\u00e6lling, talm\u00f8nstre<\/p>\n<\/li>\n<li data-start=\"1411\" data-end=\"1471\">\n<p data-start=\"1413\" data-end=\"1471\">Velegnet til: Vuggestue, b\u00f8rnehave, grundskole<\/p>\n<\/li>\n<li data-start=\"1472\" data-end=\"1511\">\n<p data-start=\"1474\" data-end=\"1511\">L\u00e6ringsstil: Praktisk og visuelt<\/p>\n<\/li>\n<\/ul>\n<h2 style=\"text-align: center;\" data-start=\"1518\" data-end=\"1541\"><strong>Pakken indeholder<\/strong><\/h2>\n<ul data-start=\"1543\" data-end=\"1637\">\n<li data-start=\"1543\" data-end=\"1570\">\n<p data-start=\"1545\" data-end=\"1570\">1x bundplade i tr\u00e6<\/p>\n<\/li>\n<li data-start=\"1571\" data-end=\"1601\">\n<p data-start=\"1573\" data-end=\"1601\">4x skakbrikker (mark\u00f8rer)<\/p>\n<\/li>\n<li data-start=\"1602\" data-end=\"1614\">\n<p data-start=\"1604\" data-end=\"1614\">2x terninger<\/p>\n<\/li>\n<li data-start=\"1615\" data-end=\"1637\">\n<p data-start=\"1617\" data-end=\"1637\">100x talkort.<\/p>\n<\/li>\n<\/ul>\n","protected":false},"excerpt":{"rendered":"<p>\u2716\ufe0fDette multiplikationsspil g\u00f8r tal til et interaktivt spil, der hj\u00e6lper b\u00f8rn med at forst\u00e5 m\u00f8nstre, opbygge selvtillid og mestre multiplikation gennem leg.<br \/>\n\ud83c\udfb2Med spillebrikker, terninger og kort kan b\u00f8rn \u00f8ve sig i at t\u00e6lle og multiplicere p\u00e5 en sjov og praktisk m\u00e5de derhjemme eller i skolen.<br \/>\n\u2795En smart og legende m\u00e5de at hj\u00e6lpe b\u00f8rn med at elske matematik og l\u00e6re hurtigere.<\/p>\n","protected":false},"featured_media":17764,"comment_status":"open","ping_status":"closed","template":"","meta":{"site-sidebar-layout":"default","site-content-layout":"","ast-site-content-layout":"default","site-content-style":"default","site-sidebar-style":"default","ast-global-header-display":"","ast-banner-title-visibility":"","ast-main-header-display":"","ast-hfb-above-header-display":"","ast-hfb-below-header-display":"","ast-hfb-mobile-header-display":"","site-post-title":"","ast-breadcrumbs-content":"","ast-featured-img":"","footer-sml-layout":"","theme-transparent-header-meta":"default","adv-header-id-meta":"","stick-header-meta":"","header-above-stick-meta":"","header-main-stick-meta":"","header-below-stick-meta":"","astra-migrate-meta-layouts":"set","ast-page-background-enabled":"default","ast-page-background-meta":{"desktop":{"background-color":"var(--ast-global-color-5)","background-image":"","background-repeat":"repeat","background-position":"center center","background-size":"auto","background-attachment":"scroll","background-type":"","background-media":"","overlay-type":"","overlay-color":"","overlay-opacity":"","overlay-gradient":""},"tablet":{"background-color":"","background-image":"","background-repeat":"repeat","background-position":"center center","background-size":"auto","background-attachment":"scroll","background-type":"","background-media":"","overlay-type":"","overlay-color":"","overlay-opacity":"","overlay-gradient":""},"mobile":{"background-color":"","background-image":"","background-repeat":"repeat","background-position":"center center","background-size":"auto","background-attachment":"scroll","background-type":"","background-media":"","overlay-type":"","overlay-color":"","overlay-opacity":"","overlay-gradient":""}},"ast-content-background-meta":{"desktop":{"background-color":"var(--ast-global-color-4)","background-image":"","background-repeat":"repeat","background-position":"center center","background-size":"auto","background-attachment":"scroll","background-type":"","background-media":"","overlay-type":"","overlay-color":"","overlay-opacity":"","overlay-gradient":""},"tablet":{"background-color":"var(--ast-global-color-4)","background-image":"","background-repeat":"repeat","background-position":"center center","background-size":"auto","background-attachment":"scroll","background-type":"","background-media":"","overlay-type":"","overlay-color":"","overlay-opacity":"","overlay-gradient":""},"mobile":{"background-color":"var(--ast-global-color-4)","background-image":"","background-repeat":"repeat","background-position":"center center","background-size":"auto","background-attachment":"scroll","background-type":"","background-media":"","overlay-type":"","overlay-color":"","overlay-opacity":"","overlay-gradient":""}}},"product_brand":[],"product_cat":[172],"product_tag":[],"class_list":{"0":"post-17768","1":"product","2":"type-product","3":"status-publish","4":"has-post-thumbnail","6":"product_cat-legetoej-boerne-og-babyprodukter","7":"desktop-align-left","8":"tablet-align-left","9":"mobile-align-left","11":"first","12":"instock","13":"shipping-taxable","14":"purchasable","15":"product-type-simple"},"yoast_head":"<!-- This site is optimized with the Yoast SEO plugin v26.6 - https:\/\/yoast.com\/wordpress\/plugins\/seo\/ -->\n<title>L\u00e6ringsspil om multiplikation - Mekulo DK<\/title>\n<meta name=\"robots\" content=\"index, follow, max-snippet:-1, max-image-preview:large, max-video-preview:-1\" \/>\n<link rel=\"canonical\" href=\"https:\/\/mekulo.com\/dk\/produkt\/laeringsspil-om-multiplikation\/\" \/>\n<meta property=\"og:locale\" content=\"da_DK\" \/>\n<meta property=\"og:type\" content=\"article\" \/>\n<meta property=\"og:title\" content=\"L\u00e6ringsspil om multiplikation - Mekulo DK\" \/>\n<meta property=\"og:description\" content=\"\u2716\ufe0fDette multiplikationsspil g\u00f8r tal til et interaktivt spil, der hj\u00e6lper b\u00f8rn med at forst\u00e5 m\u00f8nstre, opbygge selvtillid og mestre multiplikation gennem leg. \ud83c\udfb2Med spillebrikker, terninger og kort kan b\u00f8rn \u00f8ve sig i at t\u00e6lle og multiplicere p\u00e5 en sjov og praktisk m\u00e5de derhjemme eller i skolen. \u2795En smart og legende m\u00e5de at hj\u00e6lpe b\u00f8rn med at elske matematik og l\u00e6re hurtigere.\" \/>\n<meta property=\"og:url\" content=\"https:\/\/mekulo.com\/dk\/produkt\/laeringsspil-om-multiplikation\/\" \/>\n<meta property=\"og:site_name\" content=\"Mekulo DK\" \/>\n<meta property=\"article:modified_time\" content=\"2026-02-03T15:19:16+00:00\" \/>\n<meta property=\"og:image\" content=\"https:\/\/mekulo.com\/dk\/wp-content\/uploads\/sites\/12\/2026\/01\/sthmewg-1.jpg\" \/>\n\t<meta property=\"og:image:width\" content=\"800\" \/>\n\t<meta property=\"og:image:height\" content=\"800\" \/>\n\t<meta property=\"og:image:type\" content=\"image\/jpeg\" \/>\n<meta name=\"twitter:card\" content=\"summary_large_image\" \/>\n<meta name=\"twitter:label1\" content=\"Estimeret l\u00e6setid\" \/>\n\t<meta name=\"twitter:data1\" content=\"2 minutter\" \/>\n<script type=\"application\/ld+json\" class=\"yoast-schema-graph\">{\"@context\":\"https:\/\/schema.org\",\"@graph\":[{\"@type\":\"WebPage\",\"@id\":\"https:\/\/mekulo.com\/dk\/produkt\/laeringsspil-om-multiplikation\/\",\"url\":\"https:\/\/mekulo.com\/dk\/produkt\/laeringsspil-om-multiplikation\/\",\"name\":\"L\u00e6ringsspil om multiplikation - Mekulo DK\",\"isPartOf\":{\"@id\":\"https:\/\/mekulo.com\/dk\/#website\"},\"primaryImageOfPage\":{\"@id\":\"https:\/\/mekulo.com\/dk\/produkt\/laeringsspil-om-multiplikation\/#primaryimage\"},\"image\":{\"@id\":\"https:\/\/mekulo.com\/dk\/produkt\/laeringsspil-om-multiplikation\/#primaryimage\"},\"thumbnailUrl\":\"https:\/\/mekulo.com\/dk\/wp-content\/uploads\/sites\/12\/2026\/01\/sthmewg-1.jpg\",\"datePublished\":\"2026-01-13T17:30:56+00:00\",\"dateModified\":\"2026-02-03T15:19:16+00:00\",\"breadcrumb\":{\"@id\":\"https:\/\/mekulo.com\/dk\/produkt\/laeringsspil-om-multiplikation\/#breadcrumb\"},\"inLanguage\":\"da-DK\",\"potentialAction\":[{\"@type\":\"ReadAction\",\"target\":[\"https:\/\/mekulo.com\/dk\/produkt\/laeringsspil-om-multiplikation\/\"]}]},{\"@type\":\"ImageObject\",\"inLanguage\":\"da-DK\",\"@id\":\"https:\/\/mekulo.com\/dk\/produkt\/laeringsspil-om-multiplikation\/#primaryimage\",\"url\":\"https:\/\/mekulo.com\/dk\/wp-content\/uploads\/sites\/12\/2026\/01\/sthmewg-1.jpg\",\"contentUrl\":\"https:\/\/mekulo.com\/dk\/wp-content\/uploads\/sites\/12\/2026\/01\/sthmewg-1.jpg\",\"width\":800,\"height\":800},{\"@type\":\"BreadcrumbList\",\"@id\":\"https:\/\/mekulo.com\/dk\/produkt\/laeringsspil-om-multiplikation\/#breadcrumb\",\"itemListElement\":[{\"@type\":\"ListItem\",\"position\":1,\"name\":\"Home\",\"item\":\"https:\/\/mekulo.com\/dk\/\"},{\"@type\":\"ListItem\",\"position\":2,\"name\":\"Butik\",\"item\":\"https:\/\/mekulo.com\/dk\/butik\/\"},{\"@type\":\"ListItem\",\"position\":3,\"name\":\"L\u00e6ringsspil om multiplikation\"}]},{\"@type\":\"WebSite\",\"@id\":\"https:\/\/mekulo.com\/dk\/#website\",\"url\":\"https:\/\/mekulo.com\/dk\/\",\"name\":\"Mekulo DK\",\"description\":\"\",\"publisher\":{\"@id\":\"https:\/\/mekulo.com\/dk\/#organization\"},\"potentialAction\":[{\"@type\":\"SearchAction\",\"target\":{\"@type\":\"EntryPoint\",\"urlTemplate\":\"https:\/\/mekulo.com\/dk\/?s={search_term_string}\"},\"query-input\":{\"@type\":\"PropertyValueSpecification\",\"valueRequired\":true,\"valueName\":\"search_term_string\"}}],\"inLanguage\":\"da-DK\"},{\"@type\":\"Organization\",\"@id\":\"https:\/\/mekulo.com\/dk\/#organization\",\"name\":\"Mekulo\",\"url\":\"https:\/\/mekulo.com\/dk\/\",\"logo\":{\"@type\":\"ImageObject\",\"inLanguage\":\"da-DK\",\"@id\":\"https:\/\/mekulo.com\/dk\/#\/schema\/logo\/image\/\",\"url\":\"https:\/\/mekulo.com\/dk\/wp-content\/uploads\/sites\/12\/2025\/12\/favicon_mekulo.png\",\"contentUrl\":\"https:\/\/mekulo.com\/dk\/wp-content\/uploads\/sites\/12\/2025\/12\/favicon_mekulo.png\",\"width\":50,\"height\":50,\"caption\":\"Mekulo\"},\"image\":{\"@id\":\"https:\/\/mekulo.com\/dk\/#\/schema\/logo\/image\/\"}}]}<\/script>\n<!-- \/ Yoast SEO plugin. -->","yoast_head_json":{"title":"L\u00e6ringsspil om multiplikation - Mekulo DK","robots":{"index":"index","follow":"follow","max-snippet":"max-snippet:-1","max-image-preview":"max-image-preview:large","max-video-preview":"max-video-preview:-1"},"canonical":"https:\/\/mekulo.com\/dk\/produkt\/laeringsspil-om-multiplikation\/","og_locale":"da_DK","og_type":"article","og_title":"L\u00e6ringsspil om multiplikation - Mekulo DK","og_description":"\u2716\ufe0fDette multiplikationsspil g\u00f8r tal til et interaktivt spil, der hj\u00e6lper b\u00f8rn med at forst\u00e5 m\u00f8nstre, opbygge selvtillid og mestre multiplikation gennem leg. \ud83c\udfb2Med spillebrikker, terninger og kort kan b\u00f8rn \u00f8ve sig i at t\u00e6lle og multiplicere p\u00e5 en sjov og praktisk m\u00e5de derhjemme eller i skolen. \u2795En smart og legende m\u00e5de at hj\u00e6lpe b\u00f8rn med at elske matematik og l\u00e6re hurtigere.","og_url":"https:\/\/mekulo.com\/dk\/produkt\/laeringsspil-om-multiplikation\/","og_site_name":"Mekulo DK","article_modified_time":"2026-02-03T15:19:16+00:00","og_image":[{"width":800,"height":800,"url":"https:\/\/mekulo.com\/dk\/wp-content\/uploads\/sites\/12\/2026\/01\/sthmewg-1.jpg","type":"image\/jpeg"}],"twitter_card":"summary_large_image","twitter_misc":{"Estimeret l\u00e6setid":"2 minutter"},"schema":{"@context":"https:\/\/schema.org","@graph":[{"@type":"WebPage","@id":"https:\/\/mekulo.com\/dk\/produkt\/laeringsspil-om-multiplikation\/","url":"https:\/\/mekulo.com\/dk\/produkt\/laeringsspil-om-multiplikation\/","name":"L\u00e6ringsspil om multiplikation - Mekulo DK","isPartOf":{"@id":"https:\/\/mekulo.com\/dk\/#website"},"primaryImageOfPage":{"@id":"https:\/\/mekulo.com\/dk\/produkt\/laeringsspil-om-multiplikation\/#primaryimage"},"image":{"@id":"https:\/\/mekulo.com\/dk\/produkt\/laeringsspil-om-multiplikation\/#primaryimage"},"thumbnailUrl":"https:\/\/mekulo.com\/dk\/wp-content\/uploads\/sites\/12\/2026\/01\/sthmewg-1.jpg","datePublished":"2026-01-13T17:30:56+00:00","dateModified":"2026-02-03T15:19:16+00:00","breadcrumb":{"@id":"https:\/\/mekulo.com\/dk\/produkt\/laeringsspil-om-multiplikation\/#breadcrumb"},"inLanguage":"da-DK","potentialAction":[{"@type":"ReadAction","target":["https:\/\/mekulo.com\/dk\/produkt\/laeringsspil-om-multiplikation\/"]}]},{"@type":"ImageObject","inLanguage":"da-DK","@id":"https:\/\/mekulo.com\/dk\/produkt\/laeringsspil-om-multiplikation\/#primaryimage","url":"https:\/\/mekulo.com\/dk\/wp-content\/uploads\/sites\/12\/2026\/01\/sthmewg-1.jpg","contentUrl":"https:\/\/mekulo.com\/dk\/wp-content\/uploads\/sites\/12\/2026\/01\/sthmewg-1.jpg","width":800,"height":800},{"@type":"BreadcrumbList","@id":"https:\/\/mekulo.com\/dk\/produkt\/laeringsspil-om-multiplikation\/#breadcrumb","itemListElement":[{"@type":"ListItem","position":1,"name":"Home","item":"https:\/\/mekulo.com\/dk\/"},{"@type":"ListItem","position":2,"name":"Butik","item":"https:\/\/mekulo.com\/dk\/butik\/"},{"@type":"ListItem","position":3,"name":"L\u00e6ringsspil om multiplikation"}]},{"@type":"WebSite","@id":"https:\/\/mekulo.com\/dk\/#website","url":"https:\/\/mekulo.com\/dk\/","name":"Mekulo DK","description":"","publisher":{"@id":"https:\/\/mekulo.com\/dk\/#organization"},"potentialAction":[{"@type":"SearchAction","target":{"@type":"EntryPoint","urlTemplate":"https:\/\/mekulo.com\/dk\/?s={search_term_string}"},"query-input":{"@type":"PropertyValueSpecification","valueRequired":true,"valueName":"search_term_string"}}],"inLanguage":"da-DK"},{"@type":"Organization","@id":"https:\/\/mekulo.com\/dk\/#organization","name":"Mekulo","url":"https:\/\/mekulo.com\/dk\/","logo":{"@type":"ImageObject","inLanguage":"da-DK","@id":"https:\/\/mekulo.com\/dk\/#\/schema\/logo\/image\/","url":"https:\/\/mekulo.com\/dk\/wp-content\/uploads\/sites\/12\/2025\/12\/favicon_mekulo.png","contentUrl":"https:\/\/mekulo.com\/dk\/wp-content\/uploads\/sites\/12\/2025\/12\/favicon_mekulo.png","width":50,"height":50,"caption":"Mekulo"},"image":{"@id":"https:\/\/mekulo.com\/dk\/#\/schema\/logo\/image\/"}}]}},"_links":{"self":[{"href":"https:\/\/mekulo.com\/dk\/wp-json\/wp\/v2\/product\/17768","targetHints":{"allow":["GET"]}}],"collection":[{"href":"https:\/\/mekulo.com\/dk\/wp-json\/wp\/v2\/product"}],"about":[{"href":"https:\/\/mekulo.com\/dk\/wp-json\/wp\/v2\/types\/product"}],"replies":[{"embeddable":true,"href":"https:\/\/mekulo.com\/dk\/wp-json\/wp\/v2\/comments?post=17768"}],"wp:featuredmedia":[{"embeddable":true,"href":"https:\/\/mekulo.com\/dk\/wp-json\/wp\/v2\/media\/17764"}],"wp:attachment":[{"href":"https:\/\/mekulo.com\/dk\/wp-json\/wp\/v2\/media?parent=17768"}],"wp:term":[{"taxonomy":"product_brand","embeddable":true,"href":"https:\/\/mekulo.com\/dk\/wp-json\/wp\/v2\/product_brand?post=17768"},{"taxonomy":"product_cat","embeddable":true,"href":"https:\/\/mekulo.com\/dk\/wp-json\/wp\/v2\/product_cat?post=17768"},{"taxonomy":"product_tag","embeddable":true,"href":"https:\/\/mekulo.com\/dk\/wp-json\/wp\/v2\/product_tag?post=17768"}],"curies":[{"name":"wp","href":"https:\/\/api.w.org\/{rel}","templated":true}]}}