{"id":17675,"date":"2026-01-13T19:26:00","date_gmt":"2026-01-13T17:26:00","guid":{"rendered":"https:\/\/mekulo.com\/dk\/produkt\/organisering-af-rejsesko\/"},"modified":"2026-01-14T21:26:22","modified_gmt":"2026-01-14T19:26:22","slug":"organisering-af-rejsesko","status":"publish","type":"product","link":"https:\/\/mekulo.com\/dk\/produkt\/organisering-af-rejsesko\/","title":{"rendered":"Organisering af rejsesko"},"content":{"rendered":"<p style=\"text-align: center;\" data-start=\"0\" data-end=\"68\"><strong data-start=\"0\" data-end=\"68\">Hold Dine Sko Rene, Organiserede Og Beskyttede, Uanset Hvor Du G\u00e5r. \ud83d\udc5f<\/strong><\/p>\n<p data-start=\"0\" data-end=\"68\"><img decoding=\"async\" class=\"size-full wp-image-20046 aligncenter\" src=\"https:\/\/mekulo.com\/template\/wp-content\/uploads\/sites\/6\/2026\/01\/a77822ac0e47199c6e179aca4d076e070bb48690.avif\" alt=\"\" \/><\/p>\n<h2 style=\"text-align: center;\" data-start=\"271\" data-end=\"291\"><strong>\ud83e\uddf3 Vigtigste fordele<\/strong><\/h2>\n<p data-start=\"295\" data-end=\"349\">\ud83d\udc5f Stor kapacitet &#8211; Rummer op til 3 par sko.<\/p>\n<p data-start=\"352\" data-end=\"417\">\ud83d\uddc2\ufe0f Design med tre rum &#8211; Nem opdeling efter skotype.<\/p>\n<p data-start=\"420\" data-end=\"482\">\ud83d\udca7 Vandafvisende stof &#8211; Beskytter skoene mod fugt.<\/p>\n<p data-start=\"485\" data-end=\"546\">\u270b Nem at b\u00e6re &#8211; St\u00e6rkt toph\u00e5ndtag til hurtig transport.<\/p>\n<p data-start=\"549\" data-end=\"616\">\ud83c\udf92 Kan bruges til flere form\u00e5l &#8211; fungerer som opbevarings- eller rejsearrang\u00f8r.<\/p>\n<p data-start=\"549\" data-end=\"616\"><img fetchpriority=\"high\" decoding=\"async\" class=\"size-full wp-image-20048 aligncenter\" src=\"https:\/\/mekulo.com\/template\/wp-content\/uploads\/sites\/6\/2026\/01\/S5cbb92c57fb946e3bc1910ac9879e606o.jpg_960x960q75.jpg_.avif\" alt=\"\" width=\"790\" height=\"790\" \/><\/p>\n<h2 style=\"text-align: center;\" data-start=\"623\" data-end=\"640\"><strong>\u25b6\ufe0f S\u00e5dan Bruges<\/strong><\/h2>\n<ol data-start=\"642\" data-end=\"862\">\n<li data-start=\"642\" data-end=\"691\">\n<p data-start=\"645\" data-end=\"691\">\u00c5bn arrang\u00f8ren ved hj\u00e6lp af tovejslynl\u00e5sen.<\/p>\n<\/li>\n<li data-start=\"692\" data-end=\"745\">\n<p data-start=\"695\" data-end=\"745\">Placer skoene i hvert rum baseret p\u00e5 st\u00f8rrelse.<\/p>\n<\/li>\n<li data-start=\"746\" data-end=\"797\">\n<p data-start=\"749\" data-end=\"797\">Luk lynl\u00e5sen for at holde skoene sikre og adskilt.<\/p>\n<\/li>\n<li data-start=\"798\" data-end=\"862\">\n<p data-start=\"801\" data-end=\"862\">B\u00e6r i h\u00e5ndtaget, eller placer dem i din bagage eller i skabet.<\/p>\n<\/li>\n<\/ol>\n<h2 style=\"text-align: center;\" data-start=\"869\" data-end=\"891\"><strong>\ud83d\udcd0 Produktdetaljer<\/strong><\/h2>\n<ul data-start=\"893\" data-end=\"1190\">\n<li data-start=\"933\" data-end=\"985\">\n<p data-start=\"935\" data-end=\"985\">Materiale: Twill af h\u00f8j kvalitet \/ 600D Oxford-klud<\/p>\n<\/li>\n<li data-start=\"986\" data-end=\"1026\">\n<p data-start=\"988\" data-end=\"1026\">Design: Skorum i tre niveauer<\/p>\n<\/li>\n<li data-start=\"1027\" data-end=\"1054\">\n<p data-start=\"1029\" data-end=\"1054\">St\u00f8rrelse: 30 x 23 x 13,5 cm<\/p>\n<\/li>\n<li data-start=\"1055\" data-end=\"1080\">\n<p data-start=\"1057\" data-end=\"1080\">Form: Kompakt kubus<\/p>\n<\/li>\n<li data-start=\"1081\" data-end=\"1135\">\n<p data-start=\"1083\" data-end=\"1135\">Funktioner: Vandafvisende, slidst\u00e6rke, glatte lynl\u00e5se<\/p>\n<\/li>\n<li data-start=\"1136\" data-end=\"1190\">\n<p data-start=\"1138\" data-end=\"1190\">Anvendelse: Sko, toiletsager, makeup, undert\u00f8j, vasket\u00f8j<\/p>\n<\/li>\n<\/ul>\n<h2 style=\"text-align: center;\" data-start=\"1197\" data-end=\"1220\"><strong>\ud83d\udce6 Pakken indeholder<\/strong><\/h2>\n<ul data-start=\"1222\" data-end=\"1251\">\n<li data-start=\"1222\" data-end=\"1251\">\n<p data-start=\"1224\" data-end=\"1251\">1, 2, 3x rejsesko-organizer\/s.<\/p>\n<\/li>\n<\/ul>\n","protected":false},"excerpt":{"rendered":"<p><span style=\"font-size: 16px; font-style: normal; font-weight: 400;\">\ud83d\udc5e<\/span>Denne rejseskoorganisator opbevarer flere par i \u00e9n kompakt taske, s\u00e5 du kan holde din bagage ryddelig og dine sko adskilt fra t\u00f8jet.<br \/>\n\ud83d\udc60Den er perfekt til rejser, arbejdsrejser, sport eller opbevaring i hjemmet.<br \/>\n\ud83e\ude70En smart, pladsbesparende l\u00f8sning til at holde orden i skoene derhjemme eller p\u00e5 farten.<\/p>\n","protected":false},"featured_media":17671,"comment_status":"open","ping_status":"closed","template":"","meta":{"site-sidebar-layout":"default","site-content-layout":"","ast-site-content-layout":"default","site-content-style":"default","site-sidebar-style":"default","ast-global-header-display":"","ast-banner-title-visibility":"","ast-main-header-display":"","ast-hfb-above-header-display":"","ast-hfb-below-header-display":"","ast-hfb-mobile-header-display":"","site-post-title":"","ast-breadcrumbs-content":"","ast-featured-img":"","footer-sml-layout":"","ast-disable-related-posts":"","theme-transparent-header-meta":"default","adv-header-id-meta":"","stick-header-meta":"","header-above-stick-meta":"","header-main-stick-meta":"","header-below-stick-meta":"","astra-migrate-meta-layouts":"set","ast-page-background-enabled":"default","ast-page-background-meta":{"desktop":{"background-color":"var(--ast-global-color-5)","background-image":"","background-repeat":"repeat","background-position":"center center","background-size":"auto","background-attachment":"scroll","background-type":"","background-media":"","overlay-type":"","overlay-color":"","overlay-opacity":"","overlay-gradient":""},"tablet":{"background-color":"","background-image":"","background-repeat":"repeat","background-position":"center center","background-size":"auto","background-attachment":"scroll","background-type":"","background-media":"","overlay-type":"","overlay-color":"","overlay-opacity":"","overlay-gradient":""},"mobile":{"background-color":"","background-image":"","background-repeat":"repeat","background-position":"center center","background-size":"auto","background-attachment":"scroll","background-type":"","background-media":"","overlay-type":"","overlay-color":"","overlay-opacity":"","overlay-gradient":""}},"ast-content-background-meta":{"desktop":{"background-color":"var(--ast-global-color-4)","background-image":"","background-repeat":"repeat","background-position":"center center","background-size":"auto","background-attachment":"scroll","background-type":"","background-media":"","overlay-type":"","overlay-color":"","overlay-opacity":"","overlay-gradient":""},"tablet":{"background-color":"var(--ast-global-color-4)","background-image":"","background-repeat":"repeat","background-position":"center center","background-size":"auto","background-attachment":"scroll","background-type":"","background-media":"","overlay-type":"","overlay-color":"","overlay-opacity":"","overlay-gradient":""},"mobile":{"background-color":"var(--ast-global-color-4)","background-image":"","background-repeat":"repeat","background-position":"center center","background-size":"auto","background-attachment":"scroll","background-type":"","background-media":"","overlay-type":"","overlay-color":"","overlay-opacity":"","overlay-gradient":""}}},"product_brand":[],"product_cat":[165],"product_tag":[],"class_list":{"0":"post-17675","1":"product","2":"type-product","3":"status-publish","4":"has-post-thumbnail","6":"product_cat-fodtoej-tilbehoer","7":"pa_67051_iea1j95s-beige","8":"pa_67051_iea1j95s-blaa","9":"pa_67051_iea1j95s-graa","10":"pa_67051_iea1j95s-lyseblaa","11":"pa_67051_iea1j95s-lyseroed","12":"pa_67051_iea1j95s-sort","13":"pa_67051_jvxx893g-1-stk","14":"pa_67051_jvxx893g-2-stk","15":"pa_67051_jvxx893g-3-stk","16":"desktop-align-left","17":"tablet-align-left","18":"mobile-align-left","20":"first","21":"instock","22":"shipping-taxable","23":"purchasable","24":"product-type-variable","25":"has-default-attributes"},"yoast_head":"<!-- This site is optimized with the Yoast SEO plugin v27.4 - https:\/\/yoast.com\/product\/yoast-seo-wordpress\/ -->\n<title>Organisering af rejsesko - Mekulo DK<\/title>\n<meta name=\"robots\" content=\"index, follow, max-snippet:-1, max-image-preview:large, max-video-preview:-1\" \/>\n<link rel=\"canonical\" href=\"https:\/\/mekulo.com\/dk\/produkt\/organisering-af-rejsesko\/\" \/>\n<meta property=\"og:locale\" content=\"da_DK\" \/>\n<meta property=\"og:type\" content=\"article\" \/>\n<meta property=\"og:title\" content=\"Organisering af rejsesko - Mekulo DK\" \/>\n<meta property=\"og:description\" content=\"\ud83d\udc5eDenne rejseskoorganisator opbevarer flere par i \u00e9n kompakt taske, s\u00e5 du kan holde din bagage ryddelig og dine sko adskilt fra t\u00f8jet. \ud83d\udc60Den er perfekt til rejser, arbejdsrejser, sport eller opbevaring i hjemmet. \ud83e\ude70En smart, pladsbesparende l\u00f8sning til at holde orden i skoene derhjemme eller p\u00e5 farten.\" \/>\n<meta property=\"og:url\" content=\"https:\/\/mekulo.com\/dk\/produkt\/organisering-af-rejsesko\/\" \/>\n<meta property=\"og:site_name\" content=\"Mekulo DK\" \/>\n<meta property=\"article:modified_time\" content=\"2026-01-14T19:26:22+00:00\" \/>\n<meta property=\"og:image\" content=\"https:\/\/mekulo.com\/dk\/wp-content\/uploads\/sites\/12\/2026\/01\/ar1j1cb-1.jpg\" \/>\n\t<meta property=\"og:image:width\" content=\"800\" \/>\n\t<meta property=\"og:image:height\" content=\"800\" \/>\n\t<meta property=\"og:image:type\" content=\"image\/jpeg\" \/>\n<meta name=\"twitter:card\" content=\"summary_large_image\" \/>\n<meta name=\"twitter:label1\" content=\"Estimeret l\u00e6setid\" \/>\n\t<meta name=\"twitter:data1\" content=\"2 minutter\" \/>\n<script type=\"application\/ld+json\" class=\"yoast-schema-graph\">{\"@context\":\"https:\\\/\\\/schema.org\",\"@graph\":[{\"@type\":\"WebPage\",\"@id\":\"https:\\\/\\\/mekulo.com\\\/dk\\\/produkt\\\/organisering-af-rejsesko\\\/\",\"url\":\"https:\\\/\\\/mekulo.com\\\/dk\\\/produkt\\\/organisering-af-rejsesko\\\/\",\"name\":\"Organisering af rejsesko - Mekulo DK\",\"isPartOf\":{\"@id\":\"https:\\\/\\\/mekulo.com\\\/dk\\\/#website\"},\"primaryImageOfPage\":{\"@id\":\"https:\\\/\\\/mekulo.com\\\/dk\\\/produkt\\\/organisering-af-rejsesko\\\/#primaryimage\"},\"image\":{\"@id\":\"https:\\\/\\\/mekulo.com\\\/dk\\\/produkt\\\/organisering-af-rejsesko\\\/#primaryimage\"},\"thumbnailUrl\":\"https:\\\/\\\/mekulo.com\\\/dk\\\/wp-content\\\/uploads\\\/sites\\\/12\\\/2026\\\/01\\\/ar1j1cb-1.jpg\",\"datePublished\":\"2026-01-13T17:26:00+00:00\",\"dateModified\":\"2026-01-14T19:26:22+00:00\",\"breadcrumb\":{\"@id\":\"https:\\\/\\\/mekulo.com\\\/dk\\\/produkt\\\/organisering-af-rejsesko\\\/#breadcrumb\"},\"inLanguage\":\"da-DK\",\"potentialAction\":[{\"@type\":\"ReadAction\",\"target\":[\"https:\\\/\\\/mekulo.com\\\/dk\\\/produkt\\\/organisering-af-rejsesko\\\/\"]}]},{\"@type\":\"ImageObject\",\"inLanguage\":\"da-DK\",\"@id\":\"https:\\\/\\\/mekulo.com\\\/dk\\\/produkt\\\/organisering-af-rejsesko\\\/#primaryimage\",\"url\":\"https:\\\/\\\/mekulo.com\\\/dk\\\/wp-content\\\/uploads\\\/sites\\\/12\\\/2026\\\/01\\\/ar1j1cb-1.jpg\",\"contentUrl\":\"https:\\\/\\\/mekulo.com\\\/dk\\\/wp-content\\\/uploads\\\/sites\\\/12\\\/2026\\\/01\\\/ar1j1cb-1.jpg\",\"width\":800,\"height\":800},{\"@type\":\"BreadcrumbList\",\"@id\":\"https:\\\/\\\/mekulo.com\\\/dk\\\/produkt\\\/organisering-af-rejsesko\\\/#breadcrumb\",\"itemListElement\":[{\"@type\":\"ListItem\",\"position\":1,\"name\":\"Home\",\"item\":\"https:\\\/\\\/mekulo.com\\\/dk\\\/\"},{\"@type\":\"ListItem\",\"position\":2,\"name\":\"Butik\",\"item\":\"https:\\\/\\\/mekulo.com\\\/dk\\\/butik\\\/\"},{\"@type\":\"ListItem\",\"position\":3,\"name\":\"Organisering af rejsesko\"}]},{\"@type\":\"WebSite\",\"@id\":\"https:\\\/\\\/mekulo.com\\\/dk\\\/#website\",\"url\":\"https:\\\/\\\/mekulo.com\\\/dk\\\/\",\"name\":\"Mekulo DK\",\"description\":\"\",\"publisher\":{\"@id\":\"https:\\\/\\\/mekulo.com\\\/dk\\\/#organization\"},\"potentialAction\":[{\"@type\":\"SearchAction\",\"target\":{\"@type\":\"EntryPoint\",\"urlTemplate\":\"https:\\\/\\\/mekulo.com\\\/dk\\\/?s={search_term_string}\"},\"query-input\":{\"@type\":\"PropertyValueSpecification\",\"valueRequired\":true,\"valueName\":\"search_term_string\"}}],\"inLanguage\":\"da-DK\"},{\"@type\":\"Organization\",\"@id\":\"https:\\\/\\\/mekulo.com\\\/dk\\\/#organization\",\"name\":\"Mekulo\",\"url\":\"https:\\\/\\\/mekulo.com\\\/dk\\\/\",\"logo\":{\"@type\":\"ImageObject\",\"inLanguage\":\"da-DK\",\"@id\":\"https:\\\/\\\/mekulo.com\\\/dk\\\/#\\\/schema\\\/logo\\\/image\\\/\",\"url\":\"https:\\\/\\\/mekulo.com\\\/dk\\\/wp-content\\\/uploads\\\/sites\\\/12\\\/2025\\\/12\\\/favicon_mekulo.png\",\"contentUrl\":\"https:\\\/\\\/mekulo.com\\\/dk\\\/wp-content\\\/uploads\\\/sites\\\/12\\\/2025\\\/12\\\/favicon_mekulo.png\",\"width\":50,\"height\":50,\"caption\":\"Mekulo\"},\"image\":{\"@id\":\"https:\\\/\\\/mekulo.com\\\/dk\\\/#\\\/schema\\\/logo\\\/image\\\/\"}}]}<\/script>\n<!-- \/ Yoast SEO plugin. -->","yoast_head_json":{"title":"Organisering af rejsesko - Mekulo DK","robots":{"index":"index","follow":"follow","max-snippet":"max-snippet:-1","max-image-preview":"max-image-preview:large","max-video-preview":"max-video-preview:-1"},"canonical":"https:\/\/mekulo.com\/dk\/produkt\/organisering-af-rejsesko\/","og_locale":"da_DK","og_type":"article","og_title":"Organisering af rejsesko - Mekulo DK","og_description":"\ud83d\udc5eDenne rejseskoorganisator opbevarer flere par i \u00e9n kompakt taske, s\u00e5 du kan holde din bagage ryddelig og dine sko adskilt fra t\u00f8jet. \ud83d\udc60Den er perfekt til rejser, arbejdsrejser, sport eller opbevaring i hjemmet. \ud83e\ude70En smart, pladsbesparende l\u00f8sning til at holde orden i skoene derhjemme eller p\u00e5 farten.","og_url":"https:\/\/mekulo.com\/dk\/produkt\/organisering-af-rejsesko\/","og_site_name":"Mekulo DK","article_modified_time":"2026-01-14T19:26:22+00:00","og_image":[{"width":800,"height":800,"url":"https:\/\/mekulo.com\/dk\/wp-content\/uploads\/sites\/12\/2026\/01\/ar1j1cb-1.jpg","type":"image\/jpeg"}],"twitter_card":"summary_large_image","twitter_misc":{"Estimeret l\u00e6setid":"2 minutter"},"schema":{"@context":"https:\/\/schema.org","@graph":[{"@type":"WebPage","@id":"https:\/\/mekulo.com\/dk\/produkt\/organisering-af-rejsesko\/","url":"https:\/\/mekulo.com\/dk\/produkt\/organisering-af-rejsesko\/","name":"Organisering af rejsesko - Mekulo DK","isPartOf":{"@id":"https:\/\/mekulo.com\/dk\/#website"},"primaryImageOfPage":{"@id":"https:\/\/mekulo.com\/dk\/produkt\/organisering-af-rejsesko\/#primaryimage"},"image":{"@id":"https:\/\/mekulo.com\/dk\/produkt\/organisering-af-rejsesko\/#primaryimage"},"thumbnailUrl":"https:\/\/mekulo.com\/dk\/wp-content\/uploads\/sites\/12\/2026\/01\/ar1j1cb-1.jpg","datePublished":"2026-01-13T17:26:00+00:00","dateModified":"2026-01-14T19:26:22+00:00","breadcrumb":{"@id":"https:\/\/mekulo.com\/dk\/produkt\/organisering-af-rejsesko\/#breadcrumb"},"inLanguage":"da-DK","potentialAction":[{"@type":"ReadAction","target":["https:\/\/mekulo.com\/dk\/produkt\/organisering-af-rejsesko\/"]}]},{"@type":"ImageObject","inLanguage":"da-DK","@id":"https:\/\/mekulo.com\/dk\/produkt\/organisering-af-rejsesko\/#primaryimage","url":"https:\/\/mekulo.com\/dk\/wp-content\/uploads\/sites\/12\/2026\/01\/ar1j1cb-1.jpg","contentUrl":"https:\/\/mekulo.com\/dk\/wp-content\/uploads\/sites\/12\/2026\/01\/ar1j1cb-1.jpg","width":800,"height":800},{"@type":"BreadcrumbList","@id":"https:\/\/mekulo.com\/dk\/produkt\/organisering-af-rejsesko\/#breadcrumb","itemListElement":[{"@type":"ListItem","position":1,"name":"Home","item":"https:\/\/mekulo.com\/dk\/"},{"@type":"ListItem","position":2,"name":"Butik","item":"https:\/\/mekulo.com\/dk\/butik\/"},{"@type":"ListItem","position":3,"name":"Organisering af rejsesko"}]},{"@type":"WebSite","@id":"https:\/\/mekulo.com\/dk\/#website","url":"https:\/\/mekulo.com\/dk\/","name":"Mekulo DK","description":"","publisher":{"@id":"https:\/\/mekulo.com\/dk\/#organization"},"potentialAction":[{"@type":"SearchAction","target":{"@type":"EntryPoint","urlTemplate":"https:\/\/mekulo.com\/dk\/?s={search_term_string}"},"query-input":{"@type":"PropertyValueSpecification","valueRequired":true,"valueName":"search_term_string"}}],"inLanguage":"da-DK"},{"@type":"Organization","@id":"https:\/\/mekulo.com\/dk\/#organization","name":"Mekulo","url":"https:\/\/mekulo.com\/dk\/","logo":{"@type":"ImageObject","inLanguage":"da-DK","@id":"https:\/\/mekulo.com\/dk\/#\/schema\/logo\/image\/","url":"https:\/\/mekulo.com\/dk\/wp-content\/uploads\/sites\/12\/2025\/12\/favicon_mekulo.png","contentUrl":"https:\/\/mekulo.com\/dk\/wp-content\/uploads\/sites\/12\/2025\/12\/favicon_mekulo.png","width":50,"height":50,"caption":"Mekulo"},"image":{"@id":"https:\/\/mekulo.com\/dk\/#\/schema\/logo\/image\/"}}]}},"_links":{"self":[{"href":"https:\/\/mekulo.com\/dk\/wp-json\/wp\/v2\/product\/17675","targetHints":{"allow":["GET"]}}],"collection":[{"href":"https:\/\/mekulo.com\/dk\/wp-json\/wp\/v2\/product"}],"about":[{"href":"https:\/\/mekulo.com\/dk\/wp-json\/wp\/v2\/types\/product"}],"replies":[{"embeddable":true,"href":"https:\/\/mekulo.com\/dk\/wp-json\/wp\/v2\/comments?post=17675"}],"wp:featuredmedia":[{"embeddable":true,"href":"https:\/\/mekulo.com\/dk\/wp-json\/wp\/v2\/media\/17671"}],"wp:attachment":[{"href":"https:\/\/mekulo.com\/dk\/wp-json\/wp\/v2\/media?parent=17675"}],"wp:term":[{"taxonomy":"product_brand","embeddable":true,"href":"https:\/\/mekulo.com\/dk\/wp-json\/wp\/v2\/product_brand?post=17675"},{"taxonomy":"product_cat","embeddable":true,"href":"https:\/\/mekulo.com\/dk\/wp-json\/wp\/v2\/product_cat?post=17675"},{"taxonomy":"product_tag","embeddable":true,"href":"https:\/\/mekulo.com\/dk\/wp-json\/wp\/v2\/product_tag?post=17675"}],"curies":[{"name":"wp","href":"https:\/\/api.w.org\/{rel}","templated":true}]}}