{"id":17663,"date":"2026-01-13T19:24:21","date_gmt":"2026-01-13T17:24:21","guid":{"rendered":"https:\/\/mekulo.com\/dk\/produkt\/skabelon-til-fraesning-af-doerhaengsler\/"},"modified":"2026-01-14T21:23:33","modified_gmt":"2026-01-14T19:23:33","slug":"skabelon-til-fraesning-af-doerhaengsler","status":"publish","type":"product","link":"https:\/\/mekulo.com\/dk\/produkt\/skabelon-til-fraesning-af-doerhaengsler\/","title":{"rendered":"Skabelon til fr\u00e6sning af d\u00f8rh\u00e6ngsler"},"content":{"rendered":"<p style=\"text-align: center;\" data-start=\"0\" data-end=\"55\"><strong data-start=\"0\" data-end=\"55\">Sk\u00e6r Rene, Pr\u00e6cise D\u00f8rh\u00e6ngsler Hver Gang. \ud83d\udee0\ufe0f<\/strong><\/p>\n<p data-start=\"57\" data-end=\"284\"><img fetchpriority=\"high\" decoding=\"async\" class=\"size-full wp-image-20036 aligncenter\" src=\"https:\/\/mekulo.com\/template\/wp-content\/uploads\/sites\/6\/2026\/01\/Sf8c9d98bcce54addabb1e359bb40887ca.jpg_960x960q75.jpg_.png\" alt=\"\" width=\"960\" height=\"960\" \/><\/p>\n<h2 style=\"text-align: center;\" data-start=\"291\" data-end=\"311\">Vigtigste fordele<\/h2>\n<p data-start=\"315\" data-end=\"377\">\ud83d\udccf Indbygget dybdem\u00e5ler &#8211; Indstil nemt den perfekte h\u00e6ngselsdybde.<\/p>\n<p data-start=\"380\" data-end=\"434\">\ud83d\udd29 Justerbart design &#8211; Passer til h\u00e6ngsler fra 7,6 til 12,7 cm.<\/p>\n<p data-start=\"437\" data-end=\"502\">\ud83e\uddf2 Stabil fastsp\u00e6nding &#8211; Skridsikre puder beskytter d\u00f8rens overflade.<\/p>\n<p data-start=\"505\" data-end=\"570\">\ud83c\udfaf Pr\u00e6cise resultater &#8211; Rene, j\u00e6vne h\u00e6ngselstapper hver gang.<\/p>\n<p data-start=\"573\" data-end=\"648\">\ud83e\udeb5 Bredt anvendelsesomr\u00e5de &#8211; Ideel til d\u00f8re, tr\u00e6bearbejdning og hjemmeprojekter.<\/p>\n<p data-start=\"573\" data-end=\"648\"><img decoding=\"async\" class=\"size-full wp-image-20035 aligncenter\" src=\"https:\/\/mekulo.com\/template\/wp-content\/uploads\/sites\/6\/2026\/01\/8ac8ec6939810bf1fe7f0d8ee02615791a01e8e6-700.jpg\" alt=\"\" width=\"1080\" height=\"1080\" \/><\/p>\n<h2 style=\"text-align: center;\" data-start=\"655\" data-end=\"672\"><strong>S\u00e5dan Bruges<\/strong><\/h2>\n<ol data-start=\"674\" data-end=\"1041\">\n<li data-start=\"674\" data-end=\"744\">\n<p data-start=\"677\" data-end=\"744\">Placer skabelonen p\u00e5 d\u00f8ren, hvor h\u00e6ngslet skal monteres.<\/p>\n<\/li>\n<li data-start=\"745\" data-end=\"809\">\n<p data-start=\"748\" data-end=\"809\">Juster klemmen og h\u00e6ngsell\u00e6ngden, s\u00e5 den passer til din h\u00e6ngselst\u00f8rrelse.<\/p>\n<\/li>\n<li data-start=\"810\" data-end=\"867\">\n<p data-start=\"813\" data-end=\"867\">Indstil fr\u00e6sedybden ved hj\u00e6lp af den indbyggede dybdem\u00e5ler.<\/p>\n<\/li>\n<li data-start=\"868\" data-end=\"927\">\n<p data-start=\"871\" data-end=\"927\">Fastg\u00f8r skabelonen ved at stramme klemskruerne.<\/p>\n<\/li>\n<li data-start=\"928\" data-end=\"982\">\n<p data-start=\"931\" data-end=\"982\">Brug fr\u00e6seren til at fr\u00e6se h\u00e6ngseludsparingen.<\/p>\n<\/li>\n<li data-start=\"983\" data-end=\"1041\">\n<p data-start=\"986\" data-end=\"1041\">Bor pilothuller ved hj\u00e6lp af det selvcentrerende bor.<\/p>\n<\/li>\n<\/ol>\n<h2 style=\"text-align: center;\" data-start=\"1048\" data-end=\"1070\"><strong>Produktdetaljer<\/strong><\/h2>\n<ul data-start=\"1072\" data-end=\"1346\">\n<li data-start=\"1118\" data-end=\"1175\">\n<p data-start=\"1120\" data-end=\"1175\">Materiale: Holdbar plast med skridsikre silikonepuder<\/p>\n<\/li>\n<li data-start=\"1176\" data-end=\"1203\">\n<p data-start=\"1178\" data-end=\"1203\">H\u00e6ngselst\u00f8rrelsesomr\u00e5de: 7,6 til 12,7 cm<\/p>\n<\/li>\n<li data-start=\"1204\" data-end=\"1229\">\n<p data-start=\"1206\" data-end=\"1229\">Justerbar dybde: Ja<\/p>\n<\/li>\n<li data-start=\"1230\" data-end=\"1298\">\n<p data-start=\"1232\" data-end=\"1298\">Anvendelse: Installation af d\u00f8rh\u00e6ngsler, tr\u00e6bearbejdning, indvendigt arbejde<\/p>\n<\/li>\n<li data-start=\"1299\" data-end=\"1346\">\n<p data-start=\"1301\" data-end=\"1346\">Brug: Kun til d\u00f8rpaneler (ikke d\u00f8rkarme)<\/p>\n<\/li>\n<li data-start=\"1299\" data-end=\"1346\">St\u00f8rrelse: 200 x 89 x 55 mm<\/li>\n<\/ul>\n<h2 style=\"text-align: center;\" data-start=\"1353\" data-end=\"1376\"><strong>Pakken indeholder<\/strong><\/h2>\n<ul data-start=\"1378\" data-end=\"1517\">\n<li data-start=\"1378\" data-end=\"1403\">\n<p data-start=\"1380\" data-end=\"1403\">1x indstiksskabelon<\/p>\n<\/li>\n<li data-start=\"1404\" data-end=\"1426\">\n<p data-start=\"1406\" data-end=\"1426\">1x fr\u00e6ser<\/p>\n<\/li>\n<li data-start=\"1427\" data-end=\"1465\">\n<p data-start=\"1429\" data-end=\"1465\">1x selvcentrerende h\u00e6ngselbor<\/p>\n<\/li>\n<li data-start=\"1466\" data-end=\"1498\">\n<p data-start=\"1468\" data-end=\"1498\">1x skruetr\u00e6kker med dobbelt ende<\/p>\n<\/li>\n<li data-start=\"1499\" data-end=\"1517\">\n<p data-start=\"1501\" data-end=\"1517\">1x sekskantn\u00f8gle.<\/p>\n<\/li>\n<\/ul>\n","protected":false},"excerpt":{"rendered":"<p>\ud83d\udeaaDenne fr\u00e6seskabelon til d\u00f8rh\u00e6ngsler hj\u00e6lper dig med at installere d\u00f8rh\u00e6ngsler hurtigt og pr\u00e6cist uden g\u00e6tterier.<br \/>\n\ud83e\udeb5Den styrer din overfr\u00e6ser til glatte, professionelle snit, hvilket g\u00f8r h\u00e6ngselinstallation lettere til g\u00f8r-det-selv-projekter og tr\u00e6bearbejdningsopgaver.<br \/>\n\u2699\ufe0fA p\u00e5lideligt v\u00e6rkt\u00f8j til pr\u00e6cis h\u00e6ngselinstallation og professionelt udseende resultater.<\/p>\n","protected":false},"featured_media":17659,"comment_status":"open","ping_status":"closed","template":"","meta":{"site-sidebar-layout":"default","site-content-layout":"","ast-site-content-layout":"default","site-content-style":"default","site-sidebar-style":"default","ast-global-header-display":"","ast-banner-title-visibility":"","ast-main-header-display":"","ast-hfb-above-header-display":"","ast-hfb-below-header-display":"","ast-hfb-mobile-header-display":"","site-post-title":"","ast-breadcrumbs-content":"","ast-featured-img":"","footer-sml-layout":"","ast-disable-related-posts":"","theme-transparent-header-meta":"default","adv-header-id-meta":"","stick-header-meta":"","header-above-stick-meta":"","header-main-stick-meta":"","header-below-stick-meta":"","astra-migrate-meta-layouts":"set","ast-page-background-enabled":"default","ast-page-background-meta":{"desktop":{"background-color":"var(--ast-global-color-5)","background-image":"","background-repeat":"repeat","background-position":"center center","background-size":"auto","background-attachment":"scroll","background-type":"","background-media":"","overlay-type":"","overlay-color":"","overlay-opacity":"","overlay-gradient":""},"tablet":{"background-color":"","background-image":"","background-repeat":"repeat","background-position":"center center","background-size":"auto","background-attachment":"scroll","background-type":"","background-media":"","overlay-type":"","overlay-color":"","overlay-opacity":"","overlay-gradient":""},"mobile":{"background-color":"","background-image":"","background-repeat":"repeat","background-position":"center center","background-size":"auto","background-attachment":"scroll","background-type":"","background-media":"","overlay-type":"","overlay-color":"","overlay-opacity":"","overlay-gradient":""}},"ast-content-background-meta":{"desktop":{"background-color":"var(--ast-global-color-4)","background-image":"","background-repeat":"repeat","background-position":"center center","background-size":"auto","background-attachment":"scroll","background-type":"","background-media":"","overlay-type":"","overlay-color":"","overlay-opacity":"","overlay-gradient":""},"tablet":{"background-color":"var(--ast-global-color-4)","background-image":"","background-repeat":"repeat","background-position":"center center","background-size":"auto","background-attachment":"scroll","background-type":"","background-media":"","overlay-type":"","overlay-color":"","overlay-opacity":"","overlay-gradient":""},"mobile":{"background-color":"var(--ast-global-color-4)","background-image":"","background-repeat":"repeat","background-position":"center center","background-size":"auto","background-attachment":"scroll","background-type":"","background-media":"","overlay-type":"","overlay-color":"","overlay-opacity":"","overlay-gradient":""}}},"product_brand":[],"product_cat":[171],"product_tag":[],"class_list":{"0":"post-17663","1":"product","2":"type-product","3":"status-publish","4":"has-post-thumbnail","6":"product_cat-vaerktoejer","7":"desktop-align-left","8":"tablet-align-left","9":"mobile-align-left","11":"first","12":"instock","13":"shipping-taxable","14":"purchasable","15":"product-type-simple"},"yoast_head":"<!-- This site is optimized with the Yoast SEO plugin v27.4 - https:\/\/yoast.com\/product\/yoast-seo-wordpress\/ -->\n<title>Skabelon til fr\u00e6sning af d\u00f8rh\u00e6ngsler - Mekulo DK<\/title>\n<meta name=\"robots\" content=\"index, follow, max-snippet:-1, max-image-preview:large, max-video-preview:-1\" \/>\n<link rel=\"canonical\" href=\"https:\/\/mekulo.com\/dk\/produkt\/skabelon-til-fraesning-af-doerhaengsler\/\" \/>\n<meta property=\"og:locale\" content=\"da_DK\" \/>\n<meta property=\"og:type\" content=\"article\" \/>\n<meta property=\"og:title\" content=\"Skabelon til fr\u00e6sning af d\u00f8rh\u00e6ngsler - Mekulo DK\" \/>\n<meta property=\"og:description\" content=\"\ud83d\udeaaDenne fr\u00e6seskabelon til d\u00f8rh\u00e6ngsler hj\u00e6lper dig med at installere d\u00f8rh\u00e6ngsler hurtigt og pr\u00e6cist uden g\u00e6tterier. \ud83e\udeb5Den styrer din overfr\u00e6ser til glatte, professionelle snit, hvilket g\u00f8r h\u00e6ngselinstallation lettere til g\u00f8r-det-selv-projekter og tr\u00e6bearbejdningsopgaver. \u2699\ufe0fA p\u00e5lideligt v\u00e6rkt\u00f8j til pr\u00e6cis h\u00e6ngselinstallation og professionelt udseende resultater.\" \/>\n<meta property=\"og:url\" content=\"https:\/\/mekulo.com\/dk\/produkt\/skabelon-til-fraesning-af-doerhaengsler\/\" \/>\n<meta property=\"og:site_name\" content=\"Mekulo DK\" \/>\n<meta property=\"article:modified_time\" content=\"2026-01-14T19:23:33+00:00\" \/>\n<meta property=\"og:image\" content=\"https:\/\/mekulo.com\/dk\/wp-content\/uploads\/sites\/12\/2026\/01\/zfwwzmj-1.jpg\" \/>\n\t<meta property=\"og:image:width\" content=\"960\" \/>\n\t<meta property=\"og:image:height\" content=\"960\" \/>\n\t<meta property=\"og:image:type\" content=\"image\/jpeg\" \/>\n<meta name=\"twitter:card\" content=\"summary_large_image\" \/>\n<meta name=\"twitter:label1\" content=\"Estimeret l\u00e6setid\" \/>\n\t<meta name=\"twitter:data1\" content=\"2 minutter\" \/>\n<script type=\"application\/ld+json\" class=\"yoast-schema-graph\">{\"@context\":\"https:\\\/\\\/schema.org\",\"@graph\":[{\"@type\":\"WebPage\",\"@id\":\"https:\\\/\\\/mekulo.com\\\/dk\\\/produkt\\\/skabelon-til-fraesning-af-doerhaengsler\\\/\",\"url\":\"https:\\\/\\\/mekulo.com\\\/dk\\\/produkt\\\/skabelon-til-fraesning-af-doerhaengsler\\\/\",\"name\":\"Skabelon til fr\u00e6sning af d\u00f8rh\u00e6ngsler - Mekulo DK\",\"isPartOf\":{\"@id\":\"https:\\\/\\\/mekulo.com\\\/dk\\\/#website\"},\"primaryImageOfPage\":{\"@id\":\"https:\\\/\\\/mekulo.com\\\/dk\\\/produkt\\\/skabelon-til-fraesning-af-doerhaengsler\\\/#primaryimage\"},\"image\":{\"@id\":\"https:\\\/\\\/mekulo.com\\\/dk\\\/produkt\\\/skabelon-til-fraesning-af-doerhaengsler\\\/#primaryimage\"},\"thumbnailUrl\":\"https:\\\/\\\/mekulo.com\\\/dk\\\/wp-content\\\/uploads\\\/sites\\\/12\\\/2026\\\/01\\\/zfwwzmj-1.jpg\",\"datePublished\":\"2026-01-13T17:24:21+00:00\",\"dateModified\":\"2026-01-14T19:23:33+00:00\",\"breadcrumb\":{\"@id\":\"https:\\\/\\\/mekulo.com\\\/dk\\\/produkt\\\/skabelon-til-fraesning-af-doerhaengsler\\\/#breadcrumb\"},\"inLanguage\":\"da-DK\",\"potentialAction\":[{\"@type\":\"ReadAction\",\"target\":[\"https:\\\/\\\/mekulo.com\\\/dk\\\/produkt\\\/skabelon-til-fraesning-af-doerhaengsler\\\/\"]}]},{\"@type\":\"ImageObject\",\"inLanguage\":\"da-DK\",\"@id\":\"https:\\\/\\\/mekulo.com\\\/dk\\\/produkt\\\/skabelon-til-fraesning-af-doerhaengsler\\\/#primaryimage\",\"url\":\"https:\\\/\\\/mekulo.com\\\/dk\\\/wp-content\\\/uploads\\\/sites\\\/12\\\/2026\\\/01\\\/zfwwzmj-1.jpg\",\"contentUrl\":\"https:\\\/\\\/mekulo.com\\\/dk\\\/wp-content\\\/uploads\\\/sites\\\/12\\\/2026\\\/01\\\/zfwwzmj-1.jpg\",\"width\":960,\"height\":960},{\"@type\":\"BreadcrumbList\",\"@id\":\"https:\\\/\\\/mekulo.com\\\/dk\\\/produkt\\\/skabelon-til-fraesning-af-doerhaengsler\\\/#breadcrumb\",\"itemListElement\":[{\"@type\":\"ListItem\",\"position\":1,\"name\":\"Home\",\"item\":\"https:\\\/\\\/mekulo.com\\\/dk\\\/\"},{\"@type\":\"ListItem\",\"position\":2,\"name\":\"Butik\",\"item\":\"https:\\\/\\\/mekulo.com\\\/dk\\\/butik\\\/\"},{\"@type\":\"ListItem\",\"position\":3,\"name\":\"Skabelon til fr\u00e6sning af d\u00f8rh\u00e6ngsler\"}]},{\"@type\":\"WebSite\",\"@id\":\"https:\\\/\\\/mekulo.com\\\/dk\\\/#website\",\"url\":\"https:\\\/\\\/mekulo.com\\\/dk\\\/\",\"name\":\"Mekulo DK\",\"description\":\"\",\"publisher\":{\"@id\":\"https:\\\/\\\/mekulo.com\\\/dk\\\/#organization\"},\"potentialAction\":[{\"@type\":\"SearchAction\",\"target\":{\"@type\":\"EntryPoint\",\"urlTemplate\":\"https:\\\/\\\/mekulo.com\\\/dk\\\/?s={search_term_string}\"},\"query-input\":{\"@type\":\"PropertyValueSpecification\",\"valueRequired\":true,\"valueName\":\"search_term_string\"}}],\"inLanguage\":\"da-DK\"},{\"@type\":\"Organization\",\"@id\":\"https:\\\/\\\/mekulo.com\\\/dk\\\/#organization\",\"name\":\"Mekulo\",\"url\":\"https:\\\/\\\/mekulo.com\\\/dk\\\/\",\"logo\":{\"@type\":\"ImageObject\",\"inLanguage\":\"da-DK\",\"@id\":\"https:\\\/\\\/mekulo.com\\\/dk\\\/#\\\/schema\\\/logo\\\/image\\\/\",\"url\":\"https:\\\/\\\/mekulo.com\\\/dk\\\/wp-content\\\/uploads\\\/sites\\\/12\\\/2025\\\/12\\\/favicon_mekulo.png\",\"contentUrl\":\"https:\\\/\\\/mekulo.com\\\/dk\\\/wp-content\\\/uploads\\\/sites\\\/12\\\/2025\\\/12\\\/favicon_mekulo.png\",\"width\":50,\"height\":50,\"caption\":\"Mekulo\"},\"image\":{\"@id\":\"https:\\\/\\\/mekulo.com\\\/dk\\\/#\\\/schema\\\/logo\\\/image\\\/\"}}]}<\/script>\n<!-- \/ Yoast SEO plugin. -->","yoast_head_json":{"title":"Skabelon til fr\u00e6sning af d\u00f8rh\u00e6ngsler - Mekulo DK","robots":{"index":"index","follow":"follow","max-snippet":"max-snippet:-1","max-image-preview":"max-image-preview:large","max-video-preview":"max-video-preview:-1"},"canonical":"https:\/\/mekulo.com\/dk\/produkt\/skabelon-til-fraesning-af-doerhaengsler\/","og_locale":"da_DK","og_type":"article","og_title":"Skabelon til fr\u00e6sning af d\u00f8rh\u00e6ngsler - Mekulo DK","og_description":"\ud83d\udeaaDenne fr\u00e6seskabelon til d\u00f8rh\u00e6ngsler hj\u00e6lper dig med at installere d\u00f8rh\u00e6ngsler hurtigt og pr\u00e6cist uden g\u00e6tterier. \ud83e\udeb5Den styrer din overfr\u00e6ser til glatte, professionelle snit, hvilket g\u00f8r h\u00e6ngselinstallation lettere til g\u00f8r-det-selv-projekter og tr\u00e6bearbejdningsopgaver. \u2699\ufe0fA p\u00e5lideligt v\u00e6rkt\u00f8j til pr\u00e6cis h\u00e6ngselinstallation og professionelt udseende resultater.","og_url":"https:\/\/mekulo.com\/dk\/produkt\/skabelon-til-fraesning-af-doerhaengsler\/","og_site_name":"Mekulo DK","article_modified_time":"2026-01-14T19:23:33+00:00","og_image":[{"width":960,"height":960,"url":"https:\/\/mekulo.com\/dk\/wp-content\/uploads\/sites\/12\/2026\/01\/zfwwzmj-1.jpg","type":"image\/jpeg"}],"twitter_card":"summary_large_image","twitter_misc":{"Estimeret l\u00e6setid":"2 minutter"},"schema":{"@context":"https:\/\/schema.org","@graph":[{"@type":"WebPage","@id":"https:\/\/mekulo.com\/dk\/produkt\/skabelon-til-fraesning-af-doerhaengsler\/","url":"https:\/\/mekulo.com\/dk\/produkt\/skabelon-til-fraesning-af-doerhaengsler\/","name":"Skabelon til fr\u00e6sning af d\u00f8rh\u00e6ngsler - Mekulo DK","isPartOf":{"@id":"https:\/\/mekulo.com\/dk\/#website"},"primaryImageOfPage":{"@id":"https:\/\/mekulo.com\/dk\/produkt\/skabelon-til-fraesning-af-doerhaengsler\/#primaryimage"},"image":{"@id":"https:\/\/mekulo.com\/dk\/produkt\/skabelon-til-fraesning-af-doerhaengsler\/#primaryimage"},"thumbnailUrl":"https:\/\/mekulo.com\/dk\/wp-content\/uploads\/sites\/12\/2026\/01\/zfwwzmj-1.jpg","datePublished":"2026-01-13T17:24:21+00:00","dateModified":"2026-01-14T19:23:33+00:00","breadcrumb":{"@id":"https:\/\/mekulo.com\/dk\/produkt\/skabelon-til-fraesning-af-doerhaengsler\/#breadcrumb"},"inLanguage":"da-DK","potentialAction":[{"@type":"ReadAction","target":["https:\/\/mekulo.com\/dk\/produkt\/skabelon-til-fraesning-af-doerhaengsler\/"]}]},{"@type":"ImageObject","inLanguage":"da-DK","@id":"https:\/\/mekulo.com\/dk\/produkt\/skabelon-til-fraesning-af-doerhaengsler\/#primaryimage","url":"https:\/\/mekulo.com\/dk\/wp-content\/uploads\/sites\/12\/2026\/01\/zfwwzmj-1.jpg","contentUrl":"https:\/\/mekulo.com\/dk\/wp-content\/uploads\/sites\/12\/2026\/01\/zfwwzmj-1.jpg","width":960,"height":960},{"@type":"BreadcrumbList","@id":"https:\/\/mekulo.com\/dk\/produkt\/skabelon-til-fraesning-af-doerhaengsler\/#breadcrumb","itemListElement":[{"@type":"ListItem","position":1,"name":"Home","item":"https:\/\/mekulo.com\/dk\/"},{"@type":"ListItem","position":2,"name":"Butik","item":"https:\/\/mekulo.com\/dk\/butik\/"},{"@type":"ListItem","position":3,"name":"Skabelon til fr\u00e6sning af d\u00f8rh\u00e6ngsler"}]},{"@type":"WebSite","@id":"https:\/\/mekulo.com\/dk\/#website","url":"https:\/\/mekulo.com\/dk\/","name":"Mekulo DK","description":"","publisher":{"@id":"https:\/\/mekulo.com\/dk\/#organization"},"potentialAction":[{"@type":"SearchAction","target":{"@type":"EntryPoint","urlTemplate":"https:\/\/mekulo.com\/dk\/?s={search_term_string}"},"query-input":{"@type":"PropertyValueSpecification","valueRequired":true,"valueName":"search_term_string"}}],"inLanguage":"da-DK"},{"@type":"Organization","@id":"https:\/\/mekulo.com\/dk\/#organization","name":"Mekulo","url":"https:\/\/mekulo.com\/dk\/","logo":{"@type":"ImageObject","inLanguage":"da-DK","@id":"https:\/\/mekulo.com\/dk\/#\/schema\/logo\/image\/","url":"https:\/\/mekulo.com\/dk\/wp-content\/uploads\/sites\/12\/2025\/12\/favicon_mekulo.png","contentUrl":"https:\/\/mekulo.com\/dk\/wp-content\/uploads\/sites\/12\/2025\/12\/favicon_mekulo.png","width":50,"height":50,"caption":"Mekulo"},"image":{"@id":"https:\/\/mekulo.com\/dk\/#\/schema\/logo\/image\/"}}]}},"_links":{"self":[{"href":"https:\/\/mekulo.com\/dk\/wp-json\/wp\/v2\/product\/17663","targetHints":{"allow":["GET"]}}],"collection":[{"href":"https:\/\/mekulo.com\/dk\/wp-json\/wp\/v2\/product"}],"about":[{"href":"https:\/\/mekulo.com\/dk\/wp-json\/wp\/v2\/types\/product"}],"replies":[{"embeddable":true,"href":"https:\/\/mekulo.com\/dk\/wp-json\/wp\/v2\/comments?post=17663"}],"wp:featuredmedia":[{"embeddable":true,"href":"https:\/\/mekulo.com\/dk\/wp-json\/wp\/v2\/media\/17659"}],"wp:attachment":[{"href":"https:\/\/mekulo.com\/dk\/wp-json\/wp\/v2\/media?parent=17663"}],"wp:term":[{"taxonomy":"product_brand","embeddable":true,"href":"https:\/\/mekulo.com\/dk\/wp-json\/wp\/v2\/product_brand?post=17663"},{"taxonomy":"product_cat","embeddable":true,"href":"https:\/\/mekulo.com\/dk\/wp-json\/wp\/v2\/product_cat?post=17663"},{"taxonomy":"product_tag","embeddable":true,"href":"https:\/\/mekulo.com\/dk\/wp-json\/wp\/v2\/product_tag?post=17663"}],"curies":[{"name":"wp","href":"https:\/\/api.w.org\/{rel}","templated":true}]}}