{"id":17645,"date":"2026-01-13T19:22:45","date_gmt":"2026-01-13T17:22:45","guid":{"rendered":"https:\/\/mekulo.com\/dk\/produkt\/eyeliner-stempel-2-stk\/"},"modified":"2026-01-14T21:21:06","modified_gmt":"2026-01-14T19:21:06","slug":"eyeliner-stempel-2-stk","status":"publish","type":"product","link":"https:\/\/mekulo.com\/dk\/produkt\/eyeliner-stempel-2-stk\/","title":{"rendered":"Eyeliner-stempel (2 stk)"},"content":{"rendered":"<p style=\"text-align: center;\" data-start=\"0\" data-end=\"60\"><strong data-start=\"0\" data-end=\"60\">Lav perfekt eyeliner og s\u00f8de \u00f8jendetaljer p\u00e5 f\u00e5 sekunder. \ud83d\udc41\ufe0f<\/strong><\/p>\n<p data-start=\"0\" data-end=\"60\"><img fetchpriority=\"high\" decoding=\"async\" class=\"size-full wp-image-20023 aligncenter\" src=\"https:\/\/mekulo.com\/template\/wp-content\/uploads\/sites\/6\/2026\/01\/1-3.jpeg\" alt=\"\" width=\"800\" height=\"800\" \/><\/p>\n<h2 style=\"text-align: center;\" data-start=\"302\" data-end=\"321\"><strong>Vigtigste Fordele<\/strong><\/h2>\n<p data-start=\"325\" data-end=\"379\">\ud83d\udca7 Vandfast og smudsafvisende &#8211; Bliver siddende hele dagen.<\/p>\n<p data-start=\"382\" data-end=\"447\">\ud83c\udfaf Begyndervenlig spids &#8211; Glatte, pr\u00e6cise linjer hver gang.<\/p>\n<p data-start=\"450\" data-end=\"515\">\u2764\ufe0f S\u00f8de stempeldesigns &#8211; Hjerte- og blomsterdetaljer i \u00e9n pen.<\/p>\n<p data-start=\"518\" data-end=\"580\">\ud83c\udf38 Alsidige udseende &#8211; Fra diskrete accenter til dristig \u00f8jenkunst.<\/p>\n<p data-start=\"583\" data-end=\"649\">\ud83d\udc41\ufe0f Sk\u00e5nsom og sikker &#8211; Velegnet til f\u00f8lsomme \u00f8jne og kontaktlinser.<\/p>\n<p data-start=\"583\" data-end=\"649\"><img decoding=\"async\" class=\"size-full wp-image-20027 aligncenter\" src=\"https:\/\/mekulo.com\/template\/wp-content\/uploads\/sites\/6\/2026\/01\/6-4.jpeg\" alt=\"\" width=\"800\" height=\"800\" \/><\/p>\n<h2 style=\"text-align: center;\" data-start=\"656\" data-end=\"673\"><strong>S\u00e5dan Bruges<\/strong><\/h2>\n<ol data-start=\"675\" data-end=\"885\">\n<li data-start=\"675\" data-end=\"728\">\n<p data-start=\"678\" data-end=\"728\">Brug den fine spids til at tegne din eyeliner som normalt.<\/p>\n<\/li>\n<li data-start=\"729\" data-end=\"765\">\n<p data-start=\"732\" data-end=\"765\">Vend pennen til stempelsiden.<\/p>\n<\/li>\n<li data-start=\"766\" data-end=\"827\">\n<p data-start=\"769\" data-end=\"827\">Tryk forsigtigt stemplet p\u00e5 den indre eller ydre \u00f8jenkrog.<\/p>\n<\/li>\n<li data-start=\"828\" data-end=\"885\">\n<p data-start=\"831\" data-end=\"885\">Lad det t\u00f8rre i et par sekunder for en langtidsholdbar finish.<\/p>\n<\/li>\n<\/ol>\n<h2 style=\"text-align: center;\" data-start=\"892\" data-end=\"914\"><strong>Produktdetaljer<\/strong><\/h2>\n<ul data-start=\"916\" data-end=\"1100\">\n<li data-start=\"949\" data-end=\"974\">\n<p data-start=\"951\" data-end=\"974\">Type: Flydende eyeliner<\/p>\n<\/li>\n<li data-start=\"975\" data-end=\"999\">\n<p data-start=\"977\" data-end=\"999\">Farver: Sort, Brun<\/p>\n<\/li>\n<li data-start=\"1000\" data-end=\"1037\">\n<p data-start=\"1002\" data-end=\"1037\">Formula: Vandfast, hurtigt\u00f8rrende<\/p>\n<\/li>\n<li data-start=\"1038\" data-end=\"1061\">\n<p data-start=\"1040\" data-end=\"1061\">Stand: 100% ny<\/p>\n<\/li>\n<li data-start=\"1062\" data-end=\"1100\">\n<p data-start=\"1064\" data-end=\"1100\">Hudtype: Sikker for f\u00f8lsomme \u00f8jne<\/p>\n<\/li>\n<\/ul>\n<h2 style=\"text-align: center;\" data-start=\"1107\" data-end=\"1130\"><strong>Pakken indeholder<\/strong><\/h2>\n<ul data-start=\"1132\" data-end=\"1154\">\n<li data-start=\"1132\" data-end=\"1154\">\n<p data-start=\"1134\" data-end=\"1154\">2x eyeliner-stempler.<\/p>\n<\/li>\n<\/ul>\n","protected":false},"excerpt":{"rendered":"<p>\ud83d\udc41\ufe0fDenne eyeliner-stempel kombinerer pr\u00e6cis flydende eyeliner med sjove stempeldesigns, der g\u00f8r \u00f8jenmakeup hurtig, nem og legende.<br \/>\n\ud83d\udca7Den er vandfast, langtidsholdbar og perfekt til begyndere eller alle, der vil have fejlfri linjer med et kreativt drejning.<br \/>\n<span style=\"font-size: 16px; font-style: normal; font-weight: 400;\">\ud83d\udc84<\/span>En sjov og nem m\u00e5de at opgradere din eyeliner-rutine p\u00e5 &#8211; perfekte linjer med et legende touch.<\/p>\n","protected":false},"featured_media":17641,"comment_status":"open","ping_status":"closed","template":"","meta":{"site-sidebar-layout":"default","site-content-layout":"","ast-site-content-layout":"default","site-content-style":"default","site-sidebar-style":"default","ast-global-header-display":"","ast-banner-title-visibility":"","ast-main-header-display":"","ast-hfb-above-header-display":"","ast-hfb-below-header-display":"","ast-hfb-mobile-header-display":"","site-post-title":"","ast-breadcrumbs-content":"","ast-featured-img":"","footer-sml-layout":"","ast-disable-related-posts":"","theme-transparent-header-meta":"default","adv-header-id-meta":"","stick-header-meta":"","header-above-stick-meta":"","header-main-stick-meta":"","header-below-stick-meta":"","astra-migrate-meta-layouts":"set","ast-page-background-enabled":"default","ast-page-background-meta":{"desktop":{"background-color":"var(--ast-global-color-5)","background-image":"","background-repeat":"repeat","background-position":"center center","background-size":"auto","background-attachment":"scroll","background-type":"","background-media":"","overlay-type":"","overlay-color":"","overlay-opacity":"","overlay-gradient":""},"tablet":{"background-color":"","background-image":"","background-repeat":"repeat","background-position":"center center","background-size":"auto","background-attachment":"scroll","background-type":"","background-media":"","overlay-type":"","overlay-color":"","overlay-opacity":"","overlay-gradient":""},"mobile":{"background-color":"","background-image":"","background-repeat":"repeat","background-position":"center center","background-size":"auto","background-attachment":"scroll","background-type":"","background-media":"","overlay-type":"","overlay-color":"","overlay-opacity":"","overlay-gradient":""}},"ast-content-background-meta":{"desktop":{"background-color":"var(--ast-global-color-4)","background-image":"","background-repeat":"repeat","background-position":"center center","background-size":"auto","background-attachment":"scroll","background-type":"","background-media":"","overlay-type":"","overlay-color":"","overlay-opacity":"","overlay-gradient":""},"tablet":{"background-color":"var(--ast-global-color-4)","background-image":"","background-repeat":"repeat","background-position":"center center","background-size":"auto","background-attachment":"scroll","background-type":"","background-media":"","overlay-type":"","overlay-color":"","overlay-opacity":"","overlay-gradient":""},"mobile":{"background-color":"var(--ast-global-color-4)","background-image":"","background-repeat":"repeat","background-position":"center center","background-size":"auto","background-attachment":"scroll","background-type":"","background-media":"","overlay-type":"","overlay-color":"","overlay-opacity":"","overlay-gradient":""}}},"product_brand":[],"product_cat":[15],"product_tag":[],"class_list":{"0":"post-17645","1":"product","2":"type-product","3":"status-publish","4":"has-post-thumbnail","6":"product_cat-uncategorized","7":"pa_67030_39fy7y1a-brun","8":"pa_67030_39fy7y1a-saet-med-2-farver","9":"pa_67030_39fy7y1a-sort","10":"desktop-align-left","11":"tablet-align-left","12":"mobile-align-left","14":"first","15":"instock","16":"shipping-taxable","17":"purchasable","18":"product-type-variable"},"yoast_head":"<!-- This site is optimized with the Yoast SEO plugin v27.4 - https:\/\/yoast.com\/product\/yoast-seo-wordpress\/ -->\n<title>Eyeliner-stempel (2 stk) - Mekulo DK<\/title>\n<meta name=\"robots\" content=\"index, follow, max-snippet:-1, max-image-preview:large, max-video-preview:-1\" \/>\n<link rel=\"canonical\" href=\"https:\/\/mekulo.com\/dk\/produkt\/eyeliner-stempel-2-stk\/\" \/>\n<meta property=\"og:locale\" content=\"da_DK\" \/>\n<meta property=\"og:type\" content=\"article\" \/>\n<meta property=\"og:title\" content=\"Eyeliner-stempel (2 stk) - Mekulo DK\" \/>\n<meta property=\"og:description\" content=\"\ud83d\udc41\ufe0fDenne eyeliner-stempel kombinerer pr\u00e6cis flydende eyeliner med sjove stempeldesigns, der g\u00f8r \u00f8jenmakeup hurtig, nem og legende. \ud83d\udca7Den er vandfast, langtidsholdbar og perfekt til begyndere eller alle, der vil have fejlfri linjer med et kreativt drejning. \ud83d\udc84En sjov og nem m\u00e5de at opgradere din eyeliner-rutine p\u00e5 - perfekte linjer med et legende touch.\" \/>\n<meta property=\"og:url\" content=\"https:\/\/mekulo.com\/dk\/produkt\/eyeliner-stempel-2-stk\/\" \/>\n<meta property=\"og:site_name\" content=\"Mekulo DK\" \/>\n<meta property=\"article:modified_time\" content=\"2026-01-14T19:21:06+00:00\" \/>\n<meta property=\"og:image\" content=\"https:\/\/mekulo.com\/dk\/wp-content\/uploads\/sites\/12\/2026\/01\/klri8yk-1.jpeg\" \/>\n\t<meta property=\"og:image:width\" content=\"800\" \/>\n\t<meta property=\"og:image:height\" content=\"800\" \/>\n\t<meta property=\"og:image:type\" content=\"image\/jpeg\" \/>\n<meta name=\"twitter:card\" content=\"summary_large_image\" \/>\n<meta name=\"twitter:label1\" content=\"Estimeret l\u00e6setid\" \/>\n\t<meta name=\"twitter:data1\" content=\"2 minutter\" \/>\n<script type=\"application\/ld+json\" class=\"yoast-schema-graph\">{\"@context\":\"https:\\\/\\\/schema.org\",\"@graph\":[{\"@type\":\"WebPage\",\"@id\":\"https:\\\/\\\/mekulo.com\\\/dk\\\/produkt\\\/eyeliner-stempel-2-stk\\\/\",\"url\":\"https:\\\/\\\/mekulo.com\\\/dk\\\/produkt\\\/eyeliner-stempel-2-stk\\\/\",\"name\":\"Eyeliner-stempel (2 stk) - Mekulo DK\",\"isPartOf\":{\"@id\":\"https:\\\/\\\/mekulo.com\\\/dk\\\/#website\"},\"primaryImageOfPage\":{\"@id\":\"https:\\\/\\\/mekulo.com\\\/dk\\\/produkt\\\/eyeliner-stempel-2-stk\\\/#primaryimage\"},\"image\":{\"@id\":\"https:\\\/\\\/mekulo.com\\\/dk\\\/produkt\\\/eyeliner-stempel-2-stk\\\/#primaryimage\"},\"thumbnailUrl\":\"https:\\\/\\\/mekulo.com\\\/dk\\\/wp-content\\\/uploads\\\/sites\\\/12\\\/2026\\\/01\\\/klri8yk-1.jpeg\",\"datePublished\":\"2026-01-13T17:22:45+00:00\",\"dateModified\":\"2026-01-14T19:21:06+00:00\",\"breadcrumb\":{\"@id\":\"https:\\\/\\\/mekulo.com\\\/dk\\\/produkt\\\/eyeliner-stempel-2-stk\\\/#breadcrumb\"},\"inLanguage\":\"da-DK\",\"potentialAction\":[{\"@type\":\"ReadAction\",\"target\":[\"https:\\\/\\\/mekulo.com\\\/dk\\\/produkt\\\/eyeliner-stempel-2-stk\\\/\"]}]},{\"@type\":\"ImageObject\",\"inLanguage\":\"da-DK\",\"@id\":\"https:\\\/\\\/mekulo.com\\\/dk\\\/produkt\\\/eyeliner-stempel-2-stk\\\/#primaryimage\",\"url\":\"https:\\\/\\\/mekulo.com\\\/dk\\\/wp-content\\\/uploads\\\/sites\\\/12\\\/2026\\\/01\\\/klri8yk-1.jpeg\",\"contentUrl\":\"https:\\\/\\\/mekulo.com\\\/dk\\\/wp-content\\\/uploads\\\/sites\\\/12\\\/2026\\\/01\\\/klri8yk-1.jpeg\",\"width\":800,\"height\":800},{\"@type\":\"BreadcrumbList\",\"@id\":\"https:\\\/\\\/mekulo.com\\\/dk\\\/produkt\\\/eyeliner-stempel-2-stk\\\/#breadcrumb\",\"itemListElement\":[{\"@type\":\"ListItem\",\"position\":1,\"name\":\"Home\",\"item\":\"https:\\\/\\\/mekulo.com\\\/dk\\\/\"},{\"@type\":\"ListItem\",\"position\":2,\"name\":\"Butik\",\"item\":\"https:\\\/\\\/mekulo.com\\\/dk\\\/butik\\\/\"},{\"@type\":\"ListItem\",\"position\":3,\"name\":\"Eyeliner-stempel (2 stk)\"}]},{\"@type\":\"WebSite\",\"@id\":\"https:\\\/\\\/mekulo.com\\\/dk\\\/#website\",\"url\":\"https:\\\/\\\/mekulo.com\\\/dk\\\/\",\"name\":\"Mekulo DK\",\"description\":\"\",\"publisher\":{\"@id\":\"https:\\\/\\\/mekulo.com\\\/dk\\\/#organization\"},\"potentialAction\":[{\"@type\":\"SearchAction\",\"target\":{\"@type\":\"EntryPoint\",\"urlTemplate\":\"https:\\\/\\\/mekulo.com\\\/dk\\\/?s={search_term_string}\"},\"query-input\":{\"@type\":\"PropertyValueSpecification\",\"valueRequired\":true,\"valueName\":\"search_term_string\"}}],\"inLanguage\":\"da-DK\"},{\"@type\":\"Organization\",\"@id\":\"https:\\\/\\\/mekulo.com\\\/dk\\\/#organization\",\"name\":\"Mekulo\",\"url\":\"https:\\\/\\\/mekulo.com\\\/dk\\\/\",\"logo\":{\"@type\":\"ImageObject\",\"inLanguage\":\"da-DK\",\"@id\":\"https:\\\/\\\/mekulo.com\\\/dk\\\/#\\\/schema\\\/logo\\\/image\\\/\",\"url\":\"https:\\\/\\\/mekulo.com\\\/dk\\\/wp-content\\\/uploads\\\/sites\\\/12\\\/2025\\\/12\\\/favicon_mekulo.png\",\"contentUrl\":\"https:\\\/\\\/mekulo.com\\\/dk\\\/wp-content\\\/uploads\\\/sites\\\/12\\\/2025\\\/12\\\/favicon_mekulo.png\",\"width\":50,\"height\":50,\"caption\":\"Mekulo\"},\"image\":{\"@id\":\"https:\\\/\\\/mekulo.com\\\/dk\\\/#\\\/schema\\\/logo\\\/image\\\/\"}}]}<\/script>\n<!-- \/ Yoast SEO plugin. -->","yoast_head_json":{"title":"Eyeliner-stempel (2 stk) - Mekulo DK","robots":{"index":"index","follow":"follow","max-snippet":"max-snippet:-1","max-image-preview":"max-image-preview:large","max-video-preview":"max-video-preview:-1"},"canonical":"https:\/\/mekulo.com\/dk\/produkt\/eyeliner-stempel-2-stk\/","og_locale":"da_DK","og_type":"article","og_title":"Eyeliner-stempel (2 stk) - Mekulo DK","og_description":"\ud83d\udc41\ufe0fDenne eyeliner-stempel kombinerer pr\u00e6cis flydende eyeliner med sjove stempeldesigns, der g\u00f8r \u00f8jenmakeup hurtig, nem og legende. \ud83d\udca7Den er vandfast, langtidsholdbar og perfekt til begyndere eller alle, der vil have fejlfri linjer med et kreativt drejning. \ud83d\udc84En sjov og nem m\u00e5de at opgradere din eyeliner-rutine p\u00e5 - perfekte linjer med et legende touch.","og_url":"https:\/\/mekulo.com\/dk\/produkt\/eyeliner-stempel-2-stk\/","og_site_name":"Mekulo DK","article_modified_time":"2026-01-14T19:21:06+00:00","og_image":[{"width":800,"height":800,"url":"https:\/\/mekulo.com\/dk\/wp-content\/uploads\/sites\/12\/2026\/01\/klri8yk-1.jpeg","type":"image\/jpeg"}],"twitter_card":"summary_large_image","twitter_misc":{"Estimeret l\u00e6setid":"2 minutter"},"schema":{"@context":"https:\/\/schema.org","@graph":[{"@type":"WebPage","@id":"https:\/\/mekulo.com\/dk\/produkt\/eyeliner-stempel-2-stk\/","url":"https:\/\/mekulo.com\/dk\/produkt\/eyeliner-stempel-2-stk\/","name":"Eyeliner-stempel (2 stk) - Mekulo DK","isPartOf":{"@id":"https:\/\/mekulo.com\/dk\/#website"},"primaryImageOfPage":{"@id":"https:\/\/mekulo.com\/dk\/produkt\/eyeliner-stempel-2-stk\/#primaryimage"},"image":{"@id":"https:\/\/mekulo.com\/dk\/produkt\/eyeliner-stempel-2-stk\/#primaryimage"},"thumbnailUrl":"https:\/\/mekulo.com\/dk\/wp-content\/uploads\/sites\/12\/2026\/01\/klri8yk-1.jpeg","datePublished":"2026-01-13T17:22:45+00:00","dateModified":"2026-01-14T19:21:06+00:00","breadcrumb":{"@id":"https:\/\/mekulo.com\/dk\/produkt\/eyeliner-stempel-2-stk\/#breadcrumb"},"inLanguage":"da-DK","potentialAction":[{"@type":"ReadAction","target":["https:\/\/mekulo.com\/dk\/produkt\/eyeliner-stempel-2-stk\/"]}]},{"@type":"ImageObject","inLanguage":"da-DK","@id":"https:\/\/mekulo.com\/dk\/produkt\/eyeliner-stempel-2-stk\/#primaryimage","url":"https:\/\/mekulo.com\/dk\/wp-content\/uploads\/sites\/12\/2026\/01\/klri8yk-1.jpeg","contentUrl":"https:\/\/mekulo.com\/dk\/wp-content\/uploads\/sites\/12\/2026\/01\/klri8yk-1.jpeg","width":800,"height":800},{"@type":"BreadcrumbList","@id":"https:\/\/mekulo.com\/dk\/produkt\/eyeliner-stempel-2-stk\/#breadcrumb","itemListElement":[{"@type":"ListItem","position":1,"name":"Home","item":"https:\/\/mekulo.com\/dk\/"},{"@type":"ListItem","position":2,"name":"Butik","item":"https:\/\/mekulo.com\/dk\/butik\/"},{"@type":"ListItem","position":3,"name":"Eyeliner-stempel (2 stk)"}]},{"@type":"WebSite","@id":"https:\/\/mekulo.com\/dk\/#website","url":"https:\/\/mekulo.com\/dk\/","name":"Mekulo DK","description":"","publisher":{"@id":"https:\/\/mekulo.com\/dk\/#organization"},"potentialAction":[{"@type":"SearchAction","target":{"@type":"EntryPoint","urlTemplate":"https:\/\/mekulo.com\/dk\/?s={search_term_string}"},"query-input":{"@type":"PropertyValueSpecification","valueRequired":true,"valueName":"search_term_string"}}],"inLanguage":"da-DK"},{"@type":"Organization","@id":"https:\/\/mekulo.com\/dk\/#organization","name":"Mekulo","url":"https:\/\/mekulo.com\/dk\/","logo":{"@type":"ImageObject","inLanguage":"da-DK","@id":"https:\/\/mekulo.com\/dk\/#\/schema\/logo\/image\/","url":"https:\/\/mekulo.com\/dk\/wp-content\/uploads\/sites\/12\/2025\/12\/favicon_mekulo.png","contentUrl":"https:\/\/mekulo.com\/dk\/wp-content\/uploads\/sites\/12\/2025\/12\/favicon_mekulo.png","width":50,"height":50,"caption":"Mekulo"},"image":{"@id":"https:\/\/mekulo.com\/dk\/#\/schema\/logo\/image\/"}}]}},"_links":{"self":[{"href":"https:\/\/mekulo.com\/dk\/wp-json\/wp\/v2\/product\/17645","targetHints":{"allow":["GET"]}}],"collection":[{"href":"https:\/\/mekulo.com\/dk\/wp-json\/wp\/v2\/product"}],"about":[{"href":"https:\/\/mekulo.com\/dk\/wp-json\/wp\/v2\/types\/product"}],"replies":[{"embeddable":true,"href":"https:\/\/mekulo.com\/dk\/wp-json\/wp\/v2\/comments?post=17645"}],"wp:featuredmedia":[{"embeddable":true,"href":"https:\/\/mekulo.com\/dk\/wp-json\/wp\/v2\/media\/17641"}],"wp:attachment":[{"href":"https:\/\/mekulo.com\/dk\/wp-json\/wp\/v2\/media?parent=17645"}],"wp:term":[{"taxonomy":"product_brand","embeddable":true,"href":"https:\/\/mekulo.com\/dk\/wp-json\/wp\/v2\/product_brand?post=17645"},{"taxonomy":"product_cat","embeddable":true,"href":"https:\/\/mekulo.com\/dk\/wp-json\/wp\/v2\/product_cat?post=17645"},{"taxonomy":"product_tag","embeddable":true,"href":"https:\/\/mekulo.com\/dk\/wp-json\/wp\/v2\/product_tag?post=17645"}],"curies":[{"name":"wp","href":"https:\/\/api.w.org\/{rel}","templated":true}]}}