{"id":17612,"date":"2026-01-13T19:20:26","date_gmt":"2026-01-13T17:20:26","guid":{"rendered":"https:\/\/mekulo.com\/dk\/produkt\/snackbeholder-2-i-1\/"},"modified":"2026-01-14T21:14:39","modified_gmt":"2026-01-14T19:14:39","slug":"snackbeholder-2-i-1","status":"publish","type":"product","link":"https:\/\/mekulo.com\/dk\/produkt\/snackbeholder-2-i-1\/","title":{"rendered":"Snackbeholder 2-i-1"},"content":{"rendered":"<p style=\"text-align: center;\" data-start=\"0\" data-end=\"47\"><strong data-start=\"0\" data-end=\"47\">Nyd Snacking Uden Rod, Hvor Som Helst Og N\u00e5r Som Helst. \ud83c\udf5f<\/strong><\/p>\n<p data-start=\"0\" data-end=\"47\"><img decoding=\"async\" class=\"size-full wp-image-19994 aligncenter\" src=\"https:\/\/mekulo.com\/template\/wp-content\/uploads\/sites\/6\/2026\/01\/d26751bfaf0aad691bbcdec7fdba245ee77ff698.avif\" alt=\"\" \/><\/p>\n<h2 style=\"text-align: center;\" data-start=\"307\" data-end=\"327\">\ud83e\udd68 Vigtigste fordele<\/h2>\n<p data-start=\"331\" data-end=\"395\">\u270b Rene h\u00e6nder hver gang &#8211; Bl\u00f8dt silikonel\u00e5g forhindrer rod.<\/p>\n<p data-start=\"398\" data-end=\"453\">\ud83d\udd12 Luftt\u00e6t forsegling &#8211; Holder snacks friske og spr\u00f8de.<\/p>\n<p data-start=\"456\" data-end=\"518\">\ud83d\ude97 Perfekt til rejser &#8211; Passer nemt til kopholdere og tasker.<\/p>\n<p data-start=\"521\" data-end=\"576\">\ud83e\uddfc Nem at reng\u00f8re &#8211; Bred \u00e5bning til hurtig skylning.<\/p>\n<p data-start=\"579\" data-end=\"638\">\ud83c\udfa8 Sjove, lyse farver &#8211; Nemme at f\u00e5 \u00f8je p\u00e5 og b\u00f8rnevenlige.<\/p>\n<p data-start=\"579\" data-end=\"638\"><img decoding=\"async\" class=\"size-full wp-image-19993 aligncenter\" src=\"https:\/\/mekulo.com\/template\/wp-content\/uploads\/sites\/6\/2026\/01\/45f5d6c0175f45fba11996e6c338ca04aada16b2.avif\" alt=\"\" \/><\/p>\n<h2 style=\"text-align: center;\" data-start=\"645\" data-end=\"662\">\u25b6\ufe0f S\u00e5dan Bruges<\/h2>\n<ol data-start=\"664\" data-end=\"908\">\n<li data-start=\"664\" data-end=\"700\">\n<p data-start=\"667\" data-end=\"700\">Fyld beholderen med snacks.<\/p>\n<\/li>\n<li data-start=\"701\" data-end=\"750\">\n<p data-start=\"704\" data-end=\"750\">Luk l\u00e5get sikkert for en luftt\u00e6t forsegling.<\/p>\n<\/li>\n<li data-start=\"751\" data-end=\"814\">\n<p data-start=\"754\" data-end=\"814\">Dyp din h\u00e5nd gennem silikone\u00e5bningen for at f\u00e5 fat i snacks.<\/p>\n<\/li>\n<li data-start=\"815\" data-end=\"854\">\n<p data-start=\"818\" data-end=\"854\">Nyd snacking uden rod overalt.<\/p>\n<\/li>\n<li data-start=\"855\" data-end=\"908\">\n<p data-start=\"858\" data-end=\"908\">Skyl med vand og s\u00e6be efter brug, og lad det luftt\u00f8rre.<\/p>\n<\/li>\n<\/ol>\n<h2 style=\"text-align: center;\" data-start=\"915\" data-end=\"937\">\ud83d\udccf Produktdetaljer<\/h2>\n<ul data-start=\"939\" data-end=\"1138\">\n<li data-start=\"980\" data-end=\"1028\">\n<p data-start=\"982\" data-end=\"1028\">L\u00e5g type: Bl\u00f8d silikone, fingersikker \u00e5bning<\/p>\n<\/li>\n<li data-start=\"980\" data-end=\"1028\">\n<p data-start=\"982\" data-end=\"1028\">Materiale: Silikone + ABS<\/p>\n<\/li>\n<li data-start=\"1029\" data-end=\"1061\">\n<p data-start=\"1031\" data-end=\"1061\">Forsegling: Luftt\u00e6t for friskhed<\/p>\n<\/li>\n<li data-start=\"1062\" data-end=\"1102\">\n<p data-start=\"1064\" data-end=\"1102\">Design: B\u00e6rbar og rejsevenlig<\/p>\n<\/li>\n<li data-start=\"1103\" data-end=\"1138\">\n<p data-start=\"1105\" data-end=\"1138\">Reng\u00f8ring: H\u00e5ndvask anbefales<\/p>\n<\/li>\n<li data-start=\"1103\" data-end=\"1138\">St\u00f8rrelse: 12 x 10 x 6 cm<\/li>\n<\/ul>\n<h2 style=\"text-align: center;\" data-start=\"1145\" data-end=\"1168\">\ud83d\udce6 Pakken indeholder<\/h2>\n<ul data-start=\"1170\" data-end=\"1200\">\n<li data-start=\"1170\" data-end=\"1200\">\n<p data-start=\"1172\" data-end=\"1200\">1x snackbeholder 2-i-1.<\/p>\n<\/li>\n<\/ul>\n","protected":false},"excerpt":{"rendered":"<p>\ud83c\udf47Denne 2-i-1-snackbeholder holder snacks friske og h\u00e6nderne rene, hvilket g\u00f8r den perfekt til b\u00f8rn, rejser og travle dage.<br \/>\n\ud83e\uded7Det bl\u00f8de silikonel\u00e5g giver dig mulighed for at f\u00e5 fat i snacks uden spild, krummer eller klistrede fingre &#8211; uanset om du er hjemme, i bilen eller p\u00e5 farten.<br \/>\n<span style=\"font-size: 16px; font-style: normal; font-weight: 400;\">\ud83d\udc67<\/span>En smart snackl\u00f8sning til for\u00e6ldre, b\u00f8rn og alle, der snacker p\u00e5 farten.<\/p>\n","protected":false},"featured_media":17608,"comment_status":"open","ping_status":"closed","template":"","meta":{"site-sidebar-layout":"default","site-content-layout":"","ast-site-content-layout":"default","site-content-style":"default","site-sidebar-style":"default","ast-global-header-display":"","ast-banner-title-visibility":"","ast-main-header-display":"","ast-hfb-above-header-display":"","ast-hfb-below-header-display":"","ast-hfb-mobile-header-display":"","site-post-title":"","ast-breadcrumbs-content":"","ast-featured-img":"","footer-sml-layout":"","ast-disable-related-posts":"","theme-transparent-header-meta":"default","adv-header-id-meta":"","stick-header-meta":"","header-above-stick-meta":"","header-main-stick-meta":"","header-below-stick-meta":"","astra-migrate-meta-layouts":"set","ast-page-background-enabled":"default","ast-page-background-meta":{"desktop":{"background-color":"var(--ast-global-color-5)","background-image":"","background-repeat":"repeat","background-position":"center center","background-size":"auto","background-attachment":"scroll","background-type":"","background-media":"","overlay-type":"","overlay-color":"","overlay-opacity":"","overlay-gradient":""},"tablet":{"background-color":"","background-image":"","background-repeat":"repeat","background-position":"center center","background-size":"auto","background-attachment":"scroll","background-type":"","background-media":"","overlay-type":"","overlay-color":"","overlay-opacity":"","overlay-gradient":""},"mobile":{"background-color":"","background-image":"","background-repeat":"repeat","background-position":"center center","background-size":"auto","background-attachment":"scroll","background-type":"","background-media":"","overlay-type":"","overlay-color":"","overlay-opacity":"","overlay-gradient":""}},"ast-content-background-meta":{"desktop":{"background-color":"var(--ast-global-color-4)","background-image":"","background-repeat":"repeat","background-position":"center center","background-size":"auto","background-attachment":"scroll","background-type":"","background-media":"","overlay-type":"","overlay-color":"","overlay-opacity":"","overlay-gradient":""},"tablet":{"background-color":"var(--ast-global-color-4)","background-image":"","background-repeat":"repeat","background-position":"center center","background-size":"auto","background-attachment":"scroll","background-type":"","background-media":"","overlay-type":"","overlay-color":"","overlay-opacity":"","overlay-gradient":""},"mobile":{"background-color":"var(--ast-global-color-4)","background-image":"","background-repeat":"repeat","background-position":"center center","background-size":"auto","background-attachment":"scroll","background-type":"","background-media":"","overlay-type":"","overlay-color":"","overlay-opacity":"","overlay-gradient":""}}},"product_brand":[],"product_cat":[168,172],"product_tag":[],"class_list":{"0":"post-17612","1":"product","2":"type-product","3":"status-publish","4":"has-post-thumbnail","6":"product_cat-husholdningsartikler","7":"product_cat-legetoej-boerne-og-babyprodukter","8":"pa_67006_a7srqe6e-blaa","9":"pa_67006_a7srqe6e-groen","10":"pa_67006_a7srqe6e-gul","11":"pa_67006_a7srqe6e-lilla","12":"pa_67006_a7srqe6e-lyseroed","13":"pa_67006_a7srqe6e-orange","14":"desktop-align-left","15":"tablet-align-left","16":"mobile-align-left","18":"first","19":"instock","20":"shipping-taxable","21":"purchasable","22":"product-type-variable"},"yoast_head":"<!-- This site is optimized with the Yoast SEO plugin v27.4 - https:\/\/yoast.com\/product\/yoast-seo-wordpress\/ -->\n<title>Snackbeholder 2-i-1 - Mekulo DK<\/title>\n<meta name=\"robots\" content=\"index, follow, max-snippet:-1, max-image-preview:large, max-video-preview:-1\" \/>\n<link rel=\"canonical\" href=\"https:\/\/mekulo.com\/dk\/produkt\/snackbeholder-2-i-1\/\" \/>\n<meta property=\"og:locale\" content=\"da_DK\" \/>\n<meta property=\"og:type\" content=\"article\" \/>\n<meta property=\"og:title\" content=\"Snackbeholder 2-i-1 - Mekulo DK\" \/>\n<meta property=\"og:description\" content=\"\ud83c\udf47Denne 2-i-1-snackbeholder holder snacks friske og h\u00e6nderne rene, hvilket g\u00f8r den perfekt til b\u00f8rn, rejser og travle dage. \ud83e\uded7Det bl\u00f8de silikonel\u00e5g giver dig mulighed for at f\u00e5 fat i snacks uden spild, krummer eller klistrede fingre - uanset om du er hjemme, i bilen eller p\u00e5 farten. \ud83d\udc67En smart snackl\u00f8sning til for\u00e6ldre, b\u00f8rn og alle, der snacker p\u00e5 farten.\" \/>\n<meta property=\"og:url\" content=\"https:\/\/mekulo.com\/dk\/produkt\/snackbeholder-2-i-1\/\" \/>\n<meta property=\"og:site_name\" content=\"Mekulo DK\" \/>\n<meta property=\"article:modified_time\" content=\"2026-01-14T19:14:39+00:00\" \/>\n<meta property=\"og:image\" content=\"https:\/\/mekulo.com\/dk\/wp-content\/uploads\/sites\/12\/2026\/01\/ozmixm1-1.webp\" \/>\n\t<meta property=\"og:image:width\" content=\"1000\" \/>\n\t<meta property=\"og:image:height\" content=\"1000\" \/>\n\t<meta property=\"og:image:type\" content=\"image\/webp\" \/>\n<meta name=\"twitter:card\" content=\"summary_large_image\" \/>\n<meta name=\"twitter:label1\" content=\"Estimeret l\u00e6setid\" \/>\n\t<meta name=\"twitter:data1\" content=\"2 minutter\" \/>\n<script type=\"application\/ld+json\" class=\"yoast-schema-graph\">{\"@context\":\"https:\\\/\\\/schema.org\",\"@graph\":[{\"@type\":\"WebPage\",\"@id\":\"https:\\\/\\\/mekulo.com\\\/dk\\\/produkt\\\/snackbeholder-2-i-1\\\/\",\"url\":\"https:\\\/\\\/mekulo.com\\\/dk\\\/produkt\\\/snackbeholder-2-i-1\\\/\",\"name\":\"Snackbeholder 2-i-1 - Mekulo DK\",\"isPartOf\":{\"@id\":\"https:\\\/\\\/mekulo.com\\\/dk\\\/#website\"},\"primaryImageOfPage\":{\"@id\":\"https:\\\/\\\/mekulo.com\\\/dk\\\/produkt\\\/snackbeholder-2-i-1\\\/#primaryimage\"},\"image\":{\"@id\":\"https:\\\/\\\/mekulo.com\\\/dk\\\/produkt\\\/snackbeholder-2-i-1\\\/#primaryimage\"},\"thumbnailUrl\":\"https:\\\/\\\/mekulo.com\\\/dk\\\/wp-content\\\/uploads\\\/sites\\\/12\\\/2026\\\/01\\\/ozmixm1-1.webp\",\"datePublished\":\"2026-01-13T17:20:26+00:00\",\"dateModified\":\"2026-01-14T19:14:39+00:00\",\"breadcrumb\":{\"@id\":\"https:\\\/\\\/mekulo.com\\\/dk\\\/produkt\\\/snackbeholder-2-i-1\\\/#breadcrumb\"},\"inLanguage\":\"da-DK\",\"potentialAction\":[{\"@type\":\"ReadAction\",\"target\":[\"https:\\\/\\\/mekulo.com\\\/dk\\\/produkt\\\/snackbeholder-2-i-1\\\/\"]}]},{\"@type\":\"ImageObject\",\"inLanguage\":\"da-DK\",\"@id\":\"https:\\\/\\\/mekulo.com\\\/dk\\\/produkt\\\/snackbeholder-2-i-1\\\/#primaryimage\",\"url\":\"https:\\\/\\\/mekulo.com\\\/dk\\\/wp-content\\\/uploads\\\/sites\\\/12\\\/2026\\\/01\\\/ozmixm1-1.webp\",\"contentUrl\":\"https:\\\/\\\/mekulo.com\\\/dk\\\/wp-content\\\/uploads\\\/sites\\\/12\\\/2026\\\/01\\\/ozmixm1-1.webp\",\"width\":1000,\"height\":1000},{\"@type\":\"BreadcrumbList\",\"@id\":\"https:\\\/\\\/mekulo.com\\\/dk\\\/produkt\\\/snackbeholder-2-i-1\\\/#breadcrumb\",\"itemListElement\":[{\"@type\":\"ListItem\",\"position\":1,\"name\":\"Home\",\"item\":\"https:\\\/\\\/mekulo.com\\\/dk\\\/\"},{\"@type\":\"ListItem\",\"position\":2,\"name\":\"Butik\",\"item\":\"https:\\\/\\\/mekulo.com\\\/dk\\\/butik\\\/\"},{\"@type\":\"ListItem\",\"position\":3,\"name\":\"Snackbeholder 2-i-1\"}]},{\"@type\":\"WebSite\",\"@id\":\"https:\\\/\\\/mekulo.com\\\/dk\\\/#website\",\"url\":\"https:\\\/\\\/mekulo.com\\\/dk\\\/\",\"name\":\"Mekulo DK\",\"description\":\"\",\"publisher\":{\"@id\":\"https:\\\/\\\/mekulo.com\\\/dk\\\/#organization\"},\"potentialAction\":[{\"@type\":\"SearchAction\",\"target\":{\"@type\":\"EntryPoint\",\"urlTemplate\":\"https:\\\/\\\/mekulo.com\\\/dk\\\/?s={search_term_string}\"},\"query-input\":{\"@type\":\"PropertyValueSpecification\",\"valueRequired\":true,\"valueName\":\"search_term_string\"}}],\"inLanguage\":\"da-DK\"},{\"@type\":\"Organization\",\"@id\":\"https:\\\/\\\/mekulo.com\\\/dk\\\/#organization\",\"name\":\"Mekulo\",\"url\":\"https:\\\/\\\/mekulo.com\\\/dk\\\/\",\"logo\":{\"@type\":\"ImageObject\",\"inLanguage\":\"da-DK\",\"@id\":\"https:\\\/\\\/mekulo.com\\\/dk\\\/#\\\/schema\\\/logo\\\/image\\\/\",\"url\":\"https:\\\/\\\/mekulo.com\\\/dk\\\/wp-content\\\/uploads\\\/sites\\\/12\\\/2025\\\/12\\\/favicon_mekulo.png\",\"contentUrl\":\"https:\\\/\\\/mekulo.com\\\/dk\\\/wp-content\\\/uploads\\\/sites\\\/12\\\/2025\\\/12\\\/favicon_mekulo.png\",\"width\":50,\"height\":50,\"caption\":\"Mekulo\"},\"image\":{\"@id\":\"https:\\\/\\\/mekulo.com\\\/dk\\\/#\\\/schema\\\/logo\\\/image\\\/\"}}]}<\/script>\n<!-- \/ Yoast SEO plugin. -->","yoast_head_json":{"title":"Snackbeholder 2-i-1 - Mekulo DK","robots":{"index":"index","follow":"follow","max-snippet":"max-snippet:-1","max-image-preview":"max-image-preview:large","max-video-preview":"max-video-preview:-1"},"canonical":"https:\/\/mekulo.com\/dk\/produkt\/snackbeholder-2-i-1\/","og_locale":"da_DK","og_type":"article","og_title":"Snackbeholder 2-i-1 - Mekulo DK","og_description":"\ud83c\udf47Denne 2-i-1-snackbeholder holder snacks friske og h\u00e6nderne rene, hvilket g\u00f8r den perfekt til b\u00f8rn, rejser og travle dage. \ud83e\uded7Det bl\u00f8de silikonel\u00e5g giver dig mulighed for at f\u00e5 fat i snacks uden spild, krummer eller klistrede fingre - uanset om du er hjemme, i bilen eller p\u00e5 farten. \ud83d\udc67En smart snackl\u00f8sning til for\u00e6ldre, b\u00f8rn og alle, der snacker p\u00e5 farten.","og_url":"https:\/\/mekulo.com\/dk\/produkt\/snackbeholder-2-i-1\/","og_site_name":"Mekulo DK","article_modified_time":"2026-01-14T19:14:39+00:00","og_image":[{"width":1000,"height":1000,"url":"https:\/\/mekulo.com\/dk\/wp-content\/uploads\/sites\/12\/2026\/01\/ozmixm1-1.webp","type":"image\/webp"}],"twitter_card":"summary_large_image","twitter_misc":{"Estimeret l\u00e6setid":"2 minutter"},"schema":{"@context":"https:\/\/schema.org","@graph":[{"@type":"WebPage","@id":"https:\/\/mekulo.com\/dk\/produkt\/snackbeholder-2-i-1\/","url":"https:\/\/mekulo.com\/dk\/produkt\/snackbeholder-2-i-1\/","name":"Snackbeholder 2-i-1 - Mekulo DK","isPartOf":{"@id":"https:\/\/mekulo.com\/dk\/#website"},"primaryImageOfPage":{"@id":"https:\/\/mekulo.com\/dk\/produkt\/snackbeholder-2-i-1\/#primaryimage"},"image":{"@id":"https:\/\/mekulo.com\/dk\/produkt\/snackbeholder-2-i-1\/#primaryimage"},"thumbnailUrl":"https:\/\/mekulo.com\/dk\/wp-content\/uploads\/sites\/12\/2026\/01\/ozmixm1-1.webp","datePublished":"2026-01-13T17:20:26+00:00","dateModified":"2026-01-14T19:14:39+00:00","breadcrumb":{"@id":"https:\/\/mekulo.com\/dk\/produkt\/snackbeholder-2-i-1\/#breadcrumb"},"inLanguage":"da-DK","potentialAction":[{"@type":"ReadAction","target":["https:\/\/mekulo.com\/dk\/produkt\/snackbeholder-2-i-1\/"]}]},{"@type":"ImageObject","inLanguage":"da-DK","@id":"https:\/\/mekulo.com\/dk\/produkt\/snackbeholder-2-i-1\/#primaryimage","url":"https:\/\/mekulo.com\/dk\/wp-content\/uploads\/sites\/12\/2026\/01\/ozmixm1-1.webp","contentUrl":"https:\/\/mekulo.com\/dk\/wp-content\/uploads\/sites\/12\/2026\/01\/ozmixm1-1.webp","width":1000,"height":1000},{"@type":"BreadcrumbList","@id":"https:\/\/mekulo.com\/dk\/produkt\/snackbeholder-2-i-1\/#breadcrumb","itemListElement":[{"@type":"ListItem","position":1,"name":"Home","item":"https:\/\/mekulo.com\/dk\/"},{"@type":"ListItem","position":2,"name":"Butik","item":"https:\/\/mekulo.com\/dk\/butik\/"},{"@type":"ListItem","position":3,"name":"Snackbeholder 2-i-1"}]},{"@type":"WebSite","@id":"https:\/\/mekulo.com\/dk\/#website","url":"https:\/\/mekulo.com\/dk\/","name":"Mekulo DK","description":"","publisher":{"@id":"https:\/\/mekulo.com\/dk\/#organization"},"potentialAction":[{"@type":"SearchAction","target":{"@type":"EntryPoint","urlTemplate":"https:\/\/mekulo.com\/dk\/?s={search_term_string}"},"query-input":{"@type":"PropertyValueSpecification","valueRequired":true,"valueName":"search_term_string"}}],"inLanguage":"da-DK"},{"@type":"Organization","@id":"https:\/\/mekulo.com\/dk\/#organization","name":"Mekulo","url":"https:\/\/mekulo.com\/dk\/","logo":{"@type":"ImageObject","inLanguage":"da-DK","@id":"https:\/\/mekulo.com\/dk\/#\/schema\/logo\/image\/","url":"https:\/\/mekulo.com\/dk\/wp-content\/uploads\/sites\/12\/2025\/12\/favicon_mekulo.png","contentUrl":"https:\/\/mekulo.com\/dk\/wp-content\/uploads\/sites\/12\/2025\/12\/favicon_mekulo.png","width":50,"height":50,"caption":"Mekulo"},"image":{"@id":"https:\/\/mekulo.com\/dk\/#\/schema\/logo\/image\/"}}]}},"_links":{"self":[{"href":"https:\/\/mekulo.com\/dk\/wp-json\/wp\/v2\/product\/17612","targetHints":{"allow":["GET"]}}],"collection":[{"href":"https:\/\/mekulo.com\/dk\/wp-json\/wp\/v2\/product"}],"about":[{"href":"https:\/\/mekulo.com\/dk\/wp-json\/wp\/v2\/types\/product"}],"replies":[{"embeddable":true,"href":"https:\/\/mekulo.com\/dk\/wp-json\/wp\/v2\/comments?post=17612"}],"wp:featuredmedia":[{"embeddable":true,"href":"https:\/\/mekulo.com\/dk\/wp-json\/wp\/v2\/media\/17608"}],"wp:attachment":[{"href":"https:\/\/mekulo.com\/dk\/wp-json\/wp\/v2\/media?parent=17612"}],"wp:term":[{"taxonomy":"product_brand","embeddable":true,"href":"https:\/\/mekulo.com\/dk\/wp-json\/wp\/v2\/product_brand?post=17612"},{"taxonomy":"product_cat","embeddable":true,"href":"https:\/\/mekulo.com\/dk\/wp-json\/wp\/v2\/product_cat?post=17612"},{"taxonomy":"product_tag","embeddable":true,"href":"https:\/\/mekulo.com\/dk\/wp-json\/wp\/v2\/product_tag?post=17612"}],"curies":[{"name":"wp","href":"https:\/\/api.w.org\/{rel}","templated":true}]}}