{"id":17602,"date":"2026-01-13T19:19:05","date_gmt":"2026-01-13T17:19:05","guid":{"rendered":"https:\/\/mekulo.com\/dk\/produkt\/ballonspraengningsspil\/"},"modified":"2026-01-14T21:12:03","modified_gmt":"2026-01-14T19:12:03","slug":"ballonspraengningsspil","status":"publish","type":"product","link":"https:\/\/mekulo.com\/dk\/produkt\/ballonspraengningsspil\/","title":{"rendered":"Ballonspr\u00e6ngningsspil"},"content":{"rendered":"<p style=\"text-align: center;\" data-start=\"0\" data-end=\"58\"><strong data-start=\"0\" data-end=\"58\">Skab sp\u00e6nding, grin og overraskelser i hver runde. \ud83c\udfaf<\/strong><\/p>\n<p data-start=\"0\" data-end=\"58\"><img decoding=\"async\" class=\"size-full wp-image-19985 aligncenter\" src=\"https:\/\/mekulo.com\/template\/wp-content\/uploads\/sites\/6\/2026\/01\/81cd2f4c7858398f564e6d2a23c16e8004f58730-700.avif\" alt=\"\" \/><\/p>\n<h2 style=\"text-align: center;\" data-start=\"297\" data-end=\"317\">Vigtigste fordele<\/h2>\n<p data-start=\"321\" data-end=\"382\">\ud83d\ude02 \u00d8jeblikkelig sjov for grupper &#8211; Perfekt til 2 eller flere spillere.<\/p>\n<p data-start=\"385\" data-end=\"452\">\u23f1\ufe0f Hurtige og sp\u00e6ndende runder &#8211; Let at spille igen og igen.<\/p>\n<p data-start=\"455\" data-end=\"519\">\ud83c\udfaf Opbygger fokus og mod &#8211; Hver tur \u00f8ger sp\u00e6ndingen.<\/p>\n<p data-start=\"522\" data-end=\"589\">\ud83c\udf89 Perfekt prank-stil spil &#8211; Garanteret grin og reaktioner.<\/p>\n<p data-start=\"592\" data-end=\"657\">\ud83d\udc68\u200d\ud83d\udc69\u200d\ud83d\udc67\u200d\ud83d\udc66 Familie- og festvenligt &#8211; velegnet til alle aldre.<\/p>\n<p data-start=\"592\" data-end=\"657\"><img decoding=\"async\" class=\"size-full wp-image-19984 aligncenter\" src=\"https:\/\/mekulo.com\/template\/wp-content\/uploads\/sites\/6\/2026\/01\/670b9d08fe4279d9583189fc5c10a56d4f1cdf50-700.avif\" alt=\"\" \/><\/p>\n<h2 style=\"text-align: center;\" data-start=\"664\" data-end=\"681\"><strong>S\u00e5dan Bruges<\/strong><\/h2>\n<ol data-start=\"683\" data-end=\"932\">\n<li data-start=\"683\" data-end=\"731\">\n<p data-start=\"686\" data-end=\"731\">S\u00e6t spillet op, og placer en ballon indeni.<\/p>\n<\/li>\n<li data-start=\"732\" data-end=\"762\">\n<p data-start=\"735\" data-end=\"762\">Saml 2 eller flere spillere.<\/p>\n<\/li>\n<li data-start=\"763\" data-end=\"813\">\n<p data-start=\"766\" data-end=\"813\">Spillerne skiftes til at f\u00f8lge spillets handling.<\/p>\n<\/li>\n<li data-start=\"814\" data-end=\"857\">\n<p data-start=\"817\" data-end=\"857\">Den spiller, der spr\u00e6nger ballonen, taber.<\/p>\n<\/li>\n<li data-start=\"858\" data-end=\"932\">\n<p data-start=\"861\" data-end=\"932\">Vinderne nyder sejren, mens taberen accepterer den sjove straf.<\/p>\n<\/li>\n<\/ol>\n<h2 style=\"text-align: center;\" data-start=\"939\" data-end=\"961\"><strong>Produktdetaljer<\/strong><\/h2>\n<ul data-start=\"963\" data-end=\"1157\">\n<li data-start=\"1000\" data-end=\"1039\">\n<p data-start=\"1002\" data-end=\"1039\">Spiltype: Selskabs- og sp\u00f8g- og sk\u00e6mt-br\u00e6tspil<\/p>\n<\/li>\n<li data-start=\"1040\" data-end=\"1062\">\n<p data-start=\"1042\" data-end=\"1062\">Spillere: 2 eller flere<\/p>\n<\/li>\n<li data-start=\"1063\" data-end=\"1101\">\n<p data-start=\"1065\" data-end=\"1101\">Stil: Turbaseret, heldbaseret<\/p>\n<\/li>\n<li data-start=\"1102\" data-end=\"1157\">\n<p data-start=\"1104\" data-end=\"1157\">Anbefalet brug: Familieaftener, fester, sammenkomster<\/p>\n<\/li>\n<\/ul>\n<h2 style=\"text-align: center;\" data-start=\"1164\" data-end=\"1187\"><strong>Pakken indeholder<\/strong><\/h2>\n<ul data-start=\"1189\" data-end=\"1257\">\n<li data-start=\"1189\" data-end=\"1219\">\n<p data-start=\"1191\" data-end=\"1219\">1x ballonbakke<\/p>\n<\/li>\n<li data-start=\"1189\" data-end=\"1219\">\n<p data-start=\"1191\" data-end=\"1219\">1x forbindelsesklemme<\/p>\n<\/li>\n<li data-start=\"1189\" data-end=\"1219\">\n<p data-start=\"1191\" data-end=\"1219\">10x balloner<\/p>\n<\/li>\n<li data-start=\"1189\" data-end=\"1219\">\n<p data-start=\"1191\" data-end=\"1219\">9x pinde.<\/p>\n<\/li>\n<\/ul>\n","protected":false},"excerpt":{"rendered":"<p>\ud83c\udf88Dette ballonspr\u00e6ngningsspil er et sjovt og sp\u00e6ndende selskabsspil, hvor held, mod og fokus afg\u00f8r vinderen.<br \/>\n\ud83d\udc68\u200d\ud83d\udc69\u200d\ud83d\udc67\u200d\ud83d\udc66Et forkert tr\u00e6k kan spr\u00e6nge ballonen og udl\u00f8se latter, hvilket g\u00f8r det perfekt til familieaftener, fester og venskabelige udfordringer.<br \/>\n\ud83c\udfaeEt enkelt, sp\u00e6ndende spil, der forvandler hvert \u00f8jeblik til latter og sp\u00e6nding.<\/p>\n","protected":false},"featured_media":17598,"comment_status":"open","ping_status":"closed","template":"","meta":{"site-sidebar-layout":"default","site-content-layout":"","ast-site-content-layout":"default","site-content-style":"default","site-sidebar-style":"default","ast-global-header-display":"","ast-banner-title-visibility":"","ast-main-header-display":"","ast-hfb-above-header-display":"","ast-hfb-below-header-display":"","ast-hfb-mobile-header-display":"","site-post-title":"","ast-breadcrumbs-content":"","ast-featured-img":"","footer-sml-layout":"","ast-disable-related-posts":"","theme-transparent-header-meta":"default","adv-header-id-meta":"","stick-header-meta":"","header-above-stick-meta":"","header-main-stick-meta":"","header-below-stick-meta":"","astra-migrate-meta-layouts":"set","ast-page-background-enabled":"default","ast-page-background-meta":{"desktop":{"background-color":"var(--ast-global-color-5)","background-image":"","background-repeat":"repeat","background-position":"center center","background-size":"auto","background-attachment":"scroll","background-type":"","background-media":"","overlay-type":"","overlay-color":"","overlay-opacity":"","overlay-gradient":""},"tablet":{"background-color":"","background-image":"","background-repeat":"repeat","background-position":"center center","background-size":"auto","background-attachment":"scroll","background-type":"","background-media":"","overlay-type":"","overlay-color":"","overlay-opacity":"","overlay-gradient":""},"mobile":{"background-color":"","background-image":"","background-repeat":"repeat","background-position":"center center","background-size":"auto","background-attachment":"scroll","background-type":"","background-media":"","overlay-type":"","overlay-color":"","overlay-opacity":"","overlay-gradient":""}},"ast-content-background-meta":{"desktop":{"background-color":"var(--ast-global-color-4)","background-image":"","background-repeat":"repeat","background-position":"center center","background-size":"auto","background-attachment":"scroll","background-type":"","background-media":"","overlay-type":"","overlay-color":"","overlay-opacity":"","overlay-gradient":""},"tablet":{"background-color":"var(--ast-global-color-4)","background-image":"","background-repeat":"repeat","background-position":"center center","background-size":"auto","background-attachment":"scroll","background-type":"","background-media":"","overlay-type":"","overlay-color":"","overlay-opacity":"","overlay-gradient":""},"mobile":{"background-color":"var(--ast-global-color-4)","background-image":"","background-repeat":"repeat","background-position":"center center","background-size":"auto","background-attachment":"scroll","background-type":"","background-media":"","overlay-type":"","overlay-color":"","overlay-opacity":"","overlay-gradient":""}}},"product_brand":[],"product_cat":[172],"product_tag":[],"class_list":{"0":"post-17602","1":"product","2":"type-product","3":"status-publish","4":"has-post-thumbnail","6":"product_cat-legetoej-boerne-og-babyprodukter","7":"desktop-align-left","8":"tablet-align-left","9":"mobile-align-left","11":"first","12":"instock","13":"shipping-taxable","14":"purchasable","15":"product-type-simple"},"yoast_head":"<!-- This site is optimized with the Yoast SEO plugin v27.4 - https:\/\/yoast.com\/product\/yoast-seo-wordpress\/ -->\n<title>Ballonspr\u00e6ngningsspil - Mekulo DK<\/title>\n<meta name=\"robots\" content=\"index, follow, max-snippet:-1, max-image-preview:large, max-video-preview:-1\" \/>\n<link rel=\"canonical\" href=\"https:\/\/mekulo.com\/dk\/produkt\/ballonspraengningsspil\/\" \/>\n<meta property=\"og:locale\" content=\"da_DK\" \/>\n<meta property=\"og:type\" content=\"article\" \/>\n<meta property=\"og:title\" content=\"Ballonspr\u00e6ngningsspil - Mekulo DK\" \/>\n<meta property=\"og:description\" content=\"\ud83c\udf88Dette ballonspr\u00e6ngningsspil er et sjovt og sp\u00e6ndende selskabsspil, hvor held, mod og fokus afg\u00f8r vinderen. \ud83d\udc68\u200d\ud83d\udc69\u200d\ud83d\udc67\u200d\ud83d\udc66Et forkert tr\u00e6k kan spr\u00e6nge ballonen og udl\u00f8se latter, hvilket g\u00f8r det perfekt til familieaftener, fester og venskabelige udfordringer. \ud83c\udfaeEt enkelt, sp\u00e6ndende spil, der forvandler hvert \u00f8jeblik til latter og sp\u00e6nding.\" \/>\n<meta property=\"og:url\" content=\"https:\/\/mekulo.com\/dk\/produkt\/ballonspraengningsspil\/\" \/>\n<meta property=\"og:site_name\" content=\"Mekulo DK\" \/>\n<meta property=\"article:modified_time\" content=\"2026-01-14T19:12:03+00:00\" \/>\n<meta property=\"og:image\" content=\"https:\/\/mekulo.com\/dk\/wp-content\/uploads\/sites\/12\/2026\/01\/i166h5p-1.jpg\" \/>\n\t<meta property=\"og:image:width\" content=\"700\" \/>\n\t<meta property=\"og:image:height\" content=\"700\" \/>\n\t<meta property=\"og:image:type\" content=\"image\/jpeg\" \/>\n<meta name=\"twitter:card\" content=\"summary_large_image\" \/>\n<meta name=\"twitter:label1\" content=\"Estimeret l\u00e6setid\" \/>\n\t<meta name=\"twitter:data1\" content=\"2 minutter\" \/>\n<script type=\"application\/ld+json\" class=\"yoast-schema-graph\">{\"@context\":\"https:\\\/\\\/schema.org\",\"@graph\":[{\"@type\":\"WebPage\",\"@id\":\"https:\\\/\\\/mekulo.com\\\/dk\\\/produkt\\\/ballonspraengningsspil\\\/\",\"url\":\"https:\\\/\\\/mekulo.com\\\/dk\\\/produkt\\\/ballonspraengningsspil\\\/\",\"name\":\"Ballonspr\u00e6ngningsspil - Mekulo DK\",\"isPartOf\":{\"@id\":\"https:\\\/\\\/mekulo.com\\\/dk\\\/#website\"},\"primaryImageOfPage\":{\"@id\":\"https:\\\/\\\/mekulo.com\\\/dk\\\/produkt\\\/ballonspraengningsspil\\\/#primaryimage\"},\"image\":{\"@id\":\"https:\\\/\\\/mekulo.com\\\/dk\\\/produkt\\\/ballonspraengningsspil\\\/#primaryimage\"},\"thumbnailUrl\":\"https:\\\/\\\/mekulo.com\\\/dk\\\/wp-content\\\/uploads\\\/sites\\\/12\\\/2026\\\/01\\\/i166h5p-1.jpg\",\"datePublished\":\"2026-01-13T17:19:05+00:00\",\"dateModified\":\"2026-01-14T19:12:03+00:00\",\"breadcrumb\":{\"@id\":\"https:\\\/\\\/mekulo.com\\\/dk\\\/produkt\\\/ballonspraengningsspil\\\/#breadcrumb\"},\"inLanguage\":\"da-DK\",\"potentialAction\":[{\"@type\":\"ReadAction\",\"target\":[\"https:\\\/\\\/mekulo.com\\\/dk\\\/produkt\\\/ballonspraengningsspil\\\/\"]}]},{\"@type\":\"ImageObject\",\"inLanguage\":\"da-DK\",\"@id\":\"https:\\\/\\\/mekulo.com\\\/dk\\\/produkt\\\/ballonspraengningsspil\\\/#primaryimage\",\"url\":\"https:\\\/\\\/mekulo.com\\\/dk\\\/wp-content\\\/uploads\\\/sites\\\/12\\\/2026\\\/01\\\/i166h5p-1.jpg\",\"contentUrl\":\"https:\\\/\\\/mekulo.com\\\/dk\\\/wp-content\\\/uploads\\\/sites\\\/12\\\/2026\\\/01\\\/i166h5p-1.jpg\",\"width\":700,\"height\":700},{\"@type\":\"BreadcrumbList\",\"@id\":\"https:\\\/\\\/mekulo.com\\\/dk\\\/produkt\\\/ballonspraengningsspil\\\/#breadcrumb\",\"itemListElement\":[{\"@type\":\"ListItem\",\"position\":1,\"name\":\"Home\",\"item\":\"https:\\\/\\\/mekulo.com\\\/dk\\\/\"},{\"@type\":\"ListItem\",\"position\":2,\"name\":\"Butik\",\"item\":\"https:\\\/\\\/mekulo.com\\\/dk\\\/butik\\\/\"},{\"@type\":\"ListItem\",\"position\":3,\"name\":\"Ballonspr\u00e6ngningsspil\"}]},{\"@type\":\"WebSite\",\"@id\":\"https:\\\/\\\/mekulo.com\\\/dk\\\/#website\",\"url\":\"https:\\\/\\\/mekulo.com\\\/dk\\\/\",\"name\":\"Mekulo DK\",\"description\":\"\",\"publisher\":{\"@id\":\"https:\\\/\\\/mekulo.com\\\/dk\\\/#organization\"},\"potentialAction\":[{\"@type\":\"SearchAction\",\"target\":{\"@type\":\"EntryPoint\",\"urlTemplate\":\"https:\\\/\\\/mekulo.com\\\/dk\\\/?s={search_term_string}\"},\"query-input\":{\"@type\":\"PropertyValueSpecification\",\"valueRequired\":true,\"valueName\":\"search_term_string\"}}],\"inLanguage\":\"da-DK\"},{\"@type\":\"Organization\",\"@id\":\"https:\\\/\\\/mekulo.com\\\/dk\\\/#organization\",\"name\":\"Mekulo\",\"url\":\"https:\\\/\\\/mekulo.com\\\/dk\\\/\",\"logo\":{\"@type\":\"ImageObject\",\"inLanguage\":\"da-DK\",\"@id\":\"https:\\\/\\\/mekulo.com\\\/dk\\\/#\\\/schema\\\/logo\\\/image\\\/\",\"url\":\"https:\\\/\\\/mekulo.com\\\/dk\\\/wp-content\\\/uploads\\\/sites\\\/12\\\/2025\\\/12\\\/favicon_mekulo.png\",\"contentUrl\":\"https:\\\/\\\/mekulo.com\\\/dk\\\/wp-content\\\/uploads\\\/sites\\\/12\\\/2025\\\/12\\\/favicon_mekulo.png\",\"width\":50,\"height\":50,\"caption\":\"Mekulo\"},\"image\":{\"@id\":\"https:\\\/\\\/mekulo.com\\\/dk\\\/#\\\/schema\\\/logo\\\/image\\\/\"}}]}<\/script>\n<!-- \/ Yoast SEO plugin. -->","yoast_head_json":{"title":"Ballonspr\u00e6ngningsspil - Mekulo DK","robots":{"index":"index","follow":"follow","max-snippet":"max-snippet:-1","max-image-preview":"max-image-preview:large","max-video-preview":"max-video-preview:-1"},"canonical":"https:\/\/mekulo.com\/dk\/produkt\/ballonspraengningsspil\/","og_locale":"da_DK","og_type":"article","og_title":"Ballonspr\u00e6ngningsspil - Mekulo DK","og_description":"\ud83c\udf88Dette ballonspr\u00e6ngningsspil er et sjovt og sp\u00e6ndende selskabsspil, hvor held, mod og fokus afg\u00f8r vinderen. \ud83d\udc68\u200d\ud83d\udc69\u200d\ud83d\udc67\u200d\ud83d\udc66Et forkert tr\u00e6k kan spr\u00e6nge ballonen og udl\u00f8se latter, hvilket g\u00f8r det perfekt til familieaftener, fester og venskabelige udfordringer. \ud83c\udfaeEt enkelt, sp\u00e6ndende spil, der forvandler hvert \u00f8jeblik til latter og sp\u00e6nding.","og_url":"https:\/\/mekulo.com\/dk\/produkt\/ballonspraengningsspil\/","og_site_name":"Mekulo DK","article_modified_time":"2026-01-14T19:12:03+00:00","og_image":[{"width":700,"height":700,"url":"https:\/\/mekulo.com\/dk\/wp-content\/uploads\/sites\/12\/2026\/01\/i166h5p-1.jpg","type":"image\/jpeg"}],"twitter_card":"summary_large_image","twitter_misc":{"Estimeret l\u00e6setid":"2 minutter"},"schema":{"@context":"https:\/\/schema.org","@graph":[{"@type":"WebPage","@id":"https:\/\/mekulo.com\/dk\/produkt\/ballonspraengningsspil\/","url":"https:\/\/mekulo.com\/dk\/produkt\/ballonspraengningsspil\/","name":"Ballonspr\u00e6ngningsspil - Mekulo DK","isPartOf":{"@id":"https:\/\/mekulo.com\/dk\/#website"},"primaryImageOfPage":{"@id":"https:\/\/mekulo.com\/dk\/produkt\/ballonspraengningsspil\/#primaryimage"},"image":{"@id":"https:\/\/mekulo.com\/dk\/produkt\/ballonspraengningsspil\/#primaryimage"},"thumbnailUrl":"https:\/\/mekulo.com\/dk\/wp-content\/uploads\/sites\/12\/2026\/01\/i166h5p-1.jpg","datePublished":"2026-01-13T17:19:05+00:00","dateModified":"2026-01-14T19:12:03+00:00","breadcrumb":{"@id":"https:\/\/mekulo.com\/dk\/produkt\/ballonspraengningsspil\/#breadcrumb"},"inLanguage":"da-DK","potentialAction":[{"@type":"ReadAction","target":["https:\/\/mekulo.com\/dk\/produkt\/ballonspraengningsspil\/"]}]},{"@type":"ImageObject","inLanguage":"da-DK","@id":"https:\/\/mekulo.com\/dk\/produkt\/ballonspraengningsspil\/#primaryimage","url":"https:\/\/mekulo.com\/dk\/wp-content\/uploads\/sites\/12\/2026\/01\/i166h5p-1.jpg","contentUrl":"https:\/\/mekulo.com\/dk\/wp-content\/uploads\/sites\/12\/2026\/01\/i166h5p-1.jpg","width":700,"height":700},{"@type":"BreadcrumbList","@id":"https:\/\/mekulo.com\/dk\/produkt\/ballonspraengningsspil\/#breadcrumb","itemListElement":[{"@type":"ListItem","position":1,"name":"Home","item":"https:\/\/mekulo.com\/dk\/"},{"@type":"ListItem","position":2,"name":"Butik","item":"https:\/\/mekulo.com\/dk\/butik\/"},{"@type":"ListItem","position":3,"name":"Ballonspr\u00e6ngningsspil"}]},{"@type":"WebSite","@id":"https:\/\/mekulo.com\/dk\/#website","url":"https:\/\/mekulo.com\/dk\/","name":"Mekulo DK","description":"","publisher":{"@id":"https:\/\/mekulo.com\/dk\/#organization"},"potentialAction":[{"@type":"SearchAction","target":{"@type":"EntryPoint","urlTemplate":"https:\/\/mekulo.com\/dk\/?s={search_term_string}"},"query-input":{"@type":"PropertyValueSpecification","valueRequired":true,"valueName":"search_term_string"}}],"inLanguage":"da-DK"},{"@type":"Organization","@id":"https:\/\/mekulo.com\/dk\/#organization","name":"Mekulo","url":"https:\/\/mekulo.com\/dk\/","logo":{"@type":"ImageObject","inLanguage":"da-DK","@id":"https:\/\/mekulo.com\/dk\/#\/schema\/logo\/image\/","url":"https:\/\/mekulo.com\/dk\/wp-content\/uploads\/sites\/12\/2025\/12\/favicon_mekulo.png","contentUrl":"https:\/\/mekulo.com\/dk\/wp-content\/uploads\/sites\/12\/2025\/12\/favicon_mekulo.png","width":50,"height":50,"caption":"Mekulo"},"image":{"@id":"https:\/\/mekulo.com\/dk\/#\/schema\/logo\/image\/"}}]}},"_links":{"self":[{"href":"https:\/\/mekulo.com\/dk\/wp-json\/wp\/v2\/product\/17602","targetHints":{"allow":["GET"]}}],"collection":[{"href":"https:\/\/mekulo.com\/dk\/wp-json\/wp\/v2\/product"}],"about":[{"href":"https:\/\/mekulo.com\/dk\/wp-json\/wp\/v2\/types\/product"}],"replies":[{"embeddable":true,"href":"https:\/\/mekulo.com\/dk\/wp-json\/wp\/v2\/comments?post=17602"}],"wp:featuredmedia":[{"embeddable":true,"href":"https:\/\/mekulo.com\/dk\/wp-json\/wp\/v2\/media\/17598"}],"wp:attachment":[{"href":"https:\/\/mekulo.com\/dk\/wp-json\/wp\/v2\/media?parent=17602"}],"wp:term":[{"taxonomy":"product_brand","embeddable":true,"href":"https:\/\/mekulo.com\/dk\/wp-json\/wp\/v2\/product_brand?post=17602"},{"taxonomy":"product_cat","embeddable":true,"href":"https:\/\/mekulo.com\/dk\/wp-json\/wp\/v2\/product_cat?post=17602"},{"taxonomy":"product_tag","embeddable":true,"href":"https:\/\/mekulo.com\/dk\/wp-json\/wp\/v2\/product_tag?post=17602"}],"curies":[{"name":"wp","href":"https:\/\/api.w.org\/{rel}","templated":true}]}}