{"id":17585,"date":"2026-01-13T19:17:39","date_gmt":"2026-01-13T17:17:39","guid":{"rendered":"https:\/\/mekulo.com\/dk\/produkt\/groentsagsrivejern-med-haandsving\/"},"modified":"2026-01-14T21:09:18","modified_gmt":"2026-01-14T19:09:18","slug":"groentsagsrivejern-med-haandsving","status":"publish","type":"product","link":"https:\/\/mekulo.com\/dk\/produkt\/groentsagsrivejern-med-haandsving\/","title":{"rendered":"Gr\u00f8ntsagsrivejern med h\u00e5ndsving"},"content":{"rendered":"<p style=\"text-align: center;\" data-start=\"0\" data-end=\"67\"><strong data-start=\"0\" data-end=\"67\">Riv og sk\u00e6r ingredienser hurtigt, sikkert og med mindre anstrengelse. \ud83e\udd55<\/strong><\/p>\n<p data-start=\"0\" data-end=\"67\"><img fetchpriority=\"high\" decoding=\"async\" class=\"size-full wp-image-19252 aligncenter\" src=\"https:\/\/mekulo.com\/template\/wp-content\/uploads\/sites\/6\/2026\/01\/S3f61363767b440668c938ed455860e265.jpg_960x960q75.jpg_.jpg\" alt=\"\" width=\"1080\" height=\"1080\" \/><\/p>\n<h2 style=\"text-align: center;\" data-start=\"303\" data-end=\"322\"><strong data-start=\"303\" data-end=\"322\">\u2b50 Vigtigste fordele<\/strong><\/h2>\n<p data-start=\"326\" data-end=\"389\">\ud83e\uddc0 Hurtig manuel rivning &#8211; g\u00f8r det hurtigere at hakke og strimle.<\/p>\n<p data-start=\"392\" data-end=\"454\">\u270b Sikkert design med h\u00e5ndsving &#8211; ingen direkte kontakt med knivene.<\/p>\n<p data-start=\"457\" data-end=\"522\">\ud83d\udd04 5 udskiftelige knive &#8211; sk\u00e6rer, strimler og river med lethed.<\/p>\n<p data-start=\"525\" data-end=\"590\">\ud83e\uddf2 St\u00e6rk sugebase &#8211; forbliver stabil p\u00e5 glatte bordplader.<\/p>\n<p data-start=\"593\" data-end=\"657\">\ud83e\uddfc Let at reng\u00f8re &#8211; Fuldt aftagelige dele til hurtig vask.<\/p>\n<p data-start=\"593\" data-end=\"657\"><img decoding=\"async\" class=\"size-full wp-image-19254 aligncenter\" src=\"https:\/\/mekulo.com\/template\/wp-content\/uploads\/sites\/6\/2026\/01\/5d5fd0a57bfe145c3f3d5c1a8e7e4431f60d98e9.jpg\" alt=\"\" width=\"1080\" height=\"525\" \/><\/p>\n<h2 style=\"text-align: center;\" data-start=\"664\" data-end=\"681\"><strong data-start=\"664\" data-end=\"681\">\u25b6\ufe0f S\u00e5dan Bruges<\/strong><\/h2>\n<ol data-start=\"683\" data-end=\"891\">\n<li data-start=\"683\" data-end=\"735\">\n<p data-start=\"686\" data-end=\"735\">Placer rivejernet p\u00e5 en ren, glat bordplade.<\/p>\n<\/li>\n<li data-start=\"736\" data-end=\"781\">\n<p data-start=\"739\" data-end=\"781\">Tryk ned for at aktivere sugefoden.<\/p>\n<\/li>\n<li data-start=\"782\" data-end=\"812\">\n<p data-start=\"785\" data-end=\"812\">Inds\u00e6t det \u00f8nskede blad.<\/p>\n<\/li>\n<li data-start=\"813\" data-end=\"842\">\n<p data-start=\"816\" data-end=\"842\">L\u00e6g maden i skakten.<\/p>\n<\/li>\n<li data-start=\"843\" data-end=\"891\">\n<p data-start=\"846\" data-end=\"891\">Drej p\u00e5 h\u00e5ndtaget for at rive eller sk\u00e6re j\u00e6vnt.<\/p>\n<\/li>\n<\/ol>\n<h2 style=\"text-align: center;\" data-start=\"898\" data-end=\"920\"><strong data-start=\"898\" data-end=\"920\">\ud83d\udccf Produktdetaljer<\/strong><\/h2>\n<ul data-start=\"922\" data-end=\"1185\">\n<li data-start=\"965\" data-end=\"995\">\n<p data-start=\"967\" data-end=\"995\">Type: Manuelt roterende rivejern<\/p>\n<\/li>\n<li data-start=\"996\" data-end=\"1041\">\n<p data-start=\"998\" data-end=\"1041\">Materiale: PP + 430 blade i rustfrit st\u00e5l<\/p>\n<\/li>\n<li data-start=\"1042\" data-end=\"1068\">\n<p data-start=\"1044\" data-end=\"1068\">V\u00e6gt: Ca. 1200 g<\/p>\n<\/li>\n<li data-start=\"1069\" data-end=\"1132\">\n<p data-start=\"1071\" data-end=\"1132\">Velegnet til: Ost, gr\u00f8ntsager, chokolade, n\u00f8dder og meget mere<\/p>\n<\/li>\n<li data-start=\"1133\" data-end=\"1185\">\n<p data-start=\"1135\" data-end=\"1185\">Funktioner: BPA-fri, sikkert design, kompakt opbevaring<\/p>\n<\/li>\n<li data-start=\"1133\" data-end=\"1185\">St\u00f8rrelse: 28 x 24 x 13 cm<\/li>\n<\/ul>\n<h2 style=\"text-align: center;\" data-start=\"1192\" data-end=\"1215\"><strong data-start=\"1192\" data-end=\"1215\">\ud83d\udce6 Pakken indeholder<\/strong><\/h2>\n<ul data-start=\"1217\" data-end=\"1279\">\n<li data-start=\"1217\" data-end=\"1252\">\n<p data-start=\"1219\" data-end=\"1252\">1x gr\u00f8ntsagsrivejern med h\u00e5ndsving<\/p>\n<\/li>\n<li data-start=\"1253\" data-end=\"1279\">\n<p data-start=\"1255\" data-end=\"1279\">5x udskiftelige klinger.<\/p>\n<\/li>\n<\/ul>\n","protected":false},"excerpt":{"rendered":"<p>\ud83e\uddc0Dette gr\u00f8ntsagsrivejern med h\u00e5ndsving hj\u00e6lper dig med at tilberede mad op til 12 gange hurtigere, mens du holder dine h\u00e6nder v\u00e6k fra skarpe knive.<br \/>\n\ud83e\uded1Med en st\u00e6rk sugebase og udskiftelige knive g\u00f8r det hverdagens madlavning nem, sikker og effektiv.<br \/>\n\ud83d\udc69\u200d\ud83c\udf73A sikkert, kraftfuldt og tidsbesparende k\u00f8kkenredskab til hverdagens madlavning.<\/p>\n","protected":false},"featured_media":17581,"comment_status":"open","ping_status":"closed","template":"","meta":{"site-sidebar-layout":"default","site-content-layout":"","ast-site-content-layout":"default","site-content-style":"default","site-sidebar-style":"default","ast-global-header-display":"","ast-banner-title-visibility":"","ast-main-header-display":"","ast-hfb-above-header-display":"","ast-hfb-below-header-display":"","ast-hfb-mobile-header-display":"","site-post-title":"","ast-breadcrumbs-content":"","ast-featured-img":"","footer-sml-layout":"","ast-disable-related-posts":"","theme-transparent-header-meta":"default","adv-header-id-meta":"","stick-header-meta":"","header-above-stick-meta":"","header-main-stick-meta":"","header-below-stick-meta":"","astra-migrate-meta-layouts":"set","ast-page-background-enabled":"default","ast-page-background-meta":{"desktop":{"background-color":"var(--ast-global-color-5)","background-image":"","background-repeat":"repeat","background-position":"center center","background-size":"auto","background-attachment":"scroll","background-type":"","background-media":"","overlay-type":"","overlay-color":"","overlay-opacity":"","overlay-gradient":""},"tablet":{"background-color":"","background-image":"","background-repeat":"repeat","background-position":"center center","background-size":"auto","background-attachment":"scroll","background-type":"","background-media":"","overlay-type":"","overlay-color":"","overlay-opacity":"","overlay-gradient":""},"mobile":{"background-color":"","background-image":"","background-repeat":"repeat","background-position":"center center","background-size":"auto","background-attachment":"scroll","background-type":"","background-media":"","overlay-type":"","overlay-color":"","overlay-opacity":"","overlay-gradient":""}},"ast-content-background-meta":{"desktop":{"background-color":"var(--ast-global-color-4)","background-image":"","background-repeat":"repeat","background-position":"center center","background-size":"auto","background-attachment":"scroll","background-type":"","background-media":"","overlay-type":"","overlay-color":"","overlay-opacity":"","overlay-gradient":""},"tablet":{"background-color":"var(--ast-global-color-4)","background-image":"","background-repeat":"repeat","background-position":"center center","background-size":"auto","background-attachment":"scroll","background-type":"","background-media":"","overlay-type":"","overlay-color":"","overlay-opacity":"","overlay-gradient":""},"mobile":{"background-color":"var(--ast-global-color-4)","background-image":"","background-repeat":"repeat","background-position":"center center","background-size":"auto","background-attachment":"scroll","background-type":"","background-media":"","overlay-type":"","overlay-color":"","overlay-opacity":"","overlay-gradient":""}}},"product_brand":[],"product_cat":[15],"product_tag":[],"class_list":{"0":"post-17585","1":"product","2":"type-product","3":"status-publish","4":"has-post-thumbnail","6":"product_cat-uncategorized","7":"pa_66947_81c854au-groen","8":"pa_66947_81c854au-hvid","9":"desktop-align-left","10":"tablet-align-left","11":"mobile-align-left","13":"first","14":"instock","15":"shipping-taxable","16":"purchasable","17":"product-type-variable"},"yoast_head":"<!-- This site is optimized with the Yoast SEO plugin v27.4 - https:\/\/yoast.com\/product\/yoast-seo-wordpress\/ -->\n<title>Gr\u00f8ntsagsrivejern med h\u00e5ndsving - Mekulo DK<\/title>\n<meta name=\"robots\" content=\"index, follow, max-snippet:-1, max-image-preview:large, max-video-preview:-1\" \/>\n<link rel=\"canonical\" href=\"https:\/\/mekulo.com\/dk\/produkt\/groentsagsrivejern-med-haandsving\/\" \/>\n<meta property=\"og:locale\" content=\"da_DK\" \/>\n<meta property=\"og:type\" content=\"article\" \/>\n<meta property=\"og:title\" content=\"Gr\u00f8ntsagsrivejern med h\u00e5ndsving - Mekulo DK\" \/>\n<meta property=\"og:description\" content=\"\ud83e\uddc0Dette gr\u00f8ntsagsrivejern med h\u00e5ndsving hj\u00e6lper dig med at tilberede mad op til 12 gange hurtigere, mens du holder dine h\u00e6nder v\u00e6k fra skarpe knive. \ud83e\uded1Med en st\u00e6rk sugebase og udskiftelige knive g\u00f8r det hverdagens madlavning nem, sikker og effektiv. \ud83d\udc69\u200d\ud83c\udf73A sikkert, kraftfuldt og tidsbesparende k\u00f8kkenredskab til hverdagens madlavning.\" \/>\n<meta property=\"og:url\" content=\"https:\/\/mekulo.com\/dk\/produkt\/groentsagsrivejern-med-haandsving\/\" \/>\n<meta property=\"og:site_name\" content=\"Mekulo DK\" \/>\n<meta property=\"article:modified_time\" content=\"2026-01-14T19:09:18+00:00\" \/>\n<meta property=\"og:image\" content=\"https:\/\/mekulo.com\/dk\/wp-content\/uploads\/sites\/12\/2026\/01\/xip02uk-1.jpg\" \/>\n\t<meta property=\"og:image:width\" content=\"800\" \/>\n\t<meta property=\"og:image:height\" content=\"800\" \/>\n\t<meta property=\"og:image:type\" content=\"image\/jpeg\" \/>\n<meta name=\"twitter:card\" content=\"summary_large_image\" \/>\n<meta name=\"twitter:label1\" content=\"Estimeret l\u00e6setid\" \/>\n\t<meta name=\"twitter:data1\" content=\"2 minutter\" \/>\n<script type=\"application\/ld+json\" class=\"yoast-schema-graph\">{\"@context\":\"https:\\\/\\\/schema.org\",\"@graph\":[{\"@type\":\"WebPage\",\"@id\":\"https:\\\/\\\/mekulo.com\\\/dk\\\/produkt\\\/groentsagsrivejern-med-haandsving\\\/\",\"url\":\"https:\\\/\\\/mekulo.com\\\/dk\\\/produkt\\\/groentsagsrivejern-med-haandsving\\\/\",\"name\":\"Gr\u00f8ntsagsrivejern med h\u00e5ndsving - Mekulo DK\",\"isPartOf\":{\"@id\":\"https:\\\/\\\/mekulo.com\\\/dk\\\/#website\"},\"primaryImageOfPage\":{\"@id\":\"https:\\\/\\\/mekulo.com\\\/dk\\\/produkt\\\/groentsagsrivejern-med-haandsving\\\/#primaryimage\"},\"image\":{\"@id\":\"https:\\\/\\\/mekulo.com\\\/dk\\\/produkt\\\/groentsagsrivejern-med-haandsving\\\/#primaryimage\"},\"thumbnailUrl\":\"https:\\\/\\\/mekulo.com\\\/dk\\\/wp-content\\\/uploads\\\/sites\\\/12\\\/2026\\\/01\\\/xip02uk-1.jpg\",\"datePublished\":\"2026-01-13T17:17:39+00:00\",\"dateModified\":\"2026-01-14T19:09:18+00:00\",\"breadcrumb\":{\"@id\":\"https:\\\/\\\/mekulo.com\\\/dk\\\/produkt\\\/groentsagsrivejern-med-haandsving\\\/#breadcrumb\"},\"inLanguage\":\"da-DK\",\"potentialAction\":[{\"@type\":\"ReadAction\",\"target\":[\"https:\\\/\\\/mekulo.com\\\/dk\\\/produkt\\\/groentsagsrivejern-med-haandsving\\\/\"]}]},{\"@type\":\"ImageObject\",\"inLanguage\":\"da-DK\",\"@id\":\"https:\\\/\\\/mekulo.com\\\/dk\\\/produkt\\\/groentsagsrivejern-med-haandsving\\\/#primaryimage\",\"url\":\"https:\\\/\\\/mekulo.com\\\/dk\\\/wp-content\\\/uploads\\\/sites\\\/12\\\/2026\\\/01\\\/xip02uk-1.jpg\",\"contentUrl\":\"https:\\\/\\\/mekulo.com\\\/dk\\\/wp-content\\\/uploads\\\/sites\\\/12\\\/2026\\\/01\\\/xip02uk-1.jpg\",\"width\":800,\"height\":800},{\"@type\":\"BreadcrumbList\",\"@id\":\"https:\\\/\\\/mekulo.com\\\/dk\\\/produkt\\\/groentsagsrivejern-med-haandsving\\\/#breadcrumb\",\"itemListElement\":[{\"@type\":\"ListItem\",\"position\":1,\"name\":\"Home\",\"item\":\"https:\\\/\\\/mekulo.com\\\/dk\\\/\"},{\"@type\":\"ListItem\",\"position\":2,\"name\":\"Butik\",\"item\":\"https:\\\/\\\/mekulo.com\\\/dk\\\/butik\\\/\"},{\"@type\":\"ListItem\",\"position\":3,\"name\":\"Gr\u00f8ntsagsrivejern med h\u00e5ndsving\"}]},{\"@type\":\"WebSite\",\"@id\":\"https:\\\/\\\/mekulo.com\\\/dk\\\/#website\",\"url\":\"https:\\\/\\\/mekulo.com\\\/dk\\\/\",\"name\":\"Mekulo DK\",\"description\":\"\",\"publisher\":{\"@id\":\"https:\\\/\\\/mekulo.com\\\/dk\\\/#organization\"},\"potentialAction\":[{\"@type\":\"SearchAction\",\"target\":{\"@type\":\"EntryPoint\",\"urlTemplate\":\"https:\\\/\\\/mekulo.com\\\/dk\\\/?s={search_term_string}\"},\"query-input\":{\"@type\":\"PropertyValueSpecification\",\"valueRequired\":true,\"valueName\":\"search_term_string\"}}],\"inLanguage\":\"da-DK\"},{\"@type\":\"Organization\",\"@id\":\"https:\\\/\\\/mekulo.com\\\/dk\\\/#organization\",\"name\":\"Mekulo\",\"url\":\"https:\\\/\\\/mekulo.com\\\/dk\\\/\",\"logo\":{\"@type\":\"ImageObject\",\"inLanguage\":\"da-DK\",\"@id\":\"https:\\\/\\\/mekulo.com\\\/dk\\\/#\\\/schema\\\/logo\\\/image\\\/\",\"url\":\"https:\\\/\\\/mekulo.com\\\/dk\\\/wp-content\\\/uploads\\\/sites\\\/12\\\/2025\\\/12\\\/favicon_mekulo.png\",\"contentUrl\":\"https:\\\/\\\/mekulo.com\\\/dk\\\/wp-content\\\/uploads\\\/sites\\\/12\\\/2025\\\/12\\\/favicon_mekulo.png\",\"width\":50,\"height\":50,\"caption\":\"Mekulo\"},\"image\":{\"@id\":\"https:\\\/\\\/mekulo.com\\\/dk\\\/#\\\/schema\\\/logo\\\/image\\\/\"}}]}<\/script>\n<!-- \/ Yoast SEO plugin. -->","yoast_head_json":{"title":"Gr\u00f8ntsagsrivejern med h\u00e5ndsving - Mekulo DK","robots":{"index":"index","follow":"follow","max-snippet":"max-snippet:-1","max-image-preview":"max-image-preview:large","max-video-preview":"max-video-preview:-1"},"canonical":"https:\/\/mekulo.com\/dk\/produkt\/groentsagsrivejern-med-haandsving\/","og_locale":"da_DK","og_type":"article","og_title":"Gr\u00f8ntsagsrivejern med h\u00e5ndsving - Mekulo DK","og_description":"\ud83e\uddc0Dette gr\u00f8ntsagsrivejern med h\u00e5ndsving hj\u00e6lper dig med at tilberede mad op til 12 gange hurtigere, mens du holder dine h\u00e6nder v\u00e6k fra skarpe knive. \ud83e\uded1Med en st\u00e6rk sugebase og udskiftelige knive g\u00f8r det hverdagens madlavning nem, sikker og effektiv. \ud83d\udc69\u200d\ud83c\udf73A sikkert, kraftfuldt og tidsbesparende k\u00f8kkenredskab til hverdagens madlavning.","og_url":"https:\/\/mekulo.com\/dk\/produkt\/groentsagsrivejern-med-haandsving\/","og_site_name":"Mekulo DK","article_modified_time":"2026-01-14T19:09:18+00:00","og_image":[{"width":800,"height":800,"url":"https:\/\/mekulo.com\/dk\/wp-content\/uploads\/sites\/12\/2026\/01\/xip02uk-1.jpg","type":"image\/jpeg"}],"twitter_card":"summary_large_image","twitter_misc":{"Estimeret l\u00e6setid":"2 minutter"},"schema":{"@context":"https:\/\/schema.org","@graph":[{"@type":"WebPage","@id":"https:\/\/mekulo.com\/dk\/produkt\/groentsagsrivejern-med-haandsving\/","url":"https:\/\/mekulo.com\/dk\/produkt\/groentsagsrivejern-med-haandsving\/","name":"Gr\u00f8ntsagsrivejern med h\u00e5ndsving - Mekulo DK","isPartOf":{"@id":"https:\/\/mekulo.com\/dk\/#website"},"primaryImageOfPage":{"@id":"https:\/\/mekulo.com\/dk\/produkt\/groentsagsrivejern-med-haandsving\/#primaryimage"},"image":{"@id":"https:\/\/mekulo.com\/dk\/produkt\/groentsagsrivejern-med-haandsving\/#primaryimage"},"thumbnailUrl":"https:\/\/mekulo.com\/dk\/wp-content\/uploads\/sites\/12\/2026\/01\/xip02uk-1.jpg","datePublished":"2026-01-13T17:17:39+00:00","dateModified":"2026-01-14T19:09:18+00:00","breadcrumb":{"@id":"https:\/\/mekulo.com\/dk\/produkt\/groentsagsrivejern-med-haandsving\/#breadcrumb"},"inLanguage":"da-DK","potentialAction":[{"@type":"ReadAction","target":["https:\/\/mekulo.com\/dk\/produkt\/groentsagsrivejern-med-haandsving\/"]}]},{"@type":"ImageObject","inLanguage":"da-DK","@id":"https:\/\/mekulo.com\/dk\/produkt\/groentsagsrivejern-med-haandsving\/#primaryimage","url":"https:\/\/mekulo.com\/dk\/wp-content\/uploads\/sites\/12\/2026\/01\/xip02uk-1.jpg","contentUrl":"https:\/\/mekulo.com\/dk\/wp-content\/uploads\/sites\/12\/2026\/01\/xip02uk-1.jpg","width":800,"height":800},{"@type":"BreadcrumbList","@id":"https:\/\/mekulo.com\/dk\/produkt\/groentsagsrivejern-med-haandsving\/#breadcrumb","itemListElement":[{"@type":"ListItem","position":1,"name":"Home","item":"https:\/\/mekulo.com\/dk\/"},{"@type":"ListItem","position":2,"name":"Butik","item":"https:\/\/mekulo.com\/dk\/butik\/"},{"@type":"ListItem","position":3,"name":"Gr\u00f8ntsagsrivejern med h\u00e5ndsving"}]},{"@type":"WebSite","@id":"https:\/\/mekulo.com\/dk\/#website","url":"https:\/\/mekulo.com\/dk\/","name":"Mekulo DK","description":"","publisher":{"@id":"https:\/\/mekulo.com\/dk\/#organization"},"potentialAction":[{"@type":"SearchAction","target":{"@type":"EntryPoint","urlTemplate":"https:\/\/mekulo.com\/dk\/?s={search_term_string}"},"query-input":{"@type":"PropertyValueSpecification","valueRequired":true,"valueName":"search_term_string"}}],"inLanguage":"da-DK"},{"@type":"Organization","@id":"https:\/\/mekulo.com\/dk\/#organization","name":"Mekulo","url":"https:\/\/mekulo.com\/dk\/","logo":{"@type":"ImageObject","inLanguage":"da-DK","@id":"https:\/\/mekulo.com\/dk\/#\/schema\/logo\/image\/","url":"https:\/\/mekulo.com\/dk\/wp-content\/uploads\/sites\/12\/2025\/12\/favicon_mekulo.png","contentUrl":"https:\/\/mekulo.com\/dk\/wp-content\/uploads\/sites\/12\/2025\/12\/favicon_mekulo.png","width":50,"height":50,"caption":"Mekulo"},"image":{"@id":"https:\/\/mekulo.com\/dk\/#\/schema\/logo\/image\/"}}]}},"_links":{"self":[{"href":"https:\/\/mekulo.com\/dk\/wp-json\/wp\/v2\/product\/17585","targetHints":{"allow":["GET"]}}],"collection":[{"href":"https:\/\/mekulo.com\/dk\/wp-json\/wp\/v2\/product"}],"about":[{"href":"https:\/\/mekulo.com\/dk\/wp-json\/wp\/v2\/types\/product"}],"replies":[{"embeddable":true,"href":"https:\/\/mekulo.com\/dk\/wp-json\/wp\/v2\/comments?post=17585"}],"wp:featuredmedia":[{"embeddable":true,"href":"https:\/\/mekulo.com\/dk\/wp-json\/wp\/v2\/media\/17581"}],"wp:attachment":[{"href":"https:\/\/mekulo.com\/dk\/wp-json\/wp\/v2\/media?parent=17585"}],"wp:term":[{"taxonomy":"product_brand","embeddable":true,"href":"https:\/\/mekulo.com\/dk\/wp-json\/wp\/v2\/product_brand?post=17585"},{"taxonomy":"product_cat","embeddable":true,"href":"https:\/\/mekulo.com\/dk\/wp-json\/wp\/v2\/product_cat?post=17585"},{"taxonomy":"product_tag","embeddable":true,"href":"https:\/\/mekulo.com\/dk\/wp-json\/wp\/v2\/product_tag?post=17585"}],"curies":[{"name":"wp","href":"https:\/\/api.w.org\/{rel}","templated":true}]}}