{"id":17559,"date":"2026-01-13T19:15:46","date_gmt":"2026-01-13T17:15:46","guid":{"rendered":"https:\/\/mekulo.com\/dk\/produkt\/hjul-med-jaevn-bevaegelse\/"},"modified":"2026-01-14T21:06:52","modified_gmt":"2026-01-14T19:06:52","slug":"hjul-med-jaevn-bevaegelse","status":"publish","type":"product","link":"https:\/\/mekulo.com\/dk\/produkt\/hjul-med-jaevn-bevaegelse\/","title":{"rendered":"Hjul med j\u00e6vn bev\u00e6gelse"},"content":{"rendered":"<p style=\"text-align: center;\" data-start=\"0\" data-end=\"55\"><strong data-start=\"0\" data-end=\"55\">Flyt dine m\u00f8bler j\u00e6vnt og stille med lethed. \ud83d\udecb\ufe0f<\/strong><\/p>\n<p data-start=\"0\" data-end=\"55\"><img fetchpriority=\"high\" decoding=\"async\" class=\"size-full wp-image-19232 aligncenter\" src=\"https:\/\/mekulo.com\/template\/wp-content\/uploads\/sites\/6\/2026\/01\/2-3.jpg\" alt=\"\" width=\"1080\" height=\"1080\" \/><\/p>\n<h2 style=\"text-align: center;\" data-start=\"303\" data-end=\"322\">\u2b50 Vigtigste fordele<\/h2>\n<p data-start=\"326\" data-end=\"402\">\ud83d\udd04 J\u00e6vn rullebev\u00e6gelse &#8211; Glider let uden rystelser eller modstand.<\/p>\n<p data-start=\"405\" data-end=\"482\">\ud83d\udd07 Stille drift &#8211; Reducerer st\u00f8j for et roligt, ridsefrit milj\u00f8.<\/p>\n<p data-start=\"485\" data-end=\"564\">\ud83e\uddf1 St\u00e6rkt og stabilt beslag &#8211; Rustbestandigt og bygget til langvarig brug.<\/p>\n<p data-start=\"567\" data-end=\"632\">\ud83d\udee0\ufe0f Fleksibel installation &#8211; Mulighed for side- eller bundmontering.<\/p>\n<p data-start=\"635\" data-end=\"722\">\ud83e\ude91 Bred m\u00f8belkompatibilitet &#8211; Perfekt til skabe, skuffer, borde og meget mere.<\/p>\n<p data-start=\"635\" data-end=\"722\"><img decoding=\"async\" class=\"size-full wp-image-19228 aligncenter\" src=\"https:\/\/mekulo.com\/template\/wp-content\/uploads\/sites\/6\/2026\/01\/3-3.jpeg\" alt=\"\" width=\"800\" height=\"800\" \/><\/p>\n<h2 style=\"text-align: center;\" data-start=\"729\" data-end=\"746\">\u25b6\ufe0f S\u00e5dan Bruges<\/h2>\n<ol data-start=\"748\" data-end=\"967\">\n<li data-start=\"748\" data-end=\"812\">\n<p data-start=\"751\" data-end=\"812\">V\u00e6lg monteringsposition (side eller bund af m\u00f8blet).<\/p>\n<\/li>\n<li data-start=\"813\" data-end=\"865\">\n<p data-start=\"816\" data-end=\"865\">Juster hjulet med monteringshullerne.<\/p>\n<\/li>\n<li data-start=\"866\" data-end=\"913\">\n<p data-start=\"869\" data-end=\"913\">Fastg\u00f8r det med skruer, og stram det godt.<\/p>\n<\/li>\n<li data-start=\"914\" data-end=\"967\">\n<p data-start=\"917\" data-end=\"967\">Gentag for alle hjul, og nyd j\u00e6vn bev\u00e6gelse.<\/p>\n<\/li>\n<\/ol>\n<h2 style=\"text-align: center;\" data-start=\"974\" data-end=\"996\">\ud83d\udccf Produktdetaljer<\/h2>\n<ul data-start=\"998\" data-end=\"1469\">\n<li data-start=\"1045\" data-end=\"1159\">\n<p data-start=\"1047\" data-end=\"1061\">Hjulst\u00f8rrelse: 19 mm<\/p>\n<\/li>\n<li data-start=\"1160\" data-end=\"1219\">\n<p data-start=\"1162\" data-end=\"1219\">Materiale: Galvaniseret st\u00e5lbeslag + nylon- eller TPE-hjul<\/p>\n<\/li>\n<li data-start=\"1220\" data-end=\"1313\">\n<p data-start=\"1222\" data-end=\"1238\">Belastningskapacitet: <span style=\"font-size: 16px;\">op til 75 kg (s\u00e6t med 4)<\/span><\/p>\n<\/li>\n<li data-start=\"1314\" data-end=\"1378\">\n<p data-start=\"1316\" data-end=\"1378\">Funktioner: Slidst\u00e6rk, let, rustfri, gulvsikker<\/p>\n<\/li>\n<li data-start=\"1379\" data-end=\"1469\">\n<p data-start=\"1381\" data-end=\"1469\">Anvendelser: Skabe, skuffer, m\u00f8bler, plantestativer, v\u00e6rkt\u00f8jskasser, udstyrsstativer<\/p>\n<\/li>\n<\/ul>\n<h2 style=\"text-align: center;\" data-start=\"1476\" data-end=\"1499\">\ud83d\udce6 Pakken indeholder<\/h2>\n<ul data-start=\"1501\" data-end=\"1557\">\n<li data-start=\"1501\" data-end=\"1557\">\n<p data-start=\"1503\" data-end=\"1557\">4, 8, 12, 16x letl\u00f8bende hjul.<\/p>\n<\/li>\n<\/ul>\n","protected":false},"excerpt":{"rendered":"<p>\ud83d\udd08Disse glatte mobilitetshjul hj\u00e6lper m\u00f8bler med at glide ubesv\u00e6ret uden st\u00f8j, ridser eller anstrengelser.<br \/>\n\ud83c\udfe0Designet til stabilitet og holdbarhed, det g\u00f8r det hurtigt, sikkert og glat at flytte borde, skabe og sm\u00e5 m\u00f8bler p\u00e5 mange overflader.<br \/>\n\ud83d\udecf\ufe0fA enkel opgradering, der g\u00f8r hverdagens m\u00f8belflytning lettere, mere st\u00f8jsvag og sikrere.<\/p>\n","protected":false},"featured_media":17555,"comment_status":"open","ping_status":"closed","template":"","meta":{"site-sidebar-layout":"default","site-content-layout":"","ast-site-content-layout":"default","site-content-style":"default","site-sidebar-style":"default","ast-global-header-display":"","ast-banner-title-visibility":"","ast-main-header-display":"","ast-hfb-above-header-display":"","ast-hfb-below-header-display":"","ast-hfb-mobile-header-display":"","site-post-title":"","ast-breadcrumbs-content":"","ast-featured-img":"","footer-sml-layout":"","ast-disable-related-posts":"","theme-transparent-header-meta":"default","adv-header-id-meta":"","stick-header-meta":"","header-above-stick-meta":"","header-main-stick-meta":"","header-below-stick-meta":"","astra-migrate-meta-layouts":"set","ast-page-background-enabled":"default","ast-page-background-meta":{"desktop":{"background-color":"var(--ast-global-color-5)","background-image":"","background-repeat":"repeat","background-position":"center center","background-size":"auto","background-attachment":"scroll","background-type":"","background-media":"","overlay-type":"","overlay-color":"","overlay-opacity":"","overlay-gradient":""},"tablet":{"background-color":"","background-image":"","background-repeat":"repeat","background-position":"center center","background-size":"auto","background-attachment":"scroll","background-type":"","background-media":"","overlay-type":"","overlay-color":"","overlay-opacity":"","overlay-gradient":""},"mobile":{"background-color":"","background-image":"","background-repeat":"repeat","background-position":"center center","background-size":"auto","background-attachment":"scroll","background-type":"","background-media":"","overlay-type":"","overlay-color":"","overlay-opacity":"","overlay-gradient":""}},"ast-content-background-meta":{"desktop":{"background-color":"var(--ast-global-color-4)","background-image":"","background-repeat":"repeat","background-position":"center center","background-size":"auto","background-attachment":"scroll","background-type":"","background-media":"","overlay-type":"","overlay-color":"","overlay-opacity":"","overlay-gradient":""},"tablet":{"background-color":"var(--ast-global-color-4)","background-image":"","background-repeat":"repeat","background-position":"center center","background-size":"auto","background-attachment":"scroll","background-type":"","background-media":"","overlay-type":"","overlay-color":"","overlay-opacity":"","overlay-gradient":""},"mobile":{"background-color":"var(--ast-global-color-4)","background-image":"","background-repeat":"repeat","background-position":"center center","background-size":"auto","background-attachment":"scroll","background-type":"","background-media":"","overlay-type":"","overlay-color":"","overlay-opacity":"","overlay-gradient":""}}},"product_brand":[],"product_cat":[168],"product_tag":[],"class_list":{"0":"post-17559","1":"product","2":"type-product","3":"status-publish","4":"has-post-thumbnail","6":"product_cat-husholdningsartikler","7":"pa_66932_71win5r5-12-stk","8":"pa_66932_71win5r5-16-stk","9":"pa_66932_71win5r5-4-stk","10":"pa_66932_71win5r5-8-stk","11":"pa_66932_nyes5tes-soelv","12":"pa_66932_nyes5tes-sort","13":"desktop-align-left","14":"tablet-align-left","15":"mobile-align-left","17":"first","18":"instock","19":"shipping-taxable","20":"purchasable","21":"product-type-variable","22":"has-default-attributes"},"yoast_head":"<!-- This site is optimized with the Yoast SEO plugin v27.4 - https:\/\/yoast.com\/product\/yoast-seo-wordpress\/ -->\n<title>Hjul med j\u00e6vn bev\u00e6gelse - Mekulo DK<\/title>\n<meta name=\"robots\" content=\"index, follow, max-snippet:-1, max-image-preview:large, max-video-preview:-1\" \/>\n<link rel=\"canonical\" href=\"https:\/\/mekulo.com\/dk\/produkt\/hjul-med-jaevn-bevaegelse\/\" \/>\n<meta property=\"og:locale\" content=\"da_DK\" \/>\n<meta property=\"og:type\" content=\"article\" \/>\n<meta property=\"og:title\" content=\"Hjul med j\u00e6vn bev\u00e6gelse - Mekulo DK\" \/>\n<meta property=\"og:description\" content=\"\ud83d\udd08Disse glatte mobilitetshjul hj\u00e6lper m\u00f8bler med at glide ubesv\u00e6ret uden st\u00f8j, ridser eller anstrengelser. \ud83c\udfe0Designet til stabilitet og holdbarhed, det g\u00f8r det hurtigt, sikkert og glat at flytte borde, skabe og sm\u00e5 m\u00f8bler p\u00e5 mange overflader. \ud83d\udecf\ufe0fA enkel opgradering, der g\u00f8r hverdagens m\u00f8belflytning lettere, mere st\u00f8jsvag og sikrere.\" \/>\n<meta property=\"og:url\" content=\"https:\/\/mekulo.com\/dk\/produkt\/hjul-med-jaevn-bevaegelse\/\" \/>\n<meta property=\"og:site_name\" content=\"Mekulo DK\" \/>\n<meta property=\"article:modified_time\" content=\"2026-01-14T19:06:52+00:00\" \/>\n<meta property=\"og:image\" content=\"https:\/\/mekulo.com\/dk\/wp-content\/uploads\/sites\/12\/2026\/01\/xke2ubp-1.jpg\" \/>\n\t<meta property=\"og:image:width\" content=\"1080\" \/>\n\t<meta property=\"og:image:height\" content=\"1080\" \/>\n\t<meta property=\"og:image:type\" content=\"image\/jpeg\" \/>\n<meta name=\"twitter:card\" content=\"summary_large_image\" \/>\n<meta name=\"twitter:label1\" content=\"Estimeret l\u00e6setid\" \/>\n\t<meta name=\"twitter:data1\" content=\"2 minutter\" \/>\n<script type=\"application\/ld+json\" class=\"yoast-schema-graph\">{\"@context\":\"https:\\\/\\\/schema.org\",\"@graph\":[{\"@type\":\"WebPage\",\"@id\":\"https:\\\/\\\/mekulo.com\\\/dk\\\/produkt\\\/hjul-med-jaevn-bevaegelse\\\/\",\"url\":\"https:\\\/\\\/mekulo.com\\\/dk\\\/produkt\\\/hjul-med-jaevn-bevaegelse\\\/\",\"name\":\"Hjul med j\u00e6vn bev\u00e6gelse - Mekulo DK\",\"isPartOf\":{\"@id\":\"https:\\\/\\\/mekulo.com\\\/dk\\\/#website\"},\"primaryImageOfPage\":{\"@id\":\"https:\\\/\\\/mekulo.com\\\/dk\\\/produkt\\\/hjul-med-jaevn-bevaegelse\\\/#primaryimage\"},\"image\":{\"@id\":\"https:\\\/\\\/mekulo.com\\\/dk\\\/produkt\\\/hjul-med-jaevn-bevaegelse\\\/#primaryimage\"},\"thumbnailUrl\":\"https:\\\/\\\/mekulo.com\\\/dk\\\/wp-content\\\/uploads\\\/sites\\\/12\\\/2026\\\/01\\\/xke2ubp-1.jpg\",\"datePublished\":\"2026-01-13T17:15:46+00:00\",\"dateModified\":\"2026-01-14T19:06:52+00:00\",\"breadcrumb\":{\"@id\":\"https:\\\/\\\/mekulo.com\\\/dk\\\/produkt\\\/hjul-med-jaevn-bevaegelse\\\/#breadcrumb\"},\"inLanguage\":\"da-DK\",\"potentialAction\":[{\"@type\":\"ReadAction\",\"target\":[\"https:\\\/\\\/mekulo.com\\\/dk\\\/produkt\\\/hjul-med-jaevn-bevaegelse\\\/\"]}]},{\"@type\":\"ImageObject\",\"inLanguage\":\"da-DK\",\"@id\":\"https:\\\/\\\/mekulo.com\\\/dk\\\/produkt\\\/hjul-med-jaevn-bevaegelse\\\/#primaryimage\",\"url\":\"https:\\\/\\\/mekulo.com\\\/dk\\\/wp-content\\\/uploads\\\/sites\\\/12\\\/2026\\\/01\\\/xke2ubp-1.jpg\",\"contentUrl\":\"https:\\\/\\\/mekulo.com\\\/dk\\\/wp-content\\\/uploads\\\/sites\\\/12\\\/2026\\\/01\\\/xke2ubp-1.jpg\",\"width\":1080,\"height\":1080},{\"@type\":\"BreadcrumbList\",\"@id\":\"https:\\\/\\\/mekulo.com\\\/dk\\\/produkt\\\/hjul-med-jaevn-bevaegelse\\\/#breadcrumb\",\"itemListElement\":[{\"@type\":\"ListItem\",\"position\":1,\"name\":\"Home\",\"item\":\"https:\\\/\\\/mekulo.com\\\/dk\\\/\"},{\"@type\":\"ListItem\",\"position\":2,\"name\":\"Butik\",\"item\":\"https:\\\/\\\/mekulo.com\\\/dk\\\/butik\\\/\"},{\"@type\":\"ListItem\",\"position\":3,\"name\":\"Hjul med j\u00e6vn bev\u00e6gelse\"}]},{\"@type\":\"WebSite\",\"@id\":\"https:\\\/\\\/mekulo.com\\\/dk\\\/#website\",\"url\":\"https:\\\/\\\/mekulo.com\\\/dk\\\/\",\"name\":\"Mekulo DK\",\"description\":\"\",\"publisher\":{\"@id\":\"https:\\\/\\\/mekulo.com\\\/dk\\\/#organization\"},\"potentialAction\":[{\"@type\":\"SearchAction\",\"target\":{\"@type\":\"EntryPoint\",\"urlTemplate\":\"https:\\\/\\\/mekulo.com\\\/dk\\\/?s={search_term_string}\"},\"query-input\":{\"@type\":\"PropertyValueSpecification\",\"valueRequired\":true,\"valueName\":\"search_term_string\"}}],\"inLanguage\":\"da-DK\"},{\"@type\":\"Organization\",\"@id\":\"https:\\\/\\\/mekulo.com\\\/dk\\\/#organization\",\"name\":\"Mekulo\",\"url\":\"https:\\\/\\\/mekulo.com\\\/dk\\\/\",\"logo\":{\"@type\":\"ImageObject\",\"inLanguage\":\"da-DK\",\"@id\":\"https:\\\/\\\/mekulo.com\\\/dk\\\/#\\\/schema\\\/logo\\\/image\\\/\",\"url\":\"https:\\\/\\\/mekulo.com\\\/dk\\\/wp-content\\\/uploads\\\/sites\\\/12\\\/2025\\\/12\\\/favicon_mekulo.png\",\"contentUrl\":\"https:\\\/\\\/mekulo.com\\\/dk\\\/wp-content\\\/uploads\\\/sites\\\/12\\\/2025\\\/12\\\/favicon_mekulo.png\",\"width\":50,\"height\":50,\"caption\":\"Mekulo\"},\"image\":{\"@id\":\"https:\\\/\\\/mekulo.com\\\/dk\\\/#\\\/schema\\\/logo\\\/image\\\/\"}}]}<\/script>\n<!-- \/ Yoast SEO plugin. -->","yoast_head_json":{"title":"Hjul med j\u00e6vn bev\u00e6gelse - Mekulo DK","robots":{"index":"index","follow":"follow","max-snippet":"max-snippet:-1","max-image-preview":"max-image-preview:large","max-video-preview":"max-video-preview:-1"},"canonical":"https:\/\/mekulo.com\/dk\/produkt\/hjul-med-jaevn-bevaegelse\/","og_locale":"da_DK","og_type":"article","og_title":"Hjul med j\u00e6vn bev\u00e6gelse - Mekulo DK","og_description":"\ud83d\udd08Disse glatte mobilitetshjul hj\u00e6lper m\u00f8bler med at glide ubesv\u00e6ret uden st\u00f8j, ridser eller anstrengelser. \ud83c\udfe0Designet til stabilitet og holdbarhed, det g\u00f8r det hurtigt, sikkert og glat at flytte borde, skabe og sm\u00e5 m\u00f8bler p\u00e5 mange overflader. \ud83d\udecf\ufe0fA enkel opgradering, der g\u00f8r hverdagens m\u00f8belflytning lettere, mere st\u00f8jsvag og sikrere.","og_url":"https:\/\/mekulo.com\/dk\/produkt\/hjul-med-jaevn-bevaegelse\/","og_site_name":"Mekulo DK","article_modified_time":"2026-01-14T19:06:52+00:00","og_image":[{"width":1080,"height":1080,"url":"https:\/\/mekulo.com\/dk\/wp-content\/uploads\/sites\/12\/2026\/01\/xke2ubp-1.jpg","type":"image\/jpeg"}],"twitter_card":"summary_large_image","twitter_misc":{"Estimeret l\u00e6setid":"2 minutter"},"schema":{"@context":"https:\/\/schema.org","@graph":[{"@type":"WebPage","@id":"https:\/\/mekulo.com\/dk\/produkt\/hjul-med-jaevn-bevaegelse\/","url":"https:\/\/mekulo.com\/dk\/produkt\/hjul-med-jaevn-bevaegelse\/","name":"Hjul med j\u00e6vn bev\u00e6gelse - Mekulo DK","isPartOf":{"@id":"https:\/\/mekulo.com\/dk\/#website"},"primaryImageOfPage":{"@id":"https:\/\/mekulo.com\/dk\/produkt\/hjul-med-jaevn-bevaegelse\/#primaryimage"},"image":{"@id":"https:\/\/mekulo.com\/dk\/produkt\/hjul-med-jaevn-bevaegelse\/#primaryimage"},"thumbnailUrl":"https:\/\/mekulo.com\/dk\/wp-content\/uploads\/sites\/12\/2026\/01\/xke2ubp-1.jpg","datePublished":"2026-01-13T17:15:46+00:00","dateModified":"2026-01-14T19:06:52+00:00","breadcrumb":{"@id":"https:\/\/mekulo.com\/dk\/produkt\/hjul-med-jaevn-bevaegelse\/#breadcrumb"},"inLanguage":"da-DK","potentialAction":[{"@type":"ReadAction","target":["https:\/\/mekulo.com\/dk\/produkt\/hjul-med-jaevn-bevaegelse\/"]}]},{"@type":"ImageObject","inLanguage":"da-DK","@id":"https:\/\/mekulo.com\/dk\/produkt\/hjul-med-jaevn-bevaegelse\/#primaryimage","url":"https:\/\/mekulo.com\/dk\/wp-content\/uploads\/sites\/12\/2026\/01\/xke2ubp-1.jpg","contentUrl":"https:\/\/mekulo.com\/dk\/wp-content\/uploads\/sites\/12\/2026\/01\/xke2ubp-1.jpg","width":1080,"height":1080},{"@type":"BreadcrumbList","@id":"https:\/\/mekulo.com\/dk\/produkt\/hjul-med-jaevn-bevaegelse\/#breadcrumb","itemListElement":[{"@type":"ListItem","position":1,"name":"Home","item":"https:\/\/mekulo.com\/dk\/"},{"@type":"ListItem","position":2,"name":"Butik","item":"https:\/\/mekulo.com\/dk\/butik\/"},{"@type":"ListItem","position":3,"name":"Hjul med j\u00e6vn bev\u00e6gelse"}]},{"@type":"WebSite","@id":"https:\/\/mekulo.com\/dk\/#website","url":"https:\/\/mekulo.com\/dk\/","name":"Mekulo DK","description":"","publisher":{"@id":"https:\/\/mekulo.com\/dk\/#organization"},"potentialAction":[{"@type":"SearchAction","target":{"@type":"EntryPoint","urlTemplate":"https:\/\/mekulo.com\/dk\/?s={search_term_string}"},"query-input":{"@type":"PropertyValueSpecification","valueRequired":true,"valueName":"search_term_string"}}],"inLanguage":"da-DK"},{"@type":"Organization","@id":"https:\/\/mekulo.com\/dk\/#organization","name":"Mekulo","url":"https:\/\/mekulo.com\/dk\/","logo":{"@type":"ImageObject","inLanguage":"da-DK","@id":"https:\/\/mekulo.com\/dk\/#\/schema\/logo\/image\/","url":"https:\/\/mekulo.com\/dk\/wp-content\/uploads\/sites\/12\/2025\/12\/favicon_mekulo.png","contentUrl":"https:\/\/mekulo.com\/dk\/wp-content\/uploads\/sites\/12\/2025\/12\/favicon_mekulo.png","width":50,"height":50,"caption":"Mekulo"},"image":{"@id":"https:\/\/mekulo.com\/dk\/#\/schema\/logo\/image\/"}}]}},"_links":{"self":[{"href":"https:\/\/mekulo.com\/dk\/wp-json\/wp\/v2\/product\/17559","targetHints":{"allow":["GET"]}}],"collection":[{"href":"https:\/\/mekulo.com\/dk\/wp-json\/wp\/v2\/product"}],"about":[{"href":"https:\/\/mekulo.com\/dk\/wp-json\/wp\/v2\/types\/product"}],"replies":[{"embeddable":true,"href":"https:\/\/mekulo.com\/dk\/wp-json\/wp\/v2\/comments?post=17559"}],"wp:featuredmedia":[{"embeddable":true,"href":"https:\/\/mekulo.com\/dk\/wp-json\/wp\/v2\/media\/17555"}],"wp:attachment":[{"href":"https:\/\/mekulo.com\/dk\/wp-json\/wp\/v2\/media?parent=17559"}],"wp:term":[{"taxonomy":"product_brand","embeddable":true,"href":"https:\/\/mekulo.com\/dk\/wp-json\/wp\/v2\/product_brand?post=17559"},{"taxonomy":"product_cat","embeddable":true,"href":"https:\/\/mekulo.com\/dk\/wp-json\/wp\/v2\/product_cat?post=17559"},{"taxonomy":"product_tag","embeddable":true,"href":"https:\/\/mekulo.com\/dk\/wp-json\/wp\/v2\/product_tag?post=17559"}],"curies":[{"name":"wp","href":"https:\/\/api.w.org\/{rel}","templated":true}]}}