{"id":17530,"date":"2026-01-13T19:14:09","date_gmt":"2026-01-13T17:14:09","guid":{"rendered":"https:\/\/mekulo.com\/dk\/produkt\/ergonomisk-pude-til-laendestoette\/"},"modified":"2026-02-03T18:27:36","modified_gmt":"2026-02-03T16:27:36","slug":"ergonomisk-pude-til-laendestoette","status":"publish","type":"product","link":"https:\/\/mekulo.com\/dk\/produkt\/ergonomisk-pude-til-laendestoette\/","title":{"rendered":"Ergonomisk pude til l\u00e6ndest\u00f8tte"},"content":{"rendered":"<p style=\"text-align: center\" data-start=\"0\" data-end=\"51\"><strong data-start=\"0\" data-end=\"51\">Sid behageligt og beskyt din rygs\u00f8jle hele dagen. \ud83e\ude91<\/strong><\/p>\n<p data-start=\"0\" data-end=\"51\"><img fetchpriority=\"high\" decoding=\"async\" class=\"size-full wp-image-19202 aligncenter\" src=\"https:\/\/mekulo.com\/template\/wp-content\/uploads\/sites\/6\/2026\/01\/S82fd98d15d664c88aea31e467a3ec9bcf.jpg_960x960q75.jpg_.avif\" alt=\"\" width=\"960\" height=\"960\" \/><\/p>\n<h2 style=\"text-align: center\" data-start=\"304\" data-end=\"323\">Vigtigste fordele\ud83e\ude91\u2b50<\/h2>\n<p data-start=\"327\" data-end=\"400\">\ud83e\ude91 Ergonomisk taljest\u00f8tte &#8211; Hj\u00e6lper med at opretholde korrekt siddestilling.<\/p>\n<p data-start=\"403\" data-end=\"472\">\ud83e\udde0 Komfort i memoryskum &#8211; Former sig efter din krop for trykaflastning.<\/p>\n<p data-start=\"475\" data-end=\"561\">\ud83d\ude97 Alsidig brug &#8211; Ideel til kontorstole, biler, k\u00f8restole og gamingstole.<\/p>\n<p data-start=\"564\" data-end=\"620\">\ud83c\udf92 Let og b\u00e6rbar &#8211; Nem at have med overalt.<\/p>\n<p data-start=\"623\" data-end=\"686\">\ud83e\uddf2 Skridsikkert underlag &#8211; Holder sig p\u00e5 plads, mens du sidder.<\/p>\n<p data-start=\"623\" data-end=\"686\"><img decoding=\"async\" class=\"size-full wp-image-19206 aligncenter\" src=\"https:\/\/mekulo.com\/template\/wp-content\/uploads\/sites\/6\/2026\/01\/c1fbfaff-9528-4d90-a61d-a7757323a91e.webp\" alt=\"\" width=\"960\" height=\"812\" \/><\/p>\n<h2 style=\"text-align: center\" data-start=\"693\" data-end=\"710\"><strong>S\u00e5dan Bruger Du<\/strong><\/h2>\n<ol data-start=\"712\" data-end=\"931\">\n<li data-start=\"712\" data-end=\"757\">\n<p data-start=\"715\" data-end=\"757\">Placer puden p\u00e5 din stol eller dit s\u00e6de.<\/p>\n<\/li>\n<li data-start=\"758\" data-end=\"820\">\n<p data-start=\"761\" data-end=\"820\">Placer den, s\u00e5 den st\u00f8tter l\u00e6nden eller taljen.<\/p>\n<\/li>\n<li data-start=\"821\" data-end=\"884\">\n<p data-start=\"824\" data-end=\"884\">L\u00e6n dig tilbage, og lad memory-skummet tilpasse sig din form.<\/p>\n<\/li>\n<li data-start=\"885\" data-end=\"931\">\n<p data-start=\"888\" data-end=\"931\">Brug den dagligt for at f\u00e5 en bedre holdning og komfort.<\/p>\n<\/li>\n<\/ol>\n<h2 style=\"text-align: center\" data-start=\"938\" data-end=\"960\"><strong>Produktdetaljer<\/strong><\/h2>\n<ul data-start=\"962\" data-end=\"1390\">\n<li data-start=\"1013\" data-end=\"1072\">\n<p data-start=\"1015\" data-end=\"1072\">Materiale: Polyester + bomuld, forst\u00e6rket PP-hukommelsesskum<\/p>\n<\/li>\n<li data-start=\"1073\" data-end=\"1197\">\n<p data-start=\"1075\" data-end=\"1083\">St\u00f8rrelser: <span style=\"font-size: 16px\">S (32 x 30 \u00d7 30 cm), L (<\/span><span style=\"font-size: 16px\">35,5 x 34 x 34 cm)<\/span><\/p>\n<\/li>\n<li data-start=\"1198\" data-end=\"1235\">\n<p data-start=\"1200\" data-end=\"1235\">Fyld: H\u00f8jelastisk memoryskum<\/p>\n<\/li>\n<li data-start=\"1236\" data-end=\"1297\">\n<p data-start=\"1238\" data-end=\"1297\">Funktioner: Hult h\u00e5ndtag, \u00e5ndbart design, hurtig rebound<\/p>\n<\/li>\n<li data-start=\"1298\" data-end=\"1390\">\n<p data-start=\"1300\" data-end=\"1390\">Brugssager: Kontorstol, bils\u00e6de, k\u00f8restol, spillestol, meditations- eller gulvpude<\/p>\n<\/li>\n<\/ul>\n<h2 style=\"text-align: center\" data-start=\"1397\" data-end=\"1420\"><strong>Pakken indeholder<\/strong><\/h2>\n<ul data-start=\"1422\" data-end=\"1462\">\n<li data-start=\"1422\" data-end=\"1462\">\n<p data-start=\"1424\" data-end=\"1462\">1x ergonomisk l\u00e6ndest\u00f8ttepude.<\/p>\n<\/li>\n<\/ul>\n","protected":false},"excerpt":{"rendered":"<p>\ud83e\uddd8\u200d\u2642\ufe0fDette ergonomisk l\u00e6ndest\u00f8ttepude er designet til at st\u00f8tte din l\u00e6nd og forbedre kropsholdningen, n\u00e5r du sidder l\u00e6nge.<br \/>\n\u2728 Dens kerne af memoryskum tilpasser sig din krop og hj\u00e6lper med at reducere rygsmerter, tryk og tr\u00e6thed p\u00e5 arbejdet, derhjemme eller p\u00e5 farten.<br \/>\n\ud83d\udcbaEn enkel m\u00e5de at sidde bedre p\u00e5, f\u00f8le sig bedre tilpas og passe p\u00e5 din rygs\u00f8jle hver dag.<\/p>\n","protected":false},"featured_media":17526,"comment_status":"open","ping_status":"closed","template":"","meta":{"site-sidebar-layout":"default","site-content-layout":"","ast-site-content-layout":"default","site-content-style":"default","site-sidebar-style":"default","ast-global-header-display":"","ast-banner-title-visibility":"","ast-main-header-display":"","ast-hfb-above-header-display":"","ast-hfb-below-header-display":"","ast-hfb-mobile-header-display":"","site-post-title":"","ast-breadcrumbs-content":"","ast-featured-img":"","footer-sml-layout":"","theme-transparent-header-meta":"default","adv-header-id-meta":"","stick-header-meta":"","header-above-stick-meta":"","header-main-stick-meta":"","header-below-stick-meta":"","astra-migrate-meta-layouts":"set","ast-page-background-enabled":"default","ast-page-background-meta":{"desktop":{"background-color":"var(--ast-global-color-5)","background-image":"","background-repeat":"repeat","background-position":"center center","background-size":"auto","background-attachment":"scroll","background-type":"","background-media":"","overlay-type":"","overlay-color":"","overlay-opacity":"","overlay-gradient":""},"tablet":{"background-color":"","background-image":"","background-repeat":"repeat","background-position":"center center","background-size":"auto","background-attachment":"scroll","background-type":"","background-media":"","overlay-type":"","overlay-color":"","overlay-opacity":"","overlay-gradient":""},"mobile":{"background-color":"","background-image":"","background-repeat":"repeat","background-position":"center center","background-size":"auto","background-attachment":"scroll","background-type":"","background-media":"","overlay-type":"","overlay-color":"","overlay-opacity":"","overlay-gradient":""}},"ast-content-background-meta":{"desktop":{"background-color":"var(--ast-global-color-4)","background-image":"","background-repeat":"repeat","background-position":"center center","background-size":"auto","background-attachment":"scroll","background-type":"","background-media":"","overlay-type":"","overlay-color":"","overlay-opacity":"","overlay-gradient":""},"tablet":{"background-color":"var(--ast-global-color-4)","background-image":"","background-repeat":"repeat","background-position":"center center","background-size":"auto","background-attachment":"scroll","background-type":"","background-media":"","overlay-type":"","overlay-color":"","overlay-opacity":"","overlay-gradient":""},"mobile":{"background-color":"var(--ast-global-color-4)","background-image":"","background-repeat":"repeat","background-position":"center center","background-size":"auto","background-attachment":"scroll","background-type":"","background-media":"","overlay-type":"","overlay-color":"","overlay-opacity":"","overlay-gradient":""}}},"product_brand":[],"product_cat":[166],"product_tag":[],"class_list":{"0":"post-17530","1":"product","2":"type-product","3":"status-publish","4":"has-post-thumbnail","6":"product_cat-sundhedsplejeforsyninger","7":"pa_66905_jzfdn5lw-l","8":"pa_66905_jzfdn5lw-s","9":"pa_66905_rqfuixeo-blaa","10":"pa_66905_rqfuixeo-graa","11":"pa_66905_rqfuixeo-groen","12":"pa_66905_rqfuixeo-roed","13":"pa_66905_rqfuixeo-sort","14":"desktop-align-left","15":"tablet-align-left","16":"mobile-align-left","18":"first","19":"instock","20":"shipping-taxable","21":"purchasable","22":"product-type-variable","23":"has-default-attributes"},"yoast_head":"<!-- This site is optimized with the Yoast SEO plugin v26.6 - https:\/\/yoast.com\/wordpress\/plugins\/seo\/ -->\n<title>Ergonomisk pude til l\u00e6ndest\u00f8tte - Mekulo DK<\/title>\n<meta name=\"robots\" content=\"index, follow, max-snippet:-1, max-image-preview:large, max-video-preview:-1\" \/>\n<link rel=\"canonical\" href=\"https:\/\/mekulo.com\/dk\/produkt\/ergonomisk-pude-til-laendestoette\/\" \/>\n<meta property=\"og:locale\" content=\"da_DK\" \/>\n<meta property=\"og:type\" content=\"article\" \/>\n<meta property=\"og:title\" content=\"Ergonomisk pude til l\u00e6ndest\u00f8tte - Mekulo DK\" \/>\n<meta property=\"og:description\" content=\"\ud83e\uddd8\u200d\u2642\ufe0fDette ergonomisk l\u00e6ndest\u00f8ttepude er designet til at st\u00f8tte din l\u00e6nd og forbedre kropsholdningen, n\u00e5r du sidder l\u00e6nge. \u2728 Dens kerne af memoryskum tilpasser sig din krop og hj\u00e6lper med at reducere rygsmerter, tryk og tr\u00e6thed p\u00e5 arbejdet, derhjemme eller p\u00e5 farten. \ud83d\udcbaEn enkel m\u00e5de at sidde bedre p\u00e5, f\u00f8le sig bedre tilpas og passe p\u00e5 din rygs\u00f8jle hver dag.\" \/>\n<meta property=\"og:url\" content=\"https:\/\/mekulo.com\/dk\/produkt\/ergonomisk-pude-til-laendestoette\/\" \/>\n<meta property=\"og:site_name\" content=\"Mekulo DK\" \/>\n<meta property=\"article:modified_time\" content=\"2026-02-03T16:27:36+00:00\" \/>\n<meta property=\"og:image\" content=\"https:\/\/mekulo.com\/dk\/wp-content\/uploads\/sites\/12\/2026\/01\/q49h4eb-1.jpg\" \/>\n\t<meta property=\"og:image:width\" content=\"960\" \/>\n\t<meta property=\"og:image:height\" content=\"960\" \/>\n\t<meta property=\"og:image:type\" content=\"image\/jpeg\" \/>\n<meta name=\"twitter:card\" content=\"summary_large_image\" \/>\n<meta name=\"twitter:label1\" content=\"Estimeret l\u00e6setid\" \/>\n\t<meta name=\"twitter:data1\" content=\"2 minutter\" \/>\n<script type=\"application\/ld+json\" class=\"yoast-schema-graph\">{\"@context\":\"https:\/\/schema.org\",\"@graph\":[{\"@type\":\"WebPage\",\"@id\":\"https:\/\/mekulo.com\/dk\/produkt\/ergonomisk-pude-til-laendestoette\/\",\"url\":\"https:\/\/mekulo.com\/dk\/produkt\/ergonomisk-pude-til-laendestoette\/\",\"name\":\"Ergonomisk pude til l\u00e6ndest\u00f8tte - Mekulo DK\",\"isPartOf\":{\"@id\":\"https:\/\/mekulo.com\/dk\/#website\"},\"primaryImageOfPage\":{\"@id\":\"https:\/\/mekulo.com\/dk\/produkt\/ergonomisk-pude-til-laendestoette\/#primaryimage\"},\"image\":{\"@id\":\"https:\/\/mekulo.com\/dk\/produkt\/ergonomisk-pude-til-laendestoette\/#primaryimage\"},\"thumbnailUrl\":\"https:\/\/mekulo.com\/dk\/wp-content\/uploads\/sites\/12\/2026\/01\/q49h4eb-1.jpg\",\"datePublished\":\"2026-01-13T17:14:09+00:00\",\"dateModified\":\"2026-02-03T16:27:36+00:00\",\"breadcrumb\":{\"@id\":\"https:\/\/mekulo.com\/dk\/produkt\/ergonomisk-pude-til-laendestoette\/#breadcrumb\"},\"inLanguage\":\"da-DK\",\"potentialAction\":[{\"@type\":\"ReadAction\",\"target\":[\"https:\/\/mekulo.com\/dk\/produkt\/ergonomisk-pude-til-laendestoette\/\"]}]},{\"@type\":\"ImageObject\",\"inLanguage\":\"da-DK\",\"@id\":\"https:\/\/mekulo.com\/dk\/produkt\/ergonomisk-pude-til-laendestoette\/#primaryimage\",\"url\":\"https:\/\/mekulo.com\/dk\/wp-content\/uploads\/sites\/12\/2026\/01\/q49h4eb-1.jpg\",\"contentUrl\":\"https:\/\/mekulo.com\/dk\/wp-content\/uploads\/sites\/12\/2026\/01\/q49h4eb-1.jpg\",\"width\":960,\"height\":960},{\"@type\":\"BreadcrumbList\",\"@id\":\"https:\/\/mekulo.com\/dk\/produkt\/ergonomisk-pude-til-laendestoette\/#breadcrumb\",\"itemListElement\":[{\"@type\":\"ListItem\",\"position\":1,\"name\":\"Home\",\"item\":\"https:\/\/mekulo.com\/dk\/\"},{\"@type\":\"ListItem\",\"position\":2,\"name\":\"Butik\",\"item\":\"https:\/\/mekulo.com\/dk\/butik\/\"},{\"@type\":\"ListItem\",\"position\":3,\"name\":\"Ergonomisk pude til l\u00e6ndest\u00f8tte\"}]},{\"@type\":\"WebSite\",\"@id\":\"https:\/\/mekulo.com\/dk\/#website\",\"url\":\"https:\/\/mekulo.com\/dk\/\",\"name\":\"Mekulo DK\",\"description\":\"\",\"publisher\":{\"@id\":\"https:\/\/mekulo.com\/dk\/#organization\"},\"potentialAction\":[{\"@type\":\"SearchAction\",\"target\":{\"@type\":\"EntryPoint\",\"urlTemplate\":\"https:\/\/mekulo.com\/dk\/?s={search_term_string}\"},\"query-input\":{\"@type\":\"PropertyValueSpecification\",\"valueRequired\":true,\"valueName\":\"search_term_string\"}}],\"inLanguage\":\"da-DK\"},{\"@type\":\"Organization\",\"@id\":\"https:\/\/mekulo.com\/dk\/#organization\",\"name\":\"Mekulo\",\"url\":\"https:\/\/mekulo.com\/dk\/\",\"logo\":{\"@type\":\"ImageObject\",\"inLanguage\":\"da-DK\",\"@id\":\"https:\/\/mekulo.com\/dk\/#\/schema\/logo\/image\/\",\"url\":\"https:\/\/mekulo.com\/dk\/wp-content\/uploads\/sites\/12\/2025\/12\/favicon_mekulo.png\",\"contentUrl\":\"https:\/\/mekulo.com\/dk\/wp-content\/uploads\/sites\/12\/2025\/12\/favicon_mekulo.png\",\"width\":50,\"height\":50,\"caption\":\"Mekulo\"},\"image\":{\"@id\":\"https:\/\/mekulo.com\/dk\/#\/schema\/logo\/image\/\"}}]}<\/script>\n<!-- \/ Yoast SEO plugin. -->","yoast_head_json":{"title":"Ergonomisk pude til l\u00e6ndest\u00f8tte - Mekulo DK","robots":{"index":"index","follow":"follow","max-snippet":"max-snippet:-1","max-image-preview":"max-image-preview:large","max-video-preview":"max-video-preview:-1"},"canonical":"https:\/\/mekulo.com\/dk\/produkt\/ergonomisk-pude-til-laendestoette\/","og_locale":"da_DK","og_type":"article","og_title":"Ergonomisk pude til l\u00e6ndest\u00f8tte - Mekulo DK","og_description":"\ud83e\uddd8\u200d\u2642\ufe0fDette ergonomisk l\u00e6ndest\u00f8ttepude er designet til at st\u00f8tte din l\u00e6nd og forbedre kropsholdningen, n\u00e5r du sidder l\u00e6nge. \u2728 Dens kerne af memoryskum tilpasser sig din krop og hj\u00e6lper med at reducere rygsmerter, tryk og tr\u00e6thed p\u00e5 arbejdet, derhjemme eller p\u00e5 farten. \ud83d\udcbaEn enkel m\u00e5de at sidde bedre p\u00e5, f\u00f8le sig bedre tilpas og passe p\u00e5 din rygs\u00f8jle hver dag.","og_url":"https:\/\/mekulo.com\/dk\/produkt\/ergonomisk-pude-til-laendestoette\/","og_site_name":"Mekulo DK","article_modified_time":"2026-02-03T16:27:36+00:00","og_image":[{"width":960,"height":960,"url":"https:\/\/mekulo.com\/dk\/wp-content\/uploads\/sites\/12\/2026\/01\/q49h4eb-1.jpg","type":"image\/jpeg"}],"twitter_card":"summary_large_image","twitter_misc":{"Estimeret l\u00e6setid":"2 minutter"},"schema":{"@context":"https:\/\/schema.org","@graph":[{"@type":"WebPage","@id":"https:\/\/mekulo.com\/dk\/produkt\/ergonomisk-pude-til-laendestoette\/","url":"https:\/\/mekulo.com\/dk\/produkt\/ergonomisk-pude-til-laendestoette\/","name":"Ergonomisk pude til l\u00e6ndest\u00f8tte - Mekulo DK","isPartOf":{"@id":"https:\/\/mekulo.com\/dk\/#website"},"primaryImageOfPage":{"@id":"https:\/\/mekulo.com\/dk\/produkt\/ergonomisk-pude-til-laendestoette\/#primaryimage"},"image":{"@id":"https:\/\/mekulo.com\/dk\/produkt\/ergonomisk-pude-til-laendestoette\/#primaryimage"},"thumbnailUrl":"https:\/\/mekulo.com\/dk\/wp-content\/uploads\/sites\/12\/2026\/01\/q49h4eb-1.jpg","datePublished":"2026-01-13T17:14:09+00:00","dateModified":"2026-02-03T16:27:36+00:00","breadcrumb":{"@id":"https:\/\/mekulo.com\/dk\/produkt\/ergonomisk-pude-til-laendestoette\/#breadcrumb"},"inLanguage":"da-DK","potentialAction":[{"@type":"ReadAction","target":["https:\/\/mekulo.com\/dk\/produkt\/ergonomisk-pude-til-laendestoette\/"]}]},{"@type":"ImageObject","inLanguage":"da-DK","@id":"https:\/\/mekulo.com\/dk\/produkt\/ergonomisk-pude-til-laendestoette\/#primaryimage","url":"https:\/\/mekulo.com\/dk\/wp-content\/uploads\/sites\/12\/2026\/01\/q49h4eb-1.jpg","contentUrl":"https:\/\/mekulo.com\/dk\/wp-content\/uploads\/sites\/12\/2026\/01\/q49h4eb-1.jpg","width":960,"height":960},{"@type":"BreadcrumbList","@id":"https:\/\/mekulo.com\/dk\/produkt\/ergonomisk-pude-til-laendestoette\/#breadcrumb","itemListElement":[{"@type":"ListItem","position":1,"name":"Home","item":"https:\/\/mekulo.com\/dk\/"},{"@type":"ListItem","position":2,"name":"Butik","item":"https:\/\/mekulo.com\/dk\/butik\/"},{"@type":"ListItem","position":3,"name":"Ergonomisk pude til l\u00e6ndest\u00f8tte"}]},{"@type":"WebSite","@id":"https:\/\/mekulo.com\/dk\/#website","url":"https:\/\/mekulo.com\/dk\/","name":"Mekulo DK","description":"","publisher":{"@id":"https:\/\/mekulo.com\/dk\/#organization"},"potentialAction":[{"@type":"SearchAction","target":{"@type":"EntryPoint","urlTemplate":"https:\/\/mekulo.com\/dk\/?s={search_term_string}"},"query-input":{"@type":"PropertyValueSpecification","valueRequired":true,"valueName":"search_term_string"}}],"inLanguage":"da-DK"},{"@type":"Organization","@id":"https:\/\/mekulo.com\/dk\/#organization","name":"Mekulo","url":"https:\/\/mekulo.com\/dk\/","logo":{"@type":"ImageObject","inLanguage":"da-DK","@id":"https:\/\/mekulo.com\/dk\/#\/schema\/logo\/image\/","url":"https:\/\/mekulo.com\/dk\/wp-content\/uploads\/sites\/12\/2025\/12\/favicon_mekulo.png","contentUrl":"https:\/\/mekulo.com\/dk\/wp-content\/uploads\/sites\/12\/2025\/12\/favicon_mekulo.png","width":50,"height":50,"caption":"Mekulo"},"image":{"@id":"https:\/\/mekulo.com\/dk\/#\/schema\/logo\/image\/"}}]}},"_links":{"self":[{"href":"https:\/\/mekulo.com\/dk\/wp-json\/wp\/v2\/product\/17530","targetHints":{"allow":["GET"]}}],"collection":[{"href":"https:\/\/mekulo.com\/dk\/wp-json\/wp\/v2\/product"}],"about":[{"href":"https:\/\/mekulo.com\/dk\/wp-json\/wp\/v2\/types\/product"}],"replies":[{"embeddable":true,"href":"https:\/\/mekulo.com\/dk\/wp-json\/wp\/v2\/comments?post=17530"}],"wp:featuredmedia":[{"embeddable":true,"href":"https:\/\/mekulo.com\/dk\/wp-json\/wp\/v2\/media\/17526"}],"wp:attachment":[{"href":"https:\/\/mekulo.com\/dk\/wp-json\/wp\/v2\/media?parent=17530"}],"wp:term":[{"taxonomy":"product_brand","embeddable":true,"href":"https:\/\/mekulo.com\/dk\/wp-json\/wp\/v2\/product_brand?post=17530"},{"taxonomy":"product_cat","embeddable":true,"href":"https:\/\/mekulo.com\/dk\/wp-json\/wp\/v2\/product_cat?post=17530"},{"taxonomy":"product_tag","embeddable":true,"href":"https:\/\/mekulo.com\/dk\/wp-json\/wp\/v2\/product_tag?post=17530"}],"curies":[{"name":"wp","href":"https:\/\/api.w.org\/{rel}","templated":true}]}}