{"id":17508,"date":"2026-01-13T19:11:32","date_gmt":"2026-01-13T17:11:32","guid":{"rendered":"https:\/\/mekulo.com\/dk\/produkt\/drejelig-hultang-med-6-huller\/"},"modified":"2026-01-14T20:57:41","modified_gmt":"2026-01-14T18:57:41","slug":"drejelig-hultang-med-6-huller","status":"publish","type":"product","link":"https:\/\/mekulo.com\/dk\/produkt\/drejelig-hultang-med-6-huller\/","title":{"rendered":"Drejelig hultang med 6 huller"},"content":{"rendered":"<p style=\"text-align: center;\" data-start=\"0\" data-end=\"81\"><strong data-start=\"0\" data-end=\"81\">Stans rene, pr\u00e6cise huller p\u00e5 f\u00e5 sekunder med et kraftfuldt og brugervenligt v\u00e6rkt\u00f8j. \ud83d\udd73\ufe0f<\/strong><\/p>\n<p data-start=\"0\" data-end=\"81\"><img fetchpriority=\"high\" decoding=\"async\" class=\"size-full wp-image-19187 aligncenter\" src=\"https:\/\/mekulo.com\/template\/wp-content\/uploads\/sites\/6\/2026\/01\/spp_20250606192042_fa285acfc05b61fcd5c672eb2b6843a9_30c70627-811c-4019-8c7d-454e7f5855b8.webp\" alt=\"\" width=\"713\" height=\"713\" \/><\/p>\n<h2 style=\"text-align: center;\" data-start=\"326\" data-end=\"345\"><strong>\u2b50 Vigtigste fordele<\/strong><\/h2>\n<p data-start=\"349\" data-end=\"425\">\ud83d\udd04 Roterende hoved med 6 huller &#8211; Skift hulst\u00f8rrelse med det samme med en 360\u00b0 drejning.<\/p>\n<p data-start=\"428\" data-end=\"500\">\u2702\ufe0f Ren &amp; pr\u00e6cis stansning &#8211; Skarpe stifter skaber glatte runde huller.<\/p>\n<p data-start=\"503\" data-end=\"578\">\ud83d\udcaa St\u00e6rke stifter i cr-v-st\u00e5l &#8211; Stanser nemt gennem h\u00e5rde materialer.<\/p>\n<p data-start=\"581\" data-end=\"648\">\ud83d\udee1\ufe0f Slagbase i messing &#8211; Absorberer kraft og beskytter stansespidserne.<\/p>\n<p data-start=\"651\" data-end=\"724\">\ud83c\udf92 Let og b\u00e6rbar &#8211; Nem at have med hjemme eller p\u00e5 farten.<\/p>\n<p data-start=\"651\" data-end=\"724\"><img decoding=\"async\" class=\"size-full wp-image-19188 aligncenter\" src=\"https:\/\/mekulo.com\/template\/wp-content\/uploads\/sites\/6\/2026\/01\/spp_20250606192025_6d69d7255a3c2adb34b25705bea678f4.jpg\" alt=\"\" width=\"800\" height=\"800\" \/><\/p>\n<h2 style=\"text-align: center;\" data-start=\"731\" data-end=\"748\"><strong>\u25b6\ufe0f S\u00e5dan Bruges<\/strong><\/h2>\n<ol data-start=\"750\" data-end=\"996\">\n<li data-start=\"750\" data-end=\"803\">\n<p data-start=\"753\" data-end=\"803\">Drej hovedet for at v\u00e6lge den \u00f8nskede hulst\u00f8rrelse.<\/p>\n<\/li>\n<li data-start=\"804\" data-end=\"845\">\n<p data-start=\"807\" data-end=\"845\">Placer materialet mellem k\u00e6berne.<\/p>\n<\/li>\n<li data-start=\"846\" data-end=\"888\">\n<p data-start=\"849\" data-end=\"888\">Juster stansen med m\u00e5lomr\u00e5det.<\/p>\n<\/li>\n<li data-start=\"889\" data-end=\"939\">\n<p data-start=\"892\" data-end=\"939\">Klem h\u00e5ndtagene fast for at sl\u00e5 hullet.<\/p>\n<\/li>\n<li data-start=\"940\" data-end=\"996\">\n<p data-start=\"943\" data-end=\"996\">Slip og drej igen, hvis der er brug for en anden st\u00f8rrelse.<\/p>\n<\/li>\n<\/ol>\n<h2 style=\"text-align: center;\" data-start=\"1003\" data-end=\"1025\"><strong>\ud83d\udccf Produktdetaljer<\/strong><\/h2>\n<ul data-start=\"1027\" data-end=\"1323\">\n<li data-start=\"1075\" data-end=\"1121\">\n<p data-start=\"1077\" data-end=\"1121\">Hulst\u00f8rrelser: 2 \/ 2.5 \/ 3 \/ 3.5 \/ 4 \/ 4.5 mm<\/p>\n<\/li>\n<li data-start=\"1122\" data-end=\"1142\">\n<p data-start=\"1124\" data-end=\"1142\">Hultype: Rund<\/p>\n<\/li>\n<li data-start=\"1143\" data-end=\"1195\">\n<p data-start=\"1145\" data-end=\"1195\">Stansestiftmateriale: Kromvanadium (Cr-V) st\u00e5l<\/p>\n<\/li>\n<li data-start=\"1196\" data-end=\"1220\">\n<p data-start=\"1198\" data-end=\"1220\">Base-materiale: Messing<\/p>\n<\/li>\n<li data-start=\"1221\" data-end=\"1251\">\n<p data-start=\"1223\" data-end=\"1251\">Tanghoved: 360\u00b0 drejelig<\/p>\n<\/li>\n<li data-start=\"1221\" data-end=\"1251\">St\u00f8rrelse: 220 x 90 mm<\/li>\n<\/ul>\n<h2 style=\"text-align: center;\" data-start=\"1330\" data-end=\"1353\"><strong>\ud83d\udce6 Pakken indeholder<\/strong><\/h2>\n<ul data-start=\"1355\" data-end=\"1392\">\n<li data-start=\"1355\" data-end=\"1392\">\n<p data-start=\"1357\" data-end=\"1392\">1x 6-hullers drejelig hultang.<\/p>\n<\/li>\n<\/ul>\n","protected":false},"excerpt":{"rendered":"<p>\ud83d\udd73\ufe0fMed en drejelig hultang med 6 huller kan du hurtigt lave huller i perfekt st\u00f8rrelse i l\u00e6der, stof, b\u00e6lter og meget mere.<br \/>\n\u2699\ufe0fMed et roterende hoved og en st\u00e6rk st\u00e5lkonstruktion sparer dette v\u00e6rkt\u00f8j tid og kr\u00e6fter og giver professionelle resultater hver gang.<br \/>\n\ud83e\uddf0Et p\u00e5lideligt, holdbart v\u00e6rkt\u00f8j til rene huller p\u00e5 f\u00e5 sekunder &#8211; perfekt til g\u00f8r-det-selv-arbejde, h\u00e5ndv\u00e6rk og professionelt arbejde.<\/p>\n","protected":false},"featured_media":17504,"comment_status":"open","ping_status":"closed","template":"","meta":{"site-sidebar-layout":"default","site-content-layout":"","ast-site-content-layout":"default","site-content-style":"default","site-sidebar-style":"default","ast-global-header-display":"","ast-banner-title-visibility":"","ast-main-header-display":"","ast-hfb-above-header-display":"","ast-hfb-below-header-display":"","ast-hfb-mobile-header-display":"","site-post-title":"","ast-breadcrumbs-content":"","ast-featured-img":"","footer-sml-layout":"","theme-transparent-header-meta":"default","adv-header-id-meta":"","stick-header-meta":"","header-above-stick-meta":"","header-main-stick-meta":"","header-below-stick-meta":"","astra-migrate-meta-layouts":"set","ast-page-background-enabled":"default","ast-page-background-meta":{"desktop":{"background-color":"var(--ast-global-color-5)","background-image":"","background-repeat":"repeat","background-position":"center center","background-size":"auto","background-attachment":"scroll","background-type":"","background-media":"","overlay-type":"","overlay-color":"","overlay-opacity":"","overlay-gradient":""},"tablet":{"background-color":"","background-image":"","background-repeat":"repeat","background-position":"center center","background-size":"auto","background-attachment":"scroll","background-type":"","background-media":"","overlay-type":"","overlay-color":"","overlay-opacity":"","overlay-gradient":""},"mobile":{"background-color":"","background-image":"","background-repeat":"repeat","background-position":"center center","background-size":"auto","background-attachment":"scroll","background-type":"","background-media":"","overlay-type":"","overlay-color":"","overlay-opacity":"","overlay-gradient":""}},"ast-content-background-meta":{"desktop":{"background-color":"var(--ast-global-color-4)","background-image":"","background-repeat":"repeat","background-position":"center center","background-size":"auto","background-attachment":"scroll","background-type":"","background-media":"","overlay-type":"","overlay-color":"","overlay-opacity":"","overlay-gradient":""},"tablet":{"background-color":"var(--ast-global-color-4)","background-image":"","background-repeat":"repeat","background-position":"center center","background-size":"auto","background-attachment":"scroll","background-type":"","background-media":"","overlay-type":"","overlay-color":"","overlay-opacity":"","overlay-gradient":""},"mobile":{"background-color":"var(--ast-global-color-4)","background-image":"","background-repeat":"repeat","background-position":"center center","background-size":"auto","background-attachment":"scroll","background-type":"","background-media":"","overlay-type":"","overlay-color":"","overlay-opacity":"","overlay-gradient":""}}},"product_brand":[],"product_cat":[171],"product_tag":[],"class_list":{"0":"post-17508","1":"product","2":"type-product","3":"status-publish","4":"has-post-thumbnail","6":"product_cat-vaerktoejer","7":"desktop-align-left","8":"tablet-align-left","9":"mobile-align-left","11":"first","12":"instock","13":"shipping-taxable","14":"purchasable","15":"product-type-simple"},"yoast_head":"<!-- This site is optimized with the Yoast SEO plugin v26.6 - https:\/\/yoast.com\/wordpress\/plugins\/seo\/ -->\n<title>Drejelig hultang med 6 huller - Mekulo DK<\/title>\n<meta name=\"robots\" content=\"index, follow, max-snippet:-1, max-image-preview:large, max-video-preview:-1\" \/>\n<link rel=\"canonical\" href=\"https:\/\/mekulo.com\/dk\/produkt\/drejelig-hultang-med-6-huller\/\" \/>\n<meta property=\"og:locale\" content=\"da_DK\" \/>\n<meta property=\"og:type\" content=\"article\" \/>\n<meta property=\"og:title\" content=\"Drejelig hultang med 6 huller - Mekulo DK\" \/>\n<meta property=\"og:description\" content=\"\ud83d\udd73\ufe0fMed en drejelig hultang med 6 huller kan du hurtigt lave huller i perfekt st\u00f8rrelse i l\u00e6der, stof, b\u00e6lter og meget mere. \u2699\ufe0fMed et roterende hoved og en st\u00e6rk st\u00e5lkonstruktion sparer dette v\u00e6rkt\u00f8j tid og kr\u00e6fter og giver professionelle resultater hver gang. \ud83e\uddf0Et p\u00e5lideligt, holdbart v\u00e6rkt\u00f8j til rene huller p\u00e5 f\u00e5 sekunder - perfekt til g\u00f8r-det-selv-arbejde, h\u00e5ndv\u00e6rk og professionelt arbejde.\" \/>\n<meta property=\"og:url\" content=\"https:\/\/mekulo.com\/dk\/produkt\/drejelig-hultang-med-6-huller\/\" \/>\n<meta property=\"og:site_name\" content=\"Mekulo DK\" \/>\n<meta property=\"article:modified_time\" content=\"2026-01-14T18:57:41+00:00\" \/>\n<meta property=\"og:image\" content=\"https:\/\/mekulo.com\/dk\/wp-content\/uploads\/sites\/12\/2026\/01\/b5puj5f-1.webp\" \/>\n\t<meta property=\"og:image:width\" content=\"713\" \/>\n\t<meta property=\"og:image:height\" content=\"713\" \/>\n\t<meta property=\"og:image:type\" content=\"image\/webp\" \/>\n<meta name=\"twitter:card\" content=\"summary_large_image\" \/>\n<meta name=\"twitter:label1\" content=\"Estimeret l\u00e6setid\" \/>\n\t<meta name=\"twitter:data1\" content=\"2 minutter\" \/>\n<script type=\"application\/ld+json\" class=\"yoast-schema-graph\">{\"@context\":\"https:\/\/schema.org\",\"@graph\":[{\"@type\":\"WebPage\",\"@id\":\"https:\/\/mekulo.com\/dk\/produkt\/drejelig-hultang-med-6-huller\/\",\"url\":\"https:\/\/mekulo.com\/dk\/produkt\/drejelig-hultang-med-6-huller\/\",\"name\":\"Drejelig hultang med 6 huller - Mekulo DK\",\"isPartOf\":{\"@id\":\"https:\/\/mekulo.com\/dk\/#website\"},\"primaryImageOfPage\":{\"@id\":\"https:\/\/mekulo.com\/dk\/produkt\/drejelig-hultang-med-6-huller\/#primaryimage\"},\"image\":{\"@id\":\"https:\/\/mekulo.com\/dk\/produkt\/drejelig-hultang-med-6-huller\/#primaryimage\"},\"thumbnailUrl\":\"https:\/\/mekulo.com\/dk\/wp-content\/uploads\/sites\/12\/2026\/01\/b5puj5f-1.webp\",\"datePublished\":\"2026-01-13T17:11:32+00:00\",\"dateModified\":\"2026-01-14T18:57:41+00:00\",\"breadcrumb\":{\"@id\":\"https:\/\/mekulo.com\/dk\/produkt\/drejelig-hultang-med-6-huller\/#breadcrumb\"},\"inLanguage\":\"da-DK\",\"potentialAction\":[{\"@type\":\"ReadAction\",\"target\":[\"https:\/\/mekulo.com\/dk\/produkt\/drejelig-hultang-med-6-huller\/\"]}]},{\"@type\":\"ImageObject\",\"inLanguage\":\"da-DK\",\"@id\":\"https:\/\/mekulo.com\/dk\/produkt\/drejelig-hultang-med-6-huller\/#primaryimage\",\"url\":\"https:\/\/mekulo.com\/dk\/wp-content\/uploads\/sites\/12\/2026\/01\/b5puj5f-1.webp\",\"contentUrl\":\"https:\/\/mekulo.com\/dk\/wp-content\/uploads\/sites\/12\/2026\/01\/b5puj5f-1.webp\",\"width\":713,\"height\":713},{\"@type\":\"BreadcrumbList\",\"@id\":\"https:\/\/mekulo.com\/dk\/produkt\/drejelig-hultang-med-6-huller\/#breadcrumb\",\"itemListElement\":[{\"@type\":\"ListItem\",\"position\":1,\"name\":\"Home\",\"item\":\"https:\/\/mekulo.com\/dk\/\"},{\"@type\":\"ListItem\",\"position\":2,\"name\":\"Butik\",\"item\":\"https:\/\/mekulo.com\/dk\/butik\/\"},{\"@type\":\"ListItem\",\"position\":3,\"name\":\"Drejelig hultang med 6 huller\"}]},{\"@type\":\"WebSite\",\"@id\":\"https:\/\/mekulo.com\/dk\/#website\",\"url\":\"https:\/\/mekulo.com\/dk\/\",\"name\":\"Mekulo DK\",\"description\":\"\",\"publisher\":{\"@id\":\"https:\/\/mekulo.com\/dk\/#organization\"},\"potentialAction\":[{\"@type\":\"SearchAction\",\"target\":{\"@type\":\"EntryPoint\",\"urlTemplate\":\"https:\/\/mekulo.com\/dk\/?s={search_term_string}\"},\"query-input\":{\"@type\":\"PropertyValueSpecification\",\"valueRequired\":true,\"valueName\":\"search_term_string\"}}],\"inLanguage\":\"da-DK\"},{\"@type\":\"Organization\",\"@id\":\"https:\/\/mekulo.com\/dk\/#organization\",\"name\":\"Mekulo\",\"url\":\"https:\/\/mekulo.com\/dk\/\",\"logo\":{\"@type\":\"ImageObject\",\"inLanguage\":\"da-DK\",\"@id\":\"https:\/\/mekulo.com\/dk\/#\/schema\/logo\/image\/\",\"url\":\"https:\/\/mekulo.com\/dk\/wp-content\/uploads\/sites\/12\/2025\/12\/favicon_mekulo.png\",\"contentUrl\":\"https:\/\/mekulo.com\/dk\/wp-content\/uploads\/sites\/12\/2025\/12\/favicon_mekulo.png\",\"width\":50,\"height\":50,\"caption\":\"Mekulo\"},\"image\":{\"@id\":\"https:\/\/mekulo.com\/dk\/#\/schema\/logo\/image\/\"}}]}<\/script>\n<!-- \/ Yoast SEO plugin. -->","yoast_head_json":{"title":"Drejelig hultang med 6 huller - Mekulo DK","robots":{"index":"index","follow":"follow","max-snippet":"max-snippet:-1","max-image-preview":"max-image-preview:large","max-video-preview":"max-video-preview:-1"},"canonical":"https:\/\/mekulo.com\/dk\/produkt\/drejelig-hultang-med-6-huller\/","og_locale":"da_DK","og_type":"article","og_title":"Drejelig hultang med 6 huller - Mekulo DK","og_description":"\ud83d\udd73\ufe0fMed en drejelig hultang med 6 huller kan du hurtigt lave huller i perfekt st\u00f8rrelse i l\u00e6der, stof, b\u00e6lter og meget mere. \u2699\ufe0fMed et roterende hoved og en st\u00e6rk st\u00e5lkonstruktion sparer dette v\u00e6rkt\u00f8j tid og kr\u00e6fter og giver professionelle resultater hver gang. \ud83e\uddf0Et p\u00e5lideligt, holdbart v\u00e6rkt\u00f8j til rene huller p\u00e5 f\u00e5 sekunder - perfekt til g\u00f8r-det-selv-arbejde, h\u00e5ndv\u00e6rk og professionelt arbejde.","og_url":"https:\/\/mekulo.com\/dk\/produkt\/drejelig-hultang-med-6-huller\/","og_site_name":"Mekulo DK","article_modified_time":"2026-01-14T18:57:41+00:00","og_image":[{"width":713,"height":713,"url":"https:\/\/mekulo.com\/dk\/wp-content\/uploads\/sites\/12\/2026\/01\/b5puj5f-1.webp","type":"image\/webp"}],"twitter_card":"summary_large_image","twitter_misc":{"Estimeret l\u00e6setid":"2 minutter"},"schema":{"@context":"https:\/\/schema.org","@graph":[{"@type":"WebPage","@id":"https:\/\/mekulo.com\/dk\/produkt\/drejelig-hultang-med-6-huller\/","url":"https:\/\/mekulo.com\/dk\/produkt\/drejelig-hultang-med-6-huller\/","name":"Drejelig hultang med 6 huller - Mekulo DK","isPartOf":{"@id":"https:\/\/mekulo.com\/dk\/#website"},"primaryImageOfPage":{"@id":"https:\/\/mekulo.com\/dk\/produkt\/drejelig-hultang-med-6-huller\/#primaryimage"},"image":{"@id":"https:\/\/mekulo.com\/dk\/produkt\/drejelig-hultang-med-6-huller\/#primaryimage"},"thumbnailUrl":"https:\/\/mekulo.com\/dk\/wp-content\/uploads\/sites\/12\/2026\/01\/b5puj5f-1.webp","datePublished":"2026-01-13T17:11:32+00:00","dateModified":"2026-01-14T18:57:41+00:00","breadcrumb":{"@id":"https:\/\/mekulo.com\/dk\/produkt\/drejelig-hultang-med-6-huller\/#breadcrumb"},"inLanguage":"da-DK","potentialAction":[{"@type":"ReadAction","target":["https:\/\/mekulo.com\/dk\/produkt\/drejelig-hultang-med-6-huller\/"]}]},{"@type":"ImageObject","inLanguage":"da-DK","@id":"https:\/\/mekulo.com\/dk\/produkt\/drejelig-hultang-med-6-huller\/#primaryimage","url":"https:\/\/mekulo.com\/dk\/wp-content\/uploads\/sites\/12\/2026\/01\/b5puj5f-1.webp","contentUrl":"https:\/\/mekulo.com\/dk\/wp-content\/uploads\/sites\/12\/2026\/01\/b5puj5f-1.webp","width":713,"height":713},{"@type":"BreadcrumbList","@id":"https:\/\/mekulo.com\/dk\/produkt\/drejelig-hultang-med-6-huller\/#breadcrumb","itemListElement":[{"@type":"ListItem","position":1,"name":"Home","item":"https:\/\/mekulo.com\/dk\/"},{"@type":"ListItem","position":2,"name":"Butik","item":"https:\/\/mekulo.com\/dk\/butik\/"},{"@type":"ListItem","position":3,"name":"Drejelig hultang med 6 huller"}]},{"@type":"WebSite","@id":"https:\/\/mekulo.com\/dk\/#website","url":"https:\/\/mekulo.com\/dk\/","name":"Mekulo DK","description":"","publisher":{"@id":"https:\/\/mekulo.com\/dk\/#organization"},"potentialAction":[{"@type":"SearchAction","target":{"@type":"EntryPoint","urlTemplate":"https:\/\/mekulo.com\/dk\/?s={search_term_string}"},"query-input":{"@type":"PropertyValueSpecification","valueRequired":true,"valueName":"search_term_string"}}],"inLanguage":"da-DK"},{"@type":"Organization","@id":"https:\/\/mekulo.com\/dk\/#organization","name":"Mekulo","url":"https:\/\/mekulo.com\/dk\/","logo":{"@type":"ImageObject","inLanguage":"da-DK","@id":"https:\/\/mekulo.com\/dk\/#\/schema\/logo\/image\/","url":"https:\/\/mekulo.com\/dk\/wp-content\/uploads\/sites\/12\/2025\/12\/favicon_mekulo.png","contentUrl":"https:\/\/mekulo.com\/dk\/wp-content\/uploads\/sites\/12\/2025\/12\/favicon_mekulo.png","width":50,"height":50,"caption":"Mekulo"},"image":{"@id":"https:\/\/mekulo.com\/dk\/#\/schema\/logo\/image\/"}}]}},"_links":{"self":[{"href":"https:\/\/mekulo.com\/dk\/wp-json\/wp\/v2\/product\/17508","targetHints":{"allow":["GET"]}}],"collection":[{"href":"https:\/\/mekulo.com\/dk\/wp-json\/wp\/v2\/product"}],"about":[{"href":"https:\/\/mekulo.com\/dk\/wp-json\/wp\/v2\/types\/product"}],"replies":[{"embeddable":true,"href":"https:\/\/mekulo.com\/dk\/wp-json\/wp\/v2\/comments?post=17508"}],"wp:featuredmedia":[{"embeddable":true,"href":"https:\/\/mekulo.com\/dk\/wp-json\/wp\/v2\/media\/17504"}],"wp:attachment":[{"href":"https:\/\/mekulo.com\/dk\/wp-json\/wp\/v2\/media?parent=17508"}],"wp:term":[{"taxonomy":"product_brand","embeddable":true,"href":"https:\/\/mekulo.com\/dk\/wp-json\/wp\/v2\/product_brand?post=17508"},{"taxonomy":"product_cat","embeddable":true,"href":"https:\/\/mekulo.com\/dk\/wp-json\/wp\/v2\/product_cat?post=17508"},{"taxonomy":"product_tag","embeddable":true,"href":"https:\/\/mekulo.com\/dk\/wp-json\/wp\/v2\/product_tag?post=17508"}],"curies":[{"name":"wp","href":"https:\/\/api.w.org\/{rel}","templated":true}]}}