{"id":17499,"date":"2026-01-13T19:10:28","date_gmt":"2026-01-13T17:10:28","guid":{"rendered":"https:\/\/mekulo.com\/dk\/produkt\/multifunktionelt-rivejern-og-afloebsskaerebraet\/"},"modified":"2026-01-14T20:55:48","modified_gmt":"2026-01-14T18:55:48","slug":"multifunktionelt-rivejern-og-afloebsskaerebraet","status":"publish","type":"product","link":"https:\/\/mekulo.com\/dk\/produkt\/multifunktionelt-rivejern-og-afloebsskaerebraet\/","title":{"rendered":"Multifunktionelt rivejern og afl\u00f8bssk\u00e6rebr\u00e6t"},"content":{"rendered":"<p style=\"text-align: center;\" data-start=\"0\" data-end=\"78\"><strong data-start=\"0\" data-end=\"78\">Forbered, riv og afdryp dine gr\u00f8ntsager hurtigere med \u00e9t smart k\u00f8kkenredskab. \ud83e\udd55<\/strong><\/p>\n<p data-start=\"0\" data-end=\"78\"><img fetchpriority=\"high\" decoding=\"async\" class=\"size-full wp-image-19088 aligncenter\" src=\"https:\/\/mekulo.com\/template\/wp-content\/uploads\/sites\/6\/2026\/01\/spp_20250527121925_30a8e013cd9fa2d11ae6485e94211677.webp\" alt=\"\" width=\"726\" height=\"750\" \/><\/p>\n<h2 style=\"text-align: center;\" data-start=\"308\" data-end=\"327\">Vigtigste fordele<\/h2>\n<p data-start=\"331\" data-end=\"417\">\ud83e\udd55 5-i-1-rivejernssystem &#8211; Sk\u00e6r, riv og mal med udskiftelige knive.<\/p>\n<p data-start=\"420\" data-end=\"490\">\ud83d\udee1\ufe0f Sikker h\u00e5ndbeskyttelse &#8211; Beskytter fingrene, mens du river og sk\u00e6rer.<\/p>\n<p data-start=\"493\" data-end=\"571\">\ud83d\udca7 Indbygget afl\u00f8bsbakke &#8211; Vask og afl\u00f8b gr\u00f8ntsager uden ekstra sk\u00e5le.<\/p>\n<p data-start=\"574\" data-end=\"637\">\ud83e\uddfc Let at reng\u00f8re &#8211; Aftagelige dele skylles rene p\u00e5 f\u00e5 sekunder.<\/p>\n<p data-start=\"640\" data-end=\"711\">\ud83e\uddf3 Kompakt og b\u00e6rbar &#8211; Ideel til hjemmek\u00f8kkener, autocampere og camping.<\/p>\n<p data-start=\"640\" data-end=\"711\"><img decoding=\"async\" class=\"size-full wp-image-19091 aligncenter\" src=\"https:\/\/mekulo.com\/template\/wp-content\/uploads\/sites\/6\/2026\/01\/S28f979ec3456488ebfbdb8dcb821da69d.jpg_960x960q75.jpg_.avif\" alt=\"\" width=\"960\" height=\"960\" \/><\/p>\n<h2 style=\"text-align: center;\" data-start=\"718\" data-end=\"735\"><strong>S\u00e5dan Bruges<\/strong><\/h2>\n<ol data-start=\"737\" data-end=\"996\">\n<li data-start=\"737\" data-end=\"784\">\n<p data-start=\"740\" data-end=\"784\">S\u00e6t sk\u00e6rebr\u00e6ttet p\u00e5 en flad overflade.<\/p>\n<\/li>\n<li data-start=\"785\" data-end=\"837\">\n<p data-start=\"788\" data-end=\"837\">Inds\u00e6t det blad, der skal bruges til at sk\u00e6re eller rive.<\/p>\n<\/li>\n<li data-start=\"838\" data-end=\"891\">\n<p data-start=\"841\" data-end=\"891\">Brug h\u00e5ndbeskyttelsen til sikkert at behandle gr\u00f8ntsager.<\/p>\n<\/li>\n<li data-start=\"892\" data-end=\"946\">\n<p data-start=\"895\" data-end=\"946\">Vask produkterne i bakken, og lad vandet l\u00f8be ud.<\/p>\n<\/li>\n<li data-start=\"947\" data-end=\"996\">\n<p data-start=\"950\" data-end=\"996\">Fjern bladene, og skyl alle dele efter brug.<\/p>\n<\/li>\n<\/ol>\n<h2 style=\"text-align: center;\" data-start=\"1003\" data-end=\"1025\"><strong>Produktdetaljer<\/strong><\/h2>\n<ul data-start=\"1027\" data-end=\"1319\">\n<li data-start=\"1129\" data-end=\"1178\">\n<p data-start=\"1131\" data-end=\"1178\">Materiale: PP + silikone + 304 rustfrit st\u00e5l<\/p>\n<\/li>\n<li data-start=\"1196\" data-end=\"1242\">\n<p data-start=\"1198\" data-end=\"1242\">St\u00f8rrelse: 34,9 x 22,2 cm<\/p>\n<\/li>\n<li data-start=\"1243\" data-end=\"1319\">\n<p data-start=\"1245\" data-end=\"1319\">Funktioner: Udskiftelige sk\u00e6r, h\u00e5ndbeskyttelse, afl\u00f8bsbakke, skridsikkert underlag<\/p>\n<\/li>\n<\/ul>\n<h2 style=\"text-align: center;\" data-start=\"1326\" data-end=\"1349\"><strong>Pakken indeholder<\/strong><\/h2>\n<ul data-start=\"1351\" data-end=\"1408\">\n<li data-start=\"1351\" data-end=\"1408\">\n<p data-start=\"1353\" data-end=\"1408\">1x multifunktionelt rive- og afl\u00f8bsbr\u00e6t<\/p>\n<\/li>\n<li data-start=\"1351\" data-end=\"1408\">\n<p data-start=\"1353\" data-end=\"1408\">5x knive<\/p>\n<\/li>\n<li data-start=\"1351\" data-end=\"1408\">\n<p data-start=\"1353\" data-end=\"1408\">1x rivebeskyttelse.<\/p>\n<\/li>\n<\/ul>\n","protected":false},"excerpt":{"rendered":"<p>\ud83d\udd2aDette multifunktionelle rive- og afl\u00f8bsbr\u00e6t kombinerer udsk\u00e6ring, rivning, vask og afl\u00f8b i \u00e9t kompakt design.<br \/>\n\ud83c\udf45Det sparer tid, holder din bordplade ren og g\u00f8r den daglige madlavning lettere derhjemme eller udend\u00f8rs.<br \/>\n\ud83d\udca6En ren, sikker og effektiv m\u00e5de at tilberede m\u00e5ltider p\u00e5 hver dag.<\/p>\n","protected":false},"featured_media":17495,"comment_status":"open","ping_status":"closed","template":"","meta":{"site-sidebar-layout":"default","site-content-layout":"","ast-site-content-layout":"default","site-content-style":"default","site-sidebar-style":"default","ast-global-header-display":"","ast-banner-title-visibility":"","ast-main-header-display":"","ast-hfb-above-header-display":"","ast-hfb-below-header-display":"","ast-hfb-mobile-header-display":"","site-post-title":"","ast-breadcrumbs-content":"","ast-featured-img":"","footer-sml-layout":"","ast-disable-related-posts":"","theme-transparent-header-meta":"default","adv-header-id-meta":"","stick-header-meta":"","header-above-stick-meta":"","header-main-stick-meta":"","header-below-stick-meta":"","astra-migrate-meta-layouts":"set","ast-page-background-enabled":"default","ast-page-background-meta":{"desktop":{"background-color":"var(--ast-global-color-5)","background-image":"","background-repeat":"repeat","background-position":"center center","background-size":"auto","background-attachment":"scroll","background-type":"","background-media":"","overlay-type":"","overlay-color":"","overlay-opacity":"","overlay-gradient":""},"tablet":{"background-color":"","background-image":"","background-repeat":"repeat","background-position":"center center","background-size":"auto","background-attachment":"scroll","background-type":"","background-media":"","overlay-type":"","overlay-color":"","overlay-opacity":"","overlay-gradient":""},"mobile":{"background-color":"","background-image":"","background-repeat":"repeat","background-position":"center center","background-size":"auto","background-attachment":"scroll","background-type":"","background-media":"","overlay-type":"","overlay-color":"","overlay-opacity":"","overlay-gradient":""}},"ast-content-background-meta":{"desktop":{"background-color":"var(--ast-global-color-4)","background-image":"","background-repeat":"repeat","background-position":"center center","background-size":"auto","background-attachment":"scroll","background-type":"","background-media":"","overlay-type":"","overlay-color":"","overlay-opacity":"","overlay-gradient":""},"tablet":{"background-color":"var(--ast-global-color-4)","background-image":"","background-repeat":"repeat","background-position":"center center","background-size":"auto","background-attachment":"scroll","background-type":"","background-media":"","overlay-type":"","overlay-color":"","overlay-opacity":"","overlay-gradient":""},"mobile":{"background-color":"var(--ast-global-color-4)","background-image":"","background-repeat":"repeat","background-position":"center center","background-size":"auto","background-attachment":"scroll","background-type":"","background-media":"","overlay-type":"","overlay-color":"","overlay-opacity":"","overlay-gradient":""}}},"product_brand":[],"product_cat":[168],"product_tag":[],"class_list":{"0":"post-17499","1":"product","2":"type-product","3":"status-publish","4":"has-post-thumbnail","6":"product_cat-husholdningsartikler","7":"desktop-align-left","8":"tablet-align-left","9":"mobile-align-left","11":"first","12":"instock","13":"shipping-taxable","14":"purchasable","15":"product-type-simple"},"yoast_head":"<!-- This site is optimized with the Yoast SEO plugin v27.4 - https:\/\/yoast.com\/product\/yoast-seo-wordpress\/ -->\n<title>Multifunktionelt rivejern og afl\u00f8bssk\u00e6rebr\u00e6t - Mekulo DK<\/title>\n<meta name=\"robots\" content=\"index, follow, max-snippet:-1, max-image-preview:large, max-video-preview:-1\" \/>\n<link rel=\"canonical\" href=\"https:\/\/mekulo.com\/dk\/produkt\/multifunktionelt-rivejern-og-afloebsskaerebraet\/\" \/>\n<meta property=\"og:locale\" content=\"da_DK\" \/>\n<meta property=\"og:type\" content=\"article\" \/>\n<meta property=\"og:title\" content=\"Multifunktionelt rivejern og afl\u00f8bssk\u00e6rebr\u00e6t - Mekulo DK\" \/>\n<meta property=\"og:description\" content=\"\ud83d\udd2aDette multifunktionelle rive- og afl\u00f8bsbr\u00e6t kombinerer udsk\u00e6ring, rivning, vask og afl\u00f8b i \u00e9t kompakt design. \ud83c\udf45Det sparer tid, holder din bordplade ren og g\u00f8r den daglige madlavning lettere derhjemme eller udend\u00f8rs. \ud83d\udca6En ren, sikker og effektiv m\u00e5de at tilberede m\u00e5ltider p\u00e5 hver dag.\" \/>\n<meta property=\"og:url\" content=\"https:\/\/mekulo.com\/dk\/produkt\/multifunktionelt-rivejern-og-afloebsskaerebraet\/\" \/>\n<meta property=\"og:site_name\" content=\"Mekulo DK\" \/>\n<meta property=\"article:modified_time\" content=\"2026-01-14T18:55:48+00:00\" \/>\n<meta property=\"og:image\" content=\"https:\/\/mekulo.com\/dk\/wp-content\/uploads\/sites\/12\/2026\/01\/z9a5mmf-1.webp\" \/>\n\t<meta property=\"og:image:width\" content=\"800\" \/>\n\t<meta property=\"og:image:height\" content=\"800\" \/>\n\t<meta property=\"og:image:type\" content=\"image\/webp\" \/>\n<meta name=\"twitter:card\" content=\"summary_large_image\" \/>\n<meta name=\"twitter:label1\" content=\"Estimeret l\u00e6setid\" \/>\n\t<meta name=\"twitter:data1\" content=\"2 minutter\" \/>\n<script type=\"application\/ld+json\" class=\"yoast-schema-graph\">{\"@context\":\"https:\\\/\\\/schema.org\",\"@graph\":[{\"@type\":\"WebPage\",\"@id\":\"https:\\\/\\\/mekulo.com\\\/dk\\\/produkt\\\/multifunktionelt-rivejern-og-afloebsskaerebraet\\\/\",\"url\":\"https:\\\/\\\/mekulo.com\\\/dk\\\/produkt\\\/multifunktionelt-rivejern-og-afloebsskaerebraet\\\/\",\"name\":\"Multifunktionelt rivejern og afl\u00f8bssk\u00e6rebr\u00e6t - Mekulo DK\",\"isPartOf\":{\"@id\":\"https:\\\/\\\/mekulo.com\\\/dk\\\/#website\"},\"primaryImageOfPage\":{\"@id\":\"https:\\\/\\\/mekulo.com\\\/dk\\\/produkt\\\/multifunktionelt-rivejern-og-afloebsskaerebraet\\\/#primaryimage\"},\"image\":{\"@id\":\"https:\\\/\\\/mekulo.com\\\/dk\\\/produkt\\\/multifunktionelt-rivejern-og-afloebsskaerebraet\\\/#primaryimage\"},\"thumbnailUrl\":\"https:\\\/\\\/mekulo.com\\\/dk\\\/wp-content\\\/uploads\\\/sites\\\/12\\\/2026\\\/01\\\/z9a5mmf-1.webp\",\"datePublished\":\"2026-01-13T17:10:28+00:00\",\"dateModified\":\"2026-01-14T18:55:48+00:00\",\"breadcrumb\":{\"@id\":\"https:\\\/\\\/mekulo.com\\\/dk\\\/produkt\\\/multifunktionelt-rivejern-og-afloebsskaerebraet\\\/#breadcrumb\"},\"inLanguage\":\"da-DK\",\"potentialAction\":[{\"@type\":\"ReadAction\",\"target\":[\"https:\\\/\\\/mekulo.com\\\/dk\\\/produkt\\\/multifunktionelt-rivejern-og-afloebsskaerebraet\\\/\"]}]},{\"@type\":\"ImageObject\",\"inLanguage\":\"da-DK\",\"@id\":\"https:\\\/\\\/mekulo.com\\\/dk\\\/produkt\\\/multifunktionelt-rivejern-og-afloebsskaerebraet\\\/#primaryimage\",\"url\":\"https:\\\/\\\/mekulo.com\\\/dk\\\/wp-content\\\/uploads\\\/sites\\\/12\\\/2026\\\/01\\\/z9a5mmf-1.webp\",\"contentUrl\":\"https:\\\/\\\/mekulo.com\\\/dk\\\/wp-content\\\/uploads\\\/sites\\\/12\\\/2026\\\/01\\\/z9a5mmf-1.webp\",\"width\":800,\"height\":800},{\"@type\":\"BreadcrumbList\",\"@id\":\"https:\\\/\\\/mekulo.com\\\/dk\\\/produkt\\\/multifunktionelt-rivejern-og-afloebsskaerebraet\\\/#breadcrumb\",\"itemListElement\":[{\"@type\":\"ListItem\",\"position\":1,\"name\":\"Home\",\"item\":\"https:\\\/\\\/mekulo.com\\\/dk\\\/\"},{\"@type\":\"ListItem\",\"position\":2,\"name\":\"Butik\",\"item\":\"https:\\\/\\\/mekulo.com\\\/dk\\\/butik\\\/\"},{\"@type\":\"ListItem\",\"position\":3,\"name\":\"Multifunktionelt rivejern og afl\u00f8bssk\u00e6rebr\u00e6t\"}]},{\"@type\":\"WebSite\",\"@id\":\"https:\\\/\\\/mekulo.com\\\/dk\\\/#website\",\"url\":\"https:\\\/\\\/mekulo.com\\\/dk\\\/\",\"name\":\"Mekulo DK\",\"description\":\"\",\"publisher\":{\"@id\":\"https:\\\/\\\/mekulo.com\\\/dk\\\/#organization\"},\"potentialAction\":[{\"@type\":\"SearchAction\",\"target\":{\"@type\":\"EntryPoint\",\"urlTemplate\":\"https:\\\/\\\/mekulo.com\\\/dk\\\/?s={search_term_string}\"},\"query-input\":{\"@type\":\"PropertyValueSpecification\",\"valueRequired\":true,\"valueName\":\"search_term_string\"}}],\"inLanguage\":\"da-DK\"},{\"@type\":\"Organization\",\"@id\":\"https:\\\/\\\/mekulo.com\\\/dk\\\/#organization\",\"name\":\"Mekulo\",\"url\":\"https:\\\/\\\/mekulo.com\\\/dk\\\/\",\"logo\":{\"@type\":\"ImageObject\",\"inLanguage\":\"da-DK\",\"@id\":\"https:\\\/\\\/mekulo.com\\\/dk\\\/#\\\/schema\\\/logo\\\/image\\\/\",\"url\":\"https:\\\/\\\/mekulo.com\\\/dk\\\/wp-content\\\/uploads\\\/sites\\\/12\\\/2025\\\/12\\\/favicon_mekulo.png\",\"contentUrl\":\"https:\\\/\\\/mekulo.com\\\/dk\\\/wp-content\\\/uploads\\\/sites\\\/12\\\/2025\\\/12\\\/favicon_mekulo.png\",\"width\":50,\"height\":50,\"caption\":\"Mekulo\"},\"image\":{\"@id\":\"https:\\\/\\\/mekulo.com\\\/dk\\\/#\\\/schema\\\/logo\\\/image\\\/\"}}]}<\/script>\n<!-- \/ Yoast SEO plugin. -->","yoast_head_json":{"title":"Multifunktionelt rivejern og afl\u00f8bssk\u00e6rebr\u00e6t - Mekulo DK","robots":{"index":"index","follow":"follow","max-snippet":"max-snippet:-1","max-image-preview":"max-image-preview:large","max-video-preview":"max-video-preview:-1"},"canonical":"https:\/\/mekulo.com\/dk\/produkt\/multifunktionelt-rivejern-og-afloebsskaerebraet\/","og_locale":"da_DK","og_type":"article","og_title":"Multifunktionelt rivejern og afl\u00f8bssk\u00e6rebr\u00e6t - Mekulo DK","og_description":"\ud83d\udd2aDette multifunktionelle rive- og afl\u00f8bsbr\u00e6t kombinerer udsk\u00e6ring, rivning, vask og afl\u00f8b i \u00e9t kompakt design. \ud83c\udf45Det sparer tid, holder din bordplade ren og g\u00f8r den daglige madlavning lettere derhjemme eller udend\u00f8rs. \ud83d\udca6En ren, sikker og effektiv m\u00e5de at tilberede m\u00e5ltider p\u00e5 hver dag.","og_url":"https:\/\/mekulo.com\/dk\/produkt\/multifunktionelt-rivejern-og-afloebsskaerebraet\/","og_site_name":"Mekulo DK","article_modified_time":"2026-01-14T18:55:48+00:00","og_image":[{"width":800,"height":800,"url":"https:\/\/mekulo.com\/dk\/wp-content\/uploads\/sites\/12\/2026\/01\/z9a5mmf-1.webp","type":"image\/webp"}],"twitter_card":"summary_large_image","twitter_misc":{"Estimeret l\u00e6setid":"2 minutter"},"schema":{"@context":"https:\/\/schema.org","@graph":[{"@type":"WebPage","@id":"https:\/\/mekulo.com\/dk\/produkt\/multifunktionelt-rivejern-og-afloebsskaerebraet\/","url":"https:\/\/mekulo.com\/dk\/produkt\/multifunktionelt-rivejern-og-afloebsskaerebraet\/","name":"Multifunktionelt rivejern og afl\u00f8bssk\u00e6rebr\u00e6t - Mekulo DK","isPartOf":{"@id":"https:\/\/mekulo.com\/dk\/#website"},"primaryImageOfPage":{"@id":"https:\/\/mekulo.com\/dk\/produkt\/multifunktionelt-rivejern-og-afloebsskaerebraet\/#primaryimage"},"image":{"@id":"https:\/\/mekulo.com\/dk\/produkt\/multifunktionelt-rivejern-og-afloebsskaerebraet\/#primaryimage"},"thumbnailUrl":"https:\/\/mekulo.com\/dk\/wp-content\/uploads\/sites\/12\/2026\/01\/z9a5mmf-1.webp","datePublished":"2026-01-13T17:10:28+00:00","dateModified":"2026-01-14T18:55:48+00:00","breadcrumb":{"@id":"https:\/\/mekulo.com\/dk\/produkt\/multifunktionelt-rivejern-og-afloebsskaerebraet\/#breadcrumb"},"inLanguage":"da-DK","potentialAction":[{"@type":"ReadAction","target":["https:\/\/mekulo.com\/dk\/produkt\/multifunktionelt-rivejern-og-afloebsskaerebraet\/"]}]},{"@type":"ImageObject","inLanguage":"da-DK","@id":"https:\/\/mekulo.com\/dk\/produkt\/multifunktionelt-rivejern-og-afloebsskaerebraet\/#primaryimage","url":"https:\/\/mekulo.com\/dk\/wp-content\/uploads\/sites\/12\/2026\/01\/z9a5mmf-1.webp","contentUrl":"https:\/\/mekulo.com\/dk\/wp-content\/uploads\/sites\/12\/2026\/01\/z9a5mmf-1.webp","width":800,"height":800},{"@type":"BreadcrumbList","@id":"https:\/\/mekulo.com\/dk\/produkt\/multifunktionelt-rivejern-og-afloebsskaerebraet\/#breadcrumb","itemListElement":[{"@type":"ListItem","position":1,"name":"Home","item":"https:\/\/mekulo.com\/dk\/"},{"@type":"ListItem","position":2,"name":"Butik","item":"https:\/\/mekulo.com\/dk\/butik\/"},{"@type":"ListItem","position":3,"name":"Multifunktionelt rivejern og afl\u00f8bssk\u00e6rebr\u00e6t"}]},{"@type":"WebSite","@id":"https:\/\/mekulo.com\/dk\/#website","url":"https:\/\/mekulo.com\/dk\/","name":"Mekulo DK","description":"","publisher":{"@id":"https:\/\/mekulo.com\/dk\/#organization"},"potentialAction":[{"@type":"SearchAction","target":{"@type":"EntryPoint","urlTemplate":"https:\/\/mekulo.com\/dk\/?s={search_term_string}"},"query-input":{"@type":"PropertyValueSpecification","valueRequired":true,"valueName":"search_term_string"}}],"inLanguage":"da-DK"},{"@type":"Organization","@id":"https:\/\/mekulo.com\/dk\/#organization","name":"Mekulo","url":"https:\/\/mekulo.com\/dk\/","logo":{"@type":"ImageObject","inLanguage":"da-DK","@id":"https:\/\/mekulo.com\/dk\/#\/schema\/logo\/image\/","url":"https:\/\/mekulo.com\/dk\/wp-content\/uploads\/sites\/12\/2025\/12\/favicon_mekulo.png","contentUrl":"https:\/\/mekulo.com\/dk\/wp-content\/uploads\/sites\/12\/2025\/12\/favicon_mekulo.png","width":50,"height":50,"caption":"Mekulo"},"image":{"@id":"https:\/\/mekulo.com\/dk\/#\/schema\/logo\/image\/"}}]}},"_links":{"self":[{"href":"https:\/\/mekulo.com\/dk\/wp-json\/wp\/v2\/product\/17499","targetHints":{"allow":["GET"]}}],"collection":[{"href":"https:\/\/mekulo.com\/dk\/wp-json\/wp\/v2\/product"}],"about":[{"href":"https:\/\/mekulo.com\/dk\/wp-json\/wp\/v2\/types\/product"}],"replies":[{"embeddable":true,"href":"https:\/\/mekulo.com\/dk\/wp-json\/wp\/v2\/comments?post=17499"}],"wp:featuredmedia":[{"embeddable":true,"href":"https:\/\/mekulo.com\/dk\/wp-json\/wp\/v2\/media\/17495"}],"wp:attachment":[{"href":"https:\/\/mekulo.com\/dk\/wp-json\/wp\/v2\/media?parent=17499"}],"wp:term":[{"taxonomy":"product_brand","embeddable":true,"href":"https:\/\/mekulo.com\/dk\/wp-json\/wp\/v2\/product_brand?post=17499"},{"taxonomy":"product_cat","embeddable":true,"href":"https:\/\/mekulo.com\/dk\/wp-json\/wp\/v2\/product_cat?post=17499"},{"taxonomy":"product_tag","embeddable":true,"href":"https:\/\/mekulo.com\/dk\/wp-json\/wp\/v2\/product_tag?post=17499"}],"curies":[{"name":"wp","href":"https:\/\/api.w.org\/{rel}","templated":true}]}}