{"id":17486,"date":"2026-01-13T19:09:40","date_gmt":"2026-01-13T17:09:40","guid":{"rendered":"https:\/\/mekulo.com\/dk\/produkt\/bluetooth-sensorer-til-overvaagning-af-daektryk\/"},"modified":"2026-01-14T20:53:52","modified_gmt":"2026-01-14T18:53:52","slug":"bluetooth-sensorer-til-overvaagning-af-daektryk","status":"publish","type":"product","link":"https:\/\/mekulo.com\/dk\/produkt\/bluetooth-sensorer-til-overvaagning-af-daektryk\/","title":{"rendered":"Bluetooth-sensorer til overv\u00e5gning af d\u00e6ktryk"},"content":{"rendered":"<p style=\"text-align: center;\" data-start=\"0\" data-end=\"72\"><strong data-start=\"0\" data-end=\"72\">Overv\u00e5g Dit D\u00e6ktryk I Realtid For En Mere Sikker Og J\u00e6vn K\u00f8rsel. \ud83d\ude97<\/strong><\/p>\n<p data-start=\"0\" data-end=\"72\"><img fetchpriority=\"high\" decoding=\"async\" class=\"size-full wp-image-19046 aligncenter\" src=\"https:\/\/mekulo.com\/template\/wp-content\/uploads\/sites\/6\/2026\/01\/spp_20250611185413_bf3f8e8f8f6097ae1b863171ceae7ede.jpg\" alt=\"\" width=\"800\" height=\"800\" \/><\/p>\n<h2 style=\"text-align: center;\" data-start=\"378\" data-end=\"397\"><strong>\u2b50 Vigtigste fordele<\/strong><\/h2>\n<p data-start=\"401\" data-end=\"480\">\ud83d\udcf1 App-overv\u00e5gning i realtid &#8211; Tjek d\u00e6ktryk og temperatur n\u00e5r som helst.<\/p>\n<p data-start=\"483\" data-end=\"579\">\ud83d\udea8 Smarte sikkerhedsadvarsler &#8211; Advarsler om h\u00f8jt\/lavt tryk, l\u00e6kage, temperatur og lavt batteriniveau.<\/p>\n<p data-start=\"582\" data-end=\"666\">\ud83d\udca7 IP67 vandt\u00e6t &amp; st\u00f8vt\u00e6t &#8211; Fungerer i regn, mudder og barske vejforhold.<\/p>\n<p data-start=\"669\" data-end=\"750\">\ud83d\ude97 Universel kompatibilitet &#8211; Passer til biler, SUV&#8217;er, lette lastbiler og motorcykler.<\/p>\n<p data-start=\"753\" data-end=\"833\">\ud83d\udd29 Holdbar legeringsbase &#8211; Bygget til at h\u00e5ndtere tryk\u00e6ndringer og langvarig brug.<\/p>\n<p data-start=\"753\" data-end=\"833\"><img decoding=\"async\" class=\"size-full wp-image-19048 aligncenter\" src=\"https:\/\/mekulo.com\/template\/wp-content\/uploads\/sites\/6\/2026\/01\/spp_20250611185421_aa8811c1dd0ba889ea2830cbee6b2947.jpg\" alt=\"\" width=\"800\" height=\"800\" \/><\/p>\n<h2 style=\"text-align: center;\" data-start=\"840\" data-end=\"857\"><strong>\u25b6\ufe0f S\u00e5dan Bruges<\/strong><\/h2>\n<ol data-start=\"859\" data-end=\"1153\">\n<li data-start=\"859\" data-end=\"918\">\n<p data-start=\"862\" data-end=\"918\">Download den kompatible mobilapp p\u00e5 din smartphone.<\/p>\n<\/li>\n<li data-start=\"919\" data-end=\"990\">\n<p data-start=\"922\" data-end=\"990\">Installer sensorerne p\u00e5 dine d\u00e6kventiler ved hj\u00e6lp af den medf\u00f8lgende skruen\u00f8gle.<\/p>\n<\/li>\n<li data-start=\"991\" data-end=\"1043\">\n<p data-start=\"994\" data-end=\"1043\">Par sensorerne med din telefon via Bluetooth.<\/p>\n<\/li>\n<li data-start=\"1044\" data-end=\"1102\">\n<p data-start=\"1047\" data-end=\"1102\">Indstil alarmgr\u00e6nser for tryk og temperatur i appen.<\/p>\n<\/li>\n<li data-start=\"1103\" data-end=\"1153\">\n<p data-start=\"1106\" data-end=\"1153\">Overv\u00e5g d\u00e6kdata i realtid, mens du k\u00f8rer.<\/p>\n<\/li>\n<\/ol>\n<h2 style=\"text-align: center;\" data-start=\"1160\" data-end=\"1182\"><strong>\ud83d\udccf Produktdetaljer<\/strong><\/h2>\n<ul data-start=\"1184\" data-end=\"1618\">\n<li data-start=\"1245\" data-end=\"1276\">\n<p data-start=\"1247\" data-end=\"1276\">Forbindelse: Bluetooth 5.0<\/p>\n<\/li>\n<li data-start=\"1277\" data-end=\"1318\">\n<p data-start=\"1279\" data-end=\"1318\">Trykomr\u00e5de: 0-6,8 bar \/ 0-100 psi<\/p>\n<\/li>\n<li data-start=\"1319\" data-end=\"1361\">\n<p data-start=\"1321\" data-end=\"1361\">Trykn\u00f8jagtighed: \u00b10,1 bar \/ \u00b11,5 psi<\/p>\n<\/li>\n<li data-start=\"1362\" data-end=\"1399\">\n<p data-start=\"1364\" data-end=\"1399\">Temperaturomr\u00e5de: -40\u00b0C til 125\u00b0C<\/p>\n<\/li>\n<li data-start=\"1400\" data-end=\"1430\">\n<p data-start=\"1402\" data-end=\"1430\">Temperaturn\u00f8jagtighed: \u00b13\u00b0C<\/p>\n<\/li>\n<li data-start=\"1431\" data-end=\"1469\">\n<p data-start=\"1433\" data-end=\"1469\">Materiale: ABS + PC med legeringsbase<\/p>\n<\/li>\n<li data-start=\"1470\" data-end=\"1496\">\n<p data-start=\"1472\" data-end=\"1496\">Vandt\u00e6t niveau: IP67<\/p>\n<\/li>\n<li data-start=\"1497\" data-end=\"1535\">\n<p data-start=\"1499\" data-end=\"1535\">Batteritype: CR1632 (udskiftelig)<\/p>\n<\/li>\n<li data-start=\"1536\" data-end=\"1563\">\n<p data-start=\"1538\" data-end=\"1563\">Batterilevetid: 1-2 \u00e5r<\/p>\n<\/li>\n<li data-start=\"1564\" data-end=\"1587\">\n<p data-start=\"1566\" data-end=\"1587\">Visning: Mobilapp<\/p>\n<\/li>\n<li data-start=\"1588\" data-end=\"1618\">\n<p data-start=\"1590\" data-end=\"1618\">Tr\u00e5dl\u00f8s frekvens: 2,4 GHz<\/p>\n<\/li>\n<li data-start=\"1588\" data-end=\"1618\">\n<p data-start=\"1590\" data-end=\"1618\">St\u00f8rrelse: 22,5 x 18 mm<\/p>\n<\/li>\n<\/ul>\n<h2 style=\"text-align: center;\" data-start=\"1625\" data-end=\"1648\"><strong>\ud83d\udce6 Pakken indeholder<\/strong><\/h2>\n<ul data-start=\"1650\" data-end=\"1736\">\n<li data-start=\"1650\" data-end=\"1684\">\n<p data-start=\"1652\" data-end=\"1684\">2 eller 4x d\u00e6ktrykssensorer<\/p>\n<\/li>\n<li data-start=\"1685\" data-end=\"1712\">\n<p data-start=\"1687\" data-end=\"1712\">1x installationsn\u00f8gle<\/p>\n<\/li>\n<li data-start=\"1713\" data-end=\"1736\">\n<p data-start=\"1715\" data-end=\"1736\">2, 4x tyverisikringsm\u00f8trikker.<\/p>\n<\/li>\n<\/ul>\n","protected":false},"excerpt":{"rendered":"<p>\ud83d\ude97Disse bluetooth-sensorer til overv\u00e5gning af d\u00e6ktryk sender n\u00f8jagtige tryk- og temperaturdata direkte til din telefon og hj\u00e6lper dig med at undg\u00e5 punkteringer, uj\u00e6vnt slid og br\u00e6ndstofspild.<br \/>\n\ud83c\udfcd\ufe0fDesigned til daglig k\u00f8rsel eller lange ture, de holder dine d\u00e6k i perfekt stand med \u00f8jeblikkelige advarsler og p\u00e5lidelig ydeevne.<\/p>\n","protected":false},"featured_media":17482,"comment_status":"open","ping_status":"closed","template":"","meta":{"site-sidebar-layout":"default","site-content-layout":"","ast-site-content-layout":"default","site-content-style":"default","site-sidebar-style":"default","ast-global-header-display":"","ast-banner-title-visibility":"","ast-main-header-display":"","ast-hfb-above-header-display":"","ast-hfb-below-header-display":"","ast-hfb-mobile-header-display":"","site-post-title":"","ast-breadcrumbs-content":"","ast-featured-img":"","footer-sml-layout":"","theme-transparent-header-meta":"default","adv-header-id-meta":"","stick-header-meta":"","header-above-stick-meta":"","header-main-stick-meta":"","header-below-stick-meta":"","astra-migrate-meta-layouts":"set","ast-page-background-enabled":"default","ast-page-background-meta":{"desktop":{"background-color":"var(--ast-global-color-5)","background-image":"","background-repeat":"repeat","background-position":"center center","background-size":"auto","background-attachment":"scroll","background-type":"","background-media":"","overlay-type":"","overlay-color":"","overlay-opacity":"","overlay-gradient":""},"tablet":{"background-color":"","background-image":"","background-repeat":"repeat","background-position":"center center","background-size":"auto","background-attachment":"scroll","background-type":"","background-media":"","overlay-type":"","overlay-color":"","overlay-opacity":"","overlay-gradient":""},"mobile":{"background-color":"","background-image":"","background-repeat":"repeat","background-position":"center center","background-size":"auto","background-attachment":"scroll","background-type":"","background-media":"","overlay-type":"","overlay-color":"","overlay-opacity":"","overlay-gradient":""}},"ast-content-background-meta":{"desktop":{"background-color":"var(--ast-global-color-4)","background-image":"","background-repeat":"repeat","background-position":"center center","background-size":"auto","background-attachment":"scroll","background-type":"","background-media":"","overlay-type":"","overlay-color":"","overlay-opacity":"","overlay-gradient":""},"tablet":{"background-color":"var(--ast-global-color-4)","background-image":"","background-repeat":"repeat","background-position":"center center","background-size":"auto","background-attachment":"scroll","background-type":"","background-media":"","overlay-type":"","overlay-color":"","overlay-opacity":"","overlay-gradient":""},"mobile":{"background-color":"var(--ast-global-color-4)","background-image":"","background-repeat":"repeat","background-position":"center center","background-size":"auto","background-attachment":"scroll","background-type":"","background-media":"","overlay-type":"","overlay-color":"","overlay-opacity":"","overlay-gradient":""}}},"product_brand":[],"product_cat":[161],"product_tag":[],"class_list":{"0":"post-17486","1":"product","2":"type-product","3":"status-publish","4":"has-post-thumbnail","6":"product_cat-bilprodukter","7":"pa_66841_boleuvg9-2-sensorer","8":"pa_66841_boleuvg9-4-sensorer","9":"desktop-align-left","10":"tablet-align-left","11":"mobile-align-left","13":"first","14":"instock","15":"shipping-taxable","16":"purchasable","17":"product-type-variable"},"yoast_head":"<!-- This site is optimized with the Yoast SEO plugin v26.6 - https:\/\/yoast.com\/wordpress\/plugins\/seo\/ -->\n<title>Bluetooth-sensorer til overv\u00e5gning af d\u00e6ktryk - Mekulo DK<\/title>\n<meta name=\"robots\" content=\"index, follow, max-snippet:-1, max-image-preview:large, max-video-preview:-1\" \/>\n<link rel=\"canonical\" href=\"https:\/\/mekulo.com\/dk\/produkt\/bluetooth-sensorer-til-overvaagning-af-daektryk\/\" \/>\n<meta property=\"og:locale\" content=\"da_DK\" \/>\n<meta property=\"og:type\" content=\"article\" \/>\n<meta property=\"og:title\" content=\"Bluetooth-sensorer til overv\u00e5gning af d\u00e6ktryk - Mekulo DK\" \/>\n<meta property=\"og:description\" content=\"\ud83d\ude97Disse bluetooth-sensorer til overv\u00e5gning af d\u00e6ktryk sender n\u00f8jagtige tryk- og temperaturdata direkte til din telefon og hj\u00e6lper dig med at undg\u00e5 punkteringer, uj\u00e6vnt slid og br\u00e6ndstofspild. \ud83c\udfcd\ufe0fDesigned til daglig k\u00f8rsel eller lange ture, de holder dine d\u00e6k i perfekt stand med \u00f8jeblikkelige advarsler og p\u00e5lidelig ydeevne.\" \/>\n<meta property=\"og:url\" content=\"https:\/\/mekulo.com\/dk\/produkt\/bluetooth-sensorer-til-overvaagning-af-daektryk\/\" \/>\n<meta property=\"og:site_name\" content=\"Mekulo DK\" \/>\n<meta property=\"article:modified_time\" content=\"2026-01-14T18:53:52+00:00\" \/>\n<meta property=\"og:image\" content=\"https:\/\/mekulo.com\/dk\/wp-content\/uploads\/sites\/12\/2026\/01\/e6zb7ol-1.webp\" \/>\n\t<meta property=\"og:image:width\" content=\"713\" \/>\n\t<meta property=\"og:image:height\" content=\"713\" \/>\n\t<meta property=\"og:image:type\" content=\"image\/webp\" \/>\n<meta name=\"twitter:card\" content=\"summary_large_image\" \/>\n<meta name=\"twitter:label1\" content=\"Estimeret l\u00e6setid\" \/>\n\t<meta name=\"twitter:data1\" content=\"2 minutter\" \/>\n<script type=\"application\/ld+json\" class=\"yoast-schema-graph\">{\"@context\":\"https:\/\/schema.org\",\"@graph\":[{\"@type\":\"WebPage\",\"@id\":\"https:\/\/mekulo.com\/dk\/produkt\/bluetooth-sensorer-til-overvaagning-af-daektryk\/\",\"url\":\"https:\/\/mekulo.com\/dk\/produkt\/bluetooth-sensorer-til-overvaagning-af-daektryk\/\",\"name\":\"Bluetooth-sensorer til overv\u00e5gning af d\u00e6ktryk - Mekulo DK\",\"isPartOf\":{\"@id\":\"https:\/\/mekulo.com\/dk\/#website\"},\"primaryImageOfPage\":{\"@id\":\"https:\/\/mekulo.com\/dk\/produkt\/bluetooth-sensorer-til-overvaagning-af-daektryk\/#primaryimage\"},\"image\":{\"@id\":\"https:\/\/mekulo.com\/dk\/produkt\/bluetooth-sensorer-til-overvaagning-af-daektryk\/#primaryimage\"},\"thumbnailUrl\":\"https:\/\/mekulo.com\/dk\/wp-content\/uploads\/sites\/12\/2026\/01\/e6zb7ol-1.webp\",\"datePublished\":\"2026-01-13T17:09:40+00:00\",\"dateModified\":\"2026-01-14T18:53:52+00:00\",\"breadcrumb\":{\"@id\":\"https:\/\/mekulo.com\/dk\/produkt\/bluetooth-sensorer-til-overvaagning-af-daektryk\/#breadcrumb\"},\"inLanguage\":\"da-DK\",\"potentialAction\":[{\"@type\":\"ReadAction\",\"target\":[\"https:\/\/mekulo.com\/dk\/produkt\/bluetooth-sensorer-til-overvaagning-af-daektryk\/\"]}]},{\"@type\":\"ImageObject\",\"inLanguage\":\"da-DK\",\"@id\":\"https:\/\/mekulo.com\/dk\/produkt\/bluetooth-sensorer-til-overvaagning-af-daektryk\/#primaryimage\",\"url\":\"https:\/\/mekulo.com\/dk\/wp-content\/uploads\/sites\/12\/2026\/01\/e6zb7ol-1.webp\",\"contentUrl\":\"https:\/\/mekulo.com\/dk\/wp-content\/uploads\/sites\/12\/2026\/01\/e6zb7ol-1.webp\",\"width\":713,\"height\":713},{\"@type\":\"BreadcrumbList\",\"@id\":\"https:\/\/mekulo.com\/dk\/produkt\/bluetooth-sensorer-til-overvaagning-af-daektryk\/#breadcrumb\",\"itemListElement\":[{\"@type\":\"ListItem\",\"position\":1,\"name\":\"Home\",\"item\":\"https:\/\/mekulo.com\/dk\/\"},{\"@type\":\"ListItem\",\"position\":2,\"name\":\"Butik\",\"item\":\"https:\/\/mekulo.com\/dk\/butik\/\"},{\"@type\":\"ListItem\",\"position\":3,\"name\":\"Bluetooth-sensorer til overv\u00e5gning af d\u00e6ktryk\"}]},{\"@type\":\"WebSite\",\"@id\":\"https:\/\/mekulo.com\/dk\/#website\",\"url\":\"https:\/\/mekulo.com\/dk\/\",\"name\":\"Mekulo DK\",\"description\":\"\",\"publisher\":{\"@id\":\"https:\/\/mekulo.com\/dk\/#organization\"},\"potentialAction\":[{\"@type\":\"SearchAction\",\"target\":{\"@type\":\"EntryPoint\",\"urlTemplate\":\"https:\/\/mekulo.com\/dk\/?s={search_term_string}\"},\"query-input\":{\"@type\":\"PropertyValueSpecification\",\"valueRequired\":true,\"valueName\":\"search_term_string\"}}],\"inLanguage\":\"da-DK\"},{\"@type\":\"Organization\",\"@id\":\"https:\/\/mekulo.com\/dk\/#organization\",\"name\":\"Mekulo\",\"url\":\"https:\/\/mekulo.com\/dk\/\",\"logo\":{\"@type\":\"ImageObject\",\"inLanguage\":\"da-DK\",\"@id\":\"https:\/\/mekulo.com\/dk\/#\/schema\/logo\/image\/\",\"url\":\"https:\/\/mekulo.com\/dk\/wp-content\/uploads\/sites\/12\/2025\/12\/favicon_mekulo.png\",\"contentUrl\":\"https:\/\/mekulo.com\/dk\/wp-content\/uploads\/sites\/12\/2025\/12\/favicon_mekulo.png\",\"width\":50,\"height\":50,\"caption\":\"Mekulo\"},\"image\":{\"@id\":\"https:\/\/mekulo.com\/dk\/#\/schema\/logo\/image\/\"}}]}<\/script>\n<!-- \/ Yoast SEO plugin. -->","yoast_head_json":{"title":"Bluetooth-sensorer til overv\u00e5gning af d\u00e6ktryk - Mekulo DK","robots":{"index":"index","follow":"follow","max-snippet":"max-snippet:-1","max-image-preview":"max-image-preview:large","max-video-preview":"max-video-preview:-1"},"canonical":"https:\/\/mekulo.com\/dk\/produkt\/bluetooth-sensorer-til-overvaagning-af-daektryk\/","og_locale":"da_DK","og_type":"article","og_title":"Bluetooth-sensorer til overv\u00e5gning af d\u00e6ktryk - Mekulo DK","og_description":"\ud83d\ude97Disse bluetooth-sensorer til overv\u00e5gning af d\u00e6ktryk sender n\u00f8jagtige tryk- og temperaturdata direkte til din telefon og hj\u00e6lper dig med at undg\u00e5 punkteringer, uj\u00e6vnt slid og br\u00e6ndstofspild. \ud83c\udfcd\ufe0fDesigned til daglig k\u00f8rsel eller lange ture, de holder dine d\u00e6k i perfekt stand med \u00f8jeblikkelige advarsler og p\u00e5lidelig ydeevne.","og_url":"https:\/\/mekulo.com\/dk\/produkt\/bluetooth-sensorer-til-overvaagning-af-daektryk\/","og_site_name":"Mekulo DK","article_modified_time":"2026-01-14T18:53:52+00:00","og_image":[{"width":713,"height":713,"url":"https:\/\/mekulo.com\/dk\/wp-content\/uploads\/sites\/12\/2026\/01\/e6zb7ol-1.webp","type":"image\/webp"}],"twitter_card":"summary_large_image","twitter_misc":{"Estimeret l\u00e6setid":"2 minutter"},"schema":{"@context":"https:\/\/schema.org","@graph":[{"@type":"WebPage","@id":"https:\/\/mekulo.com\/dk\/produkt\/bluetooth-sensorer-til-overvaagning-af-daektryk\/","url":"https:\/\/mekulo.com\/dk\/produkt\/bluetooth-sensorer-til-overvaagning-af-daektryk\/","name":"Bluetooth-sensorer til overv\u00e5gning af d\u00e6ktryk - Mekulo DK","isPartOf":{"@id":"https:\/\/mekulo.com\/dk\/#website"},"primaryImageOfPage":{"@id":"https:\/\/mekulo.com\/dk\/produkt\/bluetooth-sensorer-til-overvaagning-af-daektryk\/#primaryimage"},"image":{"@id":"https:\/\/mekulo.com\/dk\/produkt\/bluetooth-sensorer-til-overvaagning-af-daektryk\/#primaryimage"},"thumbnailUrl":"https:\/\/mekulo.com\/dk\/wp-content\/uploads\/sites\/12\/2026\/01\/e6zb7ol-1.webp","datePublished":"2026-01-13T17:09:40+00:00","dateModified":"2026-01-14T18:53:52+00:00","breadcrumb":{"@id":"https:\/\/mekulo.com\/dk\/produkt\/bluetooth-sensorer-til-overvaagning-af-daektryk\/#breadcrumb"},"inLanguage":"da-DK","potentialAction":[{"@type":"ReadAction","target":["https:\/\/mekulo.com\/dk\/produkt\/bluetooth-sensorer-til-overvaagning-af-daektryk\/"]}]},{"@type":"ImageObject","inLanguage":"da-DK","@id":"https:\/\/mekulo.com\/dk\/produkt\/bluetooth-sensorer-til-overvaagning-af-daektryk\/#primaryimage","url":"https:\/\/mekulo.com\/dk\/wp-content\/uploads\/sites\/12\/2026\/01\/e6zb7ol-1.webp","contentUrl":"https:\/\/mekulo.com\/dk\/wp-content\/uploads\/sites\/12\/2026\/01\/e6zb7ol-1.webp","width":713,"height":713},{"@type":"BreadcrumbList","@id":"https:\/\/mekulo.com\/dk\/produkt\/bluetooth-sensorer-til-overvaagning-af-daektryk\/#breadcrumb","itemListElement":[{"@type":"ListItem","position":1,"name":"Home","item":"https:\/\/mekulo.com\/dk\/"},{"@type":"ListItem","position":2,"name":"Butik","item":"https:\/\/mekulo.com\/dk\/butik\/"},{"@type":"ListItem","position":3,"name":"Bluetooth-sensorer til overv\u00e5gning af d\u00e6ktryk"}]},{"@type":"WebSite","@id":"https:\/\/mekulo.com\/dk\/#website","url":"https:\/\/mekulo.com\/dk\/","name":"Mekulo DK","description":"","publisher":{"@id":"https:\/\/mekulo.com\/dk\/#organization"},"potentialAction":[{"@type":"SearchAction","target":{"@type":"EntryPoint","urlTemplate":"https:\/\/mekulo.com\/dk\/?s={search_term_string}"},"query-input":{"@type":"PropertyValueSpecification","valueRequired":true,"valueName":"search_term_string"}}],"inLanguage":"da-DK"},{"@type":"Organization","@id":"https:\/\/mekulo.com\/dk\/#organization","name":"Mekulo","url":"https:\/\/mekulo.com\/dk\/","logo":{"@type":"ImageObject","inLanguage":"da-DK","@id":"https:\/\/mekulo.com\/dk\/#\/schema\/logo\/image\/","url":"https:\/\/mekulo.com\/dk\/wp-content\/uploads\/sites\/12\/2025\/12\/favicon_mekulo.png","contentUrl":"https:\/\/mekulo.com\/dk\/wp-content\/uploads\/sites\/12\/2025\/12\/favicon_mekulo.png","width":50,"height":50,"caption":"Mekulo"},"image":{"@id":"https:\/\/mekulo.com\/dk\/#\/schema\/logo\/image\/"}}]}},"_links":{"self":[{"href":"https:\/\/mekulo.com\/dk\/wp-json\/wp\/v2\/product\/17486","targetHints":{"allow":["GET"]}}],"collection":[{"href":"https:\/\/mekulo.com\/dk\/wp-json\/wp\/v2\/product"}],"about":[{"href":"https:\/\/mekulo.com\/dk\/wp-json\/wp\/v2\/types\/product"}],"replies":[{"embeddable":true,"href":"https:\/\/mekulo.com\/dk\/wp-json\/wp\/v2\/comments?post=17486"}],"wp:featuredmedia":[{"embeddable":true,"href":"https:\/\/mekulo.com\/dk\/wp-json\/wp\/v2\/media\/17482"}],"wp:attachment":[{"href":"https:\/\/mekulo.com\/dk\/wp-json\/wp\/v2\/media?parent=17486"}],"wp:term":[{"taxonomy":"product_brand","embeddable":true,"href":"https:\/\/mekulo.com\/dk\/wp-json\/wp\/v2\/product_brand?post=17486"},{"taxonomy":"product_cat","embeddable":true,"href":"https:\/\/mekulo.com\/dk\/wp-json\/wp\/v2\/product_cat?post=17486"},{"taxonomy":"product_tag","embeddable":true,"href":"https:\/\/mekulo.com\/dk\/wp-json\/wp\/v2\/product_tag?post=17486"}],"curies":[{"name":"wp","href":"https:\/\/api.w.org\/{rel}","templated":true}]}}