{"id":17467,"date":"2026-01-13T19:07:56","date_gmt":"2026-01-13T17:07:56","guid":{"rendered":"https:\/\/mekulo.com\/dk\/produkt\/justerbart-langt-skohorn\/"},"modified":"2026-01-14T20:51:13","modified_gmt":"2026-01-14T18:51:13","slug":"justerbart-langt-skohorn","status":"publish","type":"product","link":"https:\/\/mekulo.com\/dk\/produkt\/justerbart-langt-skohorn\/","title":{"rendered":"Justerbart langt skohorn"},"content":{"rendered":"<p style=\"text-align: center;\" data-start=\"0\" data-end=\"53\"><strong data-start=\"0\" data-end=\"53\">Det er nemt at tage sko p\u00e5 uden at b\u00f8je sig eller anstrenge sig. \ud83d\udc5f<\/strong><\/p>\n<p data-start=\"55\" data-end=\"304\"><img fetchpriority=\"high\" decoding=\"async\" class=\"size-full wp-image-19029 aligncenter\" src=\"https:\/\/mekulo.com\/template\/wp-content\/uploads\/sites\/6\/2026\/01\/spp_20250611183207_0ce89b361523a04b03f58c9da467e75f.jpg\" alt=\"\" width=\"1080\" height=\"1080\" \/><\/p>\n<h2 style=\"text-align: center;\" data-start=\"311\" data-end=\"330\"><strong>\u2b50 Vigtigste fordele<\/strong><\/h2>\n<p data-start=\"334\" data-end=\"403\">\ud83d\udc5f Ingen b\u00f8jning n\u00f8dvendig &#8211; Lang r\u00e6kkevidde g\u00f8r skobrug ubesv\u00e6ret.<\/p>\n<p data-start=\"406\" data-end=\"485\">\ud83d\udd01 3-i-1-design &#8211; Fungerer som skohorn, str\u00f8mpefjerner og p\u00e5kl\u00e6dningspind.<\/p>\n<p data-start=\"488\" data-end=\"563\">\ud83d\udccf Justerbar l\u00e6ngde &#8211; Kan forl\u00e6nges, s\u00e5 den passer til forskellige h\u00f8jder og positioner.<\/p>\n<p data-start=\"566\" data-end=\"636\">\u270b Ergonomisk greb &#8211; Komfortabelt, skridsikkert h\u00e5ndtag for nem kontrol.<\/p>\n<p data-start=\"639\" data-end=\"696\">\ud83e\uddf3 Let og b\u00e6rbar &#8211; Nem at opbevare og rejse med.<\/p>\n<p data-start=\"639\" data-end=\"696\"><img decoding=\"async\" class=\"size-full wp-image-19027 aligncenter\" src=\"https:\/\/mekulo.com\/template\/wp-content\/uploads\/sites\/6\/2026\/01\/spp_20250611183220_19b904c5e1f45b39e8d533c26941f52d-1.jpg\" alt=\"\" width=\"1080\" height=\"1080\" \/><\/p>\n<h2 style=\"text-align: center;\" data-start=\"703\" data-end=\"720\"><strong>\u25b6\ufe0f S\u00e5dan Bruges<\/strong><\/h2>\n<ol data-start=\"722\" data-end=\"949\">\n<li data-start=\"722\" data-end=\"770\">\n<p data-start=\"725\" data-end=\"770\">Juster h\u00e5ndtaget til din foretrukne l\u00e6ngde.<\/p>\n<\/li>\n<li data-start=\"771\" data-end=\"825\">\n<p data-start=\"774\" data-end=\"825\">Placer skohornet bag p\u00e5 skoen.<\/p>\n<\/li>\n<li data-start=\"826\" data-end=\"876\">\n<p data-start=\"829\" data-end=\"876\">Skub foden ind, mens du st\u00e5r eller sidder.<\/p>\n<\/li>\n<li data-start=\"877\" data-end=\"949\">\n<p data-start=\"880\" data-end=\"949\">Brug krogenden til at fjerne sokker eller hj\u00e6lpe med p\u00e5kl\u00e6dning, hvis det er n\u00f8dvendigt.<\/p>\n<\/li>\n<\/ol>\n<h2 style=\"text-align: center;\" data-start=\"956\" data-end=\"978\"><strong>\ud83d\udccf Produktdetaljer<\/strong><\/h2>\n<ul data-start=\"980\" data-end=\"1313\">\n<li data-start=\"1024\" data-end=\"1045\">\n<p data-start=\"1026\" data-end=\"1045\">Materiale: Plastik<\/p>\n<\/li>\n<li data-start=\"1046\" data-end=\"1088\">\n<p data-start=\"1048\" data-end=\"1088\">Total l\u00e6ngde: Ca. 88 cm<\/p>\n<\/li>\n<li data-start=\"1197\" data-end=\"1250\">\n<p data-start=\"1199\" data-end=\"1250\">Design: Skohorn + str\u00f8mpefjerner + p\u00e5kl\u00e6dningspind<\/p>\n<\/li>\n<li data-start=\"1251\" data-end=\"1313\">\n<p data-start=\"1253\" data-end=\"1313\">Velegnet til: Seniorer, gravide kvinder, mobilitetshj\u00e6lp<\/p>\n<\/li>\n<\/ul>\n<h2 style=\"text-align: center;\" data-start=\"1320\" data-end=\"1343\"><strong>\ud83d\udce6 Pakken indeholder<\/strong><\/h2>\n<ul data-start=\"1345\" data-end=\"1382\">\n<li data-start=\"1345\" data-end=\"1382\">\n<p data-start=\"1347\" data-end=\"1382\">1x justerbart langt skohorn.<\/p>\n<\/li>\n<\/ul>\n","protected":false},"excerpt":{"rendered":"<p>\ud83d\udc5eDette justerbare lange skohorn hj\u00e6lper dig med at tage skoene p\u00e5, mens du st\u00e5r eller sidder, uden at b\u00f8je dig ned.<br \/>\n\ud83e\udd30Det er designet til at st\u00f8tte \u00e6ldre, gravide og alle med begr\u00e6nset mobilitet, hvilket g\u00f8r den daglige p\u00e5kl\u00e6dning mere sikker og uafh\u00e6ngig.<br \/>\n<span style=\"font-size: 16px; font-style: normal; font-weight: 400;\">\ud83d\udc74<\/span>Et enkelt v\u00e6rkt\u00f8j, der genskaber komfort, uafh\u00e6ngighed og selvtillid i den daglige p\u00e5kl\u00e6dning.<\/p>\n","protected":false},"featured_media":17463,"comment_status":"open","ping_status":"closed","template":"","meta":{"site-sidebar-layout":"default","site-content-layout":"","ast-site-content-layout":"default","site-content-style":"default","site-sidebar-style":"default","ast-global-header-display":"","ast-banner-title-visibility":"","ast-main-header-display":"","ast-hfb-above-header-display":"","ast-hfb-below-header-display":"","ast-hfb-mobile-header-display":"","site-post-title":"","ast-breadcrumbs-content":"","ast-featured-img":"","footer-sml-layout":"","ast-disable-related-posts":"","theme-transparent-header-meta":"default","adv-header-id-meta":"","stick-header-meta":"","header-above-stick-meta":"","header-main-stick-meta":"","header-below-stick-meta":"","astra-migrate-meta-layouts":"set","ast-page-background-enabled":"default","ast-page-background-meta":{"desktop":{"background-color":"var(--ast-global-color-5)","background-image":"","background-repeat":"repeat","background-position":"center center","background-size":"auto","background-attachment":"scroll","background-type":"","background-media":"","overlay-type":"","overlay-color":"","overlay-opacity":"","overlay-gradient":""},"tablet":{"background-color":"","background-image":"","background-repeat":"repeat","background-position":"center center","background-size":"auto","background-attachment":"scroll","background-type":"","background-media":"","overlay-type":"","overlay-color":"","overlay-opacity":"","overlay-gradient":""},"mobile":{"background-color":"","background-image":"","background-repeat":"repeat","background-position":"center center","background-size":"auto","background-attachment":"scroll","background-type":"","background-media":"","overlay-type":"","overlay-color":"","overlay-opacity":"","overlay-gradient":""}},"ast-content-background-meta":{"desktop":{"background-color":"var(--ast-global-color-4)","background-image":"","background-repeat":"repeat","background-position":"center center","background-size":"auto","background-attachment":"scroll","background-type":"","background-media":"","overlay-type":"","overlay-color":"","overlay-opacity":"","overlay-gradient":""},"tablet":{"background-color":"var(--ast-global-color-4)","background-image":"","background-repeat":"repeat","background-position":"center center","background-size":"auto","background-attachment":"scroll","background-type":"","background-media":"","overlay-type":"","overlay-color":"","overlay-opacity":"","overlay-gradient":""},"mobile":{"background-color":"var(--ast-global-color-4)","background-image":"","background-repeat":"repeat","background-position":"center center","background-size":"auto","background-attachment":"scroll","background-type":"","background-media":"","overlay-type":"","overlay-color":"","overlay-opacity":"","overlay-gradient":""}}},"product_brand":[],"product_cat":[168,171],"product_tag":[],"class_list":{"0":"post-17467","1":"product","2":"type-product","3":"status-publish","4":"has-post-thumbnail","6":"product_cat-husholdningsartikler","7":"product_cat-vaerktoejer","8":"pa_66840_fjxh5oxm-hvid","9":"pa_66840_fjxh5oxm-hvid-blaa","10":"pa_66840_fjxh5oxm-hvid-sort","11":"pa_66840_fjxh5oxm-sort","12":"pa_66840_fjxh5oxm-sort-hvid","13":"desktop-align-left","14":"tablet-align-left","15":"mobile-align-left","17":"first","18":"instock","19":"shipping-taxable","20":"purchasable","21":"product-type-variable"},"yoast_head":"<!-- This site is optimized with the Yoast SEO plugin v27.4 - https:\/\/yoast.com\/product\/yoast-seo-wordpress\/ -->\n<title>Justerbart langt skohorn - Mekulo DK<\/title>\n<meta name=\"robots\" content=\"index, follow, max-snippet:-1, max-image-preview:large, max-video-preview:-1\" \/>\n<link rel=\"canonical\" href=\"https:\/\/mekulo.com\/dk\/produkt\/justerbart-langt-skohorn\/\" \/>\n<meta property=\"og:locale\" content=\"da_DK\" \/>\n<meta property=\"og:type\" content=\"article\" \/>\n<meta property=\"og:title\" content=\"Justerbart langt skohorn - Mekulo DK\" \/>\n<meta property=\"og:description\" content=\"\ud83d\udc5eDette justerbare lange skohorn hj\u00e6lper dig med at tage skoene p\u00e5, mens du st\u00e5r eller sidder, uden at b\u00f8je dig ned. \ud83e\udd30Det er designet til at st\u00f8tte \u00e6ldre, gravide og alle med begr\u00e6nset mobilitet, hvilket g\u00f8r den daglige p\u00e5kl\u00e6dning mere sikker og uafh\u00e6ngig. \ud83d\udc74Et enkelt v\u00e6rkt\u00f8j, der genskaber komfort, uafh\u00e6ngighed og selvtillid i den daglige p\u00e5kl\u00e6dning.\" \/>\n<meta property=\"og:url\" content=\"https:\/\/mekulo.com\/dk\/produkt\/justerbart-langt-skohorn\/\" \/>\n<meta property=\"og:site_name\" content=\"Mekulo DK\" \/>\n<meta property=\"article:modified_time\" content=\"2026-01-14T18:51:13+00:00\" \/>\n<meta property=\"og:image\" content=\"https:\/\/mekulo.com\/dk\/wp-content\/uploads\/sites\/12\/2026\/01\/zwg7mi0-1.webp\" \/>\n\t<meta property=\"og:image:width\" content=\"713\" \/>\n\t<meta property=\"og:image:height\" content=\"713\" \/>\n\t<meta property=\"og:image:type\" content=\"image\/webp\" \/>\n<meta name=\"twitter:card\" content=\"summary_large_image\" \/>\n<meta name=\"twitter:label1\" content=\"Estimeret l\u00e6setid\" \/>\n\t<meta name=\"twitter:data1\" content=\"2 minutter\" \/>\n<script type=\"application\/ld+json\" class=\"yoast-schema-graph\">{\"@context\":\"https:\\\/\\\/schema.org\",\"@graph\":[{\"@type\":\"WebPage\",\"@id\":\"https:\\\/\\\/mekulo.com\\\/dk\\\/produkt\\\/justerbart-langt-skohorn\\\/\",\"url\":\"https:\\\/\\\/mekulo.com\\\/dk\\\/produkt\\\/justerbart-langt-skohorn\\\/\",\"name\":\"Justerbart langt skohorn - Mekulo DK\",\"isPartOf\":{\"@id\":\"https:\\\/\\\/mekulo.com\\\/dk\\\/#website\"},\"primaryImageOfPage\":{\"@id\":\"https:\\\/\\\/mekulo.com\\\/dk\\\/produkt\\\/justerbart-langt-skohorn\\\/#primaryimage\"},\"image\":{\"@id\":\"https:\\\/\\\/mekulo.com\\\/dk\\\/produkt\\\/justerbart-langt-skohorn\\\/#primaryimage\"},\"thumbnailUrl\":\"https:\\\/\\\/mekulo.com\\\/dk\\\/wp-content\\\/uploads\\\/sites\\\/12\\\/2026\\\/01\\\/zwg7mi0-1.webp\",\"datePublished\":\"2026-01-13T17:07:56+00:00\",\"dateModified\":\"2026-01-14T18:51:13+00:00\",\"breadcrumb\":{\"@id\":\"https:\\\/\\\/mekulo.com\\\/dk\\\/produkt\\\/justerbart-langt-skohorn\\\/#breadcrumb\"},\"inLanguage\":\"da-DK\",\"potentialAction\":[{\"@type\":\"ReadAction\",\"target\":[\"https:\\\/\\\/mekulo.com\\\/dk\\\/produkt\\\/justerbart-langt-skohorn\\\/\"]}]},{\"@type\":\"ImageObject\",\"inLanguage\":\"da-DK\",\"@id\":\"https:\\\/\\\/mekulo.com\\\/dk\\\/produkt\\\/justerbart-langt-skohorn\\\/#primaryimage\",\"url\":\"https:\\\/\\\/mekulo.com\\\/dk\\\/wp-content\\\/uploads\\\/sites\\\/12\\\/2026\\\/01\\\/zwg7mi0-1.webp\",\"contentUrl\":\"https:\\\/\\\/mekulo.com\\\/dk\\\/wp-content\\\/uploads\\\/sites\\\/12\\\/2026\\\/01\\\/zwg7mi0-1.webp\",\"width\":713,\"height\":713},{\"@type\":\"BreadcrumbList\",\"@id\":\"https:\\\/\\\/mekulo.com\\\/dk\\\/produkt\\\/justerbart-langt-skohorn\\\/#breadcrumb\",\"itemListElement\":[{\"@type\":\"ListItem\",\"position\":1,\"name\":\"Home\",\"item\":\"https:\\\/\\\/mekulo.com\\\/dk\\\/\"},{\"@type\":\"ListItem\",\"position\":2,\"name\":\"Butik\",\"item\":\"https:\\\/\\\/mekulo.com\\\/dk\\\/butik\\\/\"},{\"@type\":\"ListItem\",\"position\":3,\"name\":\"Justerbart langt skohorn\"}]},{\"@type\":\"WebSite\",\"@id\":\"https:\\\/\\\/mekulo.com\\\/dk\\\/#website\",\"url\":\"https:\\\/\\\/mekulo.com\\\/dk\\\/\",\"name\":\"Mekulo DK\",\"description\":\"\",\"publisher\":{\"@id\":\"https:\\\/\\\/mekulo.com\\\/dk\\\/#organization\"},\"potentialAction\":[{\"@type\":\"SearchAction\",\"target\":{\"@type\":\"EntryPoint\",\"urlTemplate\":\"https:\\\/\\\/mekulo.com\\\/dk\\\/?s={search_term_string}\"},\"query-input\":{\"@type\":\"PropertyValueSpecification\",\"valueRequired\":true,\"valueName\":\"search_term_string\"}}],\"inLanguage\":\"da-DK\"},{\"@type\":\"Organization\",\"@id\":\"https:\\\/\\\/mekulo.com\\\/dk\\\/#organization\",\"name\":\"Mekulo\",\"url\":\"https:\\\/\\\/mekulo.com\\\/dk\\\/\",\"logo\":{\"@type\":\"ImageObject\",\"inLanguage\":\"da-DK\",\"@id\":\"https:\\\/\\\/mekulo.com\\\/dk\\\/#\\\/schema\\\/logo\\\/image\\\/\",\"url\":\"https:\\\/\\\/mekulo.com\\\/dk\\\/wp-content\\\/uploads\\\/sites\\\/12\\\/2025\\\/12\\\/favicon_mekulo.png\",\"contentUrl\":\"https:\\\/\\\/mekulo.com\\\/dk\\\/wp-content\\\/uploads\\\/sites\\\/12\\\/2025\\\/12\\\/favicon_mekulo.png\",\"width\":50,\"height\":50,\"caption\":\"Mekulo\"},\"image\":{\"@id\":\"https:\\\/\\\/mekulo.com\\\/dk\\\/#\\\/schema\\\/logo\\\/image\\\/\"}}]}<\/script>\n<!-- \/ Yoast SEO plugin. -->","yoast_head_json":{"title":"Justerbart langt skohorn - Mekulo DK","robots":{"index":"index","follow":"follow","max-snippet":"max-snippet:-1","max-image-preview":"max-image-preview:large","max-video-preview":"max-video-preview:-1"},"canonical":"https:\/\/mekulo.com\/dk\/produkt\/justerbart-langt-skohorn\/","og_locale":"da_DK","og_type":"article","og_title":"Justerbart langt skohorn - Mekulo DK","og_description":"\ud83d\udc5eDette justerbare lange skohorn hj\u00e6lper dig med at tage skoene p\u00e5, mens du st\u00e5r eller sidder, uden at b\u00f8je dig ned. \ud83e\udd30Det er designet til at st\u00f8tte \u00e6ldre, gravide og alle med begr\u00e6nset mobilitet, hvilket g\u00f8r den daglige p\u00e5kl\u00e6dning mere sikker og uafh\u00e6ngig. \ud83d\udc74Et enkelt v\u00e6rkt\u00f8j, der genskaber komfort, uafh\u00e6ngighed og selvtillid i den daglige p\u00e5kl\u00e6dning.","og_url":"https:\/\/mekulo.com\/dk\/produkt\/justerbart-langt-skohorn\/","og_site_name":"Mekulo DK","article_modified_time":"2026-01-14T18:51:13+00:00","og_image":[{"width":713,"height":713,"url":"https:\/\/mekulo.com\/dk\/wp-content\/uploads\/sites\/12\/2026\/01\/zwg7mi0-1.webp","type":"image\/webp"}],"twitter_card":"summary_large_image","twitter_misc":{"Estimeret l\u00e6setid":"2 minutter"},"schema":{"@context":"https:\/\/schema.org","@graph":[{"@type":"WebPage","@id":"https:\/\/mekulo.com\/dk\/produkt\/justerbart-langt-skohorn\/","url":"https:\/\/mekulo.com\/dk\/produkt\/justerbart-langt-skohorn\/","name":"Justerbart langt skohorn - Mekulo DK","isPartOf":{"@id":"https:\/\/mekulo.com\/dk\/#website"},"primaryImageOfPage":{"@id":"https:\/\/mekulo.com\/dk\/produkt\/justerbart-langt-skohorn\/#primaryimage"},"image":{"@id":"https:\/\/mekulo.com\/dk\/produkt\/justerbart-langt-skohorn\/#primaryimage"},"thumbnailUrl":"https:\/\/mekulo.com\/dk\/wp-content\/uploads\/sites\/12\/2026\/01\/zwg7mi0-1.webp","datePublished":"2026-01-13T17:07:56+00:00","dateModified":"2026-01-14T18:51:13+00:00","breadcrumb":{"@id":"https:\/\/mekulo.com\/dk\/produkt\/justerbart-langt-skohorn\/#breadcrumb"},"inLanguage":"da-DK","potentialAction":[{"@type":"ReadAction","target":["https:\/\/mekulo.com\/dk\/produkt\/justerbart-langt-skohorn\/"]}]},{"@type":"ImageObject","inLanguage":"da-DK","@id":"https:\/\/mekulo.com\/dk\/produkt\/justerbart-langt-skohorn\/#primaryimage","url":"https:\/\/mekulo.com\/dk\/wp-content\/uploads\/sites\/12\/2026\/01\/zwg7mi0-1.webp","contentUrl":"https:\/\/mekulo.com\/dk\/wp-content\/uploads\/sites\/12\/2026\/01\/zwg7mi0-1.webp","width":713,"height":713},{"@type":"BreadcrumbList","@id":"https:\/\/mekulo.com\/dk\/produkt\/justerbart-langt-skohorn\/#breadcrumb","itemListElement":[{"@type":"ListItem","position":1,"name":"Home","item":"https:\/\/mekulo.com\/dk\/"},{"@type":"ListItem","position":2,"name":"Butik","item":"https:\/\/mekulo.com\/dk\/butik\/"},{"@type":"ListItem","position":3,"name":"Justerbart langt skohorn"}]},{"@type":"WebSite","@id":"https:\/\/mekulo.com\/dk\/#website","url":"https:\/\/mekulo.com\/dk\/","name":"Mekulo DK","description":"","publisher":{"@id":"https:\/\/mekulo.com\/dk\/#organization"},"potentialAction":[{"@type":"SearchAction","target":{"@type":"EntryPoint","urlTemplate":"https:\/\/mekulo.com\/dk\/?s={search_term_string}"},"query-input":{"@type":"PropertyValueSpecification","valueRequired":true,"valueName":"search_term_string"}}],"inLanguage":"da-DK"},{"@type":"Organization","@id":"https:\/\/mekulo.com\/dk\/#organization","name":"Mekulo","url":"https:\/\/mekulo.com\/dk\/","logo":{"@type":"ImageObject","inLanguage":"da-DK","@id":"https:\/\/mekulo.com\/dk\/#\/schema\/logo\/image\/","url":"https:\/\/mekulo.com\/dk\/wp-content\/uploads\/sites\/12\/2025\/12\/favicon_mekulo.png","contentUrl":"https:\/\/mekulo.com\/dk\/wp-content\/uploads\/sites\/12\/2025\/12\/favicon_mekulo.png","width":50,"height":50,"caption":"Mekulo"},"image":{"@id":"https:\/\/mekulo.com\/dk\/#\/schema\/logo\/image\/"}}]}},"_links":{"self":[{"href":"https:\/\/mekulo.com\/dk\/wp-json\/wp\/v2\/product\/17467","targetHints":{"allow":["GET"]}}],"collection":[{"href":"https:\/\/mekulo.com\/dk\/wp-json\/wp\/v2\/product"}],"about":[{"href":"https:\/\/mekulo.com\/dk\/wp-json\/wp\/v2\/types\/product"}],"replies":[{"embeddable":true,"href":"https:\/\/mekulo.com\/dk\/wp-json\/wp\/v2\/comments?post=17467"}],"wp:featuredmedia":[{"embeddable":true,"href":"https:\/\/mekulo.com\/dk\/wp-json\/wp\/v2\/media\/17463"}],"wp:attachment":[{"href":"https:\/\/mekulo.com\/dk\/wp-json\/wp\/v2\/media?parent=17467"}],"wp:term":[{"taxonomy":"product_brand","embeddable":true,"href":"https:\/\/mekulo.com\/dk\/wp-json\/wp\/v2\/product_brand?post=17467"},{"taxonomy":"product_cat","embeddable":true,"href":"https:\/\/mekulo.com\/dk\/wp-json\/wp\/v2\/product_cat?post=17467"},{"taxonomy":"product_tag","embeddable":true,"href":"https:\/\/mekulo.com\/dk\/wp-json\/wp\/v2\/product_tag?post=17467"}],"curies":[{"name":"wp","href":"https:\/\/api.w.org\/{rel}","templated":true}]}}