{"id":17457,"date":"2026-01-13T19:06:37","date_gmt":"2026-01-13T17:06:37","guid":{"rendered":"https:\/\/mekulo.com\/dk\/produkt\/interaktiv-foderautomat-til-hunde\/"},"modified":"2026-01-14T20:49:29","modified_gmt":"2026-01-14T18:49:29","slug":"interaktiv-foderautomat-til-hunde","status":"publish","type":"product","link":"https:\/\/mekulo.com\/dk\/produkt\/interaktiv-foderautomat-til-hunde\/","title":{"rendered":"Interaktiv foderautomat til hunde"},"content":{"rendered":"<p style=\"text-align: center;\" data-start=\"0\" data-end=\"67\"><strong data-start=\"0\" data-end=\"67\">G\u00f8r M\u00e5ltidet Til Et Sjovt Spil Med Langsom Fodring, Som Din Hund Vil Elske. \ud83d\udc15<\/strong><\/p>\n<p data-start=\"0\" data-end=\"67\"><img fetchpriority=\"high\" decoding=\"async\" class=\"size-full wp-image-19021 aligncenter\" src=\"https:\/\/mekulo.com\/template\/wp-content\/uploads\/sites\/6\/2026\/01\/S62b6b7a6b1314372a096488e628f8b5bG.jpg_960x960q75.jpg_.avif\" alt=\"\" width=\"960\" height=\"960\" \/><\/p>\n<h2 style=\"text-align: center;\" data-start=\"317\" data-end=\"337\"><strong>\ud83d\udc36 Vigtigste fordele<\/strong><\/h2>\n<p data-start=\"341\" data-end=\"410\">\ud83e\udde0 Mental stimulering &#8211; Opmuntrer til t\u00e6nkning og probleml\u00f8sning.<\/p>\n<p data-start=\"413\" data-end=\"479\">\ud83c\udf7d\ufe0f Langsomt fodringsdesign &#8211; Hj\u00e6lper med at forhindre kv\u00e6lning og oppustethed.<\/p>\n<p data-start=\"482\" data-end=\"552\">\ud83e\udd86 Interaktiv leg &#8211; Godbidder, der kan trykkes ud, holder hunden engageret.<\/p>\n<p data-start=\"555\" data-end=\"622\">\ud83d\udee1\ufe0f Sikker og holdbar &#8211; Lavet af f\u00f8devaregodkendt, tyggefast ABS.<\/p>\n<p data-start=\"625\" data-end=\"687\">\ud83d\udd04 Justerbare foderudtag &#8211; Passer til forskellige foderst\u00f8rrelser.<\/p>\n<p data-start=\"690\" data-end=\"751\">\ud83e\uddf2 Skridsikker bund &#8211; St\u00e5r stabilt under leg og fodring.<\/p>\n<p data-start=\"690\" data-end=\"751\"><img decoding=\"async\" class=\"size-full wp-image-19018 aligncenter\" src=\"https:\/\/mekulo.com\/template\/wp-content\/uploads\/sites\/6\/2026\/01\/spp_20250310141302_7367dd216c56150b08f2c0f74e24734e.jpg\" alt=\"\" width=\"1080\" height=\"1080\" \/><\/p>\n<h2 style=\"text-align: center;\" data-start=\"758\" data-end=\"775\"><strong>\u25b6\ufe0f S\u00e5dan Bruges<\/strong><\/h2>\n<ol data-start=\"777\" data-end=\"995\">\n<li data-start=\"777\" data-end=\"836\">\n<p data-start=\"780\" data-end=\"836\">\u00c5bn foderautomaten, og l\u00e6g t\u00f8rfoder eller godbidder i.<\/p>\n<\/li>\n<li data-start=\"837\" data-end=\"897\">\n<p data-start=\"840\" data-end=\"897\">Juster st\u00f8rrelsen p\u00e5 foderudl\u00f8bet baseret p\u00e5 din hunds foder.<\/p>\n<\/li>\n<li data-start=\"898\" data-end=\"938\">\n<p data-start=\"901\" data-end=\"938\">Placer foderautomaten p\u00e5 en plan overflade.<\/p>\n<\/li>\n<li data-start=\"939\" data-end=\"995\">\n<p data-start=\"942\" data-end=\"995\">Lad din hund trykke og lege for at frig\u00f8re maden langsomt.<\/p>\n<\/li>\n<\/ol>\n<h2 style=\"text-align: center;\" data-start=\"1002\" data-end=\"1024\"><strong>\ud83d\udccf Produktdetaljer<\/strong><\/h2>\n<ul data-start=\"1026\" data-end=\"1359\">\n<li data-start=\"1074\" data-end=\"1110\">\n<p data-start=\"1076\" data-end=\"1110\">Materiale: ABS-plast af f\u00f8devarekvalitet<\/p>\n<\/li>\n<li data-start=\"1111\" data-end=\"1153\">\n<p data-start=\"1113\" data-end=\"1153\">Design: Andformet interaktiv foderautomat<\/p>\n<\/li>\n<li data-start=\"1154\" data-end=\"1201\">\n<p data-start=\"1156\" data-end=\"1201\">Madudtagsst\u00f8rrelser: 8-10 mm, 11-13 mm, 15-18 mm<\/p>\n<\/li>\n<li data-start=\"1202\" data-end=\"1256\">\n<p data-start=\"1204\" data-end=\"1256\">Funktion: Langsom foderautomat, puslespil, godbiddispenser<\/p>\n<\/li>\n<li data-start=\"1257\" data-end=\"1282\">\n<p data-start=\"1259\" data-end=\"1282\">Base: Skridsikkert design<\/p>\n<\/li>\n<li data-start=\"1283\" data-end=\"1311\">\n<p data-start=\"1285\" data-end=\"1311\">Reng\u00f8ring: Fuldt vaskbar<\/p>\n<\/li>\n<li data-start=\"1312\" data-end=\"1359\">\n<p data-start=\"1314\" data-end=\"1359\">Velegnet til: Sm\u00e5, mellemstore og store hunde<\/p>\n<\/li>\n<li data-start=\"1312\" data-end=\"1359\">St\u00f8rrelse: 22 x 14 cm<\/li>\n<\/ul>\n<h2 style=\"text-align: center;\" data-start=\"1366\" data-end=\"1389\"><strong>\ud83d\udce6 Pakken indeholder<\/strong><\/h2>\n<ul data-start=\"1391\" data-end=\"1428\">\n<li data-start=\"1391\" data-end=\"1428\">\n<p data-start=\"1393\" data-end=\"1428\">1x interaktiv hundefoderautomat.<\/p>\n<\/li>\n<\/ul>\n","protected":false},"excerpt":{"rendered":"<p><span style=\"font-size: 16px; font-style: normal; font-weight: 400;\">\ud83d\udc3e<\/span>Denne interaktive foderautomat kombinerer leg og fodring for at holde din hund mentalt engageret, mens den hj\u00e6lper den med at spise langsommere og sundere.<br \/>\n\ud83d\udc36Den frigiver mad gennem interaktive handlinger, hvilket reducerer kedsomhed, destruktiv adf\u00e6rd og hurtig spisning.<br \/>\n\ud83e\uddb4En smart m\u00e5de at fodre, tr\u00e6ne og underholde din hund p\u00e5 &#8211; alt sammen i \u00e9t sjovt stykke leget\u00f8j.<\/p>\n","protected":false},"featured_media":17453,"comment_status":"open","ping_status":"closed","template":"","meta":{"site-sidebar-layout":"default","site-content-layout":"","ast-site-content-layout":"default","site-content-style":"default","site-sidebar-style":"default","ast-global-header-display":"","ast-banner-title-visibility":"","ast-main-header-display":"","ast-hfb-above-header-display":"","ast-hfb-below-header-display":"","ast-hfb-mobile-header-display":"","site-post-title":"","ast-breadcrumbs-content":"","ast-featured-img":"","footer-sml-layout":"","ast-disable-related-posts":"","theme-transparent-header-meta":"default","adv-header-id-meta":"","stick-header-meta":"","header-above-stick-meta":"","header-main-stick-meta":"","header-below-stick-meta":"","astra-migrate-meta-layouts":"set","ast-page-background-enabled":"default","ast-page-background-meta":{"desktop":{"background-color":"var(--ast-global-color-5)","background-image":"","background-repeat":"repeat","background-position":"center center","background-size":"auto","background-attachment":"scroll","background-type":"","background-media":"","overlay-type":"","overlay-color":"","overlay-opacity":"","overlay-gradient":""},"tablet":{"background-color":"","background-image":"","background-repeat":"repeat","background-position":"center center","background-size":"auto","background-attachment":"scroll","background-type":"","background-media":"","overlay-type":"","overlay-color":"","overlay-opacity":"","overlay-gradient":""},"mobile":{"background-color":"","background-image":"","background-repeat":"repeat","background-position":"center center","background-size":"auto","background-attachment":"scroll","background-type":"","background-media":"","overlay-type":"","overlay-color":"","overlay-opacity":"","overlay-gradient":""}},"ast-content-background-meta":{"desktop":{"background-color":"var(--ast-global-color-4)","background-image":"","background-repeat":"repeat","background-position":"center center","background-size":"auto","background-attachment":"scroll","background-type":"","background-media":"","overlay-type":"","overlay-color":"","overlay-opacity":"","overlay-gradient":""},"tablet":{"background-color":"var(--ast-global-color-4)","background-image":"","background-repeat":"repeat","background-position":"center center","background-size":"auto","background-attachment":"scroll","background-type":"","background-media":"","overlay-type":"","overlay-color":"","overlay-opacity":"","overlay-gradient":""},"mobile":{"background-color":"var(--ast-global-color-4)","background-image":"","background-repeat":"repeat","background-position":"center center","background-size":"auto","background-attachment":"scroll","background-type":"","background-media":"","overlay-type":"","overlay-color":"","overlay-opacity":"","overlay-gradient":""}}},"product_brand":[],"product_cat":[169],"product_tag":[],"class_list":{"0":"post-17457","1":"product","2":"type-product","3":"status-publish","4":"has-post-thumbnail","6":"product_cat-kaeledyrsprodukter","7":"desktop-align-left","8":"tablet-align-left","9":"mobile-align-left","11":"first","12":"instock","13":"shipping-taxable","14":"purchasable","15":"product-type-simple"},"yoast_head":"<!-- This site is optimized with the Yoast SEO plugin v27.4 - https:\/\/yoast.com\/product\/yoast-seo-wordpress\/ -->\n<title>Interaktiv foderautomat til hunde - Mekulo DK<\/title>\n<meta name=\"robots\" content=\"index, follow, max-snippet:-1, max-image-preview:large, max-video-preview:-1\" \/>\n<link rel=\"canonical\" href=\"https:\/\/mekulo.com\/dk\/produkt\/interaktiv-foderautomat-til-hunde\/\" \/>\n<meta property=\"og:locale\" content=\"da_DK\" \/>\n<meta property=\"og:type\" content=\"article\" \/>\n<meta property=\"og:title\" content=\"Interaktiv foderautomat til hunde - Mekulo DK\" \/>\n<meta property=\"og:description\" content=\"\ud83d\udc3eDenne interaktive foderautomat kombinerer leg og fodring for at holde din hund mentalt engageret, mens den hj\u00e6lper den med at spise langsommere og sundere. \ud83d\udc36Den frigiver mad gennem interaktive handlinger, hvilket reducerer kedsomhed, destruktiv adf\u00e6rd og hurtig spisning. \ud83e\uddb4En smart m\u00e5de at fodre, tr\u00e6ne og underholde din hund p\u00e5 - alt sammen i \u00e9t sjovt stykke leget\u00f8j.\" \/>\n<meta property=\"og:url\" content=\"https:\/\/mekulo.com\/dk\/produkt\/interaktiv-foderautomat-til-hunde\/\" \/>\n<meta property=\"og:site_name\" content=\"Mekulo DK\" \/>\n<meta property=\"article:modified_time\" content=\"2026-01-14T18:49:29+00:00\" \/>\n<meta property=\"og:image\" content=\"https:\/\/mekulo.com\/dk\/wp-content\/uploads\/sites\/12\/2026\/01\/vp53jcx-1.jpg\" \/>\n\t<meta property=\"og:image:width\" content=\"800\" \/>\n\t<meta property=\"og:image:height\" content=\"800\" \/>\n\t<meta property=\"og:image:type\" content=\"image\/jpeg\" \/>\n<meta name=\"twitter:card\" content=\"summary_large_image\" \/>\n<meta name=\"twitter:label1\" content=\"Estimeret l\u00e6setid\" \/>\n\t<meta name=\"twitter:data1\" content=\"2 minutter\" \/>\n<script type=\"application\/ld+json\" class=\"yoast-schema-graph\">{\"@context\":\"https:\\\/\\\/schema.org\",\"@graph\":[{\"@type\":\"WebPage\",\"@id\":\"https:\\\/\\\/mekulo.com\\\/dk\\\/produkt\\\/interaktiv-foderautomat-til-hunde\\\/\",\"url\":\"https:\\\/\\\/mekulo.com\\\/dk\\\/produkt\\\/interaktiv-foderautomat-til-hunde\\\/\",\"name\":\"Interaktiv foderautomat til hunde - Mekulo DK\",\"isPartOf\":{\"@id\":\"https:\\\/\\\/mekulo.com\\\/dk\\\/#website\"},\"primaryImageOfPage\":{\"@id\":\"https:\\\/\\\/mekulo.com\\\/dk\\\/produkt\\\/interaktiv-foderautomat-til-hunde\\\/#primaryimage\"},\"image\":{\"@id\":\"https:\\\/\\\/mekulo.com\\\/dk\\\/produkt\\\/interaktiv-foderautomat-til-hunde\\\/#primaryimage\"},\"thumbnailUrl\":\"https:\\\/\\\/mekulo.com\\\/dk\\\/wp-content\\\/uploads\\\/sites\\\/12\\\/2026\\\/01\\\/vp53jcx-1.jpg\",\"datePublished\":\"2026-01-13T17:06:37+00:00\",\"dateModified\":\"2026-01-14T18:49:29+00:00\",\"breadcrumb\":{\"@id\":\"https:\\\/\\\/mekulo.com\\\/dk\\\/produkt\\\/interaktiv-foderautomat-til-hunde\\\/#breadcrumb\"},\"inLanguage\":\"da-DK\",\"potentialAction\":[{\"@type\":\"ReadAction\",\"target\":[\"https:\\\/\\\/mekulo.com\\\/dk\\\/produkt\\\/interaktiv-foderautomat-til-hunde\\\/\"]}]},{\"@type\":\"ImageObject\",\"inLanguage\":\"da-DK\",\"@id\":\"https:\\\/\\\/mekulo.com\\\/dk\\\/produkt\\\/interaktiv-foderautomat-til-hunde\\\/#primaryimage\",\"url\":\"https:\\\/\\\/mekulo.com\\\/dk\\\/wp-content\\\/uploads\\\/sites\\\/12\\\/2026\\\/01\\\/vp53jcx-1.jpg\",\"contentUrl\":\"https:\\\/\\\/mekulo.com\\\/dk\\\/wp-content\\\/uploads\\\/sites\\\/12\\\/2026\\\/01\\\/vp53jcx-1.jpg\",\"width\":800,\"height\":800},{\"@type\":\"BreadcrumbList\",\"@id\":\"https:\\\/\\\/mekulo.com\\\/dk\\\/produkt\\\/interaktiv-foderautomat-til-hunde\\\/#breadcrumb\",\"itemListElement\":[{\"@type\":\"ListItem\",\"position\":1,\"name\":\"Home\",\"item\":\"https:\\\/\\\/mekulo.com\\\/dk\\\/\"},{\"@type\":\"ListItem\",\"position\":2,\"name\":\"Butik\",\"item\":\"https:\\\/\\\/mekulo.com\\\/dk\\\/butik\\\/\"},{\"@type\":\"ListItem\",\"position\":3,\"name\":\"Interaktiv foderautomat til hunde\"}]},{\"@type\":\"WebSite\",\"@id\":\"https:\\\/\\\/mekulo.com\\\/dk\\\/#website\",\"url\":\"https:\\\/\\\/mekulo.com\\\/dk\\\/\",\"name\":\"Mekulo DK\",\"description\":\"\",\"publisher\":{\"@id\":\"https:\\\/\\\/mekulo.com\\\/dk\\\/#organization\"},\"potentialAction\":[{\"@type\":\"SearchAction\",\"target\":{\"@type\":\"EntryPoint\",\"urlTemplate\":\"https:\\\/\\\/mekulo.com\\\/dk\\\/?s={search_term_string}\"},\"query-input\":{\"@type\":\"PropertyValueSpecification\",\"valueRequired\":true,\"valueName\":\"search_term_string\"}}],\"inLanguage\":\"da-DK\"},{\"@type\":\"Organization\",\"@id\":\"https:\\\/\\\/mekulo.com\\\/dk\\\/#organization\",\"name\":\"Mekulo\",\"url\":\"https:\\\/\\\/mekulo.com\\\/dk\\\/\",\"logo\":{\"@type\":\"ImageObject\",\"inLanguage\":\"da-DK\",\"@id\":\"https:\\\/\\\/mekulo.com\\\/dk\\\/#\\\/schema\\\/logo\\\/image\\\/\",\"url\":\"https:\\\/\\\/mekulo.com\\\/dk\\\/wp-content\\\/uploads\\\/sites\\\/12\\\/2025\\\/12\\\/favicon_mekulo.png\",\"contentUrl\":\"https:\\\/\\\/mekulo.com\\\/dk\\\/wp-content\\\/uploads\\\/sites\\\/12\\\/2025\\\/12\\\/favicon_mekulo.png\",\"width\":50,\"height\":50,\"caption\":\"Mekulo\"},\"image\":{\"@id\":\"https:\\\/\\\/mekulo.com\\\/dk\\\/#\\\/schema\\\/logo\\\/image\\\/\"}}]}<\/script>\n<!-- \/ Yoast SEO plugin. -->","yoast_head_json":{"title":"Interaktiv foderautomat til hunde - Mekulo DK","robots":{"index":"index","follow":"follow","max-snippet":"max-snippet:-1","max-image-preview":"max-image-preview:large","max-video-preview":"max-video-preview:-1"},"canonical":"https:\/\/mekulo.com\/dk\/produkt\/interaktiv-foderautomat-til-hunde\/","og_locale":"da_DK","og_type":"article","og_title":"Interaktiv foderautomat til hunde - Mekulo DK","og_description":"\ud83d\udc3eDenne interaktive foderautomat kombinerer leg og fodring for at holde din hund mentalt engageret, mens den hj\u00e6lper den med at spise langsommere og sundere. \ud83d\udc36Den frigiver mad gennem interaktive handlinger, hvilket reducerer kedsomhed, destruktiv adf\u00e6rd og hurtig spisning. \ud83e\uddb4En smart m\u00e5de at fodre, tr\u00e6ne og underholde din hund p\u00e5 - alt sammen i \u00e9t sjovt stykke leget\u00f8j.","og_url":"https:\/\/mekulo.com\/dk\/produkt\/interaktiv-foderautomat-til-hunde\/","og_site_name":"Mekulo DK","article_modified_time":"2026-01-14T18:49:29+00:00","og_image":[{"width":800,"height":800,"url":"https:\/\/mekulo.com\/dk\/wp-content\/uploads\/sites\/12\/2026\/01\/vp53jcx-1.jpg","type":"image\/jpeg"}],"twitter_card":"summary_large_image","twitter_misc":{"Estimeret l\u00e6setid":"2 minutter"},"schema":{"@context":"https:\/\/schema.org","@graph":[{"@type":"WebPage","@id":"https:\/\/mekulo.com\/dk\/produkt\/interaktiv-foderautomat-til-hunde\/","url":"https:\/\/mekulo.com\/dk\/produkt\/interaktiv-foderautomat-til-hunde\/","name":"Interaktiv foderautomat til hunde - Mekulo DK","isPartOf":{"@id":"https:\/\/mekulo.com\/dk\/#website"},"primaryImageOfPage":{"@id":"https:\/\/mekulo.com\/dk\/produkt\/interaktiv-foderautomat-til-hunde\/#primaryimage"},"image":{"@id":"https:\/\/mekulo.com\/dk\/produkt\/interaktiv-foderautomat-til-hunde\/#primaryimage"},"thumbnailUrl":"https:\/\/mekulo.com\/dk\/wp-content\/uploads\/sites\/12\/2026\/01\/vp53jcx-1.jpg","datePublished":"2026-01-13T17:06:37+00:00","dateModified":"2026-01-14T18:49:29+00:00","breadcrumb":{"@id":"https:\/\/mekulo.com\/dk\/produkt\/interaktiv-foderautomat-til-hunde\/#breadcrumb"},"inLanguage":"da-DK","potentialAction":[{"@type":"ReadAction","target":["https:\/\/mekulo.com\/dk\/produkt\/interaktiv-foderautomat-til-hunde\/"]}]},{"@type":"ImageObject","inLanguage":"da-DK","@id":"https:\/\/mekulo.com\/dk\/produkt\/interaktiv-foderautomat-til-hunde\/#primaryimage","url":"https:\/\/mekulo.com\/dk\/wp-content\/uploads\/sites\/12\/2026\/01\/vp53jcx-1.jpg","contentUrl":"https:\/\/mekulo.com\/dk\/wp-content\/uploads\/sites\/12\/2026\/01\/vp53jcx-1.jpg","width":800,"height":800},{"@type":"BreadcrumbList","@id":"https:\/\/mekulo.com\/dk\/produkt\/interaktiv-foderautomat-til-hunde\/#breadcrumb","itemListElement":[{"@type":"ListItem","position":1,"name":"Home","item":"https:\/\/mekulo.com\/dk\/"},{"@type":"ListItem","position":2,"name":"Butik","item":"https:\/\/mekulo.com\/dk\/butik\/"},{"@type":"ListItem","position":3,"name":"Interaktiv foderautomat til hunde"}]},{"@type":"WebSite","@id":"https:\/\/mekulo.com\/dk\/#website","url":"https:\/\/mekulo.com\/dk\/","name":"Mekulo DK","description":"","publisher":{"@id":"https:\/\/mekulo.com\/dk\/#organization"},"potentialAction":[{"@type":"SearchAction","target":{"@type":"EntryPoint","urlTemplate":"https:\/\/mekulo.com\/dk\/?s={search_term_string}"},"query-input":{"@type":"PropertyValueSpecification","valueRequired":true,"valueName":"search_term_string"}}],"inLanguage":"da-DK"},{"@type":"Organization","@id":"https:\/\/mekulo.com\/dk\/#organization","name":"Mekulo","url":"https:\/\/mekulo.com\/dk\/","logo":{"@type":"ImageObject","inLanguage":"da-DK","@id":"https:\/\/mekulo.com\/dk\/#\/schema\/logo\/image\/","url":"https:\/\/mekulo.com\/dk\/wp-content\/uploads\/sites\/12\/2025\/12\/favicon_mekulo.png","contentUrl":"https:\/\/mekulo.com\/dk\/wp-content\/uploads\/sites\/12\/2025\/12\/favicon_mekulo.png","width":50,"height":50,"caption":"Mekulo"},"image":{"@id":"https:\/\/mekulo.com\/dk\/#\/schema\/logo\/image\/"}}]}},"_links":{"self":[{"href":"https:\/\/mekulo.com\/dk\/wp-json\/wp\/v2\/product\/17457","targetHints":{"allow":["GET"]}}],"collection":[{"href":"https:\/\/mekulo.com\/dk\/wp-json\/wp\/v2\/product"}],"about":[{"href":"https:\/\/mekulo.com\/dk\/wp-json\/wp\/v2\/types\/product"}],"replies":[{"embeddable":true,"href":"https:\/\/mekulo.com\/dk\/wp-json\/wp\/v2\/comments?post=17457"}],"wp:featuredmedia":[{"embeddable":true,"href":"https:\/\/mekulo.com\/dk\/wp-json\/wp\/v2\/media\/17453"}],"wp:attachment":[{"href":"https:\/\/mekulo.com\/dk\/wp-json\/wp\/v2\/media?parent=17457"}],"wp:term":[{"taxonomy":"product_brand","embeddable":true,"href":"https:\/\/mekulo.com\/dk\/wp-json\/wp\/v2\/product_brand?post=17457"},{"taxonomy":"product_cat","embeddable":true,"href":"https:\/\/mekulo.com\/dk\/wp-json\/wp\/v2\/product_cat?post=17457"},{"taxonomy":"product_tag","embeddable":true,"href":"https:\/\/mekulo.com\/dk\/wp-json\/wp\/v2\/product_tag?post=17457"}],"curies":[{"name":"wp","href":"https:\/\/api.w.org\/{rel}","templated":true}]}}