{"id":17414,"date":"2026-01-13T19:02:28","date_gmt":"2026-01-13T17:02:28","guid":{"rendered":"https:\/\/mekulo.com\/dk\/produkt\/5-hjuls-rullende-knaelepude\/"},"modified":"2026-01-14T20:42:53","modified_gmt":"2026-01-14T18:42:53","slug":"5-hjuls-rullende-knaelepude","status":"publish","type":"product","link":"https:\/\/mekulo.com\/dk\/produkt\/5-hjuls-rullende-knaelepude\/","title":{"rendered":"5-hjuls rullende kn\u00e6lepude"},"content":{"rendered":"<p style=\"text-align: center;\" data-start=\"0\" data-end=\"93\"><strong data-start=\"0\" data-end=\"93\">Beskyt dine kn\u00e6, og bev\u00e6g dig frit, mens du arbejder, med j\u00e6vn, ubesv\u00e6ret rullest\u00f8tte. \ud83d\udd27<\/strong><\/p>\n<p data-start=\"0\" data-end=\"93\"><img fetchpriority=\"high\" decoding=\"async\" class=\"size-full wp-image-18978 aligncenter\" src=\"https:\/\/mekulo.com\/template\/wp-content\/uploads\/sites\/6\/2026\/01\/S11aae0e01b9545a19483392c3ec4ac31i.jpeg_960x960q75.jpeg_.avif\" alt=\"\" width=\"960\" height=\"960\" \/><\/p>\n<h2 style=\"text-align: center;\" data-start=\"363\" data-end=\"384\">Vigtigste fordele<\/h2>\n<p data-start=\"388\" data-end=\"468\">\ud83d\udede 360\u00b0 rullende hjul &#8211; Fem drejelige hjul bev\u00e6ger sig j\u00e6vnt i alle retninger.<\/p>\n<p data-start=\"471\" data-end=\"551\">\ud83e\uddb5 Kn\u00e6beskyttelsespude &#8211; Tyk polstring reducerer tryk og ubehag.<\/p>\n<p data-start=\"554\" data-end=\"621\">\ud83e\uddf1 St\u00e6rk PE-ramme &#8211; St\u00f8dsikker og bygget til tung brug.<\/p>\n<p data-start=\"624\" data-end=\"704\">\ud83d\udd27 Stabil arbejdsposition &#8211; Hold dig afbalanceret uden at kravle p\u00e5 h\u00e5rde gulve.<\/p>\n<p data-start=\"707\" data-end=\"792\">\ud83c\udfe0 Perfekt til garage og hjemmebrug &#8211; Ideel til reparationer, reng\u00f8ring og vedligeholdelse.<\/p>\n<p data-start=\"707\" data-end=\"792\"><img decoding=\"async\" class=\"size-full wp-image-18975 aligncenter\" src=\"https:\/\/mekulo.com\/template\/wp-content\/uploads\/sites\/6\/2026\/01\/spp_20250701110634_6ff9b42ac50173c4ee06ecb1d95c7eb2.jpg\" alt=\"\" width=\"1080\" height=\"1080\" \/><\/p>\n<h2 style=\"text-align: center;\" data-start=\"799\" data-end=\"816\"><strong>S\u00e5dan Bruges<\/strong><\/h2>\n<ol data-start=\"818\" data-end=\"1012\">\n<li data-start=\"818\" data-end=\"868\">\n<p data-start=\"821\" data-end=\"868\">Placer kn\u00e6lepuden p\u00e5 en flad overflade.<\/p>\n<\/li>\n<li data-start=\"869\" data-end=\"911\">\n<p data-start=\"872\" data-end=\"911\">Kn\u00e6l komfortabelt p\u00e5 det polstrede omr\u00e5de.<\/p>\n<\/li>\n<li data-start=\"912\" data-end=\"961\">\n<p data-start=\"915\" data-end=\"961\">Skub forsigtigt for at rulle til den \u00f8nskede position.<\/p>\n<\/li>\n<li data-start=\"962\" data-end=\"1012\">\n<p data-start=\"965\" data-end=\"1012\">Glid mellem arbejdsomr\u00e5der uden at rejse dig.<\/p>\n<\/li>\n<\/ol>\n<h2 style=\"text-align: center;\" data-start=\"1019\" data-end=\"1041\"><strong>Produktdetaljer<\/strong><\/h2>\n<ul data-start=\"1043\" data-end=\"1294\">\n<li data-start=\"1137\" data-end=\"1180\">\n<p data-start=\"1139\" data-end=\"1180\">Materiale: PE (slagfast plast)<\/p>\n<\/li>\n<li data-start=\"1181\" data-end=\"1216\">\n<p data-start=\"1183\" data-end=\"1216\">Hjuldesign: 5 roterende hjul<\/p>\n<\/li>\n<li data-start=\"1253\" data-end=\"1275\">\n<p data-start=\"1255\" data-end=\"1275\">Passende: Universal<\/p>\n<\/li>\n<li data-start=\"1276\" data-end=\"1294\">\n<p data-start=\"1278\" data-end=\"1294\">St\u00f8rrelse: 50 x 37 x 25 cm<\/p>\n<\/li>\n<\/ul>\n<h2 style=\"text-align: center;\" data-start=\"1301\" data-end=\"1324\"><strong>Pakken indeholder<\/strong><\/h2>\n<ul data-start=\"1326\" data-end=\"1366\">\n<li data-start=\"1326\" data-end=\"1366\">\n<p data-start=\"1328\" data-end=\"1366\">1x 5-hjuls rullende kn\u00e6pude.<\/p>\n<\/li>\n<\/ul>\n","protected":false},"excerpt":{"rendered":"<p>\ud83d\udefcDenne rullende kn\u00e6pude med 5 hjul lader dig glide let hen over gulve, mens du er komfortabel og beskyttet.<br \/>\n\ud83e\uddb5Designet til reparationer, detailarbejde og vedligeholdelse, den reducerer belastningen af kn\u00e6ene og sparer tid ved at lade dig bev\u00e6ge dig smidigt fra et sted til et andet.<br \/>\n\ud83e\uddd1\u200d\ud83c\udfedA praktisk l\u00f8sning, der beskytter dine kn\u00e6, \u00f8ger mobiliteten og g\u00f8r ethvert reparationsjob mere behageligt.<\/p>\n","protected":false},"featured_media":17410,"comment_status":"open","ping_status":"closed","template":"","meta":{"site-sidebar-layout":"default","site-content-layout":"","ast-site-content-layout":"default","site-content-style":"default","site-sidebar-style":"default","ast-global-header-display":"","ast-banner-title-visibility":"","ast-main-header-display":"","ast-hfb-above-header-display":"","ast-hfb-below-header-display":"","ast-hfb-mobile-header-display":"","site-post-title":"","ast-breadcrumbs-content":"","ast-featured-img":"","footer-sml-layout":"","ast-disable-related-posts":"","theme-transparent-header-meta":"default","adv-header-id-meta":"","stick-header-meta":"","header-above-stick-meta":"","header-main-stick-meta":"","header-below-stick-meta":"","astra-migrate-meta-layouts":"set","ast-page-background-enabled":"default","ast-page-background-meta":{"desktop":{"background-color":"var(--ast-global-color-5)","background-image":"","background-repeat":"repeat","background-position":"center center","background-size":"auto","background-attachment":"scroll","background-type":"","background-media":"","overlay-type":"","overlay-color":"","overlay-opacity":"","overlay-gradient":""},"tablet":{"background-color":"","background-image":"","background-repeat":"repeat","background-position":"center center","background-size":"auto","background-attachment":"scroll","background-type":"","background-media":"","overlay-type":"","overlay-color":"","overlay-opacity":"","overlay-gradient":""},"mobile":{"background-color":"","background-image":"","background-repeat":"repeat","background-position":"center center","background-size":"auto","background-attachment":"scroll","background-type":"","background-media":"","overlay-type":"","overlay-color":"","overlay-opacity":"","overlay-gradient":""}},"ast-content-background-meta":{"desktop":{"background-color":"var(--ast-global-color-4)","background-image":"","background-repeat":"repeat","background-position":"center center","background-size":"auto","background-attachment":"scroll","background-type":"","background-media":"","overlay-type":"","overlay-color":"","overlay-opacity":"","overlay-gradient":""},"tablet":{"background-color":"var(--ast-global-color-4)","background-image":"","background-repeat":"repeat","background-position":"center center","background-size":"auto","background-attachment":"scroll","background-type":"","background-media":"","overlay-type":"","overlay-color":"","overlay-opacity":"","overlay-gradient":""},"mobile":{"background-color":"var(--ast-global-color-4)","background-image":"","background-repeat":"repeat","background-position":"center center","background-size":"auto","background-attachment":"scroll","background-type":"","background-media":"","overlay-type":"","overlay-color":"","overlay-opacity":"","overlay-gradient":""}}},"product_brand":[],"product_cat":[15],"product_tag":[],"class_list":{"0":"post-17414","1":"product","2":"type-product","3":"status-publish","4":"has-post-thumbnail","6":"product_cat-uncategorized","7":"pa_66801_2v5iwl1j-blaa","8":"pa_66801_2v5iwl1j-roed","9":"pa_66801_2v5iwl1j-sort","10":"desktop-align-left","11":"tablet-align-left","12":"mobile-align-left","14":"first","15":"instock","16":"shipping-taxable","17":"purchasable","18":"product-type-variable"},"yoast_head":"<!-- This site is optimized with the Yoast SEO plugin v27.4 - https:\/\/yoast.com\/product\/yoast-seo-wordpress\/ -->\n<title>5-hjuls rullende kn\u00e6lepude - Mekulo DK<\/title>\n<meta name=\"robots\" content=\"index, follow, max-snippet:-1, max-image-preview:large, max-video-preview:-1\" \/>\n<link rel=\"canonical\" href=\"https:\/\/mekulo.com\/dk\/produkt\/5-hjuls-rullende-knaelepude\/\" \/>\n<meta property=\"og:locale\" content=\"da_DK\" \/>\n<meta property=\"og:type\" content=\"article\" \/>\n<meta property=\"og:title\" content=\"5-hjuls rullende kn\u00e6lepude - Mekulo DK\" \/>\n<meta property=\"og:description\" content=\"\ud83d\udefcDenne rullende kn\u00e6pude med 5 hjul lader dig glide let hen over gulve, mens du er komfortabel og beskyttet. \ud83e\uddb5Designet til reparationer, detailarbejde og vedligeholdelse, den reducerer belastningen af kn\u00e6ene og sparer tid ved at lade dig bev\u00e6ge dig smidigt fra et sted til et andet. \ud83e\uddd1\u200d\ud83c\udfedA praktisk l\u00f8sning, der beskytter dine kn\u00e6, \u00f8ger mobiliteten og g\u00f8r ethvert reparationsjob mere behageligt.\" \/>\n<meta property=\"og:url\" content=\"https:\/\/mekulo.com\/dk\/produkt\/5-hjuls-rullende-knaelepude\/\" \/>\n<meta property=\"og:site_name\" content=\"Mekulo DK\" \/>\n<meta property=\"article:modified_time\" content=\"2026-01-14T18:42:53+00:00\" \/>\n<meta property=\"og:image\" content=\"https:\/\/mekulo.com\/dk\/wp-content\/uploads\/sites\/12\/2026\/01\/w2btejs-1.jpg\" \/>\n\t<meta property=\"og:image:width\" content=\"960\" \/>\n\t<meta property=\"og:image:height\" content=\"960\" \/>\n\t<meta property=\"og:image:type\" content=\"image\/jpeg\" \/>\n<meta name=\"twitter:card\" content=\"summary_large_image\" \/>\n<meta name=\"twitter:label1\" content=\"Estimeret l\u00e6setid\" \/>\n\t<meta name=\"twitter:data1\" content=\"2 minutter\" \/>\n<script type=\"application\/ld+json\" class=\"yoast-schema-graph\">{\"@context\":\"https:\\\/\\\/schema.org\",\"@graph\":[{\"@type\":\"WebPage\",\"@id\":\"https:\\\/\\\/mekulo.com\\\/dk\\\/produkt\\\/5-hjuls-rullende-knaelepude\\\/\",\"url\":\"https:\\\/\\\/mekulo.com\\\/dk\\\/produkt\\\/5-hjuls-rullende-knaelepude\\\/\",\"name\":\"5-hjuls rullende kn\u00e6lepude - Mekulo DK\",\"isPartOf\":{\"@id\":\"https:\\\/\\\/mekulo.com\\\/dk\\\/#website\"},\"primaryImageOfPage\":{\"@id\":\"https:\\\/\\\/mekulo.com\\\/dk\\\/produkt\\\/5-hjuls-rullende-knaelepude\\\/#primaryimage\"},\"image\":{\"@id\":\"https:\\\/\\\/mekulo.com\\\/dk\\\/produkt\\\/5-hjuls-rullende-knaelepude\\\/#primaryimage\"},\"thumbnailUrl\":\"https:\\\/\\\/mekulo.com\\\/dk\\\/wp-content\\\/uploads\\\/sites\\\/12\\\/2026\\\/01\\\/w2btejs-1.jpg\",\"datePublished\":\"2026-01-13T17:02:28+00:00\",\"dateModified\":\"2026-01-14T18:42:53+00:00\",\"breadcrumb\":{\"@id\":\"https:\\\/\\\/mekulo.com\\\/dk\\\/produkt\\\/5-hjuls-rullende-knaelepude\\\/#breadcrumb\"},\"inLanguage\":\"da-DK\",\"potentialAction\":[{\"@type\":\"ReadAction\",\"target\":[\"https:\\\/\\\/mekulo.com\\\/dk\\\/produkt\\\/5-hjuls-rullende-knaelepude\\\/\"]}]},{\"@type\":\"ImageObject\",\"inLanguage\":\"da-DK\",\"@id\":\"https:\\\/\\\/mekulo.com\\\/dk\\\/produkt\\\/5-hjuls-rullende-knaelepude\\\/#primaryimage\",\"url\":\"https:\\\/\\\/mekulo.com\\\/dk\\\/wp-content\\\/uploads\\\/sites\\\/12\\\/2026\\\/01\\\/w2btejs-1.jpg\",\"contentUrl\":\"https:\\\/\\\/mekulo.com\\\/dk\\\/wp-content\\\/uploads\\\/sites\\\/12\\\/2026\\\/01\\\/w2btejs-1.jpg\",\"width\":960,\"height\":960},{\"@type\":\"BreadcrumbList\",\"@id\":\"https:\\\/\\\/mekulo.com\\\/dk\\\/produkt\\\/5-hjuls-rullende-knaelepude\\\/#breadcrumb\",\"itemListElement\":[{\"@type\":\"ListItem\",\"position\":1,\"name\":\"Home\",\"item\":\"https:\\\/\\\/mekulo.com\\\/dk\\\/\"},{\"@type\":\"ListItem\",\"position\":2,\"name\":\"Butik\",\"item\":\"https:\\\/\\\/mekulo.com\\\/dk\\\/butik\\\/\"},{\"@type\":\"ListItem\",\"position\":3,\"name\":\"5-hjuls rullende kn\u00e6lepude\"}]},{\"@type\":\"WebSite\",\"@id\":\"https:\\\/\\\/mekulo.com\\\/dk\\\/#website\",\"url\":\"https:\\\/\\\/mekulo.com\\\/dk\\\/\",\"name\":\"Mekulo DK\",\"description\":\"\",\"publisher\":{\"@id\":\"https:\\\/\\\/mekulo.com\\\/dk\\\/#organization\"},\"potentialAction\":[{\"@type\":\"SearchAction\",\"target\":{\"@type\":\"EntryPoint\",\"urlTemplate\":\"https:\\\/\\\/mekulo.com\\\/dk\\\/?s={search_term_string}\"},\"query-input\":{\"@type\":\"PropertyValueSpecification\",\"valueRequired\":true,\"valueName\":\"search_term_string\"}}],\"inLanguage\":\"da-DK\"},{\"@type\":\"Organization\",\"@id\":\"https:\\\/\\\/mekulo.com\\\/dk\\\/#organization\",\"name\":\"Mekulo\",\"url\":\"https:\\\/\\\/mekulo.com\\\/dk\\\/\",\"logo\":{\"@type\":\"ImageObject\",\"inLanguage\":\"da-DK\",\"@id\":\"https:\\\/\\\/mekulo.com\\\/dk\\\/#\\\/schema\\\/logo\\\/image\\\/\",\"url\":\"https:\\\/\\\/mekulo.com\\\/dk\\\/wp-content\\\/uploads\\\/sites\\\/12\\\/2025\\\/12\\\/favicon_mekulo.png\",\"contentUrl\":\"https:\\\/\\\/mekulo.com\\\/dk\\\/wp-content\\\/uploads\\\/sites\\\/12\\\/2025\\\/12\\\/favicon_mekulo.png\",\"width\":50,\"height\":50,\"caption\":\"Mekulo\"},\"image\":{\"@id\":\"https:\\\/\\\/mekulo.com\\\/dk\\\/#\\\/schema\\\/logo\\\/image\\\/\"}}]}<\/script>\n<!-- \/ Yoast SEO plugin. -->","yoast_head_json":{"title":"5-hjuls rullende kn\u00e6lepude - Mekulo DK","robots":{"index":"index","follow":"follow","max-snippet":"max-snippet:-1","max-image-preview":"max-image-preview:large","max-video-preview":"max-video-preview:-1"},"canonical":"https:\/\/mekulo.com\/dk\/produkt\/5-hjuls-rullende-knaelepude\/","og_locale":"da_DK","og_type":"article","og_title":"5-hjuls rullende kn\u00e6lepude - Mekulo DK","og_description":"\ud83d\udefcDenne rullende kn\u00e6pude med 5 hjul lader dig glide let hen over gulve, mens du er komfortabel og beskyttet. \ud83e\uddb5Designet til reparationer, detailarbejde og vedligeholdelse, den reducerer belastningen af kn\u00e6ene og sparer tid ved at lade dig bev\u00e6ge dig smidigt fra et sted til et andet. \ud83e\uddd1\u200d\ud83c\udfedA praktisk l\u00f8sning, der beskytter dine kn\u00e6, \u00f8ger mobiliteten og g\u00f8r ethvert reparationsjob mere behageligt.","og_url":"https:\/\/mekulo.com\/dk\/produkt\/5-hjuls-rullende-knaelepude\/","og_site_name":"Mekulo DK","article_modified_time":"2026-01-14T18:42:53+00:00","og_image":[{"width":960,"height":960,"url":"https:\/\/mekulo.com\/dk\/wp-content\/uploads\/sites\/12\/2026\/01\/w2btejs-1.jpg","type":"image\/jpeg"}],"twitter_card":"summary_large_image","twitter_misc":{"Estimeret l\u00e6setid":"2 minutter"},"schema":{"@context":"https:\/\/schema.org","@graph":[{"@type":"WebPage","@id":"https:\/\/mekulo.com\/dk\/produkt\/5-hjuls-rullende-knaelepude\/","url":"https:\/\/mekulo.com\/dk\/produkt\/5-hjuls-rullende-knaelepude\/","name":"5-hjuls rullende kn\u00e6lepude - Mekulo DK","isPartOf":{"@id":"https:\/\/mekulo.com\/dk\/#website"},"primaryImageOfPage":{"@id":"https:\/\/mekulo.com\/dk\/produkt\/5-hjuls-rullende-knaelepude\/#primaryimage"},"image":{"@id":"https:\/\/mekulo.com\/dk\/produkt\/5-hjuls-rullende-knaelepude\/#primaryimage"},"thumbnailUrl":"https:\/\/mekulo.com\/dk\/wp-content\/uploads\/sites\/12\/2026\/01\/w2btejs-1.jpg","datePublished":"2026-01-13T17:02:28+00:00","dateModified":"2026-01-14T18:42:53+00:00","breadcrumb":{"@id":"https:\/\/mekulo.com\/dk\/produkt\/5-hjuls-rullende-knaelepude\/#breadcrumb"},"inLanguage":"da-DK","potentialAction":[{"@type":"ReadAction","target":["https:\/\/mekulo.com\/dk\/produkt\/5-hjuls-rullende-knaelepude\/"]}]},{"@type":"ImageObject","inLanguage":"da-DK","@id":"https:\/\/mekulo.com\/dk\/produkt\/5-hjuls-rullende-knaelepude\/#primaryimage","url":"https:\/\/mekulo.com\/dk\/wp-content\/uploads\/sites\/12\/2026\/01\/w2btejs-1.jpg","contentUrl":"https:\/\/mekulo.com\/dk\/wp-content\/uploads\/sites\/12\/2026\/01\/w2btejs-1.jpg","width":960,"height":960},{"@type":"BreadcrumbList","@id":"https:\/\/mekulo.com\/dk\/produkt\/5-hjuls-rullende-knaelepude\/#breadcrumb","itemListElement":[{"@type":"ListItem","position":1,"name":"Home","item":"https:\/\/mekulo.com\/dk\/"},{"@type":"ListItem","position":2,"name":"Butik","item":"https:\/\/mekulo.com\/dk\/butik\/"},{"@type":"ListItem","position":3,"name":"5-hjuls rullende kn\u00e6lepude"}]},{"@type":"WebSite","@id":"https:\/\/mekulo.com\/dk\/#website","url":"https:\/\/mekulo.com\/dk\/","name":"Mekulo DK","description":"","publisher":{"@id":"https:\/\/mekulo.com\/dk\/#organization"},"potentialAction":[{"@type":"SearchAction","target":{"@type":"EntryPoint","urlTemplate":"https:\/\/mekulo.com\/dk\/?s={search_term_string}"},"query-input":{"@type":"PropertyValueSpecification","valueRequired":true,"valueName":"search_term_string"}}],"inLanguage":"da-DK"},{"@type":"Organization","@id":"https:\/\/mekulo.com\/dk\/#organization","name":"Mekulo","url":"https:\/\/mekulo.com\/dk\/","logo":{"@type":"ImageObject","inLanguage":"da-DK","@id":"https:\/\/mekulo.com\/dk\/#\/schema\/logo\/image\/","url":"https:\/\/mekulo.com\/dk\/wp-content\/uploads\/sites\/12\/2025\/12\/favicon_mekulo.png","contentUrl":"https:\/\/mekulo.com\/dk\/wp-content\/uploads\/sites\/12\/2025\/12\/favicon_mekulo.png","width":50,"height":50,"caption":"Mekulo"},"image":{"@id":"https:\/\/mekulo.com\/dk\/#\/schema\/logo\/image\/"}}]}},"_links":{"self":[{"href":"https:\/\/mekulo.com\/dk\/wp-json\/wp\/v2\/product\/17414","targetHints":{"allow":["GET"]}}],"collection":[{"href":"https:\/\/mekulo.com\/dk\/wp-json\/wp\/v2\/product"}],"about":[{"href":"https:\/\/mekulo.com\/dk\/wp-json\/wp\/v2\/types\/product"}],"replies":[{"embeddable":true,"href":"https:\/\/mekulo.com\/dk\/wp-json\/wp\/v2\/comments?post=17414"}],"wp:featuredmedia":[{"embeddable":true,"href":"https:\/\/mekulo.com\/dk\/wp-json\/wp\/v2\/media\/17410"}],"wp:attachment":[{"href":"https:\/\/mekulo.com\/dk\/wp-json\/wp\/v2\/media?parent=17414"}],"wp:term":[{"taxonomy":"product_brand","embeddable":true,"href":"https:\/\/mekulo.com\/dk\/wp-json\/wp\/v2\/product_brand?post=17414"},{"taxonomy":"product_cat","embeddable":true,"href":"https:\/\/mekulo.com\/dk\/wp-json\/wp\/v2\/product_cat?post=17414"},{"taxonomy":"product_tag","embeddable":true,"href":"https:\/\/mekulo.com\/dk\/wp-json\/wp\/v2\/product_tag?post=17414"}],"curies":[{"name":"wp","href":"https:\/\/api.w.org\/{rel}","templated":true}]}}