{"id":17387,"date":"2026-01-13T18:59:42","date_gmt":"2026-01-13T16:59:42","guid":{"rendered":"https:\/\/mekulo.com\/dk\/produkt\/multifunktionel-afloebskurv\/"},"modified":"2026-01-14T20:38:17","modified_gmt":"2026-01-14T18:38:17","slug":"multifunktionel-afloebskurv","status":"publish","type":"product","link":"https:\/\/mekulo.com\/dk\/produkt\/multifunktionel-afloebskurv\/","title":{"rendered":"Multifunktionel afl\u00f8bskurv"},"content":{"rendered":"<p style=\"text-align: center;\" data-start=\"0\" data-end=\"73\"><strong data-start=\"0\" data-end=\"73\">Vask, afdryp og opbevar dine frugter og gr\u00f8ntsager i \u00e9t enkelt trin. \ud83e\udd52<\/strong><\/p>\n<p data-start=\"0\" data-end=\"73\"><img fetchpriority=\"high\" decoding=\"async\" class=\"size-full wp-image-18951 aligncenter\" src=\"https:\/\/mekulo.com\/template\/wp-content\/uploads\/sites\/6\/2026\/01\/spp_20250221110515_443874b5c1d0aefefb0667f80664e569-1.jpg\" alt=\"\" width=\"1080\" height=\"1080\" \/><\/p>\n<h2 style=\"text-align: center;\" data-start=\"293\" data-end=\"313\">Vigtigste fordele<\/h2>\n<p data-start=\"317\" data-end=\"398\">\ud83e\ude9d H\u00e6ngende opbevaringsdesign &#8211; Sparer bordplads og holder dit k\u00f8kken ryddeligt.<\/p>\n<p data-start=\"401\" data-end=\"471\">\ud83d\udca7 Hurtigt afl\u00f8bssystem &#8211; Selv huller fjerner hurtigt overskydende vand.<\/p>\n<p data-start=\"474\" data-end=\"556\">\ud83c\udf4e Ekstra stor kapacitet &#8211; Kan nemt rumme frugt, gr\u00f8ntsager, pasta eller ris.<\/p>\n<p data-start=\"559\" data-end=\"635\">\ud83d\udee1\ufe0f Sikkert materiale i f\u00f8devarekvalitet &#8211; BPA-fri PET-plast til sikker daglig brug.<\/p>\n<p data-start=\"638\" data-end=\"712\">\ud83d\udd04 Multifunktionel brug &#8211; Vask, afdryp, opbevar eller server i \u00e9n kurv.<\/p>\n<p data-start=\"638\" data-end=\"712\"><img decoding=\"async\" class=\"size-full wp-image-18954 aligncenter\" src=\"https:\/\/mekulo.com\/template\/wp-content\/uploads\/sites\/6\/2026\/01\/4-2.jpeg\" alt=\"\" width=\"1001\" height=\"1001\" \/><\/p>\n<h2 style=\"text-align: center;\">\ud83e\uddfc S\u00e5dan bruges<\/h2>\n<ol data-start=\"738\" data-end=\"1008\">\n<li data-start=\"738\" data-end=\"795\">\n<p data-start=\"741\" data-end=\"795\">Placer frugt, gr\u00f8ntsager eller mad i kurven.<\/p>\n<\/li>\n<li data-start=\"796\" data-end=\"836\">\n<p data-start=\"799\" data-end=\"836\">Skyl under rindende vand for at reng\u00f8re.<\/p>\n<\/li>\n<li data-start=\"837\" data-end=\"883\">\n<p data-start=\"840\" data-end=\"883\">Lad vandet l\u00f8be ud gennem hullerne i bunden.<\/p>\n<\/li>\n<li data-start=\"884\" data-end=\"956\">\n<p data-start=\"887\" data-end=\"956\">H\u00e6ng kurven op med den indbyggede krog, eller placer den p\u00e5 k\u00f8kkenbordet.<\/p>\n<\/li>\n<li data-start=\"957\" data-end=\"1008\">\n<p data-start=\"960\" data-end=\"1008\">Brug den direkte til opbevaring eller servering, hvis det er n\u00f8dvendigt.<\/p>\n<\/li>\n<\/ol>\n<h2 style=\"text-align: center;\" data-start=\"1015\" data-end=\"1037\">\ud83d\udccf Produktdetaljer<\/h2>\n<ul data-start=\"1039\" data-end=\"1279\">\n<li data-start=\"1089\" data-end=\"1125\">\n<p data-start=\"1091\" data-end=\"1125\">Materiale: F\u00f8devaregodkendt PET-plast<\/p>\n<\/li>\n<li data-start=\"1126\" data-end=\"1173\">\n<p data-start=\"1128\" data-end=\"1173\">Design: U-formet med dr\u00e6nhuller i bunden<\/p>\n<\/li>\n<li data-start=\"1174\" data-end=\"1225\">\n<p data-start=\"1176\" data-end=\"1225\">Funktion: Indbygget halekrog til h\u00e6ngende opbevaring<\/p>\n<\/li>\n<li data-start=\"1226\" data-end=\"1279\">\n<p data-start=\"1228\" data-end=\"1279\">Anvendelse: Vask, afdrypning, opbevaring og servering af mad<\/p>\n<\/li>\n<li data-start=\"1226\" data-end=\"1279\">St\u00f8rrelse: 28 x 26 x 11,5 cm<\/li>\n<\/ul>\n<h2 style=\"text-align: center;\" data-start=\"1286\" data-end=\"1309\">\ud83d\udce6 Pakken indeholder<\/h2>\n<ul data-start=\"1311\" data-end=\"1350\">\n<li data-start=\"1311\" data-end=\"1350\">\n<p data-start=\"1313\" data-end=\"1350\">1x multifunktionel afdrypningskurv.<\/p>\n<\/li>\n<\/ul>\n","protected":false},"excerpt":{"rendered":"<p>\ud83d\udc69\u200d\ud83c\udf73Dette multifunktionelle afdrypningskurv hj\u00e6lper dig med at skylle og luftt\u00f8rre r\u00e5varer hurtigt, mens du sparer plads i dit k\u00f8kken.<br \/>\n\ud83c\udf46Det h\u00e6ngende design og den store kapacitet g\u00f8r den daglige madlavning hurtigere, renere og mere organiseret.<br \/>\n<span data-sheets-root=\"1\">\ud83d\udca6En praktisk k\u00f8kkenartikel, der holder dine f\u00f8devarer friske og dit arbejdsomr\u00e5de organiseret hver dag.<\/span><\/p>\n","protected":false},"featured_media":17383,"comment_status":"open","ping_status":"closed","template":"","meta":{"site-sidebar-layout":"default","site-content-layout":"","ast-site-content-layout":"default","site-content-style":"default","site-sidebar-style":"default","ast-global-header-display":"","ast-banner-title-visibility":"","ast-main-header-display":"","ast-hfb-above-header-display":"","ast-hfb-below-header-display":"","ast-hfb-mobile-header-display":"","site-post-title":"","ast-breadcrumbs-content":"","ast-featured-img":"","footer-sml-layout":"","ast-disable-related-posts":"","theme-transparent-header-meta":"default","adv-header-id-meta":"","stick-header-meta":"","header-above-stick-meta":"","header-main-stick-meta":"","header-below-stick-meta":"","astra-migrate-meta-layouts":"set","ast-page-background-enabled":"default","ast-page-background-meta":{"desktop":{"background-color":"var(--ast-global-color-5)","background-image":"","background-repeat":"repeat","background-position":"center center","background-size":"auto","background-attachment":"scroll","background-type":"","background-media":"","overlay-type":"","overlay-color":"","overlay-opacity":"","overlay-gradient":""},"tablet":{"background-color":"","background-image":"","background-repeat":"repeat","background-position":"center center","background-size":"auto","background-attachment":"scroll","background-type":"","background-media":"","overlay-type":"","overlay-color":"","overlay-opacity":"","overlay-gradient":""},"mobile":{"background-color":"","background-image":"","background-repeat":"repeat","background-position":"center center","background-size":"auto","background-attachment":"scroll","background-type":"","background-media":"","overlay-type":"","overlay-color":"","overlay-opacity":"","overlay-gradient":""}},"ast-content-background-meta":{"desktop":{"background-color":"var(--ast-global-color-4)","background-image":"","background-repeat":"repeat","background-position":"center center","background-size":"auto","background-attachment":"scroll","background-type":"","background-media":"","overlay-type":"","overlay-color":"","overlay-opacity":"","overlay-gradient":""},"tablet":{"background-color":"var(--ast-global-color-4)","background-image":"","background-repeat":"repeat","background-position":"center center","background-size":"auto","background-attachment":"scroll","background-type":"","background-media":"","overlay-type":"","overlay-color":"","overlay-opacity":"","overlay-gradient":""},"mobile":{"background-color":"var(--ast-global-color-4)","background-image":"","background-repeat":"repeat","background-position":"center center","background-size":"auto","background-attachment":"scroll","background-type":"","background-media":"","overlay-type":"","overlay-color":"","overlay-opacity":"","overlay-gradient":""}}},"product_brand":[],"product_cat":[15],"product_tag":[],"class_list":{"0":"post-17387","1":"product","2":"type-product","3":"status-publish","4":"has-post-thumbnail","6":"product_cat-uncategorized","7":"pa_66787_6jq6opgx-lysegul","8":"pa_66787_6jq6opgx-lyseroed","9":"desktop-align-left","10":"tablet-align-left","11":"mobile-align-left","13":"first","14":"instock","15":"shipping-taxable","16":"purchasable","17":"product-type-variable"},"yoast_head":"<!-- This site is optimized with the Yoast SEO plugin v27.4 - https:\/\/yoast.com\/product\/yoast-seo-wordpress\/ -->\n<title>Multifunktionel afl\u00f8bskurv - Mekulo DK<\/title>\n<meta name=\"robots\" content=\"index, follow, max-snippet:-1, max-image-preview:large, max-video-preview:-1\" \/>\n<link rel=\"canonical\" href=\"https:\/\/mekulo.com\/dk\/produkt\/multifunktionel-afloebskurv\/\" \/>\n<meta property=\"og:locale\" content=\"da_DK\" \/>\n<meta property=\"og:type\" content=\"article\" \/>\n<meta property=\"og:title\" content=\"Multifunktionel afl\u00f8bskurv - Mekulo DK\" \/>\n<meta property=\"og:description\" content=\"\ud83d\udc69\u200d\ud83c\udf73Dette multifunktionelle afdrypningskurv hj\u00e6lper dig med at skylle og luftt\u00f8rre r\u00e5varer hurtigt, mens du sparer plads i dit k\u00f8kken. \ud83c\udf46Det h\u00e6ngende design og den store kapacitet g\u00f8r den daglige madlavning hurtigere, renere og mere organiseret. \ud83d\udca6En praktisk k\u00f8kkenartikel, der holder dine f\u00f8devarer friske og dit arbejdsomr\u00e5de organiseret hver dag.\" \/>\n<meta property=\"og:url\" content=\"https:\/\/mekulo.com\/dk\/produkt\/multifunktionel-afloebskurv\/\" \/>\n<meta property=\"og:site_name\" content=\"Mekulo DK\" \/>\n<meta property=\"article:modified_time\" content=\"2026-01-14T18:38:17+00:00\" \/>\n<meta property=\"og:image\" content=\"https:\/\/mekulo.com\/dk\/wp-content\/uploads\/sites\/12\/2026\/01\/pn4jzho-1.jpg\" \/>\n\t<meta property=\"og:image:width\" content=\"1080\" \/>\n\t<meta property=\"og:image:height\" content=\"1080\" \/>\n\t<meta property=\"og:image:type\" content=\"image\/jpeg\" \/>\n<meta name=\"twitter:card\" content=\"summary_large_image\" \/>\n<meta name=\"twitter:label1\" content=\"Estimeret l\u00e6setid\" \/>\n\t<meta name=\"twitter:data1\" content=\"2 minutter\" \/>\n<script type=\"application\/ld+json\" class=\"yoast-schema-graph\">{\"@context\":\"https:\\\/\\\/schema.org\",\"@graph\":[{\"@type\":\"WebPage\",\"@id\":\"https:\\\/\\\/mekulo.com\\\/dk\\\/produkt\\\/multifunktionel-afloebskurv\\\/\",\"url\":\"https:\\\/\\\/mekulo.com\\\/dk\\\/produkt\\\/multifunktionel-afloebskurv\\\/\",\"name\":\"Multifunktionel afl\u00f8bskurv - Mekulo DK\",\"isPartOf\":{\"@id\":\"https:\\\/\\\/mekulo.com\\\/dk\\\/#website\"},\"primaryImageOfPage\":{\"@id\":\"https:\\\/\\\/mekulo.com\\\/dk\\\/produkt\\\/multifunktionel-afloebskurv\\\/#primaryimage\"},\"image\":{\"@id\":\"https:\\\/\\\/mekulo.com\\\/dk\\\/produkt\\\/multifunktionel-afloebskurv\\\/#primaryimage\"},\"thumbnailUrl\":\"https:\\\/\\\/mekulo.com\\\/dk\\\/wp-content\\\/uploads\\\/sites\\\/12\\\/2026\\\/01\\\/pn4jzho-1.jpg\",\"datePublished\":\"2026-01-13T16:59:42+00:00\",\"dateModified\":\"2026-01-14T18:38:17+00:00\",\"breadcrumb\":{\"@id\":\"https:\\\/\\\/mekulo.com\\\/dk\\\/produkt\\\/multifunktionel-afloebskurv\\\/#breadcrumb\"},\"inLanguage\":\"da-DK\",\"potentialAction\":[{\"@type\":\"ReadAction\",\"target\":[\"https:\\\/\\\/mekulo.com\\\/dk\\\/produkt\\\/multifunktionel-afloebskurv\\\/\"]}]},{\"@type\":\"ImageObject\",\"inLanguage\":\"da-DK\",\"@id\":\"https:\\\/\\\/mekulo.com\\\/dk\\\/produkt\\\/multifunktionel-afloebskurv\\\/#primaryimage\",\"url\":\"https:\\\/\\\/mekulo.com\\\/dk\\\/wp-content\\\/uploads\\\/sites\\\/12\\\/2026\\\/01\\\/pn4jzho-1.jpg\",\"contentUrl\":\"https:\\\/\\\/mekulo.com\\\/dk\\\/wp-content\\\/uploads\\\/sites\\\/12\\\/2026\\\/01\\\/pn4jzho-1.jpg\",\"width\":1080,\"height\":1080},{\"@type\":\"BreadcrumbList\",\"@id\":\"https:\\\/\\\/mekulo.com\\\/dk\\\/produkt\\\/multifunktionel-afloebskurv\\\/#breadcrumb\",\"itemListElement\":[{\"@type\":\"ListItem\",\"position\":1,\"name\":\"Home\",\"item\":\"https:\\\/\\\/mekulo.com\\\/dk\\\/\"},{\"@type\":\"ListItem\",\"position\":2,\"name\":\"Butik\",\"item\":\"https:\\\/\\\/mekulo.com\\\/dk\\\/butik\\\/\"},{\"@type\":\"ListItem\",\"position\":3,\"name\":\"Multifunktionel afl\u00f8bskurv\"}]},{\"@type\":\"WebSite\",\"@id\":\"https:\\\/\\\/mekulo.com\\\/dk\\\/#website\",\"url\":\"https:\\\/\\\/mekulo.com\\\/dk\\\/\",\"name\":\"Mekulo DK\",\"description\":\"\",\"publisher\":{\"@id\":\"https:\\\/\\\/mekulo.com\\\/dk\\\/#organization\"},\"potentialAction\":[{\"@type\":\"SearchAction\",\"target\":{\"@type\":\"EntryPoint\",\"urlTemplate\":\"https:\\\/\\\/mekulo.com\\\/dk\\\/?s={search_term_string}\"},\"query-input\":{\"@type\":\"PropertyValueSpecification\",\"valueRequired\":true,\"valueName\":\"search_term_string\"}}],\"inLanguage\":\"da-DK\"},{\"@type\":\"Organization\",\"@id\":\"https:\\\/\\\/mekulo.com\\\/dk\\\/#organization\",\"name\":\"Mekulo\",\"url\":\"https:\\\/\\\/mekulo.com\\\/dk\\\/\",\"logo\":{\"@type\":\"ImageObject\",\"inLanguage\":\"da-DK\",\"@id\":\"https:\\\/\\\/mekulo.com\\\/dk\\\/#\\\/schema\\\/logo\\\/image\\\/\",\"url\":\"https:\\\/\\\/mekulo.com\\\/dk\\\/wp-content\\\/uploads\\\/sites\\\/12\\\/2025\\\/12\\\/favicon_mekulo.png\",\"contentUrl\":\"https:\\\/\\\/mekulo.com\\\/dk\\\/wp-content\\\/uploads\\\/sites\\\/12\\\/2025\\\/12\\\/favicon_mekulo.png\",\"width\":50,\"height\":50,\"caption\":\"Mekulo\"},\"image\":{\"@id\":\"https:\\\/\\\/mekulo.com\\\/dk\\\/#\\\/schema\\\/logo\\\/image\\\/\"}}]}<\/script>\n<!-- \/ Yoast SEO plugin. -->","yoast_head_json":{"title":"Multifunktionel afl\u00f8bskurv - Mekulo DK","robots":{"index":"index","follow":"follow","max-snippet":"max-snippet:-1","max-image-preview":"max-image-preview:large","max-video-preview":"max-video-preview:-1"},"canonical":"https:\/\/mekulo.com\/dk\/produkt\/multifunktionel-afloebskurv\/","og_locale":"da_DK","og_type":"article","og_title":"Multifunktionel afl\u00f8bskurv - Mekulo DK","og_description":"\ud83d\udc69\u200d\ud83c\udf73Dette multifunktionelle afdrypningskurv hj\u00e6lper dig med at skylle og luftt\u00f8rre r\u00e5varer hurtigt, mens du sparer plads i dit k\u00f8kken. \ud83c\udf46Det h\u00e6ngende design og den store kapacitet g\u00f8r den daglige madlavning hurtigere, renere og mere organiseret. \ud83d\udca6En praktisk k\u00f8kkenartikel, der holder dine f\u00f8devarer friske og dit arbejdsomr\u00e5de organiseret hver dag.","og_url":"https:\/\/mekulo.com\/dk\/produkt\/multifunktionel-afloebskurv\/","og_site_name":"Mekulo DK","article_modified_time":"2026-01-14T18:38:17+00:00","og_image":[{"width":1080,"height":1080,"url":"https:\/\/mekulo.com\/dk\/wp-content\/uploads\/sites\/12\/2026\/01\/pn4jzho-1.jpg","type":"image\/jpeg"}],"twitter_card":"summary_large_image","twitter_misc":{"Estimeret l\u00e6setid":"2 minutter"},"schema":{"@context":"https:\/\/schema.org","@graph":[{"@type":"WebPage","@id":"https:\/\/mekulo.com\/dk\/produkt\/multifunktionel-afloebskurv\/","url":"https:\/\/mekulo.com\/dk\/produkt\/multifunktionel-afloebskurv\/","name":"Multifunktionel afl\u00f8bskurv - Mekulo DK","isPartOf":{"@id":"https:\/\/mekulo.com\/dk\/#website"},"primaryImageOfPage":{"@id":"https:\/\/mekulo.com\/dk\/produkt\/multifunktionel-afloebskurv\/#primaryimage"},"image":{"@id":"https:\/\/mekulo.com\/dk\/produkt\/multifunktionel-afloebskurv\/#primaryimage"},"thumbnailUrl":"https:\/\/mekulo.com\/dk\/wp-content\/uploads\/sites\/12\/2026\/01\/pn4jzho-1.jpg","datePublished":"2026-01-13T16:59:42+00:00","dateModified":"2026-01-14T18:38:17+00:00","breadcrumb":{"@id":"https:\/\/mekulo.com\/dk\/produkt\/multifunktionel-afloebskurv\/#breadcrumb"},"inLanguage":"da-DK","potentialAction":[{"@type":"ReadAction","target":["https:\/\/mekulo.com\/dk\/produkt\/multifunktionel-afloebskurv\/"]}]},{"@type":"ImageObject","inLanguage":"da-DK","@id":"https:\/\/mekulo.com\/dk\/produkt\/multifunktionel-afloebskurv\/#primaryimage","url":"https:\/\/mekulo.com\/dk\/wp-content\/uploads\/sites\/12\/2026\/01\/pn4jzho-1.jpg","contentUrl":"https:\/\/mekulo.com\/dk\/wp-content\/uploads\/sites\/12\/2026\/01\/pn4jzho-1.jpg","width":1080,"height":1080},{"@type":"BreadcrumbList","@id":"https:\/\/mekulo.com\/dk\/produkt\/multifunktionel-afloebskurv\/#breadcrumb","itemListElement":[{"@type":"ListItem","position":1,"name":"Home","item":"https:\/\/mekulo.com\/dk\/"},{"@type":"ListItem","position":2,"name":"Butik","item":"https:\/\/mekulo.com\/dk\/butik\/"},{"@type":"ListItem","position":3,"name":"Multifunktionel afl\u00f8bskurv"}]},{"@type":"WebSite","@id":"https:\/\/mekulo.com\/dk\/#website","url":"https:\/\/mekulo.com\/dk\/","name":"Mekulo DK","description":"","publisher":{"@id":"https:\/\/mekulo.com\/dk\/#organization"},"potentialAction":[{"@type":"SearchAction","target":{"@type":"EntryPoint","urlTemplate":"https:\/\/mekulo.com\/dk\/?s={search_term_string}"},"query-input":{"@type":"PropertyValueSpecification","valueRequired":true,"valueName":"search_term_string"}}],"inLanguage":"da-DK"},{"@type":"Organization","@id":"https:\/\/mekulo.com\/dk\/#organization","name":"Mekulo","url":"https:\/\/mekulo.com\/dk\/","logo":{"@type":"ImageObject","inLanguage":"da-DK","@id":"https:\/\/mekulo.com\/dk\/#\/schema\/logo\/image\/","url":"https:\/\/mekulo.com\/dk\/wp-content\/uploads\/sites\/12\/2025\/12\/favicon_mekulo.png","contentUrl":"https:\/\/mekulo.com\/dk\/wp-content\/uploads\/sites\/12\/2025\/12\/favicon_mekulo.png","width":50,"height":50,"caption":"Mekulo"},"image":{"@id":"https:\/\/mekulo.com\/dk\/#\/schema\/logo\/image\/"}}]}},"_links":{"self":[{"href":"https:\/\/mekulo.com\/dk\/wp-json\/wp\/v2\/product\/17387","targetHints":{"allow":["GET"]}}],"collection":[{"href":"https:\/\/mekulo.com\/dk\/wp-json\/wp\/v2\/product"}],"about":[{"href":"https:\/\/mekulo.com\/dk\/wp-json\/wp\/v2\/types\/product"}],"replies":[{"embeddable":true,"href":"https:\/\/mekulo.com\/dk\/wp-json\/wp\/v2\/comments?post=17387"}],"wp:featuredmedia":[{"embeddable":true,"href":"https:\/\/mekulo.com\/dk\/wp-json\/wp\/v2\/media\/17383"}],"wp:attachment":[{"href":"https:\/\/mekulo.com\/dk\/wp-json\/wp\/v2\/media?parent=17387"}],"wp:term":[{"taxonomy":"product_brand","embeddable":true,"href":"https:\/\/mekulo.com\/dk\/wp-json\/wp\/v2\/product_brand?post=17387"},{"taxonomy":"product_cat","embeddable":true,"href":"https:\/\/mekulo.com\/dk\/wp-json\/wp\/v2\/product_cat?post=17387"},{"taxonomy":"product_tag","embeddable":true,"href":"https:\/\/mekulo.com\/dk\/wp-json\/wp\/v2\/product_tag?post=17387"}],"curies":[{"name":"wp","href":"https:\/\/api.w.org\/{rel}","templated":true}]}}