{"id":17350,"date":"2026-01-13T18:56:52","date_gmt":"2026-01-13T16:56:52","guid":{"rendered":"https:\/\/mekulo.com\/dk\/produkt\/magisk-miniratt\/"},"modified":"2026-01-14T20:33:31","modified_gmt":"2026-01-14T18:33:31","slug":"magisk-miniratt","status":"publish","type":"product","link":"https:\/\/mekulo.com\/dk\/produkt\/magisk-miniratt\/","title":{"rendered":"Magisk miniratt"},"content":{"rendered":"<p style=\"text-align: center;\" data-start=\"0\" data-end=\"66\"><strong data-start=\"0\" data-end=\"66\">G\u00f8r legetid til en sjov og sikker k\u00f8reoplevelse for b\u00f8rn. \ud83d\ude97<\/strong><\/p>\n<p data-start=\"0\" data-end=\"66\"><img fetchpriority=\"high\" decoding=\"async\" class=\"size-full wp-image-18711 aligncenter\" src=\"https:\/\/mekulo.com\/template\/wp-content\/uploads\/sites\/6\/2026\/01\/spp_20250715110857_df9a518ab51797ebd8476ce4b2f95d97_aea066c8-3d99-418b-a47b-45fcb9d9b4ca.webp\" alt=\"\" width=\"713\" height=\"713\" \/><\/p>\n<h2 style=\"text-align: center;\" data-start=\"300\" data-end=\"320\">Vigtigste fordele<\/h2>\n<p data-start=\"324\" data-end=\"397\">\ud83c\udfae Interaktiv k\u00f8releg &#8211; Efterligner rigtige styre- og bilkontroller.<\/p>\n<p data-start=\"400\" data-end=\"470\">\ud83e\udde0 P\u00e6dagogisk sjov &#8211; Hj\u00e6lper b\u00f8rn med at l\u00e6re om trafik og k\u00f8ret\u00f8jer.<\/p>\n<p data-start=\"473\" data-end=\"538\">\ud83d\udee1\ufe0f Sikre materialer &#8211; Lavet af b\u00f8rnesikker, milj\u00f8venlig ABS.<\/p>\n<p data-start=\"541\" data-end=\"605\">\ud83e\uddf2 St\u00e6rk sugebase &#8211; Bliver siddende fast under leg.<\/p>\n<p data-start=\"608\" data-end=\"666\">\ud83c\udf92 B\u00e6rbart design &#8211; Let at tage med og lege overalt.<\/p>\n<p data-start=\"608\" data-end=\"666\"><img decoding=\"async\" class=\"size-full wp-image-18709 aligncenter\" src=\"https:\/\/mekulo.com\/template\/wp-content\/uploads\/sites\/6\/2026\/01\/spp_20250715110831_928610f161ae95e37f9517617181c0d8-1.jpg\" alt=\"\" width=\"1080\" height=\"1080\" \/><\/p>\n<h2 style=\"text-align: center;\" data-start=\"673\" data-end=\"691\"><strong>S\u00e5dan Bruges<\/strong><\/h2>\n<ol data-start=\"693\" data-end=\"946\">\n<li data-start=\"693\" data-end=\"749\">\n<p data-start=\"696\" data-end=\"749\">Placer rattet p\u00e5 en glat, flad overflade.<\/p>\n<\/li>\n<li data-start=\"750\" data-end=\"792\">\n<p data-start=\"753\" data-end=\"792\">Tryk ned for at fastg\u00f8re sugekoppen.<\/p>\n<\/li>\n<li data-start=\"793\" data-end=\"830\">\n<p data-start=\"796\" data-end=\"830\">T\u00e6nd for leget\u00f8jet ved hj\u00e6lp af batterier.<\/p>\n<\/li>\n<li data-start=\"831\" data-end=\"894\">\n<p data-start=\"834\" data-end=\"894\">Lad dit barn styre, trykke p\u00e5 knapper og nyde lydene.<\/p>\n<\/li>\n<li data-start=\"895\" data-end=\"946\">\n<p data-start=\"898\" data-end=\"946\">Fjern ved at l\u00f8fte sugekoppen, n\u00e5r du er f\u00e6rdig.<\/p>\n<\/li>\n<\/ol>\n<h2 style=\"text-align: center;\" data-start=\"953\" data-end=\"975\"><strong>Produktdetaljer<\/strong><\/h2>\n<ul data-start=\"977\" data-end=\"1150\">\n<li data-start=\"977\" data-end=\"1002\">\n<p data-start=\"979\" data-end=\"1002\">Materiale: ABS-plast<\/p>\n<\/li>\n<li data-start=\"1003\" data-end=\"1029\">\n<p data-start=\"1005\" data-end=\"1029\">Effekt: Batteridrevet<\/p>\n<\/li>\n<li data-start=\"1030\" data-end=\"1081\">\n<p data-start=\"1032\" data-end=\"1081\">Design: Rat med interaktive knapper<\/p>\n<\/li>\n<li data-start=\"1082\" data-end=\"1118\">\n<p data-start=\"1084\" data-end=\"1118\">Funktion: St\u00e6rk sugekopbase<\/p>\n<\/li>\n<li data-start=\"1119\" data-end=\"1150\">\n<p data-start=\"1121\" data-end=\"1150\">Anvendelse: Indend\u00f8rs og rejseleg<\/p>\n<\/li>\n<li data-start=\"1119\" data-end=\"1150\">St\u00f8rrelse: 26 x 26 x 11 cm<\/li>\n<\/ul>\n<h2 style=\"text-align: center;\" data-start=\"1157\" data-end=\"1180\"><strong>Pakken indeholder<\/strong><\/h2>\n<ul data-start=\"1182\" data-end=\"1215\">\n<li data-start=\"1182\" data-end=\"1215\">\n<p data-start=\"1184\" data-end=\"1215\">1x magisk minir\u00e6kkehjul.<\/p>\n<\/li>\n<\/ul>\n","protected":false},"excerpt":{"rendered":"<p>Med dette magiske miniratt kan b\u00f8rn nyde realistisk k\u00f8releg, mens de l\u00e6rer grundl\u00e6ggende trafikforst\u00e5else og koordination. Med interaktive knapper og en sikker sugekop holder det b\u00f8rnene besk\u00e6ftiget derhjemme eller p\u00e5 farten. Et sjovt og l\u00e6rerigt stykke leget\u00f8j, der g\u00f8r det sp\u00e6ndende at k\u00f8re bil for alle b\u00f8rn.<\/p>\n","protected":false},"featured_media":17346,"comment_status":"open","ping_status":"closed","template":"","meta":{"site-sidebar-layout":"default","site-content-layout":"","ast-site-content-layout":"default","site-content-style":"default","site-sidebar-style":"default","ast-global-header-display":"","ast-banner-title-visibility":"","ast-main-header-display":"","ast-hfb-above-header-display":"","ast-hfb-below-header-display":"","ast-hfb-mobile-header-display":"","site-post-title":"","ast-breadcrumbs-content":"","ast-featured-img":"","footer-sml-layout":"","ast-disable-related-posts":"","theme-transparent-header-meta":"default","adv-header-id-meta":"","stick-header-meta":"","header-above-stick-meta":"","header-main-stick-meta":"","header-below-stick-meta":"","astra-migrate-meta-layouts":"set","ast-page-background-enabled":"default","ast-page-background-meta":{"desktop":{"background-color":"var(--ast-global-color-5)","background-image":"","background-repeat":"repeat","background-position":"center center","background-size":"auto","background-attachment":"scroll","background-type":"","background-media":"","overlay-type":"","overlay-color":"","overlay-opacity":"","overlay-gradient":""},"tablet":{"background-color":"","background-image":"","background-repeat":"repeat","background-position":"center center","background-size":"auto","background-attachment":"scroll","background-type":"","background-media":"","overlay-type":"","overlay-color":"","overlay-opacity":"","overlay-gradient":""},"mobile":{"background-color":"","background-image":"","background-repeat":"repeat","background-position":"center center","background-size":"auto","background-attachment":"scroll","background-type":"","background-media":"","overlay-type":"","overlay-color":"","overlay-opacity":"","overlay-gradient":""}},"ast-content-background-meta":{"desktop":{"background-color":"var(--ast-global-color-4)","background-image":"","background-repeat":"repeat","background-position":"center center","background-size":"auto","background-attachment":"scroll","background-type":"","background-media":"","overlay-type":"","overlay-color":"","overlay-opacity":"","overlay-gradient":""},"tablet":{"background-color":"var(--ast-global-color-4)","background-image":"","background-repeat":"repeat","background-position":"center center","background-size":"auto","background-attachment":"scroll","background-type":"","background-media":"","overlay-type":"","overlay-color":"","overlay-opacity":"","overlay-gradient":""},"mobile":{"background-color":"var(--ast-global-color-4)","background-image":"","background-repeat":"repeat","background-position":"center center","background-size":"auto","background-attachment":"scroll","background-type":"","background-media":"","overlay-type":"","overlay-color":"","overlay-opacity":"","overlay-gradient":""}}},"product_brand":[],"product_cat":[15],"product_tag":[],"class_list":{"0":"post-17350","1":"product","2":"type-product","3":"status-publish","4":"has-post-thumbnail","6":"product_cat-uncategorized","7":"pa_66768_lpjrngyx-blaa","8":"pa_66768_lpjrngyx-groen","9":"desktop-align-left","10":"tablet-align-left","11":"mobile-align-left","13":"first","14":"instock","15":"shipping-taxable","16":"purchasable","17":"product-type-variable"},"yoast_head":"<!-- This site is optimized with the Yoast SEO plugin v27.4 - https:\/\/yoast.com\/product\/yoast-seo-wordpress\/ -->\n<title>Magisk miniratt - Mekulo DK<\/title>\n<meta name=\"robots\" content=\"index, follow, max-snippet:-1, max-image-preview:large, max-video-preview:-1\" \/>\n<link rel=\"canonical\" href=\"https:\/\/mekulo.com\/dk\/produkt\/magisk-miniratt\/\" \/>\n<meta property=\"og:locale\" content=\"da_DK\" \/>\n<meta property=\"og:type\" content=\"article\" \/>\n<meta property=\"og:title\" content=\"Magisk miniratt - Mekulo DK\" \/>\n<meta property=\"og:description\" content=\"Med dette magiske miniratt kan b\u00f8rn nyde realistisk k\u00f8releg, mens de l\u00e6rer grundl\u00e6ggende trafikforst\u00e5else og koordination. Med interaktive knapper og en sikker sugekop holder det b\u00f8rnene besk\u00e6ftiget derhjemme eller p\u00e5 farten. Et sjovt og l\u00e6rerigt stykke leget\u00f8j, der g\u00f8r det sp\u00e6ndende at k\u00f8re bil for alle b\u00f8rn.\" \/>\n<meta property=\"og:url\" content=\"https:\/\/mekulo.com\/dk\/produkt\/magisk-miniratt\/\" \/>\n<meta property=\"og:site_name\" content=\"Mekulo DK\" \/>\n<meta property=\"article:modified_time\" content=\"2026-01-14T18:33:31+00:00\" \/>\n<meta property=\"og:image\" content=\"https:\/\/mekulo.com\/dk\/wp-content\/uploads\/sites\/12\/2026\/01\/e2dd2wi-1.webp\" \/>\n\t<meta property=\"og:image:width\" content=\"713\" \/>\n\t<meta property=\"og:image:height\" content=\"713\" \/>\n\t<meta property=\"og:image:type\" content=\"image\/webp\" \/>\n<meta name=\"twitter:card\" content=\"summary_large_image\" \/>\n<meta name=\"twitter:label1\" content=\"Estimeret l\u00e6setid\" \/>\n\t<meta name=\"twitter:data1\" content=\"2 minutter\" \/>\n<script type=\"application\/ld+json\" class=\"yoast-schema-graph\">{\"@context\":\"https:\\\/\\\/schema.org\",\"@graph\":[{\"@type\":\"WebPage\",\"@id\":\"https:\\\/\\\/mekulo.com\\\/dk\\\/produkt\\\/magisk-miniratt\\\/\",\"url\":\"https:\\\/\\\/mekulo.com\\\/dk\\\/produkt\\\/magisk-miniratt\\\/\",\"name\":\"Magisk miniratt - Mekulo DK\",\"isPartOf\":{\"@id\":\"https:\\\/\\\/mekulo.com\\\/dk\\\/#website\"},\"primaryImageOfPage\":{\"@id\":\"https:\\\/\\\/mekulo.com\\\/dk\\\/produkt\\\/magisk-miniratt\\\/#primaryimage\"},\"image\":{\"@id\":\"https:\\\/\\\/mekulo.com\\\/dk\\\/produkt\\\/magisk-miniratt\\\/#primaryimage\"},\"thumbnailUrl\":\"https:\\\/\\\/mekulo.com\\\/dk\\\/wp-content\\\/uploads\\\/sites\\\/12\\\/2026\\\/01\\\/e2dd2wi-1.webp\",\"datePublished\":\"2026-01-13T16:56:52+00:00\",\"dateModified\":\"2026-01-14T18:33:31+00:00\",\"breadcrumb\":{\"@id\":\"https:\\\/\\\/mekulo.com\\\/dk\\\/produkt\\\/magisk-miniratt\\\/#breadcrumb\"},\"inLanguage\":\"da-DK\",\"potentialAction\":[{\"@type\":\"ReadAction\",\"target\":[\"https:\\\/\\\/mekulo.com\\\/dk\\\/produkt\\\/magisk-miniratt\\\/\"]}]},{\"@type\":\"ImageObject\",\"inLanguage\":\"da-DK\",\"@id\":\"https:\\\/\\\/mekulo.com\\\/dk\\\/produkt\\\/magisk-miniratt\\\/#primaryimage\",\"url\":\"https:\\\/\\\/mekulo.com\\\/dk\\\/wp-content\\\/uploads\\\/sites\\\/12\\\/2026\\\/01\\\/e2dd2wi-1.webp\",\"contentUrl\":\"https:\\\/\\\/mekulo.com\\\/dk\\\/wp-content\\\/uploads\\\/sites\\\/12\\\/2026\\\/01\\\/e2dd2wi-1.webp\",\"width\":713,\"height\":713},{\"@type\":\"BreadcrumbList\",\"@id\":\"https:\\\/\\\/mekulo.com\\\/dk\\\/produkt\\\/magisk-miniratt\\\/#breadcrumb\",\"itemListElement\":[{\"@type\":\"ListItem\",\"position\":1,\"name\":\"Home\",\"item\":\"https:\\\/\\\/mekulo.com\\\/dk\\\/\"},{\"@type\":\"ListItem\",\"position\":2,\"name\":\"Butik\",\"item\":\"https:\\\/\\\/mekulo.com\\\/dk\\\/butik\\\/\"},{\"@type\":\"ListItem\",\"position\":3,\"name\":\"Magisk miniratt\"}]},{\"@type\":\"WebSite\",\"@id\":\"https:\\\/\\\/mekulo.com\\\/dk\\\/#website\",\"url\":\"https:\\\/\\\/mekulo.com\\\/dk\\\/\",\"name\":\"Mekulo DK\",\"description\":\"\",\"publisher\":{\"@id\":\"https:\\\/\\\/mekulo.com\\\/dk\\\/#organization\"},\"potentialAction\":[{\"@type\":\"SearchAction\",\"target\":{\"@type\":\"EntryPoint\",\"urlTemplate\":\"https:\\\/\\\/mekulo.com\\\/dk\\\/?s={search_term_string}\"},\"query-input\":{\"@type\":\"PropertyValueSpecification\",\"valueRequired\":true,\"valueName\":\"search_term_string\"}}],\"inLanguage\":\"da-DK\"},{\"@type\":\"Organization\",\"@id\":\"https:\\\/\\\/mekulo.com\\\/dk\\\/#organization\",\"name\":\"Mekulo\",\"url\":\"https:\\\/\\\/mekulo.com\\\/dk\\\/\",\"logo\":{\"@type\":\"ImageObject\",\"inLanguage\":\"da-DK\",\"@id\":\"https:\\\/\\\/mekulo.com\\\/dk\\\/#\\\/schema\\\/logo\\\/image\\\/\",\"url\":\"https:\\\/\\\/mekulo.com\\\/dk\\\/wp-content\\\/uploads\\\/sites\\\/12\\\/2025\\\/12\\\/favicon_mekulo.png\",\"contentUrl\":\"https:\\\/\\\/mekulo.com\\\/dk\\\/wp-content\\\/uploads\\\/sites\\\/12\\\/2025\\\/12\\\/favicon_mekulo.png\",\"width\":50,\"height\":50,\"caption\":\"Mekulo\"},\"image\":{\"@id\":\"https:\\\/\\\/mekulo.com\\\/dk\\\/#\\\/schema\\\/logo\\\/image\\\/\"}}]}<\/script>\n<!-- \/ Yoast SEO plugin. -->","yoast_head_json":{"title":"Magisk miniratt - Mekulo DK","robots":{"index":"index","follow":"follow","max-snippet":"max-snippet:-1","max-image-preview":"max-image-preview:large","max-video-preview":"max-video-preview:-1"},"canonical":"https:\/\/mekulo.com\/dk\/produkt\/magisk-miniratt\/","og_locale":"da_DK","og_type":"article","og_title":"Magisk miniratt - Mekulo DK","og_description":"Med dette magiske miniratt kan b\u00f8rn nyde realistisk k\u00f8releg, mens de l\u00e6rer grundl\u00e6ggende trafikforst\u00e5else og koordination. Med interaktive knapper og en sikker sugekop holder det b\u00f8rnene besk\u00e6ftiget derhjemme eller p\u00e5 farten. Et sjovt og l\u00e6rerigt stykke leget\u00f8j, der g\u00f8r det sp\u00e6ndende at k\u00f8re bil for alle b\u00f8rn.","og_url":"https:\/\/mekulo.com\/dk\/produkt\/magisk-miniratt\/","og_site_name":"Mekulo DK","article_modified_time":"2026-01-14T18:33:31+00:00","og_image":[{"width":713,"height":713,"url":"https:\/\/mekulo.com\/dk\/wp-content\/uploads\/sites\/12\/2026\/01\/e2dd2wi-1.webp","type":"image\/webp"}],"twitter_card":"summary_large_image","twitter_misc":{"Estimeret l\u00e6setid":"2 minutter"},"schema":{"@context":"https:\/\/schema.org","@graph":[{"@type":"WebPage","@id":"https:\/\/mekulo.com\/dk\/produkt\/magisk-miniratt\/","url":"https:\/\/mekulo.com\/dk\/produkt\/magisk-miniratt\/","name":"Magisk miniratt - Mekulo DK","isPartOf":{"@id":"https:\/\/mekulo.com\/dk\/#website"},"primaryImageOfPage":{"@id":"https:\/\/mekulo.com\/dk\/produkt\/magisk-miniratt\/#primaryimage"},"image":{"@id":"https:\/\/mekulo.com\/dk\/produkt\/magisk-miniratt\/#primaryimage"},"thumbnailUrl":"https:\/\/mekulo.com\/dk\/wp-content\/uploads\/sites\/12\/2026\/01\/e2dd2wi-1.webp","datePublished":"2026-01-13T16:56:52+00:00","dateModified":"2026-01-14T18:33:31+00:00","breadcrumb":{"@id":"https:\/\/mekulo.com\/dk\/produkt\/magisk-miniratt\/#breadcrumb"},"inLanguage":"da-DK","potentialAction":[{"@type":"ReadAction","target":["https:\/\/mekulo.com\/dk\/produkt\/magisk-miniratt\/"]}]},{"@type":"ImageObject","inLanguage":"da-DK","@id":"https:\/\/mekulo.com\/dk\/produkt\/magisk-miniratt\/#primaryimage","url":"https:\/\/mekulo.com\/dk\/wp-content\/uploads\/sites\/12\/2026\/01\/e2dd2wi-1.webp","contentUrl":"https:\/\/mekulo.com\/dk\/wp-content\/uploads\/sites\/12\/2026\/01\/e2dd2wi-1.webp","width":713,"height":713},{"@type":"BreadcrumbList","@id":"https:\/\/mekulo.com\/dk\/produkt\/magisk-miniratt\/#breadcrumb","itemListElement":[{"@type":"ListItem","position":1,"name":"Home","item":"https:\/\/mekulo.com\/dk\/"},{"@type":"ListItem","position":2,"name":"Butik","item":"https:\/\/mekulo.com\/dk\/butik\/"},{"@type":"ListItem","position":3,"name":"Magisk miniratt"}]},{"@type":"WebSite","@id":"https:\/\/mekulo.com\/dk\/#website","url":"https:\/\/mekulo.com\/dk\/","name":"Mekulo DK","description":"","publisher":{"@id":"https:\/\/mekulo.com\/dk\/#organization"},"potentialAction":[{"@type":"SearchAction","target":{"@type":"EntryPoint","urlTemplate":"https:\/\/mekulo.com\/dk\/?s={search_term_string}"},"query-input":{"@type":"PropertyValueSpecification","valueRequired":true,"valueName":"search_term_string"}}],"inLanguage":"da-DK"},{"@type":"Organization","@id":"https:\/\/mekulo.com\/dk\/#organization","name":"Mekulo","url":"https:\/\/mekulo.com\/dk\/","logo":{"@type":"ImageObject","inLanguage":"da-DK","@id":"https:\/\/mekulo.com\/dk\/#\/schema\/logo\/image\/","url":"https:\/\/mekulo.com\/dk\/wp-content\/uploads\/sites\/12\/2025\/12\/favicon_mekulo.png","contentUrl":"https:\/\/mekulo.com\/dk\/wp-content\/uploads\/sites\/12\/2025\/12\/favicon_mekulo.png","width":50,"height":50,"caption":"Mekulo"},"image":{"@id":"https:\/\/mekulo.com\/dk\/#\/schema\/logo\/image\/"}}]}},"_links":{"self":[{"href":"https:\/\/mekulo.com\/dk\/wp-json\/wp\/v2\/product\/17350","targetHints":{"allow":["GET"]}}],"collection":[{"href":"https:\/\/mekulo.com\/dk\/wp-json\/wp\/v2\/product"}],"about":[{"href":"https:\/\/mekulo.com\/dk\/wp-json\/wp\/v2\/types\/product"}],"replies":[{"embeddable":true,"href":"https:\/\/mekulo.com\/dk\/wp-json\/wp\/v2\/comments?post=17350"}],"wp:featuredmedia":[{"embeddable":true,"href":"https:\/\/mekulo.com\/dk\/wp-json\/wp\/v2\/media\/17346"}],"wp:attachment":[{"href":"https:\/\/mekulo.com\/dk\/wp-json\/wp\/v2\/media?parent=17350"}],"wp:term":[{"taxonomy":"product_brand","embeddable":true,"href":"https:\/\/mekulo.com\/dk\/wp-json\/wp\/v2\/product_brand?post=17350"},{"taxonomy":"product_cat","embeddable":true,"href":"https:\/\/mekulo.com\/dk\/wp-json\/wp\/v2\/product_cat?post=17350"},{"taxonomy":"product_tag","embeddable":true,"href":"https:\/\/mekulo.com\/dk\/wp-json\/wp\/v2\/product_tag?post=17350"}],"curies":[{"name":"wp","href":"https:\/\/api.w.org\/{rel}","templated":true}]}}