{"id":17341,"date":"2026-01-13T18:55:56","date_gmt":"2026-01-13T16:55:56","guid":{"rendered":"https:\/\/mekulo.com\/dk\/produkt\/professionel-pneumatisk-orbitalpolermaskine\/"},"modified":"2026-01-14T20:31:21","modified_gmt":"2026-01-14T18:31:21","slug":"professionel-pneumatisk-orbitalpolermaskine","status":"publish","type":"product","link":"https:\/\/mekulo.com\/dk\/produkt\/professionel-pneumatisk-orbitalpolermaskine\/","title":{"rendered":"Professionel pneumatisk orbitalpolermaskine"},"content":{"rendered":"<p style=\"text-align: center;\" data-start=\"0\" data-end=\"92\"><strong data-start=\"0\" data-end=\"92\">F\u00e5 en glat, professionel finish hurtigere med kraftfuld og pr\u00e6cis luftdrevet polering. \ud83d\ude97<\/strong><\/p>\n<p data-start=\"94\" data-end=\"349\"><img fetchpriority=\"high\" decoding=\"async\" class=\"size-full wp-image-18922 aligncenter\" src=\"https:\/\/mekulo.com\/template\/wp-content\/uploads\/sites\/6\/2026\/01\/spp_20241213182358_be50cc6a052dedb13d232bef56907eee_5b2f92d6-60d5-45d9-b0eb-761ea7a0865d.webp\" alt=\"\" width=\"713\" height=\"713\" \/><\/p>\n<h2 style=\"text-align: center;\" data-start=\"356\" data-end=\"375\"><strong>\u2b50 Vigtigste fordele<\/strong><\/h2>\n<p data-start=\"379\" data-end=\"446\">\u2699\ufe0f 5mm orbital excentricitet &#8211; Glat, flad og j\u00e6vn finish.<\/p>\n<p data-start=\"449\" data-end=\"515\">\ud83c\udf9a\ufe0f Justerbar hastighedskontrol &#8211; Match hastigheden til enhver opgave.<\/p>\n<p data-start=\"518\" data-end=\"590\">\ud83d\udee0\ufe0f Indvendig bev\u00e6gelse helt i st\u00e5l &#8211; H\u00f8j pr\u00e6cision og lang levetid.<\/p>\n<p data-start=\"593\" data-end=\"662\">\ud83c\udf2c\ufe0f Effektivt luftstr\u00f8msdesign &#8211; Stabil kraft med reduceret belastning.<\/p>\n<p data-start=\"665\" data-end=\"737\">\ud83d\udd04 Brug af flere materialer &#8211; Slib, poler, puds og voks med \u00e9t v\u00e6rkt\u00f8j.<\/p>\n<p data-start=\"665\" data-end=\"737\"><img decoding=\"async\" class=\"size-full wp-image-18926 aligncenter\" src=\"https:\/\/mekulo.com\/template\/wp-content\/uploads\/sites\/6\/2026\/01\/Sb01018210fe14b9283252322f68fdc51Q.jpg_960x960q75.jpg_.png\" alt=\"\" width=\"800\" height=\"800\" \/><\/p>\n<h2 style=\"text-align: center;\" data-start=\"744\" data-end=\"762\"><strong>\ud83d\udee0\ufe0f S\u00e5dan Bruges<\/strong><\/h2>\n<ol data-start=\"764\" data-end=\"1038\">\n<li data-start=\"764\" data-end=\"831\">\n<p data-start=\"767\" data-end=\"831\">Tilslut polermaskinen til en luftkompressor (forbliver ved 90 PSI).<\/p>\n<\/li>\n<li data-start=\"832\" data-end=\"882\">\n<p data-start=\"835\" data-end=\"882\">Fastg\u00f8r slibe- eller poleringspuden sikkert.<\/p>\n<\/li>\n<li data-start=\"883\" data-end=\"930\">\n<p data-start=\"886\" data-end=\"930\">Juster hastigheden ved hj\u00e6lp af kontrolkontakten.<\/p>\n<\/li>\n<li data-start=\"931\" data-end=\"987\">\n<p data-start=\"934\" data-end=\"987\">Placer v\u00e6rkt\u00f8jet fladt p\u00e5 overfladen, f\u00f8r du starter.<\/p>\n<\/li>\n<li data-start=\"988\" data-end=\"1038\">\n<p data-start=\"991\" data-end=\"1038\">Bev\u00e6g dig j\u00e6vnt over omr\u00e5det for at opn\u00e5 de bedste resultater.<\/p>\n<\/li>\n<\/ol>\n<h2 style=\"text-align: center;\" data-start=\"1045\" data-end=\"1067\"><strong>\ud83d\udccf Produktdetaljer<\/strong><\/h2>\n<ul data-start=\"1069\" data-end=\"1397\">\n<li data-start=\"1106\" data-end=\"1127\">\n<p data-start=\"1108\" data-end=\"1127\">Excentricitet: 5 mm<\/p>\n<\/li>\n<li data-start=\"1128\" data-end=\"1157\">\n<p data-start=\"1130\" data-end=\"1157\">Hastighed uden belastning: 10.500 RPM<\/p>\n<\/li>\n<li data-start=\"1158\" data-end=\"1188\">\n<p data-start=\"1160\" data-end=\"1188\">Driftstryk: 90 PSI<\/p>\n<\/li>\n<li data-start=\"1189\" data-end=\"1221\">\n<p data-start=\"1191\" data-end=\"1221\">Luftforbrug: 0,45 m\u00b3\/min<\/p>\n<\/li>\n<li data-start=\"1222\" data-end=\"1247\">\n<p data-start=\"1224\" data-end=\"1247\">St\u00f8jniveau: 80-90 dB<\/p>\n<\/li>\n<li data-start=\"1248\" data-end=\"1281\">\n<p data-start=\"1250\" data-end=\"1281\">Luftslangens indvendige diameter: 0,6 cm<\/p>\n<\/li>\n<li data-start=\"1282\" data-end=\"1339\">\n<p data-start=\"1284\" data-end=\"1339\">Materiale: Bev\u00e6gelse helt i st\u00e5l med filtreret luftindtag<\/p>\n<\/li>\n<li data-start=\"1379\" data-end=\"1397\">\n<p data-start=\"1381\" data-end=\"1397\">St\u00f8rrelse: 165 x 150 x 82 mm<\/p>\n<\/li>\n<\/ul>\n<h2 style=\"text-align: center;\" data-start=\"1404\" data-end=\"1427\"><strong>\ud83d\udce6 Pakken indeholder<\/strong><\/h2>\n<ul data-start=\"1429\" data-end=\"1476\">\n<li data-start=\"1429\" data-end=\"1476\">\n<p data-start=\"1431\" data-end=\"1476\">1x professionel pneumatisk orbital polermaskine<\/p>\n<\/li>\n<li data-start=\"1429\" data-end=\"1476\">\n<p data-start=\"1431\" data-end=\"1476\">1x n\u00f8gle<\/p>\n<\/li>\n<li data-start=\"1429\" data-end=\"1476\">\n<p data-start=\"1431\" data-end=\"1476\">1x kulst\u00e5lled.<\/p>\n<\/li>\n<\/ul>\n","protected":false},"excerpt":{"rendered":"<p>Denne professionelle pneumatiske orbitalpolermaskine leverer hurtige og j\u00e6vne resultater ved slibning, polering og efterbehandling. Den er bygget til holdbarhed og kontrol og er ideel til professionelle og g\u00f8r-det-selv-brugere, der arbejder p\u00e5 overflader af tr\u00e6, metal, m\u00f8bler og k\u00f8ret\u00f8jer. Et p\u00e5lideligt, h\u00f8jtydende v\u00e6rkt\u00f8j, der er designet til ren finish, effektiv arbejdsgang og langvarig professionel brug.<\/p>\n","protected":false},"featured_media":17337,"comment_status":"open","ping_status":"closed","template":"","meta":{"site-sidebar-layout":"default","site-content-layout":"","ast-site-content-layout":"default","site-content-style":"default","site-sidebar-style":"default","ast-global-header-display":"","ast-banner-title-visibility":"","ast-main-header-display":"","ast-hfb-above-header-display":"","ast-hfb-below-header-display":"","ast-hfb-mobile-header-display":"","site-post-title":"","ast-breadcrumbs-content":"","ast-featured-img":"","footer-sml-layout":"","ast-disable-related-posts":"","theme-transparent-header-meta":"default","adv-header-id-meta":"","stick-header-meta":"","header-above-stick-meta":"","header-main-stick-meta":"","header-below-stick-meta":"","astra-migrate-meta-layouts":"set","ast-page-background-enabled":"default","ast-page-background-meta":{"desktop":{"background-color":"var(--ast-global-color-5)","background-image":"","background-repeat":"repeat","background-position":"center center","background-size":"auto","background-attachment":"scroll","background-type":"","background-media":"","overlay-type":"","overlay-color":"","overlay-opacity":"","overlay-gradient":""},"tablet":{"background-color":"","background-image":"","background-repeat":"repeat","background-position":"center center","background-size":"auto","background-attachment":"scroll","background-type":"","background-media":"","overlay-type":"","overlay-color":"","overlay-opacity":"","overlay-gradient":""},"mobile":{"background-color":"","background-image":"","background-repeat":"repeat","background-position":"center center","background-size":"auto","background-attachment":"scroll","background-type":"","background-media":"","overlay-type":"","overlay-color":"","overlay-opacity":"","overlay-gradient":""}},"ast-content-background-meta":{"desktop":{"background-color":"var(--ast-global-color-4)","background-image":"","background-repeat":"repeat","background-position":"center center","background-size":"auto","background-attachment":"scroll","background-type":"","background-media":"","overlay-type":"","overlay-color":"","overlay-opacity":"","overlay-gradient":""},"tablet":{"background-color":"var(--ast-global-color-4)","background-image":"","background-repeat":"repeat","background-position":"center center","background-size":"auto","background-attachment":"scroll","background-type":"","background-media":"","overlay-type":"","overlay-color":"","overlay-opacity":"","overlay-gradient":""},"mobile":{"background-color":"var(--ast-global-color-4)","background-image":"","background-repeat":"repeat","background-position":"center center","background-size":"auto","background-attachment":"scroll","background-type":"","background-media":"","overlay-type":"","overlay-color":"","overlay-opacity":"","overlay-gradient":""}}},"product_brand":[],"product_cat":[171],"product_tag":[],"class_list":{"0":"post-17341","1":"product","2":"type-product","3":"status-publish","4":"has-post-thumbnail","6":"product_cat-vaerktoejer","7":"desktop-align-left","8":"tablet-align-left","9":"mobile-align-left","11":"first","12":"instock","13":"shipping-taxable","14":"purchasable","15":"product-type-simple"},"yoast_head":"<!-- This site is optimized with the Yoast SEO plugin v27.4 - https:\/\/yoast.com\/product\/yoast-seo-wordpress\/ -->\n<title>Professionel pneumatisk orbitalpolermaskine - Mekulo DK<\/title>\n<meta name=\"robots\" content=\"index, follow, max-snippet:-1, max-image-preview:large, max-video-preview:-1\" \/>\n<link rel=\"canonical\" href=\"https:\/\/mekulo.com\/dk\/produkt\/professionel-pneumatisk-orbitalpolermaskine\/\" \/>\n<meta property=\"og:locale\" content=\"da_DK\" \/>\n<meta property=\"og:type\" content=\"article\" \/>\n<meta property=\"og:title\" content=\"Professionel pneumatisk orbitalpolermaskine - Mekulo DK\" \/>\n<meta property=\"og:description\" content=\"Denne professionelle pneumatiske orbitalpolermaskine leverer hurtige og j\u00e6vne resultater ved slibning, polering og efterbehandling. Den er bygget til holdbarhed og kontrol og er ideel til professionelle og g\u00f8r-det-selv-brugere, der arbejder p\u00e5 overflader af tr\u00e6, metal, m\u00f8bler og k\u00f8ret\u00f8jer. Et p\u00e5lideligt, h\u00f8jtydende v\u00e6rkt\u00f8j, der er designet til ren finish, effektiv arbejdsgang og langvarig professionel brug.\" \/>\n<meta property=\"og:url\" content=\"https:\/\/mekulo.com\/dk\/produkt\/professionel-pneumatisk-orbitalpolermaskine\/\" \/>\n<meta property=\"og:site_name\" content=\"Mekulo DK\" \/>\n<meta property=\"article:modified_time\" content=\"2026-01-14T18:31:21+00:00\" \/>\n<meta property=\"og:image\" content=\"https:\/\/mekulo.com\/dk\/wp-content\/uploads\/sites\/12\/2026\/01\/t1bhc90-1.jpg\" \/>\n\t<meta property=\"og:image:width\" content=\"800\" \/>\n\t<meta property=\"og:image:height\" content=\"800\" \/>\n\t<meta property=\"og:image:type\" content=\"image\/jpeg\" \/>\n<meta name=\"twitter:card\" content=\"summary_large_image\" \/>\n<meta name=\"twitter:label1\" content=\"Estimeret l\u00e6setid\" \/>\n\t<meta name=\"twitter:data1\" content=\"2 minutter\" \/>\n<script type=\"application\/ld+json\" class=\"yoast-schema-graph\">{\"@context\":\"https:\\\/\\\/schema.org\",\"@graph\":[{\"@type\":\"WebPage\",\"@id\":\"https:\\\/\\\/mekulo.com\\\/dk\\\/produkt\\\/professionel-pneumatisk-orbitalpolermaskine\\\/\",\"url\":\"https:\\\/\\\/mekulo.com\\\/dk\\\/produkt\\\/professionel-pneumatisk-orbitalpolermaskine\\\/\",\"name\":\"Professionel pneumatisk orbitalpolermaskine - Mekulo DK\",\"isPartOf\":{\"@id\":\"https:\\\/\\\/mekulo.com\\\/dk\\\/#website\"},\"primaryImageOfPage\":{\"@id\":\"https:\\\/\\\/mekulo.com\\\/dk\\\/produkt\\\/professionel-pneumatisk-orbitalpolermaskine\\\/#primaryimage\"},\"image\":{\"@id\":\"https:\\\/\\\/mekulo.com\\\/dk\\\/produkt\\\/professionel-pneumatisk-orbitalpolermaskine\\\/#primaryimage\"},\"thumbnailUrl\":\"https:\\\/\\\/mekulo.com\\\/dk\\\/wp-content\\\/uploads\\\/sites\\\/12\\\/2026\\\/01\\\/t1bhc90-1.jpg\",\"datePublished\":\"2026-01-13T16:55:56+00:00\",\"dateModified\":\"2026-01-14T18:31:21+00:00\",\"breadcrumb\":{\"@id\":\"https:\\\/\\\/mekulo.com\\\/dk\\\/produkt\\\/professionel-pneumatisk-orbitalpolermaskine\\\/#breadcrumb\"},\"inLanguage\":\"da-DK\",\"potentialAction\":[{\"@type\":\"ReadAction\",\"target\":[\"https:\\\/\\\/mekulo.com\\\/dk\\\/produkt\\\/professionel-pneumatisk-orbitalpolermaskine\\\/\"]}]},{\"@type\":\"ImageObject\",\"inLanguage\":\"da-DK\",\"@id\":\"https:\\\/\\\/mekulo.com\\\/dk\\\/produkt\\\/professionel-pneumatisk-orbitalpolermaskine\\\/#primaryimage\",\"url\":\"https:\\\/\\\/mekulo.com\\\/dk\\\/wp-content\\\/uploads\\\/sites\\\/12\\\/2026\\\/01\\\/t1bhc90-1.jpg\",\"contentUrl\":\"https:\\\/\\\/mekulo.com\\\/dk\\\/wp-content\\\/uploads\\\/sites\\\/12\\\/2026\\\/01\\\/t1bhc90-1.jpg\",\"width\":800,\"height\":800},{\"@type\":\"BreadcrumbList\",\"@id\":\"https:\\\/\\\/mekulo.com\\\/dk\\\/produkt\\\/professionel-pneumatisk-orbitalpolermaskine\\\/#breadcrumb\",\"itemListElement\":[{\"@type\":\"ListItem\",\"position\":1,\"name\":\"Home\",\"item\":\"https:\\\/\\\/mekulo.com\\\/dk\\\/\"},{\"@type\":\"ListItem\",\"position\":2,\"name\":\"Butik\",\"item\":\"https:\\\/\\\/mekulo.com\\\/dk\\\/butik\\\/\"},{\"@type\":\"ListItem\",\"position\":3,\"name\":\"Professionel pneumatisk orbitalpolermaskine\"}]},{\"@type\":\"WebSite\",\"@id\":\"https:\\\/\\\/mekulo.com\\\/dk\\\/#website\",\"url\":\"https:\\\/\\\/mekulo.com\\\/dk\\\/\",\"name\":\"Mekulo DK\",\"description\":\"\",\"publisher\":{\"@id\":\"https:\\\/\\\/mekulo.com\\\/dk\\\/#organization\"},\"potentialAction\":[{\"@type\":\"SearchAction\",\"target\":{\"@type\":\"EntryPoint\",\"urlTemplate\":\"https:\\\/\\\/mekulo.com\\\/dk\\\/?s={search_term_string}\"},\"query-input\":{\"@type\":\"PropertyValueSpecification\",\"valueRequired\":true,\"valueName\":\"search_term_string\"}}],\"inLanguage\":\"da-DK\"},{\"@type\":\"Organization\",\"@id\":\"https:\\\/\\\/mekulo.com\\\/dk\\\/#organization\",\"name\":\"Mekulo\",\"url\":\"https:\\\/\\\/mekulo.com\\\/dk\\\/\",\"logo\":{\"@type\":\"ImageObject\",\"inLanguage\":\"da-DK\",\"@id\":\"https:\\\/\\\/mekulo.com\\\/dk\\\/#\\\/schema\\\/logo\\\/image\\\/\",\"url\":\"https:\\\/\\\/mekulo.com\\\/dk\\\/wp-content\\\/uploads\\\/sites\\\/12\\\/2025\\\/12\\\/favicon_mekulo.png\",\"contentUrl\":\"https:\\\/\\\/mekulo.com\\\/dk\\\/wp-content\\\/uploads\\\/sites\\\/12\\\/2025\\\/12\\\/favicon_mekulo.png\",\"width\":50,\"height\":50,\"caption\":\"Mekulo\"},\"image\":{\"@id\":\"https:\\\/\\\/mekulo.com\\\/dk\\\/#\\\/schema\\\/logo\\\/image\\\/\"}}]}<\/script>\n<!-- \/ Yoast SEO plugin. -->","yoast_head_json":{"title":"Professionel pneumatisk orbitalpolermaskine - Mekulo DK","robots":{"index":"index","follow":"follow","max-snippet":"max-snippet:-1","max-image-preview":"max-image-preview:large","max-video-preview":"max-video-preview:-1"},"canonical":"https:\/\/mekulo.com\/dk\/produkt\/professionel-pneumatisk-orbitalpolermaskine\/","og_locale":"da_DK","og_type":"article","og_title":"Professionel pneumatisk orbitalpolermaskine - Mekulo DK","og_description":"Denne professionelle pneumatiske orbitalpolermaskine leverer hurtige og j\u00e6vne resultater ved slibning, polering og efterbehandling. Den er bygget til holdbarhed og kontrol og er ideel til professionelle og g\u00f8r-det-selv-brugere, der arbejder p\u00e5 overflader af tr\u00e6, metal, m\u00f8bler og k\u00f8ret\u00f8jer. Et p\u00e5lideligt, h\u00f8jtydende v\u00e6rkt\u00f8j, der er designet til ren finish, effektiv arbejdsgang og langvarig professionel brug.","og_url":"https:\/\/mekulo.com\/dk\/produkt\/professionel-pneumatisk-orbitalpolermaskine\/","og_site_name":"Mekulo DK","article_modified_time":"2026-01-14T18:31:21+00:00","og_image":[{"width":800,"height":800,"url":"https:\/\/mekulo.com\/dk\/wp-content\/uploads\/sites\/12\/2026\/01\/t1bhc90-1.jpg","type":"image\/jpeg"}],"twitter_card":"summary_large_image","twitter_misc":{"Estimeret l\u00e6setid":"2 minutter"},"schema":{"@context":"https:\/\/schema.org","@graph":[{"@type":"WebPage","@id":"https:\/\/mekulo.com\/dk\/produkt\/professionel-pneumatisk-orbitalpolermaskine\/","url":"https:\/\/mekulo.com\/dk\/produkt\/professionel-pneumatisk-orbitalpolermaskine\/","name":"Professionel pneumatisk orbitalpolermaskine - Mekulo DK","isPartOf":{"@id":"https:\/\/mekulo.com\/dk\/#website"},"primaryImageOfPage":{"@id":"https:\/\/mekulo.com\/dk\/produkt\/professionel-pneumatisk-orbitalpolermaskine\/#primaryimage"},"image":{"@id":"https:\/\/mekulo.com\/dk\/produkt\/professionel-pneumatisk-orbitalpolermaskine\/#primaryimage"},"thumbnailUrl":"https:\/\/mekulo.com\/dk\/wp-content\/uploads\/sites\/12\/2026\/01\/t1bhc90-1.jpg","datePublished":"2026-01-13T16:55:56+00:00","dateModified":"2026-01-14T18:31:21+00:00","breadcrumb":{"@id":"https:\/\/mekulo.com\/dk\/produkt\/professionel-pneumatisk-orbitalpolermaskine\/#breadcrumb"},"inLanguage":"da-DK","potentialAction":[{"@type":"ReadAction","target":["https:\/\/mekulo.com\/dk\/produkt\/professionel-pneumatisk-orbitalpolermaskine\/"]}]},{"@type":"ImageObject","inLanguage":"da-DK","@id":"https:\/\/mekulo.com\/dk\/produkt\/professionel-pneumatisk-orbitalpolermaskine\/#primaryimage","url":"https:\/\/mekulo.com\/dk\/wp-content\/uploads\/sites\/12\/2026\/01\/t1bhc90-1.jpg","contentUrl":"https:\/\/mekulo.com\/dk\/wp-content\/uploads\/sites\/12\/2026\/01\/t1bhc90-1.jpg","width":800,"height":800},{"@type":"BreadcrumbList","@id":"https:\/\/mekulo.com\/dk\/produkt\/professionel-pneumatisk-orbitalpolermaskine\/#breadcrumb","itemListElement":[{"@type":"ListItem","position":1,"name":"Home","item":"https:\/\/mekulo.com\/dk\/"},{"@type":"ListItem","position":2,"name":"Butik","item":"https:\/\/mekulo.com\/dk\/butik\/"},{"@type":"ListItem","position":3,"name":"Professionel pneumatisk orbitalpolermaskine"}]},{"@type":"WebSite","@id":"https:\/\/mekulo.com\/dk\/#website","url":"https:\/\/mekulo.com\/dk\/","name":"Mekulo DK","description":"","publisher":{"@id":"https:\/\/mekulo.com\/dk\/#organization"},"potentialAction":[{"@type":"SearchAction","target":{"@type":"EntryPoint","urlTemplate":"https:\/\/mekulo.com\/dk\/?s={search_term_string}"},"query-input":{"@type":"PropertyValueSpecification","valueRequired":true,"valueName":"search_term_string"}}],"inLanguage":"da-DK"},{"@type":"Organization","@id":"https:\/\/mekulo.com\/dk\/#organization","name":"Mekulo","url":"https:\/\/mekulo.com\/dk\/","logo":{"@type":"ImageObject","inLanguage":"da-DK","@id":"https:\/\/mekulo.com\/dk\/#\/schema\/logo\/image\/","url":"https:\/\/mekulo.com\/dk\/wp-content\/uploads\/sites\/12\/2025\/12\/favicon_mekulo.png","contentUrl":"https:\/\/mekulo.com\/dk\/wp-content\/uploads\/sites\/12\/2025\/12\/favicon_mekulo.png","width":50,"height":50,"caption":"Mekulo"},"image":{"@id":"https:\/\/mekulo.com\/dk\/#\/schema\/logo\/image\/"}}]}},"_links":{"self":[{"href":"https:\/\/mekulo.com\/dk\/wp-json\/wp\/v2\/product\/17341","targetHints":{"allow":["GET"]}}],"collection":[{"href":"https:\/\/mekulo.com\/dk\/wp-json\/wp\/v2\/product"}],"about":[{"href":"https:\/\/mekulo.com\/dk\/wp-json\/wp\/v2\/types\/product"}],"replies":[{"embeddable":true,"href":"https:\/\/mekulo.com\/dk\/wp-json\/wp\/v2\/comments?post=17341"}],"wp:featuredmedia":[{"embeddable":true,"href":"https:\/\/mekulo.com\/dk\/wp-json\/wp\/v2\/media\/17337"}],"wp:attachment":[{"href":"https:\/\/mekulo.com\/dk\/wp-json\/wp\/v2\/media?parent=17341"}],"wp:term":[{"taxonomy":"product_brand","embeddable":true,"href":"https:\/\/mekulo.com\/dk\/wp-json\/wp\/v2\/product_brand?post=17341"},{"taxonomy":"product_cat","embeddable":true,"href":"https:\/\/mekulo.com\/dk\/wp-json\/wp\/v2\/product_cat?post=17341"},{"taxonomy":"product_tag","embeddable":true,"href":"https:\/\/mekulo.com\/dk\/wp-json\/wp\/v2\/product_tag?post=17341"}],"curies":[{"name":"wp","href":"https:\/\/api.w.org\/{rel}","templated":true}]}}