{"id":17323,"date":"2026-01-13T18:54:34","date_gmt":"2026-01-13T16:54:34","guid":{"rendered":"https:\/\/mekulo.com\/dk\/produkt\/opbevaringsmaatte-i-silikone-til-koekkenet\/"},"modified":"2026-01-14T20:26:52","modified_gmt":"2026-01-14T18:26:52","slug":"opbevaringsmaatte-i-silikone-til-koekkenet","status":"publish","type":"product","link":"https:\/\/mekulo.com\/dk\/produkt\/opbevaringsmaatte-i-silikone-til-koekkenet\/","title":{"rendered":"Opbevaringsm\u00e5tte i silikone til k\u00f8kkenet"},"content":{"rendered":"<p style=\"text-align: center;\" data-start=\"0\" data-end=\"69\"><strong data-start=\"0\" data-end=\"69\">Hold dit k\u00f8kken rent, t\u00f8rt og perfekt organiseret p\u00e5 f\u00e5 sekunder. \ud83d\udc69\u200d\ud83c\udf73<\/strong><\/p>\n<p data-start=\"71\" data-end=\"327\"><img fetchpriority=\"high\" decoding=\"async\" class=\"size-full wp-image-18910 aligncenter\" src=\"https:\/\/mekulo.com\/template\/wp-content\/uploads\/sites\/6\/2026\/01\/spp_20250805193735_585c57e4c28f962e16d0de30649f7f64_bfc6cd52-7af8-428a-b9ff-ef4ceac7e0fe.webp\" alt=\"\" width=\"713\" height=\"713\" \/><\/p>\n<h2 style=\"text-align: center;\" data-start=\"334\" data-end=\"353\">Vigtigste fordele<\/h2>\n<p data-start=\"357\" data-end=\"409\">\ud83e\uddfc Nem at reng\u00f8re &#8211; T\u00f8r spild v\u00e6k p\u00e5 f\u00e5 sekunder.<\/p>\n<p data-start=\"412\" data-end=\"480\">\ud83d\udd25 Varmebestandig &#8211; Sikker til varme l\u00e5g og k\u00f8kkengrej op til 230 \u00b0C.<\/p>\n<p data-start=\"483\" data-end=\"540\">\ud83e\uddf2 Skridsikker overflade &#8211; Holder tingene stabile og sikre.<\/p>\n<p data-start=\"543\" data-end=\"607\">\ud83d\udca7 Hurtig t\u00f8rring &#8211; H\u00e6vede riller g\u00f8r, at vandet hurtigt kan l\u00f8be af.<\/p>\n<p data-start=\"610\" data-end=\"667\">\ud83c\udfe1 Pladsbesparende &#8211; passer perfekt til h\u00e5ndvaske og komfurer.<\/p>\n<p data-start=\"610\" data-end=\"667\"><img decoding=\"async\" class=\"size-full wp-image-18908 aligncenter\" src=\"https:\/\/mekulo.com\/template\/wp-content\/uploads\/sites\/6\/2026\/01\/spp_20250805193736_91c68f35cf2c0a58a36dbaef4fc26857_2b3ddaee-2f95-4d85-b10e-ae6fe24ed33f.webp\" alt=\"\" width=\"713\" height=\"713\" \/><\/p>\n<h2 style=\"text-align: center;\" data-start=\"674\" data-end=\"692\"><strong>S\u00e5dan Bruges<\/strong><\/h2>\n<ol data-start=\"694\" data-end=\"924\">\n<li data-start=\"694\" data-end=\"755\">\n<p data-start=\"697\" data-end=\"755\">Placer m\u00e5tten p\u00e5 en flad overflade n\u00e6r din h\u00e5ndvask eller dit komfur.<\/p>\n<\/li>\n<li data-start=\"756\" data-end=\"803\">\n<p data-start=\"759\" data-end=\"803\">S\u00f8rg for, at den ligger fladt for fuld stabilitet.<\/p>\n<\/li>\n<li data-start=\"804\" data-end=\"862\">\n<p data-start=\"807\" data-end=\"862\">S\u00e6t grydel\u00e5g, sk\u00e6rebr\u00e6tter eller redskaber p\u00e5 m\u00e5tten.<\/p>\n<\/li>\n<li data-start=\"863\" data-end=\"899\">\n<p data-start=\"866\" data-end=\"899\">Lad tingene l\u00f8be af eller k\u00f8le sikkert af.<\/p>\n<\/li>\n<li data-start=\"900\" data-end=\"924\">\n<p data-start=\"903\" data-end=\"924\">T\u00f8r dem af efter brug.<\/p>\n<\/li>\n<\/ol>\n<h2 style=\"text-align: center;\" data-start=\"931\" data-end=\"953\"><strong>Produktdetaljer<\/strong><\/h2>\n<ul data-start=\"955\" data-end=\"1152\">\n<li data-start=\"955\" data-end=\"988\">\n<p data-start=\"957\" data-end=\"988\">Materiale: F\u00f8devaregodkendt silikone<\/p>\n<\/li>\n<li data-start=\"989\" data-end=\"1021\">\n<p data-start=\"991\" data-end=\"1021\">Varmebestandighed: Op til 230\u00b0C<\/p>\n<\/li>\n<li data-start=\"1022\" data-end=\"1061\">\n<p data-start=\"1024\" data-end=\"1061\">Overflade: Skridsikker med dybe riller<\/p>\n<\/li>\n<li data-start=\"1062\" data-end=\"1106\">\n<p data-start=\"1064\" data-end=\"1106\">Design: Slank, fleksibel og pladsbesparende<\/p>\n<\/li>\n<li data-start=\"1107\" data-end=\"1152\">\n<p data-start=\"1109\" data-end=\"1152\">Brug: Bordplade, side af vask eller komfuromr\u00e5de<\/p>\n<\/li>\n<li data-start=\"1107\" data-end=\"1152\">St\u00f8rrelse: 45 x 8 cm<\/li>\n<\/ul>\n<h2 style=\"text-align: center;\" data-start=\"1159\" data-end=\"1182\"><strong>Pakken indeholder<\/strong><\/h2>\n<ul data-start=\"1184\" data-end=\"1220\">\n<li data-start=\"1184\" data-end=\"1220\">\n<p data-start=\"1186\" data-end=\"1220\">1x silikone k\u00f8kkenopbevaringsm\u00e5tte.<\/p>\n<\/li>\n<\/ul>\n","protected":false},"excerpt":{"rendered":"<p>Denne k\u00f8kkenopbevaringsm\u00e5tte i silikone forvandler ubrugt bordplads til et smart, ryddeligt omr\u00e5de til l\u00e5g, redskaber og k\u00f8kkenv\u00e6rkt\u00f8j. Dens varmebestandige, skridsikre design beskytter overflader mod snavs, fugt og varme, samtidig med at alt er lige der, hvor du har brug for det. En enkel k\u00f8kkenopgradering, der holder dit k\u00f8kkenbord renere, sikrere og mere organiseret hver dag.<\/p>\n","protected":false},"featured_media":17319,"comment_status":"open","ping_status":"closed","template":"","meta":{"site-sidebar-layout":"default","site-content-layout":"","ast-site-content-layout":"default","site-content-style":"default","site-sidebar-style":"default","ast-global-header-display":"","ast-banner-title-visibility":"","ast-main-header-display":"","ast-hfb-above-header-display":"","ast-hfb-below-header-display":"","ast-hfb-mobile-header-display":"","site-post-title":"","ast-breadcrumbs-content":"","ast-featured-img":"","footer-sml-layout":"","ast-disable-related-posts":"","theme-transparent-header-meta":"default","adv-header-id-meta":"","stick-header-meta":"","header-above-stick-meta":"","header-main-stick-meta":"","header-below-stick-meta":"","astra-migrate-meta-layouts":"set","ast-page-background-enabled":"default","ast-page-background-meta":{"desktop":{"background-color":"var(--ast-global-color-5)","background-image":"","background-repeat":"repeat","background-position":"center center","background-size":"auto","background-attachment":"scroll","background-type":"","background-media":"","overlay-type":"","overlay-color":"","overlay-opacity":"","overlay-gradient":""},"tablet":{"background-color":"","background-image":"","background-repeat":"repeat","background-position":"center center","background-size":"auto","background-attachment":"scroll","background-type":"","background-media":"","overlay-type":"","overlay-color":"","overlay-opacity":"","overlay-gradient":""},"mobile":{"background-color":"","background-image":"","background-repeat":"repeat","background-position":"center center","background-size":"auto","background-attachment":"scroll","background-type":"","background-media":"","overlay-type":"","overlay-color":"","overlay-opacity":"","overlay-gradient":""}},"ast-content-background-meta":{"desktop":{"background-color":"var(--ast-global-color-4)","background-image":"","background-repeat":"repeat","background-position":"center center","background-size":"auto","background-attachment":"scroll","background-type":"","background-media":"","overlay-type":"","overlay-color":"","overlay-opacity":"","overlay-gradient":""},"tablet":{"background-color":"var(--ast-global-color-4)","background-image":"","background-repeat":"repeat","background-position":"center center","background-size":"auto","background-attachment":"scroll","background-type":"","background-media":"","overlay-type":"","overlay-color":"","overlay-opacity":"","overlay-gradient":""},"mobile":{"background-color":"var(--ast-global-color-4)","background-image":"","background-repeat":"repeat","background-position":"center center","background-size":"auto","background-attachment":"scroll","background-type":"","background-media":"","overlay-type":"","overlay-color":"","overlay-opacity":"","overlay-gradient":""}}},"product_brand":[],"product_cat":[168],"product_tag":[],"class_list":{"0":"post-17323","1":"product","2":"type-product","3":"status-publish","4":"has-post-thumbnail","6":"product_cat-husholdningsartikler","7":"pa_66710_4fifhdmj-graa","8":"pa_66710_4fifhdmj-groen","9":"pa_66710_4fifhdmj-hvid","10":"desktop-align-left","11":"tablet-align-left","12":"mobile-align-left","14":"first","15":"instock","16":"shipping-taxable","17":"purchasable","18":"product-type-variable"},"yoast_head":"<!-- This site is optimized with the Yoast SEO plugin v27.4 - https:\/\/yoast.com\/product\/yoast-seo-wordpress\/ -->\n<title>Opbevaringsm\u00e5tte i silikone til k\u00f8kkenet - Mekulo DK<\/title>\n<meta name=\"robots\" content=\"index, follow, max-snippet:-1, max-image-preview:large, max-video-preview:-1\" \/>\n<link rel=\"canonical\" href=\"https:\/\/mekulo.com\/dk\/produkt\/opbevaringsmaatte-i-silikone-til-koekkenet\/\" \/>\n<meta property=\"og:locale\" content=\"da_DK\" \/>\n<meta property=\"og:type\" content=\"article\" \/>\n<meta property=\"og:title\" content=\"Opbevaringsm\u00e5tte i silikone til k\u00f8kkenet - Mekulo DK\" \/>\n<meta property=\"og:description\" content=\"Denne k\u00f8kkenopbevaringsm\u00e5tte i silikone forvandler ubrugt bordplads til et smart, ryddeligt omr\u00e5de til l\u00e5g, redskaber og k\u00f8kkenv\u00e6rkt\u00f8j. Dens varmebestandige, skridsikre design beskytter overflader mod snavs, fugt og varme, samtidig med at alt er lige der, hvor du har brug for det. En enkel k\u00f8kkenopgradering, der holder dit k\u00f8kkenbord renere, sikrere og mere organiseret hver dag.\" \/>\n<meta property=\"og:url\" content=\"https:\/\/mekulo.com\/dk\/produkt\/opbevaringsmaatte-i-silikone-til-koekkenet\/\" \/>\n<meta property=\"og:site_name\" content=\"Mekulo DK\" \/>\n<meta property=\"article:modified_time\" content=\"2026-01-14T18:26:52+00:00\" \/>\n<meta property=\"og:image\" content=\"https:\/\/mekulo.com\/dk\/wp-content\/uploads\/sites\/12\/2026\/01\/n1wv4m3-1.webp\" \/>\n\t<meta property=\"og:image:width\" content=\"713\" \/>\n\t<meta property=\"og:image:height\" content=\"713\" \/>\n\t<meta property=\"og:image:type\" content=\"image\/webp\" \/>\n<meta name=\"twitter:card\" content=\"summary_large_image\" \/>\n<meta name=\"twitter:label1\" content=\"Estimeret l\u00e6setid\" \/>\n\t<meta name=\"twitter:data1\" content=\"2 minutter\" \/>\n<script type=\"application\/ld+json\" class=\"yoast-schema-graph\">{\"@context\":\"https:\\\/\\\/schema.org\",\"@graph\":[{\"@type\":\"WebPage\",\"@id\":\"https:\\\/\\\/mekulo.com\\\/dk\\\/produkt\\\/opbevaringsmaatte-i-silikone-til-koekkenet\\\/\",\"url\":\"https:\\\/\\\/mekulo.com\\\/dk\\\/produkt\\\/opbevaringsmaatte-i-silikone-til-koekkenet\\\/\",\"name\":\"Opbevaringsm\u00e5tte i silikone til k\u00f8kkenet - Mekulo DK\",\"isPartOf\":{\"@id\":\"https:\\\/\\\/mekulo.com\\\/dk\\\/#website\"},\"primaryImageOfPage\":{\"@id\":\"https:\\\/\\\/mekulo.com\\\/dk\\\/produkt\\\/opbevaringsmaatte-i-silikone-til-koekkenet\\\/#primaryimage\"},\"image\":{\"@id\":\"https:\\\/\\\/mekulo.com\\\/dk\\\/produkt\\\/opbevaringsmaatte-i-silikone-til-koekkenet\\\/#primaryimage\"},\"thumbnailUrl\":\"https:\\\/\\\/mekulo.com\\\/dk\\\/wp-content\\\/uploads\\\/sites\\\/12\\\/2026\\\/01\\\/n1wv4m3-1.webp\",\"datePublished\":\"2026-01-13T16:54:34+00:00\",\"dateModified\":\"2026-01-14T18:26:52+00:00\",\"breadcrumb\":{\"@id\":\"https:\\\/\\\/mekulo.com\\\/dk\\\/produkt\\\/opbevaringsmaatte-i-silikone-til-koekkenet\\\/#breadcrumb\"},\"inLanguage\":\"da-DK\",\"potentialAction\":[{\"@type\":\"ReadAction\",\"target\":[\"https:\\\/\\\/mekulo.com\\\/dk\\\/produkt\\\/opbevaringsmaatte-i-silikone-til-koekkenet\\\/\"]}]},{\"@type\":\"ImageObject\",\"inLanguage\":\"da-DK\",\"@id\":\"https:\\\/\\\/mekulo.com\\\/dk\\\/produkt\\\/opbevaringsmaatte-i-silikone-til-koekkenet\\\/#primaryimage\",\"url\":\"https:\\\/\\\/mekulo.com\\\/dk\\\/wp-content\\\/uploads\\\/sites\\\/12\\\/2026\\\/01\\\/n1wv4m3-1.webp\",\"contentUrl\":\"https:\\\/\\\/mekulo.com\\\/dk\\\/wp-content\\\/uploads\\\/sites\\\/12\\\/2026\\\/01\\\/n1wv4m3-1.webp\",\"width\":713,\"height\":713},{\"@type\":\"BreadcrumbList\",\"@id\":\"https:\\\/\\\/mekulo.com\\\/dk\\\/produkt\\\/opbevaringsmaatte-i-silikone-til-koekkenet\\\/#breadcrumb\",\"itemListElement\":[{\"@type\":\"ListItem\",\"position\":1,\"name\":\"Home\",\"item\":\"https:\\\/\\\/mekulo.com\\\/dk\\\/\"},{\"@type\":\"ListItem\",\"position\":2,\"name\":\"Butik\",\"item\":\"https:\\\/\\\/mekulo.com\\\/dk\\\/butik\\\/\"},{\"@type\":\"ListItem\",\"position\":3,\"name\":\"Opbevaringsm\u00e5tte i silikone til k\u00f8kkenet\"}]},{\"@type\":\"WebSite\",\"@id\":\"https:\\\/\\\/mekulo.com\\\/dk\\\/#website\",\"url\":\"https:\\\/\\\/mekulo.com\\\/dk\\\/\",\"name\":\"Mekulo DK\",\"description\":\"\",\"publisher\":{\"@id\":\"https:\\\/\\\/mekulo.com\\\/dk\\\/#organization\"},\"potentialAction\":[{\"@type\":\"SearchAction\",\"target\":{\"@type\":\"EntryPoint\",\"urlTemplate\":\"https:\\\/\\\/mekulo.com\\\/dk\\\/?s={search_term_string}\"},\"query-input\":{\"@type\":\"PropertyValueSpecification\",\"valueRequired\":true,\"valueName\":\"search_term_string\"}}],\"inLanguage\":\"da-DK\"},{\"@type\":\"Organization\",\"@id\":\"https:\\\/\\\/mekulo.com\\\/dk\\\/#organization\",\"name\":\"Mekulo\",\"url\":\"https:\\\/\\\/mekulo.com\\\/dk\\\/\",\"logo\":{\"@type\":\"ImageObject\",\"inLanguage\":\"da-DK\",\"@id\":\"https:\\\/\\\/mekulo.com\\\/dk\\\/#\\\/schema\\\/logo\\\/image\\\/\",\"url\":\"https:\\\/\\\/mekulo.com\\\/dk\\\/wp-content\\\/uploads\\\/sites\\\/12\\\/2025\\\/12\\\/favicon_mekulo.png\",\"contentUrl\":\"https:\\\/\\\/mekulo.com\\\/dk\\\/wp-content\\\/uploads\\\/sites\\\/12\\\/2025\\\/12\\\/favicon_mekulo.png\",\"width\":50,\"height\":50,\"caption\":\"Mekulo\"},\"image\":{\"@id\":\"https:\\\/\\\/mekulo.com\\\/dk\\\/#\\\/schema\\\/logo\\\/image\\\/\"}}]}<\/script>\n<!-- \/ Yoast SEO plugin. -->","yoast_head_json":{"title":"Opbevaringsm\u00e5tte i silikone til k\u00f8kkenet - Mekulo DK","robots":{"index":"index","follow":"follow","max-snippet":"max-snippet:-1","max-image-preview":"max-image-preview:large","max-video-preview":"max-video-preview:-1"},"canonical":"https:\/\/mekulo.com\/dk\/produkt\/opbevaringsmaatte-i-silikone-til-koekkenet\/","og_locale":"da_DK","og_type":"article","og_title":"Opbevaringsm\u00e5tte i silikone til k\u00f8kkenet - Mekulo DK","og_description":"Denne k\u00f8kkenopbevaringsm\u00e5tte i silikone forvandler ubrugt bordplads til et smart, ryddeligt omr\u00e5de til l\u00e5g, redskaber og k\u00f8kkenv\u00e6rkt\u00f8j. Dens varmebestandige, skridsikre design beskytter overflader mod snavs, fugt og varme, samtidig med at alt er lige der, hvor du har brug for det. En enkel k\u00f8kkenopgradering, der holder dit k\u00f8kkenbord renere, sikrere og mere organiseret hver dag.","og_url":"https:\/\/mekulo.com\/dk\/produkt\/opbevaringsmaatte-i-silikone-til-koekkenet\/","og_site_name":"Mekulo DK","article_modified_time":"2026-01-14T18:26:52+00:00","og_image":[{"width":713,"height":713,"url":"https:\/\/mekulo.com\/dk\/wp-content\/uploads\/sites\/12\/2026\/01\/n1wv4m3-1.webp","type":"image\/webp"}],"twitter_card":"summary_large_image","twitter_misc":{"Estimeret l\u00e6setid":"2 minutter"},"schema":{"@context":"https:\/\/schema.org","@graph":[{"@type":"WebPage","@id":"https:\/\/mekulo.com\/dk\/produkt\/opbevaringsmaatte-i-silikone-til-koekkenet\/","url":"https:\/\/mekulo.com\/dk\/produkt\/opbevaringsmaatte-i-silikone-til-koekkenet\/","name":"Opbevaringsm\u00e5tte i silikone til k\u00f8kkenet - Mekulo DK","isPartOf":{"@id":"https:\/\/mekulo.com\/dk\/#website"},"primaryImageOfPage":{"@id":"https:\/\/mekulo.com\/dk\/produkt\/opbevaringsmaatte-i-silikone-til-koekkenet\/#primaryimage"},"image":{"@id":"https:\/\/mekulo.com\/dk\/produkt\/opbevaringsmaatte-i-silikone-til-koekkenet\/#primaryimage"},"thumbnailUrl":"https:\/\/mekulo.com\/dk\/wp-content\/uploads\/sites\/12\/2026\/01\/n1wv4m3-1.webp","datePublished":"2026-01-13T16:54:34+00:00","dateModified":"2026-01-14T18:26:52+00:00","breadcrumb":{"@id":"https:\/\/mekulo.com\/dk\/produkt\/opbevaringsmaatte-i-silikone-til-koekkenet\/#breadcrumb"},"inLanguage":"da-DK","potentialAction":[{"@type":"ReadAction","target":["https:\/\/mekulo.com\/dk\/produkt\/opbevaringsmaatte-i-silikone-til-koekkenet\/"]}]},{"@type":"ImageObject","inLanguage":"da-DK","@id":"https:\/\/mekulo.com\/dk\/produkt\/opbevaringsmaatte-i-silikone-til-koekkenet\/#primaryimage","url":"https:\/\/mekulo.com\/dk\/wp-content\/uploads\/sites\/12\/2026\/01\/n1wv4m3-1.webp","contentUrl":"https:\/\/mekulo.com\/dk\/wp-content\/uploads\/sites\/12\/2026\/01\/n1wv4m3-1.webp","width":713,"height":713},{"@type":"BreadcrumbList","@id":"https:\/\/mekulo.com\/dk\/produkt\/opbevaringsmaatte-i-silikone-til-koekkenet\/#breadcrumb","itemListElement":[{"@type":"ListItem","position":1,"name":"Home","item":"https:\/\/mekulo.com\/dk\/"},{"@type":"ListItem","position":2,"name":"Butik","item":"https:\/\/mekulo.com\/dk\/butik\/"},{"@type":"ListItem","position":3,"name":"Opbevaringsm\u00e5tte i silikone til k\u00f8kkenet"}]},{"@type":"WebSite","@id":"https:\/\/mekulo.com\/dk\/#website","url":"https:\/\/mekulo.com\/dk\/","name":"Mekulo DK","description":"","publisher":{"@id":"https:\/\/mekulo.com\/dk\/#organization"},"potentialAction":[{"@type":"SearchAction","target":{"@type":"EntryPoint","urlTemplate":"https:\/\/mekulo.com\/dk\/?s={search_term_string}"},"query-input":{"@type":"PropertyValueSpecification","valueRequired":true,"valueName":"search_term_string"}}],"inLanguage":"da-DK"},{"@type":"Organization","@id":"https:\/\/mekulo.com\/dk\/#organization","name":"Mekulo","url":"https:\/\/mekulo.com\/dk\/","logo":{"@type":"ImageObject","inLanguage":"da-DK","@id":"https:\/\/mekulo.com\/dk\/#\/schema\/logo\/image\/","url":"https:\/\/mekulo.com\/dk\/wp-content\/uploads\/sites\/12\/2025\/12\/favicon_mekulo.png","contentUrl":"https:\/\/mekulo.com\/dk\/wp-content\/uploads\/sites\/12\/2025\/12\/favicon_mekulo.png","width":50,"height":50,"caption":"Mekulo"},"image":{"@id":"https:\/\/mekulo.com\/dk\/#\/schema\/logo\/image\/"}}]}},"_links":{"self":[{"href":"https:\/\/mekulo.com\/dk\/wp-json\/wp\/v2\/product\/17323","targetHints":{"allow":["GET"]}}],"collection":[{"href":"https:\/\/mekulo.com\/dk\/wp-json\/wp\/v2\/product"}],"about":[{"href":"https:\/\/mekulo.com\/dk\/wp-json\/wp\/v2\/types\/product"}],"replies":[{"embeddable":true,"href":"https:\/\/mekulo.com\/dk\/wp-json\/wp\/v2\/comments?post=17323"}],"wp:featuredmedia":[{"embeddable":true,"href":"https:\/\/mekulo.com\/dk\/wp-json\/wp\/v2\/media\/17319"}],"wp:attachment":[{"href":"https:\/\/mekulo.com\/dk\/wp-json\/wp\/v2\/media?parent=17323"}],"wp:term":[{"taxonomy":"product_brand","embeddable":true,"href":"https:\/\/mekulo.com\/dk\/wp-json\/wp\/v2\/product_brand?post=17323"},{"taxonomy":"product_cat","embeddable":true,"href":"https:\/\/mekulo.com\/dk\/wp-json\/wp\/v2\/product_cat?post=17323"},{"taxonomy":"product_tag","embeddable":true,"href":"https:\/\/mekulo.com\/dk\/wp-json\/wp\/v2\/product_tag?post=17323"}],"curies":[{"name":"wp","href":"https:\/\/api.w.org\/{rel}","templated":true}]}}