{"id":17281,"date":"2026-01-13T18:51:24","date_gmt":"2026-01-13T16:51:24","guid":{"rendered":"https:\/\/mekulo.com\/dk\/produkt\/bloedt-flydende-ormeforfang\/"},"modified":"2026-03-02T12:33:18","modified_gmt":"2026-03-02T10:33:18","slug":"bloedt-flydende-ormeforfang","status":"publish","type":"product","link":"https:\/\/mekulo.com\/dk\/produkt\/bloedt-flydende-ormeforfang\/","title":{"rendered":"Bl\u00f8dt flydende ormeforfang"},"content":{"rendered":"<p style=\"text-align: center;\" data-start=\"0\" data-end=\"75\"><strong data-start=\"0\" data-end=\"75\">Tiltr\u00e6k flere fisk med et bl\u00f8dt, flydende lokkemiddel, der bev\u00e6ger sig som rigtig madding. \ud83d\udc1f<\/strong><\/p>\n<p data-start=\"0\" data-end=\"75\"><img fetchpriority=\"high\" decoding=\"async\" class=\"size-full wp-image-18665 aligncenter\" src=\"https:\/\/mekulo.com\/template\/wp-content\/uploads\/sites\/6\/2026\/01\/spp_20250826183329_ab0cd61e65ea3b07a4eb93c881e4ebc5.webp\" alt=\"\" width=\"800\" height=\"800\" \/><\/p>\n<h2 style=\"text-align: center;\" data-start=\"300\" data-end=\"320\"><strong>\ud83c\udfaf Vigtigste fordele<\/strong><\/h2>\n<p data-start=\"324\" data-end=\"384\">\ud83d\udc1f Realistisk fornemmelse &#8211; Bl\u00f8d tekstur f\u00f8les naturlig for fisk.<\/p>\n<p data-start=\"387\" data-end=\"451\">\ud83c\udf0a Flydende handling &#8211; Holder sig v\u00e6k fra bunden og er let at f\u00e5 \u00f8je p\u00e5.<\/p>\n<p data-start=\"454\" data-end=\"512\">\ud83c\udf00 Dynamisk bev\u00e6gelse &#8211; Driller fisk og udl\u00f8ser bid.<\/p>\n<p data-start=\"515\" data-end=\"586\">\ud83c\udfa3 Flere st\u00f8rrelser tilg\u00e6ngelige &#8211; Match forskellige fisk og forhold.<\/p>\n<p data-start=\"589\" data-end=\"649\">\ud83d\udce6 Mulighed for store m\u00e6ngder &#8211; Perfekt til afslappede og seri\u00f8se lystfiskere.<\/p>\n<p data-start=\"589\" data-end=\"649\"><img decoding=\"async\" class=\"size-full wp-image-18662 aligncenter\" src=\"https:\/\/mekulo.com\/template\/wp-content\/uploads\/sites\/6\/2026\/01\/spp_20250826183341_44cb1217c1adbcf3a6a47d269bcea7e9.jpg\" alt=\"\" width=\"1080\" height=\"1080\" \/><\/p>\n<h2 style=\"text-align: center;\" data-start=\"656\" data-end=\"674\"><strong>\ud83d\udee0\ufe0f S\u00e5dan Bruges<\/strong><\/h2>\n<ol data-start=\"676\" data-end=\"897\">\n<li data-start=\"676\" data-end=\"723\">\n<p data-start=\"679\" data-end=\"723\">V\u00e6lg perlest\u00f8rrelsen baseret p\u00e5 m\u00e5lfisken.<\/p>\n<\/li>\n<li data-start=\"724\" data-end=\"775\">\n<p data-start=\"727\" data-end=\"775\">Tr\u00e5d eller fastg\u00f8r agnen til din krog eller rig.<\/p>\n<\/li>\n<li data-start=\"776\" data-end=\"808\">\n<p data-start=\"779\" data-end=\"808\">Kast ud i fiskeomr\u00e5det.<\/p>\n<\/li>\n<li data-start=\"809\" data-end=\"852\">\n<p data-start=\"812\" data-end=\"852\">Lad agnen flyde og bev\u00e6ge sig naturligt.<\/p>\n<\/li>\n<li data-start=\"853\" data-end=\"897\">\n<p data-start=\"856\" data-end=\"897\">Hent den langsomt ind for at skabe pirrende bev\u00e6gelse.<\/p>\n<\/li>\n<\/ol>\n<h2 style=\"text-align: center;\" data-start=\"904\" data-end=\"926\"><strong>\ud83d\udccf Produktdetaljer<\/strong><\/h2>\n<ul data-start=\"928\" data-end=\"1134\">\n<li data-start=\"928\" data-end=\"953\">\n<p data-start=\"930\" data-end=\"953\">Materiale: Bl\u00f8d gummi<\/p>\n<\/li>\n<li data-start=\"954\" data-end=\"1059\">\n<p data-start=\"956\" data-end=\"975\">Diametermuligheder:<\/p>\n<ul data-start=\"978\" data-end=\"1059\">\n<li data-start=\"978\" data-end=\"1003\">\n<p data-start=\"980\" data-end=\"1003\">4mm (500 stk)<\/p>\n<\/li>\n<li data-start=\"1006\" data-end=\"1031\">\n<p data-start=\"1008\" data-end=\"1031\">6mm (200 stk)<\/p>\n<\/li>\n<li data-start=\"1034\" data-end=\"1059\">\n<p data-start=\"1036\" data-end=\"1059\">10mm (50 stk)<\/p>\n<\/li>\n<\/ul>\n<\/li>\n<li data-start=\"1060\" data-end=\"1092\">\n<p data-start=\"1062\" data-end=\"1092\">Handling: Anti-bund flydende<\/p>\n<\/li>\n<li data-start=\"1093\" data-end=\"1134\">\n<p data-start=\"1095\" data-end=\"1134\">Brug: Fersk- og saltvandsfiskeri<\/p>\n<\/li>\n<\/ul>\n<h2 style=\"text-align: center;\" data-start=\"1141\" data-end=\"1164\"><strong>\ud83d\udce6 Pakken indeholder<\/strong><\/h2>\n<ul data-start=\"1166\" data-end=\"1239\">\n<li data-start=\"1166\" data-end=\"1239\">\n<p data-start=\"1168\" data-end=\"1239\">50 (10 mm), 200 (6 mm), 500 (4 mm)x bl\u00f8de flydende ormeforfang.<\/p>\n<\/li>\n<\/ul>\n","protected":false},"excerpt":{"rendered":"<p>Dette bl\u00f8de, flydende ormeagn er designet til at pirre fiskene med naturlig bev\u00e6gelse og en realistisk fornemmelse. Den er lavet af bl\u00f8dt gummi, forbliver synlig i vandet og \u00f8ger bidchancerne ved b\u00e5de vildt fiskeri og blinkfiskeri. Et enkelt, men effektivt agn, der hj\u00e6lper dig med at fange flere fisk med mindre indsats.<\/p>\n","protected":false},"featured_media":17277,"comment_status":"open","ping_status":"closed","template":"","meta":{"site-sidebar-layout":"default","site-content-layout":"","ast-site-content-layout":"default","site-content-style":"default","site-sidebar-style":"default","ast-global-header-display":"","ast-banner-title-visibility":"","ast-main-header-display":"","ast-hfb-above-header-display":"","ast-hfb-below-header-display":"","ast-hfb-mobile-header-display":"","site-post-title":"","ast-breadcrumbs-content":"","ast-featured-img":"","footer-sml-layout":"","theme-transparent-header-meta":"default","adv-header-id-meta":"","stick-header-meta":"","header-above-stick-meta":"","header-main-stick-meta":"","header-below-stick-meta":"","astra-migrate-meta-layouts":"set","ast-page-background-enabled":"default","ast-page-background-meta":{"desktop":{"background-color":"var(--ast-global-color-5)","background-image":"","background-repeat":"repeat","background-position":"center center","background-size":"auto","background-attachment":"scroll","background-type":"","background-media":"","overlay-type":"","overlay-color":"","overlay-opacity":"","overlay-gradient":""},"tablet":{"background-color":"","background-image":"","background-repeat":"repeat","background-position":"center center","background-size":"auto","background-attachment":"scroll","background-type":"","background-media":"","overlay-type":"","overlay-color":"","overlay-opacity":"","overlay-gradient":""},"mobile":{"background-color":"","background-image":"","background-repeat":"repeat","background-position":"center center","background-size":"auto","background-attachment":"scroll","background-type":"","background-media":"","overlay-type":"","overlay-color":"","overlay-opacity":"","overlay-gradient":""}},"ast-content-background-meta":{"desktop":{"background-color":"var(--ast-global-color-4)","background-image":"","background-repeat":"repeat","background-position":"center center","background-size":"auto","background-attachment":"scroll","background-type":"","background-media":"","overlay-type":"","overlay-color":"","overlay-opacity":"","overlay-gradient":""},"tablet":{"background-color":"var(--ast-global-color-4)","background-image":"","background-repeat":"repeat","background-position":"center center","background-size":"auto","background-attachment":"scroll","background-type":"","background-media":"","overlay-type":"","overlay-color":"","overlay-opacity":"","overlay-gradient":""},"mobile":{"background-color":"var(--ast-global-color-4)","background-image":"","background-repeat":"repeat","background-position":"center center","background-size":"auto","background-attachment":"scroll","background-type":"","background-media":"","overlay-type":"","overlay-color":"","overlay-opacity":"","overlay-gradient":""}}},"product_brand":[],"product_cat":[167],"product_tag":[],"class_list":{"0":"post-17281","1":"product","2":"type-product","3":"status-publish","4":"has-post-thumbnail","6":"product_cat-vandreture-camping-og-fritidsartikler","7":"pa_66698_bxsohdox-gul","8":"pa_66698_bxsohdox-roed","9":"pa_66698_rvrvght3-10-mm","10":"pa_66698_rvrvght3-4-mm","11":"pa_66698_rvrvght3-6-mm","12":"desktop-align-left","13":"tablet-align-left","14":"mobile-align-left","16":"first","17":"instock","18":"shipping-taxable","19":"purchasable","20":"product-type-variable","21":"has-default-attributes"},"yoast_head":"<!-- This site is optimized with the Yoast SEO plugin v26.6 - https:\/\/yoast.com\/wordpress\/plugins\/seo\/ -->\n<title>Bl\u00f8dt flydende ormeforfang - Mekulo DK<\/title>\n<meta name=\"robots\" content=\"index, follow, max-snippet:-1, max-image-preview:large, max-video-preview:-1\" \/>\n<link rel=\"canonical\" href=\"https:\/\/mekulo.com\/dk\/produkt\/bloedt-flydende-ormeforfang\/\" \/>\n<meta property=\"og:locale\" content=\"da_DK\" \/>\n<meta property=\"og:type\" content=\"article\" \/>\n<meta property=\"og:title\" content=\"Bl\u00f8dt flydende ormeforfang - Mekulo DK\" \/>\n<meta property=\"og:description\" content=\"Dette bl\u00f8de, flydende ormeagn er designet til at pirre fiskene med naturlig bev\u00e6gelse og en realistisk fornemmelse. Den er lavet af bl\u00f8dt gummi, forbliver synlig i vandet og \u00f8ger bidchancerne ved b\u00e5de vildt fiskeri og blinkfiskeri. Et enkelt, men effektivt agn, der hj\u00e6lper dig med at fange flere fisk med mindre indsats.\" \/>\n<meta property=\"og:url\" content=\"https:\/\/mekulo.com\/dk\/produkt\/bloedt-flydende-ormeforfang\/\" \/>\n<meta property=\"og:site_name\" content=\"Mekulo DK\" \/>\n<meta property=\"article:modified_time\" content=\"2026-03-02T10:33:18+00:00\" \/>\n<meta property=\"og:image\" content=\"https:\/\/mekulo.com\/dk\/wp-content\/uploads\/sites\/12\/2026\/01\/a4xqde3-1.jpg\" \/>\n\t<meta property=\"og:image:width\" content=\"960\" \/>\n\t<meta property=\"og:image:height\" content=\"960\" \/>\n\t<meta property=\"og:image:type\" content=\"image\/jpeg\" \/>\n<meta name=\"twitter:card\" content=\"summary_large_image\" \/>\n<meta name=\"twitter:label1\" content=\"Estimeret l\u00e6setid\" \/>\n\t<meta name=\"twitter:data1\" content=\"2 minutter\" \/>\n<script type=\"application\/ld+json\" class=\"yoast-schema-graph\">{\"@context\":\"https:\/\/schema.org\",\"@graph\":[{\"@type\":\"WebPage\",\"@id\":\"https:\/\/mekulo.com\/dk\/produkt\/bloedt-flydende-ormeforfang\/\",\"url\":\"https:\/\/mekulo.com\/dk\/produkt\/bloedt-flydende-ormeforfang\/\",\"name\":\"Bl\u00f8dt flydende ormeforfang - Mekulo DK\",\"isPartOf\":{\"@id\":\"https:\/\/mekulo.com\/dk\/#website\"},\"primaryImageOfPage\":{\"@id\":\"https:\/\/mekulo.com\/dk\/produkt\/bloedt-flydende-ormeforfang\/#primaryimage\"},\"image\":{\"@id\":\"https:\/\/mekulo.com\/dk\/produkt\/bloedt-flydende-ormeforfang\/#primaryimage\"},\"thumbnailUrl\":\"https:\/\/mekulo.com\/dk\/wp-content\/uploads\/sites\/12\/2026\/01\/a4xqde3-1.jpg\",\"datePublished\":\"2026-01-13T16:51:24+00:00\",\"dateModified\":\"2026-03-02T10:33:18+00:00\",\"breadcrumb\":{\"@id\":\"https:\/\/mekulo.com\/dk\/produkt\/bloedt-flydende-ormeforfang\/#breadcrumb\"},\"inLanguage\":\"da-DK\",\"potentialAction\":[{\"@type\":\"ReadAction\",\"target\":[\"https:\/\/mekulo.com\/dk\/produkt\/bloedt-flydende-ormeforfang\/\"]}]},{\"@type\":\"ImageObject\",\"inLanguage\":\"da-DK\",\"@id\":\"https:\/\/mekulo.com\/dk\/produkt\/bloedt-flydende-ormeforfang\/#primaryimage\",\"url\":\"https:\/\/mekulo.com\/dk\/wp-content\/uploads\/sites\/12\/2026\/01\/a4xqde3-1.jpg\",\"contentUrl\":\"https:\/\/mekulo.com\/dk\/wp-content\/uploads\/sites\/12\/2026\/01\/a4xqde3-1.jpg\",\"width\":960,\"height\":960},{\"@type\":\"BreadcrumbList\",\"@id\":\"https:\/\/mekulo.com\/dk\/produkt\/bloedt-flydende-ormeforfang\/#breadcrumb\",\"itemListElement\":[{\"@type\":\"ListItem\",\"position\":1,\"name\":\"Home\",\"item\":\"https:\/\/mekulo.com\/dk\/\"},{\"@type\":\"ListItem\",\"position\":2,\"name\":\"Butik\",\"item\":\"https:\/\/mekulo.com\/dk\/butik\/\"},{\"@type\":\"ListItem\",\"position\":3,\"name\":\"Bl\u00f8dt flydende ormeforfang\"}]},{\"@type\":\"WebSite\",\"@id\":\"https:\/\/mekulo.com\/dk\/#website\",\"url\":\"https:\/\/mekulo.com\/dk\/\",\"name\":\"Mekulo DK\",\"description\":\"\",\"publisher\":{\"@id\":\"https:\/\/mekulo.com\/dk\/#organization\"},\"potentialAction\":[{\"@type\":\"SearchAction\",\"target\":{\"@type\":\"EntryPoint\",\"urlTemplate\":\"https:\/\/mekulo.com\/dk\/?s={search_term_string}\"},\"query-input\":{\"@type\":\"PropertyValueSpecification\",\"valueRequired\":true,\"valueName\":\"search_term_string\"}}],\"inLanguage\":\"da-DK\"},{\"@type\":\"Organization\",\"@id\":\"https:\/\/mekulo.com\/dk\/#organization\",\"name\":\"Mekulo\",\"url\":\"https:\/\/mekulo.com\/dk\/\",\"logo\":{\"@type\":\"ImageObject\",\"inLanguage\":\"da-DK\",\"@id\":\"https:\/\/mekulo.com\/dk\/#\/schema\/logo\/image\/\",\"url\":\"https:\/\/mekulo.com\/dk\/wp-content\/uploads\/sites\/12\/2025\/12\/favicon_mekulo.png\",\"contentUrl\":\"https:\/\/mekulo.com\/dk\/wp-content\/uploads\/sites\/12\/2025\/12\/favicon_mekulo.png\",\"width\":50,\"height\":50,\"caption\":\"Mekulo\"},\"image\":{\"@id\":\"https:\/\/mekulo.com\/dk\/#\/schema\/logo\/image\/\"}}]}<\/script>\n<!-- \/ Yoast SEO plugin. -->","yoast_head_json":{"title":"Bl\u00f8dt flydende ormeforfang - Mekulo DK","robots":{"index":"index","follow":"follow","max-snippet":"max-snippet:-1","max-image-preview":"max-image-preview:large","max-video-preview":"max-video-preview:-1"},"canonical":"https:\/\/mekulo.com\/dk\/produkt\/bloedt-flydende-ormeforfang\/","og_locale":"da_DK","og_type":"article","og_title":"Bl\u00f8dt flydende ormeforfang - Mekulo DK","og_description":"Dette bl\u00f8de, flydende ormeagn er designet til at pirre fiskene med naturlig bev\u00e6gelse og en realistisk fornemmelse. Den er lavet af bl\u00f8dt gummi, forbliver synlig i vandet og \u00f8ger bidchancerne ved b\u00e5de vildt fiskeri og blinkfiskeri. Et enkelt, men effektivt agn, der hj\u00e6lper dig med at fange flere fisk med mindre indsats.","og_url":"https:\/\/mekulo.com\/dk\/produkt\/bloedt-flydende-ormeforfang\/","og_site_name":"Mekulo DK","article_modified_time":"2026-03-02T10:33:18+00:00","og_image":[{"width":960,"height":960,"url":"https:\/\/mekulo.com\/dk\/wp-content\/uploads\/sites\/12\/2026\/01\/a4xqde3-1.jpg","type":"image\/jpeg"}],"twitter_card":"summary_large_image","twitter_misc":{"Estimeret l\u00e6setid":"2 minutter"},"schema":{"@context":"https:\/\/schema.org","@graph":[{"@type":"WebPage","@id":"https:\/\/mekulo.com\/dk\/produkt\/bloedt-flydende-ormeforfang\/","url":"https:\/\/mekulo.com\/dk\/produkt\/bloedt-flydende-ormeforfang\/","name":"Bl\u00f8dt flydende ormeforfang - Mekulo DK","isPartOf":{"@id":"https:\/\/mekulo.com\/dk\/#website"},"primaryImageOfPage":{"@id":"https:\/\/mekulo.com\/dk\/produkt\/bloedt-flydende-ormeforfang\/#primaryimage"},"image":{"@id":"https:\/\/mekulo.com\/dk\/produkt\/bloedt-flydende-ormeforfang\/#primaryimage"},"thumbnailUrl":"https:\/\/mekulo.com\/dk\/wp-content\/uploads\/sites\/12\/2026\/01\/a4xqde3-1.jpg","datePublished":"2026-01-13T16:51:24+00:00","dateModified":"2026-03-02T10:33:18+00:00","breadcrumb":{"@id":"https:\/\/mekulo.com\/dk\/produkt\/bloedt-flydende-ormeforfang\/#breadcrumb"},"inLanguage":"da-DK","potentialAction":[{"@type":"ReadAction","target":["https:\/\/mekulo.com\/dk\/produkt\/bloedt-flydende-ormeforfang\/"]}]},{"@type":"ImageObject","inLanguage":"da-DK","@id":"https:\/\/mekulo.com\/dk\/produkt\/bloedt-flydende-ormeforfang\/#primaryimage","url":"https:\/\/mekulo.com\/dk\/wp-content\/uploads\/sites\/12\/2026\/01\/a4xqde3-1.jpg","contentUrl":"https:\/\/mekulo.com\/dk\/wp-content\/uploads\/sites\/12\/2026\/01\/a4xqde3-1.jpg","width":960,"height":960},{"@type":"BreadcrumbList","@id":"https:\/\/mekulo.com\/dk\/produkt\/bloedt-flydende-ormeforfang\/#breadcrumb","itemListElement":[{"@type":"ListItem","position":1,"name":"Home","item":"https:\/\/mekulo.com\/dk\/"},{"@type":"ListItem","position":2,"name":"Butik","item":"https:\/\/mekulo.com\/dk\/butik\/"},{"@type":"ListItem","position":3,"name":"Bl\u00f8dt flydende ormeforfang"}]},{"@type":"WebSite","@id":"https:\/\/mekulo.com\/dk\/#website","url":"https:\/\/mekulo.com\/dk\/","name":"Mekulo DK","description":"","publisher":{"@id":"https:\/\/mekulo.com\/dk\/#organization"},"potentialAction":[{"@type":"SearchAction","target":{"@type":"EntryPoint","urlTemplate":"https:\/\/mekulo.com\/dk\/?s={search_term_string}"},"query-input":{"@type":"PropertyValueSpecification","valueRequired":true,"valueName":"search_term_string"}}],"inLanguage":"da-DK"},{"@type":"Organization","@id":"https:\/\/mekulo.com\/dk\/#organization","name":"Mekulo","url":"https:\/\/mekulo.com\/dk\/","logo":{"@type":"ImageObject","inLanguage":"da-DK","@id":"https:\/\/mekulo.com\/dk\/#\/schema\/logo\/image\/","url":"https:\/\/mekulo.com\/dk\/wp-content\/uploads\/sites\/12\/2025\/12\/favicon_mekulo.png","contentUrl":"https:\/\/mekulo.com\/dk\/wp-content\/uploads\/sites\/12\/2025\/12\/favicon_mekulo.png","width":50,"height":50,"caption":"Mekulo"},"image":{"@id":"https:\/\/mekulo.com\/dk\/#\/schema\/logo\/image\/"}}]}},"_links":{"self":[{"href":"https:\/\/mekulo.com\/dk\/wp-json\/wp\/v2\/product\/17281","targetHints":{"allow":["GET"]}}],"collection":[{"href":"https:\/\/mekulo.com\/dk\/wp-json\/wp\/v2\/product"}],"about":[{"href":"https:\/\/mekulo.com\/dk\/wp-json\/wp\/v2\/types\/product"}],"replies":[{"embeddable":true,"href":"https:\/\/mekulo.com\/dk\/wp-json\/wp\/v2\/comments?post=17281"}],"wp:featuredmedia":[{"embeddable":true,"href":"https:\/\/mekulo.com\/dk\/wp-json\/wp\/v2\/media\/17277"}],"wp:attachment":[{"href":"https:\/\/mekulo.com\/dk\/wp-json\/wp\/v2\/media?parent=17281"}],"wp:term":[{"taxonomy":"product_brand","embeddable":true,"href":"https:\/\/mekulo.com\/dk\/wp-json\/wp\/v2\/product_brand?post=17281"},{"taxonomy":"product_cat","embeddable":true,"href":"https:\/\/mekulo.com\/dk\/wp-json\/wp\/v2\/product_cat?post=17281"},{"taxonomy":"product_tag","embeddable":true,"href":"https:\/\/mekulo.com\/dk\/wp-json\/wp\/v2\/product_tag?post=17281"}],"curies":[{"name":"wp","href":"https:\/\/api.w.org\/{rel}","templated":true}]}}