{"id":17258,"date":"2026-01-13T18:49:29","date_gmt":"2026-01-13T16:49:29","guid":{"rendered":"https:\/\/mekulo.com\/dk\/produkt\/udtraekkelig-sikkerhedsboksskaerer\/"},"modified":"2026-01-14T20:20:26","modified_gmt":"2026-01-14T18:20:26","slug":"udtraekkelig-sikkerhedsboksskaerer","status":"publish","type":"product","link":"https:\/\/mekulo.com\/dk\/produkt\/udtraekkelig-sikkerhedsboksskaerer\/","title":{"rendered":"Udtr\u00e6kkelig sikkerhedsbokssk\u00e6rer"},"content":{"rendered":"<p style=\"text-align: center;\" data-start=\"0\" data-end=\"82\"><strong data-start=\"0\" data-end=\"82\">\u00c5bn pakker sikkert og hurtigt med en sk\u00e6rer, der er designet til at beskytte dine h\u00e6nder. \ud83c\udf81\ud83d\udce6<\/strong><\/p>\n<p data-start=\"84\" data-end=\"328\"><img fetchpriority=\"high\" decoding=\"async\" class=\"size-full wp-image-18646 aligncenter\" src=\"https:\/\/mekulo.com\/template\/wp-content\/uploads\/sites\/6\/2026\/01\/spp_shopify20250928143003_31440785a2983d54e619d4f92de4816a_c4a2ce33-65e2-4e45-a3b4-718f79a479c8.webp\" alt=\"\" width=\"713\" height=\"713\" \/><\/p>\n<h2 style=\"text-align: center;\" data-start=\"335\" data-end=\"354\"><strong>\u2728 Vigtigste fordele<\/strong><\/h2>\n<p data-start=\"358\" data-end=\"430\">\ud83d\udd12 Automatisk tilbagetr\u00e6kkende klinge &#8211; Klingen tr\u00e6kker sig \u00f8jeblikkeligt tilbage efter hvert snit.<\/p>\n<p data-start=\"433\" data-end=\"500\">\u2702\ufe0f Holdbar keramisk klinge &#8211; Skarp, rustfri og langtidsholdbar.<\/p>\n<p data-start=\"503\" data-end=\"573\">\ud83d\udd90\ufe0f Sikker enh\u00e5ndsbrug &#8211; Reducerer risikoen for snits\u00e5r og h\u00e5ndskader.<\/p>\n<p data-start=\"576\" data-end=\"633\">\ud83e\uddf2 Magnetisk design &#8211; Nem opbevaring p\u00e5 metaloverflader.<\/p>\n<p data-start=\"636\" data-end=\"708\">\ud83d\udce6 Perfekt til udpakning- Sk\u00e6rer hurtigt i tape, pap og emballage.<\/p>\n<p data-start=\"636\" data-end=\"708\"><img decoding=\"async\" class=\"size-full wp-image-18644 aligncenter\" src=\"https:\/\/mekulo.com\/template\/wp-content\/uploads\/sites\/6\/2026\/01\/spp_shopify20250928143003_30f17079a884e442615d809773c828a3_ad79d586-9ed9-40d3-b09d-2011bc438bc8.webp\" alt=\"\" width=\"713\" height=\"713\" \/><\/p>\n<h2 style=\"text-align: center;\" data-start=\"715\" data-end=\"733\"><strong>\ud83d\udee0\ufe0f S\u00e5dan Bruges<\/strong><\/h2>\n<ol data-start=\"735\" data-end=\"986\">\n<li data-start=\"735\" data-end=\"780\">\n<p data-start=\"738\" data-end=\"780\">Hold cutteren komfortabelt i \u00e9n h\u00e5nd.<\/p>\n<\/li>\n<li data-start=\"781\" data-end=\"835\">\n<p data-start=\"784\" data-end=\"835\">Tryk og skub bladet over tape eller pap.<\/p>\n<\/li>\n<li data-start=\"836\" data-end=\"883\">\n<p data-start=\"839\" data-end=\"883\">Slip trykket, n\u00e5r du har sk\u00e5ret.<\/p>\n<\/li>\n<li data-start=\"884\" data-end=\"933\">\n<p data-start=\"887\" data-end=\"933\">Bladet tr\u00e6kker sig automatisk tilbage af sikkerhedshensyn.<\/p>\n<\/li>\n<li data-start=\"934\" data-end=\"986\">\n<p data-start=\"937\" data-end=\"986\">Opbevar den p\u00e5 en metaloverflade ved hj\u00e6lp af den magnetiske bagside.<\/p>\n<\/li>\n<\/ol>\n<h2 style=\"text-align: center;\" data-start=\"993\" data-end=\"1015\"><strong>\ud83d\udccf Produktdetaljer<\/strong><\/h2>\n<ul data-start=\"1017\" data-end=\"1198\">\n<li data-start=\"1017\" data-end=\"1050\">\n<p data-start=\"1019\" data-end=\"1050\">Materiale: ABS + keramisk klinge<\/p>\n<\/li>\n<li data-start=\"1051\" data-end=\"1090\">\n<p data-start=\"1053\" data-end=\"1090\">Klingetype: Keramisk, rustbestandig<\/p>\n<\/li>\n<li data-start=\"1091\" data-end=\"1113\">\n<p data-start=\"1093\" data-end=\"1113\">St\u00f8rrelse: 5,9 x 4,1 cm<\/p>\n<\/li>\n<li data-start=\"1114\" data-end=\"1152\">\n<p data-start=\"1116\" data-end=\"1152\">Design: Automatisk tilbagetr\u00e6kning af bladet<\/p>\n<\/li>\n<li data-start=\"1153\" data-end=\"1198\">\n<p data-start=\"1155\" data-end=\"1198\">Anvendelse: Tape, pap, emballagematerialer<\/p>\n<\/li>\n<\/ul>\n<h2 style=\"text-align: center;\" data-start=\"1205\" data-end=\"1228\"><strong>\ud83d\udce6 Pakken indeholder<\/strong><\/h2>\n<ul data-start=\"1230\" data-end=\"1267\">\n<li data-start=\"1230\" data-end=\"1267\">\n<p data-start=\"1232\" data-end=\"1267\">1, 2, 4x tilbagetr\u00e6kkelig(e) sikkerhedsbokssk\u00e6rer(e).<\/p>\n<\/li>\n<\/ul>\n","protected":false},"excerpt":{"rendered":"<p>Denne udtr\u00e6kkelige sikkerheds\u00e6skesk\u00e6rer har et skarpt keramisk blad med automatisk tilbagetr\u00e6kning til at sk\u00e6re gennem tape og pap uden uheld. Den er kompakt, let og nem at styre og er perfekt til daglig udpakning derhjemme, p\u00e5 arbejdet eller p\u00e5 farten. Et kompakt, smart sk\u00e6rev\u00e6rkt\u00f8j, der g\u00f8r hver udpakning mere sikker, hurtigere og stressfri.<\/p>\n","protected":false},"featured_media":17254,"comment_status":"open","ping_status":"closed","template":"","meta":{"site-sidebar-layout":"default","site-content-layout":"","ast-site-content-layout":"default","site-content-style":"default","site-sidebar-style":"default","ast-global-header-display":"","ast-banner-title-visibility":"","ast-main-header-display":"","ast-hfb-above-header-display":"","ast-hfb-below-header-display":"","ast-hfb-mobile-header-display":"","site-post-title":"","ast-breadcrumbs-content":"","ast-featured-img":"","footer-sml-layout":"","ast-disable-related-posts":"","theme-transparent-header-meta":"default","adv-header-id-meta":"","stick-header-meta":"","header-above-stick-meta":"","header-main-stick-meta":"","header-below-stick-meta":"","astra-migrate-meta-layouts":"set","ast-page-background-enabled":"default","ast-page-background-meta":{"desktop":{"background-color":"var(--ast-global-color-5)","background-image":"","background-repeat":"repeat","background-position":"center center","background-size":"auto","background-attachment":"scroll","background-type":"","background-media":"","overlay-type":"","overlay-color":"","overlay-opacity":"","overlay-gradient":""},"tablet":{"background-color":"","background-image":"","background-repeat":"repeat","background-position":"center center","background-size":"auto","background-attachment":"scroll","background-type":"","background-media":"","overlay-type":"","overlay-color":"","overlay-opacity":"","overlay-gradient":""},"mobile":{"background-color":"","background-image":"","background-repeat":"repeat","background-position":"center center","background-size":"auto","background-attachment":"scroll","background-type":"","background-media":"","overlay-type":"","overlay-color":"","overlay-opacity":"","overlay-gradient":""}},"ast-content-background-meta":{"desktop":{"background-color":"var(--ast-global-color-4)","background-image":"","background-repeat":"repeat","background-position":"center center","background-size":"auto","background-attachment":"scroll","background-type":"","background-media":"","overlay-type":"","overlay-color":"","overlay-opacity":"","overlay-gradient":""},"tablet":{"background-color":"var(--ast-global-color-4)","background-image":"","background-repeat":"repeat","background-position":"center center","background-size":"auto","background-attachment":"scroll","background-type":"","background-media":"","overlay-type":"","overlay-color":"","overlay-opacity":"","overlay-gradient":""},"mobile":{"background-color":"var(--ast-global-color-4)","background-image":"","background-repeat":"repeat","background-position":"center center","background-size":"auto","background-attachment":"scroll","background-type":"","background-media":"","overlay-type":"","overlay-color":"","overlay-opacity":"","overlay-gradient":""}}},"product_brand":[],"product_cat":[168,171],"product_tag":[],"class_list":{"0":"post-17258","1":"product","2":"type-product","3":"status-publish","4":"has-post-thumbnail","6":"product_cat-husholdningsartikler","7":"product_cat-vaerktoejer","8":"pa_66657_irvv847b-khaki","9":"pa_66657_irvv847b-sort","10":"pa_66657_w5oh6uve-1-stk","11":"pa_66657_w5oh6uve-2-stk","12":"pa_66657_w5oh6uve-4-stk","13":"desktop-align-left","14":"tablet-align-left","15":"mobile-align-left","17":"first","18":"instock","19":"shipping-taxable","20":"purchasable","21":"product-type-variable"},"yoast_head":"<!-- This site is optimized with the Yoast SEO plugin v27.4 - https:\/\/yoast.com\/product\/yoast-seo-wordpress\/ -->\n<title>Udtr\u00e6kkelig sikkerhedsbokssk\u00e6rer - Mekulo DK<\/title>\n<meta name=\"robots\" content=\"index, follow, max-snippet:-1, max-image-preview:large, max-video-preview:-1\" \/>\n<link rel=\"canonical\" href=\"https:\/\/mekulo.com\/dk\/produkt\/udtraekkelig-sikkerhedsboksskaerer\/\" \/>\n<meta property=\"og:locale\" content=\"da_DK\" \/>\n<meta property=\"og:type\" content=\"article\" \/>\n<meta property=\"og:title\" content=\"Udtr\u00e6kkelig sikkerhedsbokssk\u00e6rer - Mekulo DK\" \/>\n<meta property=\"og:description\" content=\"Denne udtr\u00e6kkelige sikkerheds\u00e6skesk\u00e6rer har et skarpt keramisk blad med automatisk tilbagetr\u00e6kning til at sk\u00e6re gennem tape og pap uden uheld. Den er kompakt, let og nem at styre og er perfekt til daglig udpakning derhjemme, p\u00e5 arbejdet eller p\u00e5 farten. Et kompakt, smart sk\u00e6rev\u00e6rkt\u00f8j, der g\u00f8r hver udpakning mere sikker, hurtigere og stressfri.\" \/>\n<meta property=\"og:url\" content=\"https:\/\/mekulo.com\/dk\/produkt\/udtraekkelig-sikkerhedsboksskaerer\/\" \/>\n<meta property=\"og:site_name\" content=\"Mekulo DK\" \/>\n<meta property=\"article:modified_time\" content=\"2026-01-14T18:20:26+00:00\" \/>\n<meta property=\"og:image\" content=\"https:\/\/mekulo.com\/dk\/wp-content\/uploads\/sites\/12\/2026\/01\/cx31e3a-1.jpg\" \/>\n\t<meta property=\"og:image:width\" content=\"1080\" \/>\n\t<meta property=\"og:image:height\" content=\"1080\" \/>\n\t<meta property=\"og:image:type\" content=\"image\/jpeg\" \/>\n<meta name=\"twitter:card\" content=\"summary_large_image\" \/>\n<meta name=\"twitter:label1\" content=\"Estimeret l\u00e6setid\" \/>\n\t<meta name=\"twitter:data1\" content=\"2 minutter\" \/>\n<script type=\"application\/ld+json\" class=\"yoast-schema-graph\">{\"@context\":\"https:\\\/\\\/schema.org\",\"@graph\":[{\"@type\":\"WebPage\",\"@id\":\"https:\\\/\\\/mekulo.com\\\/dk\\\/produkt\\\/udtraekkelig-sikkerhedsboksskaerer\\\/\",\"url\":\"https:\\\/\\\/mekulo.com\\\/dk\\\/produkt\\\/udtraekkelig-sikkerhedsboksskaerer\\\/\",\"name\":\"Udtr\u00e6kkelig sikkerhedsbokssk\u00e6rer - Mekulo DK\",\"isPartOf\":{\"@id\":\"https:\\\/\\\/mekulo.com\\\/dk\\\/#website\"},\"primaryImageOfPage\":{\"@id\":\"https:\\\/\\\/mekulo.com\\\/dk\\\/produkt\\\/udtraekkelig-sikkerhedsboksskaerer\\\/#primaryimage\"},\"image\":{\"@id\":\"https:\\\/\\\/mekulo.com\\\/dk\\\/produkt\\\/udtraekkelig-sikkerhedsboksskaerer\\\/#primaryimage\"},\"thumbnailUrl\":\"https:\\\/\\\/mekulo.com\\\/dk\\\/wp-content\\\/uploads\\\/sites\\\/12\\\/2026\\\/01\\\/cx31e3a-1.jpg\",\"datePublished\":\"2026-01-13T16:49:29+00:00\",\"dateModified\":\"2026-01-14T18:20:26+00:00\",\"breadcrumb\":{\"@id\":\"https:\\\/\\\/mekulo.com\\\/dk\\\/produkt\\\/udtraekkelig-sikkerhedsboksskaerer\\\/#breadcrumb\"},\"inLanguage\":\"da-DK\",\"potentialAction\":[{\"@type\":\"ReadAction\",\"target\":[\"https:\\\/\\\/mekulo.com\\\/dk\\\/produkt\\\/udtraekkelig-sikkerhedsboksskaerer\\\/\"]}]},{\"@type\":\"ImageObject\",\"inLanguage\":\"da-DK\",\"@id\":\"https:\\\/\\\/mekulo.com\\\/dk\\\/produkt\\\/udtraekkelig-sikkerhedsboksskaerer\\\/#primaryimage\",\"url\":\"https:\\\/\\\/mekulo.com\\\/dk\\\/wp-content\\\/uploads\\\/sites\\\/12\\\/2026\\\/01\\\/cx31e3a-1.jpg\",\"contentUrl\":\"https:\\\/\\\/mekulo.com\\\/dk\\\/wp-content\\\/uploads\\\/sites\\\/12\\\/2026\\\/01\\\/cx31e3a-1.jpg\",\"width\":1080,\"height\":1080},{\"@type\":\"BreadcrumbList\",\"@id\":\"https:\\\/\\\/mekulo.com\\\/dk\\\/produkt\\\/udtraekkelig-sikkerhedsboksskaerer\\\/#breadcrumb\",\"itemListElement\":[{\"@type\":\"ListItem\",\"position\":1,\"name\":\"Home\",\"item\":\"https:\\\/\\\/mekulo.com\\\/dk\\\/\"},{\"@type\":\"ListItem\",\"position\":2,\"name\":\"Butik\",\"item\":\"https:\\\/\\\/mekulo.com\\\/dk\\\/butik\\\/\"},{\"@type\":\"ListItem\",\"position\":3,\"name\":\"Udtr\u00e6kkelig sikkerhedsbokssk\u00e6rer\"}]},{\"@type\":\"WebSite\",\"@id\":\"https:\\\/\\\/mekulo.com\\\/dk\\\/#website\",\"url\":\"https:\\\/\\\/mekulo.com\\\/dk\\\/\",\"name\":\"Mekulo DK\",\"description\":\"\",\"publisher\":{\"@id\":\"https:\\\/\\\/mekulo.com\\\/dk\\\/#organization\"},\"potentialAction\":[{\"@type\":\"SearchAction\",\"target\":{\"@type\":\"EntryPoint\",\"urlTemplate\":\"https:\\\/\\\/mekulo.com\\\/dk\\\/?s={search_term_string}\"},\"query-input\":{\"@type\":\"PropertyValueSpecification\",\"valueRequired\":true,\"valueName\":\"search_term_string\"}}],\"inLanguage\":\"da-DK\"},{\"@type\":\"Organization\",\"@id\":\"https:\\\/\\\/mekulo.com\\\/dk\\\/#organization\",\"name\":\"Mekulo\",\"url\":\"https:\\\/\\\/mekulo.com\\\/dk\\\/\",\"logo\":{\"@type\":\"ImageObject\",\"inLanguage\":\"da-DK\",\"@id\":\"https:\\\/\\\/mekulo.com\\\/dk\\\/#\\\/schema\\\/logo\\\/image\\\/\",\"url\":\"https:\\\/\\\/mekulo.com\\\/dk\\\/wp-content\\\/uploads\\\/sites\\\/12\\\/2025\\\/12\\\/favicon_mekulo.png\",\"contentUrl\":\"https:\\\/\\\/mekulo.com\\\/dk\\\/wp-content\\\/uploads\\\/sites\\\/12\\\/2025\\\/12\\\/favicon_mekulo.png\",\"width\":50,\"height\":50,\"caption\":\"Mekulo\"},\"image\":{\"@id\":\"https:\\\/\\\/mekulo.com\\\/dk\\\/#\\\/schema\\\/logo\\\/image\\\/\"}}]}<\/script>\n<!-- \/ Yoast SEO plugin. -->","yoast_head_json":{"title":"Udtr\u00e6kkelig sikkerhedsbokssk\u00e6rer - Mekulo DK","robots":{"index":"index","follow":"follow","max-snippet":"max-snippet:-1","max-image-preview":"max-image-preview:large","max-video-preview":"max-video-preview:-1"},"canonical":"https:\/\/mekulo.com\/dk\/produkt\/udtraekkelig-sikkerhedsboksskaerer\/","og_locale":"da_DK","og_type":"article","og_title":"Udtr\u00e6kkelig sikkerhedsbokssk\u00e6rer - Mekulo DK","og_description":"Denne udtr\u00e6kkelige sikkerheds\u00e6skesk\u00e6rer har et skarpt keramisk blad med automatisk tilbagetr\u00e6kning til at sk\u00e6re gennem tape og pap uden uheld. Den er kompakt, let og nem at styre og er perfekt til daglig udpakning derhjemme, p\u00e5 arbejdet eller p\u00e5 farten. Et kompakt, smart sk\u00e6rev\u00e6rkt\u00f8j, der g\u00f8r hver udpakning mere sikker, hurtigere og stressfri.","og_url":"https:\/\/mekulo.com\/dk\/produkt\/udtraekkelig-sikkerhedsboksskaerer\/","og_site_name":"Mekulo DK","article_modified_time":"2026-01-14T18:20:26+00:00","og_image":[{"width":1080,"height":1080,"url":"https:\/\/mekulo.com\/dk\/wp-content\/uploads\/sites\/12\/2026\/01\/cx31e3a-1.jpg","type":"image\/jpeg"}],"twitter_card":"summary_large_image","twitter_misc":{"Estimeret l\u00e6setid":"2 minutter"},"schema":{"@context":"https:\/\/schema.org","@graph":[{"@type":"WebPage","@id":"https:\/\/mekulo.com\/dk\/produkt\/udtraekkelig-sikkerhedsboksskaerer\/","url":"https:\/\/mekulo.com\/dk\/produkt\/udtraekkelig-sikkerhedsboksskaerer\/","name":"Udtr\u00e6kkelig sikkerhedsbokssk\u00e6rer - Mekulo DK","isPartOf":{"@id":"https:\/\/mekulo.com\/dk\/#website"},"primaryImageOfPage":{"@id":"https:\/\/mekulo.com\/dk\/produkt\/udtraekkelig-sikkerhedsboksskaerer\/#primaryimage"},"image":{"@id":"https:\/\/mekulo.com\/dk\/produkt\/udtraekkelig-sikkerhedsboksskaerer\/#primaryimage"},"thumbnailUrl":"https:\/\/mekulo.com\/dk\/wp-content\/uploads\/sites\/12\/2026\/01\/cx31e3a-1.jpg","datePublished":"2026-01-13T16:49:29+00:00","dateModified":"2026-01-14T18:20:26+00:00","breadcrumb":{"@id":"https:\/\/mekulo.com\/dk\/produkt\/udtraekkelig-sikkerhedsboksskaerer\/#breadcrumb"},"inLanguage":"da-DK","potentialAction":[{"@type":"ReadAction","target":["https:\/\/mekulo.com\/dk\/produkt\/udtraekkelig-sikkerhedsboksskaerer\/"]}]},{"@type":"ImageObject","inLanguage":"da-DK","@id":"https:\/\/mekulo.com\/dk\/produkt\/udtraekkelig-sikkerhedsboksskaerer\/#primaryimage","url":"https:\/\/mekulo.com\/dk\/wp-content\/uploads\/sites\/12\/2026\/01\/cx31e3a-1.jpg","contentUrl":"https:\/\/mekulo.com\/dk\/wp-content\/uploads\/sites\/12\/2026\/01\/cx31e3a-1.jpg","width":1080,"height":1080},{"@type":"BreadcrumbList","@id":"https:\/\/mekulo.com\/dk\/produkt\/udtraekkelig-sikkerhedsboksskaerer\/#breadcrumb","itemListElement":[{"@type":"ListItem","position":1,"name":"Home","item":"https:\/\/mekulo.com\/dk\/"},{"@type":"ListItem","position":2,"name":"Butik","item":"https:\/\/mekulo.com\/dk\/butik\/"},{"@type":"ListItem","position":3,"name":"Udtr\u00e6kkelig sikkerhedsbokssk\u00e6rer"}]},{"@type":"WebSite","@id":"https:\/\/mekulo.com\/dk\/#website","url":"https:\/\/mekulo.com\/dk\/","name":"Mekulo DK","description":"","publisher":{"@id":"https:\/\/mekulo.com\/dk\/#organization"},"potentialAction":[{"@type":"SearchAction","target":{"@type":"EntryPoint","urlTemplate":"https:\/\/mekulo.com\/dk\/?s={search_term_string}"},"query-input":{"@type":"PropertyValueSpecification","valueRequired":true,"valueName":"search_term_string"}}],"inLanguage":"da-DK"},{"@type":"Organization","@id":"https:\/\/mekulo.com\/dk\/#organization","name":"Mekulo","url":"https:\/\/mekulo.com\/dk\/","logo":{"@type":"ImageObject","inLanguage":"da-DK","@id":"https:\/\/mekulo.com\/dk\/#\/schema\/logo\/image\/","url":"https:\/\/mekulo.com\/dk\/wp-content\/uploads\/sites\/12\/2025\/12\/favicon_mekulo.png","contentUrl":"https:\/\/mekulo.com\/dk\/wp-content\/uploads\/sites\/12\/2025\/12\/favicon_mekulo.png","width":50,"height":50,"caption":"Mekulo"},"image":{"@id":"https:\/\/mekulo.com\/dk\/#\/schema\/logo\/image\/"}}]}},"_links":{"self":[{"href":"https:\/\/mekulo.com\/dk\/wp-json\/wp\/v2\/product\/17258","targetHints":{"allow":["GET"]}}],"collection":[{"href":"https:\/\/mekulo.com\/dk\/wp-json\/wp\/v2\/product"}],"about":[{"href":"https:\/\/mekulo.com\/dk\/wp-json\/wp\/v2\/types\/product"}],"replies":[{"embeddable":true,"href":"https:\/\/mekulo.com\/dk\/wp-json\/wp\/v2\/comments?post=17258"}],"wp:featuredmedia":[{"embeddable":true,"href":"https:\/\/mekulo.com\/dk\/wp-json\/wp\/v2\/media\/17254"}],"wp:attachment":[{"href":"https:\/\/mekulo.com\/dk\/wp-json\/wp\/v2\/media?parent=17258"}],"wp:term":[{"taxonomy":"product_brand","embeddable":true,"href":"https:\/\/mekulo.com\/dk\/wp-json\/wp\/v2\/product_brand?post=17258"},{"taxonomy":"product_cat","embeddable":true,"href":"https:\/\/mekulo.com\/dk\/wp-json\/wp\/v2\/product_cat?post=17258"},{"taxonomy":"product_tag","embeddable":true,"href":"https:\/\/mekulo.com\/dk\/wp-json\/wp\/v2\/product_tag?post=17258"}],"curies":[{"name":"wp","href":"https:\/\/api.w.org\/{rel}","templated":true}]}}