{"id":17229,"date":"2026-01-13T18:46:52","date_gmt":"2026-01-13T16:46:52","guid":{"rendered":"https:\/\/mekulo.com\/dk\/produkt\/rejseaeske-med-saebepapir-8-stk\/"},"modified":"2026-01-14T20:15:26","modified_gmt":"2026-01-14T18:15:26","slug":"rejseaeske-med-saebepapir-8-stk","status":"publish","type":"product","link":"https:\/\/mekulo.com\/dk\/produkt\/rejseaeske-med-saebepapir-8-stk\/","title":{"rendered":"Rejse\u00e6ske med s\u00e6bepapir (8 stk.)"},"content":{"rendered":"<p style=\"text-align: center;\" data-start=\"0\" data-end=\"75\"><strong data-start=\"0\" data-end=\"75\">Reng\u00f8r dine h\u00e6nder hvor som helst, n\u00e5r som helst med ultratynde rejses\u00e6bepapirer. \ud83e\uddfc\ud83e\udee7<\/strong><\/p>\n<p data-start=\"0\" data-end=\"75\"><img fetchpriority=\"high\" decoding=\"async\" class=\"size-full wp-image-15108 aligncenter\" src=\"https:\/\/mekulo.com\/template\/wp-content\/uploads\/sites\/6\/2026\/01\/H14c94b67b8b240afbb208c44f79cdc14Z.webp\" alt=\"\" width=\"713\" height=\"713\" \/><\/p>\n<h2 style=\"text-align: center;\" data-start=\"320\" data-end=\"340\"><strong>\ud83e\uddfc Vigtigste fordele<\/strong><\/h2>\n<p data-start=\"344\" data-end=\"421\">\u2728 Engangsbrug &amp; hygiejnisk &#8211; Engangsark forhindrer krydskontaminering.<\/p>\n<p data-start=\"424\" data-end=\"502\">\ud83e\uddf3 Ultra-b\u00e6rbart design &#8211; Tynd, let og nem at have med overalt.<\/p>\n<p data-start=\"505\" data-end=\"568\">\ud83d\udca6 \u00d8jeblikkeligt skum &#8211; Bare tils\u00e6t vand for hurtig skummende s\u00e6be.<\/p>\n<p data-start=\"571\" data-end=\"644\">\ud83d\udd90\ufe0f Multifunktionel brug &#8211; Velegnet til h\u00e5ndvask og kropsreng\u00f8ring.<\/p>\n<p data-start=\"647\" data-end=\"716\">\ud83c\udf3f Mild &amp; sk\u00e5nsom formel &#8211; Irriterer ikke og efterlader ingen rester.<\/p>\n<p data-start=\"647\" data-end=\"716\"><img decoding=\"async\" class=\"size-full wp-image-15104 aligncenter\" src=\"https:\/\/mekulo.com\/template\/wp-content\/uploads\/sites\/6\/2026\/01\/Hfd815a85e8964471a08de396f1bb793cL.webp\" alt=\"\" width=\"713\" height=\"713\" \/><\/p>\n<h2 style=\"text-align: center;\" data-start=\"723\" data-end=\"740\"><strong>\ud83d\udebf S\u00e5dan Bruges<\/strong><\/h2>\n<ol data-start=\"742\" data-end=\"921\">\n<li data-start=\"742\" data-end=\"781\">\n<p data-start=\"745\" data-end=\"781\">Tag et s\u00e6bepapir fra \u00e6sken.<\/p>\n<\/li>\n<li data-start=\"782\" data-end=\"817\">\n<p data-start=\"785\" data-end=\"817\">Placer det p\u00e5 din h\u00e5nd eller hud.<\/p>\n<\/li>\n<li data-start=\"818\" data-end=\"851\">\n<p data-start=\"821\" data-end=\"851\">Tils\u00e6t en lille m\u00e6ngde vand.<\/p>\n<\/li>\n<li data-start=\"852\" data-end=\"894\">\n<p data-start=\"855\" data-end=\"894\">Gnid for at skabe skum og vask normalt.<\/p>\n<\/li>\n<li data-start=\"895\" data-end=\"921\">\n<p data-start=\"898\" data-end=\"921\">Skyl med rent vand.<\/p>\n<\/li>\n<\/ol>\n<h2 style=\"text-align: center;\" data-start=\"928\" data-end=\"950\"><strong>\ud83d\udccf Produktdetaljer<\/strong><\/h2>\n<ul data-start=\"952\" data-end=\"1168\">\n<li data-start=\"990\" data-end=\"1022\">\n<p data-start=\"992\" data-end=\"1022\">M\u00e6ngde: 20 s\u00e6bepapirer pr. \u00e6ske<\/p>\n<\/li>\n<li data-start=\"1023\" data-end=\"1066\">\n<p data-start=\"1025\" data-end=\"1066\">Form: Papirtynde s\u00e6beark til engangsbrug<\/p>\n<\/li>\n<li data-start=\"1067\" data-end=\"1107\">\n<p data-start=\"1069\" data-end=\"1107\">Opbevaring: Opbevares forseglet, n\u00e5r de ikke er i brug<\/p>\n<\/li>\n<li data-start=\"1108\" data-end=\"1168\">\n<p data-start=\"1110\" data-end=\"1168\">Velegnet til: Rejser, forretningsrejser, udend\u00f8rs aktiviteter<\/p>\n<\/li>\n<\/ul>\n<h2 style=\"text-align: center;\" data-start=\"1175\" data-end=\"1198\"><strong>\ud83d\udce6 Pakken indeholder<\/strong><\/h2>\n<ul data-start=\"1200\" data-end=\"1244\">\n<li data-start=\"1200\" data-end=\"1244\">\n<p data-start=\"1202\" data-end=\"1244\">8x \u00e6sker med rejses\u00e6bepapir (160 stk.).<\/p>\n<\/li>\n<\/ul>\n","protected":false},"excerpt":{"rendered":"<p>Disse rejse\u00e6sker med s\u00e6bepapir opl\u00f8ses \u00f8jeblikkeligt i vand, s\u00e5 du f\u00e5r en hurtig og hygiejnisk reng\u00f8ring uden at skulle sl\u00e6be rundt p\u00e5 store s\u00e6be- eller v\u00e6skeflasker. De er perfekte til rejser, arbejde, camping og daglige udflugter og holder dig ren, mens du sparer plads. En enkel, ren og pladsbesparende hygiejnel\u00f8sning til livet p\u00e5 farten.<\/p>\n","protected":false},"featured_media":17225,"comment_status":"open","ping_status":"closed","template":"","meta":{"site-sidebar-layout":"default","site-content-layout":"","ast-site-content-layout":"default","site-content-style":"default","site-sidebar-style":"default","ast-global-header-display":"","ast-banner-title-visibility":"","ast-main-header-display":"","ast-hfb-above-header-display":"","ast-hfb-below-header-display":"","ast-hfb-mobile-header-display":"","site-post-title":"","ast-breadcrumbs-content":"","ast-featured-img":"","footer-sml-layout":"","ast-disable-related-posts":"","theme-transparent-header-meta":"default","adv-header-id-meta":"","stick-header-meta":"","header-above-stick-meta":"","header-main-stick-meta":"","header-below-stick-meta":"","astra-migrate-meta-layouts":"set","ast-page-background-enabled":"default","ast-page-background-meta":{"desktop":{"background-color":"var(--ast-global-color-5)","background-image":"","background-repeat":"repeat","background-position":"center center","background-size":"auto","background-attachment":"scroll","background-type":"","background-media":"","overlay-type":"","overlay-color":"","overlay-opacity":"","overlay-gradient":""},"tablet":{"background-color":"","background-image":"","background-repeat":"repeat","background-position":"center center","background-size":"auto","background-attachment":"scroll","background-type":"","background-media":"","overlay-type":"","overlay-color":"","overlay-opacity":"","overlay-gradient":""},"mobile":{"background-color":"","background-image":"","background-repeat":"repeat","background-position":"center center","background-size":"auto","background-attachment":"scroll","background-type":"","background-media":"","overlay-type":"","overlay-color":"","overlay-opacity":"","overlay-gradient":""}},"ast-content-background-meta":{"desktop":{"background-color":"var(--ast-global-color-4)","background-image":"","background-repeat":"repeat","background-position":"center center","background-size":"auto","background-attachment":"scroll","background-type":"","background-media":"","overlay-type":"","overlay-color":"","overlay-opacity":"","overlay-gradient":""},"tablet":{"background-color":"var(--ast-global-color-4)","background-image":"","background-repeat":"repeat","background-position":"center center","background-size":"auto","background-attachment":"scroll","background-type":"","background-media":"","overlay-type":"","overlay-color":"","overlay-opacity":"","overlay-gradient":""},"mobile":{"background-color":"var(--ast-global-color-4)","background-image":"","background-repeat":"repeat","background-position":"center center","background-size":"auto","background-attachment":"scroll","background-type":"","background-media":"","overlay-type":"","overlay-color":"","overlay-opacity":"","overlay-gradient":""}}},"product_brand":[],"product_cat":[168],"product_tag":[],"class_list":{"0":"post-17229","1":"product","2":"type-product","3":"status-publish","4":"has-post-thumbnail","6":"product_cat-husholdningsartikler","7":"pa_66619_qvyj26al-blaa","8":"pa_66619_qvyj26al-groen","9":"pa_66619_qvyj26al-gul","10":"pa_66619_qvyj26al-lilla","11":"pa_66619_qvyj26al-lyseroed","12":"desktop-align-left","13":"tablet-align-left","14":"mobile-align-left","16":"first","17":"instock","18":"shipping-taxable","19":"purchasable","20":"product-type-variable"},"yoast_head":"<!-- This site is optimized with the Yoast SEO plugin v27.4 - https:\/\/yoast.com\/product\/yoast-seo-wordpress\/ -->\n<title>Rejse\u00e6ske med s\u00e6bepapir (8 stk.) - Mekulo DK<\/title>\n<meta name=\"robots\" content=\"index, follow, max-snippet:-1, max-image-preview:large, max-video-preview:-1\" \/>\n<link rel=\"canonical\" href=\"https:\/\/mekulo.com\/dk\/produkt\/rejseaeske-med-saebepapir-8-stk\/\" \/>\n<meta property=\"og:locale\" content=\"da_DK\" \/>\n<meta property=\"og:type\" content=\"article\" \/>\n<meta property=\"og:title\" content=\"Rejse\u00e6ske med s\u00e6bepapir (8 stk.) - Mekulo DK\" \/>\n<meta property=\"og:description\" content=\"Disse rejse\u00e6sker med s\u00e6bepapir opl\u00f8ses \u00f8jeblikkeligt i vand, s\u00e5 du f\u00e5r en hurtig og hygiejnisk reng\u00f8ring uden at skulle sl\u00e6be rundt p\u00e5 store s\u00e6be- eller v\u00e6skeflasker. De er perfekte til rejser, arbejde, camping og daglige udflugter og holder dig ren, mens du sparer plads. En enkel, ren og pladsbesparende hygiejnel\u00f8sning til livet p\u00e5 farten.\" \/>\n<meta property=\"og:url\" content=\"https:\/\/mekulo.com\/dk\/produkt\/rejseaeske-med-saebepapir-8-stk\/\" \/>\n<meta property=\"og:site_name\" content=\"Mekulo DK\" \/>\n<meta property=\"article:modified_time\" content=\"2026-01-14T18:15:26+00:00\" \/>\n<meta property=\"og:image\" content=\"https:\/\/mekulo.com\/dk\/wp-content\/uploads\/sites\/12\/2026\/01\/u90rzjm-1.jpg\" \/>\n\t<meta property=\"og:image:width\" content=\"960\" \/>\n\t<meta property=\"og:image:height\" content=\"960\" \/>\n\t<meta property=\"og:image:type\" content=\"image\/jpeg\" \/>\n<meta name=\"twitter:card\" content=\"summary_large_image\" \/>\n<meta name=\"twitter:label1\" content=\"Estimeret l\u00e6setid\" \/>\n\t<meta name=\"twitter:data1\" content=\"2 minutter\" \/>\n<script type=\"application\/ld+json\" class=\"yoast-schema-graph\">{\"@context\":\"https:\\\/\\\/schema.org\",\"@graph\":[{\"@type\":\"WebPage\",\"@id\":\"https:\\\/\\\/mekulo.com\\\/dk\\\/produkt\\\/rejseaeske-med-saebepapir-8-stk\\\/\",\"url\":\"https:\\\/\\\/mekulo.com\\\/dk\\\/produkt\\\/rejseaeske-med-saebepapir-8-stk\\\/\",\"name\":\"Rejse\u00e6ske med s\u00e6bepapir (8 stk.) - Mekulo DK\",\"isPartOf\":{\"@id\":\"https:\\\/\\\/mekulo.com\\\/dk\\\/#website\"},\"primaryImageOfPage\":{\"@id\":\"https:\\\/\\\/mekulo.com\\\/dk\\\/produkt\\\/rejseaeske-med-saebepapir-8-stk\\\/#primaryimage\"},\"image\":{\"@id\":\"https:\\\/\\\/mekulo.com\\\/dk\\\/produkt\\\/rejseaeske-med-saebepapir-8-stk\\\/#primaryimage\"},\"thumbnailUrl\":\"https:\\\/\\\/mekulo.com\\\/dk\\\/wp-content\\\/uploads\\\/sites\\\/12\\\/2026\\\/01\\\/u90rzjm-1.jpg\",\"datePublished\":\"2026-01-13T16:46:52+00:00\",\"dateModified\":\"2026-01-14T18:15:26+00:00\",\"breadcrumb\":{\"@id\":\"https:\\\/\\\/mekulo.com\\\/dk\\\/produkt\\\/rejseaeske-med-saebepapir-8-stk\\\/#breadcrumb\"},\"inLanguage\":\"da-DK\",\"potentialAction\":[{\"@type\":\"ReadAction\",\"target\":[\"https:\\\/\\\/mekulo.com\\\/dk\\\/produkt\\\/rejseaeske-med-saebepapir-8-stk\\\/\"]}]},{\"@type\":\"ImageObject\",\"inLanguage\":\"da-DK\",\"@id\":\"https:\\\/\\\/mekulo.com\\\/dk\\\/produkt\\\/rejseaeske-med-saebepapir-8-stk\\\/#primaryimage\",\"url\":\"https:\\\/\\\/mekulo.com\\\/dk\\\/wp-content\\\/uploads\\\/sites\\\/12\\\/2026\\\/01\\\/u90rzjm-1.jpg\",\"contentUrl\":\"https:\\\/\\\/mekulo.com\\\/dk\\\/wp-content\\\/uploads\\\/sites\\\/12\\\/2026\\\/01\\\/u90rzjm-1.jpg\",\"width\":960,\"height\":960},{\"@type\":\"BreadcrumbList\",\"@id\":\"https:\\\/\\\/mekulo.com\\\/dk\\\/produkt\\\/rejseaeske-med-saebepapir-8-stk\\\/#breadcrumb\",\"itemListElement\":[{\"@type\":\"ListItem\",\"position\":1,\"name\":\"Home\",\"item\":\"https:\\\/\\\/mekulo.com\\\/dk\\\/\"},{\"@type\":\"ListItem\",\"position\":2,\"name\":\"Butik\",\"item\":\"https:\\\/\\\/mekulo.com\\\/dk\\\/butik\\\/\"},{\"@type\":\"ListItem\",\"position\":3,\"name\":\"Rejse\u00e6ske med s\u00e6bepapir (8 stk.)\"}]},{\"@type\":\"WebSite\",\"@id\":\"https:\\\/\\\/mekulo.com\\\/dk\\\/#website\",\"url\":\"https:\\\/\\\/mekulo.com\\\/dk\\\/\",\"name\":\"Mekulo DK\",\"description\":\"\",\"publisher\":{\"@id\":\"https:\\\/\\\/mekulo.com\\\/dk\\\/#organization\"},\"potentialAction\":[{\"@type\":\"SearchAction\",\"target\":{\"@type\":\"EntryPoint\",\"urlTemplate\":\"https:\\\/\\\/mekulo.com\\\/dk\\\/?s={search_term_string}\"},\"query-input\":{\"@type\":\"PropertyValueSpecification\",\"valueRequired\":true,\"valueName\":\"search_term_string\"}}],\"inLanguage\":\"da-DK\"},{\"@type\":\"Organization\",\"@id\":\"https:\\\/\\\/mekulo.com\\\/dk\\\/#organization\",\"name\":\"Mekulo\",\"url\":\"https:\\\/\\\/mekulo.com\\\/dk\\\/\",\"logo\":{\"@type\":\"ImageObject\",\"inLanguage\":\"da-DK\",\"@id\":\"https:\\\/\\\/mekulo.com\\\/dk\\\/#\\\/schema\\\/logo\\\/image\\\/\",\"url\":\"https:\\\/\\\/mekulo.com\\\/dk\\\/wp-content\\\/uploads\\\/sites\\\/12\\\/2025\\\/12\\\/favicon_mekulo.png\",\"contentUrl\":\"https:\\\/\\\/mekulo.com\\\/dk\\\/wp-content\\\/uploads\\\/sites\\\/12\\\/2025\\\/12\\\/favicon_mekulo.png\",\"width\":50,\"height\":50,\"caption\":\"Mekulo\"},\"image\":{\"@id\":\"https:\\\/\\\/mekulo.com\\\/dk\\\/#\\\/schema\\\/logo\\\/image\\\/\"}}]}<\/script>\n<!-- \/ Yoast SEO plugin. -->","yoast_head_json":{"title":"Rejse\u00e6ske med s\u00e6bepapir (8 stk.) - Mekulo DK","robots":{"index":"index","follow":"follow","max-snippet":"max-snippet:-1","max-image-preview":"max-image-preview:large","max-video-preview":"max-video-preview:-1"},"canonical":"https:\/\/mekulo.com\/dk\/produkt\/rejseaeske-med-saebepapir-8-stk\/","og_locale":"da_DK","og_type":"article","og_title":"Rejse\u00e6ske med s\u00e6bepapir (8 stk.) - Mekulo DK","og_description":"Disse rejse\u00e6sker med s\u00e6bepapir opl\u00f8ses \u00f8jeblikkeligt i vand, s\u00e5 du f\u00e5r en hurtig og hygiejnisk reng\u00f8ring uden at skulle sl\u00e6be rundt p\u00e5 store s\u00e6be- eller v\u00e6skeflasker. De er perfekte til rejser, arbejde, camping og daglige udflugter og holder dig ren, mens du sparer plads. En enkel, ren og pladsbesparende hygiejnel\u00f8sning til livet p\u00e5 farten.","og_url":"https:\/\/mekulo.com\/dk\/produkt\/rejseaeske-med-saebepapir-8-stk\/","og_site_name":"Mekulo DK","article_modified_time":"2026-01-14T18:15:26+00:00","og_image":[{"width":960,"height":960,"url":"https:\/\/mekulo.com\/dk\/wp-content\/uploads\/sites\/12\/2026\/01\/u90rzjm-1.jpg","type":"image\/jpeg"}],"twitter_card":"summary_large_image","twitter_misc":{"Estimeret l\u00e6setid":"2 minutter"},"schema":{"@context":"https:\/\/schema.org","@graph":[{"@type":"WebPage","@id":"https:\/\/mekulo.com\/dk\/produkt\/rejseaeske-med-saebepapir-8-stk\/","url":"https:\/\/mekulo.com\/dk\/produkt\/rejseaeske-med-saebepapir-8-stk\/","name":"Rejse\u00e6ske med s\u00e6bepapir (8 stk.) - Mekulo DK","isPartOf":{"@id":"https:\/\/mekulo.com\/dk\/#website"},"primaryImageOfPage":{"@id":"https:\/\/mekulo.com\/dk\/produkt\/rejseaeske-med-saebepapir-8-stk\/#primaryimage"},"image":{"@id":"https:\/\/mekulo.com\/dk\/produkt\/rejseaeske-med-saebepapir-8-stk\/#primaryimage"},"thumbnailUrl":"https:\/\/mekulo.com\/dk\/wp-content\/uploads\/sites\/12\/2026\/01\/u90rzjm-1.jpg","datePublished":"2026-01-13T16:46:52+00:00","dateModified":"2026-01-14T18:15:26+00:00","breadcrumb":{"@id":"https:\/\/mekulo.com\/dk\/produkt\/rejseaeske-med-saebepapir-8-stk\/#breadcrumb"},"inLanguage":"da-DK","potentialAction":[{"@type":"ReadAction","target":["https:\/\/mekulo.com\/dk\/produkt\/rejseaeske-med-saebepapir-8-stk\/"]}]},{"@type":"ImageObject","inLanguage":"da-DK","@id":"https:\/\/mekulo.com\/dk\/produkt\/rejseaeske-med-saebepapir-8-stk\/#primaryimage","url":"https:\/\/mekulo.com\/dk\/wp-content\/uploads\/sites\/12\/2026\/01\/u90rzjm-1.jpg","contentUrl":"https:\/\/mekulo.com\/dk\/wp-content\/uploads\/sites\/12\/2026\/01\/u90rzjm-1.jpg","width":960,"height":960},{"@type":"BreadcrumbList","@id":"https:\/\/mekulo.com\/dk\/produkt\/rejseaeske-med-saebepapir-8-stk\/#breadcrumb","itemListElement":[{"@type":"ListItem","position":1,"name":"Home","item":"https:\/\/mekulo.com\/dk\/"},{"@type":"ListItem","position":2,"name":"Butik","item":"https:\/\/mekulo.com\/dk\/butik\/"},{"@type":"ListItem","position":3,"name":"Rejse\u00e6ske med s\u00e6bepapir (8 stk.)"}]},{"@type":"WebSite","@id":"https:\/\/mekulo.com\/dk\/#website","url":"https:\/\/mekulo.com\/dk\/","name":"Mekulo DK","description":"","publisher":{"@id":"https:\/\/mekulo.com\/dk\/#organization"},"potentialAction":[{"@type":"SearchAction","target":{"@type":"EntryPoint","urlTemplate":"https:\/\/mekulo.com\/dk\/?s={search_term_string}"},"query-input":{"@type":"PropertyValueSpecification","valueRequired":true,"valueName":"search_term_string"}}],"inLanguage":"da-DK"},{"@type":"Organization","@id":"https:\/\/mekulo.com\/dk\/#organization","name":"Mekulo","url":"https:\/\/mekulo.com\/dk\/","logo":{"@type":"ImageObject","inLanguage":"da-DK","@id":"https:\/\/mekulo.com\/dk\/#\/schema\/logo\/image\/","url":"https:\/\/mekulo.com\/dk\/wp-content\/uploads\/sites\/12\/2025\/12\/favicon_mekulo.png","contentUrl":"https:\/\/mekulo.com\/dk\/wp-content\/uploads\/sites\/12\/2025\/12\/favicon_mekulo.png","width":50,"height":50,"caption":"Mekulo"},"image":{"@id":"https:\/\/mekulo.com\/dk\/#\/schema\/logo\/image\/"}}]}},"_links":{"self":[{"href":"https:\/\/mekulo.com\/dk\/wp-json\/wp\/v2\/product\/17229","targetHints":{"allow":["GET"]}}],"collection":[{"href":"https:\/\/mekulo.com\/dk\/wp-json\/wp\/v2\/product"}],"about":[{"href":"https:\/\/mekulo.com\/dk\/wp-json\/wp\/v2\/types\/product"}],"replies":[{"embeddable":true,"href":"https:\/\/mekulo.com\/dk\/wp-json\/wp\/v2\/comments?post=17229"}],"wp:featuredmedia":[{"embeddable":true,"href":"https:\/\/mekulo.com\/dk\/wp-json\/wp\/v2\/media\/17225"}],"wp:attachment":[{"href":"https:\/\/mekulo.com\/dk\/wp-json\/wp\/v2\/media?parent=17229"}],"wp:term":[{"taxonomy":"product_brand","embeddable":true,"href":"https:\/\/mekulo.com\/dk\/wp-json\/wp\/v2\/product_brand?post=17229"},{"taxonomy":"product_cat","embeddable":true,"href":"https:\/\/mekulo.com\/dk\/wp-json\/wp\/v2\/product_cat?post=17229"},{"taxonomy":"product_tag","embeddable":true,"href":"https:\/\/mekulo.com\/dk\/wp-json\/wp\/v2\/product_tag?post=17229"}],"curies":[{"name":"wp","href":"https:\/\/api.w.org\/{rel}","templated":true}]}}