{"id":17206,"date":"2026-01-13T18:45:21","date_gmt":"2026-01-13T16:45:21","guid":{"rendered":"https:\/\/mekulo.com\/dk\/produkt\/skuldertaske-med-stor-kapacitet\/"},"modified":"2026-02-03T17:16:41","modified_gmt":"2026-02-03T15:16:41","slug":"skuldertaske-med-stor-kapacitet","status":"publish","type":"product","link":"https:\/\/mekulo.com\/dk\/produkt\/skuldertaske-med-stor-kapacitet\/","title":{"rendered":"Skuldertaske med stor kapacitet"},"content":{"rendered":"<p style=\"text-align: center;\" data-start=\"0\" data-end=\"65\"><strong data-start=\"0\" data-end=\"65\">B\u00e6r alt, hvad du har brug for, i en komfortabel og stilfuld taske. \ud83d\udc5c<\/strong><\/p>\n<p data-start=\"0\" data-end=\"65\"><img fetchpriority=\"high\" decoding=\"async\" class=\"size-full wp-image-15085 aligncenter\" src=\"https:\/\/mekulo.com\/template\/wp-content\/uploads\/sites\/6\/2026\/01\/spp_shopify20251023154019_4df041afb7edd8c08c768b365de9ff19_ac9bff6e-7aa5-41fe-93f7-8b28d113d050.webp\" alt=\"\" width=\"713\" height=\"713\" \/><\/p>\n<h2 style=\"text-align: center;\" data-start=\"318\" data-end=\"338\">Vigtigste fordele<\/h2>\n<p data-start=\"342\" data-end=\"422\">\ud83e\uddf3 Stor opbevaringskapacitet &#8211; Passer til t\u00f8j, bleer, b\u00e6rbar computer og daglige ting.<\/p>\n<p data-start=\"425\" data-end=\"509\">\ud83d\uddc2\ufe0f Organiserede rum &#8211; Flere lommer holder tingene p\u00e6ne og nemme at finde.<\/p>\n<p data-start=\"512\" data-end=\"587\">\ud83d\udcaa Slidst\u00e6rkt oxfordstof &#8211; Slidst\u00e6rkt og bygget til langvarig brug.<\/p>\n<p data-start=\"590\" data-end=\"659\">\ud83d\udd12 Sikker lynl\u00e5slukning &#8211; Holder dine ejendele sikre, n\u00e5r du er p\u00e5 farten.<\/p>\n<p data-start=\"662\" data-end=\"738\">\ud83d\ude0c Komfortable skulderstropper &#8211; nemme at b\u00e6re, selv n\u00e5r de er fyldt op.<\/p>\n<p data-start=\"662\" data-end=\"738\"><img decoding=\"async\" class=\"size-full wp-image-15090 aligncenter\" src=\"https:\/\/mekulo.com\/template\/wp-content\/uploads\/sites\/6\/2026\/01\/spp_shopify20251023154020_e354e486c73b7d4786da080b5340df0c_a3cdea17-7b7e-4bf1-ab6f-2241c813a53f.webp\" alt=\"\" width=\"713\" height=\"713\" \/><\/p>\n<h2 style=\"text-align: center;\" data-start=\"745\" data-end=\"762\"><strong>S\u00e5dan Bruges<\/strong><\/h2>\n<ol data-start=\"764\" data-end=\"1021\">\n<li data-start=\"764\" data-end=\"816\">\n<p data-start=\"767\" data-end=\"816\">\u00c5bn lynl\u00e5sen for at f\u00e5 adgang til hovedrummet.<\/p>\n<\/li>\n<li data-start=\"817\" data-end=\"869\">\n<p data-start=\"820\" data-end=\"869\">Placer st\u00f8rre ting som t\u00f8j eller tasker indeni.<\/p>\n<\/li>\n<li data-start=\"870\" data-end=\"927\">\n<p data-start=\"873\" data-end=\"927\">Brug indvendige og skjulte lommer til mindre ting.<\/p>\n<\/li>\n<li data-start=\"928\" data-end=\"973\">\n<p data-start=\"931\" data-end=\"973\">Luk tasken med lynl\u00e5s for at holde tingene sikre.<\/p>\n<\/li>\n<li data-start=\"974\" data-end=\"1021\">\n<p data-start=\"977\" data-end=\"1021\">B\u00e6r komfortabelt ved hj\u00e6lp af skulderstropperne.<\/p>\n<\/li>\n<\/ol>\n<h2 style=\"text-align: center;\" data-start=\"1028\" data-end=\"1050\"><strong>Produktdetaljer<\/strong><\/h2>\n<ul data-start=\"1052\" data-end=\"1246\">\n<li data-start=\"1098\" data-end=\"1133\">\n<p data-start=\"1100\" data-end=\"1133\">Materiale: Oxford-stof, nylon<\/p>\n<\/li>\n<li data-start=\"1134\" data-end=\"1158\">\n<p data-start=\"1136\" data-end=\"1158\">Lukningstype: Lynl\u00e5s<\/p>\n<\/li>\n<li data-start=\"1191\" data-end=\"1209\">\n<p data-start=\"1193\" data-end=\"1209\">St\u00f8rrelse: 32 (bredde) x 35 (h\u00f8jde) x 22 cm (h\u00e5ndtag)<\/p>\n<\/li>\n<li data-start=\"1210\" data-end=\"1246\">\n<p data-start=\"1212\" data-end=\"1246\">Remtype: Dobbelte skulderstropper<\/p>\n<\/li>\n<\/ul>\n<h2 style=\"text-align: center;\" data-start=\"1253\" data-end=\"1276\"><strong>Pakken indeholder<\/strong><\/h2>\n<ul data-start=\"1278\" data-end=\"1331\">\n<li data-start=\"1278\" data-end=\"1331\">\n<p data-start=\"1280\" data-end=\"1331\">1x skuldertaske med stor kapacitet.<\/p>\n<\/li>\n<\/ul>\n","protected":false},"excerpt":{"rendered":"<p>Denne skuldertaske med stor kapacitet giver dig masser af plads til at organisere de vigtigste ting i hverdagen eller p\u00e5 rejsen, samtidig med at den er let og nem at b\u00e6re. Den er lavet af slidst\u00e6rkt stof med sikre lukninger og er designet til travle dage, rejser og hverdagsbrug. En praktisk og stilfuld taske, der er perfekt til arbejde, rejser, shopping eller hverdagsbrug.<\/p>\n","protected":false},"featured_media":17202,"comment_status":"open","ping_status":"closed","template":"","meta":{"site-sidebar-layout":"default","site-content-layout":"","ast-site-content-layout":"default","site-content-style":"default","site-sidebar-style":"default","ast-global-header-display":"","ast-banner-title-visibility":"","ast-main-header-display":"","ast-hfb-above-header-display":"","ast-hfb-below-header-display":"","ast-hfb-mobile-header-display":"","site-post-title":"","ast-breadcrumbs-content":"","ast-featured-img":"","footer-sml-layout":"","theme-transparent-header-meta":"default","adv-header-id-meta":"","stick-header-meta":"","header-above-stick-meta":"","header-main-stick-meta":"","header-below-stick-meta":"","astra-migrate-meta-layouts":"set","ast-page-background-enabled":"default","ast-page-background-meta":{"desktop":{"background-color":"var(--ast-global-color-5)","background-image":"","background-repeat":"repeat","background-position":"center center","background-size":"auto","background-attachment":"scroll","background-type":"","background-media":"","overlay-type":"","overlay-color":"","overlay-opacity":"","overlay-gradient":""},"tablet":{"background-color":"","background-image":"","background-repeat":"repeat","background-position":"center center","background-size":"auto","background-attachment":"scroll","background-type":"","background-media":"","overlay-type":"","overlay-color":"","overlay-opacity":"","overlay-gradient":""},"mobile":{"background-color":"","background-image":"","background-repeat":"repeat","background-position":"center center","background-size":"auto","background-attachment":"scroll","background-type":"","background-media":"","overlay-type":"","overlay-color":"","overlay-opacity":"","overlay-gradient":""}},"ast-content-background-meta":{"desktop":{"background-color":"var(--ast-global-color-4)","background-image":"","background-repeat":"repeat","background-position":"center center","background-size":"auto","background-attachment":"scroll","background-type":"","background-media":"","overlay-type":"","overlay-color":"","overlay-opacity":"","overlay-gradient":""},"tablet":{"background-color":"var(--ast-global-color-4)","background-image":"","background-repeat":"repeat","background-position":"center center","background-size":"auto","background-attachment":"scroll","background-type":"","background-media":"","overlay-type":"","overlay-color":"","overlay-opacity":"","overlay-gradient":""},"mobile":{"background-color":"var(--ast-global-color-4)","background-image":"","background-repeat":"repeat","background-position":"center center","background-size":"auto","background-attachment":"scroll","background-type":"","background-media":"","overlay-type":"","overlay-color":"","overlay-opacity":"","overlay-gradient":""}}},"product_brand":[],"product_cat":[165],"product_tag":[],"class_list":{"0":"post-17206","1":"product","2":"type-product","3":"status-publish","4":"has-post-thumbnail","6":"product_cat-fodtoej-tilbehoer","7":"pa_66610_ylcwcvwl-beige","8":"pa_66610_ylcwcvwl-blaa","9":"pa_66610_ylcwcvwl-graa","10":"pa_66610_ylcwcvwl-kaffe","11":"pa_66610_ylcwcvwl-khaki","12":"pa_66610_ylcwcvwl-sort","13":"desktop-align-left","14":"tablet-align-left","15":"mobile-align-left","17":"first","18":"instock","19":"shipping-taxable","20":"purchasable","21":"product-type-variable"},"yoast_head":"<!-- This site is optimized with the Yoast SEO plugin v26.6 - https:\/\/yoast.com\/wordpress\/plugins\/seo\/ -->\n<title>Skuldertaske med stor kapacitet - Mekulo DK<\/title>\n<meta name=\"robots\" content=\"index, follow, max-snippet:-1, max-image-preview:large, max-video-preview:-1\" \/>\n<link rel=\"canonical\" href=\"https:\/\/mekulo.com\/dk\/produkt\/skuldertaske-med-stor-kapacitet\/\" \/>\n<meta property=\"og:locale\" content=\"da_DK\" \/>\n<meta property=\"og:type\" content=\"article\" \/>\n<meta property=\"og:title\" content=\"Skuldertaske med stor kapacitet - Mekulo DK\" \/>\n<meta property=\"og:description\" content=\"Denne skuldertaske med stor kapacitet giver dig masser af plads til at organisere de vigtigste ting i hverdagen eller p\u00e5 rejsen, samtidig med at den er let og nem at b\u00e6re. Den er lavet af slidst\u00e6rkt stof med sikre lukninger og er designet til travle dage, rejser og hverdagsbrug. En praktisk og stilfuld taske, der er perfekt til arbejde, rejser, shopping eller hverdagsbrug.\" \/>\n<meta property=\"og:url\" content=\"https:\/\/mekulo.com\/dk\/produkt\/skuldertaske-med-stor-kapacitet\/\" \/>\n<meta property=\"og:site_name\" content=\"Mekulo DK\" \/>\n<meta property=\"article:modified_time\" content=\"2026-02-03T15:16:41+00:00\" \/>\n<meta property=\"og:image\" content=\"https:\/\/mekulo.com\/dk\/wp-content\/uploads\/sites\/12\/2026\/01\/clc2x6j-1.webp\" \/>\n\t<meta property=\"og:image:width\" content=\"713\" \/>\n\t<meta property=\"og:image:height\" content=\"713\" \/>\n\t<meta property=\"og:image:type\" content=\"image\/webp\" \/>\n<meta name=\"twitter:card\" content=\"summary_large_image\" \/>\n<meta name=\"twitter:label1\" content=\"Estimeret l\u00e6setid\" \/>\n\t<meta name=\"twitter:data1\" content=\"2 minutter\" \/>\n<script type=\"application\/ld+json\" class=\"yoast-schema-graph\">{\"@context\":\"https:\/\/schema.org\",\"@graph\":[{\"@type\":\"WebPage\",\"@id\":\"https:\/\/mekulo.com\/dk\/produkt\/skuldertaske-med-stor-kapacitet\/\",\"url\":\"https:\/\/mekulo.com\/dk\/produkt\/skuldertaske-med-stor-kapacitet\/\",\"name\":\"Skuldertaske med stor kapacitet - Mekulo DK\",\"isPartOf\":{\"@id\":\"https:\/\/mekulo.com\/dk\/#website\"},\"primaryImageOfPage\":{\"@id\":\"https:\/\/mekulo.com\/dk\/produkt\/skuldertaske-med-stor-kapacitet\/#primaryimage\"},\"image\":{\"@id\":\"https:\/\/mekulo.com\/dk\/produkt\/skuldertaske-med-stor-kapacitet\/#primaryimage\"},\"thumbnailUrl\":\"https:\/\/mekulo.com\/dk\/wp-content\/uploads\/sites\/12\/2026\/01\/clc2x6j-1.webp\",\"datePublished\":\"2026-01-13T16:45:21+00:00\",\"dateModified\":\"2026-02-03T15:16:41+00:00\",\"breadcrumb\":{\"@id\":\"https:\/\/mekulo.com\/dk\/produkt\/skuldertaske-med-stor-kapacitet\/#breadcrumb\"},\"inLanguage\":\"da-DK\",\"potentialAction\":[{\"@type\":\"ReadAction\",\"target\":[\"https:\/\/mekulo.com\/dk\/produkt\/skuldertaske-med-stor-kapacitet\/\"]}]},{\"@type\":\"ImageObject\",\"inLanguage\":\"da-DK\",\"@id\":\"https:\/\/mekulo.com\/dk\/produkt\/skuldertaske-med-stor-kapacitet\/#primaryimage\",\"url\":\"https:\/\/mekulo.com\/dk\/wp-content\/uploads\/sites\/12\/2026\/01\/clc2x6j-1.webp\",\"contentUrl\":\"https:\/\/mekulo.com\/dk\/wp-content\/uploads\/sites\/12\/2026\/01\/clc2x6j-1.webp\",\"width\":713,\"height\":713},{\"@type\":\"BreadcrumbList\",\"@id\":\"https:\/\/mekulo.com\/dk\/produkt\/skuldertaske-med-stor-kapacitet\/#breadcrumb\",\"itemListElement\":[{\"@type\":\"ListItem\",\"position\":1,\"name\":\"Home\",\"item\":\"https:\/\/mekulo.com\/dk\/\"},{\"@type\":\"ListItem\",\"position\":2,\"name\":\"Butik\",\"item\":\"https:\/\/mekulo.com\/dk\/butik\/\"},{\"@type\":\"ListItem\",\"position\":3,\"name\":\"Skuldertaske med stor kapacitet\"}]},{\"@type\":\"WebSite\",\"@id\":\"https:\/\/mekulo.com\/dk\/#website\",\"url\":\"https:\/\/mekulo.com\/dk\/\",\"name\":\"Mekulo DK\",\"description\":\"\",\"publisher\":{\"@id\":\"https:\/\/mekulo.com\/dk\/#organization\"},\"potentialAction\":[{\"@type\":\"SearchAction\",\"target\":{\"@type\":\"EntryPoint\",\"urlTemplate\":\"https:\/\/mekulo.com\/dk\/?s={search_term_string}\"},\"query-input\":{\"@type\":\"PropertyValueSpecification\",\"valueRequired\":true,\"valueName\":\"search_term_string\"}}],\"inLanguage\":\"da-DK\"},{\"@type\":\"Organization\",\"@id\":\"https:\/\/mekulo.com\/dk\/#organization\",\"name\":\"Mekulo\",\"url\":\"https:\/\/mekulo.com\/dk\/\",\"logo\":{\"@type\":\"ImageObject\",\"inLanguage\":\"da-DK\",\"@id\":\"https:\/\/mekulo.com\/dk\/#\/schema\/logo\/image\/\",\"url\":\"https:\/\/mekulo.com\/dk\/wp-content\/uploads\/sites\/12\/2025\/12\/favicon_mekulo.png\",\"contentUrl\":\"https:\/\/mekulo.com\/dk\/wp-content\/uploads\/sites\/12\/2025\/12\/favicon_mekulo.png\",\"width\":50,\"height\":50,\"caption\":\"Mekulo\"},\"image\":{\"@id\":\"https:\/\/mekulo.com\/dk\/#\/schema\/logo\/image\/\"}}]}<\/script>\n<!-- \/ Yoast SEO plugin. -->","yoast_head_json":{"title":"Skuldertaske med stor kapacitet - Mekulo DK","robots":{"index":"index","follow":"follow","max-snippet":"max-snippet:-1","max-image-preview":"max-image-preview:large","max-video-preview":"max-video-preview:-1"},"canonical":"https:\/\/mekulo.com\/dk\/produkt\/skuldertaske-med-stor-kapacitet\/","og_locale":"da_DK","og_type":"article","og_title":"Skuldertaske med stor kapacitet - Mekulo DK","og_description":"Denne skuldertaske med stor kapacitet giver dig masser af plads til at organisere de vigtigste ting i hverdagen eller p\u00e5 rejsen, samtidig med at den er let og nem at b\u00e6re. Den er lavet af slidst\u00e6rkt stof med sikre lukninger og er designet til travle dage, rejser og hverdagsbrug. En praktisk og stilfuld taske, der er perfekt til arbejde, rejser, shopping eller hverdagsbrug.","og_url":"https:\/\/mekulo.com\/dk\/produkt\/skuldertaske-med-stor-kapacitet\/","og_site_name":"Mekulo DK","article_modified_time":"2026-02-03T15:16:41+00:00","og_image":[{"width":713,"height":713,"url":"https:\/\/mekulo.com\/dk\/wp-content\/uploads\/sites\/12\/2026\/01\/clc2x6j-1.webp","type":"image\/webp"}],"twitter_card":"summary_large_image","twitter_misc":{"Estimeret l\u00e6setid":"2 minutter"},"schema":{"@context":"https:\/\/schema.org","@graph":[{"@type":"WebPage","@id":"https:\/\/mekulo.com\/dk\/produkt\/skuldertaske-med-stor-kapacitet\/","url":"https:\/\/mekulo.com\/dk\/produkt\/skuldertaske-med-stor-kapacitet\/","name":"Skuldertaske med stor kapacitet - Mekulo DK","isPartOf":{"@id":"https:\/\/mekulo.com\/dk\/#website"},"primaryImageOfPage":{"@id":"https:\/\/mekulo.com\/dk\/produkt\/skuldertaske-med-stor-kapacitet\/#primaryimage"},"image":{"@id":"https:\/\/mekulo.com\/dk\/produkt\/skuldertaske-med-stor-kapacitet\/#primaryimage"},"thumbnailUrl":"https:\/\/mekulo.com\/dk\/wp-content\/uploads\/sites\/12\/2026\/01\/clc2x6j-1.webp","datePublished":"2026-01-13T16:45:21+00:00","dateModified":"2026-02-03T15:16:41+00:00","breadcrumb":{"@id":"https:\/\/mekulo.com\/dk\/produkt\/skuldertaske-med-stor-kapacitet\/#breadcrumb"},"inLanguage":"da-DK","potentialAction":[{"@type":"ReadAction","target":["https:\/\/mekulo.com\/dk\/produkt\/skuldertaske-med-stor-kapacitet\/"]}]},{"@type":"ImageObject","inLanguage":"da-DK","@id":"https:\/\/mekulo.com\/dk\/produkt\/skuldertaske-med-stor-kapacitet\/#primaryimage","url":"https:\/\/mekulo.com\/dk\/wp-content\/uploads\/sites\/12\/2026\/01\/clc2x6j-1.webp","contentUrl":"https:\/\/mekulo.com\/dk\/wp-content\/uploads\/sites\/12\/2026\/01\/clc2x6j-1.webp","width":713,"height":713},{"@type":"BreadcrumbList","@id":"https:\/\/mekulo.com\/dk\/produkt\/skuldertaske-med-stor-kapacitet\/#breadcrumb","itemListElement":[{"@type":"ListItem","position":1,"name":"Home","item":"https:\/\/mekulo.com\/dk\/"},{"@type":"ListItem","position":2,"name":"Butik","item":"https:\/\/mekulo.com\/dk\/butik\/"},{"@type":"ListItem","position":3,"name":"Skuldertaske med stor kapacitet"}]},{"@type":"WebSite","@id":"https:\/\/mekulo.com\/dk\/#website","url":"https:\/\/mekulo.com\/dk\/","name":"Mekulo DK","description":"","publisher":{"@id":"https:\/\/mekulo.com\/dk\/#organization"},"potentialAction":[{"@type":"SearchAction","target":{"@type":"EntryPoint","urlTemplate":"https:\/\/mekulo.com\/dk\/?s={search_term_string}"},"query-input":{"@type":"PropertyValueSpecification","valueRequired":true,"valueName":"search_term_string"}}],"inLanguage":"da-DK"},{"@type":"Organization","@id":"https:\/\/mekulo.com\/dk\/#organization","name":"Mekulo","url":"https:\/\/mekulo.com\/dk\/","logo":{"@type":"ImageObject","inLanguage":"da-DK","@id":"https:\/\/mekulo.com\/dk\/#\/schema\/logo\/image\/","url":"https:\/\/mekulo.com\/dk\/wp-content\/uploads\/sites\/12\/2025\/12\/favicon_mekulo.png","contentUrl":"https:\/\/mekulo.com\/dk\/wp-content\/uploads\/sites\/12\/2025\/12\/favicon_mekulo.png","width":50,"height":50,"caption":"Mekulo"},"image":{"@id":"https:\/\/mekulo.com\/dk\/#\/schema\/logo\/image\/"}}]}},"_links":{"self":[{"href":"https:\/\/mekulo.com\/dk\/wp-json\/wp\/v2\/product\/17206","targetHints":{"allow":["GET"]}}],"collection":[{"href":"https:\/\/mekulo.com\/dk\/wp-json\/wp\/v2\/product"}],"about":[{"href":"https:\/\/mekulo.com\/dk\/wp-json\/wp\/v2\/types\/product"}],"replies":[{"embeddable":true,"href":"https:\/\/mekulo.com\/dk\/wp-json\/wp\/v2\/comments?post=17206"}],"wp:featuredmedia":[{"embeddable":true,"href":"https:\/\/mekulo.com\/dk\/wp-json\/wp\/v2\/media\/17202"}],"wp:attachment":[{"href":"https:\/\/mekulo.com\/dk\/wp-json\/wp\/v2\/media?parent=17206"}],"wp:term":[{"taxonomy":"product_brand","embeddable":true,"href":"https:\/\/mekulo.com\/dk\/wp-json\/wp\/v2\/product_brand?post=17206"},{"taxonomy":"product_cat","embeddable":true,"href":"https:\/\/mekulo.com\/dk\/wp-json\/wp\/v2\/product_cat?post=17206"},{"taxonomy":"product_tag","embeddable":true,"href":"https:\/\/mekulo.com\/dk\/wp-json\/wp\/v2\/product_tag?post=17206"}],"curies":[{"name":"wp","href":"https:\/\/api.w.org\/{rel}","templated":true}]}}