{"id":16973,"date":"2026-01-09T20:39:14","date_gmt":"2026-01-09T18:39:14","guid":{"rendered":"https:\/\/mekulo.com\/dk\/produkt\/dewalt-makita-batteriholder\/"},"modified":"2026-01-09T20:44:26","modified_gmt":"2026-01-09T18:44:26","slug":"dewalt-makita-batteriholder","status":"publish","type":"product","link":"https:\/\/mekulo.com\/dk\/produkt\/dewalt-makita-batteriholder\/","title":{"rendered":"DeWalt &amp; Makita batteriholder"},"content":{"rendered":"<p style=\"text-align: center;\" data-start=\"0\" data-end=\"72\"><strong data-start=\"0\" data-end=\"72\">Hold batterierne til dit elv\u00e6rkt\u00f8j organiserede, sikre og nemme at n\u00e5. \ud83d\udee0\ufe0f<\/strong><\/p>\n<p data-start=\"0\" data-end=\"72\"><img fetchpriority=\"high\" decoding=\"async\" class=\"size-full wp-image-20137 aligncenter\" src=\"https:\/\/mekulo.com\/template\/wp-content\/uploads\/sites\/6\/2026\/01\/5-1.jpeg\" alt=\"\" width=\"1000\" height=\"1000\" \/><\/p>\n<h2 style=\"text-align: center;\" data-start=\"510\" data-end=\"529\">Hovedfordelene<\/h2>\n<p data-start=\"533\" data-end=\"597\">\ud83d\udd0b Organiseret opbevaring &#8211; Holder batterierne p\u00e6nt samlet p\u00e5 \u00e9t sted.<\/p>\n<p data-start=\"600\" data-end=\"664\">\ud83e\uddf1 V\u00e6g- eller loftsmontering &#8211; Sparer arbejdsplads og gulvplads.<\/p>\n<p data-start=\"667\" data-end=\"721\">\ud83e\udeb6 Letv\u00e6gtsdesign &#8211; Let at installere og flytte.<\/p>\n<p data-start=\"724\" data-end=\"777\">\ud83d\udd12 Sikkert greb &#8211; Batterierne sidder godt fast.<\/p>\n<p data-start=\"780\" data-end=\"849\">\u2699\ufe0f V\u00e6rkstedsvenlig &#8211; Ingen magnetisme og ingen elektricitet involveret.<\/p>\n<p data-start=\"780\" data-end=\"849\"><img decoding=\"async\" class=\"size-full wp-image-20138 aligncenter\" src=\"https:\/\/mekulo.com\/template\/wp-content\/uploads\/sites\/6\/2026\/01\/6-5.jpeg\" alt=\"\" width=\"800\" height=\"800\" \/><\/p>\n<h2 style=\"text-align: center;\" data-start=\"856\" data-end=\"873\">Hvordan bruke<\/h2>\n<ol data-start=\"875\" data-end=\"1091\">\n<li data-start=\"875\" data-end=\"940\">\n<p data-start=\"878\" data-end=\"940\">V\u00e6lg en v\u00e6g- eller loftsoverflade i dit v\u00e6rksted eller din garage.<\/p>\n<\/li>\n<li data-start=\"941\" data-end=\"987\">\n<p data-start=\"944\" data-end=\"987\">Fastg\u00f8r holderen med de medf\u00f8lgende skruer.<\/p>\n<\/li>\n<li data-start=\"988\" data-end=\"1038\">\n<p data-start=\"991\" data-end=\"1038\">Skub det kompatible batteri ind i holderen.<\/p>\n<\/li>\n<li data-start=\"1039\" data-end=\"1091\">\n<p data-start=\"1042\" data-end=\"1091\">Fjern nemt batteriet, n\u00e5r du har brug for det.<\/p>\n<\/li>\n<\/ol>\n<h2 style=\"text-align: center;\" data-start=\"1098\" data-end=\"1120\">Produktdetaljer<\/h2>\n<ul data-start=\"1122\" data-end=\"1391\">\n<li data-start=\"1171\" data-end=\"1206\">\n<p data-start=\"1173\" data-end=\"1206\">Design: Kompakt og let<\/p>\n<\/li>\n<li data-start=\"1207\" data-end=\"1238\">\n<p data-start=\"1209\" data-end=\"1238\">Installation: Skruemonteret<\/p>\n<\/li>\n<li data-start=\"1239\" data-end=\"1273\">\n<p data-start=\"1241\" data-end=\"1273\">Effekt: Kr\u00e6ver ingen elektricitet<\/p>\n<\/li>\n<li data-start=\"1274\" data-end=\"1293\">\n<p data-start=\"1276\" data-end=\"1293\">Magnetisme: Ingen<\/p>\n<\/li>\n<li data-start=\"1294\" data-end=\"1391\">\n<p data-start=\"1296\" data-end=\"1312\">Kompatibilitet:<\/p>\n<ul data-start=\"1315\" data-end=\"1391\">\n<li data-start=\"1315\" data-end=\"1353\">\n<p data-start=\"1317\" data-end=\"1353\">DeWalt 14,4V \/ 18V \/ 20V batterier<\/p>\n<\/li>\n<li data-start=\"1356\" data-end=\"1391\">\n<p data-start=\"1358\" data-end=\"1391\">Milwaukee 18V lithium batterier<\/p>\n<\/li>\n<\/ul>\n<\/li>\n<li data-start=\"1392\" data-end=\"1416\">\n<p data-start=\"1394\" data-end=\"1416\">St\u00f8rrelse: 11,59 x 7,49 cm<\/p>\n<\/li>\n<\/ul>\n<h2 style=\"text-align: center;\" data-start=\"1398\" data-end=\"1421\">Pakken inkluderer<\/h2>\n<ul data-start=\"1423\" data-end=\"1465\">\n<li data-start=\"1423\" data-end=\"1445\">\n<p data-start=\"1425\" data-end=\"1445\">2, 4, 8x batteriholder<\/p>\n<\/li>\n<li data-start=\"1446\" data-end=\"1465\">\n<p data-start=\"1448\" data-end=\"1465\">8, 16, 32x monteringsskruer.<\/p>\n<\/li>\n<\/ul>\n","protected":false},"excerpt":{"rendered":"<p>\ud83d\udee0\ufe0f Dette DeWalt &amp; Makita batteriholder er designet til sikkert at holde kompatible elv\u00e6rkt\u00f8jsbatterier og holde dem v\u00e6k fra gulvet.<br \/>\n\ud83d\udd0b Den monteres nemt p\u00e5 v\u00e6gge eller overflader, s\u00e5 du f\u00e5r hurtig adgang og samtidig beskytter dine batterier mod skader og rod.<br \/>\n\u2699\ufe0f A enkel og smart l\u00f8sning til at holde dine batterier sikre, synlige og altid klar til brug.<\/p>\n","protected":false},"featured_media":16969,"comment_status":"open","ping_status":"closed","template":"","meta":{"site-sidebar-layout":"default","site-content-layout":"","ast-site-content-layout":"default","site-content-style":"default","site-sidebar-style":"default","ast-global-header-display":"","ast-banner-title-visibility":"","ast-main-header-display":"","ast-hfb-above-header-display":"","ast-hfb-below-header-display":"","ast-hfb-mobile-header-display":"","site-post-title":"","ast-breadcrumbs-content":"","ast-featured-img":"","footer-sml-layout":"","ast-disable-related-posts":"","theme-transparent-header-meta":"default","adv-header-id-meta":"","stick-header-meta":"","header-above-stick-meta":"","header-main-stick-meta":"","header-below-stick-meta":"","astra-migrate-meta-layouts":"set","ast-page-background-enabled":"default","ast-page-background-meta":{"desktop":{"background-color":"var(--ast-global-color-5)","background-image":"","background-repeat":"repeat","background-position":"center center","background-size":"auto","background-attachment":"scroll","background-type":"","background-media":"","overlay-type":"","overlay-color":"","overlay-opacity":"","overlay-gradient":""},"tablet":{"background-color":"","background-image":"","background-repeat":"repeat","background-position":"center center","background-size":"auto","background-attachment":"scroll","background-type":"","background-media":"","overlay-type":"","overlay-color":"","overlay-opacity":"","overlay-gradient":""},"mobile":{"background-color":"","background-image":"","background-repeat":"repeat","background-position":"center center","background-size":"auto","background-attachment":"scroll","background-type":"","background-media":"","overlay-type":"","overlay-color":"","overlay-opacity":"","overlay-gradient":""}},"ast-content-background-meta":{"desktop":{"background-color":"var(--ast-global-color-4)","background-image":"","background-repeat":"repeat","background-position":"center center","background-size":"auto","background-attachment":"scroll","background-type":"","background-media":"","overlay-type":"","overlay-color":"","overlay-opacity":"","overlay-gradient":""},"tablet":{"background-color":"var(--ast-global-color-4)","background-image":"","background-repeat":"repeat","background-position":"center center","background-size":"auto","background-attachment":"scroll","background-type":"","background-media":"","overlay-type":"","overlay-color":"","overlay-opacity":"","overlay-gradient":""},"mobile":{"background-color":"var(--ast-global-color-4)","background-image":"","background-repeat":"repeat","background-position":"center center","background-size":"auto","background-attachment":"scroll","background-type":"","background-media":"","overlay-type":"","overlay-color":"","overlay-opacity":"","overlay-gradient":""}}},"product_brand":[],"product_cat":[171],"product_tag":[],"class_list":{"0":"post-16973","1":"product","2":"type-product","3":"status-publish","4":"has-post-thumbnail","6":"product_cat-vaerktoejer","7":"pa_68745_1nphxzte-gul","8":"pa_68745_1nphxzte-roed","9":"pa_68745_1nphxzte-sort","10":"pa_68745_abvd990v-2-stk","11":"pa_68745_abvd990v-4-stk","12":"pa_68745_abvd990v-8-stk","13":"desktop-align-left","14":"tablet-align-left","15":"mobile-align-left","17":"first","18":"instock","19":"shipping-taxable","20":"purchasable","21":"product-type-variable","22":"has-default-attributes"},"yoast_head":"<!-- This site is optimized with the Yoast SEO plugin v27.4 - https:\/\/yoast.com\/product\/yoast-seo-wordpress\/ -->\n<title>DeWalt &amp; Makita batteriholder - Mekulo DK<\/title>\n<meta name=\"robots\" content=\"index, follow, max-snippet:-1, max-image-preview:large, max-video-preview:-1\" \/>\n<link rel=\"canonical\" href=\"https:\/\/mekulo.com\/dk\/produkt\/dewalt-makita-batteriholder\/\" \/>\n<meta property=\"og:locale\" content=\"da_DK\" \/>\n<meta property=\"og:type\" content=\"article\" \/>\n<meta property=\"og:title\" content=\"DeWalt &amp; Makita batteriholder - Mekulo DK\" \/>\n<meta property=\"og:description\" content=\"\ud83d\udee0\ufe0f Dette DeWalt &amp; Makita batteriholder er designet til sikkert at holde kompatible elv\u00e6rkt\u00f8jsbatterier og holde dem v\u00e6k fra gulvet. \ud83d\udd0b Den monteres nemt p\u00e5 v\u00e6gge eller overflader, s\u00e5 du f\u00e5r hurtig adgang og samtidig beskytter dine batterier mod skader og rod. \u2699\ufe0f A enkel og smart l\u00f8sning til at holde dine batterier sikre, synlige og altid klar til brug.\" \/>\n<meta property=\"og:url\" content=\"https:\/\/mekulo.com\/dk\/produkt\/dewalt-makita-batteriholder\/\" \/>\n<meta property=\"og:site_name\" content=\"Mekulo DK\" \/>\n<meta property=\"article:modified_time\" content=\"2026-01-09T18:44:26+00:00\" \/>\n<meta property=\"og:image\" content=\"https:\/\/mekulo.com\/dk\/wp-content\/uploads\/sites\/12\/2026\/01\/nvatxh6-1.jpeg\" \/>\n\t<meta property=\"og:image:width\" content=\"1000\" \/>\n\t<meta property=\"og:image:height\" content=\"1000\" \/>\n\t<meta property=\"og:image:type\" content=\"image\/jpeg\" \/>\n<meta name=\"twitter:card\" content=\"summary_large_image\" \/>\n<meta name=\"twitter:label1\" content=\"Estimeret l\u00e6setid\" \/>\n\t<meta name=\"twitter:data1\" content=\"2 minutter\" \/>\n<script type=\"application\/ld+json\" class=\"yoast-schema-graph\">{\"@context\":\"https:\\\/\\\/schema.org\",\"@graph\":[{\"@type\":\"WebPage\",\"@id\":\"https:\\\/\\\/mekulo.com\\\/dk\\\/produkt\\\/dewalt-makita-batteriholder\\\/\",\"url\":\"https:\\\/\\\/mekulo.com\\\/dk\\\/produkt\\\/dewalt-makita-batteriholder\\\/\",\"name\":\"DeWalt &amp; Makita batteriholder - Mekulo DK\",\"isPartOf\":{\"@id\":\"https:\\\/\\\/mekulo.com\\\/dk\\\/#website\"},\"primaryImageOfPage\":{\"@id\":\"https:\\\/\\\/mekulo.com\\\/dk\\\/produkt\\\/dewalt-makita-batteriholder\\\/#primaryimage\"},\"image\":{\"@id\":\"https:\\\/\\\/mekulo.com\\\/dk\\\/produkt\\\/dewalt-makita-batteriholder\\\/#primaryimage\"},\"thumbnailUrl\":\"https:\\\/\\\/mekulo.com\\\/dk\\\/wp-content\\\/uploads\\\/sites\\\/12\\\/2026\\\/01\\\/nvatxh6-1.jpeg\",\"datePublished\":\"2026-01-09T18:39:14+00:00\",\"dateModified\":\"2026-01-09T18:44:26+00:00\",\"breadcrumb\":{\"@id\":\"https:\\\/\\\/mekulo.com\\\/dk\\\/produkt\\\/dewalt-makita-batteriholder\\\/#breadcrumb\"},\"inLanguage\":\"da-DK\",\"potentialAction\":[{\"@type\":\"ReadAction\",\"target\":[\"https:\\\/\\\/mekulo.com\\\/dk\\\/produkt\\\/dewalt-makita-batteriholder\\\/\"]}]},{\"@type\":\"ImageObject\",\"inLanguage\":\"da-DK\",\"@id\":\"https:\\\/\\\/mekulo.com\\\/dk\\\/produkt\\\/dewalt-makita-batteriholder\\\/#primaryimage\",\"url\":\"https:\\\/\\\/mekulo.com\\\/dk\\\/wp-content\\\/uploads\\\/sites\\\/12\\\/2026\\\/01\\\/nvatxh6-1.jpeg\",\"contentUrl\":\"https:\\\/\\\/mekulo.com\\\/dk\\\/wp-content\\\/uploads\\\/sites\\\/12\\\/2026\\\/01\\\/nvatxh6-1.jpeg\",\"width\":1000,\"height\":1000},{\"@type\":\"BreadcrumbList\",\"@id\":\"https:\\\/\\\/mekulo.com\\\/dk\\\/produkt\\\/dewalt-makita-batteriholder\\\/#breadcrumb\",\"itemListElement\":[{\"@type\":\"ListItem\",\"position\":1,\"name\":\"Home\",\"item\":\"https:\\\/\\\/mekulo.com\\\/dk\\\/\"},{\"@type\":\"ListItem\",\"position\":2,\"name\":\"Butik\",\"item\":\"https:\\\/\\\/mekulo.com\\\/dk\\\/butik\\\/\"},{\"@type\":\"ListItem\",\"position\":3,\"name\":\"DeWalt &amp; Makita batteriholder\"}]},{\"@type\":\"WebSite\",\"@id\":\"https:\\\/\\\/mekulo.com\\\/dk\\\/#website\",\"url\":\"https:\\\/\\\/mekulo.com\\\/dk\\\/\",\"name\":\"Mekulo DK\",\"description\":\"\",\"publisher\":{\"@id\":\"https:\\\/\\\/mekulo.com\\\/dk\\\/#organization\"},\"potentialAction\":[{\"@type\":\"SearchAction\",\"target\":{\"@type\":\"EntryPoint\",\"urlTemplate\":\"https:\\\/\\\/mekulo.com\\\/dk\\\/?s={search_term_string}\"},\"query-input\":{\"@type\":\"PropertyValueSpecification\",\"valueRequired\":true,\"valueName\":\"search_term_string\"}}],\"inLanguage\":\"da-DK\"},{\"@type\":\"Organization\",\"@id\":\"https:\\\/\\\/mekulo.com\\\/dk\\\/#organization\",\"name\":\"Mekulo\",\"url\":\"https:\\\/\\\/mekulo.com\\\/dk\\\/\",\"logo\":{\"@type\":\"ImageObject\",\"inLanguage\":\"da-DK\",\"@id\":\"https:\\\/\\\/mekulo.com\\\/dk\\\/#\\\/schema\\\/logo\\\/image\\\/\",\"url\":\"https:\\\/\\\/mekulo.com\\\/dk\\\/wp-content\\\/uploads\\\/sites\\\/12\\\/2025\\\/12\\\/favicon_mekulo.png\",\"contentUrl\":\"https:\\\/\\\/mekulo.com\\\/dk\\\/wp-content\\\/uploads\\\/sites\\\/12\\\/2025\\\/12\\\/favicon_mekulo.png\",\"width\":50,\"height\":50,\"caption\":\"Mekulo\"},\"image\":{\"@id\":\"https:\\\/\\\/mekulo.com\\\/dk\\\/#\\\/schema\\\/logo\\\/image\\\/\"}}]}<\/script>\n<!-- \/ Yoast SEO plugin. -->","yoast_head_json":{"title":"DeWalt &amp; Makita batteriholder - Mekulo DK","robots":{"index":"index","follow":"follow","max-snippet":"max-snippet:-1","max-image-preview":"max-image-preview:large","max-video-preview":"max-video-preview:-1"},"canonical":"https:\/\/mekulo.com\/dk\/produkt\/dewalt-makita-batteriholder\/","og_locale":"da_DK","og_type":"article","og_title":"DeWalt &amp; Makita batteriholder - Mekulo DK","og_description":"\ud83d\udee0\ufe0f Dette DeWalt &amp; Makita batteriholder er designet til sikkert at holde kompatible elv\u00e6rkt\u00f8jsbatterier og holde dem v\u00e6k fra gulvet. \ud83d\udd0b Den monteres nemt p\u00e5 v\u00e6gge eller overflader, s\u00e5 du f\u00e5r hurtig adgang og samtidig beskytter dine batterier mod skader og rod. \u2699\ufe0f A enkel og smart l\u00f8sning til at holde dine batterier sikre, synlige og altid klar til brug.","og_url":"https:\/\/mekulo.com\/dk\/produkt\/dewalt-makita-batteriholder\/","og_site_name":"Mekulo DK","article_modified_time":"2026-01-09T18:44:26+00:00","og_image":[{"width":1000,"height":1000,"url":"https:\/\/mekulo.com\/dk\/wp-content\/uploads\/sites\/12\/2026\/01\/nvatxh6-1.jpeg","type":"image\/jpeg"}],"twitter_card":"summary_large_image","twitter_misc":{"Estimeret l\u00e6setid":"2 minutter"},"schema":{"@context":"https:\/\/schema.org","@graph":[{"@type":"WebPage","@id":"https:\/\/mekulo.com\/dk\/produkt\/dewalt-makita-batteriholder\/","url":"https:\/\/mekulo.com\/dk\/produkt\/dewalt-makita-batteriholder\/","name":"DeWalt &amp; Makita batteriholder - Mekulo DK","isPartOf":{"@id":"https:\/\/mekulo.com\/dk\/#website"},"primaryImageOfPage":{"@id":"https:\/\/mekulo.com\/dk\/produkt\/dewalt-makita-batteriholder\/#primaryimage"},"image":{"@id":"https:\/\/mekulo.com\/dk\/produkt\/dewalt-makita-batteriholder\/#primaryimage"},"thumbnailUrl":"https:\/\/mekulo.com\/dk\/wp-content\/uploads\/sites\/12\/2026\/01\/nvatxh6-1.jpeg","datePublished":"2026-01-09T18:39:14+00:00","dateModified":"2026-01-09T18:44:26+00:00","breadcrumb":{"@id":"https:\/\/mekulo.com\/dk\/produkt\/dewalt-makita-batteriholder\/#breadcrumb"},"inLanguage":"da-DK","potentialAction":[{"@type":"ReadAction","target":["https:\/\/mekulo.com\/dk\/produkt\/dewalt-makita-batteriholder\/"]}]},{"@type":"ImageObject","inLanguage":"da-DK","@id":"https:\/\/mekulo.com\/dk\/produkt\/dewalt-makita-batteriholder\/#primaryimage","url":"https:\/\/mekulo.com\/dk\/wp-content\/uploads\/sites\/12\/2026\/01\/nvatxh6-1.jpeg","contentUrl":"https:\/\/mekulo.com\/dk\/wp-content\/uploads\/sites\/12\/2026\/01\/nvatxh6-1.jpeg","width":1000,"height":1000},{"@type":"BreadcrumbList","@id":"https:\/\/mekulo.com\/dk\/produkt\/dewalt-makita-batteriholder\/#breadcrumb","itemListElement":[{"@type":"ListItem","position":1,"name":"Home","item":"https:\/\/mekulo.com\/dk\/"},{"@type":"ListItem","position":2,"name":"Butik","item":"https:\/\/mekulo.com\/dk\/butik\/"},{"@type":"ListItem","position":3,"name":"DeWalt &amp; Makita batteriholder"}]},{"@type":"WebSite","@id":"https:\/\/mekulo.com\/dk\/#website","url":"https:\/\/mekulo.com\/dk\/","name":"Mekulo DK","description":"","publisher":{"@id":"https:\/\/mekulo.com\/dk\/#organization"},"potentialAction":[{"@type":"SearchAction","target":{"@type":"EntryPoint","urlTemplate":"https:\/\/mekulo.com\/dk\/?s={search_term_string}"},"query-input":{"@type":"PropertyValueSpecification","valueRequired":true,"valueName":"search_term_string"}}],"inLanguage":"da-DK"},{"@type":"Organization","@id":"https:\/\/mekulo.com\/dk\/#organization","name":"Mekulo","url":"https:\/\/mekulo.com\/dk\/","logo":{"@type":"ImageObject","inLanguage":"da-DK","@id":"https:\/\/mekulo.com\/dk\/#\/schema\/logo\/image\/","url":"https:\/\/mekulo.com\/dk\/wp-content\/uploads\/sites\/12\/2025\/12\/favicon_mekulo.png","contentUrl":"https:\/\/mekulo.com\/dk\/wp-content\/uploads\/sites\/12\/2025\/12\/favicon_mekulo.png","width":50,"height":50,"caption":"Mekulo"},"image":{"@id":"https:\/\/mekulo.com\/dk\/#\/schema\/logo\/image\/"}}]}},"_links":{"self":[{"href":"https:\/\/mekulo.com\/dk\/wp-json\/wp\/v2\/product\/16973","targetHints":{"allow":["GET"]}}],"collection":[{"href":"https:\/\/mekulo.com\/dk\/wp-json\/wp\/v2\/product"}],"about":[{"href":"https:\/\/mekulo.com\/dk\/wp-json\/wp\/v2\/types\/product"}],"replies":[{"embeddable":true,"href":"https:\/\/mekulo.com\/dk\/wp-json\/wp\/v2\/comments?post=16973"}],"wp:featuredmedia":[{"embeddable":true,"href":"https:\/\/mekulo.com\/dk\/wp-json\/wp\/v2\/media\/16969"}],"wp:attachment":[{"href":"https:\/\/mekulo.com\/dk\/wp-json\/wp\/v2\/media?parent=16973"}],"wp:term":[{"taxonomy":"product_brand","embeddable":true,"href":"https:\/\/mekulo.com\/dk\/wp-json\/wp\/v2\/product_brand?post=16973"},{"taxonomy":"product_cat","embeddable":true,"href":"https:\/\/mekulo.com\/dk\/wp-json\/wp\/v2\/product_cat?post=16973"},{"taxonomy":"product_tag","embeddable":true,"href":"https:\/\/mekulo.com\/dk\/wp-json\/wp\/v2\/product_tag?post=16973"}],"curies":[{"name":"wp","href":"https:\/\/api.w.org\/{rel}","templated":true}]}}