{"id":16955,"date":"2026-01-09T16:19:55","date_gmt":"2026-01-09T14:19:55","guid":{"rendered":"https:\/\/mekulo.com\/dk\/produkt\/mini-desktop-basketball-spil\/"},"modified":"2026-01-10T17:10:32","modified_gmt":"2026-01-10T15:10:32","slug":"mini-desktop-basketball-spil","status":"publish","type":"product","link":"https:\/\/mekulo.com\/dk\/produkt\/mini-desktop-basketball-spil\/","title":{"rendered":"Mini desktop basketball-spil"},"content":{"rendered":"<p style=\"text-align: center;\" data-start=\"0\" data-end=\"62\"><strong data-start=\"0\" data-end=\"62\">Bring basketballsjov i arkadestil til dit skrivebord p\u00e5 f\u00e5 sekunder. \ud83c\udfc0<\/strong><\/p>\n<p data-start=\"64\" data-end=\"275\"><img fetchpriority=\"high\" decoding=\"async\" class=\"size-full wp-image-48318 aligncenter\" src=\"https:\/\/keluvo.com\/template\/wp-content\/uploads\/sites\/5\/2026\/01\/122120-ezgif.com-video-to-webp-converter.webp\" alt=\"\" width=\"500\" height=\"500\" \/><\/p>\n<h2 style=\"text-align: center;\" data-start=\"282\" data-end=\"302\">Vigtigste fordele<\/h2>\n<p data-start=\"306\" data-end=\"379\">\ud83c\udfaf Skydning med \u00e9t tryk &#8211; Enkel kontrol for nem sigtning og skydning.<\/p>\n<p data-start=\"382\" data-end=\"453\">\u23f1\ufe0f Automatisk scoring &amp; timer &#8211; 60-sekunders udfordring sporer hver kurv.<\/p>\n<p data-start=\"456\" data-end=\"530\">\ud83d\udd0a Lys &amp; lydeffekter &#8211; Jublende lyde g\u00f8r hvert skud sp\u00e6ndende.<\/p>\n<p data-start=\"533\" data-end=\"604\">\ud83e\ude99 M\u00f8ntaktiveret spil &#8211; Start hver runde som et rigtigt arkadespil.<\/p>\n<p data-start=\"607\" data-end=\"674\">\ud83d\udc68\u200d\ud83d\udc69\u200d\ud83d\udc67 Sjov for alle aldre &#8211; Perfekt til b\u00f8rn, teenagere og voksne.<br \/>\n<img decoding=\"async\" class=\"size-full wp-image-48319 aligncenter\" src=\"https:\/\/keluvo.com\/template\/wp-content\/uploads\/sites\/5\/2026\/01\/122119-ezgif.com-video-to-webp-converter.webp\" alt=\"\" width=\"500\" height=\"500\" \/><\/p>\n<h2 style=\"text-align: center;\" data-start=\"681\" data-end=\"698\">S\u00e5dan bruges<\/h2>\n<ol data-start=\"700\" data-end=\"957\">\n<li data-start=\"700\" data-end=\"759\">\n<p data-start=\"703\" data-end=\"759\">Inds\u00e6t 3x AA-batterier.<\/p>\n<\/li>\n<li data-start=\"760\" data-end=\"801\">\n<p data-start=\"763\" data-end=\"801\">Inds\u00e6t en spillem\u00f8nt for at starte en runde.<\/p>\n<\/li>\n<li data-start=\"802\" data-end=\"849\">\n<p data-start=\"805\" data-end=\"849\">Tryk p\u00e5 knappen for at skyde basketballene.<\/p>\n<\/li>\n<li data-start=\"850\" data-end=\"906\">\n<p data-start=\"853\" data-end=\"906\">F\u00e5 s\u00e5 mange point som muligt inden for 60 sekunder.<\/p>\n<\/li>\n<li data-start=\"907\" data-end=\"957\">\n<p data-start=\"910\" data-end=\"957\">Tjek din score og pr\u00f8v at sl\u00e5 den i n\u00e6ste runde.<\/p>\n<\/li>\n<\/ol>\n<h2 style=\"text-align: center;\" data-start=\"964\" data-end=\"986\">Produktdetaljer<\/h2>\n<ul data-start=\"988\" data-end=\"1220\">\n<li data-start=\"1035\" data-end=\"1083\">\n<p data-start=\"1037\" data-end=\"1083\">Material: ABS-plast, elektroniske komponenter<\/p>\n<\/li>\n<li data-start=\"1084\" data-end=\"1138\">\n<p data-start=\"1086\" data-end=\"1138\">St\u00f8rrelse: 22,2 x 15 x 15,7 cm<\/p>\n<\/li>\n<li data-start=\"1139\" data-end=\"1168\">\n<p data-start=\"1141\" data-end=\"1168\">Anbefalet alder: 3+ \u00e5r<\/p>\n<\/li>\n<li data-start=\"1169\" data-end=\"1220\">\n<p data-start=\"1171\" data-end=\"1220\">Str\u00f8m: 3x AA-batterier<\/p>\n<\/li>\n<\/ul>\n<h2 style=\"text-align: center;\" data-start=\"1227\" data-end=\"1250\">Pakken indeholder<\/h2>\n<ul data-start=\"1252\" data-end=\"1342\">\n<li data-start=\"1252\" data-end=\"1296\">Alternativ A: 1x mini station\u00e6r basketball-spillemaskine, 10x mini basketbolde<\/li>\n<li data-start=\"1252\" data-end=\"1296\">Alternativ B: 1x mini station\u00e6r basketball-spillemaskine, 10x mini basketbolde, 12x spillem\u00f8nter.<\/li>\n<\/ul>\n","protected":false},"excerpt":{"rendered":"<p>Dette mini-basketballspil til skrivebordet leverer hurtigt, sp\u00e6ndende spil med lys, lyde og automatisk scoring. Det er nemt at bruge, sjovt for alle aldre og perfekt til hurtige spil derhjemme, p\u00e5 kontoret eller med vennerne. Perfekt som gave eller som et sjovt skrivebordsspil, der giver \u00f8jeblikkelig sp\u00e6nding overalt.<\/p>\n","protected":false},"featured_media":16951,"comment_status":"open","ping_status":"closed","template":"","meta":{"site-sidebar-layout":"default","site-content-layout":"","ast-site-content-layout":"default","site-content-style":"default","site-sidebar-style":"default","ast-global-header-display":"","ast-banner-title-visibility":"","ast-main-header-display":"","ast-hfb-above-header-display":"","ast-hfb-below-header-display":"","ast-hfb-mobile-header-display":"","site-post-title":"","ast-breadcrumbs-content":"","ast-featured-img":"","footer-sml-layout":"","ast-disable-related-posts":"","theme-transparent-header-meta":"default","adv-header-id-meta":"","stick-header-meta":"","header-above-stick-meta":"","header-main-stick-meta":"","header-below-stick-meta":"","astra-migrate-meta-layouts":"set","ast-page-background-enabled":"default","ast-page-background-meta":{"desktop":{"background-color":"var(--ast-global-color-5)","background-image":"","background-repeat":"repeat","background-position":"center center","background-size":"auto","background-attachment":"scroll","background-type":"","background-media":"","overlay-type":"","overlay-color":"","overlay-opacity":"","overlay-gradient":""},"tablet":{"background-color":"","background-image":"","background-repeat":"repeat","background-position":"center center","background-size":"auto","background-attachment":"scroll","background-type":"","background-media":"","overlay-type":"","overlay-color":"","overlay-opacity":"","overlay-gradient":""},"mobile":{"background-color":"","background-image":"","background-repeat":"repeat","background-position":"center center","background-size":"auto","background-attachment":"scroll","background-type":"","background-media":"","overlay-type":"","overlay-color":"","overlay-opacity":"","overlay-gradient":""}},"ast-content-background-meta":{"desktop":{"background-color":"var(--ast-global-color-4)","background-image":"","background-repeat":"repeat","background-position":"center center","background-size":"auto","background-attachment":"scroll","background-type":"","background-media":"","overlay-type":"","overlay-color":"","overlay-opacity":"","overlay-gradient":""},"tablet":{"background-color":"var(--ast-global-color-4)","background-image":"","background-repeat":"repeat","background-position":"center center","background-size":"auto","background-attachment":"scroll","background-type":"","background-media":"","overlay-type":"","overlay-color":"","overlay-opacity":"","overlay-gradient":""},"mobile":{"background-color":"var(--ast-global-color-4)","background-image":"","background-repeat":"repeat","background-position":"center center","background-size":"auto","background-attachment":"scroll","background-type":"","background-media":"","overlay-type":"","overlay-color":"","overlay-opacity":"","overlay-gradient":""}}},"product_brand":[],"product_cat":[172],"product_tag":[],"class_list":{"0":"post-16955","1":"product","2":"type-product","3":"status-publish","4":"has-post-thumbnail","6":"product_cat-legetoej-boerne-og-babyprodukter","7":"pa_66599_bk4p9636-a","8":"pa_66599_bk4p9636-b","9":"desktop-align-left","10":"tablet-align-left","11":"mobile-align-left","13":"first","14":"instock","15":"shipping-taxable","16":"purchasable","17":"product-type-variable"},"yoast_head":"<!-- This site is optimized with the Yoast SEO plugin v27.4 - https:\/\/yoast.com\/product\/yoast-seo-wordpress\/ -->\n<title>Mini desktop basketball-spil - Mekulo DK<\/title>\n<meta name=\"robots\" content=\"index, follow, max-snippet:-1, max-image-preview:large, max-video-preview:-1\" \/>\n<link rel=\"canonical\" href=\"https:\/\/mekulo.com\/dk\/produkt\/mini-desktop-basketball-spil\/\" \/>\n<meta property=\"og:locale\" content=\"da_DK\" \/>\n<meta property=\"og:type\" content=\"article\" \/>\n<meta property=\"og:title\" content=\"Mini desktop basketball-spil - Mekulo DK\" \/>\n<meta property=\"og:description\" content=\"Dette mini-basketballspil til skrivebordet leverer hurtigt, sp\u00e6ndende spil med lys, lyde og automatisk scoring. Det er nemt at bruge, sjovt for alle aldre og perfekt til hurtige spil derhjemme, p\u00e5 kontoret eller med vennerne. Perfekt som gave eller som et sjovt skrivebordsspil, der giver \u00f8jeblikkelig sp\u00e6nding overalt.\" \/>\n<meta property=\"og:url\" content=\"https:\/\/mekulo.com\/dk\/produkt\/mini-desktop-basketball-spil\/\" \/>\n<meta property=\"og:site_name\" content=\"Mekulo DK\" \/>\n<meta property=\"article:modified_time\" content=\"2026-01-10T15:10:32+00:00\" \/>\n<meta property=\"og:image\" content=\"https:\/\/mekulo.com\/dk\/wp-content\/uploads\/sites\/12\/2026\/01\/5eed28b-1.webp\" \/>\n\t<meta property=\"og:image:width\" content=\"713\" \/>\n\t<meta property=\"og:image:height\" content=\"713\" \/>\n\t<meta property=\"og:image:type\" content=\"image\/webp\" \/>\n<meta name=\"twitter:card\" content=\"summary_large_image\" \/>\n<meta name=\"twitter:label1\" content=\"Estimeret l\u00e6setid\" \/>\n\t<meta name=\"twitter:data1\" content=\"2 minutter\" \/>\n<script type=\"application\/ld+json\" class=\"yoast-schema-graph\">{\"@context\":\"https:\\\/\\\/schema.org\",\"@graph\":[{\"@type\":\"WebPage\",\"@id\":\"https:\\\/\\\/mekulo.com\\\/dk\\\/produkt\\\/mini-desktop-basketball-spil\\\/\",\"url\":\"https:\\\/\\\/mekulo.com\\\/dk\\\/produkt\\\/mini-desktop-basketball-spil\\\/\",\"name\":\"Mini desktop basketball-spil - Mekulo DK\",\"isPartOf\":{\"@id\":\"https:\\\/\\\/mekulo.com\\\/dk\\\/#website\"},\"primaryImageOfPage\":{\"@id\":\"https:\\\/\\\/mekulo.com\\\/dk\\\/produkt\\\/mini-desktop-basketball-spil\\\/#primaryimage\"},\"image\":{\"@id\":\"https:\\\/\\\/mekulo.com\\\/dk\\\/produkt\\\/mini-desktop-basketball-spil\\\/#primaryimage\"},\"thumbnailUrl\":\"https:\\\/\\\/mekulo.com\\\/dk\\\/wp-content\\\/uploads\\\/sites\\\/12\\\/2026\\\/01\\\/5eed28b-1.webp\",\"datePublished\":\"2026-01-09T14:19:55+00:00\",\"dateModified\":\"2026-01-10T15:10:32+00:00\",\"breadcrumb\":{\"@id\":\"https:\\\/\\\/mekulo.com\\\/dk\\\/produkt\\\/mini-desktop-basketball-spil\\\/#breadcrumb\"},\"inLanguage\":\"da-DK\",\"potentialAction\":[{\"@type\":\"ReadAction\",\"target\":[\"https:\\\/\\\/mekulo.com\\\/dk\\\/produkt\\\/mini-desktop-basketball-spil\\\/\"]}]},{\"@type\":\"ImageObject\",\"inLanguage\":\"da-DK\",\"@id\":\"https:\\\/\\\/mekulo.com\\\/dk\\\/produkt\\\/mini-desktop-basketball-spil\\\/#primaryimage\",\"url\":\"https:\\\/\\\/mekulo.com\\\/dk\\\/wp-content\\\/uploads\\\/sites\\\/12\\\/2026\\\/01\\\/5eed28b-1.webp\",\"contentUrl\":\"https:\\\/\\\/mekulo.com\\\/dk\\\/wp-content\\\/uploads\\\/sites\\\/12\\\/2026\\\/01\\\/5eed28b-1.webp\",\"width\":713,\"height\":713},{\"@type\":\"BreadcrumbList\",\"@id\":\"https:\\\/\\\/mekulo.com\\\/dk\\\/produkt\\\/mini-desktop-basketball-spil\\\/#breadcrumb\",\"itemListElement\":[{\"@type\":\"ListItem\",\"position\":1,\"name\":\"Home\",\"item\":\"https:\\\/\\\/mekulo.com\\\/dk\\\/\"},{\"@type\":\"ListItem\",\"position\":2,\"name\":\"Butik\",\"item\":\"https:\\\/\\\/mekulo.com\\\/dk\\\/butik\\\/\"},{\"@type\":\"ListItem\",\"position\":3,\"name\":\"Mini desktop basketball-spil\"}]},{\"@type\":\"WebSite\",\"@id\":\"https:\\\/\\\/mekulo.com\\\/dk\\\/#website\",\"url\":\"https:\\\/\\\/mekulo.com\\\/dk\\\/\",\"name\":\"Mekulo DK\",\"description\":\"\",\"publisher\":{\"@id\":\"https:\\\/\\\/mekulo.com\\\/dk\\\/#organization\"},\"potentialAction\":[{\"@type\":\"SearchAction\",\"target\":{\"@type\":\"EntryPoint\",\"urlTemplate\":\"https:\\\/\\\/mekulo.com\\\/dk\\\/?s={search_term_string}\"},\"query-input\":{\"@type\":\"PropertyValueSpecification\",\"valueRequired\":true,\"valueName\":\"search_term_string\"}}],\"inLanguage\":\"da-DK\"},{\"@type\":\"Organization\",\"@id\":\"https:\\\/\\\/mekulo.com\\\/dk\\\/#organization\",\"name\":\"Mekulo\",\"url\":\"https:\\\/\\\/mekulo.com\\\/dk\\\/\",\"logo\":{\"@type\":\"ImageObject\",\"inLanguage\":\"da-DK\",\"@id\":\"https:\\\/\\\/mekulo.com\\\/dk\\\/#\\\/schema\\\/logo\\\/image\\\/\",\"url\":\"https:\\\/\\\/mekulo.com\\\/dk\\\/wp-content\\\/uploads\\\/sites\\\/12\\\/2025\\\/12\\\/favicon_mekulo.png\",\"contentUrl\":\"https:\\\/\\\/mekulo.com\\\/dk\\\/wp-content\\\/uploads\\\/sites\\\/12\\\/2025\\\/12\\\/favicon_mekulo.png\",\"width\":50,\"height\":50,\"caption\":\"Mekulo\"},\"image\":{\"@id\":\"https:\\\/\\\/mekulo.com\\\/dk\\\/#\\\/schema\\\/logo\\\/image\\\/\"}}]}<\/script>\n<!-- \/ Yoast SEO plugin. -->","yoast_head_json":{"title":"Mini desktop basketball-spil - Mekulo DK","robots":{"index":"index","follow":"follow","max-snippet":"max-snippet:-1","max-image-preview":"max-image-preview:large","max-video-preview":"max-video-preview:-1"},"canonical":"https:\/\/mekulo.com\/dk\/produkt\/mini-desktop-basketball-spil\/","og_locale":"da_DK","og_type":"article","og_title":"Mini desktop basketball-spil - Mekulo DK","og_description":"Dette mini-basketballspil til skrivebordet leverer hurtigt, sp\u00e6ndende spil med lys, lyde og automatisk scoring. Det er nemt at bruge, sjovt for alle aldre og perfekt til hurtige spil derhjemme, p\u00e5 kontoret eller med vennerne. Perfekt som gave eller som et sjovt skrivebordsspil, der giver \u00f8jeblikkelig sp\u00e6nding overalt.","og_url":"https:\/\/mekulo.com\/dk\/produkt\/mini-desktop-basketball-spil\/","og_site_name":"Mekulo DK","article_modified_time":"2026-01-10T15:10:32+00:00","og_image":[{"width":713,"height":713,"url":"https:\/\/mekulo.com\/dk\/wp-content\/uploads\/sites\/12\/2026\/01\/5eed28b-1.webp","type":"image\/webp"}],"twitter_card":"summary_large_image","twitter_misc":{"Estimeret l\u00e6setid":"2 minutter"},"schema":{"@context":"https:\/\/schema.org","@graph":[{"@type":"WebPage","@id":"https:\/\/mekulo.com\/dk\/produkt\/mini-desktop-basketball-spil\/","url":"https:\/\/mekulo.com\/dk\/produkt\/mini-desktop-basketball-spil\/","name":"Mini desktop basketball-spil - Mekulo DK","isPartOf":{"@id":"https:\/\/mekulo.com\/dk\/#website"},"primaryImageOfPage":{"@id":"https:\/\/mekulo.com\/dk\/produkt\/mini-desktop-basketball-spil\/#primaryimage"},"image":{"@id":"https:\/\/mekulo.com\/dk\/produkt\/mini-desktop-basketball-spil\/#primaryimage"},"thumbnailUrl":"https:\/\/mekulo.com\/dk\/wp-content\/uploads\/sites\/12\/2026\/01\/5eed28b-1.webp","datePublished":"2026-01-09T14:19:55+00:00","dateModified":"2026-01-10T15:10:32+00:00","breadcrumb":{"@id":"https:\/\/mekulo.com\/dk\/produkt\/mini-desktop-basketball-spil\/#breadcrumb"},"inLanguage":"da-DK","potentialAction":[{"@type":"ReadAction","target":["https:\/\/mekulo.com\/dk\/produkt\/mini-desktop-basketball-spil\/"]}]},{"@type":"ImageObject","inLanguage":"da-DK","@id":"https:\/\/mekulo.com\/dk\/produkt\/mini-desktop-basketball-spil\/#primaryimage","url":"https:\/\/mekulo.com\/dk\/wp-content\/uploads\/sites\/12\/2026\/01\/5eed28b-1.webp","contentUrl":"https:\/\/mekulo.com\/dk\/wp-content\/uploads\/sites\/12\/2026\/01\/5eed28b-1.webp","width":713,"height":713},{"@type":"BreadcrumbList","@id":"https:\/\/mekulo.com\/dk\/produkt\/mini-desktop-basketball-spil\/#breadcrumb","itemListElement":[{"@type":"ListItem","position":1,"name":"Home","item":"https:\/\/mekulo.com\/dk\/"},{"@type":"ListItem","position":2,"name":"Butik","item":"https:\/\/mekulo.com\/dk\/butik\/"},{"@type":"ListItem","position":3,"name":"Mini desktop basketball-spil"}]},{"@type":"WebSite","@id":"https:\/\/mekulo.com\/dk\/#website","url":"https:\/\/mekulo.com\/dk\/","name":"Mekulo DK","description":"","publisher":{"@id":"https:\/\/mekulo.com\/dk\/#organization"},"potentialAction":[{"@type":"SearchAction","target":{"@type":"EntryPoint","urlTemplate":"https:\/\/mekulo.com\/dk\/?s={search_term_string}"},"query-input":{"@type":"PropertyValueSpecification","valueRequired":true,"valueName":"search_term_string"}}],"inLanguage":"da-DK"},{"@type":"Organization","@id":"https:\/\/mekulo.com\/dk\/#organization","name":"Mekulo","url":"https:\/\/mekulo.com\/dk\/","logo":{"@type":"ImageObject","inLanguage":"da-DK","@id":"https:\/\/mekulo.com\/dk\/#\/schema\/logo\/image\/","url":"https:\/\/mekulo.com\/dk\/wp-content\/uploads\/sites\/12\/2025\/12\/favicon_mekulo.png","contentUrl":"https:\/\/mekulo.com\/dk\/wp-content\/uploads\/sites\/12\/2025\/12\/favicon_mekulo.png","width":50,"height":50,"caption":"Mekulo"},"image":{"@id":"https:\/\/mekulo.com\/dk\/#\/schema\/logo\/image\/"}}]}},"_links":{"self":[{"href":"https:\/\/mekulo.com\/dk\/wp-json\/wp\/v2\/product\/16955","targetHints":{"allow":["GET"]}}],"collection":[{"href":"https:\/\/mekulo.com\/dk\/wp-json\/wp\/v2\/product"}],"about":[{"href":"https:\/\/mekulo.com\/dk\/wp-json\/wp\/v2\/types\/product"}],"replies":[{"embeddable":true,"href":"https:\/\/mekulo.com\/dk\/wp-json\/wp\/v2\/comments?post=16955"}],"wp:featuredmedia":[{"embeddable":true,"href":"https:\/\/mekulo.com\/dk\/wp-json\/wp\/v2\/media\/16951"}],"wp:attachment":[{"href":"https:\/\/mekulo.com\/dk\/wp-json\/wp\/v2\/media?parent=16955"}],"wp:term":[{"taxonomy":"product_brand","embeddable":true,"href":"https:\/\/mekulo.com\/dk\/wp-json\/wp\/v2\/product_brand?post=16955"},{"taxonomy":"product_cat","embeddable":true,"href":"https:\/\/mekulo.com\/dk\/wp-json\/wp\/v2\/product_cat?post=16955"},{"taxonomy":"product_tag","embeddable":true,"href":"https:\/\/mekulo.com\/dk\/wp-json\/wp\/v2\/product_tag?post=16955"}],"curies":[{"name":"wp","href":"https:\/\/api.w.org\/{rel}","templated":true}]}}