{"id":16934,"date":"2026-01-09T16:18:31","date_gmt":"2026-01-09T14:18:31","guid":{"rendered":"https:\/\/mekulo.com\/dk\/produkt\/elektronisk-maaleske\/"},"modified":"2026-01-10T17:07:01","modified_gmt":"2026-01-10T15:07:01","slug":"elektronisk-maaleske","status":"publish","type":"product","link":"https:\/\/mekulo.com\/dk\/produkt\/elektronisk-maaleske\/","title":{"rendered":"Elektronisk m\u00e5leske"},"content":{"rendered":"<p style=\"text-align: center;\" data-start=\"0\" data-end=\"67\"><strong data-start=\"0\" data-end=\"67\">M\u00e5l ingredienser n\u00f8jagtigt hver gang med en smart ske. \ud83e\udd44<\/strong><\/p>\n<p data-start=\"69\" data-end=\"313\"><img fetchpriority=\"high\" decoding=\"async\" class=\"size-full wp-image-48299 aligncenter\" src=\"https:\/\/keluvo.com\/template\/wp-content\/uploads\/sites\/5\/2026\/01\/122118-ezgif.com-video-to-webp-converter.webp\" alt=\"\" width=\"500\" height=\"500\" \/><\/p>\n<h2 style=\"text-align: center;\" data-start=\"320\" data-end=\"340\">Vigtigste fordele<\/h2>\n<p data-start=\"344\" data-end=\"408\">\u2696\ufe0f Vejning med h\u00f8j pr\u00e6cision &#8211; M\u00e5ler fra 0,5 g op til 500 g.<\/p>\n<p data-start=\"411\" data-end=\"478\">\ud83d\udcfa Klart LED-display &#8211; Letl\u00e6selig sk\u00e6rm viser n\u00f8jagtig v\u00e6gt.<\/p>\n<p data-start=\"481\" data-end=\"547\">\ud83d\udd04 Flere enheder &#8211; Skift mellem gram (g) og ounces (oz).<\/p>\n<p data-start=\"550\" data-end=\"624\">\ud83e\uddfc Aftagelig &amp; nem at reng\u00f8re &#8211; Skehovedet fjernes for hurtig vask.<\/p>\n<p data-start=\"627\" data-end=\"691\">\ud83d\udd0b Automatisk slukning &#8211; Sparer p\u00e5 batteriet efter 2 minutter uden brug.<\/p>\n<p data-start=\"627\" data-end=\"691\"><img decoding=\"async\" class=\"size-full wp-image-48301 aligncenter\" src=\"https:\/\/keluvo.com\/template\/wp-content\/uploads\/sites\/5\/2026\/01\/122117-ezgif.com-video-to-gif-converter.gif\" alt=\"\" width=\"500\" height=\"500\" \/><\/p>\n<h2 style=\"text-align: center;\" data-start=\"698\" data-end=\"718\">S\u00e5dan bruges<\/h2>\n<ol data-start=\"720\" data-end=\"980\">\n<li data-start=\"720\" data-end=\"764\">\n<p data-start=\"723\" data-end=\"764\">Ins\u00e6t et CR2032-batteri (medf\u00f8lger ikke).<\/p>\n<\/li>\n<li data-start=\"765\" data-end=\"811\">\n<p data-start=\"768\" data-end=\"811\">T\u00e6nd for skeen med t\u00e6nd\/sluk-knappen.<\/p>\n<\/li>\n<li data-start=\"812\" data-end=\"853\">\n<p data-start=\"815\" data-end=\"853\">L\u00e6g ingrediensen i skeen.<\/p>\n<\/li>\n<li data-start=\"854\" data-end=\"911\">\n<p data-start=\"857\" data-end=\"911\">Brug tarafunktionen til at nulstille v\u00e6gten, hvis det er n\u00f8dvendigt.<\/p>\n<\/li>\n<li data-start=\"912\" data-end=\"951\">\n<p data-start=\"915\" data-end=\"951\">L\u00e6s resultatet p\u00e5 LED-sk\u00e6rmen.<\/p>\n<\/li>\n<li data-start=\"952\" data-end=\"980\">\n<p data-start=\"955\" data-end=\"980\">Skift enhed, hvis det er n\u00f8dvendigt.<\/p>\n<\/li>\n<\/ol>\n<h2 style=\"text-align: center;\" data-start=\"987\" data-end=\"1009\">Produktdetaljer<\/h2>\n<ul data-start=\"1011\" data-end=\"1269\">\n<li data-start=\"1056\" data-end=\"1087\">\n<p data-start=\"1058\" data-end=\"1087\">V\u00e6gteomr\u00e5de: 0,5g &#8211; 500g<\/p>\n<\/li>\n<li data-start=\"1088\" data-end=\"1117\">\n<p data-start=\"1090\" data-end=\"1117\">M\u00e5leenheder: g \/ oz<\/p>\n<\/li>\n<li data-start=\"1118\" data-end=\"1141\">\n<p data-start=\"1120\" data-end=\"1141\">Display: LED-sk\u00e6rm<\/p>\n<\/li>\n<li data-start=\"1142\" data-end=\"1195\">\n<p data-start=\"1144\" data-end=\"1195\">Batteri: 1x CR2032 knapbatteri (medf\u00f8lger ikke)<\/p>\n<\/li>\n<li data-start=\"1196\" data-end=\"1231\">\n<p data-start=\"1198\" data-end=\"1231\">Automatisk slukning: Efter ~2 minutter<\/p>\n<\/li>\n<li data-start=\"1232\" data-end=\"1269\">\n<p data-start=\"1234\" data-end=\"1269\">Anvendelse: Faste og flydende ingredienser<\/p>\n<\/li>\n<li data-start=\"1232\" data-end=\"1269\">St\u00f8rrelse: 15,5 x 7 x 5,8 cm<\/li>\n<\/ul>\n<h2 style=\"text-align: center;\" data-start=\"1276\" data-end=\"1299\">Pakken indeholder<\/h2>\n<ul data-start=\"1301\" data-end=\"1360\" data-is-last-node=\"\" data-is-only-node=\"\">\n<li data-start=\"1301\" data-end=\"1360\" data-is-last-node=\"\">\n<p data-start=\"1303\" data-end=\"1360\" data-is-last-node=\"\">1x elektronisk m\u00e5leske.<\/p>\n<\/li>\n<\/ul>\n","protected":false},"excerpt":{"rendered":"<p>Denne elektroniske m\u00e5leske kombinerer en digital v\u00e6gt og en ske i \u00e9t v\u00e6rkt\u00f8j, hvilket g\u00f8r det nemt at afveje sm\u00e5 m\u00e6ngder ingredienser med stor pr\u00e6cision. Den er perfekt til madlavning, bagning, slankekure og andre opgaver, hvor pr\u00e6cise m\u00e5l er vigtige.<\/p>\n","protected":false},"featured_media":16930,"comment_status":"open","ping_status":"closed","template":"","meta":{"site-sidebar-layout":"default","site-content-layout":"","ast-site-content-layout":"default","site-content-style":"default","site-sidebar-style":"default","ast-global-header-display":"","ast-banner-title-visibility":"","ast-main-header-display":"","ast-hfb-above-header-display":"","ast-hfb-below-header-display":"","ast-hfb-mobile-header-display":"","site-post-title":"","ast-breadcrumbs-content":"","ast-featured-img":"","footer-sml-layout":"","ast-disable-related-posts":"","theme-transparent-header-meta":"default","adv-header-id-meta":"","stick-header-meta":"","header-above-stick-meta":"","header-main-stick-meta":"","header-below-stick-meta":"","astra-migrate-meta-layouts":"set","ast-page-background-enabled":"default","ast-page-background-meta":{"desktop":{"background-color":"var(--ast-global-color-5)","background-image":"","background-repeat":"repeat","background-position":"center center","background-size":"auto","background-attachment":"scroll","background-type":"","background-media":"","overlay-type":"","overlay-color":"","overlay-opacity":"","overlay-gradient":""},"tablet":{"background-color":"","background-image":"","background-repeat":"repeat","background-position":"center center","background-size":"auto","background-attachment":"scroll","background-type":"","background-media":"","overlay-type":"","overlay-color":"","overlay-opacity":"","overlay-gradient":""},"mobile":{"background-color":"","background-image":"","background-repeat":"repeat","background-position":"center center","background-size":"auto","background-attachment":"scroll","background-type":"","background-media":"","overlay-type":"","overlay-color":"","overlay-opacity":"","overlay-gradient":""}},"ast-content-background-meta":{"desktop":{"background-color":"var(--ast-global-color-4)","background-image":"","background-repeat":"repeat","background-position":"center center","background-size":"auto","background-attachment":"scroll","background-type":"","background-media":"","overlay-type":"","overlay-color":"","overlay-opacity":"","overlay-gradient":""},"tablet":{"background-color":"var(--ast-global-color-4)","background-image":"","background-repeat":"repeat","background-position":"center center","background-size":"auto","background-attachment":"scroll","background-type":"","background-media":"","overlay-type":"","overlay-color":"","overlay-opacity":"","overlay-gradient":""},"mobile":{"background-color":"var(--ast-global-color-4)","background-image":"","background-repeat":"repeat","background-position":"center center","background-size":"auto","background-attachment":"scroll","background-type":"","background-media":"","overlay-type":"","overlay-color":"","overlay-opacity":"","overlay-gradient":""}}},"product_brand":[],"product_cat":[168],"product_tag":[],"class_list":{"0":"post-16934","1":"product","2":"type-product","3":"status-publish","4":"has-post-thumbnail","6":"product_cat-husholdningsartikler","7":"pa_66567_6etpuk8e-groen","8":"pa_66567_6etpuk8e-hvid","9":"pa_66567_6etpuk8e-lysegroen","10":"pa_66567_6etpuk8e-lyseroed","11":"pa_66567_6etpuk8e-roed","12":"pa_66567_6etpuk8e-sort","13":"desktop-align-left","14":"tablet-align-left","15":"mobile-align-left","17":"first","18":"instock","19":"shipping-taxable","20":"purchasable","21":"product-type-variable"},"yoast_head":"<!-- This site is optimized with the Yoast SEO plugin v27.4 - https:\/\/yoast.com\/product\/yoast-seo-wordpress\/ -->\n<title>Elektronisk m\u00e5leske - Mekulo DK<\/title>\n<meta name=\"robots\" content=\"index, follow, max-snippet:-1, max-image-preview:large, max-video-preview:-1\" \/>\n<link rel=\"canonical\" href=\"https:\/\/mekulo.com\/dk\/produkt\/elektronisk-maaleske\/\" \/>\n<meta property=\"og:locale\" content=\"da_DK\" \/>\n<meta property=\"og:type\" content=\"article\" \/>\n<meta property=\"og:title\" content=\"Elektronisk m\u00e5leske - Mekulo DK\" \/>\n<meta property=\"og:description\" content=\"Denne elektroniske m\u00e5leske kombinerer en digital v\u00e6gt og en ske i \u00e9t v\u00e6rkt\u00f8j, hvilket g\u00f8r det nemt at afveje sm\u00e5 m\u00e6ngder ingredienser med stor pr\u00e6cision. Den er perfekt til madlavning, bagning, slankekure og andre opgaver, hvor pr\u00e6cise m\u00e5l er vigtige.\" \/>\n<meta property=\"og:url\" content=\"https:\/\/mekulo.com\/dk\/produkt\/elektronisk-maaleske\/\" \/>\n<meta property=\"og:site_name\" content=\"Mekulo DK\" \/>\n<meta property=\"article:modified_time\" content=\"2026-01-10T15:07:01+00:00\" \/>\n<meta property=\"og:image\" content=\"https:\/\/mekulo.com\/dk\/wp-content\/uploads\/sites\/12\/2026\/01\/w0bxkxc-1.jpg\" \/>\n\t<meta property=\"og:image:width\" content=\"1080\" \/>\n\t<meta property=\"og:image:height\" content=\"1080\" \/>\n\t<meta property=\"og:image:type\" content=\"image\/jpeg\" \/>\n<meta name=\"twitter:card\" content=\"summary_large_image\" \/>\n<meta name=\"twitter:label1\" content=\"Estimeret l\u00e6setid\" \/>\n\t<meta name=\"twitter:data1\" content=\"2 minutter\" \/>\n<script type=\"application\/ld+json\" class=\"yoast-schema-graph\">{\"@context\":\"https:\\\/\\\/schema.org\",\"@graph\":[{\"@type\":\"WebPage\",\"@id\":\"https:\\\/\\\/mekulo.com\\\/dk\\\/produkt\\\/elektronisk-maaleske\\\/\",\"url\":\"https:\\\/\\\/mekulo.com\\\/dk\\\/produkt\\\/elektronisk-maaleske\\\/\",\"name\":\"Elektronisk m\u00e5leske - Mekulo DK\",\"isPartOf\":{\"@id\":\"https:\\\/\\\/mekulo.com\\\/dk\\\/#website\"},\"primaryImageOfPage\":{\"@id\":\"https:\\\/\\\/mekulo.com\\\/dk\\\/produkt\\\/elektronisk-maaleske\\\/#primaryimage\"},\"image\":{\"@id\":\"https:\\\/\\\/mekulo.com\\\/dk\\\/produkt\\\/elektronisk-maaleske\\\/#primaryimage\"},\"thumbnailUrl\":\"https:\\\/\\\/mekulo.com\\\/dk\\\/wp-content\\\/uploads\\\/sites\\\/12\\\/2026\\\/01\\\/w0bxkxc-1.jpg\",\"datePublished\":\"2026-01-09T14:18:31+00:00\",\"dateModified\":\"2026-01-10T15:07:01+00:00\",\"breadcrumb\":{\"@id\":\"https:\\\/\\\/mekulo.com\\\/dk\\\/produkt\\\/elektronisk-maaleske\\\/#breadcrumb\"},\"inLanguage\":\"da-DK\",\"potentialAction\":[{\"@type\":\"ReadAction\",\"target\":[\"https:\\\/\\\/mekulo.com\\\/dk\\\/produkt\\\/elektronisk-maaleske\\\/\"]}]},{\"@type\":\"ImageObject\",\"inLanguage\":\"da-DK\",\"@id\":\"https:\\\/\\\/mekulo.com\\\/dk\\\/produkt\\\/elektronisk-maaleske\\\/#primaryimage\",\"url\":\"https:\\\/\\\/mekulo.com\\\/dk\\\/wp-content\\\/uploads\\\/sites\\\/12\\\/2026\\\/01\\\/w0bxkxc-1.jpg\",\"contentUrl\":\"https:\\\/\\\/mekulo.com\\\/dk\\\/wp-content\\\/uploads\\\/sites\\\/12\\\/2026\\\/01\\\/w0bxkxc-1.jpg\",\"width\":1080,\"height\":1080},{\"@type\":\"BreadcrumbList\",\"@id\":\"https:\\\/\\\/mekulo.com\\\/dk\\\/produkt\\\/elektronisk-maaleske\\\/#breadcrumb\",\"itemListElement\":[{\"@type\":\"ListItem\",\"position\":1,\"name\":\"Home\",\"item\":\"https:\\\/\\\/mekulo.com\\\/dk\\\/\"},{\"@type\":\"ListItem\",\"position\":2,\"name\":\"Butik\",\"item\":\"https:\\\/\\\/mekulo.com\\\/dk\\\/butik\\\/\"},{\"@type\":\"ListItem\",\"position\":3,\"name\":\"Elektronisk m\u00e5leske\"}]},{\"@type\":\"WebSite\",\"@id\":\"https:\\\/\\\/mekulo.com\\\/dk\\\/#website\",\"url\":\"https:\\\/\\\/mekulo.com\\\/dk\\\/\",\"name\":\"Mekulo DK\",\"description\":\"\",\"publisher\":{\"@id\":\"https:\\\/\\\/mekulo.com\\\/dk\\\/#organization\"},\"potentialAction\":[{\"@type\":\"SearchAction\",\"target\":{\"@type\":\"EntryPoint\",\"urlTemplate\":\"https:\\\/\\\/mekulo.com\\\/dk\\\/?s={search_term_string}\"},\"query-input\":{\"@type\":\"PropertyValueSpecification\",\"valueRequired\":true,\"valueName\":\"search_term_string\"}}],\"inLanguage\":\"da-DK\"},{\"@type\":\"Organization\",\"@id\":\"https:\\\/\\\/mekulo.com\\\/dk\\\/#organization\",\"name\":\"Mekulo\",\"url\":\"https:\\\/\\\/mekulo.com\\\/dk\\\/\",\"logo\":{\"@type\":\"ImageObject\",\"inLanguage\":\"da-DK\",\"@id\":\"https:\\\/\\\/mekulo.com\\\/dk\\\/#\\\/schema\\\/logo\\\/image\\\/\",\"url\":\"https:\\\/\\\/mekulo.com\\\/dk\\\/wp-content\\\/uploads\\\/sites\\\/12\\\/2025\\\/12\\\/favicon_mekulo.png\",\"contentUrl\":\"https:\\\/\\\/mekulo.com\\\/dk\\\/wp-content\\\/uploads\\\/sites\\\/12\\\/2025\\\/12\\\/favicon_mekulo.png\",\"width\":50,\"height\":50,\"caption\":\"Mekulo\"},\"image\":{\"@id\":\"https:\\\/\\\/mekulo.com\\\/dk\\\/#\\\/schema\\\/logo\\\/image\\\/\"}}]}<\/script>\n<!-- \/ Yoast SEO plugin. -->","yoast_head_json":{"title":"Elektronisk m\u00e5leske - Mekulo DK","robots":{"index":"index","follow":"follow","max-snippet":"max-snippet:-1","max-image-preview":"max-image-preview:large","max-video-preview":"max-video-preview:-1"},"canonical":"https:\/\/mekulo.com\/dk\/produkt\/elektronisk-maaleske\/","og_locale":"da_DK","og_type":"article","og_title":"Elektronisk m\u00e5leske - Mekulo DK","og_description":"Denne elektroniske m\u00e5leske kombinerer en digital v\u00e6gt og en ske i \u00e9t v\u00e6rkt\u00f8j, hvilket g\u00f8r det nemt at afveje sm\u00e5 m\u00e6ngder ingredienser med stor pr\u00e6cision. Den er perfekt til madlavning, bagning, slankekure og andre opgaver, hvor pr\u00e6cise m\u00e5l er vigtige.","og_url":"https:\/\/mekulo.com\/dk\/produkt\/elektronisk-maaleske\/","og_site_name":"Mekulo DK","article_modified_time":"2026-01-10T15:07:01+00:00","og_image":[{"width":1080,"height":1080,"url":"https:\/\/mekulo.com\/dk\/wp-content\/uploads\/sites\/12\/2026\/01\/w0bxkxc-1.jpg","type":"image\/jpeg"}],"twitter_card":"summary_large_image","twitter_misc":{"Estimeret l\u00e6setid":"2 minutter"},"schema":{"@context":"https:\/\/schema.org","@graph":[{"@type":"WebPage","@id":"https:\/\/mekulo.com\/dk\/produkt\/elektronisk-maaleske\/","url":"https:\/\/mekulo.com\/dk\/produkt\/elektronisk-maaleske\/","name":"Elektronisk m\u00e5leske - Mekulo DK","isPartOf":{"@id":"https:\/\/mekulo.com\/dk\/#website"},"primaryImageOfPage":{"@id":"https:\/\/mekulo.com\/dk\/produkt\/elektronisk-maaleske\/#primaryimage"},"image":{"@id":"https:\/\/mekulo.com\/dk\/produkt\/elektronisk-maaleske\/#primaryimage"},"thumbnailUrl":"https:\/\/mekulo.com\/dk\/wp-content\/uploads\/sites\/12\/2026\/01\/w0bxkxc-1.jpg","datePublished":"2026-01-09T14:18:31+00:00","dateModified":"2026-01-10T15:07:01+00:00","breadcrumb":{"@id":"https:\/\/mekulo.com\/dk\/produkt\/elektronisk-maaleske\/#breadcrumb"},"inLanguage":"da-DK","potentialAction":[{"@type":"ReadAction","target":["https:\/\/mekulo.com\/dk\/produkt\/elektronisk-maaleske\/"]}]},{"@type":"ImageObject","inLanguage":"da-DK","@id":"https:\/\/mekulo.com\/dk\/produkt\/elektronisk-maaleske\/#primaryimage","url":"https:\/\/mekulo.com\/dk\/wp-content\/uploads\/sites\/12\/2026\/01\/w0bxkxc-1.jpg","contentUrl":"https:\/\/mekulo.com\/dk\/wp-content\/uploads\/sites\/12\/2026\/01\/w0bxkxc-1.jpg","width":1080,"height":1080},{"@type":"BreadcrumbList","@id":"https:\/\/mekulo.com\/dk\/produkt\/elektronisk-maaleske\/#breadcrumb","itemListElement":[{"@type":"ListItem","position":1,"name":"Home","item":"https:\/\/mekulo.com\/dk\/"},{"@type":"ListItem","position":2,"name":"Butik","item":"https:\/\/mekulo.com\/dk\/butik\/"},{"@type":"ListItem","position":3,"name":"Elektronisk m\u00e5leske"}]},{"@type":"WebSite","@id":"https:\/\/mekulo.com\/dk\/#website","url":"https:\/\/mekulo.com\/dk\/","name":"Mekulo DK","description":"","publisher":{"@id":"https:\/\/mekulo.com\/dk\/#organization"},"potentialAction":[{"@type":"SearchAction","target":{"@type":"EntryPoint","urlTemplate":"https:\/\/mekulo.com\/dk\/?s={search_term_string}"},"query-input":{"@type":"PropertyValueSpecification","valueRequired":true,"valueName":"search_term_string"}}],"inLanguage":"da-DK"},{"@type":"Organization","@id":"https:\/\/mekulo.com\/dk\/#organization","name":"Mekulo","url":"https:\/\/mekulo.com\/dk\/","logo":{"@type":"ImageObject","inLanguage":"da-DK","@id":"https:\/\/mekulo.com\/dk\/#\/schema\/logo\/image\/","url":"https:\/\/mekulo.com\/dk\/wp-content\/uploads\/sites\/12\/2025\/12\/favicon_mekulo.png","contentUrl":"https:\/\/mekulo.com\/dk\/wp-content\/uploads\/sites\/12\/2025\/12\/favicon_mekulo.png","width":50,"height":50,"caption":"Mekulo"},"image":{"@id":"https:\/\/mekulo.com\/dk\/#\/schema\/logo\/image\/"}}]}},"_links":{"self":[{"href":"https:\/\/mekulo.com\/dk\/wp-json\/wp\/v2\/product\/16934","targetHints":{"allow":["GET"]}}],"collection":[{"href":"https:\/\/mekulo.com\/dk\/wp-json\/wp\/v2\/product"}],"about":[{"href":"https:\/\/mekulo.com\/dk\/wp-json\/wp\/v2\/types\/product"}],"replies":[{"embeddable":true,"href":"https:\/\/mekulo.com\/dk\/wp-json\/wp\/v2\/comments?post=16934"}],"wp:featuredmedia":[{"embeddable":true,"href":"https:\/\/mekulo.com\/dk\/wp-json\/wp\/v2\/media\/16930"}],"wp:attachment":[{"href":"https:\/\/mekulo.com\/dk\/wp-json\/wp\/v2\/media?parent=16934"}],"wp:term":[{"taxonomy":"product_brand","embeddable":true,"href":"https:\/\/mekulo.com\/dk\/wp-json\/wp\/v2\/product_brand?post=16934"},{"taxonomy":"product_cat","embeddable":true,"href":"https:\/\/mekulo.com\/dk\/wp-json\/wp\/v2\/product_cat?post=16934"},{"taxonomy":"product_tag","embeddable":true,"href":"https:\/\/mekulo.com\/dk\/wp-json\/wp\/v2\/product_tag?post=16934"}],"curies":[{"name":"wp","href":"https:\/\/api.w.org\/{rel}","templated":true}]}}