{"id":16917,"date":"2026-01-09T16:17:09","date_gmt":"2026-01-09T14:17:09","guid":{"rendered":"https:\/\/mekulo.com\/dk\/produkt\/sammenklappelig-fodbadekar\/"},"modified":"2026-01-22T17:53:46","modified_gmt":"2026-01-22T15:53:46","slug":"sammenklappelig-fodbadekar","status":"publish","type":"product","link":"https:\/\/mekulo.com\/dk\/produkt\/sammenklappelig-fodbadekar\/","title":{"rendered":"Sammenklappelig fodbadekar"},"content":{"rendered":"<p style=\"text-align: center;\" data-start=\"0\" data-end=\"49\"><strong data-start=\"0\" data-end=\"49\">Nyd Et Afslappende Fodbad Hvor Som Helst, N\u00e5r Som Helst. \ud83d\udca6\ud83e\uddb6<\/strong><\/p>\n<p data-start=\"51\" data-end=\"271\"><img fetchpriority=\"high\" decoding=\"async\" class=\"size-full wp-image-48286 aligncenter\" src=\"https:\/\/keluvo.com\/template\/wp-content\/uploads\/sites\/5\/2026\/01\/122115-ezgif.com-video-to-webp-converter.webp\" alt=\"\" width=\"500\" height=\"500\" \/><\/p>\n<h2 style=\"text-align: center;\" data-start=\"278\" data-end=\"298\"><strong>\ud83e\uddb6 Vigtigste fordele<\/strong><\/h2>\n<p data-start=\"302\" data-end=\"372\">\ud83e\uddf3 B\u00e6rbar og sammenklappelig &#8211; Let at b\u00e6re og opbevare, n\u00e5r den ikke er i brug.<\/p>\n<p data-start=\"375\" data-end=\"443\">\ud83d\udca7 Vandt\u00e6t i dobbelt lag &#8211; L\u00e6kagesikker og sikker til varmt vand.<\/p>\n<p data-start=\"446\" data-end=\"506\">\ud83d\udd25 Varmebestandig &#8211; Holder p\u00e5 varmt vand uden at deformere.<\/p>\n<p data-start=\"509\" data-end=\"573\">\ud83e\uddfc Let at reng\u00f8re &#8211; Glat indre overflade til enkel skylning.<\/p>\n<p data-start=\"576\" data-end=\"652\">\ud83c\udf0d Multifunktionel brug &#8211; Perfekt til hjemmet, rejser, camping eller strandture.<\/p>\n<p data-start=\"576\" data-end=\"652\"><img decoding=\"async\" class=\"size-full wp-image-48285 aligncenter\" src=\"https:\/\/keluvo.com\/template\/wp-content\/uploads\/sites\/5\/2026\/01\/122116-ezgif.com-video-to-webp-converter.webp\" alt=\"\" width=\"500\" height=\"500\" \/><\/p>\n<h2 style=\"text-align: center;\" data-start=\"659\" data-end=\"676\"><strong>\ud83e\uddf4 S\u00e5dan Bruges<\/strong><\/h2>\n<ol data-start=\"678\" data-end=\"881\">\n<li data-start=\"678\" data-end=\"716\">\n<p data-start=\"681\" data-end=\"716\">Fold fodbadet helt ud.<\/p>\n<\/li>\n<li data-start=\"717\" data-end=\"749\">\n<p data-start=\"720\" data-end=\"749\">Placer det p\u00e5 en flad overflade.<\/p>\n<\/li>\n<li data-start=\"750\" data-end=\"806\">\n<p data-start=\"753\" data-end=\"806\">Fyld med varmt eller varmt vand til et behageligt niveau.<\/p>\n<\/li>\n<li data-start=\"807\" data-end=\"837\">\n<p data-start=\"810\" data-end=\"837\">L\u00e6g f\u00f8dderne i bl\u00f8d og slap af.<\/p>\n<\/li>\n<li data-start=\"838\" data-end=\"881\">\n<p data-start=\"841\" data-end=\"881\">T\u00f8m, skyl, fold og opbevar efter brug.<\/p>\n<\/li>\n<\/ol>\n<h2 style=\"text-align: center;\" data-start=\"888\" data-end=\"910\"><strong>\ud83d\udccf Produktdetaljer<\/strong><\/h2>\n<ul data-start=\"912\" data-end=\"1195\">\n<li data-start=\"958\" data-end=\"1008\">\n<p data-start=\"960\" data-end=\"1008\">Materiale: Dobbeltlags-PVC + forst\u00e6rket stof<\/p>\n<\/li>\n<li data-start=\"1009\" data-end=\"1063\">\n<p data-start=\"1011\" data-end=\"1063\">Design: Foldbar, h\u00f8jdeforst\u00e6rket, benindpakningsform<\/p>\n<\/li>\n<li data-start=\"1064\" data-end=\"1083\">\n<p data-start=\"1066\" data-end=\"1083\">Diameter: 32 cm<\/p>\n<\/li>\n<li data-start=\"1084\" data-end=\"1101\">\n<p data-start=\"1086\" data-end=\"1101\">H\u00f8jde: 43 cm<\/p>\n<\/li>\n<li data-start=\"1102\" data-end=\"1121\">\n<p data-start=\"1104\" data-end=\"1121\">Vandt\u00e6t: Ja<\/p>\n<\/li>\n<li data-start=\"1122\" data-end=\"1145\">\n<p data-start=\"1124\" data-end=\"1145\">Varmebestandig: Ja<\/p>\n<\/li>\n<li data-start=\"1146\" data-end=\"1195\">\n<p data-start=\"1148\" data-end=\"1195\">Brug: Fodbad, rejser, udend\u00f8rs aktiviteter<\/p>\n<\/li>\n<\/ul>\n<h2 style=\"text-align: center;\" data-start=\"1202\" data-end=\"1225\"><strong>\ud83d\udce6 Pakken indeholder<\/strong><\/h2>\n<ul data-start=\"1227\" data-end=\"1260\" data-is-last-node=\"\" data-is-only-node=\"\">\n<li data-start=\"1227\" data-end=\"1260\" data-is-last-node=\"\">\n<p data-start=\"1229\" data-end=\"1260\" data-is-last-node=\"\">1x sammenklappelig fodbadsbassin.<\/p>\n<\/li>\n<\/ul>\n","protected":false},"excerpt":{"rendered":"<p>Med dette sammenklappelige fodbad kan du l\u00e6gge f\u00f8dderne i bl\u00f8d og vaske dem komfortabelt derhjemme eller p\u00e5 farten. Det foldbare, vandt\u00e6tte design g\u00f8r det nemt at b\u00e6re, opbevare og bruge, hvor som helst du har brug for hurtig fodpleje og afslapning.<\/p>\n","protected":false},"featured_media":16913,"comment_status":"open","ping_status":"closed","template":"","meta":{"site-sidebar-layout":"default","site-content-layout":"","ast-site-content-layout":"default","site-content-style":"default","site-sidebar-style":"default","ast-global-header-display":"","ast-banner-title-visibility":"","ast-main-header-display":"","ast-hfb-above-header-display":"","ast-hfb-below-header-display":"","ast-hfb-mobile-header-display":"","site-post-title":"","ast-breadcrumbs-content":"","ast-featured-img":"","footer-sml-layout":"","ast-disable-related-posts":"","theme-transparent-header-meta":"default","adv-header-id-meta":"","stick-header-meta":"","header-above-stick-meta":"","header-main-stick-meta":"","header-below-stick-meta":"","astra-migrate-meta-layouts":"set","ast-page-background-enabled":"default","ast-page-background-meta":{"desktop":{"background-color":"var(--ast-global-color-5)","background-image":"","background-repeat":"repeat","background-position":"center center","background-size":"auto","background-attachment":"scroll","background-type":"","background-media":"","overlay-type":"","overlay-color":"","overlay-opacity":"","overlay-gradient":""},"tablet":{"background-color":"","background-image":"","background-repeat":"repeat","background-position":"center center","background-size":"auto","background-attachment":"scroll","background-type":"","background-media":"","overlay-type":"","overlay-color":"","overlay-opacity":"","overlay-gradient":""},"mobile":{"background-color":"","background-image":"","background-repeat":"repeat","background-position":"center center","background-size":"auto","background-attachment":"scroll","background-type":"","background-media":"","overlay-type":"","overlay-color":"","overlay-opacity":"","overlay-gradient":""}},"ast-content-background-meta":{"desktop":{"background-color":"var(--ast-global-color-4)","background-image":"","background-repeat":"repeat","background-position":"center center","background-size":"auto","background-attachment":"scroll","background-type":"","background-media":"","overlay-type":"","overlay-color":"","overlay-opacity":"","overlay-gradient":""},"tablet":{"background-color":"var(--ast-global-color-4)","background-image":"","background-repeat":"repeat","background-position":"center center","background-size":"auto","background-attachment":"scroll","background-type":"","background-media":"","overlay-type":"","overlay-color":"","overlay-opacity":"","overlay-gradient":""},"mobile":{"background-color":"var(--ast-global-color-4)","background-image":"","background-repeat":"repeat","background-position":"center center","background-size":"auto","background-attachment":"scroll","background-type":"","background-media":"","overlay-type":"","overlay-color":"","overlay-opacity":"","overlay-gradient":""}}},"product_brand":[],"product_cat":[168],"product_tag":[],"class_list":{"0":"post-16917","1":"product","2":"type-product","3":"status-publish","4":"has-post-thumbnail","6":"product_cat-husholdningsartikler","7":"pa_66548_g79jnd9m-blaa","8":"pa_66548_g79jnd9m-graa","9":"pa_66548_g79jnd9m-lyseroed","10":"pa_66548_g79jnd9m-sort","11":"desktop-align-left","12":"tablet-align-left","13":"mobile-align-left","15":"first","16":"instock","17":"shipping-taxable","18":"purchasable","19":"product-type-variable"},"yoast_head":"<!-- This site is optimized with the Yoast SEO plugin v27.4 - https:\/\/yoast.com\/product\/yoast-seo-wordpress\/ -->\n<title>Sammenklappelig fodbadekar - Mekulo DK<\/title>\n<meta name=\"robots\" content=\"index, follow, max-snippet:-1, max-image-preview:large, max-video-preview:-1\" \/>\n<link rel=\"canonical\" href=\"https:\/\/mekulo.com\/dk\/produkt\/sammenklappelig-fodbadekar\/\" \/>\n<meta property=\"og:locale\" content=\"da_DK\" \/>\n<meta property=\"og:type\" content=\"article\" \/>\n<meta property=\"og:title\" content=\"Sammenklappelig fodbadekar - Mekulo DK\" \/>\n<meta property=\"og:description\" content=\"Med dette sammenklappelige fodbad kan du l\u00e6gge f\u00f8dderne i bl\u00f8d og vaske dem komfortabelt derhjemme eller p\u00e5 farten. Det foldbare, vandt\u00e6tte design g\u00f8r det nemt at b\u00e6re, opbevare og bruge, hvor som helst du har brug for hurtig fodpleje og afslapning.\" \/>\n<meta property=\"og:url\" content=\"https:\/\/mekulo.com\/dk\/produkt\/sammenklappelig-fodbadekar\/\" \/>\n<meta property=\"og:site_name\" content=\"Mekulo DK\" \/>\n<meta property=\"article:modified_time\" content=\"2026-01-22T15:53:46+00:00\" \/>\n<meta property=\"og:image\" content=\"https:\/\/mekulo.com\/dk\/wp-content\/uploads\/sites\/12\/2026\/01\/gzrrrhn-1.webp\" \/>\n\t<meta property=\"og:image:width\" content=\"800\" \/>\n\t<meta property=\"og:image:height\" content=\"800\" \/>\n\t<meta property=\"og:image:type\" content=\"image\/webp\" \/>\n<meta name=\"twitter:card\" content=\"summary_large_image\" \/>\n<meta name=\"twitter:label1\" content=\"Estimeret l\u00e6setid\" \/>\n\t<meta name=\"twitter:data1\" content=\"2 minutter\" \/>\n<script type=\"application\/ld+json\" class=\"yoast-schema-graph\">{\"@context\":\"https:\\\/\\\/schema.org\",\"@graph\":[{\"@type\":\"WebPage\",\"@id\":\"https:\\\/\\\/mekulo.com\\\/dk\\\/produkt\\\/sammenklappelig-fodbadekar\\\/\",\"url\":\"https:\\\/\\\/mekulo.com\\\/dk\\\/produkt\\\/sammenklappelig-fodbadekar\\\/\",\"name\":\"Sammenklappelig fodbadekar - Mekulo DK\",\"isPartOf\":{\"@id\":\"https:\\\/\\\/mekulo.com\\\/dk\\\/#website\"},\"primaryImageOfPage\":{\"@id\":\"https:\\\/\\\/mekulo.com\\\/dk\\\/produkt\\\/sammenklappelig-fodbadekar\\\/#primaryimage\"},\"image\":{\"@id\":\"https:\\\/\\\/mekulo.com\\\/dk\\\/produkt\\\/sammenklappelig-fodbadekar\\\/#primaryimage\"},\"thumbnailUrl\":\"https:\\\/\\\/mekulo.com\\\/dk\\\/wp-content\\\/uploads\\\/sites\\\/12\\\/2026\\\/01\\\/gzrrrhn-1.webp\",\"datePublished\":\"2026-01-09T14:17:09+00:00\",\"dateModified\":\"2026-01-22T15:53:46+00:00\",\"breadcrumb\":{\"@id\":\"https:\\\/\\\/mekulo.com\\\/dk\\\/produkt\\\/sammenklappelig-fodbadekar\\\/#breadcrumb\"},\"inLanguage\":\"da-DK\",\"potentialAction\":[{\"@type\":\"ReadAction\",\"target\":[\"https:\\\/\\\/mekulo.com\\\/dk\\\/produkt\\\/sammenklappelig-fodbadekar\\\/\"]}]},{\"@type\":\"ImageObject\",\"inLanguage\":\"da-DK\",\"@id\":\"https:\\\/\\\/mekulo.com\\\/dk\\\/produkt\\\/sammenklappelig-fodbadekar\\\/#primaryimage\",\"url\":\"https:\\\/\\\/mekulo.com\\\/dk\\\/wp-content\\\/uploads\\\/sites\\\/12\\\/2026\\\/01\\\/gzrrrhn-1.webp\",\"contentUrl\":\"https:\\\/\\\/mekulo.com\\\/dk\\\/wp-content\\\/uploads\\\/sites\\\/12\\\/2026\\\/01\\\/gzrrrhn-1.webp\",\"width\":800,\"height\":800},{\"@type\":\"BreadcrumbList\",\"@id\":\"https:\\\/\\\/mekulo.com\\\/dk\\\/produkt\\\/sammenklappelig-fodbadekar\\\/#breadcrumb\",\"itemListElement\":[{\"@type\":\"ListItem\",\"position\":1,\"name\":\"Home\",\"item\":\"https:\\\/\\\/mekulo.com\\\/dk\\\/\"},{\"@type\":\"ListItem\",\"position\":2,\"name\":\"Butik\",\"item\":\"https:\\\/\\\/mekulo.com\\\/dk\\\/butik\\\/\"},{\"@type\":\"ListItem\",\"position\":3,\"name\":\"Sammenklappelig fodbadekar\"}]},{\"@type\":\"WebSite\",\"@id\":\"https:\\\/\\\/mekulo.com\\\/dk\\\/#website\",\"url\":\"https:\\\/\\\/mekulo.com\\\/dk\\\/\",\"name\":\"Mekulo DK\",\"description\":\"\",\"publisher\":{\"@id\":\"https:\\\/\\\/mekulo.com\\\/dk\\\/#organization\"},\"potentialAction\":[{\"@type\":\"SearchAction\",\"target\":{\"@type\":\"EntryPoint\",\"urlTemplate\":\"https:\\\/\\\/mekulo.com\\\/dk\\\/?s={search_term_string}\"},\"query-input\":{\"@type\":\"PropertyValueSpecification\",\"valueRequired\":true,\"valueName\":\"search_term_string\"}}],\"inLanguage\":\"da-DK\"},{\"@type\":\"Organization\",\"@id\":\"https:\\\/\\\/mekulo.com\\\/dk\\\/#organization\",\"name\":\"Mekulo\",\"url\":\"https:\\\/\\\/mekulo.com\\\/dk\\\/\",\"logo\":{\"@type\":\"ImageObject\",\"inLanguage\":\"da-DK\",\"@id\":\"https:\\\/\\\/mekulo.com\\\/dk\\\/#\\\/schema\\\/logo\\\/image\\\/\",\"url\":\"https:\\\/\\\/mekulo.com\\\/dk\\\/wp-content\\\/uploads\\\/sites\\\/12\\\/2025\\\/12\\\/favicon_mekulo.png\",\"contentUrl\":\"https:\\\/\\\/mekulo.com\\\/dk\\\/wp-content\\\/uploads\\\/sites\\\/12\\\/2025\\\/12\\\/favicon_mekulo.png\",\"width\":50,\"height\":50,\"caption\":\"Mekulo\"},\"image\":{\"@id\":\"https:\\\/\\\/mekulo.com\\\/dk\\\/#\\\/schema\\\/logo\\\/image\\\/\"}}]}<\/script>\n<!-- \/ Yoast SEO plugin. -->","yoast_head_json":{"title":"Sammenklappelig fodbadekar - Mekulo DK","robots":{"index":"index","follow":"follow","max-snippet":"max-snippet:-1","max-image-preview":"max-image-preview:large","max-video-preview":"max-video-preview:-1"},"canonical":"https:\/\/mekulo.com\/dk\/produkt\/sammenklappelig-fodbadekar\/","og_locale":"da_DK","og_type":"article","og_title":"Sammenklappelig fodbadekar - Mekulo DK","og_description":"Med dette sammenklappelige fodbad kan du l\u00e6gge f\u00f8dderne i bl\u00f8d og vaske dem komfortabelt derhjemme eller p\u00e5 farten. Det foldbare, vandt\u00e6tte design g\u00f8r det nemt at b\u00e6re, opbevare og bruge, hvor som helst du har brug for hurtig fodpleje og afslapning.","og_url":"https:\/\/mekulo.com\/dk\/produkt\/sammenklappelig-fodbadekar\/","og_site_name":"Mekulo DK","article_modified_time":"2026-01-22T15:53:46+00:00","og_image":[{"width":800,"height":800,"url":"https:\/\/mekulo.com\/dk\/wp-content\/uploads\/sites\/12\/2026\/01\/gzrrrhn-1.webp","type":"image\/webp"}],"twitter_card":"summary_large_image","twitter_misc":{"Estimeret l\u00e6setid":"2 minutter"},"schema":{"@context":"https:\/\/schema.org","@graph":[{"@type":"WebPage","@id":"https:\/\/mekulo.com\/dk\/produkt\/sammenklappelig-fodbadekar\/","url":"https:\/\/mekulo.com\/dk\/produkt\/sammenklappelig-fodbadekar\/","name":"Sammenklappelig fodbadekar - Mekulo DK","isPartOf":{"@id":"https:\/\/mekulo.com\/dk\/#website"},"primaryImageOfPage":{"@id":"https:\/\/mekulo.com\/dk\/produkt\/sammenklappelig-fodbadekar\/#primaryimage"},"image":{"@id":"https:\/\/mekulo.com\/dk\/produkt\/sammenklappelig-fodbadekar\/#primaryimage"},"thumbnailUrl":"https:\/\/mekulo.com\/dk\/wp-content\/uploads\/sites\/12\/2026\/01\/gzrrrhn-1.webp","datePublished":"2026-01-09T14:17:09+00:00","dateModified":"2026-01-22T15:53:46+00:00","breadcrumb":{"@id":"https:\/\/mekulo.com\/dk\/produkt\/sammenklappelig-fodbadekar\/#breadcrumb"},"inLanguage":"da-DK","potentialAction":[{"@type":"ReadAction","target":["https:\/\/mekulo.com\/dk\/produkt\/sammenklappelig-fodbadekar\/"]}]},{"@type":"ImageObject","inLanguage":"da-DK","@id":"https:\/\/mekulo.com\/dk\/produkt\/sammenklappelig-fodbadekar\/#primaryimage","url":"https:\/\/mekulo.com\/dk\/wp-content\/uploads\/sites\/12\/2026\/01\/gzrrrhn-1.webp","contentUrl":"https:\/\/mekulo.com\/dk\/wp-content\/uploads\/sites\/12\/2026\/01\/gzrrrhn-1.webp","width":800,"height":800},{"@type":"BreadcrumbList","@id":"https:\/\/mekulo.com\/dk\/produkt\/sammenklappelig-fodbadekar\/#breadcrumb","itemListElement":[{"@type":"ListItem","position":1,"name":"Home","item":"https:\/\/mekulo.com\/dk\/"},{"@type":"ListItem","position":2,"name":"Butik","item":"https:\/\/mekulo.com\/dk\/butik\/"},{"@type":"ListItem","position":3,"name":"Sammenklappelig fodbadekar"}]},{"@type":"WebSite","@id":"https:\/\/mekulo.com\/dk\/#website","url":"https:\/\/mekulo.com\/dk\/","name":"Mekulo DK","description":"","publisher":{"@id":"https:\/\/mekulo.com\/dk\/#organization"},"potentialAction":[{"@type":"SearchAction","target":{"@type":"EntryPoint","urlTemplate":"https:\/\/mekulo.com\/dk\/?s={search_term_string}"},"query-input":{"@type":"PropertyValueSpecification","valueRequired":true,"valueName":"search_term_string"}}],"inLanguage":"da-DK"},{"@type":"Organization","@id":"https:\/\/mekulo.com\/dk\/#organization","name":"Mekulo","url":"https:\/\/mekulo.com\/dk\/","logo":{"@type":"ImageObject","inLanguage":"da-DK","@id":"https:\/\/mekulo.com\/dk\/#\/schema\/logo\/image\/","url":"https:\/\/mekulo.com\/dk\/wp-content\/uploads\/sites\/12\/2025\/12\/favicon_mekulo.png","contentUrl":"https:\/\/mekulo.com\/dk\/wp-content\/uploads\/sites\/12\/2025\/12\/favicon_mekulo.png","width":50,"height":50,"caption":"Mekulo"},"image":{"@id":"https:\/\/mekulo.com\/dk\/#\/schema\/logo\/image\/"}}]}},"_links":{"self":[{"href":"https:\/\/mekulo.com\/dk\/wp-json\/wp\/v2\/product\/16917","targetHints":{"allow":["GET"]}}],"collection":[{"href":"https:\/\/mekulo.com\/dk\/wp-json\/wp\/v2\/product"}],"about":[{"href":"https:\/\/mekulo.com\/dk\/wp-json\/wp\/v2\/types\/product"}],"replies":[{"embeddable":true,"href":"https:\/\/mekulo.com\/dk\/wp-json\/wp\/v2\/comments?post=16917"}],"wp:featuredmedia":[{"embeddable":true,"href":"https:\/\/mekulo.com\/dk\/wp-json\/wp\/v2\/media\/16913"}],"wp:attachment":[{"href":"https:\/\/mekulo.com\/dk\/wp-json\/wp\/v2\/media?parent=16917"}],"wp:term":[{"taxonomy":"product_brand","embeddable":true,"href":"https:\/\/mekulo.com\/dk\/wp-json\/wp\/v2\/product_brand?post=16917"},{"taxonomy":"product_cat","embeddable":true,"href":"https:\/\/mekulo.com\/dk\/wp-json\/wp\/v2\/product_cat?post=16917"},{"taxonomy":"product_tag","embeddable":true,"href":"https:\/\/mekulo.com\/dk\/wp-json\/wp\/v2\/product_tag?post=16917"}],"curies":[{"name":"wp","href":"https:\/\/api.w.org\/{rel}","templated":true}]}}